{"id":9263,"date":"2022-06-02T15:36:31","date_gmt":"2022-06-02T15:36:31","guid":{"rendered":"https:\/\/cpatacabamcdev.wpengine.com\/?page_id=9263"},"modified":"2024-08-28T15:04:38","modified_gmt":"2024-08-28T15:04:38","slug":"reamenagement-des-examens","status":"publish","type":"page","link":"https:\/\/cpata-cabamc.ca\/fr\/a-propos-de-nous\/initiatives\/reamenagement-des-examens\/","title":{"rendered":"R\u00e9am\u00e9nagement des examens"},"content":{"rendered":"\t\t<div data-elementor-type=\"wp-page\" data-elementor-id=\"9263\" class=\"elementor elementor-9263 elementor-9099\" data-elementor-post-type=\"page\">\n\t\t\t\t\t\t<section class=\"elementor-section elementor-top-section elementor-element elementor-element-2b403a0 elementor-section-boxed elementor-section-height-default elementor-section-height-default\" data-id=\"2b403a0\" data-element_type=\"section\" data-e-type=\"section\">\n\t\t\t\t\t\t<div class=\"elementor-container elementor-column-gap-default\">\n\t\t\t\t\t<div class=\"elementor-column elementor-col-100 elementor-top-column elementor-element elementor-element-aa4b284\" data-id=\"aa4b284\" data-element_type=\"column\" data-e-type=\"column\">\n\t\t\t<div class=\"elementor-widget-wrap elementor-element-populated\">\n\t\t\t\t\t\t<div class=\"elementor-element elementor-element-c0b4984 elementor-widget elementor-widget-text-editor\" data-id=\"c0b4984\" data-element_type=\"widget\" data-e-type=\"widget\" data-widget_type=\"text-editor.default\">\n\t\t\t\t<div class=\"elementor-widget-container\">\n\t\t\t\t\t\t\t\t\t<p><span data-contrast=\"auto\">Lorsque le CABAMC a \u00e9t\u00e9 cr\u00e9\u00e9 en tant qu\u2019organisme d\u2019int\u00e9r\u00eat public ind\u00e9pendant destin\u00e9 \u00e0 r\u00e9glementer la profession des agent(e)s de brevets et des agent(e)s de marques, l\u2019une de ses principales responsabilit\u00e9s a \u00e9t\u00e9 la prestation des examens de comp\u00e9tence. \u00c0 ce moment-l\u00e0, les exigences d\u2019acc\u00e8s \u00e0 la profession, y compris les examens, \u00e9taient rest\u00e9es largement inchang\u00e9es pendant de nombreuses ann\u00e9es, et les parties prenantes de la propri\u00e9t\u00e9 intellectuelle ont exprim\u00e9 des inqui\u00e9tudes \u00e0 ce sujet en raison des faibles taux de r\u00e9ussite. Le CABAMC a commenc\u00e9 \u00e0 revoir les examens pour s\u2019assurer qu\u2019ils \u00e9taient transparents, \u00e9quitables, d\u00e9fendables et capables de pr\u00e9parer les agent(e)s en formation \u00e0 leur future pratique.<\/span><span data-ccp-props=\"{&quot;201341983&quot;:0,&quot;335559739&quot;:160,&quot;335559740&quot;:259}\">\u00a0<\/span><\/p><p><span data-contrast=\"auto\">Le CABAMC a commenc\u00e9 par \u00e9laborer des <\/span><a href=\"https:\/\/cpata-cabamc.ca\/fr\/devenir-un-agent\/profils-de-competences\/\"><span data-contrast=\"none\">profils de comp\u00e9tences techniques pour les agent(e)s de brevets et les agent(e)s de marques de commerce<\/span><\/a><span data-contrast=\"auto\"> qui \u00e9tablissent des normes claires pour les comp\u00e9tences et les aptitudes que les membres de la profession doivent acqu\u00e9rir afin de r\u00e9pondre aux besoins en mati\u00e8re de propri\u00e9t\u00e9 intellectuelle de leur client\u00e8le. Le CABAMC a ensuite commenc\u00e9 \u00e0 r\u00e9viser et \u00e0 r\u00e9am\u00e9nager les examens de comp\u00e9tence pass\u00e9s \u00e0 partir de 2024 de mani\u00e8re \u00e0 ce qu\u2019ils \u00e9valuent, de la mani\u00e8re la plus pr\u00e9cise et la plus \u00e9quitable possible, les connaissances et les comp\u00e9tences techniques \u00e9tablies dans les profils de comp\u00e9tences qui sont requises des agent(e)s.\u00a0<\/span><span data-ccp-props=\"{&quot;201341983&quot;:0,&quot;335559739&quot;:160,&quot;335559740&quot;:259}\">\u00a0<\/span><\/p><p><span data-contrast=\"auto\">Le nouveau cadre d\u2019examen a \u00e9t\u00e9 \u00e9labor\u00e9 dans le cadre d\u2019un processus rigoureux dirig\u00e9 par le fournisseur ind\u00e9pendant <\/span><a href=\"https:\/\/knowprincipia.com\/\"><span data-contrast=\"none\">Principia Assessments Ltd<\/span><\/a><span data-contrast=\"auto\">. Le CABAMC s\u2019est fortement appuy\u00e9 sur les commentaires de la profession dans le cadre de ce processus. Plus de 100\u202ftitulaires de permis ont contribu\u00e9 au processus de r\u00e9am\u00e9nagement de l\u2019examen l\u2019entremise de groupes de travail ou d\u2019autres m\u00e9canismes depuis 2023.<\/span><span data-ccp-props=\"{&quot;201341983&quot;:0,&quot;335559739&quot;:160,&quot;335559740&quot;:259}\">\u00a0<\/span><\/p>\t\t\t\t\t\t\t\t<\/div>\n\t\t\t\t<\/div>\n\t\t\t\t<div class=\"elementor-element elementor-element-d3e010c elementor-widget elementor-widget-heading\" data-id=\"d3e010c\" data-element_type=\"widget\" data-e-type=\"widget\" data-widget_type=\"heading.default\">\n\t\t\t\t<div class=\"elementor-widget-container\">\n\t\t\t\t\t<h3 class=\"elementor-heading-title elementor-size-default\">Nouveau cadre d\u2019examen de comp\u00e9tence <\/h3>\t\t\t\t<\/div>\n\t\t\t\t<\/div>\n\t\t\t\t<div class=\"elementor-element elementor-element-d7f90a0 elementor-widget elementor-widget-text-editor\" data-id=\"d7f90a0\" data-element_type=\"widget\" data-e-type=\"widget\" data-widget_type=\"text-editor.default\">\n\t\t\t\t<div class=\"elementor-widget-container\">\n\t\t\t\t\t\t\t\t\t<p><span data-contrast=\"auto\">\u00c0 partir de 2024, les examens de comp\u00e9tence pour devenir <\/span><a href=\"https:\/\/cpata-cabamc.ca\/fr\/devenir-un-agent\/renseignements-examens-de-competence-des-agentes-de-brevets\/\"><span data-contrast=\"none\">agent(e) de brevets<\/span><\/a><span data-contrast=\"auto\"> ou <\/span><a href=\"https:\/\/cpata-cabamc.ca\/fr\/devenir-un-agent\/renseignements-examens-de-competence-des-agentes-de-marques-de-commerce\/\"><span data-contrast=\"none\">agent(e) de marques de commerce<\/span><\/a><span data-contrast=\"auto\"> seront divis\u00e9s comme suit\u202f:<\/span><span data-ccp-props=\"{&quot;201341983&quot;:0,&quot;335559739&quot;:160,&quot;335559740&quot;:259}\">\u00a0<\/span><\/p><ol><li data-leveltext=\"%1.\" data-font=\"\" data-listid=\"1\" data-list-defn-props=\"{&quot;335552541&quot;:0,&quot;335559685&quot;:720,&quot;335559991&quot;:360,&quot;469769242&quot;:[65533,0],&quot;469777803&quot;:&quot;left&quot;,&quot;469777804&quot;:&quot;%1.&quot;,&quot;469777815&quot;:&quot;hybridMultilevel&quot;}\" aria-setsize=\"-1\" data-aria-posinset=\"1\" data-aria-level=\"1\"><b><span data-contrast=\"auto\">Examens des connaissances th\u00e9oriques<\/span><\/b><span data-contrast=\"auto\">\u202f: \u00e9valuation des comp\u00e9tences de base en mati\u00e8re de connaissances techniques\u00a0<\/span><span data-ccp-props=\"{&quot;201341983&quot;:0,&quot;335559739&quot;:160,&quot;335559740&quot;:259}\">\u00a0<\/span><\/li><\/ol><ol start=\"2\"><li data-leveltext=\"%1.\" data-font=\"\" data-listid=\"1\" data-list-defn-props=\"{&quot;335552541&quot;:0,&quot;335559685&quot;:720,&quot;335559991&quot;:360,&quot;469769242&quot;:[65533,0],&quot;469777803&quot;:&quot;left&quot;,&quot;469777804&quot;:&quot;%1.&quot;,&quot;469777815&quot;:&quot;hybridMultilevel&quot;}\" aria-setsize=\"-1\" data-aria-posinset=\"2\" data-aria-level=\"1\"><b><span data-contrast=\"auto\">Examens des connaissances appliqu\u00e9es<\/span><\/b><span data-contrast=\"auto\">\u202f: \u00e9valuation de l\u2019application de ces connaissances\u00a0<\/span><span data-ccp-props=\"{&quot;201341983&quot;:0,&quot;335559739&quot;:160,&quot;335559740&quot;:259}\">\u00a0<\/span><\/li><\/ol><p><span data-contrast=\"auto\">Les candidat(e)s doivent r\u00e9ussir les examens des connaissances th\u00e9oriques pour \u00eatre admissibles aux examens des connaissances appliqu\u00e9es. La norme de d\u00e9monstration des comp\u00e9tences lors des examens est d\u00e9termin\u00e9e \u00e0 l\u2019aide des pratiques exemplaires en mati\u00e8re d\u2019\u00e9tablissement de normes.<\/span><span data-ccp-props=\"{&quot;201341983&quot;:0,&quot;335559739&quot;:160,&quot;335559740&quot;:259}\">\u00a0<\/span><\/p><p><span data-contrast=\"auto\">Le CABAMC a donn\u00e9 les premiers examens des connaissances th\u00e9oriques en mars\u202f2024. Les premiers examens des connaissances appliqu\u00e9es se tiendront en septembre et en octobre\u202f2024.\u00a0<\/span><span data-ccp-props=\"{&quot;201341983&quot;:0,&quot;335559739&quot;:160,&quot;335559740&quot;:259}\">\u00a0<\/span><\/p>\t\t\t\t\t\t\t\t<\/div>\n\t\t\t\t<\/div>\n\t\t\t\t<div class=\"elementor-element elementor-element-007a147 elementor-widget elementor-widget-heading\" data-id=\"007a147\" data-element_type=\"widget\" data-e-type=\"widget\" data-widget_type=\"heading.default\">\n\t\t\t\t<div class=\"elementor-widget-container\">\n\t\t\t\t\t<h4 class=\"elementor-heading-title elementor-size-default\">En savoir plus <\/h4>\t\t\t\t<\/div>\n\t\t\t\t<\/div>\n\t\t\t\t<div class=\"elementor-element elementor-element-e4c8816 elementor-widget elementor-widget-text-editor\" data-id=\"e4c8816\" data-element_type=\"widget\" data-e-type=\"widget\" data-widget_type=\"text-editor.default\">\n\t\t\t\t<div class=\"elementor-widget-container\">\n\t\t\t\t\t\t\t\t\t<p><a href=\"https:\/\/cpata-cabamc.ca\/wp-content\/uploads\/2023\/03\/4.1.2-CPATA-Technical-Competency-Profiles-FR.pdf\"><span data-contrast=\"none\">Profils de comp\u00e9tences techniques<\/span><\/a><span data-ccp-props=\"{&quot;201341983&quot;:0,&quot;335559739&quot;:160,&quot;335559740&quot;:259}\">\u00a0<\/span><\/p><p><a href=\"https:\/\/cpata-cabamc.ca\/fr\/specifications-des-composantes-sur-les-connaissances-theoriques-des-nouveaux-examens-de-competence-qui-seront-lances-en-2024\/\"><span data-contrast=\"none\">Sp\u00e9cifications des examens des connaissances th\u00e9oriques<\/span><\/a><span data-ccp-props=\"{&quot;201341983&quot;:0,&quot;335559739&quot;:160,&quot;335559740&quot;:259}\">\u00a0<\/span><\/p><p><a href=\"https:\/\/cpata-cabamc.ca\/fr\/specifications-des-composantes-sur-les-connaissances-appliquees-des-nouveaux-examens-de-competence-qui-seront-lances-en-2024\/\"><span data-contrast=\"none\">Sp\u00e9cifications des examens des connaissances appliqu\u00e9es<\/span><\/a><span data-ccp-props=\"{&quot;201341983&quot;:0,&quot;335559739&quot;:160,&quot;335559740&quot;:259}\">\u00a0<\/span><\/p><p><a href=\"https:\/\/cpata-cabamc.ca\/fr\/le-comite-dinscription-du-cabamc-etablit-des-methodes-de-normalisation-pour-determiner-les-notes-de-passage-aux-nouveaux-examens-de-competence-qui-seront-lances-en-2024\/\"><span data-contrast=\"none\">M\u00e9thodes d\u2019\u00e9tablissement de normes<\/span><\/a><span data-ccp-props=\"{&quot;201341983&quot;:0,&quot;335559739&quot;:160,&quot;335559740&quot;:259}\">\u00a0<\/span><\/p>\t\t\t\t\t\t\t\t<\/div>\n\t\t\t\t<\/div>\n\t\t\t\t\t<\/div>\n\t\t<\/div>\n\t\t\t\t\t<\/div>\n\t\t<\/section>\n\t\t\t\t<\/div>\n\t\t","protected":false},"excerpt":{"rendered":"<p>Lorsque le CABAMC a \u00e9t\u00e9 cr\u00e9\u00e9 en tant qu\u2019organisme d\u2019int\u00e9r\u00eat public ind\u00e9pendant destin\u00e9 \u00e0 r\u00e9glementer<\/p>\n","protected":false},"author":6,"featured_media":0,"parent":16639,"menu_order":0,"comment_status":"closed","ping_status":"closed","template":"","meta":{"_acf_changed":false,"_monsterinsights_skip_tracking":false,"_monsterinsights_sitenote_active":false,"_monsterinsights_sitenote_note":"","_monsterinsights_sitenote_category":0,"site-sidebar-layout":"no-sidebar","site-content-layout":"page-builder","ast-site-content-layout":"full-width-container","site-content-style":"unboxed","site-sidebar-style":"unboxed","ast-global-header-display":"","ast-banner-title-visibility":"","ast-main-header-display":"","ast-hfb-above-header-display":"","ast-hfb-below-header-display":"","ast-hfb-mobile-header-display":"","site-post-title":"disabled","ast-breadcrumbs-content":"","ast-featured-img":"disabled","footer-sml-layout":"","theme-transparent-header-meta":"default","adv-header-id-meta":"","stick-header-meta":"","header-above-stick-meta":"","header-main-stick-meta":"","header-below-stick-meta":"","astra-migrate-meta-layouts":"set","ast-page-background-enabled":"default","ast-page-background-meta":{"desktop":{"background-color":"","background-image":"","background-repeat":"repeat","background-position":"center center","background-size":"auto","background-attachment":"scroll","background-type":"","background-media":"","overlay-type":"","overlay-color":"","overlay-opacity":"","overlay-gradient":""},"tablet":{"background-color":"","background-image":"","background-repeat":"repeat","background-position":"center center","background-size":"auto","background-attachment":"scroll","background-type":"","background-media":"","overlay-type":"","overlay-color":"","overlay-opacity":"","overlay-gradient":""},"mobile":{"background-color":"","background-image":"","background-repeat":"repeat","background-position":"center center","background-size":"auto","background-attachment":"scroll","background-type":"","background-media":"","overlay-type":"","overlay-color":"","overlay-opacity":"","overlay-gradient":""}},"ast-content-background-meta":{"desktop":{"background-color":"var(--ast-global-color-5)","background-image":"","background-repeat":"repeat","background-position":"center center","background-size":"auto","background-attachment":"scroll","background-type":"","background-media":"","overlay-type":"","overlay-color":"","overlay-opacity":"","overlay-gradient":""},"tablet":{"background-color":"var(--ast-global-color-5)","background-image":"","background-repeat":"repeat","background-position":"center center","background-size":"auto","background-attachment":"scroll","background-type":"","background-media":"","overlay-type":"","overlay-color":"","overlay-opacity":"","overlay-gradient":""},"mobile":{"background-color":"var(--ast-global-color-5)","background-image":"","background-repeat":"repeat","background-position":"center center","background-size":"auto","background-attachment":"scroll","background-type":"","background-media":"","overlay-type":"","overlay-color":"","overlay-opacity":"","overlay-gradient":""}},"footnotes":""},"folder":[],"class_list":["post-9263","page","type-page","status-publish","hentry"],"acf":[],"yoast_head":"<!-- This site is optimized with the Yoast SEO plugin v27.2 - https:\/\/yoast.com\/product\/yoast-seo-wordpress\/ -->\n<title>R\u00e9am\u00e9nagement des examens - CABAMC<\/title>\n<meta name=\"robots\" content=\"index, follow, max-snippet:-1, max-image-preview:large, max-video-preview:-1\" \/>\n<link rel=\"canonical\" href=\"https:\/\/cpata-cabamc.ca\/fr\/a-propos-de-nous\/initiatives\/reamenagement-des-examens\/\" \/>\n<meta property=\"og:locale\" content=\"fr_FR\" \/>\n<meta property=\"og:type\" content=\"article\" \/>\n<meta property=\"og:title\" content=\"R\u00e9am\u00e9nagement des examens - CABAMC\" \/>\n<meta property=\"og:description\" content=\"Lorsque le CABAMC a \u00e9t\u00e9 cr\u00e9\u00e9 en tant qu\u2019organisme d\u2019int\u00e9r\u00eat public ind\u00e9pendant destin\u00e9 \u00e0 r\u00e9glementer\" \/>\n<meta property=\"og:url\" content=\"https:\/\/cpata-cabamc.ca\/fr\/a-propos-de-nous\/initiatives\/reamenagement-des-examens\/\" \/>\n<meta property=\"og:site_name\" content=\"CABAMC\" \/>\n<meta property=\"article:modified_time\" content=\"2024-08-28T15:04:38+00:00\" \/>\n<meta name=\"twitter:card\" content=\"summary_large_image\" \/>\n<meta name=\"twitter:label1\" content=\"Dur\u00e9e de lecture estim\u00e9e\" \/>\n\t<meta name=\"twitter:data1\" content=\"3 minutes\" \/>\n<script type=\"application\/ld+json\" class=\"yoast-schema-graph\">{\"@context\":\"https:\/\/schema.org\",\"@graph\":[{\"@type\":\"WebPage\",\"@id\":\"https:\/\/cpata-cabamc.ca\/fr\/a-propos-de-nous\/initiatives\/reamenagement-des-examens\/\",\"url\":\"https:\/\/cpata-cabamc.ca\/fr\/a-propos-de-nous\/initiatives\/reamenagement-des-examens\/\",\"name\":\"R\u00e9am\u00e9nagement des examens - CABAMC\",\"isPartOf\":{\"@id\":\"https:\/\/cpata-cabamc.ca\/fr\/#website\"},\"datePublished\":\"2022-06-02T15:36:31+00:00\",\"dateModified\":\"2024-08-28T15:04:38+00:00\",\"breadcrumb\":{\"@id\":\"https:\/\/cpata-cabamc.ca\/fr\/a-propos-de-nous\/initiatives\/reamenagement-des-examens\/#breadcrumb\"},\"inLanguage\":\"fr-FR\",\"potentialAction\":[{\"@type\":\"ReadAction\",\"target\":[\"https:\/\/cpata-cabamc.ca\/fr\/a-propos-de-nous\/initiatives\/reamenagement-des-examens\/\"]}]},{\"@type\":\"BreadcrumbList\",\"@id\":\"https:\/\/cpata-cabamc.ca\/fr\/a-propos-de-nous\/initiatives\/reamenagement-des-examens\/#breadcrumb\",\"itemListElement\":[{\"@type\":\"ListItem\",\"position\":1,\"name\":\"Accueil\",\"item\":\"https:\/\/cpata-cabamc.ca\/fr\/\"},{\"@type\":\"ListItem\",\"position\":2,\"name\":\"\u00c0 propos de nous\",\"item\":\"https:\/\/cpata-cabamc.ca\/fr\/about-us\/\"},{\"@type\":\"ListItem\",\"position\":3,\"name\":\"Initiatives\",\"item\":\"https:\/\/cpata-cabamc.ca\/fr\/a-propos-de-nous\/initiatives\/\"},{\"@type\":\"ListItem\",\"position\":4,\"name\":\"R\u00e9am\u00e9nagement des examens\"}]},{\"@type\":\"WebSite\",\"@id\":\"https:\/\/cpata-cabamc.ca\/fr\/#website\",\"url\":\"https:\/\/cpata-cabamc.ca\/fr\/\",\"name\":\"CABAMC\",\"description\":\"CABAMC\",\"publisher\":{\"@id\":\"https:\/\/cpata-cabamc.ca\/fr\/#organization\"},\"potentialAction\":[{\"@type\":\"SearchAction\",\"target\":{\"@type\":\"EntryPoint\",\"urlTemplate\":\"https:\/\/cpata-cabamc.ca\/fr\/?s={search_term_string}\"},\"query-input\":{\"@type\":\"PropertyValueSpecification\",\"valueRequired\":true,\"valueName\":\"search_term_string\"}}],\"inLanguage\":\"fr-FR\"},{\"@type\":\"Organization\",\"@id\":\"https:\/\/cpata-cabamc.ca\/fr\/#organization\",\"name\":\"CABAMC\",\"url\":\"https:\/\/cpata-cabamc.ca\/fr\/\",\"logo\":{\"@type\":\"ImageObject\",\"inLanguage\":\"fr-FR\",\"@id\":\"https:\/\/cpata-cabamc.ca\/fr\/#\/schema\/logo\/image\/\",\"url\":\"https:\/\/cpata-cabamc.ca\/wp-content\/uploads\/2021\/02\/Logo-Light-RGB.svg\",\"contentUrl\":\"https:\/\/cpata-cabamc.ca\/wp-content\/uploads\/2021\/02\/Logo-Light-RGB.svg\",\"caption\":\"CABAMC\"},\"image\":{\"@id\":\"https:\/\/cpata-cabamc.ca\/fr\/#\/schema\/logo\/image\/\"}}]}<\/script>\n<!-- \/ Yoast SEO plugin. -->","yoast_head_json":{"title":"R\u00e9am\u00e9nagement des examens - CABAMC","robots":{"index":"index","follow":"follow","max-snippet":"max-snippet:-1","max-image-preview":"max-image-preview:large","max-video-preview":"max-video-preview:-1"},"canonical":"https:\/\/cpata-cabamc.ca\/fr\/a-propos-de-nous\/initiatives\/reamenagement-des-examens\/","og_locale":"fr_FR","og_type":"article","og_title":"R\u00e9am\u00e9nagement des examens - CABAMC","og_description":"Lorsque le CABAMC a \u00e9t\u00e9 cr\u00e9\u00e9 en tant qu\u2019organisme d\u2019int\u00e9r\u00eat public ind\u00e9pendant destin\u00e9 \u00e0 r\u00e9glementer","og_url":"https:\/\/cpata-cabamc.ca\/fr\/a-propos-de-nous\/initiatives\/reamenagement-des-examens\/","og_site_name":"CABAMC","article_modified_time":"2024-08-28T15:04:38+00:00","twitter_card":"summary_large_image","twitter_misc":{"Dur\u00e9e de lecture estim\u00e9e":"3 minutes"},"schema":{"@context":"https:\/\/schema.org","@graph":[{"@type":"WebPage","@id":"https:\/\/cpata-cabamc.ca\/fr\/a-propos-de-nous\/initiatives\/reamenagement-des-examens\/","url":"https:\/\/cpata-cabamc.ca\/fr\/a-propos-de-nous\/initiatives\/reamenagement-des-examens\/","name":"R\u00e9am\u00e9nagement des examens - CABAMC","isPartOf":{"@id":"https:\/\/cpata-cabamc.ca\/fr\/#website"},"datePublished":"2022-06-02T15:36:31+00:00","dateModified":"2024-08-28T15:04:38+00:00","breadcrumb":{"@id":"https:\/\/cpata-cabamc.ca\/fr\/a-propos-de-nous\/initiatives\/reamenagement-des-examens\/#breadcrumb"},"inLanguage":"fr-FR","potentialAction":[{"@type":"ReadAction","target":["https:\/\/cpata-cabamc.ca\/fr\/a-propos-de-nous\/initiatives\/reamenagement-des-examens\/"]}]},{"@type":"BreadcrumbList","@id":"https:\/\/cpata-cabamc.ca\/fr\/a-propos-de-nous\/initiatives\/reamenagement-des-examens\/#breadcrumb","itemListElement":[{"@type":"ListItem","position":1,"name":"Accueil","item":"https:\/\/cpata-cabamc.ca\/fr\/"},{"@type":"ListItem","position":2,"name":"\u00c0 propos de nous","item":"https:\/\/cpata-cabamc.ca\/fr\/about-us\/"},{"@type":"ListItem","position":3,"name":"Initiatives","item":"https:\/\/cpata-cabamc.ca\/fr\/a-propos-de-nous\/initiatives\/"},{"@type":"ListItem","position":4,"name":"R\u00e9am\u00e9nagement des examens"}]},{"@type":"WebSite","@id":"https:\/\/cpata-cabamc.ca\/fr\/#website","url":"https:\/\/cpata-cabamc.ca\/fr\/","name":"CABAMC","description":"CABAMC","publisher":{"@id":"https:\/\/cpata-cabamc.ca\/fr\/#organization"},"potentialAction":[{"@type":"SearchAction","target":{"@type":"EntryPoint","urlTemplate":"https:\/\/cpata-cabamc.ca\/fr\/?s={search_term_string}"},"query-input":{"@type":"PropertyValueSpecification","valueRequired":true,"valueName":"search_term_string"}}],"inLanguage":"fr-FR"},{"@type":"Organization","@id":"https:\/\/cpata-cabamc.ca\/fr\/#organization","name":"CABAMC","url":"https:\/\/cpata-cabamc.ca\/fr\/","logo":{"@type":"ImageObject","inLanguage":"fr-FR","@id":"https:\/\/cpata-cabamc.ca\/fr\/#\/schema\/logo\/image\/","url":"https:\/\/cpata-cabamc.ca\/wp-content\/uploads\/2021\/02\/Logo-Light-RGB.svg","contentUrl":"https:\/\/cpata-cabamc.ca\/wp-content\/uploads\/2021\/02\/Logo-Light-RGB.svg","caption":"CABAMC"},"image":{"@id":"https:\/\/cpata-cabamc.ca\/fr\/#\/schema\/logo\/image\/"}}]}},"_links":{"self":[{"href":"https:\/\/cpata-cabamc.ca\/fr\/wp-json\/wp\/v2\/pages\/9263","targetHints":{"allow":["GET"]}}],"collection":[{"href":"https:\/\/cpata-cabamc.ca\/fr\/wp-json\/wp\/v2\/pages"}],"about":[{"href":"https:\/\/cpata-cabamc.ca\/fr\/wp-json\/wp\/v2\/types\/page"}],"author":[{"embeddable":true,"href":"https:\/\/cpata-cabamc.ca\/fr\/wp-json\/wp\/v2\/users\/6"}],"replies":[{"embeddable":true,"href":"https:\/\/cpata-cabamc.ca\/fr\/wp-json\/wp\/v2\/comments?post=9263"}],"version-history":[{"count":0,"href":"https:\/\/cpata-cabamc.ca\/fr\/wp-json\/wp\/v2\/pages\/9263\/revisions"}],"up":[{"embeddable":true,"href":"https:\/\/cpata-cabamc.ca\/fr\/wp-json\/wp\/v2\/pages\/16639"}],"wp:attachment":[{"href":"https:\/\/cpata-cabamc.ca\/fr\/wp-json\/wp\/v2\/media?parent=9263"}],"wp:term":[{"taxonomy":"folder","embeddable":true,"href":"https:\/\/cpata-cabamc.ca\/fr\/wp-json\/wp\/v2\/folder?post=9263"}],"curies":[{"name":"wp","href":"https:\/\/api.w.org\/{rel}","templated":true}]}}