{"id":4821,"date":"2021-12-14T18:28:31","date_gmt":"2021-12-14T18:28:31","guid":{"rendered":"https:\/\/cpatacabamcdev.wpengine.com\/?page_id=4821"},"modified":"2024-06-12T16:14:57","modified_gmt":"2024-06-12T16:14:57","slug":"preoccupations-concernant-un-agent-de-brevets-ou-de-marques-de-commerce","status":"publish","type":"page","link":"https:\/\/cpata-cabamc.ca\/fr\/ressources-publiques\/preoccupations-concernant-un-agent-de-brevets-ou-de-marques-de-commerce\/","title":{"rendered":"Pr\u00e9occupations concernant un agent de brevets ou de marques de commerce"},"content":{"rendered":"\t\t<div data-elementor-type=\"wp-page\" data-elementor-id=\"4821\" class=\"elementor elementor-4821 elementor-4814\" data-elementor-post-type=\"page\">\n\t\t\t\t\t\t<section class=\"elementor-section elementor-top-section elementor-element elementor-element-6692886 elementor-section-boxed elementor-section-height-default elementor-section-height-default\" data-id=\"6692886\" data-element_type=\"section\" data-e-type=\"section\">\n\t\t\t\t\t\t<div class=\"elementor-container elementor-column-gap-default\">\n\t\t\t\t\t<div class=\"elementor-column elementor-col-100 elementor-top-column elementor-element elementor-element-5c5f350\" data-id=\"5c5f350\" data-element_type=\"column\" data-e-type=\"column\">\n\t\t\t<div class=\"elementor-widget-wrap elementor-element-populated\">\n\t\t\t\t\t\t<div class=\"elementor-element elementor-element-f698535 elementor-widget elementor-widget-text-editor\" data-id=\"f698535\" data-element_type=\"widget\" data-e-type=\"widget\" data-widget_type=\"text-editor.default\">\n\t\t\t\t<div class=\"elementor-widget-container\">\n\t\t\t\t\t\t\t\t\t<p>Le principal mandat du CABAMC consiste \u00e0 prot\u00e9ger les membres du public recevant des services de propri\u00e9t\u00e9 intellectuelle offerts par les agent(e)s de brevets et les agent(e)s de marques de commerce titulaires d\u2019un permis d\u2019exercice.<\/p>\t\t\t\t\t\t\t\t<\/div>\n\t\t\t\t<\/div>\n\t\t\t\t<div class=\"elementor-element elementor-element-a8cdaf6 elementor-widget elementor-widget-heading\" data-id=\"a8cdaf6\" data-element_type=\"widget\" data-e-type=\"widget\" data-widget_type=\"heading.default\">\n\t\t\t\t<div class=\"elementor-widget-container\">\n\t\t\t\t\t<h5 class=\"elementor-heading-title elementor-size-default\">Agent(e)s de brevets ou agent(e)s de marques de commerce <\/h5>\t\t\t\t<\/div>\n\t\t\t\t<\/div>\n\t\t\t\t<div class=\"elementor-element elementor-element-45263bc elementor-widget elementor-widget-text-editor\" data-id=\"45263bc\" data-element_type=\"widget\" data-e-type=\"widget\" data-widget_type=\"text-editor.default\">\n\t\t\t\t<div class=\"elementor-widget-container\">\n\t\t\t\t\t\t\t\t\t<p><span class=\"TextRun SCXW133364734 BCX0\" lang=\"FR-CA\" xml:lang=\"FR-CA\" data-contrast=\"none\"><span class=\"NormalTextRun SCXW133364734 BCX0\">Toutes les personnes titulaires de permis du CABAMC sont tenues de respecter des normes d\u2019\u00e9thique et de comp\u00e9tence professionnelles et de se conformer au <\/span><\/span><a class=\"Hyperlink SCXW133364734 BCX0\" href=\"https:\/\/cpata-cabamc.ca\/fr\/a-propos-de-nous\/reglementation\/code-de-deontologie\/\" target=\"_blank\" rel=\"noreferrer noopener\"><span class=\"FieldRange SCXW133364734 BCX0\"><span class=\"TextRun Underlined SCXW133364734 BCX0\" lang=\"FR-CA\" xml:lang=\"FR-CA\" data-contrast=\"none\"><span class=\"NormalTextRun CommentStart CommentHighlightPipeRestV2 CommentHighlightRest SCXW133364734 BCX0\" data-ccp-charstyle=\"Hyperlink\">Code de d\u00e9ontologie<\/span><\/span><\/span><\/a><span class=\"TextRun SCXW133364734 BCX0\" lang=\"FR-CA\" xml:lang=\"FR-CA\" data-contrast=\"none\"><span class=\"NormalTextRun CommentHighlightPipeRestV2 SCXW133364734 BCX0\">. Les agent(e)s manquant \u00e0 r\u00e9pondre \u00e0 leurs obligations professionnelles (p.\u202fex., manquement professionnel ou incomp\u00e9tence) peuvent s\u2019exposer \u00e0 des cons\u00e9quences telles que la suspension ou la restriction de leur permis d\u2019exercice.\u00a0<\/span><\/span><span class=\"EOP SCXW133364734 BCX0\" data-ccp-props=\"{&quot;201341983&quot;:2,&quot;335557856&quot;:16777215,&quot;335559739&quot;:160,&quot;335559740&quot;:336}\">\u00a0<\/span><\/p>\t\t\t\t\t\t\t\t<\/div>\n\t\t\t\t<\/div>\n\t\t\t\t<div class=\"elementor-element elementor-element-f97e643 elementor-widget elementor-widget-heading\" data-id=\"f97e643\" data-element_type=\"widget\" data-e-type=\"widget\" data-widget_type=\"heading.default\">\n\t\t\t\t<div class=\"elementor-widget-container\">\n\t\t\t\t\t<h5 class=\"elementor-heading-title elementor-size-default\">Pratique non autoris\u00e9e <\/h5>\t\t\t\t<\/div>\n\t\t\t\t<\/div>\n\t\t\t\t<div class=\"elementor-element elementor-element-eb661e3 elementor-widget elementor-widget-text-editor\" data-id=\"eb661e3\" data-element_type=\"widget\" data-e-type=\"widget\" data-widget_type=\"text-editor.default\">\n\t\t\t\t<div class=\"elementor-widget-container\">\n\t\t\t\t\t\t\t\t\t<p><span class=\"TextRun SCXW224311526 BCX0\" lang=\"FR-CA\" xml:lang=\"FR-CA\" data-contrast=\"none\"><span class=\"NormalTextRun SCXW224311526 BCX0\">Les personnes qui ne sont pas titulaires d\u2019un permis d\u2019exercice d\u00e9livr\u00e9 par le CABAMC et qui se pr\u00e9sentent comme des agent(e)s de brevets ou des agent(e)s de marques de commerce, ou qui offrent des services que seuls les agent(e)s sont autoris\u00e9(e)s \u00e0 offrir conform\u00e9ment \u00e0 la <\/span><\/span><span class=\"TextRun SCXW224311526 BCX0\" lang=\"FR-CA\" xml:lang=\"FR-CA\" data-contrast=\"none\"><span class=\"NormalTextRun SCXW224311526 BCX0\">Loi sur les brevets<\/span><\/span><span class=\"TextRun SCXW224311526 BCX0\" lang=\"FR-CA\" xml:lang=\"FR-CA\" data-contrast=\"none\"><span class=\"NormalTextRun SCXW224311526 BCX0\"> ou \u00e0 la <\/span><\/span><span class=\"TextRun SCXW224311526 BCX0\" lang=\"FR-CA\" xml:lang=\"FR-CA\" data-contrast=\"none\"><span class=\"NormalTextRun SCXW224311526 BCX0\">Loi sur les marques de commerce<\/span><\/span><span class=\"TextRun SCXW224311526 BCX0\" lang=\"FR-CA\" xml:lang=\"FR-CA\" data-contrast=\"none\"><span class=\"NormalTextRun SCXW224311526 BCX0\">, se livrent \u00e0 une <\/span><span class=\"NormalTextRun CommentStart CommentHighlightPipeRestV2 CommentHighlightRest SCXW224311526 BCX0\">pratique non autoris\u00e9e<\/span><span class=\"NormalTextRun CommentHighlightPipeRestV2 SCXW224311526 BCX0\">. Le CABAMC adopte une approche ax\u00e9e sur l\u2019att\u00e9nuation des risques qui est proportionnelle et, au besoin, progressive pour r\u00e9pondre aux pr\u00e9occupations concernant la <a href=\"https:\/\/cpata-cabamc.ca\/fr\/ressources-publiques\/approche-du-cabamc-en-matiere-de-pratique-non-autorisee\/\" target=\"_blank\" rel=\"noopener\">pratique non autoris\u00e9e<\/a>. Les r\u00e9ponses peuvent comprendre des communications \u00e9ducatives dans les cas de manque de diligence raisonnable par inadvertance, des avertissements et des demandes de rectification, ou des ordonnances d\u2019un tribunal visant \u00e0 pr\u00e9venir les fausses d\u00e9clarations et les pr\u00e9judices.<\/span><\/span><span class=\"EOP SCXW224311526 BCX0\" data-ccp-props=\"{&quot;201341983&quot;:0,&quot;335557856&quot;:16777215,&quot;335559739&quot;:420,&quot;335559740&quot;:240}\">\u00a0<\/span><\/p>\t\t\t\t\t\t\t\t<\/div>\n\t\t\t\t<\/div>\n\t\t\t\t<div class=\"elementor-element elementor-element-ea7810e elementor-widget elementor-widget-heading\" data-id=\"ea7810e\" data-element_type=\"widget\" data-e-type=\"widget\" data-widget_type=\"heading.default\">\n\t\t\t\t<div class=\"elementor-widget-container\">\n\t\t\t\t\t<h3 class=\"elementor-heading-title elementor-size-default\">D\u00e9p\u00f4t d\u2019une demande d\u2019enqu\u00eate ou d\u2019une plainte  <\/h3>\t\t\t\t<\/div>\n\t\t\t\t<\/div>\n\t\t\t\t<div class=\"elementor-element elementor-element-03e5415 elementor-widget elementor-widget-text-editor\" data-id=\"03e5415\" data-element_type=\"widget\" data-e-type=\"widget\" data-widget_type=\"text-editor.default\">\n\t\t\t\t<div class=\"elementor-widget-container\">\n\t\t\t\t\t\t\t\t\t<p><span data-contrast=\"none\">Toute personne qui pense qu\u2019un(e) agent(e) a agi de mani\u00e8re incomp\u00e9tente ou contraire \u00e0 l\u2019\u00e9thique ou que quelqu\u2019un se livre \u00e0 une pratique non autoris\u00e9e, ou qui a simplement une question ou une pr\u00e9occupation d\u2019ordre g\u00e9n\u00e9ral peut communiquer avec le CABAMC. Remplissez le formulaire d\u2019enqu\u00eate sur la conduite d\u2019un(e) agent(e), de plainte ou d\u2019enqu\u00eate sur une pratique non autoris\u00e9e pour\u202f:<\/span><span data-ccp-props=\"{&quot;201341983&quot;:0,&quot;335559739&quot;:160,&quot;335559740&quot;:279}\">\u00a0<\/span><\/p><ul><li data-leveltext=\"\uf0b7\" data-font=\"Symbol\" data-listid=\"17\" data-list-defn-props=\"{&quot;335552541&quot;:1,&quot;335559685&quot;:720,&quot;335559991&quot;:360,&quot;469769226&quot;:&quot;Symbol&quot;,&quot;469769242&quot;:[8226],&quot;469777803&quot;:&quot;left&quot;,&quot;469777804&quot;:&quot;\uf0b7&quot;,&quot;469777815&quot;:&quot;multilevel&quot;}\" aria-setsize=\"-1\" data-aria-posinset=\"1\" data-aria-level=\"1\"><span data-contrast=\"none\">poser une question au sujet des obligations des agent(e)s en g\u00e9n\u00e9ral\u202f\u202f<\/span><span data-ccp-props=\"{&quot;201341983&quot;:0,&quot;335559739&quot;:160,&quot;335559740&quot;:279}\">\u00a0<\/span><\/li><li data-leveltext=\"\uf0b7\" data-font=\"Symbol\" data-listid=\"17\" data-list-defn-props=\"{&quot;335552541&quot;:1,&quot;335559685&quot;:720,&quot;335559991&quot;:360,&quot;469769226&quot;:&quot;Symbol&quot;,&quot;469769242&quot;:[8226],&quot;469777803&quot;:&quot;left&quot;,&quot;469777804&quot;:&quot;\uf0b7&quot;,&quot;469777815&quot;:&quot;multilevel&quot;}\" aria-setsize=\"-1\" data-aria-posinset=\"1\" data-aria-level=\"1\"><span data-contrast=\"none\">soulever des pr\u00e9occupations concernant un(e) agent(e) pr\u00e9cis(e) et explorer les options de r\u00e9solution possibles\u202f<\/span><span data-ccp-props=\"{&quot;201341983&quot;:0,&quot;335559739&quot;:160,&quot;335559740&quot;:279}\">\u00a0<\/span><\/li><li data-leveltext=\"\uf0b7\" data-font=\"Symbol\" data-listid=\"17\" data-list-defn-props=\"{&quot;335552541&quot;:1,&quot;335559685&quot;:720,&quot;335559991&quot;:360,&quot;469769226&quot;:&quot;Symbol&quot;,&quot;469769242&quot;:[8226],&quot;469777803&quot;:&quot;left&quot;,&quot;469777804&quot;:&quot;\uf0b7&quot;,&quot;469777815&quot;:&quot;multilevel&quot;}\" aria-setsize=\"-1\" data-aria-posinset=\"1\" data-aria-level=\"1\"><span data-contrast=\"none\">d\u00e9poser une plainte contre un(e) agent(e)<\/span><span data-ccp-props=\"{&quot;201341983&quot;:0,&quot;335559739&quot;:160,&quot;335559740&quot;:279}\">\u00a0<\/span><\/li><li data-leveltext=\"\uf0b7\" data-font=\"Symbol\" data-listid=\"17\" data-list-defn-props=\"{&quot;335552541&quot;:1,&quot;335559685&quot;:720,&quot;335559991&quot;:360,&quot;469769226&quot;:&quot;Symbol&quot;,&quot;469769242&quot;:[8226],&quot;469777803&quot;:&quot;left&quot;,&quot;469777804&quot;:&quot;\uf0b7&quot;,&quot;469777815&quot;:&quot;multilevel&quot;}\" aria-setsize=\"-1\" data-aria-posinset=\"1\" data-aria-level=\"1\"><span data-contrast=\"none\">aviser le CABAMC au sujet d\u2019un(e) non-agent(e) qui semble faire de fausses d\u00e9clarations \u00e0 son sujet ou qui effectue des travaux de propri\u00e9t\u00e9 intellectuelle que seul(e)s les titulaires de permis d\u2019exercice peuvent entreprendre (pratique non autoris\u00e9e)<\/span><span data-ccp-props=\"{&quot;201341983&quot;:0,&quot;335559739&quot;:160,&quot;335559740&quot;:279}\">\u00a0<\/span><\/li><\/ul>\t\t\t\t\t\t\t\t<\/div>\n\t\t\t\t<\/div>\n\t\t\t\t<div class=\"elementor-element elementor-element-29733f5 elementor-widget elementor-widget-button\" data-id=\"29733f5\" data-element_type=\"widget\" data-e-type=\"widget\" data-widget_type=\"button.default\">\n\t\t\t\t<div class=\"elementor-widget-container\">\n\t\t\t\t\t\t\t\t\t<div class=\"elementor-button-wrapper\">\n\t\t\t\t\t<a class=\"elementor-button elementor-button-link elementor-size-sm\" href=\"https:\/\/cpata-cabamc.ca\/fr\/ressources-publiques\/formulaire-denquete-de-plainte-sur-la-conduite-dun-agent\/\" target=\"_blank\">\n\t\t\t\t\t\t<span class=\"elementor-button-content-wrapper\">\n\t\t\t\t\t\t\t\t\t<span class=\"elementor-button-text\">D\u00e9poser une demande d\u2019enqu\u00eate ou une plainte <\/span>\n\t\t\t\t\t<\/span>\n\t\t\t\t\t<\/a>\n\t\t\t\t<\/div>\n\t\t\t\t\t\t\t\t<\/div>\n\t\t\t\t<\/div>\n\t\t\t\t<div class=\"elementor-element elementor-element-0ba5261 elementor-widget elementor-widget-heading\" data-id=\"0ba5261\" data-element_type=\"widget\" data-e-type=\"widget\" data-widget_type=\"heading.default\">\n\t\t\t\t<div class=\"elementor-widget-container\">\n\t\t\t\t\t<h3 class=\"elementor-heading-title elementor-size-default\">Proc\u00e9dures de plainte et d\u2019enqu\u00eate li\u00e9e \u00e0 la conduite des agent(e)s <\/h3>\t\t\t\t<\/div>\n\t\t\t\t<\/div>\n\t\t\t\t<div class=\"elementor-element elementor-element-eba759b elementor-widget elementor-widget-text-editor\" data-id=\"eba759b\" data-element_type=\"widget\" data-e-type=\"widget\" data-widget_type=\"text-editor.default\">\n\t\t\t\t<div class=\"elementor-widget-container\">\n\t\t\t\t\t\t\t\t\t<p><span data-contrast=\"none\">Le CABAMC propose une proc\u00e9dure confidentielle pour traiter et r\u00e9soudre les pr\u00e9occupations au sujet de la conduite professionnelle d\u2019un(e) agent(e).<\/span><span data-ccp-props=\"{&quot;201341983&quot;:0,&quot;335557856&quot;:16777215,&quot;335559739&quot;:420,&quot;335559740&quot;:240}\">\u00a0<\/span><\/p><p><a href=\"https:\/\/cpata-cabamc.ca\/fr\/ressources-publiques\/concernant-les-procedures-de-plainte-et-denquete-liee-a-la-conduite-des-agents\/\" target=\"_blank\" rel=\"noopener\"><span data-contrast=\"none\">\u00c0 quoi vous attendre si vous d\u00e9posez une demande d\u2019enqu\u00eate ou une plainte<\/span><\/a><\/p>\t\t\t\t\t\t\t\t<\/div>\n\t\t\t\t<\/div>\n\t\t\t\t\t<\/div>\n\t\t<\/div>\n\t\t\t\t\t<\/div>\n\t\t<\/section>\n\t\t\t\t<\/div>\n\t\t","protected":false},"excerpt":{"rendered":"<p>Le principal mandat du CABAMC consiste \u00e0 prot\u00e9ger les membres du public recevant des services<\/p>\n","protected":false},"author":6,"featured_media":0,"parent":4683,"menu_order":0,"comment_status":"closed","ping_status":"closed","template":"","meta":{"_acf_changed":false,"_monsterinsights_skip_tracking":false,"_monsterinsights_sitenote_active":false,"_monsterinsights_sitenote_note":"","_monsterinsights_sitenote_category":0,"site-sidebar-layout":"no-sidebar","site-content-layout":"page-builder","ast-site-content-layout":"full-width-container","site-content-style":"unboxed","site-sidebar-style":"unboxed","ast-global-header-display":"","ast-banner-title-visibility":"","ast-main-header-display":"","ast-hfb-above-header-display":"","ast-hfb-below-header-display":"","ast-hfb-mobile-header-display":"","site-post-title":"disabled","ast-breadcrumbs-content":"","ast-featured-img":"disabled","footer-sml-layout":"","theme-transparent-header-meta":"default","adv-header-id-meta":"","stick-header-meta":"","header-above-stick-meta":"","header-main-stick-meta":"","header-below-stick-meta":"","astra-migrate-meta-layouts":"default","ast-page-background-enabled":"default","ast-page-background-meta":{"desktop":{"background-color":"","background-image":"","background-repeat":"repeat","background-position":"center center","background-size":"auto","background-attachment":"scroll","background-type":"","background-media":"","overlay-type":"","overlay-color":"","overlay-opacity":"","overlay-gradient":""},"tablet":{"background-color":"","background-image":"","background-repeat":"repeat","background-position":"center center","background-size":"auto","background-attachment":"scroll","background-type":"","background-media":"","overlay-type":"","overlay-color":"","overlay-opacity":"","overlay-gradient":""},"mobile":{"background-color":"","background-image":"","background-repeat":"repeat","background-position":"center center","background-size":"auto","background-attachment":"scroll","background-type":"","background-media":"","overlay-type":"","overlay-color":"","overlay-opacity":"","overlay-gradient":""}},"ast-content-background-meta":{"desktop":{"background-color":"var(--ast-global-color-5)","background-image":"","background-repeat":"repeat","background-position":"center center","background-size":"auto","background-attachment":"scroll","background-type":"","background-media":"","overlay-type":"","overlay-color":"","overlay-opacity":"","overlay-gradient":""},"tablet":{"background-color":"var(--ast-global-color-5)","background-image":"","background-repeat":"repeat","background-position":"center center","background-size":"auto","background-attachment":"scroll","background-type":"","background-media":"","overlay-type":"","overlay-color":"","overlay-opacity":"","overlay-gradient":""},"mobile":{"background-color":"var(--ast-global-color-5)","background-image":"","background-repeat":"repeat","background-position":"center center","background-size":"auto","background-attachment":"scroll","background-type":"","background-media":"","overlay-type":"","overlay-color":"","overlay-opacity":"","overlay-gradient":""}},"footnotes":""},"folder":[],"class_list":["post-4821","page","type-page","status-publish","hentry"],"acf":[],"yoast_head":"<!-- This site is optimized with the Yoast SEO plugin v27.2 - https:\/\/yoast.com\/product\/yoast-seo-wordpress\/ -->\n<title>Pr\u00e9occupations concernant un agent de brevets ou de marques de commerce - CABAMC<\/title>\n<meta name=\"robots\" content=\"index, follow, max-snippet:-1, max-image-preview:large, max-video-preview:-1\" \/>\n<link rel=\"canonical\" href=\"https:\/\/cpata-cabamc.ca\/fr\/ressources-publiques\/preoccupations-concernant-un-agent-de-brevets-ou-de-marques-de-commerce\/\" \/>\n<meta property=\"og:locale\" content=\"fr_FR\" \/>\n<meta property=\"og:type\" content=\"article\" \/>\n<meta property=\"og:title\" content=\"Pr\u00e9occupations concernant un agent de brevets ou de marques de commerce - CABAMC\" \/>\n<meta property=\"og:description\" content=\"Le principal mandat du CABAMC consiste \u00e0 prot\u00e9ger les membres du public recevant des services\" \/>\n<meta property=\"og:url\" content=\"https:\/\/cpata-cabamc.ca\/fr\/ressources-publiques\/preoccupations-concernant-un-agent-de-brevets-ou-de-marques-de-commerce\/\" \/>\n<meta property=\"og:site_name\" content=\"CABAMC\" \/>\n<meta property=\"article:modified_time\" content=\"2024-06-12T16:14:57+00:00\" \/>\n<meta name=\"twitter:card\" content=\"summary_large_image\" \/>\n<meta name=\"twitter:label1\" content=\"Dur\u00e9e de lecture estim\u00e9e\" \/>\n\t<meta name=\"twitter:data1\" content=\"3 minutes\" \/>\n<script type=\"application\/ld+json\" class=\"yoast-schema-graph\">{\"@context\":\"https:\/\/schema.org\",\"@graph\":[{\"@type\":\"WebPage\",\"@id\":\"https:\/\/cpata-cabamc.ca\/fr\/ressources-publiques\/preoccupations-concernant-un-agent-de-brevets-ou-de-marques-de-commerce\/\",\"url\":\"https:\/\/cpata-cabamc.ca\/fr\/ressources-publiques\/preoccupations-concernant-un-agent-de-brevets-ou-de-marques-de-commerce\/\",\"name\":\"Pr\u00e9occupations concernant un agent de brevets ou de marques de commerce - CABAMC\",\"isPartOf\":{\"@id\":\"https:\/\/cpata-cabamc.ca\/fr\/#website\"},\"datePublished\":\"2021-12-14T18:28:31+00:00\",\"dateModified\":\"2024-06-12T16:14:57+00:00\",\"breadcrumb\":{\"@id\":\"https:\/\/cpata-cabamc.ca\/fr\/ressources-publiques\/preoccupations-concernant-un-agent-de-brevets-ou-de-marques-de-commerce\/#breadcrumb\"},\"inLanguage\":\"fr-FR\",\"potentialAction\":[{\"@type\":\"ReadAction\",\"target\":[\"https:\/\/cpata-cabamc.ca\/fr\/ressources-publiques\/preoccupations-concernant-un-agent-de-brevets-ou-de-marques-de-commerce\/\"]}]},{\"@type\":\"BreadcrumbList\",\"@id\":\"https:\/\/cpata-cabamc.ca\/fr\/ressources-publiques\/preoccupations-concernant-un-agent-de-brevets-ou-de-marques-de-commerce\/#breadcrumb\",\"itemListElement\":[{\"@type\":\"ListItem\",\"position\":1,\"name\":\"Accueil\",\"item\":\"https:\/\/cpata-cabamc.ca\/fr\/\"},{\"@type\":\"ListItem\",\"position\":2,\"name\":\"Ressources publiques\",\"item\":\"https:\/\/cpata-cabamc.ca\/fr\/public-resources\/\"},{\"@type\":\"ListItem\",\"position\":3,\"name\":\"Pr\u00e9occupations concernant un agent de brevets ou de marques de commerce\"}]},{\"@type\":\"WebSite\",\"@id\":\"https:\/\/cpata-cabamc.ca\/fr\/#website\",\"url\":\"https:\/\/cpata-cabamc.ca\/fr\/\",\"name\":\"CABAMC\",\"description\":\"CABAMC\",\"publisher\":{\"@id\":\"https:\/\/cpata-cabamc.ca\/fr\/#organization\"},\"potentialAction\":[{\"@type\":\"SearchAction\",\"target\":{\"@type\":\"EntryPoint\",\"urlTemplate\":\"https:\/\/cpata-cabamc.ca\/fr\/?s={search_term_string}\"},\"query-input\":{\"@type\":\"PropertyValueSpecification\",\"valueRequired\":true,\"valueName\":\"search_term_string\"}}],\"inLanguage\":\"fr-FR\"},{\"@type\":\"Organization\",\"@id\":\"https:\/\/cpata-cabamc.ca\/fr\/#organization\",\"name\":\"CABAMC\",\"url\":\"https:\/\/cpata-cabamc.ca\/fr\/\",\"logo\":{\"@type\":\"ImageObject\",\"inLanguage\":\"fr-FR\",\"@id\":\"https:\/\/cpata-cabamc.ca\/fr\/#\/schema\/logo\/image\/\",\"url\":\"https:\/\/cpata-cabamc.ca\/wp-content\/uploads\/2021\/02\/Logo-Light-RGB.svg\",\"contentUrl\":\"https:\/\/cpata-cabamc.ca\/wp-content\/uploads\/2021\/02\/Logo-Light-RGB.svg\",\"caption\":\"CABAMC\"},\"image\":{\"@id\":\"https:\/\/cpata-cabamc.ca\/fr\/#\/schema\/logo\/image\/\"}}]}<\/script>\n<!-- \/ Yoast SEO plugin. -->","yoast_head_json":{"title":"Pr\u00e9occupations concernant un agent de brevets ou de marques de commerce - CABAMC","robots":{"index":"index","follow":"follow","max-snippet":"max-snippet:-1","max-image-preview":"max-image-preview:large","max-video-preview":"max-video-preview:-1"},"canonical":"https:\/\/cpata-cabamc.ca\/fr\/ressources-publiques\/preoccupations-concernant-un-agent-de-brevets-ou-de-marques-de-commerce\/","og_locale":"fr_FR","og_type":"article","og_title":"Pr\u00e9occupations concernant un agent de brevets ou de marques de commerce - CABAMC","og_description":"Le principal mandat du CABAMC consiste \u00e0 prot\u00e9ger les membres du public recevant des services","og_url":"https:\/\/cpata-cabamc.ca\/fr\/ressources-publiques\/preoccupations-concernant-un-agent-de-brevets-ou-de-marques-de-commerce\/","og_site_name":"CABAMC","article_modified_time":"2024-06-12T16:14:57+00:00","twitter_card":"summary_large_image","twitter_misc":{"Dur\u00e9e de lecture estim\u00e9e":"3 minutes"},"schema":{"@context":"https:\/\/schema.org","@graph":[{"@type":"WebPage","@id":"https:\/\/cpata-cabamc.ca\/fr\/ressources-publiques\/preoccupations-concernant-un-agent-de-brevets-ou-de-marques-de-commerce\/","url":"https:\/\/cpata-cabamc.ca\/fr\/ressources-publiques\/preoccupations-concernant-un-agent-de-brevets-ou-de-marques-de-commerce\/","name":"Pr\u00e9occupations concernant un agent de brevets ou de marques de commerce - CABAMC","isPartOf":{"@id":"https:\/\/cpata-cabamc.ca\/fr\/#website"},"datePublished":"2021-12-14T18:28:31+00:00","dateModified":"2024-06-12T16:14:57+00:00","breadcrumb":{"@id":"https:\/\/cpata-cabamc.ca\/fr\/ressources-publiques\/preoccupations-concernant-un-agent-de-brevets-ou-de-marques-de-commerce\/#breadcrumb"},"inLanguage":"fr-FR","potentialAction":[{"@type":"ReadAction","target":["https:\/\/cpata-cabamc.ca\/fr\/ressources-publiques\/preoccupations-concernant-un-agent-de-brevets-ou-de-marques-de-commerce\/"]}]},{"@type":"BreadcrumbList","@id":"https:\/\/cpata-cabamc.ca\/fr\/ressources-publiques\/preoccupations-concernant-un-agent-de-brevets-ou-de-marques-de-commerce\/#breadcrumb","itemListElement":[{"@type":"ListItem","position":1,"name":"Accueil","item":"https:\/\/cpata-cabamc.ca\/fr\/"},{"@type":"ListItem","position":2,"name":"Ressources publiques","item":"https:\/\/cpata-cabamc.ca\/fr\/public-resources\/"},{"@type":"ListItem","position":3,"name":"Pr\u00e9occupations concernant un agent de brevets ou de marques de commerce"}]},{"@type":"WebSite","@id":"https:\/\/cpata-cabamc.ca\/fr\/#website","url":"https:\/\/cpata-cabamc.ca\/fr\/","name":"CABAMC","description":"CABAMC","publisher":{"@id":"https:\/\/cpata-cabamc.ca\/fr\/#organization"},"potentialAction":[{"@type":"SearchAction","target":{"@type":"EntryPoint","urlTemplate":"https:\/\/cpata-cabamc.ca\/fr\/?s={search_term_string}"},"query-input":{"@type":"PropertyValueSpecification","valueRequired":true,"valueName":"search_term_string"}}],"inLanguage":"fr-FR"},{"@type":"Organization","@id":"https:\/\/cpata-cabamc.ca\/fr\/#organization","name":"CABAMC","url":"https:\/\/cpata-cabamc.ca\/fr\/","logo":{"@type":"ImageObject","inLanguage":"fr-FR","@id":"https:\/\/cpata-cabamc.ca\/fr\/#\/schema\/logo\/image\/","url":"https:\/\/cpata-cabamc.ca\/wp-content\/uploads\/2021\/02\/Logo-Light-RGB.svg","contentUrl":"https:\/\/cpata-cabamc.ca\/wp-content\/uploads\/2021\/02\/Logo-Light-RGB.svg","caption":"CABAMC"},"image":{"@id":"https:\/\/cpata-cabamc.ca\/fr\/#\/schema\/logo\/image\/"}}]}},"_links":{"self":[{"href":"https:\/\/cpata-cabamc.ca\/fr\/wp-json\/wp\/v2\/pages\/4821","targetHints":{"allow":["GET"]}}],"collection":[{"href":"https:\/\/cpata-cabamc.ca\/fr\/wp-json\/wp\/v2\/pages"}],"about":[{"href":"https:\/\/cpata-cabamc.ca\/fr\/wp-json\/wp\/v2\/types\/page"}],"author":[{"embeddable":true,"href":"https:\/\/cpata-cabamc.ca\/fr\/wp-json\/wp\/v2\/users\/6"}],"replies":[{"embeddable":true,"href":"https:\/\/cpata-cabamc.ca\/fr\/wp-json\/wp\/v2\/comments?post=4821"}],"version-history":[{"count":0,"href":"https:\/\/cpata-cabamc.ca\/fr\/wp-json\/wp\/v2\/pages\/4821\/revisions"}],"up":[{"embeddable":true,"href":"https:\/\/cpata-cabamc.ca\/fr\/wp-json\/wp\/v2\/pages\/4683"}],"wp:attachment":[{"href":"https:\/\/cpata-cabamc.ca\/fr\/wp-json\/wp\/v2\/media?parent=4821"}],"wp:term":[{"taxonomy":"folder","embeddable":true,"href":"https:\/\/cpata-cabamc.ca\/fr\/wp-json\/wp\/v2\/folder?post=4821"}],"curies":[{"name":"wp","href":"https:\/\/api.w.org\/{rel}","templated":true}]}}