{"id":4521,"date":"2021-12-10T00:57:33","date_gmt":"2021-12-10T00:57:33","guid":{"rendered":"https:\/\/cpatacabamcdev.wpengine.com\/?page_id=4521"},"modified":"2024-05-03T16:02:16","modified_gmt":"2024-05-03T16:02:16","slug":"agents-en-formation","status":"publish","type":"page","link":"https:\/\/cpata-cabamc.ca\/fr\/a-propos-de-nous\/politiques-du-registraire\/agents-en-formation\/","title":{"rendered":"Agents en formation"},"content":{"rendered":"\t\t<div data-elementor-type=\"wp-page\" data-elementor-id=\"4521\" class=\"elementor elementor-4521 elementor-4459\" data-elementor-post-type=\"page\">\n\t\t\t\t\t\t<section class=\"elementor-section elementor-top-section elementor-element elementor-element-d38e259 elementor-section-boxed elementor-section-height-default elementor-section-height-default\" data-id=\"d38e259\" data-element_type=\"section\" data-e-type=\"section\">\n\t\t\t\t\t\t<div class=\"elementor-container elementor-column-gap-default\">\n\t\t\t\t\t<div class=\"elementor-column elementor-col-100 elementor-top-column elementor-element elementor-element-59cb2f1\" data-id=\"59cb2f1\" data-element_type=\"column\" data-e-type=\"column\">\n\t\t\t<div class=\"elementor-widget-wrap elementor-element-populated\">\n\t\t\t\t\t\t<div class=\"elementor-element elementor-element-01ca18b elementor-widget elementor-widget-text-editor\" data-id=\"01ca18b\" data-element_type=\"widget\" data-e-type=\"widget\" data-widget_type=\"text-editor.default\">\n\t\t\t\t<div class=\"elementor-widget-container\">\n\t\t\t\t\t\t\t\t\t<p><a href=\"https:\/\/cpata-cabamc.ca\/wp-content\/uploads\/2022\/04\/Agents-en-formation-.pdf\" download=\"\">T\u00e9l\u00e9charger le PDF<\/a><\/p><table><tbody><tr><td width=\"177\"><p><strong>ARTICLES APPLICABLES DE LA LOI, DU R\u00c8GLEMENT ET DES R\u00c8GLEMENTS ADMINISTRATIFS et\/ou<\/strong><\/p><p><strong>DES OBJECTIFS<\/strong><\/p><\/td><td colspan=\"3\" width=\"515\"><p>Loi sur le CABAMC, paragraphes 26(2), 29(2) R\u00e8glement, articles 6, 7, 10, 11<\/p><p>R\u00e8glements administratifs, article 48<\/p><\/td><\/tr><tr><td width=\"177\"><p><strong>RESPONSABILIT\u00c9<\/strong><\/p><\/td><td colspan=\"3\" width=\"515\"><p>Registraire<\/p><\/td><\/tr><tr><td width=\"177\"><p><strong>APPROUV\u00c9E<\/strong> <strong>PAR<\/strong><\/p><\/td><td width=\"172\"><p><strong>EN VIGUEUR<\/strong><\/p><\/td><td width=\"172\"><p><strong>EXAMIN\u00c9E<\/strong><\/p><\/td><td width=\"171\"><p><strong>R\u00c9VIS\u00c9E<\/strong><\/p><\/td><\/tr><tr><td width=\"177\"><p><strong>Registrar<\/strong><\/p><\/td><td width=\"172\"><p>Le 28 juin 2021<\/p><\/td><td width=\"172\"><p>Le 24 f\u00e9vrier 2022<\/p><p>Le 8 ao\u00fbt 2023<\/p><\/td><td width=\"171\"><p>Le 24 f\u00e9vrier 2022<\/p><p>Le 8 ao\u00fbt 2023<\/p><\/td><\/tr><\/tbody><\/table>\t\t\t\t\t\t\t\t<\/div>\n\t\t\t\t<\/div>\n\t\t\t\t\t<\/div>\n\t\t<\/div>\n\t\t\t\t\t<\/div>\n\t\t<\/section>\n\t\t\t\t<section class=\"elementor-section elementor-top-section elementor-element elementor-element-c8f95bf elementor-section-boxed elementor-section-height-default elementor-section-height-default\" data-id=\"c8f95bf\" data-element_type=\"section\" data-e-type=\"section\">\n\t\t\t\t\t\t<div class=\"elementor-container elementor-column-gap-default\">\n\t\t\t\t\t<div class=\"elementor-column elementor-col-100 elementor-top-column elementor-element elementor-element-ff75513\" data-id=\"ff75513\" data-element_type=\"column\" data-e-type=\"column\">\n\t\t\t<div class=\"elementor-widget-wrap elementor-element-populated\">\n\t\t\t\t\t\t<div class=\"elementor-element elementor-element-56685a1 elementor-widget elementor-widget-text-editor\" data-id=\"56685a1\" data-element_type=\"widget\" data-e-type=\"widget\" data-widget_type=\"text-editor.default\">\n\t\t\t\t<div class=\"elementor-widget-container\">\n\t\t\t\t\t\t\t\t\tDans le cadre de la pr\u00e9sente politique\u00a0:\n<ol type=\"a\">\n \t<li>\u00ab\u00a0Demandeur\u00a0\u00bb d\u00e9signe une personne qui a pr\u00e9sent\u00e9 une demande au Coll\u00e8ge pour devenir agent de brevets ou agent de marques de commerce en formation;<\/li>\n \t<li>\u00ab\u00a0Agent\u00a0\u00bb d\u00e9signe une personne inscrite aupr\u00e8s du Coll\u00e8ge comme agent de brevets ou agent de marques de commerce.<\/li>\n<\/ol>\t\t\t\t\t\t\t\t<\/div>\n\t\t\t\t<\/div>\n\t\t\t\t\t<\/div>\n\t\t<\/div>\n\t\t\t\t\t<\/div>\n\t\t<\/section>\n\t\t\t\t<section class=\"elementor-section elementor-top-section elementor-element elementor-element-cb2bea7 elementor-section-boxed elementor-section-height-default elementor-section-height-default\" data-id=\"cb2bea7\" data-element_type=\"section\" data-e-type=\"section\">\n\t\t\t\t\t\t<div class=\"elementor-container elementor-column-gap-default\">\n\t\t\t\t\t<div class=\"elementor-column elementor-col-100 elementor-top-column elementor-element elementor-element-5e8c12d\" data-id=\"5e8c12d\" data-element_type=\"column\" data-e-type=\"column\">\n\t\t\t<div class=\"elementor-widget-wrap elementor-element-populated\">\n\t\t\t\t\t\t<div class=\"elementor-element elementor-element-5e9cee8 elementor-widget elementor-widget-heading\" data-id=\"5e9cee8\" data-element_type=\"widget\" data-e-type=\"widget\" data-widget_type=\"heading.default\">\n\t\t\t\t<div class=\"elementor-widget-container\">\n\t\t\t\t\t<h3 class=\"elementor-heading-title elementor-size-default\">Politique\n<\/h3>\t\t\t\t<\/div>\n\t\t\t\t<\/div>\n\t\t\t\t<div class=\"elementor-element elementor-element-07a7409 elementor-widget elementor-widget-text-editor\" data-id=\"07a7409\" data-element_type=\"widget\" data-e-type=\"widget\" data-widget_type=\"text-editor.default\">\n\t\t\t\t<div class=\"elementor-widget-container\">\n\t\t\t\t\t\t\t\t\t<p>Le programme d\u2019inscription du Coll\u00e8ge veille \u00e0 ce que les personnes qui pr\u00e9sentent une demande pour devenir agent en formation satisfassent aux exigences en mati\u00e8re de r\u00e9sidence canadienne, de bonne r\u00e9putation, d\u2019aptitude \u00e0 la pratique, de comp\u00e9tence linguistique et de formation supervis\u00e9e.<\/p><p><strong><u>Examen par le registraire<\/u><\/strong><\/p><p>Apr\u00e8s avoir examin\u00e9 une demande, le registraire peut prendre l\u2019une des mesures suivantes\u00a0:<\/p><ol><li>Inscrire le demandeur, avec ou sans restriction. S\u2019il faut imposer des restrictions, une d\u00e9cision motiv\u00e9e sera communiqu\u00e9e, accompagn\u00e9e d\u2019instructions pour faire appel de la d\u00e9cision aupr\u00e8s du Comit\u00e9 d\u2019inscription.<\/li><li>Refuser d\u2019inscrire le demandeur. En pareil cas, une d\u00e9cision motiv\u00e9e sera communiqu\u00e9e, accompagn\u00e9e d\u2019instructions pour faire appel de la d\u00e9cision aupr\u00e8s du Comit\u00e9 d\u2019inscription.<\/li><li>Demander des renseignements suppl\u00e9mentaires. En pareil cas, il aura \u00e9t\u00e9 impossible pour le registraire de rendre une d\u00e9cision en fonction des renseignements fournis, et il r\u00e9examinera la demande accompagn\u00e9e de nouveaux arguments.<\/li><\/ol><p>D\u00e8s l\u2019approbation de la demande, le registraire doit fixer la date d\u2019entr\u00e9e en vigueur du permis.\u00a0\u00a0<\/p><p><strong><u>Demandes incompl\u00e8tes <\/u><\/strong><\/p><p>Une demande sera ferm\u00e9e lorsqu\u2019un demandeur\u00a0:<\/p><ul><li>n\u2019a pas fourni les documents ou informations demand\u00e9s; et<\/li><li>n\u2019a fait preuve d\u2019aucun effort en vue d\u2019obtenir et de fournir les documents ou informations demand\u00e9s dans les d\u00e9lais impartis.<\/li><\/ul><p>Au besoin, les demandeurs peuvent demander une prolongation du d\u00e9lai accord\u00e9 pour soumettre les documents ou informations demand\u00e9s.<\/p><p>Les frais de demande ne seront pas rembours\u00e9s pour les demandes ainsi ferm\u00e9es.<\/p><p>Le cas \u00e9ch\u00e9ant, une nouvelle demande, accompagn\u00e9e des pi\u00e8ces justificatives et des informations alors requises, doit \u00eatre d\u00e9pos\u00e9e.<\/p>\t\t\t\t\t\t\t\t<\/div>\n\t\t\t\t<\/div>\n\t\t\t\t\t<\/div>\n\t\t<\/div>\n\t\t\t\t\t<\/div>\n\t\t<\/section>\n\t\t\t\t<section class=\"elementor-section elementor-top-section elementor-element elementor-element-17d698e elementor-section-boxed elementor-section-height-default elementor-section-height-default\" data-id=\"17d698e\" data-element_type=\"section\" data-e-type=\"section\">\n\t\t\t\t\t\t<div class=\"elementor-container elementor-column-gap-default\">\n\t\t\t\t\t<div class=\"elementor-column elementor-col-100 elementor-top-column elementor-element elementor-element-8893f1e\" data-id=\"8893f1e\" data-element_type=\"column\" data-e-type=\"column\">\n\t\t\t<div class=\"elementor-widget-wrap elementor-element-populated\">\n\t\t\t\t\t\t<div class=\"elementor-element elementor-element-939e782 elementor-widget elementor-widget-heading\" data-id=\"939e782\" data-element_type=\"widget\" data-e-type=\"widget\" data-widget_type=\"heading.default\">\n\t\t\t\t<div class=\"elementor-widget-container\">\n\t\t\t\t\t<h2 class=\"elementor-heading-title elementor-size-default\">PROC\u00c9DURES<\/h2>\t\t\t\t<\/div>\n\t\t\t\t<\/div>\n\t\t\t\t<div class=\"elementor-element elementor-element-472554f elementor-widget elementor-widget-text-editor\" data-id=\"472554f\" data-element_type=\"widget\" data-e-type=\"widget\" data-widget_type=\"text-editor.default\">\n\t\t\t\t<div class=\"elementor-widget-container\">\n\t\t\t\t\t\t\t\t\t<ol>\n \t<li>Une personne quelconque doit pr\u00e9senter le formulaire de demande d\u2019inscription \u00e0 titre d\u2019agent en formation (cat\u00e9gorie\u00a03), et lui indiquer les frais exig\u00e9s pour la demande et les pi\u00e8ces justificatives qui sont pr\u00e9cis\u00e9es dans la liste de contr\u00f4le de la demande.<\/li>\n \t<li>Le personnel d\u2019inscription doit accuser r\u00e9ception de la demande, saisir la demande dans la base de donn\u00e9es des membres du Coll\u00e8ge, traiter les frais de dossier et v\u00e9rifier si la demande est d\u00fbment remplie.<\/li>\n \t<li>Le personnel d\u2019inscription doit effectuer deux suivis aupr\u00e8s du demandeur s\u2019il manque des documents ou des renseignements dans sa demande, ou s\u2019il faut obtenir des documents ou des renseignements suppl\u00e9mentaires pour permettre au registraire de proc\u00e9der \u00e0 l\u2019examen.\n<ol style=\"list-style-type: lower-alpha\">\n \t<li>Si le demandeur ne fournit pas la documentation ou les informations demand\u00e9es dans les 30\u00a0jours suivant la premi\u00e8re demande de suivi, le personnel de l\u2019inscription effectuera un deuxi\u00e8me suivi. Si le demandeur ne fournit pas les documents ou les informations demand\u00e9s et n\u2019a fait preuve d\u2019aucun effort dans ce sens dans les 30\u00a0jours suivant la deuxi\u00e8me demande, la demande sera alors ferm\u00e9e. Les demandeurs dont la demande a \u00e9t\u00e9 ferm\u00e9e en raison de leur manquement \u00e0 fournir les documents ou informations demand\u00e9s seront inform\u00e9s par \u00e9crit.<\/li>\n \t<li>Au besoin, les demandeurs peuvent demander une prolongation du d\u00e9lai accord\u00e9 pour soumettre les documents ou informations demand\u00e9s en envoyant un courriel \u00e0 la directrice de l\u2019inscription et de l\u2019\u00e9ducation \u00e0 l\u2019adresse suivante\u00a0: <a href=\"mailto:DirRegistration@cpata-cabamc.ca\">DirRegistration@cpata-cabamc.ca<\/a>.<\/li>\n<\/ol>\n<\/li>\n \t<li>Le personnel d\u2019inscription doit pr\u00e9parer les demandes d\u00fbment remplies pour permettre au registraire de proc\u00e9der \u00e0 l\u2019examen et de rendre une d\u00e9cision.<\/li>\n \t<li>Le registraire doit examiner la demande et rendre une d\u00e9cision.<\/li>\n \t<li>Le personnel d\u2019inscription doit communiquer par \u00e9crit la d\u00e9cision du registraire au demandeur, et lui donner des instructions pour faire appel de la d\u00e9cision aupr\u00e8s du Comit\u00e9 d\u2019inscription si le registraire d\u00e9cide de refuser la demande pour un motif quelconque.<\/li>\n<\/ol>\t\t\t\t\t\t\t\t<\/div>\n\t\t\t\t<\/div>\n\t\t\t\t\t<\/div>\n\t\t<\/div>\n\t\t\t\t\t<\/div>\n\t\t<\/section>\n\t\t\t\t<section class=\"elementor-section elementor-top-section elementor-element elementor-element-6760c41 elementor-section-boxed elementor-section-height-default elementor-section-height-default\" data-id=\"6760c41\" data-element_type=\"section\" data-e-type=\"section\">\n\t\t\t\t\t\t<div class=\"elementor-container elementor-column-gap-default\">\n\t\t\t\t\t<div class=\"elementor-column elementor-col-100 elementor-top-column elementor-element elementor-element-a3f334a\" data-id=\"a3f334a\" data-element_type=\"column\" data-e-type=\"column\">\n\t\t\t<div class=\"elementor-widget-wrap elementor-element-populated\">\n\t\t\t\t\t\t<div class=\"elementor-element elementor-element-3e5103f elementor-widget elementor-widget-heading\" data-id=\"3e5103f\" data-element_type=\"widget\" data-e-type=\"widget\" data-widget_type=\"heading.default\">\n\t\t\t\t<div class=\"elementor-widget-container\">\n\t\t\t\t\t<h2 class=\"elementor-heading-title elementor-size-default\">Politiques CONNEXES du registraire\n<\/h2>\t\t\t\t<\/div>\n\t\t\t\t<\/div>\n\t\t\t\t<div class=\"elementor-element elementor-element-4122bbb elementor-widget elementor-widget-text-editor\" data-id=\"4122bbb\" data-element_type=\"widget\" data-e-type=\"widget\" data-widget_type=\"text-editor.default\">\n\t\t\t\t<div class=\"elementor-widget-container\">\n\t\t\t\t\t\t\t\t\t<p><a href=\"https:\/\/cpata-cabamc.ca\/fr\/a-propos-de-nous\/politiques-de-reglementation\/residence-canadienne\/\">R\u00e9sidence canadienne<\/a><\/p><p><a href=\"https:\/\/cpata-cabamc.ca\/fr\/a-propos-de-nous\/politiques-de-reglementation\/bonne-reputation-et-daptitude-a-la-pratique\/\">Bonne r\u00e9putation et aptitude \u00e0 la pratique<\/a><\/p><p><a href=\"https:\/\/cpata-cabamc.ca\/fr\/a-propos-de-nous\/politiques-de-reglementation\/competence-linguistique\/\">Comp\u00e9tence linguistiques<\/a><\/p>\t\t\t\t\t\t\t\t<\/div>\n\t\t\t\t<\/div>\n\t\t\t\t\t<\/div>\n\t\t<\/div>\n\t\t\t\t\t<\/div>\n\t\t<\/section>\n\t\t\t\t<section class=\"elementor-section elementor-top-section elementor-element elementor-element-cd8a568 elementor-section-boxed elementor-section-height-default elementor-section-height-default\" data-id=\"cd8a568\" data-element_type=\"section\" data-e-type=\"section\">\n\t\t\t\t\t\t<div class=\"elementor-container elementor-column-gap-default\">\n\t\t\t\t\t<div class=\"elementor-column elementor-col-100 elementor-top-column elementor-element elementor-element-a521d86\" data-id=\"a521d86\" data-element_type=\"column\" data-e-type=\"column\">\n\t\t\t<div class=\"elementor-widget-wrap elementor-element-populated\">\n\t\t\t\t\t\t<div class=\"elementor-element elementor-element-ca06594 elementor-widget elementor-widget-heading\" data-id=\"ca06594\" data-element_type=\"widget\" data-e-type=\"widget\" data-widget_type=\"heading.default\">\n\t\t\t\t<div class=\"elementor-widget-container\">\n\t\t\t\t\t<h2 class=\"elementor-heading-title elementor-size-default\">R\u00c9F\u00c9RENCES<\/h2>\t\t\t\t<\/div>\n\t\t\t\t<\/div>\n\t\t\t\t<div class=\"elementor-element elementor-element-94b643f elementor-widget elementor-widget-text-editor\" data-id=\"94b643f\" data-element_type=\"widget\" data-e-type=\"widget\" data-widget_type=\"text-editor.default\">\n\t\t\t\t<div class=\"elementor-widget-container\">\n\t\t\t\t\t\t\t\t\t<p><a href=\"https:\/\/cpata-cabamc.ca\/fr\/a-propos-de-nous\/reglement-sur-le-college\/\">R\u00e8glement sur le CABAMC<\/a><\/p><p><a href=\"https:\/\/cpata-cabamc.ca\/fr\/a-propos-de-nous\/reglementation\/reglements-administratifs-du-college\/\">R\u00e8glements administratifs du CABAMC<\/a><\/p><p><a href=\"https:\/\/laws-lois.justice.gc.ca\/fra\/lois\/c-33.7\/TexteComplet.html\">Loi sur le CABAMC<\/a><\/p><p><a href=\"https:\/\/cpata-cabamc.ca\/fr\/a-propos-de-nous\/politiques-de-gouvernance\/politique-du-conseil-no-2-objectifs-normes-et-principes-reglementaires\/\">Objectifs, normes et principes r\u00e9glementaires du CABAMC<\/a><\/p>\t\t\t\t\t\t\t\t<\/div>\n\t\t\t\t<\/div>\n\t\t\t\t\t<\/div>\n\t\t<\/div>\n\t\t\t\t\t<\/div>\n\t\t<\/section>\n\t\t\t\t<\/div>\n\t\t","protected":false},"excerpt":{"rendered":"<p>T\u00e9l\u00e9charger le PDF ARTICLES APPLICABLES DE LA LOI, DU R\u00c8GLEMENT ET DES R\u00c8GLEMENTS ADMINISTRATIFS et\/ou<\/p>\n","protected":false},"author":6,"featured_media":0,"parent":4104,"menu_order":0,"comment_status":"closed","ping_status":"closed","template":"","meta":{"_acf_changed":false,"_monsterinsights_skip_tracking":false,"_monsterinsights_sitenote_active":false,"_monsterinsights_sitenote_note":"","_monsterinsights_sitenote_category":0,"site-sidebar-layout":"no-sidebar","site-content-layout":"page-builder","ast-site-content-layout":"default","site-content-style":"default","site-sidebar-style":"default","ast-global-header-display":"","ast-banner-title-visibility":"","ast-main-header-display":"","ast-hfb-above-header-display":"","ast-hfb-below-header-display":"","ast-hfb-mobile-header-display":"","site-post-title":"disabled","ast-breadcrumbs-content":"","ast-featured-img":"disabled","footer-sml-layout":"","theme-transparent-header-meta":"default","adv-header-id-meta":"","stick-header-meta":"","header-above-stick-meta":"","header-main-stick-meta":"","header-below-stick-meta":"","astra-migrate-meta-layouts":"default","ast-page-background-enabled":"default","ast-page-background-meta":{"desktop":{"background-color":"","background-image":"","background-repeat":"repeat","background-position":"center center","background-size":"auto","background-attachment":"scroll","background-type":"","background-media":"","overlay-type":"","overlay-color":"","overlay-opacity":"","overlay-gradient":""},"tablet":{"background-color":"","background-image":"","background-repeat":"repeat","background-position":"center center","background-size":"auto","background-attachment":"scroll","background-type":"","background-media":"","overlay-type":"","overlay-color":"","overlay-opacity":"","overlay-gradient":""},"mobile":{"background-color":"","background-image":"","background-repeat":"repeat","background-position":"center center","background-size":"auto","background-attachment":"scroll","background-type":"","background-media":"","overlay-type":"","overlay-color":"","overlay-opacity":"","overlay-gradient":""}},"ast-content-background-meta":{"desktop":{"background-color":"var(--ast-global-color-5)","background-image":"","background-repeat":"repeat","background-position":"center center","background-size":"auto","background-attachment":"scroll","background-type":"","background-media":"","overlay-type":"","overlay-color":"","overlay-opacity":"","overlay-gradient":""},"tablet":{"background-color":"var(--ast-global-color-5)","background-image":"","background-repeat":"repeat","background-position":"center center","background-size":"auto","background-attachment":"scroll","background-type":"","background-media":"","overlay-type":"","overlay-color":"","overlay-opacity":"","overlay-gradient":""},"mobile":{"background-color":"var(--ast-global-color-5)","background-image":"","background-repeat":"repeat","background-position":"center center","background-size":"auto","background-attachment":"scroll","background-type":"","background-media":"","overlay-type":"","overlay-color":"","overlay-opacity":"","overlay-gradient":""}},"footnotes":""},"folder":[],"class_list":["post-4521","page","type-page","status-publish","hentry"],"acf":[],"yoast_head":"<!-- This site is optimized with the Yoast SEO plugin v27.2 - https:\/\/yoast.com\/product\/yoast-seo-wordpress\/ -->\n<title>Agents en formation - CABAMC<\/title>\n<meta name=\"robots\" content=\"index, follow, max-snippet:-1, max-image-preview:large, max-video-preview:-1\" \/>\n<link rel=\"canonical\" href=\"https:\/\/cpata-cabamc.ca\/fr\/a-propos-de-nous\/politiques-du-registraire\/agents-en-formation\/\" \/>\n<meta property=\"og:locale\" content=\"fr_FR\" \/>\n<meta property=\"og:type\" content=\"article\" \/>\n<meta property=\"og:title\" content=\"Agents en formation - CABAMC\" \/>\n<meta property=\"og:description\" content=\"T\u00e9l\u00e9charger le PDF ARTICLES APPLICABLES DE LA LOI, DU R\u00c8GLEMENT ET DES R\u00c8GLEMENTS ADMINISTRATIFS et\/ou\" \/>\n<meta property=\"og:url\" content=\"https:\/\/cpata-cabamc.ca\/fr\/a-propos-de-nous\/politiques-du-registraire\/agents-en-formation\/\" \/>\n<meta property=\"og:site_name\" content=\"CABAMC\" \/>\n<meta property=\"article:modified_time\" content=\"2024-05-03T16:02:16+00:00\" \/>\n<meta name=\"twitter:card\" content=\"summary_large_image\" \/>\n<meta name=\"twitter:label1\" content=\"Dur\u00e9e de lecture estim\u00e9e\" \/>\n\t<meta name=\"twitter:data1\" content=\"4 minutes\" \/>\n<script type=\"application\/ld+json\" class=\"yoast-schema-graph\">{\"@context\":\"https:\/\/schema.org\",\"@graph\":[{\"@type\":\"WebPage\",\"@id\":\"https:\/\/cpata-cabamc.ca\/fr\/a-propos-de-nous\/politiques-du-registraire\/agents-en-formation\/\",\"url\":\"https:\/\/cpata-cabamc.ca\/fr\/a-propos-de-nous\/politiques-du-registraire\/agents-en-formation\/\",\"name\":\"Agents en formation - CABAMC\",\"isPartOf\":{\"@id\":\"https:\/\/cpata-cabamc.ca\/fr\/#website\"},\"datePublished\":\"2021-12-10T00:57:33+00:00\",\"dateModified\":\"2024-05-03T16:02:16+00:00\",\"breadcrumb\":{\"@id\":\"https:\/\/cpata-cabamc.ca\/fr\/a-propos-de-nous\/politiques-du-registraire\/agents-en-formation\/#breadcrumb\"},\"inLanguage\":\"fr-FR\",\"potentialAction\":[{\"@type\":\"ReadAction\",\"target\":[\"https:\/\/cpata-cabamc.ca\/fr\/a-propos-de-nous\/politiques-du-registraire\/agents-en-formation\/\"]}]},{\"@type\":\"BreadcrumbList\",\"@id\":\"https:\/\/cpata-cabamc.ca\/fr\/a-propos-de-nous\/politiques-du-registraire\/agents-en-formation\/#breadcrumb\",\"itemListElement\":[{\"@type\":\"ListItem\",\"position\":1,\"name\":\"Accueil\",\"item\":\"https:\/\/cpata-cabamc.ca\/fr\/\"},{\"@type\":\"ListItem\",\"position\":2,\"name\":\"\u00c0 propos de nous\",\"item\":\"https:\/\/cpata-cabamc.ca\/fr\/about-us\/\"},{\"@type\":\"ListItem\",\"position\":3,\"name\":\"Politiques du registraire\",\"item\":\"https:\/\/cpata-cabamc.ca\/fr\/a-propos-de-nous\/politiques-du-registraire\/\"},{\"@type\":\"ListItem\",\"position\":4,\"name\":\"Agents en formation\"}]},{\"@type\":\"WebSite\",\"@id\":\"https:\/\/cpata-cabamc.ca\/fr\/#website\",\"url\":\"https:\/\/cpata-cabamc.ca\/fr\/\",\"name\":\"CABAMC\",\"description\":\"CABAMC\",\"publisher\":{\"@id\":\"https:\/\/cpata-cabamc.ca\/fr\/#organization\"},\"potentialAction\":[{\"@type\":\"SearchAction\",\"target\":{\"@type\":\"EntryPoint\",\"urlTemplate\":\"https:\/\/cpata-cabamc.ca\/fr\/?s={search_term_string}\"},\"query-input\":{\"@type\":\"PropertyValueSpecification\",\"valueRequired\":true,\"valueName\":\"search_term_string\"}}],\"inLanguage\":\"fr-FR\"},{\"@type\":\"Organization\",\"@id\":\"https:\/\/cpata-cabamc.ca\/fr\/#organization\",\"name\":\"CABAMC\",\"url\":\"https:\/\/cpata-cabamc.ca\/fr\/\",\"logo\":{\"@type\":\"ImageObject\",\"inLanguage\":\"fr-FR\",\"@id\":\"https:\/\/cpata-cabamc.ca\/fr\/#\/schema\/logo\/image\/\",\"url\":\"https:\/\/cpata-cabamc.ca\/wp-content\/uploads\/2021\/02\/Logo-Light-RGB.svg\",\"contentUrl\":\"https:\/\/cpata-cabamc.ca\/wp-content\/uploads\/2021\/02\/Logo-Light-RGB.svg\",\"caption\":\"CABAMC\"},\"image\":{\"@id\":\"https:\/\/cpata-cabamc.ca\/fr\/#\/schema\/logo\/image\/\"}}]}<\/script>\n<!-- \/ Yoast SEO plugin. -->","yoast_head_json":{"title":"Agents en formation - CABAMC","robots":{"index":"index","follow":"follow","max-snippet":"max-snippet:-1","max-image-preview":"max-image-preview:large","max-video-preview":"max-video-preview:-1"},"canonical":"https:\/\/cpata-cabamc.ca\/fr\/a-propos-de-nous\/politiques-du-registraire\/agents-en-formation\/","og_locale":"fr_FR","og_type":"article","og_title":"Agents en formation - CABAMC","og_description":"T\u00e9l\u00e9charger le PDF ARTICLES APPLICABLES DE LA LOI, DU R\u00c8GLEMENT ET DES R\u00c8GLEMENTS ADMINISTRATIFS et\/ou","og_url":"https:\/\/cpata-cabamc.ca\/fr\/a-propos-de-nous\/politiques-du-registraire\/agents-en-formation\/","og_site_name":"CABAMC","article_modified_time":"2024-05-03T16:02:16+00:00","twitter_card":"summary_large_image","twitter_misc":{"Dur\u00e9e de lecture estim\u00e9e":"4 minutes"},"schema":{"@context":"https:\/\/schema.org","@graph":[{"@type":"WebPage","@id":"https:\/\/cpata-cabamc.ca\/fr\/a-propos-de-nous\/politiques-du-registraire\/agents-en-formation\/","url":"https:\/\/cpata-cabamc.ca\/fr\/a-propos-de-nous\/politiques-du-registraire\/agents-en-formation\/","name":"Agents en formation - CABAMC","isPartOf":{"@id":"https:\/\/cpata-cabamc.ca\/fr\/#website"},"datePublished":"2021-12-10T00:57:33+00:00","dateModified":"2024-05-03T16:02:16+00:00","breadcrumb":{"@id":"https:\/\/cpata-cabamc.ca\/fr\/a-propos-de-nous\/politiques-du-registraire\/agents-en-formation\/#breadcrumb"},"inLanguage":"fr-FR","potentialAction":[{"@type":"ReadAction","target":["https:\/\/cpata-cabamc.ca\/fr\/a-propos-de-nous\/politiques-du-registraire\/agents-en-formation\/"]}]},{"@type":"BreadcrumbList","@id":"https:\/\/cpata-cabamc.ca\/fr\/a-propos-de-nous\/politiques-du-registraire\/agents-en-formation\/#breadcrumb","itemListElement":[{"@type":"ListItem","position":1,"name":"Accueil","item":"https:\/\/cpata-cabamc.ca\/fr\/"},{"@type":"ListItem","position":2,"name":"\u00c0 propos de nous","item":"https:\/\/cpata-cabamc.ca\/fr\/about-us\/"},{"@type":"ListItem","position":3,"name":"Politiques du registraire","item":"https:\/\/cpata-cabamc.ca\/fr\/a-propos-de-nous\/politiques-du-registraire\/"},{"@type":"ListItem","position":4,"name":"Agents en formation"}]},{"@type":"WebSite","@id":"https:\/\/cpata-cabamc.ca\/fr\/#website","url":"https:\/\/cpata-cabamc.ca\/fr\/","name":"CABAMC","description":"CABAMC","publisher":{"@id":"https:\/\/cpata-cabamc.ca\/fr\/#organization"},"potentialAction":[{"@type":"SearchAction","target":{"@type":"EntryPoint","urlTemplate":"https:\/\/cpata-cabamc.ca\/fr\/?s={search_term_string}"},"query-input":{"@type":"PropertyValueSpecification","valueRequired":true,"valueName":"search_term_string"}}],"inLanguage":"fr-FR"},{"@type":"Organization","@id":"https:\/\/cpata-cabamc.ca\/fr\/#organization","name":"CABAMC","url":"https:\/\/cpata-cabamc.ca\/fr\/","logo":{"@type":"ImageObject","inLanguage":"fr-FR","@id":"https:\/\/cpata-cabamc.ca\/fr\/#\/schema\/logo\/image\/","url":"https:\/\/cpata-cabamc.ca\/wp-content\/uploads\/2021\/02\/Logo-Light-RGB.svg","contentUrl":"https:\/\/cpata-cabamc.ca\/wp-content\/uploads\/2021\/02\/Logo-Light-RGB.svg","caption":"CABAMC"},"image":{"@id":"https:\/\/cpata-cabamc.ca\/fr\/#\/schema\/logo\/image\/"}}]}},"_links":{"self":[{"href":"https:\/\/cpata-cabamc.ca\/fr\/wp-json\/wp\/v2\/pages\/4521","targetHints":{"allow":["GET"]}}],"collection":[{"href":"https:\/\/cpata-cabamc.ca\/fr\/wp-json\/wp\/v2\/pages"}],"about":[{"href":"https:\/\/cpata-cabamc.ca\/fr\/wp-json\/wp\/v2\/types\/page"}],"author":[{"embeddable":true,"href":"https:\/\/cpata-cabamc.ca\/fr\/wp-json\/wp\/v2\/users\/6"}],"replies":[{"embeddable":true,"href":"https:\/\/cpata-cabamc.ca\/fr\/wp-json\/wp\/v2\/comments?post=4521"}],"version-history":[{"count":4,"href":"https:\/\/cpata-cabamc.ca\/fr\/wp-json\/wp\/v2\/pages\/4521\/revisions"}],"predecessor-version":[{"id":19358,"href":"https:\/\/cpata-cabamc.ca\/fr\/wp-json\/wp\/v2\/pages\/4521\/revisions\/19358"}],"up":[{"embeddable":true,"href":"https:\/\/cpata-cabamc.ca\/fr\/wp-json\/wp\/v2\/pages\/4104"}],"wp:attachment":[{"href":"https:\/\/cpata-cabamc.ca\/fr\/wp-json\/wp\/v2\/media?parent=4521"}],"wp:term":[{"taxonomy":"folder","embeddable":true,"href":"https:\/\/cpata-cabamc.ca\/fr\/wp-json\/wp\/v2\/folder?post=4521"}],"curies":[{"name":"wp","href":"https:\/\/api.w.org\/{rel}","templated":true}]}}