{"id":4237,"date":"2021-12-09T20:45:18","date_gmt":"2021-12-09T20:45:18","guid":{"rendered":"https:\/\/cpatacabamcdev.wpengine.com\/?page_id=4237"},"modified":"2021-12-10T01:34:20","modified_gmt":"2021-12-10T01:34:20","slug":"politique-du-registraire-sur-la-resolution-rapide-des-enquetes-liees-a-la-conduite-des-agents","status":"publish","type":"page","link":"https:\/\/cpata-cabamc.ca\/fr\/a-propos-de-nous\/politiques-du-registraire\/politique-du-registraire-sur-la-resolution-rapide-des-enquetes-liees-a-la-conduite-des-agents\/","title":{"rendered":"Politique sur la r\u00e9solution rapide des enqu\u00eates li\u00e9es \u00e0 la conduite des agents"},"content":{"rendered":"\t\t<div data-elementor-type=\"wp-page\" data-elementor-id=\"4237\" class=\"elementor elementor-4237 elementor-4203\" data-elementor-post-type=\"page\">\n\t\t\t\t\t\t<section class=\"elementor-section elementor-top-section elementor-element elementor-element-9ec8e95 elementor-section-boxed elementor-section-height-default elementor-section-height-default\" data-id=\"9ec8e95\" data-element_type=\"section\" data-e-type=\"section\">\n\t\t\t\t\t\t<div class=\"elementor-container elementor-column-gap-default\">\n\t\t\t\t\t<div class=\"elementor-column elementor-col-100 elementor-top-column elementor-element elementor-element-43674a2\" data-id=\"43674a2\" data-element_type=\"column\" data-e-type=\"column\">\n\t\t\t<div class=\"elementor-widget-wrap elementor-element-populated\">\n\t\t\t\t\t\t<div class=\"elementor-element elementor-element-32f0e27 elementor-widget elementor-widget-text-editor\" data-id=\"32f0e27\" data-element_type=\"widget\" data-e-type=\"widget\" data-widget_type=\"text-editor.default\">\n\t\t\t\t<div class=\"elementor-widget-container\">\n\t\t\t\t\t\t\t\t\t<p><a href=\"https:\/\/cpata-cabamc.ca\/wp-content\/uploads\/2021\/12\/Politiques-du-Registraire-La-resolution-rapide-des-enquetes-liees-a-la-conduite-des-agents-Early-Resolution-2.pdf\">T\u00e9l\u00e9charger le PDF<\/a><\/p>\t\t\t\t\t\t\t\t<\/div>\n\t\t\t\t<\/div>\n\t\t\t\t<div class=\"elementor-element elementor-element-91a8772 elementor-widget elementor-widget-text-editor\" data-id=\"91a8772\" data-element_type=\"widget\" data-e-type=\"widget\" data-widget_type=\"text-editor.default\">\n\t\t\t\t<div class=\"elementor-widget-container\">\n\t\t\t\t\t\t\t\t\t<h2 aria-level=\"1\">POLITIQUE DU REGISTRAIRE SUR LA R\u00c9SOLUTION RAPIDE DES ENQU\u00caTES LI\u00c9ES \u00c0 LA CONDUITE DES AGENTS<a href=\"#ft1\"><sup>1<\/sup><\/a><\/h2><p aria-level=\"2\">Moderne et ax\u00e9 sur l\u2019att\u00e9nuation des risques, le CABAMC est l\u2019organisme de r\u00e9glementation d\u2019int\u00e9r\u00eat public des agents canadiens de brevets et de marques de commerce. Notre principal mandat consiste \u00e0 prot\u00e9ger et \u00e0 promouvoir l\u2019int\u00e9r\u00eat du public en ce qui concerne la prestation de services relatifs aux brevets et aux marques de commerce. Nous r\u00e9glementons en vertu de la loi, du r\u00e8glement, des r\u00e8glements administratifs ainsi que des objectifs, des normes et des principes r\u00e9glementaires. Ce faisant, nous pouvons faire montre d\u2019agilit\u00e9 et de proactivit\u00e9 et adopter de nouvelles m\u00e9thodes afin de tendre vers l\u2019excellence. Nous \u00e9tablissons des normes d\u2019\u00e9thique et de pratique destin\u00e9es aux agents en exercice. Nous les soutenons et veillons \u00e0 leur application par l\u2019entremise de diverses activit\u00e9s, notamment de services de conseil et de soutien, ainsi que d\u2019un syst\u00e8me de plainte et de discipline, au besoin. Les politiques du registraire soutiennent une r\u00e9glementation de haute qualit\u00e9 en mod\u00e9lisant les meilleures pratiques et d\u00e9crivent les processus auxquels nous recourons <strong>pour rendre nos d\u00e9cisions<\/strong>.<\/p>\t\t\t\t\t\t\t\t<\/div>\n\t\t\t\t<\/div>\n\t\t\t\t<div class=\"elementor-element elementor-element-3e734ad elementor-widget elementor-widget-heading\" data-id=\"3e734ad\" data-element_type=\"widget\" data-e-type=\"widget\" data-widget_type=\"heading.default\">\n\t\t\t\t<div class=\"elementor-widget-container\">\n\t\t\t\t\t<h3 class=\"elementor-heading-title elementor-size-default\">Introduction<\/h3>\t\t\t\t<\/div>\n\t\t\t\t<\/div>\n\t\t\t\t<div class=\"elementor-element elementor-element-a99ad78 elementor-widget elementor-widget-text-editor\" data-id=\"a99ad78\" data-element_type=\"widget\" data-e-type=\"widget\" data-widget_type=\"text-editor.default\">\n\t\t\t\t<div class=\"elementor-widget-container\">\n\t\t\t\t\t\t\t\t\t<ol>\n \t<li>Les agents de brevets et de marques de commerce sont tenus de se conformer \u00e0 des normes d\u2019\u00e9thique et de comp\u00e9tence de haut calibre. Le CABAMC aide les titulaires de permis \u00e0 atteindre ces normes et \u00e0 les maintenir. Le public attend des titulaires de permis qu\u2019ils soient comp\u00e9tents, respectueux de l\u2019\u00e9thique et qu\u2019ils adoptent une conduite conforme aux exigences applicables. Si ce n\u2019est pas le cas, il peut s\u2019attendre \u00e0 ce que le CABAMC, en qualit\u00e9 d\u2019organisme de r\u00e9glementation, intervienne dans les circonstances ad\u00e9quates pour r\u00e9pondre \u00e0 ces pr\u00e9occupations ou \u00e0 ces plaintes.Pour examiner les questions relatives \u00e0 la conduite ou au comportement des titulaires de permis, il convient de se tourner en premier lieu vers le registraire. Bien souvent, le moyen le plus rapide et efficace d\u2019aborder les questions li\u00e9es \u00e0 la conduite d\u2019un agent consiste avant tout \u00e0 d\u00e9terminer s\u2019il est possible d\u2019y r\u00e9pondre ou de les r\u00e9gler par l\u2019entremise de cette proc\u00e9dure d\u2019enqu\u00eate informelle, plut\u00f4t que par le d\u00e9p\u00f4t d\u2019une plainte.<\/li>\n \t<li>Pour ce faire, il est possible de remplir et de soumettre un <u>Formulaire d\u2019enqu\u00eate sur la conduite d\u2019un agent<\/u>. Lors de l\u2019examen du formulaire, le registraire \u00e9tudiera la possibilit\u00e9 de r\u00e9pondre aux questions ou de les r\u00e9gler et en discutera avec l\u2019auteur de la demande. Pour d\u00e9terminer si le Coll\u00e8ge est habilit\u00e9 \u00e0 r\u00e9pondre aux pr\u00e9occupations soulev\u00e9es, le registraire \u00e9tudiera l\u2019objet de l\u2019enqu\u00eate et discutera avec l\u2019auteur de la demande afin de d\u00e9terminer\u00a0:<\/li>\n \t<li style=\"list-style-type: none;\">\n<ol type=\"a\">\n \t<li>si elle rel\u00e8ve d\u2019une comp\u00e9tence autre que celle du Coll\u00e8ge;<\/li>\n \t<li>si la conduite d\u2019une enqu\u00eate peut se r\u00e9v\u00e9ler pr\u00e9matur\u00e9e;<\/li>\n \t<li>si elle all\u00e8gue une infraction technique \u00e0 la loi, aux r\u00e8glements administratifs, aux normes professionnelles ou au code qui ne constitue probablement pas une faute professionnelle ou une incomp\u00e9tence;<\/li>\n \t<li>si elle peut \u00eatre per\u00e7ue comme ayant \u00e9t\u00e9 soumise \u00e0 des fins accessoires ou ill\u00e9gitimes, notamment\u00a0:\n<ol type=\"a\">\n \t<li>si elle est soumise dans le but de harceler un titulaire de permis;<\/li>\n \t<li>si elle est soumise dans le but de solliciter des mesures r\u00e9paratoires pouvant plut\u00f4t \u00eatre obtenues par l\u2019entremise d\u2019une proc\u00e9dure au civil;<\/li>\n \t<li>si elle est soumise par une partie aux int\u00e9r\u00eats oppos\u00e9s \u00e0 ceux d\u2019un client du titulaire de permis faisant l\u2019objet de la plainte, dans le but de harceler le client;<\/li>\n \t<li>si elle est soumise \u00e0 titre de d\u00e9couverte ou dans le but de collecter des renseignements \u00e0 utiliser dans un autre acte de proc\u00e9dure;<\/li>\n \t<li>si elle ne dispose pas d\u2019un fondement factuel suffisant;<\/li>\n \t<li>si les pr\u00e9occupations ont \u00e9t\u00e9 soulev\u00e9es dans un d\u00e9lai si tardif que la conduite d\u2019une enqu\u00eate pourrait se r\u00e9v\u00e9ler difficile et potentiellement injuste.<\/li>\n<\/ol>\n<\/li>\n<\/ol>\n<\/li>\n<\/ol>\n<ol start=\"3\">\n \t<li>Apr\u00e8s avoir \u00e9valu\u00e9 l\u2019objet de l\u2019enqu\u00eate et en avoir discut\u00e9 avec l\u2019auteur de la demande, si ce dernier convient que ses pr\u00e9occupations ne semblent pas constituer un motif de plainte (c.-\u00e0-d., les questions ou pr\u00e9occupations ne rel\u00e8vent pas de la comp\u00e9tence du Coll\u00e8ge, ou il est peu probable que le d\u00e9p\u00f4t d\u2019une plainte lui permette d\u2019obtenir les r\u00e9sultats souhait\u00e9s), le registraire peut tout de m\u00eame contribuer \u00e0 r\u00e9gler les pr\u00e9occupations soulev\u00e9es en fournissant \u00e0 l\u2019auteur de la demande des ressources ainsi que d\u2019autres renseignements, ou tenter de l\u2019aider \u00e0 r\u00e9pondre \u00e0 ses questions en communiquant avec l\u2019agent, si les circonstances s\u2019y pr\u00eatent.<\/li>\n<\/ol>\n<ol start=\"4\">\n \t<li>La proc\u00e9dure de r\u00e9solution rapide des enqu\u00eates li\u00e9es \u00e0 la conduite d\u2019un agent est destin\u00e9e \u00e0 r\u00e9tablir la confiance et les relations entre les parties prenantes, \u00e0 veiller \u00e0 ce que les services offerts par les titulaires de permis soient conformes aux normes de comp\u00e9tence et d\u2019\u00e9thique auxquelles ils sont assujettis, et vise \u00e0\u00a0:\n\n<ol type=\"a\">\n \t<li>donner \u00e0 l\u2019auteur de la demande les moyens d\u2019agir;<\/li>\n \t<li>comprendre les pr\u00e9occupations exprim\u00e9es et le contexte dans lequel elles ont \u00e9t\u00e9 soulev\u00e9es;<\/li>\n \t<li>cerner les pr\u00e9judices susceptibles d\u2019avoir \u00e9t\u00e9 caus\u00e9s par le titulaire de permis;<\/li>\n \t<li>\u00e9tudier les options visant \u00e0 r\u00e9tablir une relation ou \u00e0 r\u00e9gler une pr\u00e9occupation;<\/li>\n \t<li>encourager l\u2019apprentissage du titulaire de permis ainsi que sa capacit\u00e9 \u00e0 rendre des comptes;<\/li>\n \t<li>r\u00e9soudre efficacement les pr\u00e9occupations, tant dans l\u2019int\u00e9r\u00eat de l\u2019auteur de la demande que de celui du titulaire de permis.<\/li>\n<\/ol>\n<\/li>\n<ol start=\"5\">\n \t<li>Afin d\u2019assurer la r\u00e9solution rapide d\u2019une enqu\u00eate sur la conduite d\u2019un agent, le registraire peut, avec le consentement de l\u2019auteur de la demande et, s\u2019il y a lieu, du titulaire de permis, entreprendre une ou plusieurs des mesures suivantes\u00a0:\n<ol type=\"a\">\n \t<li>communiquer avec l\u2019auteur de la demande par t\u00e9l\u00e9phone, par vid\u00e9oconf\u00e9rence ou par courriel pour obtenir de plus amples renseignements et \u00e9tudier la possibilit\u00e9 de proc\u00e9der \u00e0 une r\u00e9solution informelle;<\/li>\n \t<li>communiquer avec le titulaire de permis par t\u00e9l\u00e9phone, par vid\u00e9oconf\u00e9rence ou par courriel pour obtenir de plus amples renseignements et \u00e9tudier la possibilit\u00e9 de proc\u00e9der \u00e0 une r\u00e9solution informelle;<\/li>\n \t<li>organiser un \u00e9change de commentaires \u00e9crits entre l\u2019auteur de la demande et le titulaire de permis;<\/li>\n \t<li>tenir une conversation en personne, par t\u00e9l\u00e9phone ou vid\u00e9oconf\u00e9rence avec l\u2019auteur de la demande et le titulaire de permis en vue d\u2019\u00e9tudier les possibilit\u00e9s de r\u00e9solution;<\/li>\n \t<li>obtenir du titulaire de permis une entente document\u00e9e visant \u00e0 r\u00e9soudre les questions;<\/li>\n \t<li>fournir au titulaire de permis des conseils et des directives sous diverses formes;<\/li>\n \t<li>entreprendre toute autre mesure d\u00e9termin\u00e9e par le registraire, dont l\u2019auteur de la demande et le titulaire du permis conviennent qu\u2019elle pourrait contribuer \u00e0 r\u00e9soudre les pr\u00e9occupations de mani\u00e8re informelle.<\/li>\n<\/ol>\n<\/ol>\n<ol start=\"6\">\n \t<li>Le registraire conserva un registre de toutes les demandes, de toutes les mesures entreprises pour proc\u00e9der \u00e0 leur r\u00e9solution rapide, de la mani\u00e8re dont les questions ont \u00e9t\u00e9 r\u00e9gl\u00e9es avec le consentement des parties, et fera cons\u00e9cutivement parvenir \u00e0 l\u2019auteur de la demande et au titulaire de permis la confirmation \u00e9crite que les pr\u00e9occupations ont \u00e9t\u00e9 r\u00e9solues.<\/li>\n \t<li>Si la proc\u00e9dure de r\u00e9solution rapide ne permet pas de r\u00e9soudre les pr\u00e9occupations, l\u2019auteur de la demande peut choisir de d\u00e9poser une plainte. Il est \u00e9galement possible de proc\u00e9der directement au d\u00e9p\u00f4t d\u2019une plainte sans passer par la proc\u00e9dure de r\u00e9solution rapide.<\/li>\n<\/ol>\n<\/li>\n<\/ol>\t\t\t\t\t\t\t\t<\/div>\n\t\t\t\t<\/div>\n\t\t\t\t<div class=\"elementor-element elementor-element-f784b8d elementor-widget-divider--view-line elementor-widget elementor-widget-divider\" data-id=\"f784b8d\" data-element_type=\"widget\" data-e-type=\"widget\" data-widget_type=\"divider.default\">\n\t\t\t\t<div class=\"elementor-widget-container\">\n\t\t\t\t\t\t\t<div class=\"elementor-divider\">\n\t\t\t<span class=\"elementor-divider-separator\">\n\t\t\t\t\t\t<\/span>\n\t\t<\/div>\n\t\t\t\t\t\t<\/div>\n\t\t\t\t<\/div>\n\t\t\t\t<div class=\"elementor-element elementor-element-8d22567 elementor-widget elementor-widget-text-editor\" data-id=\"8d22567\" data-element_type=\"widget\" data-e-type=\"widget\" id=\"ft1\" data-widget_type=\"text-editor.default\">\n\t\t\t\t<div class=\"elementor-widget-container\">\n\t\t\t\t\t\t\t\t\t<sup>1<\/sup>La pr\u00e9sente politique doit \u00eatre lue \u00e0 la lumi\u00e8re des articles\u00a037 \u00e0 50 de la loi, des articles\u00a012 \u00e0 15 du r\u00e8glement, du r\u00e8glement administratif\u00a060 et des objectifs de la proc\u00e9dure de traitement des plaintes\t\t\t\t\t\t\t\t<\/div>\n\t\t\t\t<\/div>\n\t\t\t\t\t<\/div>\n\t\t<\/div>\n\t\t\t\t\t<\/div>\n\t\t<\/section>\n\t\t\t\t<\/div>\n\t\t","protected":false},"excerpt":{"rendered":"<p>T\u00e9l\u00e9charger le PDF POLITIQUE DU REGISTRAIRE SUR LA R\u00c9SOLUTION RAPIDE DES ENQU\u00caTES LI\u00c9ES \u00c0 LA<\/p>\n","protected":false},"author":6,"featured_media":0,"parent":4104,"menu_order":0,"comment_status":"closed","ping_status":"closed","template":"","meta":{"_acf_changed":false,"_monsterinsights_skip_tracking":false,"_monsterinsights_sitenote_active":false,"_monsterinsights_sitenote_note":"","_monsterinsights_sitenote_category":0,"site-sidebar-layout":"no-sidebar","site-content-layout":"page-builder","ast-site-content-layout":"default","site-content-style":"default","site-sidebar-style":"default","ast-global-header-display":"","ast-banner-title-visibility":"","ast-main-header-display":"","ast-hfb-above-header-display":"","ast-hfb-below-header-display":"","ast-hfb-mobile-header-display":"","site-post-title":"disabled","ast-breadcrumbs-content":"","ast-featured-img":"disabled","footer-sml-layout":"","theme-transparent-header-meta":"default","adv-header-id-meta":"","stick-header-meta":"","header-above-stick-meta":"","header-main-stick-meta":"","header-below-stick-meta":"","astra-migrate-meta-layouts":"default","ast-page-background-enabled":"default","ast-page-background-meta":{"desktop":{"background-color":"","background-image":"","background-repeat":"repeat","background-position":"center center","background-size":"auto","background-attachment":"scroll","background-type":"","background-media":"","overlay-type":"","overlay-color":"","overlay-opacity":"","overlay-gradient":""},"tablet":{"background-color":"","background-image":"","background-repeat":"repeat","background-position":"center center","background-size":"auto","background-attachment":"scroll","background-type":"","background-media":"","overlay-type":"","overlay-color":"","overlay-opacity":"","overlay-gradient":""},"mobile":{"background-color":"","background-image":"","background-repeat":"repeat","background-position":"center center","background-size":"auto","background-attachment":"scroll","background-type":"","background-media":"","overlay-type":"","overlay-color":"","overlay-opacity":"","overlay-gradient":""}},"ast-content-background-meta":{"desktop":{"background-color":"var(--ast-global-color-5)","background-image":"","background-repeat":"repeat","background-position":"center center","background-size":"auto","background-attachment":"scroll","background-type":"","background-media":"","overlay-type":"","overlay-color":"","overlay-opacity":"","overlay-gradient":""},"tablet":{"background-color":"var(--ast-global-color-5)","background-image":"","background-repeat":"repeat","background-position":"center center","background-size":"auto","background-attachment":"scroll","background-type":"","background-media":"","overlay-type":"","overlay-color":"","overlay-opacity":"","overlay-gradient":""},"mobile":{"background-color":"var(--ast-global-color-5)","background-image":"","background-repeat":"repeat","background-position":"center center","background-size":"auto","background-attachment":"scroll","background-type":"","background-media":"","overlay-type":"","overlay-color":"","overlay-opacity":"","overlay-gradient":""}},"footnotes":""},"folder":[],"class_list":["post-4237","page","type-page","status-publish","hentry"],"acf":[],"yoast_head":"<!-- This site is optimized with the Yoast SEO plugin v27.2 - https:\/\/yoast.com\/product\/yoast-seo-wordpress\/ -->\n<title>Politique sur la r\u00e9solution rapide des enqu\u00eates li\u00e9es \u00e0 la conduite des agents - CABAMC<\/title>\n<meta name=\"robots\" content=\"index, follow, max-snippet:-1, max-image-preview:large, max-video-preview:-1\" \/>\n<link rel=\"canonical\" href=\"https:\/\/cpata-cabamc.ca\/fr\/a-propos-de-nous\/politiques-du-registraire\/politique-du-registraire-sur-la-resolution-rapide-des-enquetes-liees-a-la-conduite-des-agents\/\" \/>\n<meta property=\"og:locale\" content=\"fr_FR\" \/>\n<meta property=\"og:type\" content=\"article\" \/>\n<meta property=\"og:title\" content=\"Politique sur la r\u00e9solution rapide des enqu\u00eates li\u00e9es \u00e0 la conduite des agents - CABAMC\" \/>\n<meta property=\"og:description\" content=\"T\u00e9l\u00e9charger le PDF POLITIQUE DU REGISTRAIRE SUR LA R\u00c9SOLUTION RAPIDE DES ENQU\u00caTES LI\u00c9ES \u00c0 LA\" \/>\n<meta property=\"og:url\" content=\"https:\/\/cpata-cabamc.ca\/fr\/a-propos-de-nous\/politiques-du-registraire\/politique-du-registraire-sur-la-resolution-rapide-des-enquetes-liees-a-la-conduite-des-agents\/\" \/>\n<meta property=\"og:site_name\" content=\"CABAMC\" \/>\n<meta property=\"article:modified_time\" content=\"2021-12-10T01:34:20+00:00\" \/>\n<meta name=\"twitter:card\" content=\"summary_large_image\" \/>\n<meta name=\"twitter:label1\" content=\"Dur\u00e9e de lecture estim\u00e9e\" \/>\n\t<meta name=\"twitter:data1\" content=\"6 minutes\" \/>\n<script type=\"application\/ld+json\" class=\"yoast-schema-graph\">{\"@context\":\"https:\/\/schema.org\",\"@graph\":[{\"@type\":\"WebPage\",\"@id\":\"https:\/\/cpata-cabamc.ca\/fr\/a-propos-de-nous\/politiques-du-registraire\/politique-du-registraire-sur-la-resolution-rapide-des-enquetes-liees-a-la-conduite-des-agents\/\",\"url\":\"https:\/\/cpata-cabamc.ca\/fr\/a-propos-de-nous\/politiques-du-registraire\/politique-du-registraire-sur-la-resolution-rapide-des-enquetes-liees-a-la-conduite-des-agents\/\",\"name\":\"Politique sur la r\u00e9solution rapide des enqu\u00eates li\u00e9es \u00e0 la conduite des agents - CABAMC\",\"isPartOf\":{\"@id\":\"https:\/\/cpata-cabamc.ca\/fr\/#website\"},\"datePublished\":\"2021-12-09T20:45:18+00:00\",\"dateModified\":\"2021-12-10T01:34:20+00:00\",\"breadcrumb\":{\"@id\":\"https:\/\/cpata-cabamc.ca\/fr\/a-propos-de-nous\/politiques-du-registraire\/politique-du-registraire-sur-la-resolution-rapide-des-enquetes-liees-a-la-conduite-des-agents\/#breadcrumb\"},\"inLanguage\":\"fr-FR\",\"potentialAction\":[{\"@type\":\"ReadAction\",\"target\":[\"https:\/\/cpata-cabamc.ca\/fr\/a-propos-de-nous\/politiques-du-registraire\/politique-du-registraire-sur-la-resolution-rapide-des-enquetes-liees-a-la-conduite-des-agents\/\"]}]},{\"@type\":\"BreadcrumbList\",\"@id\":\"https:\/\/cpata-cabamc.ca\/fr\/a-propos-de-nous\/politiques-du-registraire\/politique-du-registraire-sur-la-resolution-rapide-des-enquetes-liees-a-la-conduite-des-agents\/#breadcrumb\",\"itemListElement\":[{\"@type\":\"ListItem\",\"position\":1,\"name\":\"Accueil\",\"item\":\"https:\/\/cpata-cabamc.ca\/fr\/\"},{\"@type\":\"ListItem\",\"position\":2,\"name\":\"\u00c0 propos de nous\",\"item\":\"https:\/\/cpata-cabamc.ca\/fr\/about-us\/\"},{\"@type\":\"ListItem\",\"position\":3,\"name\":\"Politiques du registraire\",\"item\":\"https:\/\/cpata-cabamc.ca\/fr\/a-propos-de-nous\/politiques-du-registraire\/\"},{\"@type\":\"ListItem\",\"position\":4,\"name\":\"Politique sur la r\u00e9solution rapide des enqu\u00eates li\u00e9es \u00e0 la conduite des agents\"}]},{\"@type\":\"WebSite\",\"@id\":\"https:\/\/cpata-cabamc.ca\/fr\/#website\",\"url\":\"https:\/\/cpata-cabamc.ca\/fr\/\",\"name\":\"CABAMC\",\"description\":\"CABAMC\",\"publisher\":{\"@id\":\"https:\/\/cpata-cabamc.ca\/fr\/#organization\"},\"potentialAction\":[{\"@type\":\"SearchAction\",\"target\":{\"@type\":\"EntryPoint\",\"urlTemplate\":\"https:\/\/cpata-cabamc.ca\/fr\/?s={search_term_string}\"},\"query-input\":{\"@type\":\"PropertyValueSpecification\",\"valueRequired\":true,\"valueName\":\"search_term_string\"}}],\"inLanguage\":\"fr-FR\"},{\"@type\":\"Organization\",\"@id\":\"https:\/\/cpata-cabamc.ca\/fr\/#organization\",\"name\":\"CABAMC\",\"url\":\"https:\/\/cpata-cabamc.ca\/fr\/\",\"logo\":{\"@type\":\"ImageObject\",\"inLanguage\":\"fr-FR\",\"@id\":\"https:\/\/cpata-cabamc.ca\/fr\/#\/schema\/logo\/image\/\",\"url\":\"https:\/\/cpata-cabamc.ca\/wp-content\/uploads\/2021\/02\/Logo-Light-RGB.svg\",\"contentUrl\":\"https:\/\/cpata-cabamc.ca\/wp-content\/uploads\/2021\/02\/Logo-Light-RGB.svg\",\"caption\":\"CABAMC\"},\"image\":{\"@id\":\"https:\/\/cpata-cabamc.ca\/fr\/#\/schema\/logo\/image\/\"}}]}<\/script>\n<!-- \/ Yoast SEO plugin. -->","yoast_head_json":{"title":"Politique sur la r\u00e9solution rapide des enqu\u00eates li\u00e9es \u00e0 la conduite des agents - CABAMC","robots":{"index":"index","follow":"follow","max-snippet":"max-snippet:-1","max-image-preview":"max-image-preview:large","max-video-preview":"max-video-preview:-1"},"canonical":"https:\/\/cpata-cabamc.ca\/fr\/a-propos-de-nous\/politiques-du-registraire\/politique-du-registraire-sur-la-resolution-rapide-des-enquetes-liees-a-la-conduite-des-agents\/","og_locale":"fr_FR","og_type":"article","og_title":"Politique sur la r\u00e9solution rapide des enqu\u00eates li\u00e9es \u00e0 la conduite des agents - CABAMC","og_description":"T\u00e9l\u00e9charger le PDF POLITIQUE DU REGISTRAIRE SUR LA R\u00c9SOLUTION RAPIDE DES ENQU\u00caTES LI\u00c9ES \u00c0 LA","og_url":"https:\/\/cpata-cabamc.ca\/fr\/a-propos-de-nous\/politiques-du-registraire\/politique-du-registraire-sur-la-resolution-rapide-des-enquetes-liees-a-la-conduite-des-agents\/","og_site_name":"CABAMC","article_modified_time":"2021-12-10T01:34:20+00:00","twitter_card":"summary_large_image","twitter_misc":{"Dur\u00e9e de lecture estim\u00e9e":"6 minutes"},"schema":{"@context":"https:\/\/schema.org","@graph":[{"@type":"WebPage","@id":"https:\/\/cpata-cabamc.ca\/fr\/a-propos-de-nous\/politiques-du-registraire\/politique-du-registraire-sur-la-resolution-rapide-des-enquetes-liees-a-la-conduite-des-agents\/","url":"https:\/\/cpata-cabamc.ca\/fr\/a-propos-de-nous\/politiques-du-registraire\/politique-du-registraire-sur-la-resolution-rapide-des-enquetes-liees-a-la-conduite-des-agents\/","name":"Politique sur la r\u00e9solution rapide des enqu\u00eates li\u00e9es \u00e0 la conduite des agents - CABAMC","isPartOf":{"@id":"https:\/\/cpata-cabamc.ca\/fr\/#website"},"datePublished":"2021-12-09T20:45:18+00:00","dateModified":"2021-12-10T01:34:20+00:00","breadcrumb":{"@id":"https:\/\/cpata-cabamc.ca\/fr\/a-propos-de-nous\/politiques-du-registraire\/politique-du-registraire-sur-la-resolution-rapide-des-enquetes-liees-a-la-conduite-des-agents\/#breadcrumb"},"inLanguage":"fr-FR","potentialAction":[{"@type":"ReadAction","target":["https:\/\/cpata-cabamc.ca\/fr\/a-propos-de-nous\/politiques-du-registraire\/politique-du-registraire-sur-la-resolution-rapide-des-enquetes-liees-a-la-conduite-des-agents\/"]}]},{"@type":"BreadcrumbList","@id":"https:\/\/cpata-cabamc.ca\/fr\/a-propos-de-nous\/politiques-du-registraire\/politique-du-registraire-sur-la-resolution-rapide-des-enquetes-liees-a-la-conduite-des-agents\/#breadcrumb","itemListElement":[{"@type":"ListItem","position":1,"name":"Accueil","item":"https:\/\/cpata-cabamc.ca\/fr\/"},{"@type":"ListItem","position":2,"name":"\u00c0 propos de nous","item":"https:\/\/cpata-cabamc.ca\/fr\/about-us\/"},{"@type":"ListItem","position":3,"name":"Politiques du registraire","item":"https:\/\/cpata-cabamc.ca\/fr\/a-propos-de-nous\/politiques-du-registraire\/"},{"@type":"ListItem","position":4,"name":"Politique sur la r\u00e9solution rapide des enqu\u00eates li\u00e9es \u00e0 la conduite des agents"}]},{"@type":"WebSite","@id":"https:\/\/cpata-cabamc.ca\/fr\/#website","url":"https:\/\/cpata-cabamc.ca\/fr\/","name":"CABAMC","description":"CABAMC","publisher":{"@id":"https:\/\/cpata-cabamc.ca\/fr\/#organization"},"potentialAction":[{"@type":"SearchAction","target":{"@type":"EntryPoint","urlTemplate":"https:\/\/cpata-cabamc.ca\/fr\/?s={search_term_string}"},"query-input":{"@type":"PropertyValueSpecification","valueRequired":true,"valueName":"search_term_string"}}],"inLanguage":"fr-FR"},{"@type":"Organization","@id":"https:\/\/cpata-cabamc.ca\/fr\/#organization","name":"CABAMC","url":"https:\/\/cpata-cabamc.ca\/fr\/","logo":{"@type":"ImageObject","inLanguage":"fr-FR","@id":"https:\/\/cpata-cabamc.ca\/fr\/#\/schema\/logo\/image\/","url":"https:\/\/cpata-cabamc.ca\/wp-content\/uploads\/2021\/02\/Logo-Light-RGB.svg","contentUrl":"https:\/\/cpata-cabamc.ca\/wp-content\/uploads\/2021\/02\/Logo-Light-RGB.svg","caption":"CABAMC"},"image":{"@id":"https:\/\/cpata-cabamc.ca\/fr\/#\/schema\/logo\/image\/"}}]}},"_links":{"self":[{"href":"https:\/\/cpata-cabamc.ca\/fr\/wp-json\/wp\/v2\/pages\/4237","targetHints":{"allow":["GET"]}}],"collection":[{"href":"https:\/\/cpata-cabamc.ca\/fr\/wp-json\/wp\/v2\/pages"}],"about":[{"href":"https:\/\/cpata-cabamc.ca\/fr\/wp-json\/wp\/v2\/types\/page"}],"author":[{"embeddable":true,"href":"https:\/\/cpata-cabamc.ca\/fr\/wp-json\/wp\/v2\/users\/6"}],"replies":[{"embeddable":true,"href":"https:\/\/cpata-cabamc.ca\/fr\/wp-json\/wp\/v2\/comments?post=4237"}],"version-history":[{"count":0,"href":"https:\/\/cpata-cabamc.ca\/fr\/wp-json\/wp\/v2\/pages\/4237\/revisions"}],"up":[{"embeddable":true,"href":"https:\/\/cpata-cabamc.ca\/fr\/wp-json\/wp\/v2\/pages\/4104"}],"wp:attachment":[{"href":"https:\/\/cpata-cabamc.ca\/fr\/wp-json\/wp\/v2\/media?parent=4237"}],"wp:term":[{"taxonomy":"folder","embeddable":true,"href":"https:\/\/cpata-cabamc.ca\/fr\/wp-json\/wp\/v2\/folder?post=4237"}],"curies":[{"name":"wp","href":"https:\/\/api.w.org\/{rel}","templated":true}]}}