{"id":4100,"date":"2021-12-09T18:51:16","date_gmt":"2021-12-09T18:51:16","guid":{"rendered":"https:\/\/cpatacabamcdev.wpengine.com\/?page_id=4100"},"modified":"2023-07-07T19:58:55","modified_gmt":"2023-07-07T19:58:55","slug":"residence-canadienne","status":"publish","type":"page","link":"https:\/\/cpata-cabamc.ca\/fr\/a-propos-de-nous\/politiques-du-registraire\/residence-canadienne\/","title":{"rendered":"R\u00e9sidence canadienne"},"content":{"rendered":"\t\t<div data-elementor-type=\"wp-page\" data-elementor-id=\"4100\" class=\"elementor elementor-4100 elementor-3999\" data-elementor-post-type=\"page\">\n\t\t\t\t\t\t<section class=\"elementor-section elementor-top-section elementor-element elementor-element-12d1b1e elementor-section-boxed elementor-section-height-default elementor-section-height-default\" data-id=\"12d1b1e\" data-element_type=\"section\" data-e-type=\"section\">\n\t\t\t\t\t\t<div class=\"elementor-container elementor-column-gap-default\">\n\t\t\t\t\t<div class=\"elementor-column elementor-col-100 elementor-top-column elementor-element elementor-element-63dfbe6\" data-id=\"63dfbe6\" data-element_type=\"column\" data-e-type=\"column\">\n\t\t\t<div class=\"elementor-widget-wrap elementor-element-populated\">\n\t\t\t\t\t\t<div class=\"elementor-element elementor-element-22d62d3 elementor-widget elementor-widget-text-editor\" data-id=\"22d62d3\" data-element_type=\"widget\" data-e-type=\"widget\" data-widget_type=\"text-editor.default\">\n\t\t\t\t<div class=\"elementor-widget-container\">\n\t\t\t\t\t\t\t\t\t<p><a href=\"https:\/\/cpata-cabamc.ca\/wp-content\/uploads\/2021\/06\/Politiques-du-Registraire-Residence-canadienne-Canadian-Residence.pdf\">T\u00e9l\u00e9charger le PDF<\/a><\/p><table width=\"624\"><tbody><tr><td colspan=\"4\" width=\"624\"><h3>Politiques du registraire<\/h3><\/td><\/tr><tr><td width=\"159\"><p><strong>NOM DE LA POLITIQUE<\/strong><\/p><\/td><td colspan=\"3\" width=\"465\"><p>R\u00e9sidence canadienne<\/p><\/td><\/tr><tr><td width=\"159\"><p><strong>ARTICLES APPLICABLES DE LA LOI, DES R\u00c8GLEMENTS ADMINISTRATIFS ET DU R\u00c8GLEMENT<\/strong><\/p><\/td><td colspan=\"3\" width=\"465\"><p>R\u00e8glement, alin\u00e9as\u00a04a), 5a), 6a), 7a), 8a), 9a), 10a), 11a)<\/p><p>R\u00e8glements administratifs articles 45(1)(b), 48(1)(b)<\/p><\/td><\/tr><tr><td width=\"159\"><p><strong>Responsabilit\u00e9 <\/strong><\/p><\/td><td colspan=\"3\" width=\"465\"><p>Registraire<\/p><\/td><\/tr><tr><td width=\"159\"><p><strong>APPROUV\u00c9 PAR <\/strong><\/p><\/td><td width=\"156\"><p><strong>EN VIGUEUR\u00a0\u00a0\u00a0\u00a0\u00a0\u00a0\u00a0\u00a0\u00a0\u00a0\u00a0\u00a0\u00a0\u00a0\u00a0\u00a0\u00a0\u00a0\u00a0\u00a0\u00a0\u00a0\u00a0\u00a0\u00a0\u00a0\u00a0\u00a0\u00a0\u00a0\u00a0\u00a0\u00a0\u00a0\u00a0\u00a0\u00a0\u00a0 <\/strong><\/p><\/td><td width=\"155\"><p><strong>EXAMIN\u00c9\u00a0 <\/strong><\/p><\/td><td width=\"154\"><p><strong>R\u00c9VIS\u00c9<\/strong><\/p><\/td><\/tr><tr><td width=\"159\"><p><strong>Registraire<\/strong><\/p><\/td><td width=\"156\"><p>28\u00a0juin\u00a02021<\/p><\/td><td width=\"155\"><p>Juillet 2023<\/p><\/td><td width=\"154\"><p>7 juillet 2023<\/p><\/td><\/tr><\/tbody><\/table>\t\t\t\t\t\t\t\t<\/div>\n\t\t\t\t<\/div>\n\t\t\t\t<div class=\"elementor-element elementor-element-fd8e340 elementor-widget elementor-widget-text-editor\" data-id=\"fd8e340\" data-element_type=\"widget\" data-e-type=\"widget\" data-widget_type=\"text-editor.default\">\n\t\t\t\t<div class=\"elementor-widget-container\">\n\t\t\t\t\t\t\t\t\t<p>Dans le cadre de la pr\u00e9sente politique :<\/p><ol><li style=\"list-style-type: none;\"><ol start=\"1\" type=\"a\"><li>\u00ab Demandeur \u00bb d\u00e9signe une personne qui a pr\u00e9sent\u00e9 une demande au Coll\u00e8ge pour devenir agent de brevets ou agent de marques de commerce en formation;<\/li><li>\u00ab Agent \u00bb d\u00e9signe une personne inscrite aupr\u00e8s du Coll\u00e8ge comme agent de brevets ou agent de marques de commerce.<\/li><\/ol><\/li><\/ol>\t\t\t\t\t\t\t\t<\/div>\n\t\t\t\t<\/div>\n\t\t\t\t<div class=\"elementor-element elementor-element-d69c072 elementor-widget elementor-widget-heading\" data-id=\"d69c072\" data-element_type=\"widget\" data-e-type=\"widget\" data-widget_type=\"heading.default\">\n\t\t\t\t<div class=\"elementor-widget-container\">\n\t\t\t\t\t<h2 class=\"elementor-heading-title elementor-size-default\">Politique<\/h2>\t\t\t\t<\/div>\n\t\t\t\t<\/div>\n\t\t\t\t<div class=\"elementor-element elementor-element-aa0a7fa elementor-widget elementor-widget-text-editor\" data-id=\"aa0a7fa\" data-element_type=\"widget\" data-e-type=\"widget\" data-widget_type=\"text-editor.default\">\n\t\t\t\t<div class=\"elementor-widget-container\">\n\t\t\t\t\t\t\t\t\t<p>Le programme d\u2019inscription du Coll\u00e8ge veille \u00e0 ce que les personnes qui pr\u00e9sentent une demande pour devenir agent en formation et agent, ainsi que les agents satisfassent \u00e0 l\u2019exigence de r\u00e9sidence au Canada comme condition de leur inscription continue.<\/p><p>\u00a0<\/p><p>Afin de satisfaire aux exigences d\u2019inscription, le Coll\u00e8ge tient compte de divers facteurs indiquant la r\u00e9sidence. La priorit\u00e9 est accord\u00e9e \u00e0 l\u2019adresse domiciliaire ou professionnelle du demandeur ou de l\u2019agent.<\/p><p>\u00a0<\/p><p>Si un demandeur ou un agent ne r\u00e9pond pas \u00e0 la d\u00e9finition de r\u00e9sidence canadienne en raison de son adresse domiciliaire ou professionnelle, le Coll\u00e8ge examinera son statut de r\u00e9sidence au cas par cas en tenant compte de divers facteurs appel\u00e9s ici \u00ab liens de r\u00e9sidence secondaires \u00bb.<\/p>\t\t\t\t\t\t\t\t<\/div>\n\t\t\t\t<\/div>\n\t\t\t\t<div class=\"elementor-element elementor-element-b5fc1cb elementor-widget elementor-widget-heading\" data-id=\"b5fc1cb\" data-element_type=\"widget\" data-e-type=\"widget\" data-widget_type=\"heading.default\">\n\t\t\t\t<div class=\"elementor-widget-container\">\n\t\t\t\t\t<h2 class=\"elementor-heading-title elementor-size-default\">Proc\u00e9dures<\/h2>\t\t\t\t<\/div>\n\t\t\t\t<\/div>\n\t\t\t\t<div class=\"elementor-element elementor-element-e800a96 elementor-widget elementor-widget-text-editor\" data-id=\"e800a96\" data-element_type=\"widget\" data-e-type=\"widget\" data-widget_type=\"text-editor.default\">\n\t\t\t\t<div class=\"elementor-widget-container\">\n\t\t\t\t\t\t\t\t\t<ol><li>Un demandeur ou un agent qui ne r\u00e9pond pas \u00e0 la d\u00e9finition de r\u00e9sidence canadienne en raison de son adresse domiciliaire ou professionnelle sera tenu de fournir au registraire des documents \u00e0 l\u2019appui d\u00e9montrant des liens de r\u00e9sidence secondaires, qui peuvent comprendre une preuve notari\u00e9e des \u00e9l\u00e9ments suivants<a href=\"#footnote1\"><sup>1<\/sup><\/a>:<\/li><\/ol><p>\u00a0<\/p><ul><li>les biens personnels au Canada (par exemple, meubles, v\u00eatements, automobiles, v\u00e9hicules r\u00e9cr\u00e9atifs);<\/li><li>les liens sociaux avec le Canada (par exemple, l\u2019adh\u00e9sion \u00e0 une association r\u00e9cr\u00e9ative ou \u00e0 un organisme religieux);<\/li><li>les liens \u00e9conomiques avec le Canada (par exemple, un emploi avec un employeur canadien ou la participation active dans une entreprise canadienne, un compte aupr\u00e8s d\u2019une banque canadienne, et un r\u00e9gime d\u2019\u00e9pargne-retraite, une carte de cr\u00e9dit ou un compte de d\u00e9p\u00f4ts de titres au Canada);<\/li><li>le statut de r\u00e9sident permanent ou un permis de travail appropri\u00e9 au Canada;<\/li><li>la protection par un r\u00e9gime d\u2019assurance-hospitalisation ou d\u2019assurance-maladie d\u2019une province ou d\u2019un territoire du Canada;<\/li><li>un permis de conduire d\u2019une province ou d\u2019un territoire du Canada;<\/li><li>un v\u00e9hicule enregistr\u00e9 dans une province ou un territoire du Canada;<\/li><li>une r\u00e9sidence saisonni\u00e8re au Canada ou un logement lou\u00e9;<\/li><li>un passeport canadien;<\/li><li>l\u2019affiliation \u00e0 un syndicat ou \u00e0 une association professionnelle au Canada;<\/li><li>une adresse postale, un casier postal ou encore un coffre bancaire au Canada;<\/li><li>du papier \u00e0 lettre avec en-t\u00eate (y compris des cartes d\u2019affaires) portant une adresse au Canada.<\/li><\/ul><p>\u00a0<\/p><ol start=\"2\"><li>Le registraire examinera les \u00e9l\u00e9ments de preuve pr\u00e9sent\u00e9s par le demandeur ou l\u2019agent pour d\u00e9terminer si l\u2019exigence de r\u00e9sidence au Canada a \u00e9t\u00e9 satisfaite.<\/li><\/ol><p>\u00a0<\/p><ol start=\"3\"><li>La d\u00e9cision du registraire sera communiqu\u00e9e par \u00e9crit au demandeur ou \u00e0 l\u2019agent, et des instructions seront fournies pour faire appel de la d\u00e9cision aupr\u00e8s du Comit\u00e9 d\u2019inscription si le registraire juge que l\u2019exigence de r\u00e9sidence au Canada n\u2019est pas satisfaite pour quelque raison que ce soit.<\/li><\/ol>\t\t\t\t\t\t\t\t<\/div>\n\t\t\t\t<\/div>\n\t\t\t\t<div class=\"elementor-element elementor-element-fbce0be elementor-widget elementor-widget-text-editor\" data-id=\"fbce0be\" data-element_type=\"widget\" data-e-type=\"widget\" id=\"footnote1\" data-widget_type=\"text-editor.default\">\n\t\t\t\t<div class=\"elementor-widget-container\">\n\t\t\t\t\t\t\t\t\t<p>1 Ces facteurs sont adapt\u00e9s des crit\u00e8res utilis\u00e9s par l\u2019Agence du revenu du Canada pour d\u00e9terminer la r\u00e9sidence<\/p>\t\t\t\t\t\t\t\t<\/div>\n\t\t\t\t<\/div>\n\t\t\t\t<div class=\"elementor-element elementor-element-79e06da elementor-widget-divider--view-line elementor-widget elementor-widget-divider\" data-id=\"79e06da\" data-element_type=\"widget\" data-e-type=\"widget\" data-widget_type=\"divider.default\">\n\t\t\t\t<div class=\"elementor-widget-container\">\n\t\t\t\t\t\t\t<div class=\"elementor-divider\">\n\t\t\t<span class=\"elementor-divider-separator\">\n\t\t\t\t\t\t<\/span>\n\t\t<\/div>\n\t\t\t\t\t\t<\/div>\n\t\t\t\t<\/div>\n\t\t\t\t<div class=\"elementor-element elementor-element-6590613 elementor-widget elementor-widget-heading\" data-id=\"6590613\" data-element_type=\"widget\" data-e-type=\"widget\" data-widget_type=\"heading.default\">\n\t\t\t\t<div class=\"elementor-widget-container\">\n\t\t\t\t\t<h3 class=\"elementor-heading-title elementor-size-default\">R\u00c9F\u00c9RENCES <\/h3>\t\t\t\t<\/div>\n\t\t\t\t<\/div>\n\t\t\t\t<div class=\"elementor-element elementor-element-7c9ab7a elementor-widget elementor-widget-text-editor\" data-id=\"7c9ab7a\" data-element_type=\"widget\" data-e-type=\"widget\" data-widget_type=\"text-editor.default\">\n\t\t\t\t<div class=\"elementor-widget-container\">\n\t\t\t\t\t\t\t\t\t<p><a href=\"https:\/\/laws-lois.justice.gc.ca\/fra\/lois\/c-33.7\/TexteComplet.html\">Loi sur le Coll\u00e8ge des agents de brevets et des agents de marques de commerce<\/a><\/p><p><a href=\"https:\/\/laws-lois.justice.gc.ca\/fra\/reglements\/DORS-2021-129\/page-1.html\">R\u00e8glement sur le Coll\u00e8ge des agents de brevets et des agents de marques de commerce<\/a><\/p><p><a href=\"https:\/\/laws.justice.gc.ca\/fra\/reglements\/DORS-2023-73\/page-1.html\">R\u00e8glement administratif du Coll\u00e8ge des agents de brevets et des agents de marque de commerce<\/a><\/p>\t\t\t\t\t\t\t\t<\/div>\n\t\t\t\t<\/div>\n\t\t\t\t\t<\/div>\n\t\t<\/div>\n\t\t\t\t\t<\/div>\n\t\t<\/section>\n\t\t\t\t<\/div>\n\t\t","protected":false},"excerpt":{"rendered":"<p>T\u00e9l\u00e9charger le PDF Politiques du registraire NOM DE LA POLITIQUE R\u00e9sidence canadienne ARTICLES APPLICABLES DE<\/p>\n","protected":false},"author":6,"featured_media":0,"parent":4104,"menu_order":0,"comment_status":"closed","ping_status":"closed","template":"","meta":{"_acf_changed":false,"_monsterinsights_skip_tracking":false,"_monsterinsights_sitenote_active":false,"_monsterinsights_sitenote_note":"","_monsterinsights_sitenote_category":0,"site-sidebar-layout":"no-sidebar","site-content-layout":"page-builder","ast-site-content-layout":"default","site-content-style":"default","site-sidebar-style":"default","ast-global-header-display":"","ast-banner-title-visibility":"","ast-main-header-display":"","ast-hfb-above-header-display":"","ast-hfb-below-header-display":"","ast-hfb-mobile-header-display":"","site-post-title":"disabled","ast-breadcrumbs-content":"","ast-featured-img":"disabled","footer-sml-layout":"","theme-transparent-header-meta":"default","adv-header-id-meta":"","stick-header-meta":"","header-above-stick-meta":"","header-main-stick-meta":"","header-below-stick-meta":"","astra-migrate-meta-layouts":"default","ast-page-background-enabled":"default","ast-page-background-meta":{"desktop":{"background-color":"","background-image":"","background-repeat":"repeat","background-position":"center center","background-size":"auto","background-attachment":"scroll","background-type":"","background-media":"","overlay-type":"","overlay-color":"","overlay-opacity":"","overlay-gradient":""},"tablet":{"background-color":"","background-image":"","background-repeat":"repeat","background-position":"center center","background-size":"auto","background-attachment":"scroll","background-type":"","background-media":"","overlay-type":"","overlay-color":"","overlay-opacity":"","overlay-gradient":""},"mobile":{"background-color":"","background-image":"","background-repeat":"repeat","background-position":"center center","background-size":"auto","background-attachment":"scroll","background-type":"","background-media":"","overlay-type":"","overlay-color":"","overlay-opacity":"","overlay-gradient":""}},"ast-content-background-meta":{"desktop":{"background-color":"var(--ast-global-color-5)","background-image":"","background-repeat":"repeat","background-position":"center center","background-size":"auto","background-attachment":"scroll","background-type":"","background-media":"","overlay-type":"","overlay-color":"","overlay-opacity":"","overlay-gradient":""},"tablet":{"background-color":"var(--ast-global-color-5)","background-image":"","background-repeat":"repeat","background-position":"center center","background-size":"auto","background-attachment":"scroll","background-type":"","background-media":"","overlay-type":"","overlay-color":"","overlay-opacity":"","overlay-gradient":""},"mobile":{"background-color":"var(--ast-global-color-5)","background-image":"","background-repeat":"repeat","background-position":"center center","background-size":"auto","background-attachment":"scroll","background-type":"","background-media":"","overlay-type":"","overlay-color":"","overlay-opacity":"","overlay-gradient":""}},"footnotes":""},"folder":[],"class_list":["post-4100","page","type-page","status-publish","hentry"],"acf":[],"yoast_head":"<!-- This site is optimized with the Yoast SEO plugin v27.2 - https:\/\/yoast.com\/product\/yoast-seo-wordpress\/ -->\n<title>R\u00e9sidence canadienne - CABAMC<\/title>\n<meta name=\"robots\" content=\"index, follow, max-snippet:-1, max-image-preview:large, max-video-preview:-1\" \/>\n<link rel=\"canonical\" href=\"https:\/\/cpata-cabamc.ca\/fr\/a-propos-de-nous\/politiques-du-registraire\/residence-canadienne\/\" \/>\n<meta property=\"og:locale\" content=\"fr_FR\" \/>\n<meta property=\"og:type\" content=\"article\" \/>\n<meta property=\"og:title\" content=\"R\u00e9sidence canadienne - CABAMC\" \/>\n<meta property=\"og:description\" content=\"T\u00e9l\u00e9charger le PDF Politiques du registraire NOM DE LA POLITIQUE R\u00e9sidence canadienne ARTICLES APPLICABLES DE\" \/>\n<meta property=\"og:url\" content=\"https:\/\/cpata-cabamc.ca\/fr\/a-propos-de-nous\/politiques-du-registraire\/residence-canadienne\/\" \/>\n<meta property=\"og:site_name\" content=\"CABAMC\" \/>\n<meta property=\"article:modified_time\" content=\"2023-07-07T19:58:55+00:00\" \/>\n<meta name=\"twitter:card\" content=\"summary_large_image\" \/>\n<meta name=\"twitter:label1\" content=\"Dur\u00e9e de lecture estim\u00e9e\" \/>\n\t<meta name=\"twitter:data1\" content=\"3 minutes\" \/>\n<script type=\"application\/ld+json\" class=\"yoast-schema-graph\">{\"@context\":\"https:\/\/schema.org\",\"@graph\":[{\"@type\":\"WebPage\",\"@id\":\"https:\/\/cpata-cabamc.ca\/fr\/a-propos-de-nous\/politiques-du-registraire\/residence-canadienne\/\",\"url\":\"https:\/\/cpata-cabamc.ca\/fr\/a-propos-de-nous\/politiques-du-registraire\/residence-canadienne\/\",\"name\":\"R\u00e9sidence canadienne - CABAMC\",\"isPartOf\":{\"@id\":\"https:\/\/cpata-cabamc.ca\/fr\/#website\"},\"datePublished\":\"2021-12-09T18:51:16+00:00\",\"dateModified\":\"2023-07-07T19:58:55+00:00\",\"breadcrumb\":{\"@id\":\"https:\/\/cpata-cabamc.ca\/fr\/a-propos-de-nous\/politiques-du-registraire\/residence-canadienne\/#breadcrumb\"},\"inLanguage\":\"fr-FR\",\"potentialAction\":[{\"@type\":\"ReadAction\",\"target\":[\"https:\/\/cpata-cabamc.ca\/fr\/a-propos-de-nous\/politiques-du-registraire\/residence-canadienne\/\"]}]},{\"@type\":\"BreadcrumbList\",\"@id\":\"https:\/\/cpata-cabamc.ca\/fr\/a-propos-de-nous\/politiques-du-registraire\/residence-canadienne\/#breadcrumb\",\"itemListElement\":[{\"@type\":\"ListItem\",\"position\":1,\"name\":\"Accueil\",\"item\":\"https:\/\/cpata-cabamc.ca\/fr\/\"},{\"@type\":\"ListItem\",\"position\":2,\"name\":\"\u00c0 propos de nous\",\"item\":\"https:\/\/cpata-cabamc.ca\/fr\/about-us\/\"},{\"@type\":\"ListItem\",\"position\":3,\"name\":\"Politiques du registraire\",\"item\":\"https:\/\/cpata-cabamc.ca\/fr\/a-propos-de-nous\/politiques-du-registraire\/\"},{\"@type\":\"ListItem\",\"position\":4,\"name\":\"R\u00e9sidence canadienne\"}]},{\"@type\":\"WebSite\",\"@id\":\"https:\/\/cpata-cabamc.ca\/fr\/#website\",\"url\":\"https:\/\/cpata-cabamc.ca\/fr\/\",\"name\":\"CABAMC\",\"description\":\"CABAMC\",\"publisher\":{\"@id\":\"https:\/\/cpata-cabamc.ca\/fr\/#organization\"},\"potentialAction\":[{\"@type\":\"SearchAction\",\"target\":{\"@type\":\"EntryPoint\",\"urlTemplate\":\"https:\/\/cpata-cabamc.ca\/fr\/?s={search_term_string}\"},\"query-input\":{\"@type\":\"PropertyValueSpecification\",\"valueRequired\":true,\"valueName\":\"search_term_string\"}}],\"inLanguage\":\"fr-FR\"},{\"@type\":\"Organization\",\"@id\":\"https:\/\/cpata-cabamc.ca\/fr\/#organization\",\"name\":\"CABAMC\",\"url\":\"https:\/\/cpata-cabamc.ca\/fr\/\",\"logo\":{\"@type\":\"ImageObject\",\"inLanguage\":\"fr-FR\",\"@id\":\"https:\/\/cpata-cabamc.ca\/fr\/#\/schema\/logo\/image\/\",\"url\":\"https:\/\/cpata-cabamc.ca\/wp-content\/uploads\/2021\/02\/Logo-Light-RGB.svg\",\"contentUrl\":\"https:\/\/cpata-cabamc.ca\/wp-content\/uploads\/2021\/02\/Logo-Light-RGB.svg\",\"caption\":\"CABAMC\"},\"image\":{\"@id\":\"https:\/\/cpata-cabamc.ca\/fr\/#\/schema\/logo\/image\/\"}}]}<\/script>\n<!-- \/ Yoast SEO plugin. -->","yoast_head_json":{"title":"R\u00e9sidence canadienne - CABAMC","robots":{"index":"index","follow":"follow","max-snippet":"max-snippet:-1","max-image-preview":"max-image-preview:large","max-video-preview":"max-video-preview:-1"},"canonical":"https:\/\/cpata-cabamc.ca\/fr\/a-propos-de-nous\/politiques-du-registraire\/residence-canadienne\/","og_locale":"fr_FR","og_type":"article","og_title":"R\u00e9sidence canadienne - CABAMC","og_description":"T\u00e9l\u00e9charger le PDF Politiques du registraire NOM DE LA POLITIQUE R\u00e9sidence canadienne ARTICLES APPLICABLES DE","og_url":"https:\/\/cpata-cabamc.ca\/fr\/a-propos-de-nous\/politiques-du-registraire\/residence-canadienne\/","og_site_name":"CABAMC","article_modified_time":"2023-07-07T19:58:55+00:00","twitter_card":"summary_large_image","twitter_misc":{"Dur\u00e9e de lecture estim\u00e9e":"3 minutes"},"schema":{"@context":"https:\/\/schema.org","@graph":[{"@type":"WebPage","@id":"https:\/\/cpata-cabamc.ca\/fr\/a-propos-de-nous\/politiques-du-registraire\/residence-canadienne\/","url":"https:\/\/cpata-cabamc.ca\/fr\/a-propos-de-nous\/politiques-du-registraire\/residence-canadienne\/","name":"R\u00e9sidence canadienne - CABAMC","isPartOf":{"@id":"https:\/\/cpata-cabamc.ca\/fr\/#website"},"datePublished":"2021-12-09T18:51:16+00:00","dateModified":"2023-07-07T19:58:55+00:00","breadcrumb":{"@id":"https:\/\/cpata-cabamc.ca\/fr\/a-propos-de-nous\/politiques-du-registraire\/residence-canadienne\/#breadcrumb"},"inLanguage":"fr-FR","potentialAction":[{"@type":"ReadAction","target":["https:\/\/cpata-cabamc.ca\/fr\/a-propos-de-nous\/politiques-du-registraire\/residence-canadienne\/"]}]},{"@type":"BreadcrumbList","@id":"https:\/\/cpata-cabamc.ca\/fr\/a-propos-de-nous\/politiques-du-registraire\/residence-canadienne\/#breadcrumb","itemListElement":[{"@type":"ListItem","position":1,"name":"Accueil","item":"https:\/\/cpata-cabamc.ca\/fr\/"},{"@type":"ListItem","position":2,"name":"\u00c0 propos de nous","item":"https:\/\/cpata-cabamc.ca\/fr\/about-us\/"},{"@type":"ListItem","position":3,"name":"Politiques du registraire","item":"https:\/\/cpata-cabamc.ca\/fr\/a-propos-de-nous\/politiques-du-registraire\/"},{"@type":"ListItem","position":4,"name":"R\u00e9sidence canadienne"}]},{"@type":"WebSite","@id":"https:\/\/cpata-cabamc.ca\/fr\/#website","url":"https:\/\/cpata-cabamc.ca\/fr\/","name":"CABAMC","description":"CABAMC","publisher":{"@id":"https:\/\/cpata-cabamc.ca\/fr\/#organization"},"potentialAction":[{"@type":"SearchAction","target":{"@type":"EntryPoint","urlTemplate":"https:\/\/cpata-cabamc.ca\/fr\/?s={search_term_string}"},"query-input":{"@type":"PropertyValueSpecification","valueRequired":true,"valueName":"search_term_string"}}],"inLanguage":"fr-FR"},{"@type":"Organization","@id":"https:\/\/cpata-cabamc.ca\/fr\/#organization","name":"CABAMC","url":"https:\/\/cpata-cabamc.ca\/fr\/","logo":{"@type":"ImageObject","inLanguage":"fr-FR","@id":"https:\/\/cpata-cabamc.ca\/fr\/#\/schema\/logo\/image\/","url":"https:\/\/cpata-cabamc.ca\/wp-content\/uploads\/2021\/02\/Logo-Light-RGB.svg","contentUrl":"https:\/\/cpata-cabamc.ca\/wp-content\/uploads\/2021\/02\/Logo-Light-RGB.svg","caption":"CABAMC"},"image":{"@id":"https:\/\/cpata-cabamc.ca\/fr\/#\/schema\/logo\/image\/"}}]}},"_links":{"self":[{"href":"https:\/\/cpata-cabamc.ca\/fr\/wp-json\/wp\/v2\/pages\/4100","targetHints":{"allow":["GET"]}}],"collection":[{"href":"https:\/\/cpata-cabamc.ca\/fr\/wp-json\/wp\/v2\/pages"}],"about":[{"href":"https:\/\/cpata-cabamc.ca\/fr\/wp-json\/wp\/v2\/types\/page"}],"author":[{"embeddable":true,"href":"https:\/\/cpata-cabamc.ca\/fr\/wp-json\/wp\/v2\/users\/6"}],"replies":[{"embeddable":true,"href":"https:\/\/cpata-cabamc.ca\/fr\/wp-json\/wp\/v2\/comments?post=4100"}],"version-history":[{"count":0,"href":"https:\/\/cpata-cabamc.ca\/fr\/wp-json\/wp\/v2\/pages\/4100\/revisions"}],"up":[{"embeddable":true,"href":"https:\/\/cpata-cabamc.ca\/fr\/wp-json\/wp\/v2\/pages\/4104"}],"wp:attachment":[{"href":"https:\/\/cpata-cabamc.ca\/fr\/wp-json\/wp\/v2\/media?parent=4100"}],"wp:term":[{"taxonomy":"folder","embeddable":true,"href":"https:\/\/cpata-cabamc.ca\/fr\/wp-json\/wp\/v2\/folder?post=4100"}],"curies":[{"name":"wp","href":"https:\/\/api.w.org\/{rel}","templated":true}]}}