{"id":3967,"date":"2021-12-08T23:18:13","date_gmt":"2021-12-08T23:18:13","guid":{"rendered":"https:\/\/cpatacabamcdev.wpengine.com\/?page_id=3967"},"modified":"2022-07-27T18:50:37","modified_gmt":"2022-07-27T18:50:37","slug":"loi-sur-le-college-des-agents-de-brevets-et-des-agents-de-marques-de-commerce","status":"publish","type":"page","link":"https:\/\/cpata-cabamc.ca\/fr\/a-propos-de-nous\/reglementation\/loi-sur-le-college-des-agents-de-brevets-et-des-agents-de-marques-de-commerce\/","title":{"rendered":"Loi sur le Coll\u00e8ge des agents de brevets et des agents de marques de commerce"},"content":{"rendered":"\t\t<div data-elementor-type=\"wp-page\" data-elementor-id=\"3967\" class=\"elementor elementor-3967 elementor-793\" data-elementor-post-type=\"page\">\n\t\t\t\t\t\t<section class=\"elementor-section elementor-top-section elementor-element elementor-element-63e0d78 elementor-section-boxed elementor-section-height-default elementor-section-height-default\" data-id=\"63e0d78\" data-element_type=\"section\" data-e-type=\"section\">\n\t\t\t\t\t\t<div class=\"elementor-container elementor-column-gap-default\">\n\t\t\t\t\t<div class=\"elementor-column elementor-col-100 elementor-top-column elementor-element elementor-element-e2b67b0\" data-id=\"e2b67b0\" data-element_type=\"column\" data-e-type=\"column\">\n\t\t\t<div class=\"elementor-widget-wrap elementor-element-populated\">\n\t\t\t\t\t\t<div class=\"elementor-element elementor-element-51015da elementor-widget elementor-widget-text-editor\" data-id=\"51015da\" data-element_type=\"widget\" data-e-type=\"widget\" data-widget_type=\"text-editor.default\">\n\t\t\t\t<div class=\"elementor-widget-container\">\n\t\t\t\t\t\t\t\t\t<p><span style=\"font-weight: 400;\">Le Coll\u00e8ge des agents de brevets et des agents de marques de commerce (CABAMC) a \u00e9t\u00e9 instaur\u00e9 par voie l\u00e9gislative en 2018 par le gouvernement du Canada. Les motifs invoqu\u00e9s relativement \u00e0 la cr\u00e9ation du CABAMC ont \u00e9t\u00e9 les suivants\u00a0:<\/span><\/p>\t\t\t\t\t\t\t\t<\/div>\n\t\t\t\t<\/div>\n\t\t\t\t<div class=\"elementor-element elementor-element-004c796 elementor-blockquote--skin-border elementor-widget elementor-widget-blockquote\" data-id=\"004c796\" data-element_type=\"widget\" data-e-type=\"widget\" data-widget_type=\"blockquote.default\">\n\t\t\t\t<div class=\"elementor-widget-container\">\n\t\t\t\t\t\t\t<blockquote class=\"elementor-blockquote\">\n\t\t\t<p class=\"elementor-blockquote__content\">\n\t\t\t\tLes agents de brevets et les agents de marques de commerce jouent un r\u00f4le essentiel en aidant les entreprises \u00e0 obtenir les droits formels de propri\u00e9t\u00e9 intellectuelle, mais cette profession manque une structure de gouvernance moderne (\u00e0 la diff\u00e9rence d\u2019autres professions o\u00f9 la fiabilit\u00e9 est importante, par exemple, celles des avocats, ing\u00e9nieurs et m\u00e9decins). La mise en place d\u2019un cadre r\u00e9glementaire moderne permettra aux entreprises de recevoir des conseils de la part de ces professionnels importants en toute confiance. Il est r\u00e9cemment devenu essentiel de veiller \u00e0 l\u2019int\u00e9grit\u00e9 de cette profession, car les communications avec les agents de propri\u00e9t\u00e9 intellectuelle sont maintenant prot\u00e9g\u00e9es par un privil\u00e8ge l\u00e9gislatif de la m\u00eame mani\u00e8re que le sont les communications entre les avocats et leurs clients. En l\u2019absence d\u2019une surveillance ad\u00e9quate, ce privil\u00e8ge pourrait \u00eatre abus\u00e9.\t\t\t<\/p>\n\t\t\t\t\t<\/blockquote>\n\t\t\t\t\t\t<\/div>\n\t\t\t\t<\/div>\n\t\t\t\t<div class=\"elementor-element elementor-element-10d66c8 elementor-widget elementor-widget-text-editor\" data-id=\"10d66c8\" data-element_type=\"widget\" data-e-type=\"widget\" data-widget_type=\"text-editor.default\">\n\t\t\t\t<div class=\"elementor-widget-container\">\n\t\t\t\t\t\t\t\t\t<p><span style=\"font-weight: 400;\">Vous trouverez <\/span><a href=\"https:\/\/www.ic.gc.ca\/eic\/site\/693.nsf\/fra\/00167.html\"><span style=\"font-weight: 400;\">ici<\/span><\/a> <span style=\"font-weight: 400;\">une description compl\u00e8te des d\u00e9tails qui sous-tendent la cr\u00e9ation du Coll\u00e8ge.<\/span><\/p><p><a href=\"https:\/\/cpata-cabamc.ca\/wp-content\/uploads\/2021\/04\/Frequently-asked-questions_-College-of-Patent-Agents-and-Trademark-Agents-Strategic-Policy-Sector.pdf\"><span style=\"font-weight: 400;\">Foire aux questions<\/span><\/a><\/p>\t\t\t\t\t\t\t\t<\/div>\n\t\t\t\t<\/div>\n\t\t\t\t<div class=\"elementor-element elementor-element-39694b1 elementor-widget elementor-widget-button\" data-id=\"39694b1\" data-element_type=\"widget\" data-e-type=\"widget\" data-widget_type=\"button.default\">\n\t\t\t\t<div class=\"elementor-widget-container\">\n\t\t\t\t\t\t\t\t\t<div class=\"elementor-button-wrapper\">\n\t\t\t\t\t<a class=\"elementor-button elementor-button-link elementor-size-sm\" href=\"https:\/\/laws-lois.justice.gc.ca\/fra\/lois\/c-33.7\/TexteComplet.html\" target=\"_blank\">\n\t\t\t\t\t\t<span class=\"elementor-button-content-wrapper\">\n\t\t\t\t\t\t\t\t\t<span class=\"elementor-button-text\">Loi sur le Coll\u00e8ge des agents de brevets et des agents de marques de commerce, L.C.\u00a02018, ch.\u00a027, art.\u00a0247<\/span>\n\t\t\t\t\t<\/span>\n\t\t\t\t\t<\/a>\n\t\t\t\t<\/div>\n\t\t\t\t\t\t\t\t<\/div>\n\t\t\t\t<\/div>\n\t\t\t\t<div class=\"elementor-element elementor-element-19d35ac elementor-widget elementor-widget-spacer\" data-id=\"19d35ac\" data-element_type=\"widget\" data-e-type=\"widget\" data-widget_type=\"spacer.default\">\n\t\t\t\t<div class=\"elementor-widget-container\">\n\t\t\t\t\t\t\t<div class=\"elementor-spacer\">\n\t\t\t<div class=\"elementor-spacer-inner\"><\/div>\n\t\t<\/div>\n\t\t\t\t\t\t<\/div>\n\t\t\t\t<\/div>\n\t\t\t\t<div class=\"elementor-element elementor-element-850b0e6 elementor-widget elementor-widget-heading\" data-id=\"850b0e6\" data-element_type=\"widget\" data-e-type=\"widget\" data-widget_type=\"heading.default\">\n\t\t\t\t<div class=\"elementor-widget-container\">\n\t\t\t\t\t<h3 class=\"elementor-heading-title elementor-size-default\">Modifications apport\u00e9es en juin 2022<\/h3>\t\t\t\t<\/div>\n\t\t\t\t<\/div>\n\t\t\t\t<div class=\"elementor-element elementor-element-7351901 elementor-widget elementor-widget-text-editor\" data-id=\"7351901\" data-element_type=\"widget\" data-e-type=\"widget\" data-widget_type=\"text-editor.default\">\n\t\t\t\t<div class=\"elementor-widget-container\">\n\t\t\t\t\t\t\t\t\t<p style=\"font-weight: 400;\">Des modifications \u00e0 la <em>Loi sur le CABAMC <\/em>ont \u00e9t\u00e9 adopt\u00e9es dans le cadre du projet de loi\u00a0C-19 et sont entr\u00e9es en vigueur le 23\u00a0juin dernier. Ces changements ont combl\u00e9 des lacunes et modernis\u00e9 certains \u00e9l\u00e9ments de la Loi, afin de permettre au CABAMC de mieux remplir sa fonction de r\u00e9glementation.<\/p><p style=\"font-weight: 400;\">Les principaux changements sont les suivants\u00a0:\u00a0<\/p><p style=\"font-weight: 400;\"><strong>Gouvernance<br \/><\/strong>Les changements ont permis de pr\u00e9ciser que le CABAMC a la capacit\u00e9 et les droits, les pouvoirs et les privil\u00e8ges d\u2019une personne physique. Ils permettent au Conseil d\u2019administration de pourvoir les postes vacants parmi les administrateurs(-trices) \u00e9lu(e)s et accordent l\u2019immunit\u00e9 l\u00e9gale aux administrateurs(-trices) et \u00e0 toutes les personnes qui participent aux travaux r\u00e9glementaires du CABAMC.<\/p><p style=\"font-weight: 400;\"><strong>Op\u00e9rations<br \/><\/strong>Les modifications autorisent le ou la registraire \u00e0 d\u00e9l\u00e9guer certains pouvoirs de d\u00e9cision au personnel.<\/p><p style=\"font-weight: 400;\"><strong>Plaintes et enqu\u00eates<br \/><\/strong>Les changements \u00e9largissent les pouvoirs du Comit\u00e9 d\u2019enqu\u00eate de sorte qu\u2019il n\u2019est plus limit\u00e9 au rejet des plaintes ou au renvoi \u00e0 une audience. Le ou la registraire est \u00e9galement habilit\u00e9(e) \u00e0 rejeter une plainte d\u00e8s le d\u00e9part, en fonction de crit\u00e8res d\u00e9finis dans les r\u00e8glements administratifs. Les pouvoirs du Comit\u00e9 d\u2019enqu\u00eate et du(de la) registraire peuvent faire l\u2019objet d\u2019un examen \u00e0 la demande de l\u2019auteur(e) d\u2019une plainte. Le Comit\u00e9 d\u2019enqu\u00eate et le Comit\u00e9 de discipline peuvent \u00e9tablir des r\u00e8gles concernant leurs pratiques et proc\u00e9dures et des r\u00e8gles pour l\u2019ex\u00e9cution de leur travail et la gestion de leurs affaires internes.<\/p>\t\t\t\t\t\t\t\t<\/div>\n\t\t\t\t<\/div>\n\t\t\t\t\t<\/div>\n\t\t<\/div>\n\t\t\t\t\t<\/div>\n\t\t<\/section>\n\t\t\t\t<\/div>\n\t\t","protected":false},"excerpt":{"rendered":"<p>Le Coll\u00e8ge des agents de brevets et des agents de marques de commerce (CABAMC) a<\/p>\n","protected":false},"author":6,"featured_media":0,"parent":3925,"menu_order":0,"comment_status":"closed","ping_status":"closed","template":"","meta":{"_acf_changed":false,"_monsterinsights_skip_tracking":false,"_monsterinsights_sitenote_active":false,"_monsterinsights_sitenote_note":"","_monsterinsights_sitenote_category":0,"site-sidebar-layout":"no-sidebar","site-content-layout":"page-builder","ast-site-content-layout":"default","site-content-style":"default","site-sidebar-style":"default","ast-global-header-display":"","ast-banner-title-visibility":"","ast-main-header-display":"","ast-hfb-above-header-display":"","ast-hfb-below-header-display":"","ast-hfb-mobile-header-display":"","site-post-title":"disabled","ast-breadcrumbs-content":"","ast-featured-img":"disabled","footer-sml-layout":"","theme-transparent-header-meta":"default","adv-header-id-meta":"","stick-header-meta":"","header-above-stick-meta":"","header-main-stick-meta":"","header-below-stick-meta":"","astra-migrate-meta-layouts":"default","ast-page-background-enabled":"default","ast-page-background-meta":{"desktop":{"background-color":"","background-image":"","background-repeat":"repeat","background-position":"center center","background-size":"auto","background-attachment":"scroll","background-type":"","background-media":"","overlay-type":"","overlay-color":"","overlay-opacity":"","overlay-gradient":""},"tablet":{"background-color":"","background-image":"","background-repeat":"repeat","background-position":"center center","background-size":"auto","background-attachment":"scroll","background-type":"","background-media":"","overlay-type":"","overlay-color":"","overlay-opacity":"","overlay-gradient":""},"mobile":{"background-color":"","background-image":"","background-repeat":"repeat","background-position":"center center","background-size":"auto","background-attachment":"scroll","background-type":"","background-media":"","overlay-type":"","overlay-color":"","overlay-opacity":"","overlay-gradient":""}},"ast-content-background-meta":{"desktop":{"background-color":"var(--ast-global-color-5)","background-image":"","background-repeat":"repeat","background-position":"center center","background-size":"auto","background-attachment":"scroll","background-type":"","background-media":"","overlay-type":"","overlay-color":"","overlay-opacity":"","overlay-gradient":""},"tablet":{"background-color":"var(--ast-global-color-5)","background-image":"","background-repeat":"repeat","background-position":"center center","background-size":"auto","background-attachment":"scroll","background-type":"","background-media":"","overlay-type":"","overlay-color":"","overlay-opacity":"","overlay-gradient":""},"mobile":{"background-color":"var(--ast-global-color-5)","background-image":"","background-repeat":"repeat","background-position":"center center","background-size":"auto","background-attachment":"scroll","background-type":"","background-media":"","overlay-type":"","overlay-color":"","overlay-opacity":"","overlay-gradient":""}},"footnotes":""},"folder":[],"class_list":["post-3967","page","type-page","status-publish","hentry"],"acf":[],"yoast_head":"<!-- This site is optimized with the Yoast SEO plugin v27.2 - https:\/\/yoast.com\/product\/yoast-seo-wordpress\/ -->\n<title>Loi sur le Coll\u00e8ge des agents de brevets et des agents de marques de commerce - CABAMC<\/title>\n<meta name=\"robots\" content=\"index, follow, max-snippet:-1, max-image-preview:large, max-video-preview:-1\" \/>\n<link rel=\"canonical\" href=\"https:\/\/cpata-cabamc.ca\/fr\/a-propos-de-nous\/reglementation\/loi-sur-le-college-des-agents-de-brevets-et-des-agents-de-marques-de-commerce\/\" \/>\n<meta property=\"og:locale\" content=\"fr_FR\" \/>\n<meta property=\"og:type\" content=\"article\" \/>\n<meta property=\"og:title\" content=\"Loi sur le Coll\u00e8ge des agents de brevets et des agents de marques de commerce - CABAMC\" \/>\n<meta property=\"og:description\" content=\"Le Coll\u00e8ge des agents de brevets et des agents de marques de commerce (CABAMC) a\" \/>\n<meta property=\"og:url\" content=\"https:\/\/cpata-cabamc.ca\/fr\/a-propos-de-nous\/reglementation\/loi-sur-le-college-des-agents-de-brevets-et-des-agents-de-marques-de-commerce\/\" \/>\n<meta property=\"og:site_name\" content=\"CABAMC\" \/>\n<meta property=\"article:modified_time\" content=\"2022-07-27T18:50:37+00:00\" \/>\n<meta name=\"twitter:card\" content=\"summary_large_image\" \/>\n<meta name=\"twitter:label1\" content=\"Dur\u00e9e de lecture estim\u00e9e\" \/>\n\t<meta name=\"twitter:data1\" content=\"3 minutes\" \/>\n<script type=\"application\/ld+json\" class=\"yoast-schema-graph\">{\"@context\":\"https:\/\/schema.org\",\"@graph\":[{\"@type\":\"WebPage\",\"@id\":\"https:\/\/cpata-cabamc.ca\/fr\/a-propos-de-nous\/reglementation\/loi-sur-le-college-des-agents-de-brevets-et-des-agents-de-marques-de-commerce\/\",\"url\":\"https:\/\/cpata-cabamc.ca\/fr\/a-propos-de-nous\/reglementation\/loi-sur-le-college-des-agents-de-brevets-et-des-agents-de-marques-de-commerce\/\",\"name\":\"Loi sur le Coll\u00e8ge des agents de brevets et des agents de marques de commerce - CABAMC\",\"isPartOf\":{\"@id\":\"https:\/\/cpata-cabamc.ca\/fr\/#website\"},\"datePublished\":\"2021-12-08T23:18:13+00:00\",\"dateModified\":\"2022-07-27T18:50:37+00:00\",\"breadcrumb\":{\"@id\":\"https:\/\/cpata-cabamc.ca\/fr\/a-propos-de-nous\/reglementation\/loi-sur-le-college-des-agents-de-brevets-et-des-agents-de-marques-de-commerce\/#breadcrumb\"},\"inLanguage\":\"fr-FR\",\"potentialAction\":[{\"@type\":\"ReadAction\",\"target\":[\"https:\/\/cpata-cabamc.ca\/fr\/a-propos-de-nous\/reglementation\/loi-sur-le-college-des-agents-de-brevets-et-des-agents-de-marques-de-commerce\/\"]}]},{\"@type\":\"BreadcrumbList\",\"@id\":\"https:\/\/cpata-cabamc.ca\/fr\/a-propos-de-nous\/reglementation\/loi-sur-le-college-des-agents-de-brevets-et-des-agents-de-marques-de-commerce\/#breadcrumb\",\"itemListElement\":[{\"@type\":\"ListItem\",\"position\":1,\"name\":\"Accueil\",\"item\":\"https:\/\/cpata-cabamc.ca\/fr\/\"},{\"@type\":\"ListItem\",\"position\":2,\"name\":\"\u00c0 propos de nous\",\"item\":\"https:\/\/cpata-cabamc.ca\/fr\/about-us\/\"},{\"@type\":\"ListItem\",\"position\":3,\"name\":\"R\u00e9glementation\",\"item\":\"https:\/\/cpata-cabamc.ca\/fr\/?page_id=53\"},{\"@type\":\"ListItem\",\"position\":4,\"name\":\"Loi sur le Coll\u00e8ge des agents de brevets et des agents de marques de commerce\"}]},{\"@type\":\"WebSite\",\"@id\":\"https:\/\/cpata-cabamc.ca\/fr\/#website\",\"url\":\"https:\/\/cpata-cabamc.ca\/fr\/\",\"name\":\"CABAMC\",\"description\":\"CABAMC\",\"publisher\":{\"@id\":\"https:\/\/cpata-cabamc.ca\/fr\/#organization\"},\"potentialAction\":[{\"@type\":\"SearchAction\",\"target\":{\"@type\":\"EntryPoint\",\"urlTemplate\":\"https:\/\/cpata-cabamc.ca\/fr\/?s={search_term_string}\"},\"query-input\":{\"@type\":\"PropertyValueSpecification\",\"valueRequired\":true,\"valueName\":\"search_term_string\"}}],\"inLanguage\":\"fr-FR\"},{\"@type\":\"Organization\",\"@id\":\"https:\/\/cpata-cabamc.ca\/fr\/#organization\",\"name\":\"CABAMC\",\"url\":\"https:\/\/cpata-cabamc.ca\/fr\/\",\"logo\":{\"@type\":\"ImageObject\",\"inLanguage\":\"fr-FR\",\"@id\":\"https:\/\/cpata-cabamc.ca\/fr\/#\/schema\/logo\/image\/\",\"url\":\"https:\/\/cpata-cabamc.ca\/wp-content\/uploads\/2021\/02\/Logo-Light-RGB.svg\",\"contentUrl\":\"https:\/\/cpata-cabamc.ca\/wp-content\/uploads\/2021\/02\/Logo-Light-RGB.svg\",\"caption\":\"CABAMC\"},\"image\":{\"@id\":\"https:\/\/cpata-cabamc.ca\/fr\/#\/schema\/logo\/image\/\"}}]}<\/script>\n<!-- \/ Yoast SEO plugin. -->","yoast_head_json":{"title":"Loi sur le Coll\u00e8ge des agents de brevets et des agents de marques de commerce - CABAMC","robots":{"index":"index","follow":"follow","max-snippet":"max-snippet:-1","max-image-preview":"max-image-preview:large","max-video-preview":"max-video-preview:-1"},"canonical":"https:\/\/cpata-cabamc.ca\/fr\/a-propos-de-nous\/reglementation\/loi-sur-le-college-des-agents-de-brevets-et-des-agents-de-marques-de-commerce\/","og_locale":"fr_FR","og_type":"article","og_title":"Loi sur le Coll\u00e8ge des agents de brevets et des agents de marques de commerce - CABAMC","og_description":"Le Coll\u00e8ge des agents de brevets et des agents de marques de commerce (CABAMC) a","og_url":"https:\/\/cpata-cabamc.ca\/fr\/a-propos-de-nous\/reglementation\/loi-sur-le-college-des-agents-de-brevets-et-des-agents-de-marques-de-commerce\/","og_site_name":"CABAMC","article_modified_time":"2022-07-27T18:50:37+00:00","twitter_card":"summary_large_image","twitter_misc":{"Dur\u00e9e de lecture estim\u00e9e":"3 minutes"},"schema":{"@context":"https:\/\/schema.org","@graph":[{"@type":"WebPage","@id":"https:\/\/cpata-cabamc.ca\/fr\/a-propos-de-nous\/reglementation\/loi-sur-le-college-des-agents-de-brevets-et-des-agents-de-marques-de-commerce\/","url":"https:\/\/cpata-cabamc.ca\/fr\/a-propos-de-nous\/reglementation\/loi-sur-le-college-des-agents-de-brevets-et-des-agents-de-marques-de-commerce\/","name":"Loi sur le Coll\u00e8ge des agents de brevets et des agents de marques de commerce - CABAMC","isPartOf":{"@id":"https:\/\/cpata-cabamc.ca\/fr\/#website"},"datePublished":"2021-12-08T23:18:13+00:00","dateModified":"2022-07-27T18:50:37+00:00","breadcrumb":{"@id":"https:\/\/cpata-cabamc.ca\/fr\/a-propos-de-nous\/reglementation\/loi-sur-le-college-des-agents-de-brevets-et-des-agents-de-marques-de-commerce\/#breadcrumb"},"inLanguage":"fr-FR","potentialAction":[{"@type":"ReadAction","target":["https:\/\/cpata-cabamc.ca\/fr\/a-propos-de-nous\/reglementation\/loi-sur-le-college-des-agents-de-brevets-et-des-agents-de-marques-de-commerce\/"]}]},{"@type":"BreadcrumbList","@id":"https:\/\/cpata-cabamc.ca\/fr\/a-propos-de-nous\/reglementation\/loi-sur-le-college-des-agents-de-brevets-et-des-agents-de-marques-de-commerce\/#breadcrumb","itemListElement":[{"@type":"ListItem","position":1,"name":"Accueil","item":"https:\/\/cpata-cabamc.ca\/fr\/"},{"@type":"ListItem","position":2,"name":"\u00c0 propos de nous","item":"https:\/\/cpata-cabamc.ca\/fr\/about-us\/"},{"@type":"ListItem","position":3,"name":"R\u00e9glementation","item":"https:\/\/cpata-cabamc.ca\/fr\/?page_id=53"},{"@type":"ListItem","position":4,"name":"Loi sur le Coll\u00e8ge des agents de brevets et des agents de marques de commerce"}]},{"@type":"WebSite","@id":"https:\/\/cpata-cabamc.ca\/fr\/#website","url":"https:\/\/cpata-cabamc.ca\/fr\/","name":"CABAMC","description":"CABAMC","publisher":{"@id":"https:\/\/cpata-cabamc.ca\/fr\/#organization"},"potentialAction":[{"@type":"SearchAction","target":{"@type":"EntryPoint","urlTemplate":"https:\/\/cpata-cabamc.ca\/fr\/?s={search_term_string}"},"query-input":{"@type":"PropertyValueSpecification","valueRequired":true,"valueName":"search_term_string"}}],"inLanguage":"fr-FR"},{"@type":"Organization","@id":"https:\/\/cpata-cabamc.ca\/fr\/#organization","name":"CABAMC","url":"https:\/\/cpata-cabamc.ca\/fr\/","logo":{"@type":"ImageObject","inLanguage":"fr-FR","@id":"https:\/\/cpata-cabamc.ca\/fr\/#\/schema\/logo\/image\/","url":"https:\/\/cpata-cabamc.ca\/wp-content\/uploads\/2021\/02\/Logo-Light-RGB.svg","contentUrl":"https:\/\/cpata-cabamc.ca\/wp-content\/uploads\/2021\/02\/Logo-Light-RGB.svg","caption":"CABAMC"},"image":{"@id":"https:\/\/cpata-cabamc.ca\/fr\/#\/schema\/logo\/image\/"}}]}},"_links":{"self":[{"href":"https:\/\/cpata-cabamc.ca\/fr\/wp-json\/wp\/v2\/pages\/3967","targetHints":{"allow":["GET"]}}],"collection":[{"href":"https:\/\/cpata-cabamc.ca\/fr\/wp-json\/wp\/v2\/pages"}],"about":[{"href":"https:\/\/cpata-cabamc.ca\/fr\/wp-json\/wp\/v2\/types\/page"}],"author":[{"embeddable":true,"href":"https:\/\/cpata-cabamc.ca\/fr\/wp-json\/wp\/v2\/users\/6"}],"replies":[{"embeddable":true,"href":"https:\/\/cpata-cabamc.ca\/fr\/wp-json\/wp\/v2\/comments?post=3967"}],"version-history":[{"count":0,"href":"https:\/\/cpata-cabamc.ca\/fr\/wp-json\/wp\/v2\/pages\/3967\/revisions"}],"up":[{"embeddable":true,"href":"https:\/\/cpata-cabamc.ca\/fr\/wp-json\/wp\/v2\/pages\/3925"}],"wp:attachment":[{"href":"https:\/\/cpata-cabamc.ca\/fr\/wp-json\/wp\/v2\/media?parent=3967"}],"wp:term":[{"taxonomy":"folder","embeddable":true,"href":"https:\/\/cpata-cabamc.ca\/fr\/wp-json\/wp\/v2\/folder?post=3967"}],"curies":[{"name":"wp","href":"https:\/\/api.w.org\/{rel}","templated":true}]}}