{"id":3910,"date":"2021-12-08T21:24:29","date_gmt":"2021-12-08T21:24:29","guid":{"rendered":"https:\/\/cpatacabamcdev.wpengine.com\/?page_id=3910"},"modified":"2024-05-13T19:50:11","modified_gmt":"2024-05-13T19:50:11","slug":"code-de-deontologie","status":"publish","type":"page","link":"https:\/\/cpata-cabamc.ca\/fr\/a-propos-de-nous\/reglementation\/code-de-deontologie\/","title":{"rendered":"Code de d\u00e9ontologie"},"content":{"rendered":"\t\t<div data-elementor-type=\"wp-page\" data-elementor-id=\"3910\" class=\"elementor elementor-3910 elementor-789\" data-elementor-post-type=\"page\">\n\t\t\t\t\t\t<section class=\"elementor-section elementor-top-section elementor-element elementor-element-de9d579 elementor-section-full_width elementor-section-height-default elementor-section-height-default\" data-id=\"de9d579\" data-element_type=\"section\" data-e-type=\"section\">\n\t\t\t\t\t\t<div class=\"elementor-container elementor-column-gap-default\">\n\t\t\t\t\t<div class=\"elementor-column elementor-col-100 elementor-top-column elementor-element elementor-element-0b3284d\" data-id=\"0b3284d\" data-element_type=\"column\" data-e-type=\"column\">\n\t\t\t<div class=\"elementor-widget-wrap elementor-element-populated\">\n\t\t\t\t\t\t<div class=\"elementor-element elementor-element-89e4aab elementor-widget elementor-widget-text-editor\" data-id=\"89e4aab\" data-element_type=\"widget\" data-e-type=\"widget\" data-widget_type=\"text-editor.default\">\n\t\t\t\t<div class=\"elementor-widget-container\">\n\t\t\t\t\t\t\t\t\t<p><span style=\"font-weight: 400;\">Le Code de d\u00e9ontologie a \u00e9t\u00e9 \u00e9tabli par le ministre en vertu de l\u2019art.\u00a033(1) de la Loi. Il a \u00e9t\u00e9 \u00e9labor\u00e9 avant que le CABAMC soit op\u00e9rationnel, \u00e0 la suite de consultations avec les membres de la profession et d\u2019une contribution importante de la part de l\u2019<\/span><a href=\"https:\/\/ipic.ca\/fr\"><span style=\"font-weight: 400;\">Institut de la propri\u00e9t\u00e9 intellectuelle du Canada<\/span><\/a><span style=\"font-weight: 400;\">. Le Code s\u2019inspire largement du Code type de d\u00e9ontologie professionnelle \u00e9labor\u00e9 par la <\/span><a href=\"https:\/\/flsc.ca\/what-we-do\/model-code-of-professional-conduct\/\"><span style=\"font-weight: 400;\">F\u00e9d\u00e9ration des ordres professionnels de juristes du Canada<\/span><\/a><span style=\"font-weight: 400;\">.<\/span><\/p><p><span style=\"font-weight: 400;\">Cette similitude met en \u00e9vidence le fait que les agents de brevets et de marques de commerce fournissent des services juridiques sp\u00e9cialis\u00e9s dans le domaine de la propri\u00e9t\u00e9 intellectuelle, et qu\u2019il est crucial que les obligations d\u00e9ontologiques de tous les fournisseurs de services juridiques soient identiques. En outre, dans les cas o\u00f9 il existe des diff\u00e9rences propres aux agents de brevets et de marques de commerce, les motifs \u00e0 l\u2019origine de celles-ci sont clairement \u00e9nonc\u00e9s.<\/span><\/p><p><span style=\"font-weight: 400;\">Le Coll\u00e8ge \u00e9tablira un plan pour la r\u00e9vision du Code et s\u2019assurera qu\u2019il demeure moderne, pertinent et adapt\u00e9 \u00e0 l\u2019\u00e9volution des activit\u00e9s du Coll\u00e8ge ainsi qu\u2019aux changements survenus dans les professions de la propri\u00e9t\u00e9 intellectuelle.<\/span><\/p>\t\t\t\t\t\t\t\t<\/div>\n\t\t\t\t<\/div>\n\t\t\t\t<div class=\"elementor-element elementor-element-52402bf elementor-widget elementor-widget-button\" data-id=\"52402bf\" data-element_type=\"widget\" data-e-type=\"widget\" data-widget_type=\"button.default\">\n\t\t\t\t<div class=\"elementor-widget-container\">\n\t\t\t\t\t\t\t\t\t<div class=\"elementor-button-wrapper\">\n\t\t\t\t\t<a class=\"elementor-button elementor-button-link elementor-size-sm\" href=\"https:\/\/cpata-cabamc.ca\/wp-content\/uploads\/2021\/06\/2021-06-28-Code-of-Professional-Conduct.pdf\" target=\"_blank\">\n\t\t\t\t\t\t<span class=\"elementor-button-content-wrapper\">\n\t\t\t\t\t\t\t\t\t<span class=\"elementor-button-text\">Code de d\u00e9ontologie<\/span>\n\t\t\t\t\t<\/span>\n\t\t\t\t\t<\/a>\n\t\t\t\t<\/div>\n\t\t\t\t\t\t\t\t<\/div>\n\t\t\t\t<\/div>\n\t\t\t\t\t<\/div>\n\t\t<\/div>\n\t\t\t\t\t<\/div>\n\t\t<\/section>\n\t\t\t\t<\/div>\n\t\t","protected":false},"excerpt":{"rendered":"<p>Le Code de d\u00e9ontologie a \u00e9t\u00e9 \u00e9tabli par le ministre en vertu de l\u2019art.\u00a033(1) de<\/p>\n","protected":false},"author":6,"featured_media":0,"parent":3925,"menu_order":0,"comment_status":"closed","ping_status":"closed","template":"","meta":{"_acf_changed":false,"_monsterinsights_skip_tracking":false,"_monsterinsights_sitenote_active":false,"_monsterinsights_sitenote_note":"","_monsterinsights_sitenote_category":0,"site-sidebar-layout":"no-sidebar","site-content-layout":"page-builder","ast-site-content-layout":"default","site-content-style":"default","site-sidebar-style":"default","ast-global-header-display":"","ast-banner-title-visibility":"","ast-main-header-display":"","ast-hfb-above-header-display":"","ast-hfb-below-header-display":"","ast-hfb-mobile-header-display":"","site-post-title":"disabled","ast-breadcrumbs-content":"","ast-featured-img":"disabled","footer-sml-layout":"","theme-transparent-header-meta":"default","adv-header-id-meta":"","stick-header-meta":"","header-above-stick-meta":"","header-main-stick-meta":"","header-below-stick-meta":"","astra-migrate-meta-layouts":"default","ast-page-background-enabled":"default","ast-page-background-meta":{"desktop":{"background-color":"","background-image":"","background-repeat":"repeat","background-position":"center center","background-size":"auto","background-attachment":"scroll","background-type":"","background-media":"","overlay-type":"","overlay-color":"","overlay-opacity":"","overlay-gradient":""},"tablet":{"background-color":"","background-image":"","background-repeat":"repeat","background-position":"center center","background-size":"auto","background-attachment":"scroll","background-type":"","background-media":"","overlay-type":"","overlay-color":"","overlay-opacity":"","overlay-gradient":""},"mobile":{"background-color":"","background-image":"","background-repeat":"repeat","background-position":"center center","background-size":"auto","background-attachment":"scroll","background-type":"","background-media":"","overlay-type":"","overlay-color":"","overlay-opacity":"","overlay-gradient":""}},"ast-content-background-meta":{"desktop":{"background-color":"var(--ast-global-color-5)","background-image":"","background-repeat":"repeat","background-position":"center center","background-size":"auto","background-attachment":"scroll","background-type":"","background-media":"","overlay-type":"","overlay-color":"","overlay-opacity":"","overlay-gradient":""},"tablet":{"background-color":"var(--ast-global-color-5)","background-image":"","background-repeat":"repeat","background-position":"center center","background-size":"auto","background-attachment":"scroll","background-type":"","background-media":"","overlay-type":"","overlay-color":"","overlay-opacity":"","overlay-gradient":""},"mobile":{"background-color":"var(--ast-global-color-5)","background-image":"","background-repeat":"repeat","background-position":"center center","background-size":"auto","background-attachment":"scroll","background-type":"","background-media":"","overlay-type":"","overlay-color":"","overlay-opacity":"","overlay-gradient":""}},"footnotes":""},"folder":[],"class_list":["post-3910","page","type-page","status-publish","hentry"],"acf":[],"yoast_head":"<!-- This site is optimized with the Yoast SEO plugin v27.2 - https:\/\/yoast.com\/product\/yoast-seo-wordpress\/ -->\n<title>Code de d\u00e9ontologie - CABAMC<\/title>\n<meta name=\"robots\" content=\"index, follow, max-snippet:-1, max-image-preview:large, max-video-preview:-1\" \/>\n<link rel=\"canonical\" href=\"https:\/\/cpata-cabamc.ca\/fr\/a-propos-de-nous\/reglementation\/code-de-deontologie\/\" \/>\n<meta property=\"og:locale\" content=\"fr_FR\" \/>\n<meta property=\"og:type\" content=\"article\" \/>\n<meta property=\"og:title\" content=\"Code de d\u00e9ontologie - CABAMC\" \/>\n<meta property=\"og:description\" content=\"Le Code de d\u00e9ontologie a \u00e9t\u00e9 \u00e9tabli par le ministre en vertu de l\u2019art.\u00a033(1) de\" \/>\n<meta property=\"og:url\" content=\"https:\/\/cpata-cabamc.ca\/fr\/a-propos-de-nous\/reglementation\/code-de-deontologie\/\" \/>\n<meta property=\"og:site_name\" content=\"CABAMC\" \/>\n<meta property=\"article:modified_time\" content=\"2024-05-13T19:50:11+00:00\" \/>\n<meta name=\"twitter:card\" content=\"summary_large_image\" \/>\n<meta name=\"twitter:label1\" content=\"Dur\u00e9e de lecture estim\u00e9e\" \/>\n\t<meta name=\"twitter:data1\" content=\"1 minute\" \/>\n<script type=\"application\/ld+json\" class=\"yoast-schema-graph\">{\"@context\":\"https:\/\/schema.org\",\"@graph\":[{\"@type\":\"WebPage\",\"@id\":\"https:\/\/cpata-cabamc.ca\/fr\/a-propos-de-nous\/reglementation\/code-de-deontologie\/\",\"url\":\"https:\/\/cpata-cabamc.ca\/fr\/a-propos-de-nous\/reglementation\/code-de-deontologie\/\",\"name\":\"Code de d\u00e9ontologie - CABAMC\",\"isPartOf\":{\"@id\":\"https:\/\/cpata-cabamc.ca\/fr\/#website\"},\"datePublished\":\"2021-12-08T21:24:29+00:00\",\"dateModified\":\"2024-05-13T19:50:11+00:00\",\"breadcrumb\":{\"@id\":\"https:\/\/cpata-cabamc.ca\/fr\/a-propos-de-nous\/reglementation\/code-de-deontologie\/#breadcrumb\"},\"inLanguage\":\"fr-FR\",\"potentialAction\":[{\"@type\":\"ReadAction\",\"target\":[\"https:\/\/cpata-cabamc.ca\/fr\/a-propos-de-nous\/reglementation\/code-de-deontologie\/\"]}]},{\"@type\":\"BreadcrumbList\",\"@id\":\"https:\/\/cpata-cabamc.ca\/fr\/a-propos-de-nous\/reglementation\/code-de-deontologie\/#breadcrumb\",\"itemListElement\":[{\"@type\":\"ListItem\",\"position\":1,\"name\":\"Accueil\",\"item\":\"https:\/\/cpata-cabamc.ca\/fr\/\"},{\"@type\":\"ListItem\",\"position\":2,\"name\":\"\u00c0 propos de nous\",\"item\":\"https:\/\/cpata-cabamc.ca\/fr\/about-us\/\"},{\"@type\":\"ListItem\",\"position\":3,\"name\":\"R\u00e9glementation\",\"item\":\"https:\/\/cpata-cabamc.ca\/fr\/?page_id=53\"},{\"@type\":\"ListItem\",\"position\":4,\"name\":\"Code de d\u00e9ontologie\"}]},{\"@type\":\"WebSite\",\"@id\":\"https:\/\/cpata-cabamc.ca\/fr\/#website\",\"url\":\"https:\/\/cpata-cabamc.ca\/fr\/\",\"name\":\"CABAMC\",\"description\":\"CABAMC\",\"publisher\":{\"@id\":\"https:\/\/cpata-cabamc.ca\/fr\/#organization\"},\"potentialAction\":[{\"@type\":\"SearchAction\",\"target\":{\"@type\":\"EntryPoint\",\"urlTemplate\":\"https:\/\/cpata-cabamc.ca\/fr\/?s={search_term_string}\"},\"query-input\":{\"@type\":\"PropertyValueSpecification\",\"valueRequired\":true,\"valueName\":\"search_term_string\"}}],\"inLanguage\":\"fr-FR\"},{\"@type\":\"Organization\",\"@id\":\"https:\/\/cpata-cabamc.ca\/fr\/#organization\",\"name\":\"CABAMC\",\"url\":\"https:\/\/cpata-cabamc.ca\/fr\/\",\"logo\":{\"@type\":\"ImageObject\",\"inLanguage\":\"fr-FR\",\"@id\":\"https:\/\/cpata-cabamc.ca\/fr\/#\/schema\/logo\/image\/\",\"url\":\"https:\/\/cpata-cabamc.ca\/wp-content\/uploads\/2021\/02\/Logo-Light-RGB.svg\",\"contentUrl\":\"https:\/\/cpata-cabamc.ca\/wp-content\/uploads\/2021\/02\/Logo-Light-RGB.svg\",\"caption\":\"CABAMC\"},\"image\":{\"@id\":\"https:\/\/cpata-cabamc.ca\/fr\/#\/schema\/logo\/image\/\"}}]}<\/script>\n<!-- \/ Yoast SEO plugin. -->","yoast_head_json":{"title":"Code de d\u00e9ontologie - CABAMC","robots":{"index":"index","follow":"follow","max-snippet":"max-snippet:-1","max-image-preview":"max-image-preview:large","max-video-preview":"max-video-preview:-1"},"canonical":"https:\/\/cpata-cabamc.ca\/fr\/a-propos-de-nous\/reglementation\/code-de-deontologie\/","og_locale":"fr_FR","og_type":"article","og_title":"Code de d\u00e9ontologie - CABAMC","og_description":"Le Code de d\u00e9ontologie a \u00e9t\u00e9 \u00e9tabli par le ministre en vertu de l\u2019art.\u00a033(1) de","og_url":"https:\/\/cpata-cabamc.ca\/fr\/a-propos-de-nous\/reglementation\/code-de-deontologie\/","og_site_name":"CABAMC","article_modified_time":"2024-05-13T19:50:11+00:00","twitter_card":"summary_large_image","twitter_misc":{"Dur\u00e9e de lecture estim\u00e9e":"1 minute"},"schema":{"@context":"https:\/\/schema.org","@graph":[{"@type":"WebPage","@id":"https:\/\/cpata-cabamc.ca\/fr\/a-propos-de-nous\/reglementation\/code-de-deontologie\/","url":"https:\/\/cpata-cabamc.ca\/fr\/a-propos-de-nous\/reglementation\/code-de-deontologie\/","name":"Code de d\u00e9ontologie - CABAMC","isPartOf":{"@id":"https:\/\/cpata-cabamc.ca\/fr\/#website"},"datePublished":"2021-12-08T21:24:29+00:00","dateModified":"2024-05-13T19:50:11+00:00","breadcrumb":{"@id":"https:\/\/cpata-cabamc.ca\/fr\/a-propos-de-nous\/reglementation\/code-de-deontologie\/#breadcrumb"},"inLanguage":"fr-FR","potentialAction":[{"@type":"ReadAction","target":["https:\/\/cpata-cabamc.ca\/fr\/a-propos-de-nous\/reglementation\/code-de-deontologie\/"]}]},{"@type":"BreadcrumbList","@id":"https:\/\/cpata-cabamc.ca\/fr\/a-propos-de-nous\/reglementation\/code-de-deontologie\/#breadcrumb","itemListElement":[{"@type":"ListItem","position":1,"name":"Accueil","item":"https:\/\/cpata-cabamc.ca\/fr\/"},{"@type":"ListItem","position":2,"name":"\u00c0 propos de nous","item":"https:\/\/cpata-cabamc.ca\/fr\/about-us\/"},{"@type":"ListItem","position":3,"name":"R\u00e9glementation","item":"https:\/\/cpata-cabamc.ca\/fr\/?page_id=53"},{"@type":"ListItem","position":4,"name":"Code de d\u00e9ontologie"}]},{"@type":"WebSite","@id":"https:\/\/cpata-cabamc.ca\/fr\/#website","url":"https:\/\/cpata-cabamc.ca\/fr\/","name":"CABAMC","description":"CABAMC","publisher":{"@id":"https:\/\/cpata-cabamc.ca\/fr\/#organization"},"potentialAction":[{"@type":"SearchAction","target":{"@type":"EntryPoint","urlTemplate":"https:\/\/cpata-cabamc.ca\/fr\/?s={search_term_string}"},"query-input":{"@type":"PropertyValueSpecification","valueRequired":true,"valueName":"search_term_string"}}],"inLanguage":"fr-FR"},{"@type":"Organization","@id":"https:\/\/cpata-cabamc.ca\/fr\/#organization","name":"CABAMC","url":"https:\/\/cpata-cabamc.ca\/fr\/","logo":{"@type":"ImageObject","inLanguage":"fr-FR","@id":"https:\/\/cpata-cabamc.ca\/fr\/#\/schema\/logo\/image\/","url":"https:\/\/cpata-cabamc.ca\/wp-content\/uploads\/2021\/02\/Logo-Light-RGB.svg","contentUrl":"https:\/\/cpata-cabamc.ca\/wp-content\/uploads\/2021\/02\/Logo-Light-RGB.svg","caption":"CABAMC"},"image":{"@id":"https:\/\/cpata-cabamc.ca\/fr\/#\/schema\/logo\/image\/"}}]}},"_links":{"self":[{"href":"https:\/\/cpata-cabamc.ca\/fr\/wp-json\/wp\/v2\/pages\/3910","targetHints":{"allow":["GET"]}}],"collection":[{"href":"https:\/\/cpata-cabamc.ca\/fr\/wp-json\/wp\/v2\/pages"}],"about":[{"href":"https:\/\/cpata-cabamc.ca\/fr\/wp-json\/wp\/v2\/types\/page"}],"author":[{"embeddable":true,"href":"https:\/\/cpata-cabamc.ca\/fr\/wp-json\/wp\/v2\/users\/6"}],"replies":[{"embeddable":true,"href":"https:\/\/cpata-cabamc.ca\/fr\/wp-json\/wp\/v2\/comments?post=3910"}],"version-history":[{"count":4,"href":"https:\/\/cpata-cabamc.ca\/fr\/wp-json\/wp\/v2\/pages\/3910\/revisions"}],"predecessor-version":[{"id":19607,"href":"https:\/\/cpata-cabamc.ca\/fr\/wp-json\/wp\/v2\/pages\/3910\/revisions\/19607"}],"up":[{"embeddable":true,"href":"https:\/\/cpata-cabamc.ca\/fr\/wp-json\/wp\/v2\/pages\/3925"}],"wp:attachment":[{"href":"https:\/\/cpata-cabamc.ca\/fr\/wp-json\/wp\/v2\/media?parent=3910"}],"wp:term":[{"taxonomy":"folder","embeddable":true,"href":"https:\/\/cpata-cabamc.ca\/fr\/wp-json\/wp\/v2\/folder?post=3910"}],"curies":[{"name":"wp","href":"https:\/\/api.w.org\/{rel}","templated":true}]}}