{"id":26441,"date":"2025-11-19T05:31:23","date_gmt":"2025-11-19T05:31:23","guid":{"rendered":"https:\/\/cpata-cabamc.ca\/?page_id=26441"},"modified":"2025-12-10T20:02:50","modified_gmt":"2025-12-10T20:02:50","slug":"budgets-annuels","status":"publish","type":"page","link":"https:\/\/cpata-cabamc.ca\/fr\/a-propos-de-nous\/budgets-annuels\/","title":{"rendered":"Budgets annuels"},"content":{"rendered":"\t\t<div data-elementor-type=\"wp-page\" data-elementor-id=\"26441\" class=\"elementor elementor-26441 elementor-26425\" data-elementor-post-type=\"page\">\n\t\t\t\t\t\t<section class=\"elementor-section elementor-top-section elementor-element elementor-element-4c5245fb elementor-section-boxed elementor-section-height-default elementor-section-height-default\" data-id=\"4c5245fb\" data-element_type=\"section\" data-e-type=\"section\">\n\t\t\t\t\t\t<div class=\"elementor-container elementor-column-gap-default\">\n\t\t\t\t\t<div class=\"elementor-column elementor-col-100 elementor-top-column elementor-element elementor-element-4b8089c6\" data-id=\"4b8089c6\" data-element_type=\"column\" data-e-type=\"column\">\n\t\t\t<div class=\"elementor-widget-wrap elementor-element-populated\">\n\t\t\t\t\t\t<div class=\"elementor-element elementor-element-5e4a5913 elementor-widget elementor-widget-text-editor\" data-id=\"5e4a5913\" data-element_type=\"widget\" data-e-type=\"widget\" data-widget_type=\"text-editor.default\">\n\t\t\t\t<div class=\"elementor-widget-container\">\n\t\t\t\t\t\t\t\t\t<p><span data-contrast=\"auto\">Le CABAMC est un organisme de r\u00e9glementation ind\u00e9pendant. Le financement du Coll\u00e8ge provient exclusivement des frais, dont 90\u202f% sont des droits de permis. Le financement restant provient des frais d\u2019examen, des frais de demande de permis et de certificat, et des int\u00e9r\u00eats cr\u00e9diteurs. Le CABAMC n\u2019a jamais re\u00e7u de financement du gouvernement du Canada ou de toute autre source.<\/span><span data-ccp-props=\"{}\">\u00a0<\/span><\/p><p><span data-contrast=\"auto\">Le CABAMC est constitu\u00e9 en personne morale sans capital-actions en vertu de la Loi sur le CABAMC. L\u2019organisation a pour principe budg\u00e9taire fondamental de disposer des fonds suffisants pour r\u00e9pondre \u00e0 son mandat statutaire tout en assurant sa stabilit\u00e9 \u00e0 long terme.\u00a0\u00a0<\/span><span data-ccp-props=\"{}\">\u00a0<\/span><\/p><p><span data-contrast=\"auto\">Le CABAMC est transparent quant \u00e0 ses processus budg\u00e9taires, et le public peut acc\u00e9der \u00e0 tous les budgets \u00e0 partir de la pr\u00e9sente page. Les budgets annuels du CABAMC pour le prochain exercice financier sont approuv\u00e9s par le Conseil d\u2019administration lors de sa r\u00e9union publique de d\u00e9cembre. Tous les documents relatifs aux r\u00e9unions du Conseil d\u2019administration du CABAMC sont publi\u00e9s avant la r\u00e9union sur <\/span><a href=\"https:\/\/cpata-cabamc.ca\/fr\/a-propos-de-nous\/reunions-du-conseil-et-assemblee-generale-annuelle\/reunions-du-conseil-dadministration-date-documents-et-proces-verbaux\/\"><span data-contrast=\"none\">cette page<\/span><\/a><span data-contrast=\"auto\">.\u00a0<\/span><span data-ccp-props=\"{}\">\u00a0<\/span><\/p><p><span data-contrast=\"auto\">Les <\/span><b><span data-contrast=\"auto\">recettes pr\u00e9vues<\/span><\/b><span data-contrast=\"auto\"> du CABAMC sont calcul\u00e9es en multipliant le nombre pr\u00e9vu de permis (et d\u2019agent[e]s) par le total des droits de permis, puis en additionnant les recettes provenant des frais d\u2019examen, des frais de demande de permis et de certificat, et des int\u00e9r\u00eats cr\u00e9diteurs. Puisque le budget du CABAMC est approuv\u00e9 en d\u00e9cembre pour le prochain exercice et que la p\u00e9riode de renouvellement des permis a lieu en f\u00e9vrier et mars, les recettes pr\u00e9vues du CABAMC doivent se baser sur le nombre pr\u00e9vu de permis (et d\u2019agent[e]s).<\/span><span data-ccp-props=\"{}\">\u00a0<\/span><\/p><p><span data-contrast=\"auto\">Le <\/span><b><span data-contrast=\"auto\">budget des d\u00e9penses<\/span><\/b><span data-contrast=\"auto\"> du CABAMC s\u2019appuie sur la m\u00e9thode du budget base z\u00e9ro. Ainsi, le CABAMC s\u2019efforce d\u2019\u00e9quilibrer aussi \u00e9troitement que possible les revenus et les d\u00e9penses. Les d\u00e9penses sont \u00e9tablies selon les exp\u00e9riences de r\u00e9glementation ant\u00e9rieures concernant les fonctions de r\u00e9glementation essentielles et permanentes comme la tenue d\u2019examens, la nature et le nombre de plaintes ainsi que les cas de pratique non autoris\u00e9e, et ce, en tenant compte des co\u00fbts de programmation de certaines initiatives comme l\u2019\u00e9laboration de politiques de perfectionnement professionnel continu ou de nouvelles ressources pour les agent(e)s en formation et les superviseur(-euse)s.<\/span><span data-ccp-props=\"{}\">\u00a0<\/span><\/p>\t\t\t\t\t\t\t\t<\/div>\n\t\t\t\t<\/div>\n\t\t\t\t<div class=\"elementor-element elementor-element-e710c3f elementor-widget elementor-widget-text-editor\" data-id=\"e710c3f\" data-element_type=\"widget\" data-e-type=\"widget\" data-widget_type=\"text-editor.default\">\n\t\t\t\t<div class=\"elementor-widget-container\">\n\t\t\t\t\t\t\t\t\t<p><a href=\"https:\/\/cpata-cabamc.ca\/wp-content\/uploads\/2025\/12\/Presentation-du-budget-de-2026-du-CABAMC-Approuve-la-10-decembre-2025.pdf\" target=\"_blank\" rel=\"noopener\">Budget 2026<\/a><\/p><p><a href=\"https:\/\/cpata-cabamc.ca\/wp-content\/uploads\/2025\/11\/Presentation-du-budget-de-2025-du-CABAMC-Approuve-la-5-decembre-2024.pdf\" target=\"_blank\" rel=\"noopener\"><span data-contrast=\"auto\">Budget\u202f2025<\/span><span data-ccp-props=\"{}\">\u00a0<\/span><\/a><\/p><p><a href=\"https:\/\/cpata-cabamc.ca\/wp-content\/uploads\/2025\/11\/Presentation-du-budget-de-2024-du-CABAMC-Approuve-la-14-decembre-2023.pdf\" target=\"_blank\" rel=\"noopener\"><span data-contrast=\"auto\">Budget\u202f2024<\/span><span data-ccp-props=\"{}\">\u00a0<\/span><\/a><\/p><p><a href=\"https:\/\/cpata-cabamc.ca\/wp-content\/uploads\/2025\/11\/Presentation-du-budget-de-2023-du-CABAMC-Approuve-la-15-decembre-2022.pdf\" target=\"_blank\" rel=\"noopener\"><span data-contrast=\"auto\">Budget\u202f2023<\/span><span data-ccp-props=\"{}\">\u00a0<\/span><\/a><\/p><p><a href=\"https:\/\/cpata-cabamc.ca\/wp-content\/uploads\/2025\/11\/Presentation-du-budget-de-2022-du-CABAMC-Approuve-la-30-octobre-2021.pdf\" target=\"_blank\" rel=\"noopener\"><span data-contrast=\"auto\">Budget\u202f2022<\/span><span data-ccp-props=\"{}\">\u00a0<\/span><\/a><\/p><p><a href=\"https:\/\/cpata-cabamc.ca\/wp-content\/uploads\/2025\/11\/Presentation-du-budget-de-2021-du-CABAMC-Approuve-la-13-avril-2021.pdf\" target=\"_blank\" rel=\"noopener\"><span data-contrast=\"auto\">Budget\u202f2021\u00a0<\/span><\/a><span data-ccp-props=\"{}\">\u00a0<\/span><\/p>\t\t\t\t\t\t\t\t<\/div>\n\t\t\t\t<\/div>\n\t\t\t\t\t<\/div>\n\t\t<\/div>\n\t\t\t\t\t<\/div>\n\t\t<\/section>\n\t\t\t\t<\/div>\n\t\t","protected":false},"excerpt":{"rendered":"<p>Le CABAMC est un organisme de r\u00e9glementation ind\u00e9pendant. Le financement du Coll\u00e8ge provient exclusivement des<\/p>\n","protected":false},"author":7,"featured_media":0,"parent":3357,"menu_order":0,"comment_status":"closed","ping_status":"closed","template":"","meta":{"_acf_changed":false,"_monsterinsights_skip_tracking":false,"_monsterinsights_sitenote_active":false,"_monsterinsights_sitenote_note":"","_monsterinsights_sitenote_category":0,"site-sidebar-layout":"default","site-content-layout":"","ast-site-content-layout":"default","site-content-style":"default","site-sidebar-style":"default","ast-global-header-display":"","ast-banner-title-visibility":"","ast-main-header-display":"","ast-hfb-above-header-display":"","ast-hfb-below-header-display":"","ast-hfb-mobile-header-display":"","site-post-title":"","ast-breadcrumbs-content":"","ast-featured-img":"","footer-sml-layout":"","theme-transparent-header-meta":"default","adv-header-id-meta":"","stick-header-meta":"","header-above-stick-meta":"","header-main-stick-meta":"","header-below-stick-meta":"","astra-migrate-meta-layouts":"default","ast-page-background-enabled":"default","ast-page-background-meta":{"desktop":{"background-color":"","background-image":"","background-repeat":"repeat","background-position":"center center","background-size":"auto","background-attachment":"scroll","background-type":"","background-media":"","overlay-type":"","overlay-color":"","overlay-opacity":"","overlay-gradient":""},"tablet":{"background-color":"","background-image":"","background-repeat":"repeat","background-position":"center center","background-size":"auto","background-attachment":"scroll","background-type":"","background-media":"","overlay-type":"","overlay-color":"","overlay-opacity":"","overlay-gradient":""},"mobile":{"background-color":"","background-image":"","background-repeat":"repeat","background-position":"center center","background-size":"auto","background-attachment":"scroll","background-type":"","background-media":"","overlay-type":"","overlay-color":"","overlay-opacity":"","overlay-gradient":""}},"ast-content-background-meta":{"desktop":{"background-color":"var(--ast-global-color-5)","background-image":"","background-repeat":"repeat","background-position":"center center","background-size":"auto","background-attachment":"scroll","background-type":"","background-media":"","overlay-type":"","overlay-color":"","overlay-opacity":"","overlay-gradient":""},"tablet":{"background-color":"var(--ast-global-color-5)","background-image":"","background-repeat":"repeat","background-position":"center center","background-size":"auto","background-attachment":"scroll","background-type":"","background-media":"","overlay-type":"","overlay-color":"","overlay-opacity":"","overlay-gradient":""},"mobile":{"background-color":"var(--ast-global-color-5)","background-image":"","background-repeat":"repeat","background-position":"center center","background-size":"auto","background-attachment":"scroll","background-type":"","background-media":"","overlay-type":"","overlay-color":"","overlay-opacity":"","overlay-gradient":""}},"footnotes":""},"folder":[],"class_list":["post-26441","page","type-page","status-publish","hentry"],"acf":[],"yoast_head":"<!-- This site is optimized with the Yoast SEO plugin v27.2 - https:\/\/yoast.com\/product\/yoast-seo-wordpress\/ -->\n<title>Budgets annuels - CABAMC<\/title>\n<meta name=\"robots\" content=\"index, follow, max-snippet:-1, max-image-preview:large, max-video-preview:-1\" \/>\n<link rel=\"canonical\" href=\"https:\/\/cpata-cabamc.ca\/fr\/a-propos-de-nous\/budgets-annuels\/\" \/>\n<meta property=\"og:locale\" content=\"fr_FR\" \/>\n<meta property=\"og:type\" content=\"article\" \/>\n<meta property=\"og:title\" content=\"Budgets annuels - CABAMC\" \/>\n<meta property=\"og:description\" content=\"Le CABAMC est un organisme de r\u00e9glementation ind\u00e9pendant. Le financement du Coll\u00e8ge provient exclusivement des\" \/>\n<meta property=\"og:url\" content=\"https:\/\/cpata-cabamc.ca\/fr\/a-propos-de-nous\/budgets-annuels\/\" \/>\n<meta property=\"og:site_name\" content=\"CABAMC\" \/>\n<meta property=\"article:modified_time\" content=\"2025-12-10T20:02:50+00:00\" \/>\n<meta name=\"twitter:card\" content=\"summary_large_image\" \/>\n<meta name=\"twitter:label1\" content=\"Dur\u00e9e de lecture estim\u00e9e\" \/>\n\t<meta name=\"twitter:data1\" content=\"2 minutes\" \/>\n<script type=\"application\/ld+json\" class=\"yoast-schema-graph\">{\"@context\":\"https:\/\/schema.org\",\"@graph\":[{\"@type\":\"WebPage\",\"@id\":\"https:\/\/cpata-cabamc.ca\/fr\/a-propos-de-nous\/budgets-annuels\/\",\"url\":\"https:\/\/cpata-cabamc.ca\/fr\/a-propos-de-nous\/budgets-annuels\/\",\"name\":\"Budgets annuels - CABAMC\",\"isPartOf\":{\"@id\":\"https:\/\/cpata-cabamc.ca\/fr\/#website\"},\"datePublished\":\"2025-11-19T05:31:23+00:00\",\"dateModified\":\"2025-12-10T20:02:50+00:00\",\"breadcrumb\":{\"@id\":\"https:\/\/cpata-cabamc.ca\/fr\/a-propos-de-nous\/budgets-annuels\/#breadcrumb\"},\"inLanguage\":\"fr-FR\",\"potentialAction\":[{\"@type\":\"ReadAction\",\"target\":[\"https:\/\/cpata-cabamc.ca\/fr\/a-propos-de-nous\/budgets-annuels\/\"]}]},{\"@type\":\"BreadcrumbList\",\"@id\":\"https:\/\/cpata-cabamc.ca\/fr\/a-propos-de-nous\/budgets-annuels\/#breadcrumb\",\"itemListElement\":[{\"@type\":\"ListItem\",\"position\":1,\"name\":\"Accueil\",\"item\":\"https:\/\/cpata-cabamc.ca\/fr\/\"},{\"@type\":\"ListItem\",\"position\":2,\"name\":\"\u00c0 propos de nous\",\"item\":\"https:\/\/cpata-cabamc.ca\/fr\/about-us\/\"},{\"@type\":\"ListItem\",\"position\":3,\"name\":\"Budgets annuels\"}]},{\"@type\":\"WebSite\",\"@id\":\"https:\/\/cpata-cabamc.ca\/fr\/#website\",\"url\":\"https:\/\/cpata-cabamc.ca\/fr\/\",\"name\":\"CABAMC\",\"description\":\"CABAMC\",\"publisher\":{\"@id\":\"https:\/\/cpata-cabamc.ca\/fr\/#organization\"},\"potentialAction\":[{\"@type\":\"SearchAction\",\"target\":{\"@type\":\"EntryPoint\",\"urlTemplate\":\"https:\/\/cpata-cabamc.ca\/fr\/?s={search_term_string}\"},\"query-input\":{\"@type\":\"PropertyValueSpecification\",\"valueRequired\":true,\"valueName\":\"search_term_string\"}}],\"inLanguage\":\"fr-FR\"},{\"@type\":\"Organization\",\"@id\":\"https:\/\/cpata-cabamc.ca\/fr\/#organization\",\"name\":\"CABAMC\",\"url\":\"https:\/\/cpata-cabamc.ca\/fr\/\",\"logo\":{\"@type\":\"ImageObject\",\"inLanguage\":\"fr-FR\",\"@id\":\"https:\/\/cpata-cabamc.ca\/fr\/#\/schema\/logo\/image\/\",\"url\":\"https:\/\/cpata-cabamc.ca\/wp-content\/uploads\/2021\/02\/Logo-Light-RGB.svg\",\"contentUrl\":\"https:\/\/cpata-cabamc.ca\/wp-content\/uploads\/2021\/02\/Logo-Light-RGB.svg\",\"caption\":\"CABAMC\"},\"image\":{\"@id\":\"https:\/\/cpata-cabamc.ca\/fr\/#\/schema\/logo\/image\/\"}}]}<\/script>\n<!-- \/ Yoast SEO plugin. -->","yoast_head_json":{"title":"Budgets annuels - CABAMC","robots":{"index":"index","follow":"follow","max-snippet":"max-snippet:-1","max-image-preview":"max-image-preview:large","max-video-preview":"max-video-preview:-1"},"canonical":"https:\/\/cpata-cabamc.ca\/fr\/a-propos-de-nous\/budgets-annuels\/","og_locale":"fr_FR","og_type":"article","og_title":"Budgets annuels - CABAMC","og_description":"Le CABAMC est un organisme de r\u00e9glementation ind\u00e9pendant. Le financement du Coll\u00e8ge provient exclusivement des","og_url":"https:\/\/cpata-cabamc.ca\/fr\/a-propos-de-nous\/budgets-annuels\/","og_site_name":"CABAMC","article_modified_time":"2025-12-10T20:02:50+00:00","twitter_card":"summary_large_image","twitter_misc":{"Dur\u00e9e de lecture estim\u00e9e":"2 minutes"},"schema":{"@context":"https:\/\/schema.org","@graph":[{"@type":"WebPage","@id":"https:\/\/cpata-cabamc.ca\/fr\/a-propos-de-nous\/budgets-annuels\/","url":"https:\/\/cpata-cabamc.ca\/fr\/a-propos-de-nous\/budgets-annuels\/","name":"Budgets annuels - CABAMC","isPartOf":{"@id":"https:\/\/cpata-cabamc.ca\/fr\/#website"},"datePublished":"2025-11-19T05:31:23+00:00","dateModified":"2025-12-10T20:02:50+00:00","breadcrumb":{"@id":"https:\/\/cpata-cabamc.ca\/fr\/a-propos-de-nous\/budgets-annuels\/#breadcrumb"},"inLanguage":"fr-FR","potentialAction":[{"@type":"ReadAction","target":["https:\/\/cpata-cabamc.ca\/fr\/a-propos-de-nous\/budgets-annuels\/"]}]},{"@type":"BreadcrumbList","@id":"https:\/\/cpata-cabamc.ca\/fr\/a-propos-de-nous\/budgets-annuels\/#breadcrumb","itemListElement":[{"@type":"ListItem","position":1,"name":"Accueil","item":"https:\/\/cpata-cabamc.ca\/fr\/"},{"@type":"ListItem","position":2,"name":"\u00c0 propos de nous","item":"https:\/\/cpata-cabamc.ca\/fr\/about-us\/"},{"@type":"ListItem","position":3,"name":"Budgets annuels"}]},{"@type":"WebSite","@id":"https:\/\/cpata-cabamc.ca\/fr\/#website","url":"https:\/\/cpata-cabamc.ca\/fr\/","name":"CABAMC","description":"CABAMC","publisher":{"@id":"https:\/\/cpata-cabamc.ca\/fr\/#organization"},"potentialAction":[{"@type":"SearchAction","target":{"@type":"EntryPoint","urlTemplate":"https:\/\/cpata-cabamc.ca\/fr\/?s={search_term_string}"},"query-input":{"@type":"PropertyValueSpecification","valueRequired":true,"valueName":"search_term_string"}}],"inLanguage":"fr-FR"},{"@type":"Organization","@id":"https:\/\/cpata-cabamc.ca\/fr\/#organization","name":"CABAMC","url":"https:\/\/cpata-cabamc.ca\/fr\/","logo":{"@type":"ImageObject","inLanguage":"fr-FR","@id":"https:\/\/cpata-cabamc.ca\/fr\/#\/schema\/logo\/image\/","url":"https:\/\/cpata-cabamc.ca\/wp-content\/uploads\/2021\/02\/Logo-Light-RGB.svg","contentUrl":"https:\/\/cpata-cabamc.ca\/wp-content\/uploads\/2021\/02\/Logo-Light-RGB.svg","caption":"CABAMC"},"image":{"@id":"https:\/\/cpata-cabamc.ca\/fr\/#\/schema\/logo\/image\/"}}]}},"_links":{"self":[{"href":"https:\/\/cpata-cabamc.ca\/fr\/wp-json\/wp\/v2\/pages\/26441","targetHints":{"allow":["GET"]}}],"collection":[{"href":"https:\/\/cpata-cabamc.ca\/fr\/wp-json\/wp\/v2\/pages"}],"about":[{"href":"https:\/\/cpata-cabamc.ca\/fr\/wp-json\/wp\/v2\/types\/page"}],"author":[{"embeddable":true,"href":"https:\/\/cpata-cabamc.ca\/fr\/wp-json\/wp\/v2\/users\/7"}],"replies":[{"embeddable":true,"href":"https:\/\/cpata-cabamc.ca\/fr\/wp-json\/wp\/v2\/comments?post=26441"}],"version-history":[{"count":0,"href":"https:\/\/cpata-cabamc.ca\/fr\/wp-json\/wp\/v2\/pages\/26441\/revisions"}],"up":[{"embeddable":true,"href":"https:\/\/cpata-cabamc.ca\/fr\/wp-json\/wp\/v2\/pages\/3357"}],"wp:attachment":[{"href":"https:\/\/cpata-cabamc.ca\/fr\/wp-json\/wp\/v2\/media?parent=26441"}],"wp:term":[{"taxonomy":"folder","embeddable":true,"href":"https:\/\/cpata-cabamc.ca\/fr\/wp-json\/wp\/v2\/folder?post=26441"}],"curies":[{"name":"wp","href":"https:\/\/api.w.org\/{rel}","templated":true}]}}