{"id":25799,"date":"2025-09-22T20:45:47","date_gmt":"2025-09-22T20:45:47","guid":{"rendered":"https:\/\/cpata-cabamc.ca\/?page_id=25799"},"modified":"2025-09-25T14:53:00","modified_gmt":"2025-09-25T14:53:00","slug":"videos-sur-le-code-de-deontologie","status":"publish","type":"page","link":"https:\/\/cpata-cabamc.ca\/fr\/votre-profession\/videos-sur-le-code-de-deontologie\/","title":{"rendered":"Vid\u00e9os sur le Code de d\u00e9ontologie\u202f"},"content":{"rendered":"\t\t<div data-elementor-type=\"wp-page\" data-elementor-id=\"25799\" class=\"elementor elementor-25799 elementor-25794\" data-elementor-post-type=\"page\">\n\t\t\t\t\t\t<section class=\"elementor-section elementor-top-section elementor-element elementor-element-a229180 elementor-section-boxed elementor-section-height-default elementor-section-height-default\" data-id=\"a229180\" data-element_type=\"section\" data-e-type=\"section\">\n\t\t\t\t\t\t<div class=\"elementor-container elementor-column-gap-default\">\n\t\t\t\t\t<div class=\"elementor-column elementor-col-100 elementor-top-column elementor-element elementor-element-fd27f30\" data-id=\"fd27f30\" data-element_type=\"column\" data-e-type=\"column\">\n\t\t\t<div class=\"elementor-widget-wrap elementor-element-populated\">\n\t\t\t\t\t\t<div class=\"elementor-element elementor-element-b08ce67 elementor-widget elementor-widget-text-editor\" data-id=\"b08ce67\" data-element_type=\"widget\" data-e-type=\"widget\" data-widget_type=\"text-editor.default\">\n\t\t\t\t<div class=\"elementor-widget-container\">\n\t\t\t\t\t\t\t\t\t<p><span data-contrast=\"auto\">Le CABAMC a produit trois vid\u00e9os sur le Code de d\u00e9ontologie.\u202f<\/span><span data-contrast=\"auto\">\u202f<\/span><span data-ccp-props=\"{}\">\u00a0<\/span><\/p><p><span data-contrast=\"auto\">Ces vid\u00e9os, pr\u00e9sent\u00e9es par des agent(e)s exp\u00e9riment\u00e9(e)s, couvrent des sujets comme l\u2019int\u00e9grit\u00e9, les conflits d\u2019int\u00e9r\u00eats et les communications afin de permettre aux agent(e)s de brevets, aux agent(e)s de marques de commerce et aux agent(e)s en formation de mieux comprendre le Code et de b\u00e9n\u00e9ficier de conseils utiles pour leur pratique quotidienne.<\/span><span data-contrast=\"auto\">\u202f<\/span><span data-ccp-props=\"{}\">\u00a0<\/span><span data-contrast=\"auto\">\u202f<\/span><span data-ccp-props=\"{}\">\u00a0<\/span><\/p><p><strong>Vid\u00e9o\u202f1<\/strong><span data-contrast=\"auto\">\u202f<\/span><span data-contrast=\"auto\">: Introduction au Code de d\u00e9ontologie et la R\u00e8gle fondamentale de l\u2019int\u00e9grit\u00e9\u202f<\/span><span data-contrast=\"auto\">\u202f<\/span><span data-ccp-props=\"{}\">\u00a0<\/span><\/p><p><strong>Vid\u00e9o\u202f2<\/strong><span data-contrast=\"auto\">\u202f<\/span><span data-contrast=\"auto\">: Communications comp\u00e9tentes et \u00e9thiques (partie<\/span><span data-contrast=\"auto\">\u202f<\/span><span data-contrast=\"auto\">1)\u202f<\/span><span data-contrast=\"auto\">\u202f<\/span><span data-ccp-props=\"{}\">\u00a0<\/span><\/p><p><strong>Vid\u00e9o\u202f3<\/strong><span data-contrast=\"auto\">\u202f<\/span><span data-contrast=\"auto\">: Communications comp\u00e9tentes et \u00e9thiques (partie<\/span><span data-contrast=\"auto\">\u202f<\/span><span data-contrast=\"auto\">2)\u202f\u202f<\/span><span data-contrast=\"auto\">\u202f<\/span><span data-ccp-props=\"{}\">\u00a0<\/span><\/p>\t\t\t\t\t\t\t\t<\/div>\n\t\t\t\t<\/div>\n\t\t\t\t<div class=\"elementor-element elementor-element-d5f7400 elementor-widget elementor-widget-heading\" data-id=\"d5f7400\" data-element_type=\"widget\" data-e-type=\"widget\" data-widget_type=\"heading.default\">\n\t\t\t\t<div class=\"elementor-widget-container\">\n\t\t\t\t\t<h4 class=\"elementor-heading-title elementor-size-default\">Regarder les vid\u00e9os\u202f <\/h4>\t\t\t\t<\/div>\n\t\t\t\t<\/div>\n\t\t\t\t<div class=\"elementor-element elementor-element-c7d530f elementor-widget elementor-widget-text-editor\" data-id=\"c7d530f\" data-element_type=\"widget\" data-e-type=\"widget\" data-widget_type=\"text-editor.default\">\n\t\t\t\t<div class=\"elementor-widget-container\">\n\t\t\t\t\t\t\t\t\t<p><span class=\"TextRun SCXW51764581 BCX0\" lang=\"FR-FR\" xml:lang=\"FR-FR\" data-contrast=\"auto\"><span class=\"NormalTextRun SCXW51764581 BCX0\">Les titulaires de permis peuvent visionner les vid\u00e9os en se connectant \u00e0 leur compte du portail des titulaires de permis.\u202f<\/span><\/span><span class=\"TextRun SCXW51764581 BCX0\" lang=\"FR-CA\" xml:lang=\"FR-CA\" data-contrast=\"auto\"><span class=\"NormalTextRun SCXW51764581 BCX0\">\u202f<\/span><\/span><span class=\"EOP SCXW51764581 BCX0\" data-ccp-props=\"{}\">\u00a0<\/span><\/p>\t\t\t\t\t\t\t\t<\/div>\n\t\t\t\t<\/div>\n\t\t\t\t\t<\/div>\n\t\t<\/div>\n\t\t\t\t\t<\/div>\n\t\t<\/section>\n\t\t\t\t<section class=\"elementor-section elementor-top-section elementor-element elementor-element-5ff5b7e elementor-section-boxed elementor-section-height-default elementor-section-height-default\" data-id=\"5ff5b7e\" data-element_type=\"section\" data-e-type=\"section\">\n\t\t\t\t\t\t<div class=\"elementor-container elementor-column-gap-default\">\n\t\t\t\t\t<div class=\"elementor-column elementor-col-100 elementor-top-column elementor-element elementor-element-a532e52\" data-id=\"a532e52\" data-element_type=\"column\" data-e-type=\"column\">\n\t\t\t<div class=\"elementor-widget-wrap elementor-element-populated\">\n\t\t\t\t\t\t<div class=\"elementor-element elementor-element-a796859 elementor-widget elementor-widget-button\" data-id=\"a796859\" data-element_type=\"widget\" data-e-type=\"widget\" data-widget_type=\"button.default\">\n\t\t\t\t<div class=\"elementor-widget-container\">\n\t\t\t\t\t\t\t\t\t<div class=\"elementor-button-wrapper\">\n\t\t\t\t\t<a class=\"elementor-button elementor-button-link elementor-size-sm\" href=\"https:\/\/portal-portail.cpata-cabamc.ca\/site\/pd\/video?language=fr_FR\" target=\"_blank\">\n\t\t\t\t\t\t<span class=\"elementor-button-content-wrapper\">\n\t\t\t\t\t\t\t\t\t<span class=\"elementor-button-text\">Regarder les vid\u00e9os<\/span>\n\t\t\t\t\t<\/span>\n\t\t\t\t\t<\/a>\n\t\t\t\t<\/div>\n\t\t\t\t\t\t\t\t<\/div>\n\t\t\t\t<\/div>\n\t\t\t\t\t<\/div>\n\t\t<\/div>\n\t\t\t\t\t<\/div>\n\t\t<\/section>\n\t\t\t\t<\/div>\n\t\t","protected":false},"excerpt":{"rendered":"<p>Le CABAMC a produit trois vid\u00e9os sur le Code de d\u00e9ontologie.\u202f\u202f\u00a0 Ces vid\u00e9os, pr\u00e9sent\u00e9es par<\/p>\n","protected":false},"author":7,"featured_media":0,"parent":5885,"menu_order":0,"comment_status":"closed","ping_status":"closed","template":"","meta":{"_acf_changed":false,"_monsterinsights_skip_tracking":false,"_monsterinsights_sitenote_active":false,"_monsterinsights_sitenote_note":"","_monsterinsights_sitenote_category":0,"site-sidebar-layout":"no-sidebar","site-content-layout":"page-builder","ast-site-content-layout":"full-width-container","site-content-style":"unboxed","site-sidebar-style":"unboxed","ast-global-header-display":"","ast-banner-title-visibility":"","ast-main-header-display":"","ast-hfb-above-header-display":"","ast-hfb-below-header-display":"","ast-hfb-mobile-header-display":"","site-post-title":"disabled","ast-breadcrumbs-content":"","ast-featured-img":"disabled","footer-sml-layout":"","theme-transparent-header-meta":"default","adv-header-id-meta":"","stick-header-meta":"","header-above-stick-meta":"","header-main-stick-meta":"","header-below-stick-meta":"","astra-migrate-meta-layouts":"default","ast-page-background-enabled":"default","ast-page-background-meta":{"desktop":{"background-color":"","background-image":"","background-repeat":"repeat","background-position":"center center","background-size":"auto","background-attachment":"scroll","background-type":"","background-media":"","overlay-type":"","overlay-color":"","overlay-opacity":"","overlay-gradient":""},"tablet":{"background-color":"","background-image":"","background-repeat":"repeat","background-position":"center center","background-size":"auto","background-attachment":"scroll","background-type":"","background-media":"","overlay-type":"","overlay-color":"","overlay-opacity":"","overlay-gradient":""},"mobile":{"background-color":"","background-image":"","background-repeat":"repeat","background-position":"center center","background-size":"auto","background-attachment":"scroll","background-type":"","background-media":"","overlay-type":"","overlay-color":"","overlay-opacity":"","overlay-gradient":""}},"ast-content-background-meta":{"desktop":{"background-color":"var(--ast-global-color-5)","background-image":"","background-repeat":"repeat","background-position":"center center","background-size":"auto","background-attachment":"scroll","background-type":"","background-media":"","overlay-type":"","overlay-color":"","overlay-opacity":"","overlay-gradient":""},"tablet":{"background-color":"var(--ast-global-color-5)","background-image":"","background-repeat":"repeat","background-position":"center center","background-size":"auto","background-attachment":"scroll","background-type":"","background-media":"","overlay-type":"","overlay-color":"","overlay-opacity":"","overlay-gradient":""},"mobile":{"background-color":"var(--ast-global-color-5)","background-image":"","background-repeat":"repeat","background-position":"center center","background-size":"auto","background-attachment":"scroll","background-type":"","background-media":"","overlay-type":"","overlay-color":"","overlay-opacity":"","overlay-gradient":""}},"footnotes":""},"folder":[],"class_list":["post-25799","page","type-page","status-publish","hentry"],"acf":[],"yoast_head":"<!-- This site is optimized with the Yoast SEO plugin v27.2 - https:\/\/yoast.com\/product\/yoast-seo-wordpress\/ -->\n<title>Vid\u00e9os sur le Code de d\u00e9ontologie\u202f - CABAMC<\/title>\n<meta name=\"robots\" content=\"index, follow, max-snippet:-1, max-image-preview:large, max-video-preview:-1\" \/>\n<link rel=\"canonical\" href=\"https:\/\/cpata-cabamc.ca\/fr\/votre-profession\/videos-sur-le-code-de-deontologie\/\" \/>\n<meta property=\"og:locale\" content=\"fr_FR\" \/>\n<meta property=\"og:type\" content=\"article\" \/>\n<meta property=\"og:title\" content=\"Vid\u00e9os sur le Code de d\u00e9ontologie\u202f - CABAMC\" \/>\n<meta property=\"og:description\" content=\"Le CABAMC a produit trois vid\u00e9os sur le Code de d\u00e9ontologie.\u202f\u202f\u00a0 Ces vid\u00e9os, pr\u00e9sent\u00e9es par\" \/>\n<meta property=\"og:url\" content=\"https:\/\/cpata-cabamc.ca\/fr\/votre-profession\/videos-sur-le-code-de-deontologie\/\" \/>\n<meta property=\"og:site_name\" content=\"CABAMC\" \/>\n<meta property=\"article:modified_time\" content=\"2025-09-25T14:53:00+00:00\" \/>\n<meta name=\"twitter:card\" content=\"summary_large_image\" \/>\n<meta name=\"twitter:label1\" content=\"Dur\u00e9e de lecture estim\u00e9e\" \/>\n\t<meta name=\"twitter:data1\" content=\"1 minute\" \/>\n<script type=\"application\/ld+json\" class=\"yoast-schema-graph\">{\"@context\":\"https:\/\/schema.org\",\"@graph\":[{\"@type\":\"WebPage\",\"@id\":\"https:\/\/cpata-cabamc.ca\/fr\/votre-profession\/videos-sur-le-code-de-deontologie\/\",\"url\":\"https:\/\/cpata-cabamc.ca\/fr\/votre-profession\/videos-sur-le-code-de-deontologie\/\",\"name\":\"Vid\u00e9os sur le Code de d\u00e9ontologie\u202f - CABAMC\",\"isPartOf\":{\"@id\":\"https:\/\/cpata-cabamc.ca\/fr\/#website\"},\"datePublished\":\"2025-09-22T20:45:47+00:00\",\"dateModified\":\"2025-09-25T14:53:00+00:00\",\"breadcrumb\":{\"@id\":\"https:\/\/cpata-cabamc.ca\/fr\/votre-profession\/videos-sur-le-code-de-deontologie\/#breadcrumb\"},\"inLanguage\":\"fr-FR\",\"potentialAction\":[{\"@type\":\"ReadAction\",\"target\":[\"https:\/\/cpata-cabamc.ca\/fr\/votre-profession\/videos-sur-le-code-de-deontologie\/\"]}]},{\"@type\":\"BreadcrumbList\",\"@id\":\"https:\/\/cpata-cabamc.ca\/fr\/votre-profession\/videos-sur-le-code-de-deontologie\/#breadcrumb\",\"itemListElement\":[{\"@type\":\"ListItem\",\"position\":1,\"name\":\"Accueil\",\"item\":\"https:\/\/cpata-cabamc.ca\/fr\/\"},{\"@type\":\"ListItem\",\"position\":2,\"name\":\"Votre profession\",\"item\":\"https:\/\/cpata-cabamc.ca\/fr\/your-practice\/\"},{\"@type\":\"ListItem\",\"position\":3,\"name\":\"Vid\u00e9os sur le Code de d\u00e9ontologie\u202f\"}]},{\"@type\":\"WebSite\",\"@id\":\"https:\/\/cpata-cabamc.ca\/fr\/#website\",\"url\":\"https:\/\/cpata-cabamc.ca\/fr\/\",\"name\":\"CABAMC\",\"description\":\"CABAMC\",\"publisher\":{\"@id\":\"https:\/\/cpata-cabamc.ca\/fr\/#organization\"},\"potentialAction\":[{\"@type\":\"SearchAction\",\"target\":{\"@type\":\"EntryPoint\",\"urlTemplate\":\"https:\/\/cpata-cabamc.ca\/fr\/?s={search_term_string}\"},\"query-input\":{\"@type\":\"PropertyValueSpecification\",\"valueRequired\":true,\"valueName\":\"search_term_string\"}}],\"inLanguage\":\"fr-FR\"},{\"@type\":\"Organization\",\"@id\":\"https:\/\/cpata-cabamc.ca\/fr\/#organization\",\"name\":\"CABAMC\",\"url\":\"https:\/\/cpata-cabamc.ca\/fr\/\",\"logo\":{\"@type\":\"ImageObject\",\"inLanguage\":\"fr-FR\",\"@id\":\"https:\/\/cpata-cabamc.ca\/fr\/#\/schema\/logo\/image\/\",\"url\":\"https:\/\/cpata-cabamc.ca\/wp-content\/uploads\/2021\/02\/Logo-Light-RGB.svg\",\"contentUrl\":\"https:\/\/cpata-cabamc.ca\/wp-content\/uploads\/2021\/02\/Logo-Light-RGB.svg\",\"caption\":\"CABAMC\"},\"image\":{\"@id\":\"https:\/\/cpata-cabamc.ca\/fr\/#\/schema\/logo\/image\/\"}}]}<\/script>\n<!-- \/ Yoast SEO plugin. -->","yoast_head_json":{"title":"Vid\u00e9os sur le Code de d\u00e9ontologie\u202f - CABAMC","robots":{"index":"index","follow":"follow","max-snippet":"max-snippet:-1","max-image-preview":"max-image-preview:large","max-video-preview":"max-video-preview:-1"},"canonical":"https:\/\/cpata-cabamc.ca\/fr\/votre-profession\/videos-sur-le-code-de-deontologie\/","og_locale":"fr_FR","og_type":"article","og_title":"Vid\u00e9os sur le Code de d\u00e9ontologie\u202f - CABAMC","og_description":"Le CABAMC a produit trois vid\u00e9os sur le Code de d\u00e9ontologie.\u202f\u202f\u00a0 Ces vid\u00e9os, pr\u00e9sent\u00e9es par","og_url":"https:\/\/cpata-cabamc.ca\/fr\/votre-profession\/videos-sur-le-code-de-deontologie\/","og_site_name":"CABAMC","article_modified_time":"2025-09-25T14:53:00+00:00","twitter_card":"summary_large_image","twitter_misc":{"Dur\u00e9e de lecture estim\u00e9e":"1 minute"},"schema":{"@context":"https:\/\/schema.org","@graph":[{"@type":"WebPage","@id":"https:\/\/cpata-cabamc.ca\/fr\/votre-profession\/videos-sur-le-code-de-deontologie\/","url":"https:\/\/cpata-cabamc.ca\/fr\/votre-profession\/videos-sur-le-code-de-deontologie\/","name":"Vid\u00e9os sur le Code de d\u00e9ontologie\u202f - CABAMC","isPartOf":{"@id":"https:\/\/cpata-cabamc.ca\/fr\/#website"},"datePublished":"2025-09-22T20:45:47+00:00","dateModified":"2025-09-25T14:53:00+00:00","breadcrumb":{"@id":"https:\/\/cpata-cabamc.ca\/fr\/votre-profession\/videos-sur-le-code-de-deontologie\/#breadcrumb"},"inLanguage":"fr-FR","potentialAction":[{"@type":"ReadAction","target":["https:\/\/cpata-cabamc.ca\/fr\/votre-profession\/videos-sur-le-code-de-deontologie\/"]}]},{"@type":"BreadcrumbList","@id":"https:\/\/cpata-cabamc.ca\/fr\/votre-profession\/videos-sur-le-code-de-deontologie\/#breadcrumb","itemListElement":[{"@type":"ListItem","position":1,"name":"Accueil","item":"https:\/\/cpata-cabamc.ca\/fr\/"},{"@type":"ListItem","position":2,"name":"Votre profession","item":"https:\/\/cpata-cabamc.ca\/fr\/your-practice\/"},{"@type":"ListItem","position":3,"name":"Vid\u00e9os sur le Code de d\u00e9ontologie\u202f"}]},{"@type":"WebSite","@id":"https:\/\/cpata-cabamc.ca\/fr\/#website","url":"https:\/\/cpata-cabamc.ca\/fr\/","name":"CABAMC","description":"CABAMC","publisher":{"@id":"https:\/\/cpata-cabamc.ca\/fr\/#organization"},"potentialAction":[{"@type":"SearchAction","target":{"@type":"EntryPoint","urlTemplate":"https:\/\/cpata-cabamc.ca\/fr\/?s={search_term_string}"},"query-input":{"@type":"PropertyValueSpecification","valueRequired":true,"valueName":"search_term_string"}}],"inLanguage":"fr-FR"},{"@type":"Organization","@id":"https:\/\/cpata-cabamc.ca\/fr\/#organization","name":"CABAMC","url":"https:\/\/cpata-cabamc.ca\/fr\/","logo":{"@type":"ImageObject","inLanguage":"fr-FR","@id":"https:\/\/cpata-cabamc.ca\/fr\/#\/schema\/logo\/image\/","url":"https:\/\/cpata-cabamc.ca\/wp-content\/uploads\/2021\/02\/Logo-Light-RGB.svg","contentUrl":"https:\/\/cpata-cabamc.ca\/wp-content\/uploads\/2021\/02\/Logo-Light-RGB.svg","caption":"CABAMC"},"image":{"@id":"https:\/\/cpata-cabamc.ca\/fr\/#\/schema\/logo\/image\/"}}]}},"_links":{"self":[{"href":"https:\/\/cpata-cabamc.ca\/fr\/wp-json\/wp\/v2\/pages\/25799","targetHints":{"allow":["GET"]}}],"collection":[{"href":"https:\/\/cpata-cabamc.ca\/fr\/wp-json\/wp\/v2\/pages"}],"about":[{"href":"https:\/\/cpata-cabamc.ca\/fr\/wp-json\/wp\/v2\/types\/page"}],"author":[{"embeddable":true,"href":"https:\/\/cpata-cabamc.ca\/fr\/wp-json\/wp\/v2\/users\/7"}],"replies":[{"embeddable":true,"href":"https:\/\/cpata-cabamc.ca\/fr\/wp-json\/wp\/v2\/comments?post=25799"}],"version-history":[{"count":12,"href":"https:\/\/cpata-cabamc.ca\/fr\/wp-json\/wp\/v2\/pages\/25799\/revisions"}],"predecessor-version":[{"id":25854,"href":"https:\/\/cpata-cabamc.ca\/fr\/wp-json\/wp\/v2\/pages\/25799\/revisions\/25854"}],"up":[{"embeddable":true,"href":"https:\/\/cpata-cabamc.ca\/fr\/wp-json\/wp\/v2\/pages\/5885"}],"wp:attachment":[{"href":"https:\/\/cpata-cabamc.ca\/fr\/wp-json\/wp\/v2\/media?parent=25799"}],"wp:term":[{"taxonomy":"folder","embeddable":true,"href":"https:\/\/cpata-cabamc.ca\/fr\/wp-json\/wp\/v2\/folder?post=25799"}],"curies":[{"name":"wp","href":"https:\/\/api.w.org\/{rel}","templated":true}]}}