{"id":24308,"date":"2025-04-24T13:59:27","date_gmt":"2025-04-24T13:59:27","guid":{"rendered":"https:\/\/cpata-cabamc.ca\/?page_id=24308"},"modified":"2025-10-15T13:42:37","modified_gmt":"2025-10-15T13:42:37","slug":"des-conflits-et-encore-des-conflits","status":"publish","type":"page","link":"https:\/\/cpata-cabamc.ca\/fr\/votre-profession\/des-conflits-et-encore-des-conflits\/","title":{"rendered":"Conflits d\u2019int\u00e9r\u00eat &#8211; Partie 1"},"content":{"rendered":"\t\t<div data-elementor-type=\"wp-page\" data-elementor-id=\"24308\" class=\"elementor elementor-24308 elementor-24271\" data-elementor-post-type=\"page\">\n\t\t\t\t\t\t<section class=\"elementor-section elementor-top-section elementor-element elementor-element-5792726 elementor-section-boxed elementor-section-height-default elementor-section-height-default\" data-id=\"5792726\" data-element_type=\"section\" data-e-type=\"section\">\n\t\t\t\t\t\t<div class=\"elementor-container elementor-column-gap-default\">\n\t\t\t\t\t<div class=\"elementor-column elementor-col-100 elementor-top-column elementor-element elementor-element-b819622\" data-id=\"b819622\" data-element_type=\"column\" data-e-type=\"column\">\n\t\t\t<div class=\"elementor-widget-wrap elementor-element-populated\">\n\t\t\t\t\t\t<div class=\"elementor-element elementor-element-ec16493 elementor-widget elementor-widget-text-editor\" data-id=\"ec16493\" data-element_type=\"widget\" data-e-type=\"widget\" data-widget_type=\"text-editor.default\">\n\t\t\t\t<div class=\"elementor-widget-container\">\n\t\t\t\t\t\t\t\t\t<p>Voici le premier de deux articles qui traitent des indications r\u00e9cemment fournies dans le cadre de notre processus de demande de renseignements sur la d\u00e9ontologie concernant les <strong><em>conflits d\u2019int\u00e9r\u00eats<\/em><\/strong>. Le deuxi\u00e8me article sur ce sujet est disponible <a href=\"https:\/\/cpata-cabamc.ca\/fr\/votre-profession\/conflits-dinterets-partie-2\/\" target=\"_blank\" rel=\"noopener\">ici<\/a>.\u00a0<\/p>\t\t\t\t\t\t\t\t<\/div>\n\t\t\t\t<\/div>\n\t\t\t\t<div class=\"elementor-element elementor-element-521eee9 elementor-widget elementor-widget-heading\" data-id=\"521eee9\" data-element_type=\"widget\" data-e-type=\"widget\" data-widget_type=\"heading.default\">\n\t\t\t\t<div class=\"elementor-widget-container\">\n\t\t\t\t\t<h2 class=\"elementor-heading-title elementor-size-default\">Sc\u00e9nario<\/h2>\t\t\t\t<\/div>\n\t\t\t\t<\/div>\n\t\t\t\t<div class=\"elementor-element elementor-element-941bab6 elementor-widget elementor-widget-text-editor\" data-id=\"941bab6\" data-element_type=\"widget\" data-e-type=\"widget\" data-widget_type=\"text-editor.default\">\n\t\t\t\t<div class=\"elementor-widget-container\">\n\t\t\t\t\t\t\t\t\t<p>Vous poursuivez une demande de marque de commerce pour le compte du(de la) client(e)\u00a0B. Vous avez d\u00e9j\u00e0 repr\u00e9sent\u00e9 le(la) client(e)\u00a0A dans le cadre d\u2019une demande de marque de commerce. Une marque enregistr\u00e9e ou une marque figurant dans une demande de marque de commerce en instance du(de la) client(e)\u00a0A est relev\u00e9e dans le cadre de la demande de marque de commerce que vous poursuivez pour le(la) client(e)\u00a0B. Ce sc\u00e9nario donne-t-il lieu \u00e0 un conflit d\u2019int\u00e9r\u00eats vous obligeant \u00e0 vous retirer de l\u2019affaire du(de la) client(e)\u00a0B?<\/p>\t\t\t\t\t\t\t\t<\/div>\n\t\t\t\t<\/div>\n\t\t\t\t<div class=\"elementor-element elementor-element-9c33985 elementor-widget elementor-widget-heading\" data-id=\"9c33985\" data-element_type=\"widget\" data-e-type=\"widget\" data-widget_type=\"heading.default\">\n\t\t\t\t<div class=\"elementor-widget-container\">\n\t\t\t\t\t<h2 class=\"elementor-heading-title elementor-size-default\">Code de d\u00e9ontologie<\/h2>\t\t\t\t<\/div>\n\t\t\t\t<\/div>\n\t\t\t\t<div class=\"elementor-element elementor-element-b972ef8 elementor-widget elementor-widget-text-editor\" data-id=\"b972ef8\" data-element_type=\"widget\" data-e-type=\"widget\" data-widget_type=\"text-editor.default\">\n\t\t\t\t<div class=\"elementor-widget-container\">\n\t\t\t\t\t\t\t\t\t<p>Pour examiner toute question de conflit d\u2019int\u00e9r\u00eats, il faut tout d\u2019abord prendre en compte les indications fournies dans le Code de d\u00e9ontologie.<\/p><p>Le principe directeur de la <strong>partie\u00a03<\/strong>, qui porte sur les <strong>conflits<\/strong>, apporte la pr\u00e9cision suivante\u00a0:<\/p><p>Dans tous les cas, le jugement de l\u2019agent et sa loyaut\u00e9 \u00e0 l\u2019\u00e9gard des int\u00e9r\u00eats du client doivent \u00eatre libres de toute influence compromettante.<\/p><p>La <strong>r\u00e8gle\u00a03<\/strong> de la <strong>partie\u00a03<\/strong> \u00e9nonce les facteurs dont les agent(e)s doivent tenir compte lors de l\u2019analyse de conflits d\u2019int\u00e9r\u00eats, notamment\u00a0:<\/p><ol type=\"a\"><li>si les int\u00e9r\u00eats des clients sont imm\u00e9diats;<\/li><li>si les int\u00e9r\u00eats des clients sont directement contraires;<\/li><li>la relation temporelle entre les dossiers;<\/li><li>l\u2019importance de la question pour les int\u00e9r\u00eats imm\u00e9diats et \u00e0 long terme des clients en question;<\/li><li>les attentes raisonnables du client lorsqu\u2019il engage l\u2019agent pour l\u2019affaire ou la repr\u00e9sentation en question.<\/li><\/ol><p>Le <strong>commentaire<\/strong> de la <strong>r\u00e8gle\u00a06(1)<\/strong>, <strong>Agir contre d\u2019anciens clients<\/strong>, fournit aussi des indications suppl\u00e9mentaires\u00a0:<\/p><p>Cette r\u00e8gle interdit \u00e0 l\u2019agent de remettre en question le travail effectu\u00e9 durant la repr\u00e9sentation ou de miner la position du client au sujet d\u2019une affaire qui \u00e9tait importante dans le mandat. Il n\u2019est pas inappropri\u00e9 que l\u2019agent agisse contre un ancien client dans une toute nouvelle affaire n\u2019ayant aucun lien avec les t\u00e2ches que l\u2019agent a accomplies auparavant pour ce client si les renseignements confidentiels obtenus ant\u00e9rieurement sont non pertinents pour cette affaire.<\/p>\t\t\t\t\t\t\t\t<\/div>\n\t\t\t\t<\/div>\n\t\t\t\t<div class=\"elementor-element elementor-element-1733af2 elementor-widget elementor-widget-heading\" data-id=\"1733af2\" data-element_type=\"widget\" data-e-type=\"widget\" data-widget_type=\"heading.default\">\n\t\t\t\t<div class=\"elementor-widget-container\">\n\t\t\t\t\t<h2 class=\"elementor-heading-title elementor-size-default\">Analyse<\/h2>\t\t\t\t<\/div>\n\t\t\t\t<\/div>\n\t\t\t\t<div class=\"elementor-element elementor-element-4e7c9b9 elementor-widget elementor-widget-text-editor\" data-id=\"4e7c9b9\" data-element_type=\"widget\" data-e-type=\"widget\" data-widget_type=\"text-editor.default\">\n\t\t\t\t<div class=\"elementor-widget-container\">\n\t\t\t\t\t\t\t\t\t<p>Nous pouvons maintenant nous pencher sur la situation en question \u00e0 la lumi\u00e8re de ces r\u00e8gles. Compte tenu des facteurs que les r\u00e8gles nous demandent de prendre en consid\u00e9ration, chaque analyse de conflit d\u2019int\u00e9r\u00eats se rapporte \u00e9troitement aux faits. L\u2019\u00e9valuation des risques de conflit d\u00e9pendra d\u2019autres renseignements factuels. Pour \u00e9valuer le sc\u00e9nario hypoth\u00e9tique d\u00e9crit ci-dessus, il serait utile de s\u2019appuyer sur les r\u00e9ponses aux questions suivantes\u00a0:<\/p><ol><li>Le(la) client(e) A est-il(elle) l\u2019un(e) de vos client(e)s actuel(le)s?<\/li><li>La marque de commerce cit\u00e9e du(de la) client(e) A est-elle toujours en vigueur, ou la demande connexe est-elle toujours en cours?<\/li><li>\u00cates-vous ou \u00e9tiez-vous concr\u00e8tement responsable de la demande de marque de commerce cit\u00e9e ou de sa poursuite pour le compte du(de la) client(e) A?<\/li><li>Avez-vous d\u00e9j\u00e0 \u00e9t\u00e9 en possession de renseignements confidentiels concernant la marque de commerce cit\u00e9e? Par exemple, avez-vous seulement assum\u00e9 la responsabilit\u00e9 de la gestion des taxes de maintien en \u00e9tat apr\u00e8s l\u2019enregistrement ou la d\u00e9livrance de la marque de commerce?<\/li><li>Avez-vous connaissance de projets du(de la) client(e) A visant \u00e0 faire valoir ses propres droits de marque de commerce \u00e0 l\u2019encontre du(de la) client(e) B relativement \u00e0 l\u2019affaire en question?<\/li><\/ol>\t\t\t\t\t\t\t\t<\/div>\n\t\t\t\t<\/div>\n\t\t\t\t<div class=\"elementor-element elementor-element-08c20de elementor-widget elementor-widget-heading\" data-id=\"08c20de\" data-element_type=\"widget\" data-e-type=\"widget\" data-widget_type=\"heading.default\">\n\t\t\t\t<div class=\"elementor-widget-container\">\n\t\t\t\t\t<h2 class=\"elementor-heading-title elementor-size-default\">Conclusion<\/h2>\t\t\t\t<\/div>\n\t\t\t\t<\/div>\n\t\t\t\t<div class=\"elementor-element elementor-element-b601969 elementor-widget elementor-widget-text-editor\" data-id=\"b601969\" data-element_type=\"widget\" data-e-type=\"widget\" data-widget_type=\"text-editor.default\">\n\t\t\t\t<div class=\"elementor-widget-container\">\n\t\t\t\t\t\t\t\t\tComme le montre le sc\u00e9nario g\u00e9n\u00e9ral ci-dessus, pour r\u00e9soudre les conflits d\u2019int\u00e9r\u00eats qui peuvent survenir dans la pratique quotidienne, il faut tenir compte des indications fournies dans le Code de d\u00e9ontologie et examiner la situation en question en s\u2019appuyant sur les faits disponibles.<br><br>\n\nSelon le sc\u00e9nario ci-dessus et les circonstances factuelles pertinentes\u00a0:<br><br>\n<ol>\n \t<li style=\"list-style-type: none;\">\n<ol>\n \t<li>Lorsqu\u2019un(e) agent(e) est ou \u00e9tait l\u2019agent(e) enregistr\u00e9(e) qui a poursuivi \u00e0 la fois la marque de commerce cit\u00e9e du(de la) client(e) A et la demande en instance du(de la) client(e) B, si l\u2019agent(e) conseille le(la) client(e) B sur ses droits relativement \u00e0 la marque de commerce du(de la) client(e) A, il existe un risque substantiel que son obligation de loyaut\u00e9 envers le(la) client(e) A soit affect\u00e9e.<br><br>Autrement dit, lorsqu\u2019un(e) agent(e) est ou \u00e9tait l\u2019agent(e) enregistr\u00e9(e) qui a poursuivi \u00e0 la fois la demande cit\u00e9e du(de la) client(e) A et la demande en instance du(de la) client(e) B, il est possible que le d\u00e9nigrement de la demande du(de la) client(e) A porte atteinte aux obligations de l\u2019agent(e) envers le(la) client(e) A, bien que son incidence sur le(la) client(e) A puisse \u00eatre fortement hypoth\u00e9tique.<\/li><br>\n \t<li><span style=\"font-size: 16px;\">Si un(e) agent(e) n\u2019a pas poursuivi la demande de marque de commerce du(de la) client(e) A, mais entretient une autre relation avec le(la) client(e) A, il peut y avoir un conflit d\u2019int\u00e9r\u00eats commercial, mais peut-\u00eatre aucun conflit d\u2019int\u00e9r\u00eats juridique ou \u00e9thique.<\/span><\/li><br>\n \t<li><span style=\"font-size: 16px;\">Si l\u2019enregistrement de la marque de commerce du(de la) client(e) A a expir\u00e9 ou si sa demande est devenue caduque pour des raisons non li\u00e9es \u00e0 la repr\u00e9sentation du(de la) client(e) B par l\u2019agent(e), il semble moins probable qu\u2019il y ait un conflit. Cependant, le(la) client(e) A pourrait toujours utiliser sa marque non enregistr\u00e9e, ce qui pourrait tout de m\u00eame porter atteinte \u00e0 la capacit\u00e9 du(de la) client(e) B \u00e0 utiliser ou \u00e0 enregistrer sa marque de commerce. Selon la relation entre l\u2019agent(e) et le(la) client(e) A, il peut aussi y avoir un risque de conflit d\u2019int\u00e9r\u00eats juridique. Autrement dit, si la demande du(de la) client(e) A a expir\u00e9 ou est devenue caduque pour des raisons non li\u00e9es \u00e0 la repr\u00e9sentation du(de la) client(e) B par l\u2019agent(e), la probabilit\u00e9 d\u2019un conflit d\u2019int\u00e9r\u00eats \u00e9thique semble moindre.<\/span><\/li><br>\n<\/ol>\n<\/li>\n<\/ol>\nComme toujours, ces indications sont fournies \u00e0 nos titulaires de permis pour les aider \u00e0 mener leur propre analyse \u00e9thique en fonction de chaque cas, processus qui doit \u00eatre effectu\u00e9 \u00e0 la lumi\u00e8re de tous les faits et consid\u00e9rations pertinents pour la situation. Elles ne doivent pas remplacer le jugement professionnel de l\u2019agent(e). Nous nous ferons un plaisir de r\u00e9pondre \u00e0 vos questions li\u00e9es \u00e0 l\u2019\u00e9thique et de vous fournir des conseils.\t\t\t\t\t\t\t\t<\/div>\n\t\t\t\t<\/div>\n\t\t\t\t\t<\/div>\n\t\t<\/div>\n\t\t\t\t\t<\/div>\n\t\t<\/section>\n\t\t\t\t<\/div>\n\t\t","protected":false},"excerpt":{"rendered":"<p>Voici le premier de deux articles qui traitent des indications r\u00e9cemment fournies dans le cadre<\/p>\n","protected":false},"author":7,"featured_media":0,"parent":5885,"menu_order":0,"comment_status":"closed","ping_status":"closed","template":"","meta":{"_acf_changed":false,"_monsterinsights_skip_tracking":false,"_monsterinsights_sitenote_active":false,"_monsterinsights_sitenote_note":"","_monsterinsights_sitenote_category":0,"site-sidebar-layout":"no-sidebar","site-content-layout":"page-builder","ast-site-content-layout":"full-width-container","site-content-style":"unboxed","site-sidebar-style":"unboxed","ast-global-header-display":"","ast-banner-title-visibility":"","ast-main-header-display":"","ast-hfb-above-header-display":"","ast-hfb-below-header-display":"","ast-hfb-mobile-header-display":"","site-post-title":"disabled","ast-breadcrumbs-content":"","ast-featured-img":"disabled","footer-sml-layout":"","theme-transparent-header-meta":"default","adv-header-id-meta":"","stick-header-meta":"","header-above-stick-meta":"","header-main-stick-meta":"","header-below-stick-meta":"","astra-migrate-meta-layouts":"set","ast-page-background-enabled":"default","ast-page-background-meta":{"desktop":{"background-color":"","background-image":"","background-repeat":"repeat","background-position":"center center","background-size":"auto","background-attachment":"scroll","background-type":"","background-media":"","overlay-type":"","overlay-color":"","overlay-opacity":"","overlay-gradient":""},"tablet":{"background-color":"","background-image":"","background-repeat":"repeat","background-position":"center center","background-size":"auto","background-attachment":"scroll","background-type":"","background-media":"","overlay-type":"","overlay-color":"","overlay-opacity":"","overlay-gradient":""},"mobile":{"background-color":"","background-image":"","background-repeat":"repeat","background-position":"center center","background-size":"auto","background-attachment":"scroll","background-type":"","background-media":"","overlay-type":"","overlay-color":"","overlay-opacity":"","overlay-gradient":""}},"ast-content-background-meta":{"desktop":{"background-color":"var(--ast-global-color-5)","background-image":"","background-repeat":"repeat","background-position":"center center","background-size":"auto","background-attachment":"scroll","background-type":"","background-media":"","overlay-type":"","overlay-color":"","overlay-opacity":"","overlay-gradient":""},"tablet":{"background-color":"var(--ast-global-color-5)","background-image":"","background-repeat":"repeat","background-position":"center center","background-size":"auto","background-attachment":"scroll","background-type":"","background-media":"","overlay-type":"","overlay-color":"","overlay-opacity":"","overlay-gradient":""},"mobile":{"background-color":"var(--ast-global-color-5)","background-image":"","background-repeat":"repeat","background-position":"center center","background-size":"auto","background-attachment":"scroll","background-type":"","background-media":"","overlay-type":"","overlay-color":"","overlay-opacity":"","overlay-gradient":""}},"footnotes":""},"folder":[],"class_list":["post-24308","page","type-page","status-publish","hentry"],"acf":[],"yoast_head":"<!-- This site is optimized with the Yoast SEO plugin v27.2 - https:\/\/yoast.com\/product\/yoast-seo-wordpress\/ -->\n<title>Conflits d\u2019int\u00e9r\u00eat - Partie 1 - CABAMC<\/title>\n<meta name=\"robots\" content=\"index, follow, max-snippet:-1, max-image-preview:large, max-video-preview:-1\" \/>\n<link rel=\"canonical\" href=\"https:\/\/cpata-cabamc.ca\/fr\/votre-profession\/des-conflits-et-encore-des-conflits\/\" \/>\n<meta property=\"og:locale\" content=\"fr_FR\" \/>\n<meta property=\"og:type\" content=\"article\" \/>\n<meta property=\"og:title\" content=\"Conflits d\u2019int\u00e9r\u00eat - Partie 1 - CABAMC\" \/>\n<meta property=\"og:description\" content=\"Voici le premier de deux articles qui traitent des indications r\u00e9cemment fournies dans le cadre\" \/>\n<meta property=\"og:url\" content=\"https:\/\/cpata-cabamc.ca\/fr\/votre-profession\/des-conflits-et-encore-des-conflits\/\" \/>\n<meta property=\"og:site_name\" content=\"CABAMC\" \/>\n<meta property=\"article:modified_time\" content=\"2025-10-15T13:42:37+00:00\" \/>\n<meta name=\"twitter:card\" content=\"summary_large_image\" \/>\n<meta name=\"twitter:label1\" content=\"Dur\u00e9e de lecture estim\u00e9e\" \/>\n\t<meta name=\"twitter:data1\" content=\"6 minutes\" \/>\n<script type=\"application\/ld+json\" class=\"yoast-schema-graph\">{\"@context\":\"https:\/\/schema.org\",\"@graph\":[{\"@type\":\"WebPage\",\"@id\":\"https:\/\/cpata-cabamc.ca\/fr\/votre-profession\/des-conflits-et-encore-des-conflits\/\",\"url\":\"https:\/\/cpata-cabamc.ca\/fr\/votre-profession\/des-conflits-et-encore-des-conflits\/\",\"name\":\"Conflits d\u2019int\u00e9r\u00eat - Partie 1 - CABAMC\",\"isPartOf\":{\"@id\":\"https:\/\/cpata-cabamc.ca\/fr\/#website\"},\"datePublished\":\"2025-04-24T13:59:27+00:00\",\"dateModified\":\"2025-10-15T13:42:37+00:00\",\"breadcrumb\":{\"@id\":\"https:\/\/cpata-cabamc.ca\/fr\/votre-profession\/des-conflits-et-encore-des-conflits\/#breadcrumb\"},\"inLanguage\":\"fr-FR\",\"potentialAction\":[{\"@type\":\"ReadAction\",\"target\":[\"https:\/\/cpata-cabamc.ca\/fr\/votre-profession\/des-conflits-et-encore-des-conflits\/\"]}]},{\"@type\":\"BreadcrumbList\",\"@id\":\"https:\/\/cpata-cabamc.ca\/fr\/votre-profession\/des-conflits-et-encore-des-conflits\/#breadcrumb\",\"itemListElement\":[{\"@type\":\"ListItem\",\"position\":1,\"name\":\"Accueil\",\"item\":\"https:\/\/cpata-cabamc.ca\/fr\/\"},{\"@type\":\"ListItem\",\"position\":2,\"name\":\"Votre profession\",\"item\":\"https:\/\/cpata-cabamc.ca\/fr\/your-practice\/\"},{\"@type\":\"ListItem\",\"position\":3,\"name\":\"Conflits d\u2019int\u00e9r\u00eat &#8211; Partie 1\"}]},{\"@type\":\"WebSite\",\"@id\":\"https:\/\/cpata-cabamc.ca\/fr\/#website\",\"url\":\"https:\/\/cpata-cabamc.ca\/fr\/\",\"name\":\"CABAMC\",\"description\":\"CABAMC\",\"publisher\":{\"@id\":\"https:\/\/cpata-cabamc.ca\/fr\/#organization\"},\"potentialAction\":[{\"@type\":\"SearchAction\",\"target\":{\"@type\":\"EntryPoint\",\"urlTemplate\":\"https:\/\/cpata-cabamc.ca\/fr\/?s={search_term_string}\"},\"query-input\":{\"@type\":\"PropertyValueSpecification\",\"valueRequired\":true,\"valueName\":\"search_term_string\"}}],\"inLanguage\":\"fr-FR\"},{\"@type\":\"Organization\",\"@id\":\"https:\/\/cpata-cabamc.ca\/fr\/#organization\",\"name\":\"CABAMC\",\"url\":\"https:\/\/cpata-cabamc.ca\/fr\/\",\"logo\":{\"@type\":\"ImageObject\",\"inLanguage\":\"fr-FR\",\"@id\":\"https:\/\/cpata-cabamc.ca\/fr\/#\/schema\/logo\/image\/\",\"url\":\"https:\/\/cpata-cabamc.ca\/wp-content\/uploads\/2021\/02\/Logo-Light-RGB.svg\",\"contentUrl\":\"https:\/\/cpata-cabamc.ca\/wp-content\/uploads\/2021\/02\/Logo-Light-RGB.svg\",\"caption\":\"CABAMC\"},\"image\":{\"@id\":\"https:\/\/cpata-cabamc.ca\/fr\/#\/schema\/logo\/image\/\"}}]}<\/script>\n<!-- \/ Yoast SEO plugin. -->","yoast_head_json":{"title":"Conflits d\u2019int\u00e9r\u00eat - Partie 1 - CABAMC","robots":{"index":"index","follow":"follow","max-snippet":"max-snippet:-1","max-image-preview":"max-image-preview:large","max-video-preview":"max-video-preview:-1"},"canonical":"https:\/\/cpata-cabamc.ca\/fr\/votre-profession\/des-conflits-et-encore-des-conflits\/","og_locale":"fr_FR","og_type":"article","og_title":"Conflits d\u2019int\u00e9r\u00eat - Partie 1 - CABAMC","og_description":"Voici le premier de deux articles qui traitent des indications r\u00e9cemment fournies dans le cadre","og_url":"https:\/\/cpata-cabamc.ca\/fr\/votre-profession\/des-conflits-et-encore-des-conflits\/","og_site_name":"CABAMC","article_modified_time":"2025-10-15T13:42:37+00:00","twitter_card":"summary_large_image","twitter_misc":{"Dur\u00e9e de lecture estim\u00e9e":"6 minutes"},"schema":{"@context":"https:\/\/schema.org","@graph":[{"@type":"WebPage","@id":"https:\/\/cpata-cabamc.ca\/fr\/votre-profession\/des-conflits-et-encore-des-conflits\/","url":"https:\/\/cpata-cabamc.ca\/fr\/votre-profession\/des-conflits-et-encore-des-conflits\/","name":"Conflits d\u2019int\u00e9r\u00eat - Partie 1 - CABAMC","isPartOf":{"@id":"https:\/\/cpata-cabamc.ca\/fr\/#website"},"datePublished":"2025-04-24T13:59:27+00:00","dateModified":"2025-10-15T13:42:37+00:00","breadcrumb":{"@id":"https:\/\/cpata-cabamc.ca\/fr\/votre-profession\/des-conflits-et-encore-des-conflits\/#breadcrumb"},"inLanguage":"fr-FR","potentialAction":[{"@type":"ReadAction","target":["https:\/\/cpata-cabamc.ca\/fr\/votre-profession\/des-conflits-et-encore-des-conflits\/"]}]},{"@type":"BreadcrumbList","@id":"https:\/\/cpata-cabamc.ca\/fr\/votre-profession\/des-conflits-et-encore-des-conflits\/#breadcrumb","itemListElement":[{"@type":"ListItem","position":1,"name":"Accueil","item":"https:\/\/cpata-cabamc.ca\/fr\/"},{"@type":"ListItem","position":2,"name":"Votre profession","item":"https:\/\/cpata-cabamc.ca\/fr\/your-practice\/"},{"@type":"ListItem","position":3,"name":"Conflits d\u2019int\u00e9r\u00eat &#8211; Partie 1"}]},{"@type":"WebSite","@id":"https:\/\/cpata-cabamc.ca\/fr\/#website","url":"https:\/\/cpata-cabamc.ca\/fr\/","name":"CABAMC","description":"CABAMC","publisher":{"@id":"https:\/\/cpata-cabamc.ca\/fr\/#organization"},"potentialAction":[{"@type":"SearchAction","target":{"@type":"EntryPoint","urlTemplate":"https:\/\/cpata-cabamc.ca\/fr\/?s={search_term_string}"},"query-input":{"@type":"PropertyValueSpecification","valueRequired":true,"valueName":"search_term_string"}}],"inLanguage":"fr-FR"},{"@type":"Organization","@id":"https:\/\/cpata-cabamc.ca\/fr\/#organization","name":"CABAMC","url":"https:\/\/cpata-cabamc.ca\/fr\/","logo":{"@type":"ImageObject","inLanguage":"fr-FR","@id":"https:\/\/cpata-cabamc.ca\/fr\/#\/schema\/logo\/image\/","url":"https:\/\/cpata-cabamc.ca\/wp-content\/uploads\/2021\/02\/Logo-Light-RGB.svg","contentUrl":"https:\/\/cpata-cabamc.ca\/wp-content\/uploads\/2021\/02\/Logo-Light-RGB.svg","caption":"CABAMC"},"image":{"@id":"https:\/\/cpata-cabamc.ca\/fr\/#\/schema\/logo\/image\/"}}]}},"_links":{"self":[{"href":"https:\/\/cpata-cabamc.ca\/fr\/wp-json\/wp\/v2\/pages\/24308","targetHints":{"allow":["GET"]}}],"collection":[{"href":"https:\/\/cpata-cabamc.ca\/fr\/wp-json\/wp\/v2\/pages"}],"about":[{"href":"https:\/\/cpata-cabamc.ca\/fr\/wp-json\/wp\/v2\/types\/page"}],"author":[{"embeddable":true,"href":"https:\/\/cpata-cabamc.ca\/fr\/wp-json\/wp\/v2\/users\/7"}],"replies":[{"embeddable":true,"href":"https:\/\/cpata-cabamc.ca\/fr\/wp-json\/wp\/v2\/comments?post=24308"}],"version-history":[{"count":0,"href":"https:\/\/cpata-cabamc.ca\/fr\/wp-json\/wp\/v2\/pages\/24308\/revisions"}],"up":[{"embeddable":true,"href":"https:\/\/cpata-cabamc.ca\/fr\/wp-json\/wp\/v2\/pages\/5885"}],"wp:attachment":[{"href":"https:\/\/cpata-cabamc.ca\/fr\/wp-json\/wp\/v2\/media?parent=24308"}],"wp:term":[{"taxonomy":"folder","embeddable":true,"href":"https:\/\/cpata-cabamc.ca\/fr\/wp-json\/wp\/v2\/folder?post=24308"}],"curies":[{"name":"wp","href":"https:\/\/api.w.org\/{rel}","templated":true}]}}