{"id":23632,"date":"2025-03-03T15:46:48","date_gmt":"2025-03-03T15:46:48","guid":{"rendered":"https:\/\/cpata-cabamc.ca\/?page_id=23632"},"modified":"2025-03-03T15:46:48","modified_gmt":"2025-03-03T15:46:48","slug":"merci-sondage-apres-la-remise-des-resultats-a-lexamen-des-connaissances-appliquees-du-cabamc-examens-des-connaissances-appliquees-des-agentes-de-brevets","status":"publish","type":"page","link":"https:\/\/cpata-cabamc.ca\/fr\/sondage-apres-la-remise-des-resultats-a-lexamen-des-connaissances-appliquees-du-cabamc-examens-des-connaissances-appliquees-des-agentes-de-brevets\/merci-sondage-apres-la-remise-des-resultats-a-lexamen-des-connaissances-appliquees-du-cabamc-examens-des-connaissances-appliquees-des-agentes-de-brevets\/","title":{"rendered":"Merci &#8211; Sondage apr\u00e8s la remise des r\u00e9sultats \u00e0 l\u2019examen des connaissances appliqu\u00e9es du CABAMC \u2013 examens des connaissances appliqu\u00e9es des agent(e)s de brevets"},"content":{"rendered":"<p>Nous vous remercions pour votre r\u00e9ponse.<\/p>\n","protected":false},"excerpt":{"rendered":"<p>Nous vous remercions pour votre r\u00e9ponse.<\/p>\n","protected":false},"author":7,"featured_media":0,"parent":23617,"menu_order":0,"comment_status":"closed","ping_status":"closed","template":"","meta":{"_acf_changed":false,"_monsterinsights_skip_tracking":false,"_monsterinsights_sitenote_active":false,"_monsterinsights_sitenote_note":"","_monsterinsights_sitenote_category":0,"site-sidebar-layout":"default","site-content-layout":"","ast-site-content-layout":"default","site-content-style":"default","site-sidebar-style":"default","ast-global-header-display":"","ast-banner-title-visibility":"","ast-main-header-display":"","ast-hfb-above-header-display":"","ast-hfb-below-header-display":"","ast-hfb-mobile-header-display":"","site-post-title":"","ast-breadcrumbs-content":"","ast-featured-img":"","footer-sml-layout":"","theme-transparent-header-meta":"default","adv-header-id-meta":"","stick-header-meta":"","header-above-stick-meta":"","header-main-stick-meta":"","header-below-stick-meta":"","astra-migrate-meta-layouts":"set","ast-page-background-enabled":"default","ast-page-background-meta":{"desktop":{"background-color":"","background-image":"","background-repeat":"repeat","background-position":"center center","background-size":"auto","background-attachment":"scroll","background-type":"","background-media":"","overlay-type":"","overlay-color":"","overlay-opacity":"","overlay-gradient":""},"tablet":{"background-color":"","background-image":"","background-repeat":"repeat","background-position":"center center","background-size":"auto","background-attachment":"scroll","background-type":"","background-media":"","overlay-type":"","overlay-color":"","overlay-opacity":"","overlay-gradient":""},"mobile":{"background-color":"","background-image":"","background-repeat":"repeat","background-position":"center center","background-size":"auto","background-attachment":"scroll","background-type":"","background-media":"","overlay-type":"","overlay-color":"","overlay-opacity":"","overlay-gradient":""}},"ast-content-background-meta":{"desktop":{"background-color":"var(--ast-global-color-5)","background-image":"","background-repeat":"repeat","background-position":"center center","background-size":"auto","background-attachment":"scroll","background-type":"","background-media":"","overlay-type":"","overlay-color":"","overlay-opacity":"","overlay-gradient":""},"tablet":{"background-color":"var(--ast-global-color-5)","background-image":"","background-repeat":"repeat","background-position":"center center","background-size":"auto","background-attachment":"scroll","background-type":"","background-media":"","overlay-type":"","overlay-color":"","overlay-opacity":"","overlay-gradient":""},"mobile":{"background-color":"var(--ast-global-color-5)","background-image":"","background-repeat":"repeat","background-position":"center center","background-size":"auto","background-attachment":"scroll","background-type":"","background-media":"","overlay-type":"","overlay-color":"","overlay-opacity":"","overlay-gradient":""}},"footnotes":""},"folder":[],"class_list":["post-23632","page","type-page","status-publish","hentry"],"acf":[],"yoast_head":"<!-- This site is optimized with the Yoast SEO plugin v27.2 - https:\/\/yoast.com\/product\/yoast-seo-wordpress\/ -->\n<title>Merci - Sondage apr\u00e8s la remise des r\u00e9sultats \u00e0 l\u2019examen des connaissances appliqu\u00e9es du CABAMC \u2013 examens des connaissances appliqu\u00e9es des agent(e)s de brevets - CABAMC<\/title>\n<meta name=\"robots\" content=\"index, follow, max-snippet:-1, max-image-preview:large, max-video-preview:-1\" \/>\n<link rel=\"canonical\" href=\"https:\/\/cpata-cabamc.ca\/fr\/sondage-apres-la-remise-des-resultats-a-lexamen-des-connaissances-appliquees-du-cabamc-examens-des-connaissances-appliquees-des-agentes-de-brevets\/merci-sondage-apres-la-remise-des-resultats-a-lexamen-des-connaissances-appliquees-du-cabamc-examens-des-connaissances-appliquees-des-agentes-de-brevets\/\" \/>\n<meta property=\"og:locale\" content=\"fr_FR\" \/>\n<meta property=\"og:type\" content=\"article\" \/>\n<meta property=\"og:title\" content=\"Merci - Sondage apr\u00e8s la remise des r\u00e9sultats \u00e0 l\u2019examen des connaissances appliqu\u00e9es du CABAMC \u2013 examens des connaissances appliqu\u00e9es des agent(e)s de brevets - CABAMC\" \/>\n<meta property=\"og:description\" content=\"Nous vous remercions pour votre r\u00e9ponse.\" \/>\n<meta property=\"og:url\" content=\"https:\/\/cpata-cabamc.ca\/fr\/sondage-apres-la-remise-des-resultats-a-lexamen-des-connaissances-appliquees-du-cabamc-examens-des-connaissances-appliquees-des-agentes-de-brevets\/merci-sondage-apres-la-remise-des-resultats-a-lexamen-des-connaissances-appliquees-du-cabamc-examens-des-connaissances-appliquees-des-agentes-de-brevets\/\" \/>\n<meta property=\"og:site_name\" content=\"CABAMC\" \/>\n<meta name=\"twitter:card\" content=\"summary_large_image\" \/>\n<meta name=\"twitter:label1\" content=\"Dur\u00e9e de lecture estim\u00e9e\" \/>\n\t<meta name=\"twitter:data1\" content=\"1 minute\" \/>\n<script type=\"application\/ld+json\" class=\"yoast-schema-graph\">{\"@context\":\"https:\/\/schema.org\",\"@graph\":[{\"@type\":\"WebPage\",\"@id\":\"https:\/\/cpata-cabamc.ca\/fr\/sondage-apres-la-remise-des-resultats-a-lexamen-des-connaissances-appliquees-du-cabamc-examens-des-connaissances-appliquees-des-agentes-de-brevets\/merci-sondage-apres-la-remise-des-resultats-a-lexamen-des-connaissances-appliquees-du-cabamc-examens-des-connaissances-appliquees-des-agentes-de-brevets\/\",\"url\":\"https:\/\/cpata-cabamc.ca\/fr\/sondage-apres-la-remise-des-resultats-a-lexamen-des-connaissances-appliquees-du-cabamc-examens-des-connaissances-appliquees-des-agentes-de-brevets\/merci-sondage-apres-la-remise-des-resultats-a-lexamen-des-connaissances-appliquees-du-cabamc-examens-des-connaissances-appliquees-des-agentes-de-brevets\/\",\"name\":\"Merci - Sondage apr\u00e8s la remise des r\u00e9sultats \u00e0 l\u2019examen des connaissances appliqu\u00e9es du CABAMC \u2013 examens des connaissances appliqu\u00e9es des agent(e)s de brevets - CABAMC\",\"isPartOf\":{\"@id\":\"https:\/\/cpata-cabamc.ca\/fr\/#website\"},\"datePublished\":\"2025-03-03T15:46:48+00:00\",\"breadcrumb\":{\"@id\":\"https:\/\/cpata-cabamc.ca\/fr\/sondage-apres-la-remise-des-resultats-a-lexamen-des-connaissances-appliquees-du-cabamc-examens-des-connaissances-appliquees-des-agentes-de-brevets\/merci-sondage-apres-la-remise-des-resultats-a-lexamen-des-connaissances-appliquees-du-cabamc-examens-des-connaissances-appliquees-des-agentes-de-brevets\/#breadcrumb\"},\"inLanguage\":\"fr-FR\",\"potentialAction\":[{\"@type\":\"ReadAction\",\"target\":[\"https:\/\/cpata-cabamc.ca\/fr\/sondage-apres-la-remise-des-resultats-a-lexamen-des-connaissances-appliquees-du-cabamc-examens-des-connaissances-appliquees-des-agentes-de-brevets\/merci-sondage-apres-la-remise-des-resultats-a-lexamen-des-connaissances-appliquees-du-cabamc-examens-des-connaissances-appliquees-des-agentes-de-brevets\/\"]}]},{\"@type\":\"BreadcrumbList\",\"@id\":\"https:\/\/cpata-cabamc.ca\/fr\/sondage-apres-la-remise-des-resultats-a-lexamen-des-connaissances-appliquees-du-cabamc-examens-des-connaissances-appliquees-des-agentes-de-brevets\/merci-sondage-apres-la-remise-des-resultats-a-lexamen-des-connaissances-appliquees-du-cabamc-examens-des-connaissances-appliquees-des-agentes-de-brevets\/#breadcrumb\",\"itemListElement\":[{\"@type\":\"ListItem\",\"position\":1,\"name\":\"Accueil\",\"item\":\"https:\/\/cpata-cabamc.ca\/fr\/\"},{\"@type\":\"ListItem\",\"position\":2,\"name\":\"Sondage apr\u00e8s la remise des r\u00e9sultats \u00e0 l\u2019examen des connaissances appliqu\u00e9es du CABAMC &#8211; examens des connaissances appliqu\u00e9es des agent(e)s de brevets\",\"item\":\"https:\/\/cpata-cabamc.ca\/fr\/cpata-skills-examination-post-results-survey-pase\/\"},{\"@type\":\"ListItem\",\"position\":3,\"name\":\"Merci &#8211; Sondage apr\u00e8s la remise des r\u00e9sultats \u00e0 l\u2019examen des connaissances appliqu\u00e9es du CABAMC \u2013 examens des connaissances appliqu\u00e9es des agent(e)s de brevets\"}]},{\"@type\":\"WebSite\",\"@id\":\"https:\/\/cpata-cabamc.ca\/fr\/#website\",\"url\":\"https:\/\/cpata-cabamc.ca\/fr\/\",\"name\":\"CABAMC\",\"description\":\"CABAMC\",\"publisher\":{\"@id\":\"https:\/\/cpata-cabamc.ca\/fr\/#organization\"},\"potentialAction\":[{\"@type\":\"SearchAction\",\"target\":{\"@type\":\"EntryPoint\",\"urlTemplate\":\"https:\/\/cpata-cabamc.ca\/fr\/?s={search_term_string}\"},\"query-input\":{\"@type\":\"PropertyValueSpecification\",\"valueRequired\":true,\"valueName\":\"search_term_string\"}}],\"inLanguage\":\"fr-FR\"},{\"@type\":\"Organization\",\"@id\":\"https:\/\/cpata-cabamc.ca\/fr\/#organization\",\"name\":\"CABAMC\",\"url\":\"https:\/\/cpata-cabamc.ca\/fr\/\",\"logo\":{\"@type\":\"ImageObject\",\"inLanguage\":\"fr-FR\",\"@id\":\"https:\/\/cpata-cabamc.ca\/fr\/#\/schema\/logo\/image\/\",\"url\":\"https:\/\/cpata-cabamc.ca\/wp-content\/uploads\/2021\/02\/Logo-Light-RGB.svg\",\"contentUrl\":\"https:\/\/cpata-cabamc.ca\/wp-content\/uploads\/2021\/02\/Logo-Light-RGB.svg\",\"caption\":\"CABAMC\"},\"image\":{\"@id\":\"https:\/\/cpata-cabamc.ca\/fr\/#\/schema\/logo\/image\/\"}}]}<\/script>\n<!-- \/ Yoast SEO plugin. -->","yoast_head_json":{"title":"Merci - Sondage apr\u00e8s la remise des r\u00e9sultats \u00e0 l\u2019examen des connaissances appliqu\u00e9es du CABAMC \u2013 examens des connaissances appliqu\u00e9es des agent(e)s de brevets - CABAMC","robots":{"index":"index","follow":"follow","max-snippet":"max-snippet:-1","max-image-preview":"max-image-preview:large","max-video-preview":"max-video-preview:-1"},"canonical":"https:\/\/cpata-cabamc.ca\/fr\/sondage-apres-la-remise-des-resultats-a-lexamen-des-connaissances-appliquees-du-cabamc-examens-des-connaissances-appliquees-des-agentes-de-brevets\/merci-sondage-apres-la-remise-des-resultats-a-lexamen-des-connaissances-appliquees-du-cabamc-examens-des-connaissances-appliquees-des-agentes-de-brevets\/","og_locale":"fr_FR","og_type":"article","og_title":"Merci - Sondage apr\u00e8s la remise des r\u00e9sultats \u00e0 l\u2019examen des connaissances appliqu\u00e9es du CABAMC \u2013 examens des connaissances appliqu\u00e9es des agent(e)s de brevets - CABAMC","og_description":"Nous vous remercions pour votre r\u00e9ponse.","og_url":"https:\/\/cpata-cabamc.ca\/fr\/sondage-apres-la-remise-des-resultats-a-lexamen-des-connaissances-appliquees-du-cabamc-examens-des-connaissances-appliquees-des-agentes-de-brevets\/merci-sondage-apres-la-remise-des-resultats-a-lexamen-des-connaissances-appliquees-du-cabamc-examens-des-connaissances-appliquees-des-agentes-de-brevets\/","og_site_name":"CABAMC","twitter_card":"summary_large_image","twitter_misc":{"Dur\u00e9e de lecture estim\u00e9e":"1 minute"},"schema":{"@context":"https:\/\/schema.org","@graph":[{"@type":"WebPage","@id":"https:\/\/cpata-cabamc.ca\/fr\/sondage-apres-la-remise-des-resultats-a-lexamen-des-connaissances-appliquees-du-cabamc-examens-des-connaissances-appliquees-des-agentes-de-brevets\/merci-sondage-apres-la-remise-des-resultats-a-lexamen-des-connaissances-appliquees-du-cabamc-examens-des-connaissances-appliquees-des-agentes-de-brevets\/","url":"https:\/\/cpata-cabamc.ca\/fr\/sondage-apres-la-remise-des-resultats-a-lexamen-des-connaissances-appliquees-du-cabamc-examens-des-connaissances-appliquees-des-agentes-de-brevets\/merci-sondage-apres-la-remise-des-resultats-a-lexamen-des-connaissances-appliquees-du-cabamc-examens-des-connaissances-appliquees-des-agentes-de-brevets\/","name":"Merci - Sondage apr\u00e8s la remise des r\u00e9sultats \u00e0 l\u2019examen des connaissances appliqu\u00e9es du CABAMC \u2013 examens des connaissances appliqu\u00e9es des agent(e)s de brevets - CABAMC","isPartOf":{"@id":"https:\/\/cpata-cabamc.ca\/fr\/#website"},"datePublished":"2025-03-03T15:46:48+00:00","breadcrumb":{"@id":"https:\/\/cpata-cabamc.ca\/fr\/sondage-apres-la-remise-des-resultats-a-lexamen-des-connaissances-appliquees-du-cabamc-examens-des-connaissances-appliquees-des-agentes-de-brevets\/merci-sondage-apres-la-remise-des-resultats-a-lexamen-des-connaissances-appliquees-du-cabamc-examens-des-connaissances-appliquees-des-agentes-de-brevets\/#breadcrumb"},"inLanguage":"fr-FR","potentialAction":[{"@type":"ReadAction","target":["https:\/\/cpata-cabamc.ca\/fr\/sondage-apres-la-remise-des-resultats-a-lexamen-des-connaissances-appliquees-du-cabamc-examens-des-connaissances-appliquees-des-agentes-de-brevets\/merci-sondage-apres-la-remise-des-resultats-a-lexamen-des-connaissances-appliquees-du-cabamc-examens-des-connaissances-appliquees-des-agentes-de-brevets\/"]}]},{"@type":"BreadcrumbList","@id":"https:\/\/cpata-cabamc.ca\/fr\/sondage-apres-la-remise-des-resultats-a-lexamen-des-connaissances-appliquees-du-cabamc-examens-des-connaissances-appliquees-des-agentes-de-brevets\/merci-sondage-apres-la-remise-des-resultats-a-lexamen-des-connaissances-appliquees-du-cabamc-examens-des-connaissances-appliquees-des-agentes-de-brevets\/#breadcrumb","itemListElement":[{"@type":"ListItem","position":1,"name":"Accueil","item":"https:\/\/cpata-cabamc.ca\/fr\/"},{"@type":"ListItem","position":2,"name":"Sondage apr\u00e8s la remise des r\u00e9sultats \u00e0 l\u2019examen des connaissances appliqu\u00e9es du CABAMC &#8211; examens des connaissances appliqu\u00e9es des agent(e)s de brevets","item":"https:\/\/cpata-cabamc.ca\/fr\/cpata-skills-examination-post-results-survey-pase\/"},{"@type":"ListItem","position":3,"name":"Merci &#8211; Sondage apr\u00e8s la remise des r\u00e9sultats \u00e0 l\u2019examen des connaissances appliqu\u00e9es du CABAMC \u2013 examens des connaissances appliqu\u00e9es des agent(e)s de brevets"}]},{"@type":"WebSite","@id":"https:\/\/cpata-cabamc.ca\/fr\/#website","url":"https:\/\/cpata-cabamc.ca\/fr\/","name":"CABAMC","description":"CABAMC","publisher":{"@id":"https:\/\/cpata-cabamc.ca\/fr\/#organization"},"potentialAction":[{"@type":"SearchAction","target":{"@type":"EntryPoint","urlTemplate":"https:\/\/cpata-cabamc.ca\/fr\/?s={search_term_string}"},"query-input":{"@type":"PropertyValueSpecification","valueRequired":true,"valueName":"search_term_string"}}],"inLanguage":"fr-FR"},{"@type":"Organization","@id":"https:\/\/cpata-cabamc.ca\/fr\/#organization","name":"CABAMC","url":"https:\/\/cpata-cabamc.ca\/fr\/","logo":{"@type":"ImageObject","inLanguage":"fr-FR","@id":"https:\/\/cpata-cabamc.ca\/fr\/#\/schema\/logo\/image\/","url":"https:\/\/cpata-cabamc.ca\/wp-content\/uploads\/2021\/02\/Logo-Light-RGB.svg","contentUrl":"https:\/\/cpata-cabamc.ca\/wp-content\/uploads\/2021\/02\/Logo-Light-RGB.svg","caption":"CABAMC"},"image":{"@id":"https:\/\/cpata-cabamc.ca\/fr\/#\/schema\/logo\/image\/"}}]}},"_links":{"self":[{"href":"https:\/\/cpata-cabamc.ca\/fr\/wp-json\/wp\/v2\/pages\/23632","targetHints":{"allow":["GET"]}}],"collection":[{"href":"https:\/\/cpata-cabamc.ca\/fr\/wp-json\/wp\/v2\/pages"}],"about":[{"href":"https:\/\/cpata-cabamc.ca\/fr\/wp-json\/wp\/v2\/types\/page"}],"author":[{"embeddable":true,"href":"https:\/\/cpata-cabamc.ca\/fr\/wp-json\/wp\/v2\/users\/7"}],"replies":[{"embeddable":true,"href":"https:\/\/cpata-cabamc.ca\/fr\/wp-json\/wp\/v2\/comments?post=23632"}],"version-history":[{"count":0,"href":"https:\/\/cpata-cabamc.ca\/fr\/wp-json\/wp\/v2\/pages\/23632\/revisions"}],"up":[{"embeddable":true,"href":"https:\/\/cpata-cabamc.ca\/fr\/wp-json\/wp\/v2\/pages\/23617"}],"wp:attachment":[{"href":"https:\/\/cpata-cabamc.ca\/fr\/wp-json\/wp\/v2\/media?parent=23632"}],"wp:term":[{"taxonomy":"folder","embeddable":true,"href":"https:\/\/cpata-cabamc.ca\/fr\/wp-json\/wp\/v2\/folder?post=23632"}],"curies":[{"name":"wp","href":"https:\/\/api.w.org\/{rel}","templated":true}]}}