{"id":23625,"date":"2025-03-03T15:32:48","date_gmt":"2025-03-03T15:32:48","guid":{"rendered":"https:\/\/cpata-cabamc.ca\/?page_id=23625"},"modified":"2025-03-03T15:34:05","modified_gmt":"2025-03-03T15:34:05","slug":"sondage-apres-la-remise-des-resultats-a-lexamen-des-connaissances-appliquees-du-cabamc-examens-des-connaissances-appliquees-des-agentes-de-marques-de-commerce","status":"publish","type":"page","link":"https:\/\/cpata-cabamc.ca\/fr\/sondage-apres-la-remise-des-resultats-a-lexamen-des-connaissances-appliquees-du-cabamc-examens-des-connaissances-appliquees-des-agentes-de-marques-de-commerce\/","title":{"rendered":"Sondage apr\u00e8s la remise des r\u00e9sultats \u00e0 l\u2019examen des connaissances appliqu\u00e9es du CABAMC  &#8211; examens des connaissances appliqu\u00e9es des agent(e)s de marques de commerce"},"content":{"rendered":"\t\t<div data-elementor-type=\"wp-page\" data-elementor-id=\"23625\" class=\"elementor elementor-23625 elementor-23581\" data-elementor-post-type=\"page\">\n\t\t\t\t\t\t<section class=\"elementor-section elementor-top-section elementor-element elementor-element-259b8c3 elementor-section-boxed elementor-section-height-default elementor-section-height-default\" data-id=\"259b8c3\" data-element_type=\"section\" data-e-type=\"section\">\n\t\t\t\t\t\t<div class=\"elementor-container elementor-column-gap-default\">\n\t\t\t\t\t<div class=\"elementor-column elementor-col-100 elementor-top-column elementor-element elementor-element-fc7d92a\" data-id=\"fc7d92a\" data-element_type=\"column\" data-e-type=\"column\">\n\t\t\t<div class=\"elementor-widget-wrap elementor-element-populated\">\n\t\t\t\t\t\t<div class=\"elementor-element elementor-element-babb3b5 elementor-widget elementor-widget-heading\" data-id=\"babb3b5\" data-element_type=\"widget\" data-e-type=\"widget\" data-widget_type=\"heading.default\">\n\t\t\t\t<div class=\"elementor-widget-container\">\n\t\t\t\t\t<h4 class=\"elementor-heading-title elementor-size-default\">D\u00e9claration de confidentialit\u00e9 et de consentement\u202f: <\/h4>\t\t\t\t<\/div>\n\t\t\t\t<\/div>\n\t\t\t\t<div class=\"elementor-element elementor-element-8fde2b2 elementor-widget elementor-widget-text-editor\" data-id=\"8fde2b2\" data-element_type=\"widget\" data-e-type=\"widget\" data-widget_type=\"text-editor.default\">\n\t\t\t\t<div class=\"elementor-widget-container\">\n\t\t\t\t\t\t\t\t\t<p><span data-contrast=\"auto\">Merci d\u2019avoir pris le temps de participer \u00e0 notre sondage. Veuillez noter ce qui suit\u202f:<\/span><span data-ccp-props=\"{&quot;134233117&quot;:true,&quot;134233118&quot;:true,&quot;201341983&quot;:0,&quot;335559685&quot;:360,&quot;335559740&quot;:240}\">\u00a0<\/span><\/p><ul><li data-leveltext=\"\uf0b7\" data-font=\"Symbol\" data-listid=\"5\" data-list-defn-props=\"{&quot;335552541&quot;:1,&quot;335559685&quot;:1080,&quot;335559991&quot;:360,&quot;469769226&quot;:&quot;Symbol&quot;,&quot;469769242&quot;:[8226],&quot;469777803&quot;:&quot;left&quot;,&quot;469777804&quot;:&quot;\uf0b7&quot;,&quot;469777815&quot;:&quot;hybridMultilevel&quot;}\" aria-setsize=\"-1\" data-aria-posinset=\"1\" data-aria-level=\"1\"><span data-contrast=\"auto\">Ce sondage est effectu\u00e9 par le Coll\u00e8ge des agents de brevets et des agents de marques de commerce (CABAMC).\u00a0<\/span><span data-ccp-props=\"{&quot;134233117&quot;:true,&quot;134233118&quot;:true,&quot;134233279&quot;:true,&quot;201341983&quot;:0,&quot;335559740&quot;:240}\">\u00a0<\/span><\/li><li data-leveltext=\"\uf0b7\" data-font=\"Symbol\" data-listid=\"5\" data-list-defn-props=\"{&quot;335552541&quot;:1,&quot;335559685&quot;:1080,&quot;335559991&quot;:360,&quot;469769226&quot;:&quot;Symbol&quot;,&quot;469769242&quot;:[8226],&quot;469777803&quot;:&quot;left&quot;,&quot;469777804&quot;:&quot;\uf0b7&quot;,&quot;469777815&quot;:&quot;hybridMultilevel&quot;}\" aria-setsize=\"-1\" data-aria-posinset=\"1\" data-aria-level=\"1\"><span data-contrast=\"auto\">Nous effectuons ce sondage aupr\u00e8s des candidat(e)s qui ont fait l\u2019examen des connaissances appliqu\u00e9es de 2024 afin de recueillir des commentaires. Veuillez noter qu\u2019il s\u2019agit d\u2019un sondage anonyme.\u00a0\u00a0<\/span><span data-ccp-props=\"{&quot;134233117&quot;:true,&quot;134233118&quot;:true,&quot;134233279&quot;:true,&quot;201341983&quot;:0,&quot;335559740&quot;:240}\">\u00a0<\/span><\/li><li data-leveltext=\"\uf0b7\" data-font=\"Symbol\" data-listid=\"5\" data-list-defn-props=\"{&quot;335552541&quot;:1,&quot;335559685&quot;:1080,&quot;335559991&quot;:360,&quot;469769226&quot;:&quot;Symbol&quot;,&quot;469769242&quot;:[8226],&quot;469777803&quot;:&quot;left&quot;,&quot;469777804&quot;:&quot;\uf0b7&quot;,&quot;469777815&quot;:&quot;hybridMultilevel&quot;}\" aria-setsize=\"-1\" data-aria-posinset=\"1\" data-aria-level=\"1\"><span data-contrast=\"auto\">Ce sondage est facultatif.\u00a0<\/span><span data-ccp-props=\"{&quot;134233117&quot;:true,&quot;134233118&quot;:true,&quot;134233279&quot;:true,&quot;201341983&quot;:0,&quot;335559740&quot;:240}\">\u00a0<\/span><\/li><li data-leveltext=\"\uf0b7\" data-font=\"Symbol\" data-listid=\"5\" data-list-defn-props=\"{&quot;335552541&quot;:1,&quot;335559685&quot;:1080,&quot;335559991&quot;:360,&quot;469769226&quot;:&quot;Symbol&quot;,&quot;469769242&quot;:[8226],&quot;469777803&quot;:&quot;left&quot;,&quot;469777804&quot;:&quot;\uf0b7&quot;,&quot;469777815&quot;:&quot;hybridMultilevel&quot;}\" aria-setsize=\"-1\" data-aria-posinset=\"1\" data-aria-level=\"1\"><span data-contrast=\"auto\">Pour en savoir plus sur nos pratiques en mati\u00e8re de protection des renseignements personnels, vos droits \u00e0 la protection des renseignements personnels et la fa\u00e7on de communiquer avec le Coll\u00e8ge si vous avez des questions au sujet de ce sondage, consultez la <\/span><a href=\"https:\/\/cpata-cabamc.ca\/fr\/a-propos-de-nous\/confidentialite\/declaration-de-confidentialite-agent\/\"><span data-contrast=\"none\">D\u00e9claration de confidentialit\u00e9 du Coll\u00e8ge<\/span><\/a><span data-contrast=\"auto\">.\u00a0<\/span><span data-ccp-props=\"{&quot;134233117&quot;:true,&quot;134233118&quot;:true,&quot;134233279&quot;:true,&quot;201341983&quot;:0,&quot;335559740&quot;:240}\">\u00a0<\/span><\/li><\/ul>\t\t\t\t\t\t\t\t<\/div>\n\t\t\t\t<\/div>\n\t\t\t\t<div class=\"elementor-element elementor-element-b87dc3c uael-gf-ajax-true uael-gf-style-box uael-gf-input-size-sm uael-gf-enable-classes-no uael-gf-button-left uael-gf-btn-size-sm elementor-widget elementor-widget-uael-gf-styler\" data-id=\"b87dc3c\" data-element_type=\"widget\" data-e-type=\"widget\" data-widget_type=\"uael-gf-styler.default\">\n\t\t\t\t<div class=\"elementor-widget-container\">\n\t\t\t\t\t<div class=\"uael-gf-style uael-gf-check-style elementor-clickable\">\n\t\n<\/div>\n\t\t\t\t<\/div>\n\t\t\t\t<\/div>\n\t\t\t\t\t<\/div>\n\t\t<\/div>\n\t\t\t\t\t<\/div>\n\t\t<\/section>\n\t\t\t\t<\/div>\n\t\t","protected":false},"excerpt":{"rendered":"<p>D\u00e9claration de confidentialit\u00e9 et de consentement\u202f: Merci d\u2019avoir pris le temps de participer \u00e0 notre<\/p>\n","protected":false},"author":7,"featured_media":0,"parent":0,"menu_order":0,"comment_status":"closed","ping_status":"closed","template":"","meta":{"_acf_changed":false,"_monsterinsights_skip_tracking":false,"_monsterinsights_sitenote_active":false,"_monsterinsights_sitenote_note":"","_monsterinsights_sitenote_category":0,"site-sidebar-layout":"no-sidebar","site-content-layout":"page-builder","ast-site-content-layout":"full-width-container","site-content-style":"default","site-sidebar-style":"default","ast-global-header-display":"","ast-banner-title-visibility":"","ast-main-header-display":"","ast-hfb-above-header-display":"","ast-hfb-below-header-display":"","ast-hfb-mobile-header-display":"","site-post-title":"disabled","ast-breadcrumbs-content":"","ast-featured-img":"disabled","footer-sml-layout":"","theme-transparent-header-meta":"","adv-header-id-meta":"","stick-header-meta":"","header-above-stick-meta":"","header-main-stick-meta":"","header-below-stick-meta":"","astra-migrate-meta-layouts":"default","ast-page-background-enabled":"default","ast-page-background-meta":{"desktop":{"background-color":"","background-image":"","background-repeat":"repeat","background-position":"center center","background-size":"auto","background-attachment":"scroll","background-type":"","background-media":"","overlay-type":"","overlay-color":"","overlay-opacity":"","overlay-gradient":""},"tablet":{"background-color":"","background-image":"","background-repeat":"repeat","background-position":"center center","background-size":"auto","background-attachment":"scroll","background-type":"","background-media":"","overlay-type":"","overlay-color":"","overlay-opacity":"","overlay-gradient":""},"mobile":{"background-color":"","background-image":"","background-repeat":"repeat","background-position":"center center","background-size":"auto","background-attachment":"scroll","background-type":"","background-media":"","overlay-type":"","overlay-color":"","overlay-opacity":"","overlay-gradient":""}},"ast-content-background-meta":{"desktop":{"background-color":"var(--ast-global-color-5)","background-image":"","background-repeat":"repeat","background-position":"center center","background-size":"auto","background-attachment":"scroll","background-type":"","background-media":"","overlay-type":"","overlay-color":"","overlay-opacity":"","overlay-gradient":""},"tablet":{"background-color":"var(--ast-global-color-5)","background-image":"","background-repeat":"repeat","background-position":"center center","background-size":"auto","background-attachment":"scroll","background-type":"","background-media":"","overlay-type":"","overlay-color":"","overlay-opacity":"","overlay-gradient":""},"mobile":{"background-color":"var(--ast-global-color-5)","background-image":"","background-repeat":"repeat","background-position":"center center","background-size":"auto","background-attachment":"scroll","background-type":"","background-media":"","overlay-type":"","overlay-color":"","overlay-opacity":"","overlay-gradient":""}},"footnotes":""},"folder":[],"class_list":["post-23625","page","type-page","status-publish","hentry"],"acf":[],"yoast_head":"<!-- This site is optimized with the Yoast SEO plugin v27.2 - https:\/\/yoast.com\/product\/yoast-seo-wordpress\/ -->\n<title>Sondage apr\u00e8s la remise des r\u00e9sultats \u00e0 l\u2019examen des connaissances appliqu\u00e9es du CABAMC - examens des connaissances appliqu\u00e9es des agent(e)s de marques de commerce - CABAMC<\/title>\n<meta name=\"robots\" content=\"index, follow, max-snippet:-1, max-image-preview:large, max-video-preview:-1\" \/>\n<link rel=\"canonical\" href=\"https:\/\/cpata-cabamc.ca\/fr\/sondage-apres-la-remise-des-resultats-a-lexamen-des-connaissances-appliquees-du-cabamc-examens-des-connaissances-appliquees-des-agentes-de-marques-de-commerce\/\" \/>\n<meta property=\"og:locale\" content=\"fr_FR\" \/>\n<meta property=\"og:type\" content=\"article\" \/>\n<meta property=\"og:title\" content=\"Sondage apr\u00e8s la remise des r\u00e9sultats \u00e0 l\u2019examen des connaissances appliqu\u00e9es du CABAMC - examens des connaissances appliqu\u00e9es des agent(e)s de marques de commerce - CABAMC\" \/>\n<meta property=\"og:description\" content=\"D\u00e9claration de confidentialit\u00e9 et de consentement\u202f: Merci d\u2019avoir pris le temps de participer \u00e0 notre\" \/>\n<meta property=\"og:url\" content=\"https:\/\/cpata-cabamc.ca\/fr\/sondage-apres-la-remise-des-resultats-a-lexamen-des-connaissances-appliquees-du-cabamc-examens-des-connaissances-appliquees-des-agentes-de-marques-de-commerce\/\" \/>\n<meta property=\"og:site_name\" content=\"CABAMC\" \/>\n<meta property=\"article:modified_time\" content=\"2025-03-03T15:34:05+00:00\" \/>\n<meta name=\"twitter:card\" content=\"summary_large_image\" \/>\n<meta name=\"twitter:label1\" content=\"Dur\u00e9e de lecture estim\u00e9e\" \/>\n\t<meta name=\"twitter:data1\" content=\"7 minutes\" \/>\n<script type=\"application\/ld+json\" class=\"yoast-schema-graph\">{\"@context\":\"https:\/\/schema.org\",\"@graph\":[{\"@type\":\"WebPage\",\"@id\":\"https:\/\/cpata-cabamc.ca\/fr\/sondage-apres-la-remise-des-resultats-a-lexamen-des-connaissances-appliquees-du-cabamc-examens-des-connaissances-appliquees-des-agentes-de-marques-de-commerce\/\",\"url\":\"https:\/\/cpata-cabamc.ca\/fr\/sondage-apres-la-remise-des-resultats-a-lexamen-des-connaissances-appliquees-du-cabamc-examens-des-connaissances-appliquees-des-agentes-de-marques-de-commerce\/\",\"name\":\"Sondage apr\u00e8s la remise des r\u00e9sultats \u00e0 l\u2019examen des connaissances appliqu\u00e9es du CABAMC - examens des connaissances appliqu\u00e9es des agent(e)s de marques de commerce - CABAMC\",\"isPartOf\":{\"@id\":\"https:\/\/cpata-cabamc.ca\/fr\/#website\"},\"datePublished\":\"2025-03-03T15:32:48+00:00\",\"dateModified\":\"2025-03-03T15:34:05+00:00\",\"breadcrumb\":{\"@id\":\"https:\/\/cpata-cabamc.ca\/fr\/sondage-apres-la-remise-des-resultats-a-lexamen-des-connaissances-appliquees-du-cabamc-examens-des-connaissances-appliquees-des-agentes-de-marques-de-commerce\/#breadcrumb\"},\"inLanguage\":\"fr-FR\",\"potentialAction\":[{\"@type\":\"ReadAction\",\"target\":[\"https:\/\/cpata-cabamc.ca\/fr\/sondage-apres-la-remise-des-resultats-a-lexamen-des-connaissances-appliquees-du-cabamc-examens-des-connaissances-appliquees-des-agentes-de-marques-de-commerce\/\"]}]},{\"@type\":\"BreadcrumbList\",\"@id\":\"https:\/\/cpata-cabamc.ca\/fr\/sondage-apres-la-remise-des-resultats-a-lexamen-des-connaissances-appliquees-du-cabamc-examens-des-connaissances-appliquees-des-agentes-de-marques-de-commerce\/#breadcrumb\",\"itemListElement\":[{\"@type\":\"ListItem\",\"position\":1,\"name\":\"Accueil\",\"item\":\"https:\/\/cpata-cabamc.ca\/fr\/\"},{\"@type\":\"ListItem\",\"position\":2,\"name\":\"Sondage apr\u00e8s la remise des r\u00e9sultats \u00e0 l\u2019examen des connaissances appliqu\u00e9es du CABAMC &#8211; examens des connaissances appliqu\u00e9es des agent(e)s de marques de commerce\"}]},{\"@type\":\"WebSite\",\"@id\":\"https:\/\/cpata-cabamc.ca\/fr\/#website\",\"url\":\"https:\/\/cpata-cabamc.ca\/fr\/\",\"name\":\"CABAMC\",\"description\":\"CABAMC\",\"publisher\":{\"@id\":\"https:\/\/cpata-cabamc.ca\/fr\/#organization\"},\"potentialAction\":[{\"@type\":\"SearchAction\",\"target\":{\"@type\":\"EntryPoint\",\"urlTemplate\":\"https:\/\/cpata-cabamc.ca\/fr\/?s={search_term_string}\"},\"query-input\":{\"@type\":\"PropertyValueSpecification\",\"valueRequired\":true,\"valueName\":\"search_term_string\"}}],\"inLanguage\":\"fr-FR\"},{\"@type\":\"Organization\",\"@id\":\"https:\/\/cpata-cabamc.ca\/fr\/#organization\",\"name\":\"CABAMC\",\"url\":\"https:\/\/cpata-cabamc.ca\/fr\/\",\"logo\":{\"@type\":\"ImageObject\",\"inLanguage\":\"fr-FR\",\"@id\":\"https:\/\/cpata-cabamc.ca\/fr\/#\/schema\/logo\/image\/\",\"url\":\"https:\/\/cpata-cabamc.ca\/wp-content\/uploads\/2021\/02\/Logo-Light-RGB.svg\",\"contentUrl\":\"https:\/\/cpata-cabamc.ca\/wp-content\/uploads\/2021\/02\/Logo-Light-RGB.svg\",\"caption\":\"CABAMC\"},\"image\":{\"@id\":\"https:\/\/cpata-cabamc.ca\/fr\/#\/schema\/logo\/image\/\"}}]}<\/script>\n<!-- \/ Yoast SEO plugin. -->","yoast_head_json":{"title":"Sondage apr\u00e8s la remise des r\u00e9sultats \u00e0 l\u2019examen des connaissances appliqu\u00e9es du CABAMC - examens des connaissances appliqu\u00e9es des agent(e)s de marques de commerce - CABAMC","robots":{"index":"index","follow":"follow","max-snippet":"max-snippet:-1","max-image-preview":"max-image-preview:large","max-video-preview":"max-video-preview:-1"},"canonical":"https:\/\/cpata-cabamc.ca\/fr\/sondage-apres-la-remise-des-resultats-a-lexamen-des-connaissances-appliquees-du-cabamc-examens-des-connaissances-appliquees-des-agentes-de-marques-de-commerce\/","og_locale":"fr_FR","og_type":"article","og_title":"Sondage apr\u00e8s la remise des r\u00e9sultats \u00e0 l\u2019examen des connaissances appliqu\u00e9es du CABAMC - examens des connaissances appliqu\u00e9es des agent(e)s de marques de commerce - CABAMC","og_description":"D\u00e9claration de confidentialit\u00e9 et de consentement\u202f: Merci d\u2019avoir pris le temps de participer \u00e0 notre","og_url":"https:\/\/cpata-cabamc.ca\/fr\/sondage-apres-la-remise-des-resultats-a-lexamen-des-connaissances-appliquees-du-cabamc-examens-des-connaissances-appliquees-des-agentes-de-marques-de-commerce\/","og_site_name":"CABAMC","article_modified_time":"2025-03-03T15:34:05+00:00","twitter_card":"summary_large_image","twitter_misc":{"Dur\u00e9e de lecture estim\u00e9e":"7 minutes"},"schema":{"@context":"https:\/\/schema.org","@graph":[{"@type":"WebPage","@id":"https:\/\/cpata-cabamc.ca\/fr\/sondage-apres-la-remise-des-resultats-a-lexamen-des-connaissances-appliquees-du-cabamc-examens-des-connaissances-appliquees-des-agentes-de-marques-de-commerce\/","url":"https:\/\/cpata-cabamc.ca\/fr\/sondage-apres-la-remise-des-resultats-a-lexamen-des-connaissances-appliquees-du-cabamc-examens-des-connaissances-appliquees-des-agentes-de-marques-de-commerce\/","name":"Sondage apr\u00e8s la remise des r\u00e9sultats \u00e0 l\u2019examen des connaissances appliqu\u00e9es du CABAMC - examens des connaissances appliqu\u00e9es des agent(e)s de marques de commerce - CABAMC","isPartOf":{"@id":"https:\/\/cpata-cabamc.ca\/fr\/#website"},"datePublished":"2025-03-03T15:32:48+00:00","dateModified":"2025-03-03T15:34:05+00:00","breadcrumb":{"@id":"https:\/\/cpata-cabamc.ca\/fr\/sondage-apres-la-remise-des-resultats-a-lexamen-des-connaissances-appliquees-du-cabamc-examens-des-connaissances-appliquees-des-agentes-de-marques-de-commerce\/#breadcrumb"},"inLanguage":"fr-FR","potentialAction":[{"@type":"ReadAction","target":["https:\/\/cpata-cabamc.ca\/fr\/sondage-apres-la-remise-des-resultats-a-lexamen-des-connaissances-appliquees-du-cabamc-examens-des-connaissances-appliquees-des-agentes-de-marques-de-commerce\/"]}]},{"@type":"BreadcrumbList","@id":"https:\/\/cpata-cabamc.ca\/fr\/sondage-apres-la-remise-des-resultats-a-lexamen-des-connaissances-appliquees-du-cabamc-examens-des-connaissances-appliquees-des-agentes-de-marques-de-commerce\/#breadcrumb","itemListElement":[{"@type":"ListItem","position":1,"name":"Accueil","item":"https:\/\/cpata-cabamc.ca\/fr\/"},{"@type":"ListItem","position":2,"name":"Sondage apr\u00e8s la remise des r\u00e9sultats \u00e0 l\u2019examen des connaissances appliqu\u00e9es du CABAMC &#8211; examens des connaissances appliqu\u00e9es des agent(e)s de marques de commerce"}]},{"@type":"WebSite","@id":"https:\/\/cpata-cabamc.ca\/fr\/#website","url":"https:\/\/cpata-cabamc.ca\/fr\/","name":"CABAMC","description":"CABAMC","publisher":{"@id":"https:\/\/cpata-cabamc.ca\/fr\/#organization"},"potentialAction":[{"@type":"SearchAction","target":{"@type":"EntryPoint","urlTemplate":"https:\/\/cpata-cabamc.ca\/fr\/?s={search_term_string}"},"query-input":{"@type":"PropertyValueSpecification","valueRequired":true,"valueName":"search_term_string"}}],"inLanguage":"fr-FR"},{"@type":"Organization","@id":"https:\/\/cpata-cabamc.ca\/fr\/#organization","name":"CABAMC","url":"https:\/\/cpata-cabamc.ca\/fr\/","logo":{"@type":"ImageObject","inLanguage":"fr-FR","@id":"https:\/\/cpata-cabamc.ca\/fr\/#\/schema\/logo\/image\/","url":"https:\/\/cpata-cabamc.ca\/wp-content\/uploads\/2021\/02\/Logo-Light-RGB.svg","contentUrl":"https:\/\/cpata-cabamc.ca\/wp-content\/uploads\/2021\/02\/Logo-Light-RGB.svg","caption":"CABAMC"},"image":{"@id":"https:\/\/cpata-cabamc.ca\/fr\/#\/schema\/logo\/image\/"}}]}},"_links":{"self":[{"href":"https:\/\/cpata-cabamc.ca\/fr\/wp-json\/wp\/v2\/pages\/23625","targetHints":{"allow":["GET"]}}],"collection":[{"href":"https:\/\/cpata-cabamc.ca\/fr\/wp-json\/wp\/v2\/pages"}],"about":[{"href":"https:\/\/cpata-cabamc.ca\/fr\/wp-json\/wp\/v2\/types\/page"}],"author":[{"embeddable":true,"href":"https:\/\/cpata-cabamc.ca\/fr\/wp-json\/wp\/v2\/users\/7"}],"replies":[{"embeddable":true,"href":"https:\/\/cpata-cabamc.ca\/fr\/wp-json\/wp\/v2\/comments?post=23625"}],"version-history":[{"count":6,"href":"https:\/\/cpata-cabamc.ca\/fr\/wp-json\/wp\/v2\/pages\/23625\/revisions"}],"predecessor-version":[{"id":23631,"href":"https:\/\/cpata-cabamc.ca\/fr\/wp-json\/wp\/v2\/pages\/23625\/revisions\/23631"}],"wp:attachment":[{"href":"https:\/\/cpata-cabamc.ca\/fr\/wp-json\/wp\/v2\/media?parent=23625"}],"wp:term":[{"taxonomy":"folder","embeddable":true,"href":"https:\/\/cpata-cabamc.ca\/fr\/wp-json\/wp\/v2\/folder?post=23625"}],"curies":[{"name":"wp","href":"https:\/\/api.w.org\/{rel}","templated":true}]}}