{"id":21811,"date":"2024-11-06T16:30:09","date_gmt":"2024-11-06T16:30:09","guid":{"rendered":"https:\/\/cpata-cabamc.ca\/?page_id=21811"},"modified":"2025-03-11T14:23:29","modified_gmt":"2025-03-11T14:23:29","slug":"creer-un-profil-dans-le-portail-des-titulaires-de-permis","status":"publish","type":"page","link":"https:\/\/cpata-cabamc.ca\/fr\/votre-profession\/creer-un-profil-dans-le-portail-des-titulaires-de-permis\/","title":{"rendered":"Cr\u00e9er un profil dans le Portail des titulaires de permis"},"content":{"rendered":"\t\t<div data-elementor-type=\"wp-page\" data-elementor-id=\"21811\" class=\"elementor elementor-21811 elementor-21646\" data-elementor-post-type=\"page\">\n\t\t\t\t\t\t<section class=\"elementor-section elementor-top-section elementor-element elementor-element-4369955 elementor-section-boxed elementor-section-height-default elementor-section-height-default\" data-id=\"4369955\" data-element_type=\"section\" data-e-type=\"section\">\n\t\t\t\t\t\t<div class=\"elementor-container elementor-column-gap-default\">\n\t\t\t\t\t<div class=\"elementor-column elementor-col-100 elementor-top-column elementor-element elementor-element-6d8714c\" data-id=\"6d8714c\" data-element_type=\"column\" data-e-type=\"column\">\n\t\t\t<div class=\"elementor-widget-wrap elementor-element-populated\">\n\t\t\t\t\t\t<div class=\"elementor-element elementor-element-b14f108 elementor-widget elementor-widget-text-editor\" data-id=\"b14f108\" data-element_type=\"widget\" data-e-type=\"widget\" data-widget_type=\"text-editor.default\">\n\t\t\t\t<div class=\"elementor-widget-container\">\n\t\t\t\t\t\t\t\t\t<p><span class=\"TextRun SCXW260303288 BCX0\" lang=\"FR-CA\" xml:lang=\"FR-CA\" data-contrast=\"auto\"><span class=\"NormalTextRun SCXW260303288 BCX0\">Avant de commencer\u202f: ajoutez l\u2019adresse <\/span><\/span><a class=\"Hyperlink HyperlinkGateOff SCXW260303288 BCX0\" href=\"mailto:info@cpata-cabamc.ca\" target=\"_blank\" rel=\"noreferrer noopener\"><span class=\"TextRun Underlined UnderlinedGateOff SCXW260303288 BCX0\" lang=\"FR-CA\" xml:lang=\"FR-CA\" data-contrast=\"none\"><span class=\"NormalTextRun SCXW260303288 BCX0\" data-ccp-charstyle=\"Hyperlink\">info@cpata-cabamc.ca<\/span><\/span><\/a><span class=\"TextRun SCXW260303288 BCX0\" lang=\"FR-CA\" xml:lang=\"FR-CA\" data-contrast=\"auto\"><span class=\"NormalTextRun SCXW260303288 BCX0\"> \u00e0 votre liste d\u2019adresses exp\u00e9ditrices approuv\u00e9es et, le cas \u00e9ch\u00e9ant, confirmez aupr\u00e8s de votre service informatique que les courriels ayant ce nom de domaine ne seront pas mis en quarantaine en tant que pourriels.<\/span><\/span><span class=\"EOP SCXW260303288 BCX0\" data-ccp-props=\"{}\">\u00a0<\/span><\/p>\t\t\t\t\t\t\t\t<\/div>\n\t\t\t\t<\/div>\n\t\t\t\t<div class=\"elementor-element elementor-element-99b9308 elementor-widget elementor-widget-text-editor\" data-id=\"99b9308\" data-element_type=\"widget\" data-e-type=\"widget\" data-widget_type=\"text-editor.default\">\n\t\t\t\t<div class=\"elementor-widget-container\">\n\t\t\t\t\t\t\t\t\t<ol><li style=\"list-style-type: none;\"><ol><li><span class=\"EOP SCXW84951828 BCX0\" data-ccp-props=\"{}\"><span class=\"TextRun SCXW263533096 BCX0\" lang=\"FR-CA\" xml:lang=\"FR-CA\" data-contrast=\"auto\"><span class=\"NormalTextRun SCXW263533096 BCX0\">Cliquez <\/span><\/span><a class=\"Hyperlink HyperlinkGateOff SCXW263533096 BCX0\" href=\"https:\/\/portal-portail.cpata-cabamc.ca\/survey.html?language=fr_FR&amp;surveyId=9\" target=\"_blank\" rel=\"noreferrer noopener\"><span class=\"TextRun Underlined UnderlinedGateOff SCXW263533096 BCX0\" lang=\"FR-CA\" xml:lang=\"FR-CA\" data-contrast=\"none\"><span class=\"NormalTextRun SCXW263533096 BCX0\" data-ccp-charstyle=\"Hyperlink\">ici<\/span><\/span><\/a><span class=\"TextRun SCXW263533096 BCX0\" lang=\"FR-CA\" xml:lang=\"FR-CA\" data-contrast=\"auto\"><span class=\"NormalTextRun SCXW263533096 BCX0\"> pour commencer \u00e0 cr\u00e9er votre profil. REMARQUE IMPORTANTE\u202f: NE REMPLISSEZ PAS ce formulaire si vous avez d\u00e9j\u00e0 un profil aupr\u00e8s du CABAMC. En cas de doute, veuillez envoyer un courriel \u00e0 l\u2019adresse <\/span><\/span><a class=\"Hyperlink HyperlinkGateOff SCXW263533096 BCX0\" href=\"mailto:registration-inscription@cpata-cabamc.ca\" target=\"_blank\" rel=\"noreferrer noopener\"><span class=\"TextRun Underlined UnderlinedGateOff SCXW263533096 BCX0\" lang=\"FR-CA\" xml:lang=\"FR-CA\" data-contrast=\"none\"><span class=\"NormalTextRun SCXW263533096 BCX0\" data-ccp-charstyle=\"Hyperlink\">registration-inscription@cpata-cabamc.ca<\/span><\/span><\/a><span class=\"TextRun SCXW263533096 BCX0\" lang=\"FR-CA\" xml:lang=\"FR-CA\" data-contrast=\"auto\"><span class=\"NormalTextRun SCXW263533096 BCX0\"> pour en savoir plus.\u00a0<\/span><\/span><span class=\"EOP SCXW263533096 BCX0\" data-ccp-props=\"{}\">\u00a0<\/span> <\/span><\/li><\/ol><\/li><li style=\"list-style-type: none;\"><ol start=\"2\"><li><span class=\"TextRun SCXW250873710 BCX0\" lang=\"FR-CA\" xml:lang=\"FR-CA\" data-contrast=\"auto\"><span class=\"NormalTextRun SCXW250873710 BCX0\">Indiquez votre nom et votre adresse courriel. <span data-olk-copy-source=\"MessageBody\">Vous avez l\u2019option de fournir un nom d&rsquo;usage entre parenth\u00e8se \u00e0 c\u00f4t\u00e9 de votre pr\u00e9nom. <\/span>Cr\u00e9ez un nom d\u2019utilisation et un mot de passe. Apr\u00e8s avoir saisi ces renseignements, cliquez sur \u00ab\u202fTerminer\u202f\u00bb.<\/span><\/span><span class=\"EOP SCXW250873710 BCX0\" data-ccp-props=\"{}\">\u00a0<\/span><\/li><\/ol><\/li><\/ol><p><img fetchpriority=\"high\" decoding=\"async\" class=\"alignnone wp-image-21814 size-full\" src=\"https:\/\/cpata-cabamc.ca\/wp-content\/uploads\/2024\/11\/Capture-decran-2024-11-06-111641.png\" alt=\"\" width=\"1057\" height=\"807\" srcset=\"https:\/\/cpata-cabamc.ca\/wp-content\/uploads\/2024\/11\/Capture-decran-2024-11-06-111641.png 1057w, https:\/\/cpata-cabamc.ca\/wp-content\/uploads\/2024\/11\/Capture-decran-2024-11-06-111641-300x229.png 300w, https:\/\/cpata-cabamc.ca\/wp-content\/uploads\/2024\/11\/Capture-decran-2024-11-06-111641-1024x782.png 1024w, https:\/\/cpata-cabamc.ca\/wp-content\/uploads\/2024\/11\/Capture-decran-2024-11-06-111641-768x586.png 768w\" sizes=\"(max-width: 1057px) 100vw, 1057px\" \/><\/p><p><span class=\"TextRun SCXW67369145 BCX0\" lang=\"FR-CA\" xml:lang=\"FR-CA\" data-contrast=\"auto\"><span class=\"NormalTextRun SCXW67369145 BCX0\">Le message suivant s\u2019affichera\u202f:\u00a0<\/span><\/span><span class=\"EOP SCXW67369145 BCX0\" data-ccp-props=\"{&quot;335559685&quot;:720}\">\u00a0<\/span><\/p><p><img decoding=\"async\" class=\"alignnone wp-image-21650 size-full\" src=\"https:\/\/cpata-cabamc.ca\/wp-content\/uploads\/2024\/11\/Picture2.png\" alt=\"\" width=\"624\" height=\"94\" srcset=\"https:\/\/cpata-cabamc.ca\/wp-content\/uploads\/2024\/11\/Picture2.png 624w, https:\/\/cpata-cabamc.ca\/wp-content\/uploads\/2024\/11\/Picture2-300x45.png 300w\" sizes=\"(max-width: 624px) 100vw, 624px\" \/><\/p><ol start=\"3\"><li><span class=\"TextRun SCXW154653425 BCX0\" lang=\"FR-CA\" xml:lang=\"FR-CA\" data-contrast=\"auto\"><span class=\"NormalTextRun SCXW154653425 BCX0\">V\u00e9rifiez votre bo\u00eete de r\u00e9ception pour un courriel confirmant que votre profil a \u00e9t\u00e9 cr\u00e9\u00e9. Si vous ne le recevez pas, v\u00e9rifiez votre dossier de pourriels.\u00a0<\/span><\/span><span class=\"EOP SCXW154653425 BCX0\" data-ccp-props=\"{}\">\u00a0<\/span><\/li><\/ol><p><img decoding=\"async\" class=\"alignnone wp-image-21652 size-full\" src=\"https:\/\/cpata-cabamc.ca\/wp-content\/uploads\/2024\/11\/Picture3.png\" alt=\"\" width=\"600\" height=\"44\" srcset=\"https:\/\/cpata-cabamc.ca\/wp-content\/uploads\/2024\/11\/Picture3.png 600w, https:\/\/cpata-cabamc.ca\/wp-content\/uploads\/2024\/11\/Picture3-300x22.png 300w\" sizes=\"(max-width: 600px) 100vw, 600px\" \/><\/p><ol start=\"4\"><li><span class=\"TextRun SCXW62030544 BCX0\" lang=\"FR-CA\" xml:lang=\"FR-CA\" data-contrast=\"auto\"><span class=\"NormalTextRun SCXW62030544 BCX0\">Ouvrez le courriel et cliquez sur \u00ab\u202fVeuillez v\u00e9rifier votre <\/span><span class=\"NormalTextRun AdvancedProofingIssueV2Themed SCXW62030544 BCX0\">email\u202f\u00bb<\/span><span class=\"NormalTextRun SCXW62030544 BCX0\">.<\/span><\/span><span class=\"EOP SCXW62030544 BCX0\" data-ccp-props=\"{}\">\u00a0<\/span><\/li><\/ol><p><img loading=\"lazy\" decoding=\"async\" class=\"alignnone wp-image-21816 size-full\" src=\"https:\/\/cpata-cabamc.ca\/wp-content\/uploads\/2024\/11\/Capture-decran-2024-11-06-112235.png\" alt=\"\" width=\"1229\" height=\"367\" srcset=\"https:\/\/cpata-cabamc.ca\/wp-content\/uploads\/2024\/11\/Capture-decran-2024-11-06-112235.png 1229w, https:\/\/cpata-cabamc.ca\/wp-content\/uploads\/2024\/11\/Capture-decran-2024-11-06-112235-300x90.png 300w, https:\/\/cpata-cabamc.ca\/wp-content\/uploads\/2024\/11\/Capture-decran-2024-11-06-112235-1024x306.png 1024w, https:\/\/cpata-cabamc.ca\/wp-content\/uploads\/2024\/11\/Capture-decran-2024-11-06-112235-768x229.png 768w\" sizes=\"(max-width: 1229px) 100vw, 1229px\" \/><\/p><ol start=\"5\"><li><span class=\"TextRun SCXW105215951 BCX0\" lang=\"FR-CA\" xml:lang=\"FR-CA\" data-contrast=\"auto\"><span class=\"NormalTextRun SCXW105215951 BCX0\">La page Web du portail des <\/span><span class=\"NormalTextRun SCXW105215951 BCX0\">demandes<\/span><span class=\"NormalTextRun SCXW105215951 BCX0\"> s\u2019ouvrira. Cliquez sur \u00ab\u202fConfirmer\u202f\u00bb.<\/span><\/span><span class=\"EOP SCXW105215951 BCX0\" data-ccp-props=\"{}\">\u00a0<\/span><\/li><\/ol><p><img loading=\"lazy\" decoding=\"async\" class=\"alignnone wp-image-21818 size-full\" src=\"https:\/\/cpata-cabamc.ca\/wp-content\/uploads\/2024\/11\/Picture2-1.png\" alt=\"\" width=\"624\" height=\"99\" srcset=\"https:\/\/cpata-cabamc.ca\/wp-content\/uploads\/2024\/11\/Picture2-1.png 624w, https:\/\/cpata-cabamc.ca\/wp-content\/uploads\/2024\/11\/Picture2-1-300x48.png 300w\" sizes=\"(max-width: 624px) 100vw, 624px\" \/><\/p><p><span class=\"TextRun SCXW2268564 BCX0\" lang=\"FR-CA\" xml:lang=\"FR-CA\" data-contrast=\"auto\"><span class=\"NormalTextRun SCXW2268564 BCX0\">Apr\u00e8s avoir cliqu\u00e9 sur \u00ab\u202fConfirmer\u202f\u00bb, vous aurez acc\u00e8s au portail des <\/span><span class=\"NormalTextRun SCXW2268564 BCX0\">demandes<\/span><span class=\"NormalTextRun SCXW2268564 BCX0\"> et pourrez proc\u00e9der \u00e0 la mise \u00e0 jour de votre profil et soumettre votre demande de <\/span><\/span><a class=\"Hyperlink HyperlinkGateOff SCXW2268564 BCX0\" href=\"https:\/\/cpata-cabamc.ca\/fr\/devenir-un-agent\/devenir-un-agent-en-formation\/\" target=\"_blank\" rel=\"noreferrer noopener\"><span class=\"TextRun SCXW2268564 BCX0\" lang=\"FR-CA\" xml:lang=\"FR-CA\" data-contrast=\"auto\"><span class=\"NormalTextRun SCXW2268564 BCX0\">permis d\u2019<\/span><\/span><span class=\"TextRun Underlined UnderlinedGateOff SCXW2268564 BCX0\" lang=\"FR-CA\" xml:lang=\"FR-CA\" data-contrast=\"none\"><span class=\"NormalTextRun SCXW2268564 BCX0\" data-ccp-charstyle=\"Hyperlink\">agent(e) en formation<\/span><\/span><\/a><span class=\"TextRun SCXW2268564 BCX0\" lang=\"FR-CA\" xml:lang=\"FR-CA\" data-contrast=\"auto\"> <span class=\"NormalTextRun CommentStart CommentHighlightPipeRest CommentHighlightRest SCXW2268564 BCX0\">(cat\u00e9gorie\u202f3) <\/span><span class=\"NormalTextRun CommentHighlightPipeRest SCXW2268564 BCX0\">ou votre demande de <\/span><\/span><a class=\"Hyperlink HyperlinkGateOff SCXW2268564 BCX0\" href=\"https:\/\/cpata-cabamc.ca\/fr\/votre-profession\/inscription\/\" target=\"_blank\" rel=\"noreferrer noopener\"><span class=\"TextRun Underlined UnderlinedGateOff SCXW2268564 BCX0\" lang=\"FR-CA\" xml:lang=\"FR-CA\" data-contrast=\"none\"><span class=\"NormalTextRun SCXW2268564 BCX0\" data-ccp-charstyle=\"Hyperlink\">praticien(ne) \u00e9tranger(-\u00e8re).<\/span><\/span><\/a><\/p>\t\t\t\t\t\t\t\t<\/div>\n\t\t\t\t<\/div>\n\t\t\t\t\t<\/div>\n\t\t<\/div>\n\t\t\t\t\t<\/div>\n\t\t<\/section>\n\t\t\t\t<\/div>\n\t\t","protected":false},"excerpt":{"rendered":"<p>Avant de commencer\u202f: ajoutez l\u2019adresse info@cpata-cabamc.ca \u00e0 votre liste d\u2019adresses exp\u00e9ditrices approuv\u00e9es et, le cas<\/p>\n","protected":false},"author":7,"featured_media":0,"parent":5885,"menu_order":0,"comment_status":"closed","ping_status":"closed","template":"","meta":{"_acf_changed":false,"_monsterinsights_skip_tracking":false,"_monsterinsights_sitenote_active":false,"_monsterinsights_sitenote_note":"","_monsterinsights_sitenote_category":0,"site-sidebar-layout":"no-sidebar","site-content-layout":"page-builder","ast-site-content-layout":"full-width-container","site-content-style":"unboxed","site-sidebar-style":"unboxed","ast-global-header-display":"","ast-banner-title-visibility":"","ast-main-header-display":"","ast-hfb-above-header-display":"","ast-hfb-below-header-display":"","ast-hfb-mobile-header-display":"","site-post-title":"disabled","ast-breadcrumbs-content":"","ast-featured-img":"disabled","footer-sml-layout":"","theme-transparent-header-meta":"default","adv-header-id-meta":"","stick-header-meta":"","header-above-stick-meta":"","header-main-stick-meta":"","header-below-stick-meta":"","astra-migrate-meta-layouts":"set","ast-page-background-enabled":"default","ast-page-background-meta":{"desktop":{"background-color":"","background-image":"","background-repeat":"repeat","background-position":"center center","background-size":"auto","background-attachment":"scroll","background-type":"","background-media":"","overlay-type":"","overlay-color":"","overlay-opacity":"","overlay-gradient":""},"tablet":{"background-color":"","background-image":"","background-repeat":"repeat","background-position":"center center","background-size":"auto","background-attachment":"scroll","background-type":"","background-media":"","overlay-type":"","overlay-color":"","overlay-opacity":"","overlay-gradient":""},"mobile":{"background-color":"","background-image":"","background-repeat":"repeat","background-position":"center center","background-size":"auto","background-attachment":"scroll","background-type":"","background-media":"","overlay-type":"","overlay-color":"","overlay-opacity":"","overlay-gradient":""}},"ast-content-background-meta":{"desktop":{"background-color":"var(--ast-global-color-5)","background-image":"","background-repeat":"repeat","background-position":"center center","background-size":"auto","background-attachment":"scroll","background-type":"","background-media":"","overlay-type":"","overlay-color":"","overlay-opacity":"","overlay-gradient":""},"tablet":{"background-color":"var(--ast-global-color-5)","background-image":"","background-repeat":"repeat","background-position":"center center","background-size":"auto","background-attachment":"scroll","background-type":"","background-media":"","overlay-type":"","overlay-color":"","overlay-opacity":"","overlay-gradient":""},"mobile":{"background-color":"var(--ast-global-color-5)","background-image":"","background-repeat":"repeat","background-position":"center center","background-size":"auto","background-attachment":"scroll","background-type":"","background-media":"","overlay-type":"","overlay-color":"","overlay-opacity":"","overlay-gradient":""}},"footnotes":""},"folder":[],"class_list":["post-21811","page","type-page","status-publish","hentry"],"acf":[],"yoast_head":"<!-- This site is optimized with the Yoast SEO plugin v27.2 - https:\/\/yoast.com\/product\/yoast-seo-wordpress\/ -->\n<title>Cr\u00e9er un profil dans le Portail des titulaires de permis - CABAMC<\/title>\n<meta name=\"robots\" content=\"index, follow, max-snippet:-1, max-image-preview:large, max-video-preview:-1\" \/>\n<link rel=\"canonical\" href=\"https:\/\/cpata-cabamc.ca\/fr\/votre-profession\/creer-un-profil-dans-le-portail-des-titulaires-de-permis\/\" \/>\n<meta property=\"og:locale\" content=\"fr_FR\" \/>\n<meta property=\"og:type\" content=\"article\" \/>\n<meta property=\"og:title\" content=\"Cr\u00e9er un profil dans le Portail des titulaires de permis - CABAMC\" \/>\n<meta property=\"og:description\" content=\"Avant de commencer\u202f: ajoutez l\u2019adresse info@cpata-cabamc.ca \u00e0 votre liste d\u2019adresses exp\u00e9ditrices approuv\u00e9es et, le cas\" \/>\n<meta property=\"og:url\" content=\"https:\/\/cpata-cabamc.ca\/fr\/votre-profession\/creer-un-profil-dans-le-portail-des-titulaires-de-permis\/\" \/>\n<meta property=\"og:site_name\" content=\"CABAMC\" \/>\n<meta property=\"article:modified_time\" content=\"2025-03-11T14:23:29+00:00\" \/>\n<meta property=\"og:image\" content=\"https:\/\/cpata-cabamc.ca\/wp-content\/uploads\/2024\/11\/Capture-decran-2024-11-06-111641.png\" \/>\n\t<meta property=\"og:image:width\" content=\"1057\" \/>\n\t<meta property=\"og:image:height\" content=\"807\" \/>\n\t<meta property=\"og:image:type\" content=\"image\/png\" \/>\n<meta name=\"twitter:card\" content=\"summary_large_image\" \/>\n<meta name=\"twitter:label1\" content=\"Dur\u00e9e de lecture estim\u00e9e\" \/>\n\t<meta name=\"twitter:data1\" content=\"3 minutes\" \/>\n<script type=\"application\/ld+json\" class=\"yoast-schema-graph\">{\"@context\":\"https:\/\/schema.org\",\"@graph\":[{\"@type\":\"WebPage\",\"@id\":\"https:\/\/cpata-cabamc.ca\/fr\/votre-profession\/creer-un-profil-dans-le-portail-des-titulaires-de-permis\/\",\"url\":\"https:\/\/cpata-cabamc.ca\/fr\/votre-profession\/creer-un-profil-dans-le-portail-des-titulaires-de-permis\/\",\"name\":\"Cr\u00e9er un profil dans le Portail des titulaires de permis - CABAMC\",\"isPartOf\":{\"@id\":\"https:\/\/cpata-cabamc.ca\/fr\/#website\"},\"primaryImageOfPage\":{\"@id\":\"https:\/\/cpata-cabamc.ca\/fr\/votre-profession\/creer-un-profil-dans-le-portail-des-titulaires-de-permis\/#primaryimage\"},\"image\":{\"@id\":\"https:\/\/cpata-cabamc.ca\/fr\/votre-profession\/creer-un-profil-dans-le-portail-des-titulaires-de-permis\/#primaryimage\"},\"thumbnailUrl\":\"https:\/\/cpata-cabamc.ca\/wp-content\/uploads\/2024\/11\/Capture-decran-2024-11-06-111641.png\",\"datePublished\":\"2024-11-06T16:30:09+00:00\",\"dateModified\":\"2025-03-11T14:23:29+00:00\",\"breadcrumb\":{\"@id\":\"https:\/\/cpata-cabamc.ca\/fr\/votre-profession\/creer-un-profil-dans-le-portail-des-titulaires-de-permis\/#breadcrumb\"},\"inLanguage\":\"fr-FR\",\"potentialAction\":[{\"@type\":\"ReadAction\",\"target\":[\"https:\/\/cpata-cabamc.ca\/fr\/votre-profession\/creer-un-profil-dans-le-portail-des-titulaires-de-permis\/\"]}]},{\"@type\":\"ImageObject\",\"inLanguage\":\"fr-FR\",\"@id\":\"https:\/\/cpata-cabamc.ca\/fr\/votre-profession\/creer-un-profil-dans-le-portail-des-titulaires-de-permis\/#primaryimage\",\"url\":\"https:\/\/cpata-cabamc.ca\/wp-content\/uploads\/2024\/11\/Capture-decran-2024-11-06-111641.png\",\"contentUrl\":\"https:\/\/cpata-cabamc.ca\/wp-content\/uploads\/2024\/11\/Capture-decran-2024-11-06-111641.png\"},{\"@type\":\"BreadcrumbList\",\"@id\":\"https:\/\/cpata-cabamc.ca\/fr\/votre-profession\/creer-un-profil-dans-le-portail-des-titulaires-de-permis\/#breadcrumb\",\"itemListElement\":[{\"@type\":\"ListItem\",\"position\":1,\"name\":\"Accueil\",\"item\":\"https:\/\/cpata-cabamc.ca\/fr\/\"},{\"@type\":\"ListItem\",\"position\":2,\"name\":\"Votre profession\",\"item\":\"https:\/\/cpata-cabamc.ca\/fr\/your-practice\/\"},{\"@type\":\"ListItem\",\"position\":3,\"name\":\"Cr\u00e9er un profil dans le Portail des titulaires de permis\"}]},{\"@type\":\"WebSite\",\"@id\":\"https:\/\/cpata-cabamc.ca\/fr\/#website\",\"url\":\"https:\/\/cpata-cabamc.ca\/fr\/\",\"name\":\"CABAMC\",\"description\":\"CABAMC\",\"publisher\":{\"@id\":\"https:\/\/cpata-cabamc.ca\/fr\/#organization\"},\"potentialAction\":[{\"@type\":\"SearchAction\",\"target\":{\"@type\":\"EntryPoint\",\"urlTemplate\":\"https:\/\/cpata-cabamc.ca\/fr\/?s={search_term_string}\"},\"query-input\":{\"@type\":\"PropertyValueSpecification\",\"valueRequired\":true,\"valueName\":\"search_term_string\"}}],\"inLanguage\":\"fr-FR\"},{\"@type\":\"Organization\",\"@id\":\"https:\/\/cpata-cabamc.ca\/fr\/#organization\",\"name\":\"CABAMC\",\"url\":\"https:\/\/cpata-cabamc.ca\/fr\/\",\"logo\":{\"@type\":\"ImageObject\",\"inLanguage\":\"fr-FR\",\"@id\":\"https:\/\/cpata-cabamc.ca\/fr\/#\/schema\/logo\/image\/\",\"url\":\"https:\/\/cpata-cabamc.ca\/wp-content\/uploads\/2021\/02\/Logo-Light-RGB.svg\",\"contentUrl\":\"https:\/\/cpata-cabamc.ca\/wp-content\/uploads\/2021\/02\/Logo-Light-RGB.svg\",\"caption\":\"CABAMC\"},\"image\":{\"@id\":\"https:\/\/cpata-cabamc.ca\/fr\/#\/schema\/logo\/image\/\"}}]}<\/script>\n<!-- \/ Yoast SEO plugin. -->","yoast_head_json":{"title":"Cr\u00e9er un profil dans le Portail des titulaires de permis - CABAMC","robots":{"index":"index","follow":"follow","max-snippet":"max-snippet:-1","max-image-preview":"max-image-preview:large","max-video-preview":"max-video-preview:-1"},"canonical":"https:\/\/cpata-cabamc.ca\/fr\/votre-profession\/creer-un-profil-dans-le-portail-des-titulaires-de-permis\/","og_locale":"fr_FR","og_type":"article","og_title":"Cr\u00e9er un profil dans le Portail des titulaires de permis - CABAMC","og_description":"Avant de commencer\u202f: ajoutez l\u2019adresse info@cpata-cabamc.ca \u00e0 votre liste d\u2019adresses exp\u00e9ditrices approuv\u00e9es et, le cas","og_url":"https:\/\/cpata-cabamc.ca\/fr\/votre-profession\/creer-un-profil-dans-le-portail-des-titulaires-de-permis\/","og_site_name":"CABAMC","article_modified_time":"2025-03-11T14:23:29+00:00","og_image":[{"width":1057,"height":807,"url":"https:\/\/cpata-cabamc.ca\/wp-content\/uploads\/2024\/11\/Capture-decran-2024-11-06-111641.png","type":"image\/png"}],"twitter_card":"summary_large_image","twitter_misc":{"Dur\u00e9e de lecture estim\u00e9e":"3 minutes"},"schema":{"@context":"https:\/\/schema.org","@graph":[{"@type":"WebPage","@id":"https:\/\/cpata-cabamc.ca\/fr\/votre-profession\/creer-un-profil-dans-le-portail-des-titulaires-de-permis\/","url":"https:\/\/cpata-cabamc.ca\/fr\/votre-profession\/creer-un-profil-dans-le-portail-des-titulaires-de-permis\/","name":"Cr\u00e9er un profil dans le Portail des titulaires de permis - CABAMC","isPartOf":{"@id":"https:\/\/cpata-cabamc.ca\/fr\/#website"},"primaryImageOfPage":{"@id":"https:\/\/cpata-cabamc.ca\/fr\/votre-profession\/creer-un-profil-dans-le-portail-des-titulaires-de-permis\/#primaryimage"},"image":{"@id":"https:\/\/cpata-cabamc.ca\/fr\/votre-profession\/creer-un-profil-dans-le-portail-des-titulaires-de-permis\/#primaryimage"},"thumbnailUrl":"https:\/\/cpata-cabamc.ca\/wp-content\/uploads\/2024\/11\/Capture-decran-2024-11-06-111641.png","datePublished":"2024-11-06T16:30:09+00:00","dateModified":"2025-03-11T14:23:29+00:00","breadcrumb":{"@id":"https:\/\/cpata-cabamc.ca\/fr\/votre-profession\/creer-un-profil-dans-le-portail-des-titulaires-de-permis\/#breadcrumb"},"inLanguage":"fr-FR","potentialAction":[{"@type":"ReadAction","target":["https:\/\/cpata-cabamc.ca\/fr\/votre-profession\/creer-un-profil-dans-le-portail-des-titulaires-de-permis\/"]}]},{"@type":"ImageObject","inLanguage":"fr-FR","@id":"https:\/\/cpata-cabamc.ca\/fr\/votre-profession\/creer-un-profil-dans-le-portail-des-titulaires-de-permis\/#primaryimage","url":"https:\/\/cpata-cabamc.ca\/wp-content\/uploads\/2024\/11\/Capture-decran-2024-11-06-111641.png","contentUrl":"https:\/\/cpata-cabamc.ca\/wp-content\/uploads\/2024\/11\/Capture-decran-2024-11-06-111641.png"},{"@type":"BreadcrumbList","@id":"https:\/\/cpata-cabamc.ca\/fr\/votre-profession\/creer-un-profil-dans-le-portail-des-titulaires-de-permis\/#breadcrumb","itemListElement":[{"@type":"ListItem","position":1,"name":"Accueil","item":"https:\/\/cpata-cabamc.ca\/fr\/"},{"@type":"ListItem","position":2,"name":"Votre profession","item":"https:\/\/cpata-cabamc.ca\/fr\/your-practice\/"},{"@type":"ListItem","position":3,"name":"Cr\u00e9er un profil dans le Portail des titulaires de permis"}]},{"@type":"WebSite","@id":"https:\/\/cpata-cabamc.ca\/fr\/#website","url":"https:\/\/cpata-cabamc.ca\/fr\/","name":"CABAMC","description":"CABAMC","publisher":{"@id":"https:\/\/cpata-cabamc.ca\/fr\/#organization"},"potentialAction":[{"@type":"SearchAction","target":{"@type":"EntryPoint","urlTemplate":"https:\/\/cpata-cabamc.ca\/fr\/?s={search_term_string}"},"query-input":{"@type":"PropertyValueSpecification","valueRequired":true,"valueName":"search_term_string"}}],"inLanguage":"fr-FR"},{"@type":"Organization","@id":"https:\/\/cpata-cabamc.ca\/fr\/#organization","name":"CABAMC","url":"https:\/\/cpata-cabamc.ca\/fr\/","logo":{"@type":"ImageObject","inLanguage":"fr-FR","@id":"https:\/\/cpata-cabamc.ca\/fr\/#\/schema\/logo\/image\/","url":"https:\/\/cpata-cabamc.ca\/wp-content\/uploads\/2021\/02\/Logo-Light-RGB.svg","contentUrl":"https:\/\/cpata-cabamc.ca\/wp-content\/uploads\/2021\/02\/Logo-Light-RGB.svg","caption":"CABAMC"},"image":{"@id":"https:\/\/cpata-cabamc.ca\/fr\/#\/schema\/logo\/image\/"}}]}},"_links":{"self":[{"href":"https:\/\/cpata-cabamc.ca\/fr\/wp-json\/wp\/v2\/pages\/21811","targetHints":{"allow":["GET"]}}],"collection":[{"href":"https:\/\/cpata-cabamc.ca\/fr\/wp-json\/wp\/v2\/pages"}],"about":[{"href":"https:\/\/cpata-cabamc.ca\/fr\/wp-json\/wp\/v2\/types\/page"}],"author":[{"embeddable":true,"href":"https:\/\/cpata-cabamc.ca\/fr\/wp-json\/wp\/v2\/users\/7"}],"replies":[{"embeddable":true,"href":"https:\/\/cpata-cabamc.ca\/fr\/wp-json\/wp\/v2\/comments?post=21811"}],"version-history":[{"count":0,"href":"https:\/\/cpata-cabamc.ca\/fr\/wp-json\/wp\/v2\/pages\/21811\/revisions"}],"up":[{"embeddable":true,"href":"https:\/\/cpata-cabamc.ca\/fr\/wp-json\/wp\/v2\/pages\/5885"}],"wp:attachment":[{"href":"https:\/\/cpata-cabamc.ca\/fr\/wp-json\/wp\/v2\/media?parent=21811"}],"wp:term":[{"taxonomy":"folder","embeddable":true,"href":"https:\/\/cpata-cabamc.ca\/fr\/wp-json\/wp\/v2\/folder?post=21811"}],"curies":[{"name":"wp","href":"https:\/\/api.w.org\/{rel}","templated":true}]}}