{"id":18859,"date":"2024-04-23T16:25:30","date_gmt":"2024-04-23T16:25:30","guid":{"rendered":"https:\/\/cpata-cabamc.ca\/?page_id=18859"},"modified":"2025-04-22T12:02:23","modified_gmt":"2025-04-22T12:02:23","slug":"maintient-de-linscription","status":"publish","type":"page","link":"https:\/\/cpata-cabamc.ca\/fr\/votre-profession\/maintient-de-linscription\/","title":{"rendered":"Maintien de l&rsquo;inscription"},"content":{"rendered":"\t\t<div data-elementor-type=\"wp-page\" data-elementor-id=\"18859\" class=\"elementor elementor-18859 elementor-18854\" data-elementor-post-type=\"page\">\n\t\t\t\t\t\t<section class=\"elementor-section elementor-top-section elementor-element elementor-element-80ca501 elementor-section-boxed elementor-section-height-default elementor-section-height-default\" data-id=\"80ca501\" data-element_type=\"section\" data-e-type=\"section\">\n\t\t\t\t\t\t<div class=\"elementor-container elementor-column-gap-default\">\n\t\t\t\t\t<div class=\"elementor-column elementor-col-100 elementor-top-column elementor-element elementor-element-adac801\" data-id=\"adac801\" data-element_type=\"column\" data-e-type=\"column\">\n\t\t\t<div class=\"elementor-widget-wrap elementor-element-populated\">\n\t\t\t\t\t\t<div class=\"elementor-element elementor-element-bd4de56 elementor-widget elementor-widget-heading\" data-id=\"bd4de56\" data-element_type=\"widget\" data-e-type=\"widget\" data-widget_type=\"heading.default\">\n\t\t\t\t<div class=\"elementor-widget-container\">\n\t\t\t\t\t<h3 class=\"elementor-heading-title elementor-size-default\">Maintien de l'inscription pour 2025\n<\/h3>\t\t\t\t<\/div>\n\t\t\t\t<\/div>\n\t\t\t\t<div class=\"elementor-element elementor-element-c2a3b6a elementor-widget elementor-widget-text-editor\" data-id=\"c2a3b6a\" data-element_type=\"widget\" data-e-type=\"widget\" data-widget_type=\"text-editor.default\">\n\t\t\t\t<div class=\"elementor-widget-container\">\n\t\t\t\t\t\t\t\t\t<p>Du 1 mai au 30 juin, les praticien(ne)s \u00e9tranger(-\u00e8re)s doivent ouvrir une session dans le <a title=\"URL d'origine\u00a0: https:\/\/portal-portail.cpata-cabamc.ca\/login.html?language=fr_FR%20%20. Cliquez ou appuyez si vous faites confiance \u00e0 ce lien.\" href=\"https:\/\/portal-portail.cpata-cabamc.ca\/login.html?language=fr_FR%20%20\" target=\"_blank\" rel=\"noopener\" data-auth=\"Verified\" data-linkindex=\"1\" data-ogsc=\"\">portail des titulaires de permis<\/a> pour effectuer la proc\u00e9dure en ligne de maintien de leurs informations dans le registre public du CABAMC.\u00a0<\/p>\t\t\t\t\t\t\t\t<\/div>\n\t\t\t\t<\/div>\n\t\t\t\t<div class=\"elementor-element elementor-element-15d51fb elementor-widget elementor-widget-heading\" data-id=\"15d51fb\" data-element_type=\"widget\" data-e-type=\"widget\" data-widget_type=\"heading.default\">\n\t\t\t\t<div class=\"elementor-widget-container\">\n\t\t\t\t\t<h3 class=\"elementor-heading-title elementor-size-default\">Praticien(ne)s \u00e9tranger(-\u00e8re)s \u2013 maintien de l\u2019inscription au registre -\nInstructions \u00e9tape par \u00e9tape\n<\/h3>\t\t\t\t<\/div>\n\t\t\t\t<\/div>\n\t\t\t\t<div class=\"elementor-element elementor-element-b71ebcf elementor-widget elementor-widget-text-editor\" data-id=\"b71ebcf\" data-element_type=\"widget\" data-e-type=\"widget\" data-widget_type=\"text-editor.default\">\n\t\t\t\t<div class=\"elementor-widget-container\">\n\t\t\t\t\t\t\t\t\t<ol><li>Cliquez sur l\u2019onglet \u00ab Inscription\u00a0\u00bb puis sur le bouton \u00ab\u00a0Maintien de l\u2019inscription au registre public\u00a0\u00bb.<\/li><\/ol><p><img fetchpriority=\"high\" decoding=\"async\" class=\"aligncenter wp-image-19196 size-full\" src=\"https:\/\/cpata-cabamc.ca\/wp-content\/uploads\/2024\/04\/Picture8.png\" alt=\"\" width=\"780\" height=\"319\" srcset=\"https:\/\/cpata-cabamc.ca\/wp-content\/uploads\/2024\/04\/Picture8.png 780w, https:\/\/cpata-cabamc.ca\/wp-content\/uploads\/2024\/04\/Picture8-300x123.png 300w, https:\/\/cpata-cabamc.ca\/wp-content\/uploads\/2024\/04\/Picture8-768x314.png 768w\" sizes=\"(max-width: 780px) 100vw, 780px\" \/><\/p>\t\t\t\t\t\t\t\t<\/div>\n\t\t\t\t<\/div>\n\t\t\t\t<div class=\"elementor-element elementor-element-5af5d34 elementor-widget elementor-widget-text-editor\" data-id=\"5af5d34\" data-element_type=\"widget\" data-e-type=\"widget\" data-widget_type=\"text-editor.default\">\n\t\t\t\t<div class=\"elementor-widget-container\">\n\t\t\t\t\t\t\t\t\t<ol start=\"2\"><li>V\u00e9rifiez vos renseignements personnels sur cette page et, au besoin, apportez les modifications n\u00e9cessaires en s\u00e9lectionnant \u00ab Modifier le profil\/Informations de connexion \u00bb. Si tout est exact, cliquez sur \u00ab\u00a0Suivant \u00bb au bas de l\u2019\u00e9cran.<\/li><\/ol><p><img decoding=\"async\" class=\"aligncenter wp-image-19198 size-full\" src=\"https:\/\/cpata-cabamc.ca\/wp-content\/uploads\/2024\/04\/Picture9.png\" alt=\"\" width=\"780\" height=\"398\" srcset=\"https:\/\/cpata-cabamc.ca\/wp-content\/uploads\/2024\/04\/Picture9.png 780w, https:\/\/cpata-cabamc.ca\/wp-content\/uploads\/2024\/04\/Picture9-300x153.png 300w, https:\/\/cpata-cabamc.ca\/wp-content\/uploads\/2024\/04\/Picture9-768x392.png 768w\" sizes=\"(max-width: 780px) 100vw, 780px\" \/><\/p>\t\t\t\t\t\t\t\t<\/div>\n\t\t\t\t<\/div>\n\t\t\t\t<div class=\"elementor-element elementor-element-136ed81 elementor-widget elementor-widget-text-editor\" data-id=\"136ed81\" data-element_type=\"widget\" data-e-type=\"widget\" data-widget_type=\"text-editor.default\">\n\t\t\t\t<div class=\"elementor-widget-container\">\n\t\t\t\t\t\t\t\t\t<ol start=\"3\"><li>R\u00e9pondez aux d\u00e9clarations sur l\u2019admissibilit\u00e9.<\/li><\/ol><p><img decoding=\"async\" class=\"aligncenter wp-image-19200 size-full\" src=\"https:\/\/cpata-cabamc.ca\/wp-content\/uploads\/2024\/04\/Picture10.png\" alt=\"\" width=\"780\" height=\"285\" srcset=\"https:\/\/cpata-cabamc.ca\/wp-content\/uploads\/2024\/04\/Picture10.png 780w, https:\/\/cpata-cabamc.ca\/wp-content\/uploads\/2024\/04\/Picture10-300x110.png 300w, https:\/\/cpata-cabamc.ca\/wp-content\/uploads\/2024\/04\/Picture10-768x281.png 768w\" sizes=\"(max-width: 780px) 100vw, 780px\" \/><\/p>\t\t\t\t\t\t\t\t<\/div>\n\t\t\t\t<\/div>\n\t\t\t\t<div class=\"elementor-element elementor-element-52d5d7b elementor-widget elementor-widget-text-editor\" data-id=\"52d5d7b\" data-element_type=\"widget\" data-e-type=\"widget\" data-widget_type=\"text-editor.default\">\n\t\t\t\t<div class=\"elementor-widget-container\">\n\t\t\t\t\t\t\t\t\t<ol start=\"4\"><li>Sous \u00ab documentation requise \u00bb, t\u00e9l\u00e9chargez la preuve de l\u2019autorit\u00e9 comp\u00e9tente confirmant votre autorisation d\u2019agir en tant qu\u2019agent(e) de brevets et\/ou d\u2019agent(e) de marques de commerce dans ce pays.<\/li><\/ol><p>Si vous avez demand\u00e9 la documentation requise mais que vous ne l\u2019avez pas encore re\u00e7ue, veuillez s\u00e9lectionner \u00ab oui \u00bb\u00a0pour la section 3.2. Lorsque vous recevrez la documentation requise, envoyez-la par courriel \u00e0 <a href=\"mailto:registration-inscription@cpata-cabamc.ca\">registration-inscription@cpata-cabamc.ca<\/a>.<\/p><p><em>Veuillez pr\u00e9parer la documentation lorsque vous entamez la proc\u00e9dure en ligne. Le CABAMC recommande de contacter l\u2019autorit\u00e9 comp\u00e9tente le plus t\u00f4t possible pour obtenir la documentation requise, car d\u2019autres organismes r\u00e8glementaires peuvent prendre plusieurs semaines pour d\u00e9livrer ces documents.<\/em><\/p><p><img loading=\"lazy\" decoding=\"async\" class=\"aligncenter wp-image-19257 size-full\" src=\"https:\/\/cpata-cabamc.ca\/wp-content\/uploads\/2024\/05\/fr-4-swap.png\" alt=\"\" width=\"780\" height=\"226\" srcset=\"https:\/\/cpata-cabamc.ca\/wp-content\/uploads\/2024\/05\/fr-4-swap.png 780w, https:\/\/cpata-cabamc.ca\/wp-content\/uploads\/2024\/05\/fr-4-swap-300x87.png 300w, https:\/\/cpata-cabamc.ca\/wp-content\/uploads\/2024\/05\/fr-4-swap-768x223.png 768w\" sizes=\"(max-width: 780px) 100vw, 780px\" \/><\/p>\t\t\t\t\t\t\t\t<\/div>\n\t\t\t\t<\/div>\n\t\t\t\t<div class=\"elementor-element elementor-element-54f3ebe elementor-widget elementor-widget-text-editor\" data-id=\"54f3ebe\" data-element_type=\"widget\" data-e-type=\"widget\" data-widget_type=\"text-editor.default\">\n\t\t\t\t<div class=\"elementor-widget-container\">\n\t\t\t\t\t\t\t\t\t<ol start=\"5\"><li>Confirmez le montant des droits, puis cliquez sur \u00ab\u00a0Suivant\u00a0\u00bb.<\/li><\/ol><p><img loading=\"lazy\" decoding=\"async\" class=\"aligncenter wp-image-19204 size-full\" src=\"https:\/\/cpata-cabamc.ca\/wp-content\/uploads\/2024\/04\/Picture12.png\" alt=\"\" width=\"624\" height=\"78\" srcset=\"https:\/\/cpata-cabamc.ca\/wp-content\/uploads\/2024\/04\/Picture12.png 624w, https:\/\/cpata-cabamc.ca\/wp-content\/uploads\/2024\/04\/Picture12-300x38.png 300w\" sizes=\"(max-width: 624px) 100vw, 624px\" \/><\/p>\t\t\t\t\t\t\t\t<\/div>\n\t\t\t\t<\/div>\n\t\t\t\t<div class=\"elementor-element elementor-element-c4936d2 elementor-widget elementor-widget-text-editor\" data-id=\"c4936d2\" data-element_type=\"widget\" data-e-type=\"widget\" data-widget_type=\"text-editor.default\">\n\t\t\t\t<div class=\"elementor-widget-container\">\n\t\t\t\t\t\t\t\t\t<ol start=\"6\"><li>V\u00e9rifiez les renseignements, puis cliquez sur \u00ab\u00a0Suivant\u00a0\u00bb.<\/li><\/ol><p><img loading=\"lazy\" decoding=\"async\" class=\"aligncenter wp-image-19206 size-full\" src=\"https:\/\/cpata-cabamc.ca\/wp-content\/uploads\/2024\/04\/Picture13.png\" alt=\"\" width=\"780\" height=\"337\" srcset=\"https:\/\/cpata-cabamc.ca\/wp-content\/uploads\/2024\/04\/Picture13.png 780w, https:\/\/cpata-cabamc.ca\/wp-content\/uploads\/2024\/04\/Picture13-300x130.png 300w, https:\/\/cpata-cabamc.ca\/wp-content\/uploads\/2024\/04\/Picture13-768x332.png 768w\" sizes=\"(max-width: 780px) 100vw, 780px\" \/><\/p>\t\t\t\t\t\t\t\t<\/div>\n\t\t\t\t<\/div>\n\t\t\t\t<div class=\"elementor-element elementor-element-71df124 elementor-widget elementor-widget-text-editor\" data-id=\"71df124\" data-element_type=\"widget\" data-e-type=\"widget\" data-widget_type=\"text-editor.default\">\n\t\t\t\t<div class=\"elementor-widget-container\">\n\t\t\t\t\t\t\t\t\t<ol start=\"7\"><li>Entrez les renseignements relatifs \u00e0 votre carte de cr\u00e9dit, puis cliquez sur \u00ab\u00a0Payer en ligne\u00a0\u00bb.<\/li><\/ol><p><img loading=\"lazy\" decoding=\"async\" class=\"aligncenter wp-image-19208 size-full\" src=\"https:\/\/cpata-cabamc.ca\/wp-content\/uploads\/2024\/04\/Picture14.png\" alt=\"\" width=\"780\" height=\"243\" srcset=\"https:\/\/cpata-cabamc.ca\/wp-content\/uploads\/2024\/04\/Picture14.png 780w, https:\/\/cpata-cabamc.ca\/wp-content\/uploads\/2024\/04\/Picture14-300x93.png 300w, https:\/\/cpata-cabamc.ca\/wp-content\/uploads\/2024\/04\/Picture14-768x239.png 768w\" sizes=\"(max-width: 780px) 100vw, 780px\" \/><\/p>\t\t\t\t\t\t\t\t<\/div>\n\t\t\t\t<\/div>\n\t\t\t\t<div class=\"elementor-element elementor-element-c736489 elementor-widget elementor-widget-text-editor\" data-id=\"c736489\" data-element_type=\"widget\" data-e-type=\"widget\" data-widget_type=\"text-editor.default\">\n\t\t\t\t<div class=\"elementor-widget-container\">\n\t\t\t\t\t\t\t\t\t<ol start=\"8\"><li>Une fois le paiement effectu\u00e9, vous recevrez un courriel confirmant la r\u00e9ception de votre documentation. Dans la semaine suivant votre soumission, le CABAMC examinera vos d\u00e9clarations et votre preuve d\u2019autorisation d\u2019agir \u00e0 titre d\u2019agent(e) de brevets ou d\u2019agent(e) de marques de commerce dans un autre pays. Si nous avons des questions ou des pr\u00e9occupations au sujet de votre demande, nous communiquerons avec vous par courriel. Le CABAMC n\u2019examinera pas votre demande avant d\u2019avoir re\u00e7u la preuve d\u2019autorisation.<\/li><\/ol>\t\t\t\t\t\t\t\t<\/div>\n\t\t\t\t<\/div>\n\t\t\t\t\t<\/div>\n\t\t<\/div>\n\t\t\t\t\t<\/div>\n\t\t<\/section>\n\t\t\t\t<\/div>\n\t\t","protected":false},"excerpt":{"rendered":"<p>Maintien de l&rsquo;inscription pour 2025 Du 1 mai au 30 juin, les praticien(ne)s \u00e9tranger(-\u00e8re)s doivent<\/p>\n","protected":false},"author":7,"featured_media":0,"parent":5885,"menu_order":0,"comment_status":"closed","ping_status":"closed","template":"","meta":{"_acf_changed":false,"_monsterinsights_skip_tracking":false,"_monsterinsights_sitenote_active":false,"_monsterinsights_sitenote_note":"","_monsterinsights_sitenote_category":0,"site-sidebar-layout":"no-sidebar","site-content-layout":"page-builder","ast-site-content-layout":"full-width-container","site-content-style":"default","site-sidebar-style":"default","ast-global-header-display":"","ast-banner-title-visibility":"","ast-main-header-display":"","ast-hfb-above-header-display":"","ast-hfb-below-header-display":"","ast-hfb-mobile-header-display":"","site-post-title":"disabled","ast-breadcrumbs-content":"","ast-featured-img":"disabled","footer-sml-layout":"","theme-transparent-header-meta":"default","adv-header-id-meta":"","stick-header-meta":"","header-above-stick-meta":"","header-main-stick-meta":"","header-below-stick-meta":"","astra-migrate-meta-layouts":"set","ast-page-background-enabled":"default","ast-page-background-meta":{"desktop":{"background-color":"","background-image":"","background-repeat":"repeat","background-position":"center center","background-size":"auto","background-attachment":"scroll","background-type":"","background-media":"","overlay-type":"","overlay-color":"","overlay-opacity":"","overlay-gradient":""},"tablet":{"background-color":"","background-image":"","background-repeat":"repeat","background-position":"center center","background-size":"auto","background-attachment":"scroll","background-type":"","background-media":"","overlay-type":"","overlay-color":"","overlay-opacity":"","overlay-gradient":""},"mobile":{"background-color":"","background-image":"","background-repeat":"repeat","background-position":"center center","background-size":"auto","background-attachment":"scroll","background-type":"","background-media":"","overlay-type":"","overlay-color":"","overlay-opacity":"","overlay-gradient":""}},"ast-content-background-meta":{"desktop":{"background-color":"var(--ast-global-color-5)","background-image":"","background-repeat":"repeat","background-position":"center center","background-size":"auto","background-attachment":"scroll","background-type":"","background-media":"","overlay-type":"","overlay-color":"","overlay-opacity":"","overlay-gradient":""},"tablet":{"background-color":"var(--ast-global-color-5)","background-image":"","background-repeat":"repeat","background-position":"center center","background-size":"auto","background-attachment":"scroll","background-type":"","background-media":"","overlay-type":"","overlay-color":"","overlay-opacity":"","overlay-gradient":""},"mobile":{"background-color":"var(--ast-global-color-5)","background-image":"","background-repeat":"repeat","background-position":"center center","background-size":"auto","background-attachment":"scroll","background-type":"","background-media":"","overlay-type":"","overlay-color":"","overlay-opacity":"","overlay-gradient":""}},"footnotes":""},"folder":[],"class_list":["post-18859","page","type-page","status-publish","hentry"],"acf":[],"yoast_head":"<!-- This site is optimized with the Yoast SEO plugin v27.2 - https:\/\/yoast.com\/product\/yoast-seo-wordpress\/ -->\n<title>Maintien de l&#039;inscription - CABAMC<\/title>\n<meta name=\"robots\" content=\"index, follow, max-snippet:-1, max-image-preview:large, max-video-preview:-1\" \/>\n<link rel=\"canonical\" href=\"https:\/\/cpata-cabamc.ca\/fr\/votre-profession\/maintient-de-linscription\/\" \/>\n<meta property=\"og:locale\" content=\"fr_FR\" \/>\n<meta property=\"og:type\" content=\"article\" \/>\n<meta property=\"og:title\" content=\"Maintien de l&#039;inscription - CABAMC\" \/>\n<meta property=\"og:description\" content=\"Maintien de l&rsquo;inscription pour 2025 Du 1 mai au 30 juin, les praticien(ne)s \u00e9tranger(-\u00e8re)s doivent\" \/>\n<meta property=\"og:url\" content=\"https:\/\/cpata-cabamc.ca\/fr\/votre-profession\/maintient-de-linscription\/\" \/>\n<meta property=\"og:site_name\" content=\"CABAMC\" \/>\n<meta property=\"article:modified_time\" content=\"2025-04-22T12:02:23+00:00\" \/>\n<meta property=\"og:image\" content=\"https:\/\/cpata-cabamc.ca\/wp-content\/uploads\/2024\/04\/Picture8.png\" \/>\n\t<meta property=\"og:image:width\" content=\"780\" \/>\n\t<meta property=\"og:image:height\" content=\"319\" \/>\n\t<meta property=\"og:image:type\" content=\"image\/png\" \/>\n<meta name=\"twitter:card\" content=\"summary_large_image\" \/>\n<meta name=\"twitter:label1\" content=\"Dur\u00e9e de lecture estim\u00e9e\" \/>\n\t<meta name=\"twitter:data1\" content=\"3 minutes\" \/>\n<script type=\"application\/ld+json\" class=\"yoast-schema-graph\">{\"@context\":\"https:\/\/schema.org\",\"@graph\":[{\"@type\":\"WebPage\",\"@id\":\"https:\/\/cpata-cabamc.ca\/fr\/votre-profession\/maintient-de-linscription\/\",\"url\":\"https:\/\/cpata-cabamc.ca\/fr\/votre-profession\/maintient-de-linscription\/\",\"name\":\"Maintien de l'inscription - CABAMC\",\"isPartOf\":{\"@id\":\"https:\/\/cpata-cabamc.ca\/fr\/#website\"},\"primaryImageOfPage\":{\"@id\":\"https:\/\/cpata-cabamc.ca\/fr\/votre-profession\/maintient-de-linscription\/#primaryimage\"},\"image\":{\"@id\":\"https:\/\/cpata-cabamc.ca\/fr\/votre-profession\/maintient-de-linscription\/#primaryimage\"},\"thumbnailUrl\":\"https:\/\/cpata-cabamc.ca\/wp-content\/uploads\/2024\/04\/Picture8.png\",\"datePublished\":\"2024-04-23T16:25:30+00:00\",\"dateModified\":\"2025-04-22T12:02:23+00:00\",\"breadcrumb\":{\"@id\":\"https:\/\/cpata-cabamc.ca\/fr\/votre-profession\/maintient-de-linscription\/#breadcrumb\"},\"inLanguage\":\"fr-FR\",\"potentialAction\":[{\"@type\":\"ReadAction\",\"target\":[\"https:\/\/cpata-cabamc.ca\/fr\/votre-profession\/maintient-de-linscription\/\"]}]},{\"@type\":\"ImageObject\",\"inLanguage\":\"fr-FR\",\"@id\":\"https:\/\/cpata-cabamc.ca\/fr\/votre-profession\/maintient-de-linscription\/#primaryimage\",\"url\":\"https:\/\/cpata-cabamc.ca\/wp-content\/uploads\/2024\/04\/Picture8.png\",\"contentUrl\":\"https:\/\/cpata-cabamc.ca\/wp-content\/uploads\/2024\/04\/Picture8.png\"},{\"@type\":\"BreadcrumbList\",\"@id\":\"https:\/\/cpata-cabamc.ca\/fr\/votre-profession\/maintient-de-linscription\/#breadcrumb\",\"itemListElement\":[{\"@type\":\"ListItem\",\"position\":1,\"name\":\"Accueil\",\"item\":\"https:\/\/cpata-cabamc.ca\/fr\/\"},{\"@type\":\"ListItem\",\"position\":2,\"name\":\"Ressources publiques\",\"item\":\"https:\/\/cpata-cabamc.ca\/fr\/public-resources\/\"},{\"@type\":\"ListItem\",\"position\":3,\"name\":\"Maintien de l&#8217;inscription\"}]},{\"@type\":\"WebSite\",\"@id\":\"https:\/\/cpata-cabamc.ca\/fr\/#website\",\"url\":\"https:\/\/cpata-cabamc.ca\/fr\/\",\"name\":\"CABAMC\",\"description\":\"CABAMC\",\"publisher\":{\"@id\":\"https:\/\/cpata-cabamc.ca\/fr\/#organization\"},\"potentialAction\":[{\"@type\":\"SearchAction\",\"target\":{\"@type\":\"EntryPoint\",\"urlTemplate\":\"https:\/\/cpata-cabamc.ca\/fr\/?s={search_term_string}\"},\"query-input\":{\"@type\":\"PropertyValueSpecification\",\"valueRequired\":true,\"valueName\":\"search_term_string\"}}],\"inLanguage\":\"fr-FR\"},{\"@type\":\"Organization\",\"@id\":\"https:\/\/cpata-cabamc.ca\/fr\/#organization\",\"name\":\"CABAMC\",\"url\":\"https:\/\/cpata-cabamc.ca\/fr\/\",\"logo\":{\"@type\":\"ImageObject\",\"inLanguage\":\"fr-FR\",\"@id\":\"https:\/\/cpata-cabamc.ca\/fr\/#\/schema\/logo\/image\/\",\"url\":\"https:\/\/cpata-cabamc.ca\/wp-content\/uploads\/2021\/02\/Logo-Light-RGB.svg\",\"contentUrl\":\"https:\/\/cpata-cabamc.ca\/wp-content\/uploads\/2021\/02\/Logo-Light-RGB.svg\",\"caption\":\"CABAMC\"},\"image\":{\"@id\":\"https:\/\/cpata-cabamc.ca\/fr\/#\/schema\/logo\/image\/\"}}]}<\/script>\n<!-- \/ Yoast SEO plugin. -->","yoast_head_json":{"title":"Maintien de l'inscription - CABAMC","robots":{"index":"index","follow":"follow","max-snippet":"max-snippet:-1","max-image-preview":"max-image-preview:large","max-video-preview":"max-video-preview:-1"},"canonical":"https:\/\/cpata-cabamc.ca\/fr\/votre-profession\/maintient-de-linscription\/","og_locale":"fr_FR","og_type":"article","og_title":"Maintien de l'inscription - CABAMC","og_description":"Maintien de l&rsquo;inscription pour 2025 Du 1 mai au 30 juin, les praticien(ne)s \u00e9tranger(-\u00e8re)s doivent","og_url":"https:\/\/cpata-cabamc.ca\/fr\/votre-profession\/maintient-de-linscription\/","og_site_name":"CABAMC","article_modified_time":"2025-04-22T12:02:23+00:00","og_image":[{"width":780,"height":319,"url":"https:\/\/cpata-cabamc.ca\/wp-content\/uploads\/2024\/04\/Picture8.png","type":"image\/png"}],"twitter_card":"summary_large_image","twitter_misc":{"Dur\u00e9e de lecture estim\u00e9e":"3 minutes"},"schema":{"@context":"https:\/\/schema.org","@graph":[{"@type":"WebPage","@id":"https:\/\/cpata-cabamc.ca\/fr\/votre-profession\/maintient-de-linscription\/","url":"https:\/\/cpata-cabamc.ca\/fr\/votre-profession\/maintient-de-linscription\/","name":"Maintien de l'inscription - CABAMC","isPartOf":{"@id":"https:\/\/cpata-cabamc.ca\/fr\/#website"},"primaryImageOfPage":{"@id":"https:\/\/cpata-cabamc.ca\/fr\/votre-profession\/maintient-de-linscription\/#primaryimage"},"image":{"@id":"https:\/\/cpata-cabamc.ca\/fr\/votre-profession\/maintient-de-linscription\/#primaryimage"},"thumbnailUrl":"https:\/\/cpata-cabamc.ca\/wp-content\/uploads\/2024\/04\/Picture8.png","datePublished":"2024-04-23T16:25:30+00:00","dateModified":"2025-04-22T12:02:23+00:00","breadcrumb":{"@id":"https:\/\/cpata-cabamc.ca\/fr\/votre-profession\/maintient-de-linscription\/#breadcrumb"},"inLanguage":"fr-FR","potentialAction":[{"@type":"ReadAction","target":["https:\/\/cpata-cabamc.ca\/fr\/votre-profession\/maintient-de-linscription\/"]}]},{"@type":"ImageObject","inLanguage":"fr-FR","@id":"https:\/\/cpata-cabamc.ca\/fr\/votre-profession\/maintient-de-linscription\/#primaryimage","url":"https:\/\/cpata-cabamc.ca\/wp-content\/uploads\/2024\/04\/Picture8.png","contentUrl":"https:\/\/cpata-cabamc.ca\/wp-content\/uploads\/2024\/04\/Picture8.png"},{"@type":"BreadcrumbList","@id":"https:\/\/cpata-cabamc.ca\/fr\/votre-profession\/maintient-de-linscription\/#breadcrumb","itemListElement":[{"@type":"ListItem","position":1,"name":"Accueil","item":"https:\/\/cpata-cabamc.ca\/fr\/"},{"@type":"ListItem","position":2,"name":"Ressources publiques","item":"https:\/\/cpata-cabamc.ca\/fr\/public-resources\/"},{"@type":"ListItem","position":3,"name":"Maintien de l&#8217;inscription"}]},{"@type":"WebSite","@id":"https:\/\/cpata-cabamc.ca\/fr\/#website","url":"https:\/\/cpata-cabamc.ca\/fr\/","name":"CABAMC","description":"CABAMC","publisher":{"@id":"https:\/\/cpata-cabamc.ca\/fr\/#organization"},"potentialAction":[{"@type":"SearchAction","target":{"@type":"EntryPoint","urlTemplate":"https:\/\/cpata-cabamc.ca\/fr\/?s={search_term_string}"},"query-input":{"@type":"PropertyValueSpecification","valueRequired":true,"valueName":"search_term_string"}}],"inLanguage":"fr-FR"},{"@type":"Organization","@id":"https:\/\/cpata-cabamc.ca\/fr\/#organization","name":"CABAMC","url":"https:\/\/cpata-cabamc.ca\/fr\/","logo":{"@type":"ImageObject","inLanguage":"fr-FR","@id":"https:\/\/cpata-cabamc.ca\/fr\/#\/schema\/logo\/image\/","url":"https:\/\/cpata-cabamc.ca\/wp-content\/uploads\/2021\/02\/Logo-Light-RGB.svg","contentUrl":"https:\/\/cpata-cabamc.ca\/wp-content\/uploads\/2021\/02\/Logo-Light-RGB.svg","caption":"CABAMC"},"image":{"@id":"https:\/\/cpata-cabamc.ca\/fr\/#\/schema\/logo\/image\/"}}]}},"_links":{"self":[{"href":"https:\/\/cpata-cabamc.ca\/fr\/wp-json\/wp\/v2\/pages\/18859","targetHints":{"allow":["GET"]}}],"collection":[{"href":"https:\/\/cpata-cabamc.ca\/fr\/wp-json\/wp\/v2\/pages"}],"about":[{"href":"https:\/\/cpata-cabamc.ca\/fr\/wp-json\/wp\/v2\/types\/page"}],"author":[{"embeddable":true,"href":"https:\/\/cpata-cabamc.ca\/fr\/wp-json\/wp\/v2\/users\/7"}],"replies":[{"embeddable":true,"href":"https:\/\/cpata-cabamc.ca\/fr\/wp-json\/wp\/v2\/comments?post=18859"}],"version-history":[{"count":20,"href":"https:\/\/cpata-cabamc.ca\/fr\/wp-json\/wp\/v2\/pages\/18859\/revisions"}],"predecessor-version":[{"id":24270,"href":"https:\/\/cpata-cabamc.ca\/fr\/wp-json\/wp\/v2\/pages\/18859\/revisions\/24270"}],"up":[{"embeddable":true,"href":"https:\/\/cpata-cabamc.ca\/fr\/wp-json\/wp\/v2\/pages\/5885"}],"wp:attachment":[{"href":"https:\/\/cpata-cabamc.ca\/fr\/wp-json\/wp\/v2\/media?parent=18859"}],"wp:term":[{"taxonomy":"folder","embeddable":true,"href":"https:\/\/cpata-cabamc.ca\/fr\/wp-json\/wp\/v2\/folder?post=18859"}],"curies":[{"name":"wp","href":"https:\/\/api.w.org\/{rel}","templated":true}]}}