{"id":17839,"date":"2024-02-12T23:56:24","date_gmt":"2024-02-12T23:56:24","guid":{"rendered":"https:\/\/cpata-cabamc.ca\/?page_id=17839"},"modified":"2026-01-26T14:09:53","modified_gmt":"2026-01-26T19:09:53","slug":"paiement-par-une-entreprise-2","status":"publish","type":"page","link":"https:\/\/cpata-cabamc.ca\/fr\/votre-profession\/paiement-par-une-entreprise-2\/","title":{"rendered":"Paiement par une entreprise"},"content":{"rendered":"\t\t<div data-elementor-type=\"wp-page\" data-elementor-id=\"17839\" class=\"elementor elementor-17839 elementor-17832\" data-elementor-post-type=\"page\">\n\t\t\t\t\t\t<section class=\"elementor-section elementor-top-section elementor-element elementor-element-74a0018 elementor-section-boxed elementor-section-height-default elementor-section-height-default\" data-id=\"74a0018\" data-element_type=\"section\" data-e-type=\"section\">\n\t\t\t\t\t\t<div class=\"elementor-container elementor-column-gap-default\">\n\t\t\t\t\t<div class=\"elementor-column elementor-col-100 elementor-top-column elementor-element elementor-element-af68c6c\" data-id=\"af68c6c\" data-element_type=\"column\" data-e-type=\"column\">\n\t\t\t<div class=\"elementor-widget-wrap elementor-element-populated\">\n\t\t\t\t\t\t<div class=\"elementor-element elementor-element-5eb6526 elementor-widget elementor-widget-heading\" data-id=\"5eb6526\" data-element_type=\"widget\" data-e-type=\"widget\" data-widget_type=\"heading.default\">\n\t\t\t\t<div class=\"elementor-widget-container\">\n\t\t\t\t\t<h3 class=\"elementor-heading-title elementor-size-default\">Instructions pour les repr\u00e9sentant(e)s d'entreprise <\/h3>\t\t\t\t<\/div>\n\t\t\t\t<\/div>\n\t\t\t\t<div class=\"elementor-element elementor-element-db17eac elementor-widget elementor-widget-text-editor\" data-id=\"db17eac\" data-element_type=\"widget\" data-e-type=\"widget\" data-widget_type=\"text-editor.default\">\n\t\t\t\t<div class=\"elementor-widget-container\">\n\t\t\t\t\t\t\t\t\t<p><span class=\"NormalTextRun SCXW94177094 BCX0\">Les paiements de masse pour la p\u00e9riode de renouvellement de 2026 sont<\/span><span class=\"NormalTextRun SCXW94177094 BCX0\"> disponibles aux organisations qui couvrent les droits de 5 <\/span><span class=\"NormalTextRun ContextualSpellingAndGrammarErrorV2Themed SCXW94177094 BCX0\">agent<\/span><span class=\"NormalTextRun SCXW94177094 BCX0\">(e)s ou plus. Pour \u00e9viter les d\u00e9lais dans le traitement des paiements et le renouvellement des permis, nous encourageons fortement les repr\u00e9sentant(e)s d&rsquo;entreprises \u00e0 envoyer le formulaire de paiement de masse apr\u00e8s que tous les titulaires de permis aient soumis individuellement le renouvellement de leur permis sur leur portail des titulaires de permis.\u00a0<\/span><\/p><ol><li data-leveltext=\"%1.\" data-font=\"\" data-listid=\"1\" aria-setsize=\"-1\" data-aria-posinset=\"1\" data-aria-level=\"1\"><span data-contrast=\"none\"><span class=\"TextRun SCXW256359135 BCX0\" lang=\"FR-CA\" xml:lang=\"FR-CA\" data-contrast=\"none\"><span class=\"NormalTextRun SCXW256359135 BCX0\">Veuillez compl\u00e9ter <a href=\"https:\/\/cpata-cabamc.ca\/wp-content\/uploads\/2026\/01\/Formulaire-dautorisation-de-paiement-en-bloc_2026_1.pdf\" target=\"_blank\" rel=\"noopener\">ce formulaire<\/a><\/span><\/span>\u00a0<span class=\"TextRun SCXW256359135 BCX0\" lang=\"FR-CA\" xml:lang=\"FR-CA\" data-contrast=\"none\"><span class=\"NormalTextRun CommentHighlightPipeRestV2 SCXW256359135 BCX0\">et l\u2019envoyer au <\/span><span class=\"NormalTextRun SCXW256359135 BCX0\">Directeur<\/span><span class=\"NormalTextRun SCXW256359135 BCX0\"> des op\u00e9rations du Coll\u00e8ge des agents de brevets et des agents de marques de commerce d&rsquo;ici le <strong>21\u00a0mars<\/strong> \u00e0 l\u2019adresse : <\/span><\/span><a href=\"mailto:payments-paiements@cpata-cabamc.ca\"><span class=\"TextRun SCXW256359135 BCX0\" lang=\"FR-CA\" xml:lang=\"FR-CA\" data-contrast=\"none\"><span class=\"NormalTextRun SCXW256359135 BCX0\">payments-paiements@cpata-cabamc.ca <\/span><\/span><\/a><span class=\"TextRun SCXW256359135 BCX0\" lang=\"FR-CA\" xml:lang=\"FR-CA\" data-contrast=\"none\"><span class=\"NormalTextRun SCXW256359135 BCX0\">.<\/span><span class=\"NormalTextRun SCXW256359135 BCX0\">\u00a0<\/span><\/span><\/span><\/li><li data-leveltext=\"%1.\" data-font=\"\" data-listid=\"1\" aria-setsize=\"-1\" data-aria-posinset=\"1\" data-aria-level=\"1\"><span class=\"TextRun SCXW110988597 BCX0\" lang=\"FR-CA\" xml:lang=\"FR-CA\" data-contrast=\"none\"><span class=\"NormalTextRun SCXW110988597 BCX0\">Les titulaires de permis doivent se connecter personnellement au Portail des titulaires de permis et compl\u00e9ter le rapport annuel des titulaires de permis<\/span><\/span><span class=\"TextRun SCXW110988597 BCX0\" lang=\"FR-CA\" xml:lang=\"FR-CA\" data-contrast=\"none\"><span class=\"NormalTextRun SCXW110988597 BCX0\">. Ceci doit \u00eatre fait avant de soumettre ce formulaire afin d\u2019\u00e9viter les retards de traitement.<\/span><\/span><span class=\"EOP SCXW110988597 BCX0\" data-ccp-props=\"{&quot;201341983&quot;:0,&quot;335559739&quot;:160,&quot;335559740&quot;:259}\">\u00a0<\/span><\/li><li data-leveltext=\"%1.\" data-font=\"\" data-listid=\"1\" aria-setsize=\"-1\" data-aria-posinset=\"1\" data-aria-level=\"1\"><span class=\"TextRun SCXW192531105 BCX0\" lang=\"FR-CA\" xml:lang=\"FR-CA\" data-contrast=\"none\"><span class=\"NormalTextRun SCXW192531105 BCX0\">Veuillez noter que le CABAMC n\u2019\u00e9met pas de facture \u00e0 l\u2019avance mais seulement apr\u00e8s que le paiement a \u00e9t\u00e9 effectu\u00e9.\u00a0 Si les \u00e9tapes ci-dessus sont compl\u00e9t\u00e9es, les titulaires de permis peuvent t\u00e9l\u00e9charger la facture pour le renouvellement de leur licence individuelle par l\u2019entremise du Portail d<\/span><span class=\"NormalTextRun SCXW192531105 BCX0\">es titulaires de permis<\/span><span class=\"NormalTextRun SCXW192531105 BCX0\">: <\/span><span class=\"NormalTextRun SCXW192531105 BCX0\">Tableau de bord<\/span><span class=\"NormalTextRun SCXW192531105 BCX0\"> &gt; <\/span><span class=\"NormalTextRun SCXW192531105 BCX0\">Factures et re\u00e7us<\/span><span class=\"NormalTextRun SCXW192531105 BCX0\"> &gt; <\/span><span class=\"NormalTextRun SCXW192531105 BCX0\">Voir toutes les factures<\/span><span class=\"NormalTextRun SCXW192531105 BCX0\">.\u00a0\u00a0<\/span><\/span><span class=\"EOP SCXW192531105 BCX0\" data-ccp-props=\"{&quot;201341983&quot;:0,&quot;335559739&quot;:160,&quot;335559740&quot;:259}\">\u00a0<\/span><\/li><\/ol>\t\t\t\t\t\t\t\t<\/div>\n\t\t\t\t<\/div>\n\t\t\t\t\t<\/div>\n\t\t<\/div>\n\t\t\t\t\t<\/div>\n\t\t<\/section>\n\t\t\t\t<\/div>\n\t\t","protected":false},"excerpt":{"rendered":"<p>Instructions pour les repr\u00e9sentant(e)s d&rsquo;entreprise Les paiements de masse pour la p\u00e9riode de renouvellement de<\/p>\n","protected":false},"author":7,"featured_media":0,"parent":5885,"menu_order":0,"comment_status":"closed","ping_status":"closed","template":"","meta":{"_acf_changed":false,"_monsterinsights_skip_tracking":false,"_monsterinsights_sitenote_active":false,"_monsterinsights_sitenote_note":"","_monsterinsights_sitenote_category":0,"site-sidebar-layout":"no-sidebar","site-content-layout":"page-builder","ast-site-content-layout":"full-width-container","site-content-style":"unboxed","site-sidebar-style":"unboxed","ast-global-header-display":"","ast-banner-title-visibility":"","ast-main-header-display":"","ast-hfb-above-header-display":"","ast-hfb-below-header-display":"","ast-hfb-mobile-header-display":"","site-post-title":"disabled","ast-breadcrumbs-content":"","ast-featured-img":"disabled","footer-sml-layout":"","theme-transparent-header-meta":"default","adv-header-id-meta":"","stick-header-meta":"","header-above-stick-meta":"","header-main-stick-meta":"","header-below-stick-meta":"","astra-migrate-meta-layouts":"set","ast-page-background-enabled":"default","ast-page-background-meta":{"desktop":{"background-color":"","background-image":"","background-repeat":"repeat","background-position":"center center","background-size":"auto","background-attachment":"scroll","background-type":"","background-media":"","overlay-type":"","overlay-color":"","overlay-opacity":"","overlay-gradient":""},"tablet":{"background-color":"","background-image":"","background-repeat":"repeat","background-position":"center center","background-size":"auto","background-attachment":"scroll","background-type":"","background-media":"","overlay-type":"","overlay-color":"","overlay-opacity":"","overlay-gradient":""},"mobile":{"background-color":"","background-image":"","background-repeat":"repeat","background-position":"center center","background-size":"auto","background-attachment":"scroll","background-type":"","background-media":"","overlay-type":"","overlay-color":"","overlay-opacity":"","overlay-gradient":""}},"ast-content-background-meta":{"desktop":{"background-color":"var(--ast-global-color-5)","background-image":"","background-repeat":"repeat","background-position":"center center","background-size":"auto","background-attachment":"scroll","background-type":"","background-media":"","overlay-type":"","overlay-color":"","overlay-opacity":"","overlay-gradient":""},"tablet":{"background-color":"var(--ast-global-color-5)","background-image":"","background-repeat":"repeat","background-position":"center center","background-size":"auto","background-attachment":"scroll","background-type":"","background-media":"","overlay-type":"","overlay-color":"","overlay-opacity":"","overlay-gradient":""},"mobile":{"background-color":"var(--ast-global-color-5)","background-image":"","background-repeat":"repeat","background-position":"center center","background-size":"auto","background-attachment":"scroll","background-type":"","background-media":"","overlay-type":"","overlay-color":"","overlay-opacity":"","overlay-gradient":""}},"footnotes":""},"folder":[],"class_list":["post-17839","page","type-page","status-publish","hentry"],"acf":[],"yoast_head":"<!-- This site is optimized with the Yoast SEO plugin v27.2 - https:\/\/yoast.com\/product\/yoast-seo-wordpress\/ -->\n<title>Paiement par une entreprise - CABAMC<\/title>\n<meta name=\"robots\" content=\"index, follow, max-snippet:-1, max-image-preview:large, max-video-preview:-1\" \/>\n<link rel=\"canonical\" href=\"https:\/\/cpata-cabamc.ca\/fr\/votre-profession\/paiement-par-une-entreprise-2\/\" \/>\n<meta property=\"og:locale\" content=\"fr_FR\" \/>\n<meta property=\"og:type\" content=\"article\" \/>\n<meta property=\"og:title\" content=\"Paiement par une entreprise - CABAMC\" \/>\n<meta property=\"og:description\" content=\"Instructions pour les repr\u00e9sentant(e)s d&rsquo;entreprise Les paiements de masse pour la p\u00e9riode de renouvellement de\" \/>\n<meta property=\"og:url\" content=\"https:\/\/cpata-cabamc.ca\/fr\/votre-profession\/paiement-par-une-entreprise-2\/\" \/>\n<meta property=\"og:site_name\" content=\"CABAMC\" \/>\n<meta property=\"article:modified_time\" content=\"2026-01-26T19:09:53+00:00\" \/>\n<meta name=\"twitter:card\" content=\"summary_large_image\" \/>\n<meta name=\"twitter:label1\" content=\"Dur\u00e9e de lecture estim\u00e9e\" \/>\n\t<meta name=\"twitter:data1\" content=\"2 minutes\" \/>\n<script type=\"application\/ld+json\" class=\"yoast-schema-graph\">{\"@context\":\"https:\/\/schema.org\",\"@graph\":[{\"@type\":\"WebPage\",\"@id\":\"https:\/\/cpata-cabamc.ca\/fr\/votre-profession\/paiement-par-une-entreprise-2\/\",\"url\":\"https:\/\/cpata-cabamc.ca\/fr\/votre-profession\/paiement-par-une-entreprise-2\/\",\"name\":\"Paiement par une entreprise - CABAMC\",\"isPartOf\":{\"@id\":\"https:\/\/cpata-cabamc.ca\/fr\/#website\"},\"datePublished\":\"2024-02-12T23:56:24+00:00\",\"dateModified\":\"2026-01-26T19:09:53+00:00\",\"breadcrumb\":{\"@id\":\"https:\/\/cpata-cabamc.ca\/fr\/votre-profession\/paiement-par-une-entreprise-2\/#breadcrumb\"},\"inLanguage\":\"fr-FR\",\"potentialAction\":[{\"@type\":\"ReadAction\",\"target\":[\"https:\/\/cpata-cabamc.ca\/fr\/votre-profession\/paiement-par-une-entreprise-2\/\"]}]},{\"@type\":\"BreadcrumbList\",\"@id\":\"https:\/\/cpata-cabamc.ca\/fr\/votre-profession\/paiement-par-une-entreprise-2\/#breadcrumb\",\"itemListElement\":[{\"@type\":\"ListItem\",\"position\":1,\"name\":\"Accueil\",\"item\":\"https:\/\/cpata-cabamc.ca\/fr\/\"},{\"@type\":\"ListItem\",\"position\":2,\"name\":\"Votre profession\",\"item\":\"https:\/\/cpata-cabamc.ca\/fr\/your-practice\/\"},{\"@type\":\"ListItem\",\"position\":3,\"name\":\"Paiement par une entreprise\"}]},{\"@type\":\"WebSite\",\"@id\":\"https:\/\/cpata-cabamc.ca\/fr\/#website\",\"url\":\"https:\/\/cpata-cabamc.ca\/fr\/\",\"name\":\"CABAMC\",\"description\":\"CABAMC\",\"publisher\":{\"@id\":\"https:\/\/cpata-cabamc.ca\/fr\/#organization\"},\"potentialAction\":[{\"@type\":\"SearchAction\",\"target\":{\"@type\":\"EntryPoint\",\"urlTemplate\":\"https:\/\/cpata-cabamc.ca\/fr\/?s={search_term_string}\"},\"query-input\":{\"@type\":\"PropertyValueSpecification\",\"valueRequired\":true,\"valueName\":\"search_term_string\"}}],\"inLanguage\":\"fr-FR\"},{\"@type\":\"Organization\",\"@id\":\"https:\/\/cpata-cabamc.ca\/fr\/#organization\",\"name\":\"CABAMC\",\"url\":\"https:\/\/cpata-cabamc.ca\/fr\/\",\"logo\":{\"@type\":\"ImageObject\",\"inLanguage\":\"fr-FR\",\"@id\":\"https:\/\/cpata-cabamc.ca\/fr\/#\/schema\/logo\/image\/\",\"url\":\"https:\/\/cpata-cabamc.ca\/wp-content\/uploads\/2021\/02\/Logo-Light-RGB.svg\",\"contentUrl\":\"https:\/\/cpata-cabamc.ca\/wp-content\/uploads\/2021\/02\/Logo-Light-RGB.svg\",\"caption\":\"CABAMC\"},\"image\":{\"@id\":\"https:\/\/cpata-cabamc.ca\/fr\/#\/schema\/logo\/image\/\"}}]}<\/script>\n<!-- \/ Yoast SEO plugin. -->","yoast_head_json":{"title":"Paiement par une entreprise - CABAMC","robots":{"index":"index","follow":"follow","max-snippet":"max-snippet:-1","max-image-preview":"max-image-preview:large","max-video-preview":"max-video-preview:-1"},"canonical":"https:\/\/cpata-cabamc.ca\/fr\/votre-profession\/paiement-par-une-entreprise-2\/","og_locale":"fr_FR","og_type":"article","og_title":"Paiement par une entreprise - CABAMC","og_description":"Instructions pour les repr\u00e9sentant(e)s d&rsquo;entreprise Les paiements de masse pour la p\u00e9riode de renouvellement de","og_url":"https:\/\/cpata-cabamc.ca\/fr\/votre-profession\/paiement-par-une-entreprise-2\/","og_site_name":"CABAMC","article_modified_time":"2026-01-26T19:09:53+00:00","twitter_card":"summary_large_image","twitter_misc":{"Dur\u00e9e de lecture estim\u00e9e":"2 minutes"},"schema":{"@context":"https:\/\/schema.org","@graph":[{"@type":"WebPage","@id":"https:\/\/cpata-cabamc.ca\/fr\/votre-profession\/paiement-par-une-entreprise-2\/","url":"https:\/\/cpata-cabamc.ca\/fr\/votre-profession\/paiement-par-une-entreprise-2\/","name":"Paiement par une entreprise - CABAMC","isPartOf":{"@id":"https:\/\/cpata-cabamc.ca\/fr\/#website"},"datePublished":"2024-02-12T23:56:24+00:00","dateModified":"2026-01-26T19:09:53+00:00","breadcrumb":{"@id":"https:\/\/cpata-cabamc.ca\/fr\/votre-profession\/paiement-par-une-entreprise-2\/#breadcrumb"},"inLanguage":"fr-FR","potentialAction":[{"@type":"ReadAction","target":["https:\/\/cpata-cabamc.ca\/fr\/votre-profession\/paiement-par-une-entreprise-2\/"]}]},{"@type":"BreadcrumbList","@id":"https:\/\/cpata-cabamc.ca\/fr\/votre-profession\/paiement-par-une-entreprise-2\/#breadcrumb","itemListElement":[{"@type":"ListItem","position":1,"name":"Accueil","item":"https:\/\/cpata-cabamc.ca\/fr\/"},{"@type":"ListItem","position":2,"name":"Votre profession","item":"https:\/\/cpata-cabamc.ca\/fr\/your-practice\/"},{"@type":"ListItem","position":3,"name":"Paiement par une entreprise"}]},{"@type":"WebSite","@id":"https:\/\/cpata-cabamc.ca\/fr\/#website","url":"https:\/\/cpata-cabamc.ca\/fr\/","name":"CABAMC","description":"CABAMC","publisher":{"@id":"https:\/\/cpata-cabamc.ca\/fr\/#organization"},"potentialAction":[{"@type":"SearchAction","target":{"@type":"EntryPoint","urlTemplate":"https:\/\/cpata-cabamc.ca\/fr\/?s={search_term_string}"},"query-input":{"@type":"PropertyValueSpecification","valueRequired":true,"valueName":"search_term_string"}}],"inLanguage":"fr-FR"},{"@type":"Organization","@id":"https:\/\/cpata-cabamc.ca\/fr\/#organization","name":"CABAMC","url":"https:\/\/cpata-cabamc.ca\/fr\/","logo":{"@type":"ImageObject","inLanguage":"fr-FR","@id":"https:\/\/cpata-cabamc.ca\/fr\/#\/schema\/logo\/image\/","url":"https:\/\/cpata-cabamc.ca\/wp-content\/uploads\/2021\/02\/Logo-Light-RGB.svg","contentUrl":"https:\/\/cpata-cabamc.ca\/wp-content\/uploads\/2021\/02\/Logo-Light-RGB.svg","caption":"CABAMC"},"image":{"@id":"https:\/\/cpata-cabamc.ca\/fr\/#\/schema\/logo\/image\/"}}]}},"_links":{"self":[{"href":"https:\/\/cpata-cabamc.ca\/fr\/wp-json\/wp\/v2\/pages\/17839","targetHints":{"allow":["GET"]}}],"collection":[{"href":"https:\/\/cpata-cabamc.ca\/fr\/wp-json\/wp\/v2\/pages"}],"about":[{"href":"https:\/\/cpata-cabamc.ca\/fr\/wp-json\/wp\/v2\/types\/page"}],"author":[{"embeddable":true,"href":"https:\/\/cpata-cabamc.ca\/fr\/wp-json\/wp\/v2\/users\/7"}],"replies":[{"embeddable":true,"href":"https:\/\/cpata-cabamc.ca\/fr\/wp-json\/wp\/v2\/comments?post=17839"}],"version-history":[{"count":0,"href":"https:\/\/cpata-cabamc.ca\/fr\/wp-json\/wp\/v2\/pages\/17839\/revisions"}],"up":[{"embeddable":true,"href":"https:\/\/cpata-cabamc.ca\/fr\/wp-json\/wp\/v2\/pages\/5885"}],"wp:attachment":[{"href":"https:\/\/cpata-cabamc.ca\/fr\/wp-json\/wp\/v2\/media?parent=17839"}],"wp:term":[{"taxonomy":"folder","embeddable":true,"href":"https:\/\/cpata-cabamc.ca\/fr\/wp-json\/wp\/v2\/folder?post=17839"}],"curies":[{"name":"wp","href":"https:\/\/api.w.org\/{rel}","templated":true}]}}