{"id":17630,"date":"2024-02-12T17:37:59","date_gmt":"2024-02-12T17:37:59","guid":{"rendered":"https:\/\/cpata-cabamc.ca\/?page_id=17630"},"modified":"2025-02-18T19:40:47","modified_gmt":"2025-02-18T19:40:47","slug":"reinitialisation-du-mot-de-passe","status":"publish","type":"page","link":"https:\/\/cpata-cabamc.ca\/fr\/votre-profession\/reinitialisation-du-mot-de-passe\/","title":{"rendered":"R\u00e9initialisation du nom d&rsquo;utilisateur(-trice) ou mot de passe oubli\u00e9"},"content":{"rendered":"\t\t<div data-elementor-type=\"wp-page\" data-elementor-id=\"17630\" class=\"elementor elementor-17630 elementor-17628\" data-elementor-post-type=\"page\">\n\t\t\t\t\t\t<section class=\"elementor-section elementor-top-section elementor-element elementor-element-76b78f5 elementor-section-boxed elementor-section-height-default elementor-section-height-default\" data-id=\"76b78f5\" data-element_type=\"section\" data-e-type=\"section\">\n\t\t\t\t\t\t<div class=\"elementor-container elementor-column-gap-default\">\n\t\t\t\t\t<div class=\"elementor-column elementor-col-100 elementor-top-column elementor-element elementor-element-8fb4605\" data-id=\"8fb4605\" data-element_type=\"column\" data-e-type=\"column\">\n\t\t\t<div class=\"elementor-widget-wrap elementor-element-populated\">\n\t\t\t\t\t\t<div class=\"elementor-element elementor-element-b6147c5 elementor-widget elementor-widget-text-editor\" data-id=\"b6147c5\" data-element_type=\"widget\" data-e-type=\"widget\" data-widget_type=\"text-editor.default\">\n\t\t\t\t<div class=\"elementor-widget-container\">\n\t\t\t\t\t\t\t\t\t<p>Avant de commencer, ajoutez l\u2019adresse <a href=\"mailto:info@cpata-cabamc.ca\">info@cpata-cabamc.ca<\/a>\u00a0\u00e0 votre liste des exp\u00e9diteurs approuv\u00e9s et confirmez aupr\u00e8s de votre service informatique que les courriels ayant ce nom de domaine ne seront pas mis en quarantaine en tant que pourriels.<\/p>\t\t\t\t\t\t\t\t<\/div>\n\t\t\t\t<\/div>\n\t\t\t\t<div class=\"elementor-element elementor-element-4b680b6 elementor-widget elementor-widget-text-editor\" data-id=\"4b680b6\" data-element_type=\"widget\" data-e-type=\"widget\" data-widget_type=\"text-editor.default\">\n\t\t\t\t<div class=\"elementor-widget-container\">\n\t\t\t\t\t\t\t\t\t<ol><li>Acc\u00e9dez au portail des titulaires de permis en <a href=\"https:\/\/portal-portail.cpata-cabamc.ca\/login.html?language=fr_FR\" target=\"_blank\" rel=\"noopener\">fran\u00e7ais<\/a> ou en <a href=\"https:\/\/portal-portail.cpata-cabamc.ca\/login.html?language=en_CA\" target=\"_blank\" rel=\"noopener\">anglais.<\/a><\/li><\/ol>\t\t\t\t\t\t\t\t<\/div>\n\t\t\t\t<\/div>\n\t\t\t\t<div class=\"elementor-element elementor-element-fb1873c elementor-widget elementor-widget-text-editor\" data-id=\"fb1873c\" data-element_type=\"widget\" data-e-type=\"widget\" data-widget_type=\"text-editor.default\">\n\t\t\t\t<div class=\"elementor-widget-container\">\n\t\t\t\t\t\t\t\t\t<ol start=\"2\"><li>Cliquez sur \u00ab\u00a0Mot de passe oubli\u00e9?\u00bb dans la page d\u2019ouverture de session.<\/li><\/ol><p><img fetchpriority=\"high\" decoding=\"async\" class=\"aligncenter wp-image-17651 size-large\" src=\"https:\/\/cpata-cabamc.ca\/wp-content\/uploads\/2024\/02\/Portal-activation-1-1024x436.png\" alt=\"\" width=\"1024\" height=\"436\" srcset=\"https:\/\/cpata-cabamc.ca\/wp-content\/uploads\/2024\/02\/Portal-activation-1-1024x436.png 1024w, https:\/\/cpata-cabamc.ca\/wp-content\/uploads\/2024\/02\/Portal-activation-1-300x128.png 300w, https:\/\/cpata-cabamc.ca\/wp-content\/uploads\/2024\/02\/Portal-activation-1-768x327.png 768w, https:\/\/cpata-cabamc.ca\/wp-content\/uploads\/2024\/02\/Portal-activation-1.png 1375w\" sizes=\"(max-width: 1024px) 100vw, 1024px\" \/><\/p>\t\t\t\t\t\t\t\t<\/div>\n\t\t\t\t<\/div>\n\t\t\t\t<div class=\"elementor-element elementor-element-7564ad2 elementor-widget elementor-widget-text-editor\" data-id=\"7564ad2\" data-element_type=\"widget\" data-e-type=\"widget\" data-widget_type=\"text-editor.default\">\n\t\t\t\t<div class=\"elementor-widget-container\">\n\t\t\t\t\t\t\t\t\t<ol start=\"3\"><li>Vous acc\u00e9derez ainsi \u00e0 la page \u00ab\u00a0<strong>R\u00e9initialisation du mot de passe<\/strong> \u00bb, o\u00f9 vous devrez saisir l\u2019adresse courriel que vous utilisez pour communiquer avec le CABAMC. <span class=\"cf0\">Si vous ne vous souvenez pas du courriel que vous avez utilis\u00e9, veuillez <a href=\"https:\/\/cpata-cabamc.ca\/fr\/communiquez-avec-nous\/contactez-le-cabamc\/\">nous contacter<\/a>.<\/span><\/li><\/ol><p><img decoding=\"async\" class=\"aligncenter wp-image-17653 size-large\" src=\"https:\/\/cpata-cabamc.ca\/wp-content\/uploads\/2024\/02\/Portal-activation-2-1024x424.png\" alt=\"\" width=\"1024\" height=\"424\" srcset=\"https:\/\/cpata-cabamc.ca\/wp-content\/uploads\/2024\/02\/Portal-activation-2-1024x424.png 1024w, https:\/\/cpata-cabamc.ca\/wp-content\/uploads\/2024\/02\/Portal-activation-2-300x124.png 300w, https:\/\/cpata-cabamc.ca\/wp-content\/uploads\/2024\/02\/Portal-activation-2-768x318.png 768w, https:\/\/cpata-cabamc.ca\/wp-content\/uploads\/2024\/02\/Portal-activation-2.png 1385w\" sizes=\"(max-width: 1024px) 100vw, 1024px\" \/><\/p>\t\t\t\t\t\t\t\t<\/div>\n\t\t\t\t<\/div>\n\t\t\t\t<div class=\"elementor-element elementor-element-bc8d423 elementor-widget elementor-widget-text-editor\" data-id=\"bc8d423\" data-element_type=\"widget\" data-e-type=\"widget\" data-widget_type=\"text-editor.default\">\n\t\t\t\t<div class=\"elementor-widget-container\">\n\t\t\t\t\t\t\t\t\t<ol start=\"4\"><li><span class=\"cf0\">Vous recevrez un courriel <strong>contenant votre nom d&rsquo;utilisateur(-trice)<\/strong>. Si vous vous souvenez de votre mot de passe, vous pouvez utiliser le nom d&rsquo;utilisateur figurant dans ce courriel pour vous connecter.<\/span><\/li><\/ol><p>\u00a0<\/p><p><img decoding=\"async\" class=\"aligncenter wp-image-17655 size-large\" src=\"https:\/\/cpata-cabamc.ca\/wp-content\/uploads\/2024\/02\/Portal-activation-3-1024x453.png\" alt=\"\" width=\"1024\" height=\"453\" srcset=\"https:\/\/cpata-cabamc.ca\/wp-content\/uploads\/2024\/02\/Portal-activation-3-1024x453.png 1024w, https:\/\/cpata-cabamc.ca\/wp-content\/uploads\/2024\/02\/Portal-activation-3-300x133.png 300w, https:\/\/cpata-cabamc.ca\/wp-content\/uploads\/2024\/02\/Portal-activation-3-768x339.png 768w, https:\/\/cpata-cabamc.ca\/wp-content\/uploads\/2024\/02\/Portal-activation-3.png 1473w\" sizes=\"(max-width: 1024px) 100vw, 1024px\" \/><\/p>\t\t\t\t\t\t\t\t<\/div>\n\t\t\t\t<\/div>\n\t\t\t\t<div class=\"elementor-element elementor-element-270ea9d elementor-widget elementor-widget-text-editor\" data-id=\"270ea9d\" data-element_type=\"widget\" data-e-type=\"widget\" data-widget_type=\"text-editor.default\">\n\t\t\t\t<div class=\"elementor-widget-container\">\n\t\t\t\t\t\t\t\t\t<p><img loading=\"lazy\" decoding=\"async\" class=\"aligncenter wp-image-18048 size-full\" src=\"https:\/\/cpata-cabamc.ca\/wp-content\/uploads\/2024\/02\/image002.png\" alt=\"\" width=\"1860\" height=\"392\" srcset=\"https:\/\/cpata-cabamc.ca\/wp-content\/uploads\/2024\/02\/image002.png 1860w, https:\/\/cpata-cabamc.ca\/wp-content\/uploads\/2024\/02\/image002-300x63.png 300w, https:\/\/cpata-cabamc.ca\/wp-content\/uploads\/2024\/02\/image002-1024x216.png 1024w, https:\/\/cpata-cabamc.ca\/wp-content\/uploads\/2024\/02\/image002-768x162.png 768w, https:\/\/cpata-cabamc.ca\/wp-content\/uploads\/2024\/02\/image002-1536x324.png 1536w\" sizes=\"(max-width: 1860px) 100vw, 1860px\" \/><\/p>\t\t\t\t\t\t\t\t<\/div>\n\t\t\t\t<\/div>\n\t\t\t\t<div class=\"elementor-element elementor-element-0e7128f elementor-widget elementor-widget-text-editor\" data-id=\"0e7128f\" data-element_type=\"widget\" data-e-type=\"widget\" data-widget_type=\"text-editor.default\">\n\t\t\t\t<div class=\"elementor-widget-container\">\n\t\t\t\t\t\t\t\t\t<ol start=\"5\"><li><span class=\"cf0\">Si vous devez r\u00e9initialiser votre mot de passe, suivez les prochaines \u00e9tapes de cette proc\u00e9dure. <\/span>Cliquez sur le bouton \u00ab\u00a0<strong>R\u00c9INITIALISER VOTRE MOT DE PASSE<\/strong>\u00bb dans le courriel. Ensuite, cr\u00e9ez un nouveau mot de passe<strong>. <\/strong>Le mot de passe doit comporter au moins huit (8)\u00a0caract\u00e8res, dont une majuscule, une minuscule, un chiffre et l\u2019un des caract\u00e8res sp\u00e9ciaux suivants\u00a0: @.!#$%&amp;&rsquo;*+\/=?^_`{|}~@_<\/li><\/ol><p style=\"padding-left: 40px;\"><span class=\"cf0\">Veuillez noter que ce courriel de r\u00e9initialisation de mot de passe automatique expirera dans deux (2) heures. <\/span><\/p><p><img loading=\"lazy\" decoding=\"async\" class=\"aligncenter wp-image-17657 size-large\" src=\"https:\/\/cpata-cabamc.ca\/wp-content\/uploads\/2024\/02\/Portal-activation-4-1024x494.png\" alt=\"\" width=\"1024\" height=\"494\" srcset=\"https:\/\/cpata-cabamc.ca\/wp-content\/uploads\/2024\/02\/Portal-activation-4-1024x494.png 1024w, https:\/\/cpata-cabamc.ca\/wp-content\/uploads\/2024\/02\/Portal-activation-4-300x145.png 300w, https:\/\/cpata-cabamc.ca\/wp-content\/uploads\/2024\/02\/Portal-activation-4-768x370.png 768w, https:\/\/cpata-cabamc.ca\/wp-content\/uploads\/2024\/02\/Portal-activation-4.png 1391w\" sizes=\"(max-width: 1024px) 100vw, 1024px\" \/><\/p>\t\t\t\t\t\t\t\t<\/div>\n\t\t\t\t<\/div>\n\t\t\t\t<div class=\"elementor-element elementor-element-7bc8e07 elementor-widget elementor-widget-text-editor\" data-id=\"7bc8e07\" data-element_type=\"widget\" data-e-type=\"widget\" data-widget_type=\"text-editor.default\">\n\t\t\t\t<div class=\"elementor-widget-container\">\n\t\t\t\t\t\t\t\t\t<ol start=\"6\"><li>Apr\u00e8s avoir r\u00e9initialis\u00e9 votre mot de passe, vous acc\u00e9derez \u00e0 la page d\u2019accueil du portail des titulaires de permis du CABAMC o\u00f9 vous pourrez ouvrir une session \u00e0 l\u2019aide de votre nom d&rsquo;utilisateur(-trice) et votre nouveau mot de passe.\u00a0<\/li><\/ol><p>\u00a0<\/p><p><img loading=\"lazy\" decoding=\"async\" class=\"aligncenter wp-image-17659 size-large\" src=\"https:\/\/cpata-cabamc.ca\/wp-content\/uploads\/2024\/02\/Portal-activation-5-1024x451.png\" alt=\"\" width=\"1024\" height=\"451\" srcset=\"https:\/\/cpata-cabamc.ca\/wp-content\/uploads\/2024\/02\/Portal-activation-5-1024x451.png 1024w, https:\/\/cpata-cabamc.ca\/wp-content\/uploads\/2024\/02\/Portal-activation-5-300x132.png 300w, https:\/\/cpata-cabamc.ca\/wp-content\/uploads\/2024\/02\/Portal-activation-5-768x338.png 768w, https:\/\/cpata-cabamc.ca\/wp-content\/uploads\/2024\/02\/Portal-activation-5.png 1385w\" sizes=\"(max-width: 1024px) 100vw, 1024px\" \/><\/p>\t\t\t\t\t\t\t\t<\/div>\n\t\t\t\t<\/div>\n\t\t\t\t\t<\/div>\n\t\t<\/div>\n\t\t\t\t\t<\/div>\n\t\t<\/section>\n\t\t\t\t<\/div>\n\t\t","protected":false},"excerpt":{"rendered":"<p>Avant de commencer, ajoutez l\u2019adresse info@cpata-cabamc.ca\u00a0\u00e0 votre liste des exp\u00e9diteurs approuv\u00e9s et confirmez aupr\u00e8s de<\/p>\n","protected":false},"author":7,"featured_media":0,"parent":5885,"menu_order":0,"comment_status":"closed","ping_status":"closed","template":"","meta":{"_acf_changed":false,"_monsterinsights_skip_tracking":false,"_monsterinsights_sitenote_active":false,"_monsterinsights_sitenote_note":"","_monsterinsights_sitenote_category":0,"site-sidebar-layout":"no-sidebar","site-content-layout":"page-builder","ast-site-content-layout":"full-width-container","site-content-style":"default","site-sidebar-style":"default","ast-global-header-display":"","ast-banner-title-visibility":"","ast-main-header-display":"","ast-hfb-above-header-display":"","ast-hfb-below-header-display":"","ast-hfb-mobile-header-display":"","site-post-title":"disabled","ast-breadcrumbs-content":"","ast-featured-img":"disabled","footer-sml-layout":"","theme-transparent-header-meta":"default","adv-header-id-meta":"","stick-header-meta":"","header-above-stick-meta":"","header-main-stick-meta":"","header-below-stick-meta":"","astra-migrate-meta-layouts":"set","ast-page-background-enabled":"default","ast-page-background-meta":{"desktop":{"background-color":"","background-image":"","background-repeat":"repeat","background-position":"center center","background-size":"auto","background-attachment":"scroll","background-type":"","background-media":"","overlay-type":"","overlay-color":"","overlay-opacity":"","overlay-gradient":""},"tablet":{"background-color":"","background-image":"","background-repeat":"repeat","background-position":"center center","background-size":"auto","background-attachment":"scroll","background-type":"","background-media":"","overlay-type":"","overlay-color":"","overlay-opacity":"","overlay-gradient":""},"mobile":{"background-color":"","background-image":"","background-repeat":"repeat","background-position":"center center","background-size":"auto","background-attachment":"scroll","background-type":"","background-media":"","overlay-type":"","overlay-color":"","overlay-opacity":"","overlay-gradient":""}},"ast-content-background-meta":{"desktop":{"background-color":"var(--ast-global-color-5)","background-image":"","background-repeat":"repeat","background-position":"center center","background-size":"auto","background-attachment":"scroll","background-type":"","background-media":"","overlay-type":"","overlay-color":"","overlay-opacity":"","overlay-gradient":""},"tablet":{"background-color":"var(--ast-global-color-5)","background-image":"","background-repeat":"repeat","background-position":"center center","background-size":"auto","background-attachment":"scroll","background-type":"","background-media":"","overlay-type":"","overlay-color":"","overlay-opacity":"","overlay-gradient":""},"mobile":{"background-color":"var(--ast-global-color-5)","background-image":"","background-repeat":"repeat","background-position":"center center","background-size":"auto","background-attachment":"scroll","background-type":"","background-media":"","overlay-type":"","overlay-color":"","overlay-opacity":"","overlay-gradient":""}},"footnotes":""},"folder":[],"class_list":["post-17630","page","type-page","status-publish","hentry"],"acf":[],"yoast_head":"<!-- This site is optimized with the Yoast SEO plugin v27.2 - https:\/\/yoast.com\/product\/yoast-seo-wordpress\/ -->\n<title>R\u00e9initialisation du nom d&#039;utilisateur(-trice) ou mot de passe oubli\u00e9 - CABAMC<\/title>\n<meta name=\"robots\" content=\"index, follow, max-snippet:-1, max-image-preview:large, max-video-preview:-1\" \/>\n<link rel=\"canonical\" href=\"https:\/\/cpata-cabamc.ca\/fr\/votre-profession\/reinitialisation-du-mot-de-passe\/\" \/>\n<meta property=\"og:locale\" content=\"fr_FR\" \/>\n<meta property=\"og:type\" content=\"article\" \/>\n<meta property=\"og:title\" content=\"R\u00e9initialisation du nom d&#039;utilisateur(-trice) ou mot de passe oubli\u00e9 - CABAMC\" \/>\n<meta property=\"og:description\" content=\"Avant de commencer, ajoutez l\u2019adresse info@cpata-cabamc.ca\u00a0\u00e0 votre liste des exp\u00e9diteurs approuv\u00e9s et confirmez aupr\u00e8s de\" \/>\n<meta property=\"og:url\" content=\"https:\/\/cpata-cabamc.ca\/fr\/votre-profession\/reinitialisation-du-mot-de-passe\/\" \/>\n<meta property=\"og:site_name\" content=\"CABAMC\" \/>\n<meta property=\"article:modified_time\" content=\"2025-02-18T19:40:47+00:00\" \/>\n<meta property=\"og:image\" content=\"https:\/\/cpata-cabamc.ca\/wp-content\/uploads\/2024\/02\/Portal-activation-1.png\" \/>\n\t<meta property=\"og:image:width\" content=\"1375\" \/>\n\t<meta property=\"og:image:height\" content=\"585\" \/>\n\t<meta property=\"og:image:type\" content=\"image\/png\" \/>\n<meta name=\"twitter:card\" content=\"summary_large_image\" \/>\n<meta name=\"twitter:label1\" content=\"Dur\u00e9e de lecture estim\u00e9e\" \/>\n\t<meta name=\"twitter:data1\" content=\"3 minutes\" \/>\n<script type=\"application\/ld+json\" class=\"yoast-schema-graph\">{\"@context\":\"https:\/\/schema.org\",\"@graph\":[{\"@type\":\"WebPage\",\"@id\":\"https:\/\/cpata-cabamc.ca\/fr\/votre-profession\/reinitialisation-du-mot-de-passe\/\",\"url\":\"https:\/\/cpata-cabamc.ca\/fr\/votre-profession\/reinitialisation-du-mot-de-passe\/\",\"name\":\"R\u00e9initialisation du nom d'utilisateur(-trice) ou mot de passe oubli\u00e9 - CABAMC\",\"isPartOf\":{\"@id\":\"https:\/\/cpata-cabamc.ca\/fr\/#website\"},\"primaryImageOfPage\":{\"@id\":\"https:\/\/cpata-cabamc.ca\/fr\/votre-profession\/reinitialisation-du-mot-de-passe\/#primaryimage\"},\"image\":{\"@id\":\"https:\/\/cpata-cabamc.ca\/fr\/votre-profession\/reinitialisation-du-mot-de-passe\/#primaryimage\"},\"thumbnailUrl\":\"https:\/\/cpata-cabamc.ca\/wp-content\/uploads\/2024\/02\/Portal-activation-1-1024x436.png\",\"datePublished\":\"2024-02-12T17:37:59+00:00\",\"dateModified\":\"2025-02-18T19:40:47+00:00\",\"breadcrumb\":{\"@id\":\"https:\/\/cpata-cabamc.ca\/fr\/votre-profession\/reinitialisation-du-mot-de-passe\/#breadcrumb\"},\"inLanguage\":\"fr-FR\",\"potentialAction\":[{\"@type\":\"ReadAction\",\"target\":[\"https:\/\/cpata-cabamc.ca\/fr\/votre-profession\/reinitialisation-du-mot-de-passe\/\"]}]},{\"@type\":\"ImageObject\",\"inLanguage\":\"fr-FR\",\"@id\":\"https:\/\/cpata-cabamc.ca\/fr\/votre-profession\/reinitialisation-du-mot-de-passe\/#primaryimage\",\"url\":\"https:\/\/cpata-cabamc.ca\/wp-content\/uploads\/2024\/02\/Portal-activation-1-1024x436.png\",\"contentUrl\":\"https:\/\/cpata-cabamc.ca\/wp-content\/uploads\/2024\/02\/Portal-activation-1-1024x436.png\"},{\"@type\":\"BreadcrumbList\",\"@id\":\"https:\/\/cpata-cabamc.ca\/fr\/votre-profession\/reinitialisation-du-mot-de-passe\/#breadcrumb\",\"itemListElement\":[{\"@type\":\"ListItem\",\"position\":1,\"name\":\"Accueil\",\"item\":\"https:\/\/cpata-cabamc.ca\/fr\/\"},{\"@type\":\"ListItem\",\"position\":2,\"name\":\"Votre profession\",\"item\":\"https:\/\/cpata-cabamc.ca\/fr\/your-practice\/\"},{\"@type\":\"ListItem\",\"position\":3,\"name\":\"R\u00e9initialisation du nom d&#8217;utilisateur(-trice) ou mot de passe oubli\u00e9\"}]},{\"@type\":\"WebSite\",\"@id\":\"https:\/\/cpata-cabamc.ca\/fr\/#website\",\"url\":\"https:\/\/cpata-cabamc.ca\/fr\/\",\"name\":\"CABAMC\",\"description\":\"CABAMC\",\"publisher\":{\"@id\":\"https:\/\/cpata-cabamc.ca\/fr\/#organization\"},\"potentialAction\":[{\"@type\":\"SearchAction\",\"target\":{\"@type\":\"EntryPoint\",\"urlTemplate\":\"https:\/\/cpata-cabamc.ca\/fr\/?s={search_term_string}\"},\"query-input\":{\"@type\":\"PropertyValueSpecification\",\"valueRequired\":true,\"valueName\":\"search_term_string\"}}],\"inLanguage\":\"fr-FR\"},{\"@type\":\"Organization\",\"@id\":\"https:\/\/cpata-cabamc.ca\/fr\/#organization\",\"name\":\"CABAMC\",\"url\":\"https:\/\/cpata-cabamc.ca\/fr\/\",\"logo\":{\"@type\":\"ImageObject\",\"inLanguage\":\"fr-FR\",\"@id\":\"https:\/\/cpata-cabamc.ca\/fr\/#\/schema\/logo\/image\/\",\"url\":\"https:\/\/cpata-cabamc.ca\/wp-content\/uploads\/2021\/02\/Logo-Light-RGB.svg\",\"contentUrl\":\"https:\/\/cpata-cabamc.ca\/wp-content\/uploads\/2021\/02\/Logo-Light-RGB.svg\",\"caption\":\"CABAMC\"},\"image\":{\"@id\":\"https:\/\/cpata-cabamc.ca\/fr\/#\/schema\/logo\/image\/\"}}]}<\/script>\n<!-- \/ Yoast SEO plugin. -->","yoast_head_json":{"title":"R\u00e9initialisation du nom d'utilisateur(-trice) ou mot de passe oubli\u00e9 - CABAMC","robots":{"index":"index","follow":"follow","max-snippet":"max-snippet:-1","max-image-preview":"max-image-preview:large","max-video-preview":"max-video-preview:-1"},"canonical":"https:\/\/cpata-cabamc.ca\/fr\/votre-profession\/reinitialisation-du-mot-de-passe\/","og_locale":"fr_FR","og_type":"article","og_title":"R\u00e9initialisation du nom d'utilisateur(-trice) ou mot de passe oubli\u00e9 - CABAMC","og_description":"Avant de commencer, ajoutez l\u2019adresse info@cpata-cabamc.ca\u00a0\u00e0 votre liste des exp\u00e9diteurs approuv\u00e9s et confirmez aupr\u00e8s de","og_url":"https:\/\/cpata-cabamc.ca\/fr\/votre-profession\/reinitialisation-du-mot-de-passe\/","og_site_name":"CABAMC","article_modified_time":"2025-02-18T19:40:47+00:00","og_image":[{"width":1375,"height":585,"url":"https:\/\/cpata-cabamc.ca\/wp-content\/uploads\/2024\/02\/Portal-activation-1.png","type":"image\/png"}],"twitter_card":"summary_large_image","twitter_misc":{"Dur\u00e9e de lecture estim\u00e9e":"3 minutes"},"schema":{"@context":"https:\/\/schema.org","@graph":[{"@type":"WebPage","@id":"https:\/\/cpata-cabamc.ca\/fr\/votre-profession\/reinitialisation-du-mot-de-passe\/","url":"https:\/\/cpata-cabamc.ca\/fr\/votre-profession\/reinitialisation-du-mot-de-passe\/","name":"R\u00e9initialisation du nom d'utilisateur(-trice) ou mot de passe oubli\u00e9 - CABAMC","isPartOf":{"@id":"https:\/\/cpata-cabamc.ca\/fr\/#website"},"primaryImageOfPage":{"@id":"https:\/\/cpata-cabamc.ca\/fr\/votre-profession\/reinitialisation-du-mot-de-passe\/#primaryimage"},"image":{"@id":"https:\/\/cpata-cabamc.ca\/fr\/votre-profession\/reinitialisation-du-mot-de-passe\/#primaryimage"},"thumbnailUrl":"https:\/\/cpata-cabamc.ca\/wp-content\/uploads\/2024\/02\/Portal-activation-1-1024x436.png","datePublished":"2024-02-12T17:37:59+00:00","dateModified":"2025-02-18T19:40:47+00:00","breadcrumb":{"@id":"https:\/\/cpata-cabamc.ca\/fr\/votre-profession\/reinitialisation-du-mot-de-passe\/#breadcrumb"},"inLanguage":"fr-FR","potentialAction":[{"@type":"ReadAction","target":["https:\/\/cpata-cabamc.ca\/fr\/votre-profession\/reinitialisation-du-mot-de-passe\/"]}]},{"@type":"ImageObject","inLanguage":"fr-FR","@id":"https:\/\/cpata-cabamc.ca\/fr\/votre-profession\/reinitialisation-du-mot-de-passe\/#primaryimage","url":"https:\/\/cpata-cabamc.ca\/wp-content\/uploads\/2024\/02\/Portal-activation-1-1024x436.png","contentUrl":"https:\/\/cpata-cabamc.ca\/wp-content\/uploads\/2024\/02\/Portal-activation-1-1024x436.png"},{"@type":"BreadcrumbList","@id":"https:\/\/cpata-cabamc.ca\/fr\/votre-profession\/reinitialisation-du-mot-de-passe\/#breadcrumb","itemListElement":[{"@type":"ListItem","position":1,"name":"Accueil","item":"https:\/\/cpata-cabamc.ca\/fr\/"},{"@type":"ListItem","position":2,"name":"Votre profession","item":"https:\/\/cpata-cabamc.ca\/fr\/your-practice\/"},{"@type":"ListItem","position":3,"name":"R\u00e9initialisation du nom d&#8217;utilisateur(-trice) ou mot de passe oubli\u00e9"}]},{"@type":"WebSite","@id":"https:\/\/cpata-cabamc.ca\/fr\/#website","url":"https:\/\/cpata-cabamc.ca\/fr\/","name":"CABAMC","description":"CABAMC","publisher":{"@id":"https:\/\/cpata-cabamc.ca\/fr\/#organization"},"potentialAction":[{"@type":"SearchAction","target":{"@type":"EntryPoint","urlTemplate":"https:\/\/cpata-cabamc.ca\/fr\/?s={search_term_string}"},"query-input":{"@type":"PropertyValueSpecification","valueRequired":true,"valueName":"search_term_string"}}],"inLanguage":"fr-FR"},{"@type":"Organization","@id":"https:\/\/cpata-cabamc.ca\/fr\/#organization","name":"CABAMC","url":"https:\/\/cpata-cabamc.ca\/fr\/","logo":{"@type":"ImageObject","inLanguage":"fr-FR","@id":"https:\/\/cpata-cabamc.ca\/fr\/#\/schema\/logo\/image\/","url":"https:\/\/cpata-cabamc.ca\/wp-content\/uploads\/2021\/02\/Logo-Light-RGB.svg","contentUrl":"https:\/\/cpata-cabamc.ca\/wp-content\/uploads\/2021\/02\/Logo-Light-RGB.svg","caption":"CABAMC"},"image":{"@id":"https:\/\/cpata-cabamc.ca\/fr\/#\/schema\/logo\/image\/"}}]}},"_links":{"self":[{"href":"https:\/\/cpata-cabamc.ca\/fr\/wp-json\/wp\/v2\/pages\/17630","targetHints":{"allow":["GET"]}}],"collection":[{"href":"https:\/\/cpata-cabamc.ca\/fr\/wp-json\/wp\/v2\/pages"}],"about":[{"href":"https:\/\/cpata-cabamc.ca\/fr\/wp-json\/wp\/v2\/types\/page"}],"author":[{"embeddable":true,"href":"https:\/\/cpata-cabamc.ca\/fr\/wp-json\/wp\/v2\/users\/7"}],"replies":[{"embeddable":true,"href":"https:\/\/cpata-cabamc.ca\/fr\/wp-json\/wp\/v2\/comments?post=17630"}],"version-history":[{"count":0,"href":"https:\/\/cpata-cabamc.ca\/fr\/wp-json\/wp\/v2\/pages\/17630\/revisions"}],"up":[{"embeddable":true,"href":"https:\/\/cpata-cabamc.ca\/fr\/wp-json\/wp\/v2\/pages\/5885"}],"wp:attachment":[{"href":"https:\/\/cpata-cabamc.ca\/fr\/wp-json\/wp\/v2\/media?parent=17630"}],"wp:term":[{"taxonomy":"folder","embeddable":true,"href":"https:\/\/cpata-cabamc.ca\/fr\/wp-json\/wp\/v2\/folder?post=17630"}],"curies":[{"name":"wp","href":"https:\/\/api.w.org\/{rel}","templated":true}]}}