{"id":16618,"date":"2023-12-13T16:55:05","date_gmt":"2023-12-13T16:55:05","guid":{"rendered":"https:\/\/cpatacabamcdev.wpengine.com\/a-propos-de-nous\/consultations\/insurance-consultations\/"},"modified":"2023-12-13T16:58:37","modified_gmt":"2023-12-13T16:58:37","slug":"consultations-sur-les-assurances","status":"publish","type":"page","link":"https:\/\/cpata-cabamc.ca\/fr\/a-propos-de-nous\/consultations-et-appels-aux-observations\/consultations-sur-les-assurances\/","title":{"rendered":"Consultations sur les assurances"},"content":{"rendered":"\t\t<div data-elementor-type=\"wp-page\" data-elementor-id=\"16618\" class=\"elementor elementor-16618 elementor-16617\" data-elementor-post-type=\"page\">\n\t\t\t\t\t\t<section class=\"elementor-section elementor-top-section elementor-element elementor-element-59e96fd elementor-section-boxed elementor-section-height-default elementor-section-height-default\" data-id=\"59e96fd\" data-element_type=\"section\" data-e-type=\"section\">\n\t\t\t\t\t\t<div class=\"elementor-container elementor-column-gap-default\">\n\t\t\t\t\t<div class=\"elementor-column elementor-col-100 elementor-top-column elementor-element elementor-element-1d382ff\" data-id=\"1d382ff\" data-element_type=\"column\" data-e-type=\"column\">\n\t\t\t<div class=\"elementor-widget-wrap elementor-element-populated\">\n\t\t\t\t\t\t<div class=\"elementor-element elementor-element-19fbda0 elementor-widget elementor-widget-text-editor\" data-id=\"19fbda0\" data-element_type=\"widget\" data-e-type=\"widget\" data-widget_type=\"text-editor.default\">\n\t\t\t\t<div class=\"elementor-widget-container\">\n\t\t\t\t\t\t\t\t\t<p><span lang=\"FR-CA\">Pour ce qui est de l\u2019assurance, le CABAMC a adopt\u00e9 une approche fond\u00e9e sur l\u2019att\u00e9nuation des risques. Il a notamment consult\u00e9 des praticien(ne)s et des sp\u00e9cialistes de l\u2019industrie pour \u00e9tablir ces exigences.<\/span><\/p><p><span lang=\"FR-CA\">Le Coll\u00e8ge a retenu les services d\u2019une soci\u00e9t\u00e9 de conseil ind\u00e9pendante qui travaille dans les domaines de la gestion des risques et de l\u2019actuariat afin de r\u00e9aliser une analyse et de formuler des recommandations. Axxima a inclus dans son analyse l\u2019organisme de r\u00e9glementation des avocat(e)s sp\u00e9cialistes des brevets et des marques de commerce du Royaume-Uni de m\u00eame que les r\u00e9gimes d\u2019assurance commerciale les plus accessibles pour les agent(e)s de brevets et de marques de commerce au Canada et au Royaume-Uni. La soci\u00e9t\u00e9 a formul\u00e9 16\u00a0recommandations \u00e0 l\u2019intention du CABAMC dans\u00a0<\/span><a href=\"https:\/\/cpata-cabamc.ca\/wp-content\/uploads\/2021\/08\/2020-11-09-Axxima-CPATA-Report-FINAL.pdf\" target=\"_blank\" rel=\"noopener\"><span lang=\"FR-CA\">ce rapport<\/span><\/a><span lang=\"FR-CA\">.<\/span><\/p><p><span lang=\"FR-CA\">En juillet\u00a02021, le CABAMC a publi\u00e9 un document de consultation d\u00e9crivant l\u2019approche qu\u2019il propose pour l\u2019\u00e9tablissement des exigences d\u2019assurance. Certaines personnes titulaires de permis se sont pench\u00e9es sur les d\u00e9tails de la proposition avant que le Conseil d\u2019administration du CABAMC ne prenne une d\u00e9cision d\u00e9finitive. Sur les 16\u00a0exigences sugg\u00e9r\u00e9es par la soci\u00e9t\u00e9 de conseil, le CABAMC n\u2019en a s\u00e9lectionn\u00e9 que quatre, adoptant ainsi une approche aussi souple que possible afin de minimiser le fardeau qui incombe aux praticien(ne)s et, ultimement, aux client(e)s.<\/span><\/p><p><span lang=\"FR-CA\">En outre, le CABAMC contraint seulement les titulaires de permis expos\u00e9(e)s \u00e0 un risque plus \u00e9lev\u00e9, \u00e0 savoir les titulaires de permis de cat\u00e9gorie\u00a01 ou\u00a03 qui offrent des services au public, \u00e0 contracter une assurance. Les personnes qui travaillent pour le gouvernement ou en tant qu\u2019agent(e)s internes sont donc exempt\u00e9es de cette exigence.<\/span><\/p>\t\t\t\t\t\t\t\t<\/div>\n\t\t\t\t<\/div>\n\t\t\t\t<div class=\"elementor-element elementor-element-75a0e35 elementor-widget-divider--view-line elementor-widget elementor-widget-divider\" data-id=\"75a0e35\" data-element_type=\"widget\" data-e-type=\"widget\" data-widget_type=\"divider.default\">\n\t\t\t\t<div class=\"elementor-widget-container\">\n\t\t\t\t\t\t\t<div class=\"elementor-divider\">\n\t\t\t<span class=\"elementor-divider-separator\">\n\t\t\t\t\t\t<\/span>\n\t\t<\/div>\n\t\t\t\t\t\t<\/div>\n\t\t\t\t<\/div>\n\t\t\t\t\t<\/div>\n\t\t<\/div>\n\t\t\t\t\t<\/div>\n\t\t<\/section>\n\t\t\t\t<section class=\"elementor-section elementor-top-section elementor-element elementor-element-ef2ebd8 elementor-hidden-desktop elementor-hidden-tablet elementor-hidden-mobile elementor-section-boxed elementor-section-height-default elementor-section-height-default\" data-id=\"ef2ebd8\" data-element_type=\"section\" data-e-type=\"section\">\n\t\t\t\t\t\t<div class=\"elementor-container elementor-column-gap-default\">\n\t\t\t\t\t<div class=\"elementor-column elementor-col-100 elementor-top-column elementor-element elementor-element-38e3812\" data-id=\"38e3812\" data-element_type=\"column\" data-e-type=\"column\">\n\t\t\t<div class=\"elementor-widget-wrap\">\n\t\t\t\t\t\t\t<\/div>\n\t\t<\/div>\n\t\t\t\t\t<\/div>\n\t\t<\/section>\n\t\t\t\t<\/div>\n\t\t","protected":false},"excerpt":{"rendered":"<p>Pour ce qui est de l\u2019assurance, le CABAMC a adopt\u00e9 une approche fond\u00e9e sur l\u2019att\u00e9nuation<\/p>\n","protected":false},"author":10,"featured_media":0,"parent":7894,"menu_order":0,"comment_status":"closed","ping_status":"closed","template":"","meta":{"_acf_changed":false,"_monsterinsights_skip_tracking":false,"_monsterinsights_sitenote_active":false,"_monsterinsights_sitenote_note":"","_monsterinsights_sitenote_category":0,"site-sidebar-layout":"no-sidebar","site-content-layout":"page-builder","ast-site-content-layout":"full-width-container","site-content-style":"unboxed","site-sidebar-style":"unboxed","ast-global-header-display":"","ast-banner-title-visibility":"","ast-main-header-display":"","ast-hfb-above-header-display":"","ast-hfb-below-header-display":"","ast-hfb-mobile-header-display":"","site-post-title":"disabled","ast-breadcrumbs-content":"","ast-featured-img":"disabled","footer-sml-layout":"","theme-transparent-header-meta":"default","adv-header-id-meta":"","stick-header-meta":"","header-above-stick-meta":"","header-main-stick-meta":"","header-below-stick-meta":"","astra-migrate-meta-layouts":"set","ast-page-background-enabled":"default","ast-page-background-meta":{"desktop":{"background-color":"","background-image":"","background-repeat":"repeat","background-position":"center center","background-size":"auto","background-attachment":"scroll","background-type":"","background-media":"","overlay-type":"","overlay-color":"","overlay-opacity":"","overlay-gradient":""},"tablet":{"background-color":"","background-image":"","background-repeat":"repeat","background-position":"center center","background-size":"auto","background-attachment":"scroll","background-type":"","background-media":"","overlay-type":"","overlay-color":"","overlay-opacity":"","overlay-gradient":""},"mobile":{"background-color":"","background-image":"","background-repeat":"repeat","background-position":"center center","background-size":"auto","background-attachment":"scroll","background-type":"","background-media":"","overlay-type":"","overlay-color":"","overlay-opacity":"","overlay-gradient":""}},"ast-content-background-meta":{"desktop":{"background-color":"var(--ast-global-color-5)","background-image":"","background-repeat":"repeat","background-position":"center center","background-size":"auto","background-attachment":"scroll","background-type":"","background-media":"","overlay-type":"","overlay-color":"","overlay-opacity":"","overlay-gradient":""},"tablet":{"background-color":"var(--ast-global-color-5)","background-image":"","background-repeat":"repeat","background-position":"center center","background-size":"auto","background-attachment":"scroll","background-type":"","background-media":"","overlay-type":"","overlay-color":"","overlay-opacity":"","overlay-gradient":""},"mobile":{"background-color":"var(--ast-global-color-5)","background-image":"","background-repeat":"repeat","background-position":"center center","background-size":"auto","background-attachment":"scroll","background-type":"","background-media":"","overlay-type":"","overlay-color":"","overlay-opacity":"","overlay-gradient":""}},"footnotes":""},"folder":[],"class_list":["post-16618","page","type-page","status-publish","hentry"],"acf":[],"yoast_head":"<!-- This site is optimized with the Yoast SEO plugin v27.2 - https:\/\/yoast.com\/product\/yoast-seo-wordpress\/ -->\n<title>Consultations sur les assurances - CABAMC<\/title>\n<meta name=\"robots\" content=\"index, follow, max-snippet:-1, max-image-preview:large, max-video-preview:-1\" \/>\n<link rel=\"canonical\" href=\"https:\/\/cpata-cabamc.ca\/fr\/a-propos-de-nous\/consultations-et-appels-aux-observations\/consultations-sur-les-assurances\/\" \/>\n<meta property=\"og:locale\" content=\"fr_FR\" \/>\n<meta property=\"og:type\" content=\"article\" \/>\n<meta property=\"og:title\" content=\"Consultations sur les assurances - CABAMC\" \/>\n<meta property=\"og:description\" content=\"Pour ce qui est de l\u2019assurance, le CABAMC a adopt\u00e9 une approche fond\u00e9e sur l\u2019att\u00e9nuation\" \/>\n<meta property=\"og:url\" content=\"https:\/\/cpata-cabamc.ca\/fr\/a-propos-de-nous\/consultations-et-appels-aux-observations\/consultations-sur-les-assurances\/\" \/>\n<meta property=\"og:site_name\" content=\"CABAMC\" \/>\n<meta property=\"article:modified_time\" content=\"2023-12-13T16:58:37+00:00\" \/>\n<meta name=\"twitter:card\" content=\"summary_large_image\" \/>\n<meta name=\"twitter:label1\" content=\"Dur\u00e9e de lecture estim\u00e9e\" \/>\n\t<meta name=\"twitter:data1\" content=\"1 minute\" \/>\n<script type=\"application\/ld+json\" class=\"yoast-schema-graph\">{\"@context\":\"https:\/\/schema.org\",\"@graph\":[{\"@type\":\"WebPage\",\"@id\":\"https:\/\/cpata-cabamc.ca\/fr\/a-propos-de-nous\/consultations-et-appels-aux-observations\/consultations-sur-les-assurances\/\",\"url\":\"https:\/\/cpata-cabamc.ca\/fr\/a-propos-de-nous\/consultations-et-appels-aux-observations\/consultations-sur-les-assurances\/\",\"name\":\"Consultations sur les assurances - CABAMC\",\"isPartOf\":{\"@id\":\"https:\/\/cpata-cabamc.ca\/fr\/#website\"},\"datePublished\":\"2023-12-13T16:55:05+00:00\",\"dateModified\":\"2023-12-13T16:58:37+00:00\",\"breadcrumb\":{\"@id\":\"https:\/\/cpata-cabamc.ca\/fr\/a-propos-de-nous\/consultations-et-appels-aux-observations\/consultations-sur-les-assurances\/#breadcrumb\"},\"inLanguage\":\"fr-FR\",\"potentialAction\":[{\"@type\":\"ReadAction\",\"target\":[\"https:\/\/cpata-cabamc.ca\/fr\/a-propos-de-nous\/consultations-et-appels-aux-observations\/consultations-sur-les-assurances\/\"]}]},{\"@type\":\"BreadcrumbList\",\"@id\":\"https:\/\/cpata-cabamc.ca\/fr\/a-propos-de-nous\/consultations-et-appels-aux-observations\/consultations-sur-les-assurances\/#breadcrumb\",\"itemListElement\":[{\"@type\":\"ListItem\",\"position\":1,\"name\":\"Accueil\",\"item\":\"https:\/\/cpata-cabamc.ca\/fr\/\"},{\"@type\":\"ListItem\",\"position\":2,\"name\":\"\u00c0 propos de nous\",\"item\":\"https:\/\/cpata-cabamc.ca\/fr\/about-us\/\"},{\"@type\":\"ListItem\",\"position\":3,\"name\":\"Consultations et appels \u00e0 commentaires\",\"item\":\"https:\/\/cpata-cabamc.ca\/fr\/a-propos-de-nous\/consultations-et-appels-aux-observations\/\"},{\"@type\":\"ListItem\",\"position\":4,\"name\":\"Consultations sur les assurances\"}]},{\"@type\":\"WebSite\",\"@id\":\"https:\/\/cpata-cabamc.ca\/fr\/#website\",\"url\":\"https:\/\/cpata-cabamc.ca\/fr\/\",\"name\":\"CABAMC\",\"description\":\"CABAMC\",\"publisher\":{\"@id\":\"https:\/\/cpata-cabamc.ca\/fr\/#organization\"},\"potentialAction\":[{\"@type\":\"SearchAction\",\"target\":{\"@type\":\"EntryPoint\",\"urlTemplate\":\"https:\/\/cpata-cabamc.ca\/fr\/?s={search_term_string}\"},\"query-input\":{\"@type\":\"PropertyValueSpecification\",\"valueRequired\":true,\"valueName\":\"search_term_string\"}}],\"inLanguage\":\"fr-FR\"},{\"@type\":\"Organization\",\"@id\":\"https:\/\/cpata-cabamc.ca\/fr\/#organization\",\"name\":\"CABAMC\",\"url\":\"https:\/\/cpata-cabamc.ca\/fr\/\",\"logo\":{\"@type\":\"ImageObject\",\"inLanguage\":\"fr-FR\",\"@id\":\"https:\/\/cpata-cabamc.ca\/fr\/#\/schema\/logo\/image\/\",\"url\":\"https:\/\/cpata-cabamc.ca\/wp-content\/uploads\/2021\/02\/Logo-Light-RGB.svg\",\"contentUrl\":\"https:\/\/cpata-cabamc.ca\/wp-content\/uploads\/2021\/02\/Logo-Light-RGB.svg\",\"caption\":\"CABAMC\"},\"image\":{\"@id\":\"https:\/\/cpata-cabamc.ca\/fr\/#\/schema\/logo\/image\/\"}}]}<\/script>\n<!-- \/ Yoast SEO plugin. -->","yoast_head_json":{"title":"Consultations sur les assurances - CABAMC","robots":{"index":"index","follow":"follow","max-snippet":"max-snippet:-1","max-image-preview":"max-image-preview:large","max-video-preview":"max-video-preview:-1"},"canonical":"https:\/\/cpata-cabamc.ca\/fr\/a-propos-de-nous\/consultations-et-appels-aux-observations\/consultations-sur-les-assurances\/","og_locale":"fr_FR","og_type":"article","og_title":"Consultations sur les assurances - CABAMC","og_description":"Pour ce qui est de l\u2019assurance, le CABAMC a adopt\u00e9 une approche fond\u00e9e sur l\u2019att\u00e9nuation","og_url":"https:\/\/cpata-cabamc.ca\/fr\/a-propos-de-nous\/consultations-et-appels-aux-observations\/consultations-sur-les-assurances\/","og_site_name":"CABAMC","article_modified_time":"2023-12-13T16:58:37+00:00","twitter_card":"summary_large_image","twitter_misc":{"Dur\u00e9e de lecture estim\u00e9e":"1 minute"},"schema":{"@context":"https:\/\/schema.org","@graph":[{"@type":"WebPage","@id":"https:\/\/cpata-cabamc.ca\/fr\/a-propos-de-nous\/consultations-et-appels-aux-observations\/consultations-sur-les-assurances\/","url":"https:\/\/cpata-cabamc.ca\/fr\/a-propos-de-nous\/consultations-et-appels-aux-observations\/consultations-sur-les-assurances\/","name":"Consultations sur les assurances - CABAMC","isPartOf":{"@id":"https:\/\/cpata-cabamc.ca\/fr\/#website"},"datePublished":"2023-12-13T16:55:05+00:00","dateModified":"2023-12-13T16:58:37+00:00","breadcrumb":{"@id":"https:\/\/cpata-cabamc.ca\/fr\/a-propos-de-nous\/consultations-et-appels-aux-observations\/consultations-sur-les-assurances\/#breadcrumb"},"inLanguage":"fr-FR","potentialAction":[{"@type":"ReadAction","target":["https:\/\/cpata-cabamc.ca\/fr\/a-propos-de-nous\/consultations-et-appels-aux-observations\/consultations-sur-les-assurances\/"]}]},{"@type":"BreadcrumbList","@id":"https:\/\/cpata-cabamc.ca\/fr\/a-propos-de-nous\/consultations-et-appels-aux-observations\/consultations-sur-les-assurances\/#breadcrumb","itemListElement":[{"@type":"ListItem","position":1,"name":"Accueil","item":"https:\/\/cpata-cabamc.ca\/fr\/"},{"@type":"ListItem","position":2,"name":"\u00c0 propos de nous","item":"https:\/\/cpata-cabamc.ca\/fr\/about-us\/"},{"@type":"ListItem","position":3,"name":"Consultations et appels \u00e0 commentaires","item":"https:\/\/cpata-cabamc.ca\/fr\/a-propos-de-nous\/consultations-et-appels-aux-observations\/"},{"@type":"ListItem","position":4,"name":"Consultations sur les assurances"}]},{"@type":"WebSite","@id":"https:\/\/cpata-cabamc.ca\/fr\/#website","url":"https:\/\/cpata-cabamc.ca\/fr\/","name":"CABAMC","description":"CABAMC","publisher":{"@id":"https:\/\/cpata-cabamc.ca\/fr\/#organization"},"potentialAction":[{"@type":"SearchAction","target":{"@type":"EntryPoint","urlTemplate":"https:\/\/cpata-cabamc.ca\/fr\/?s={search_term_string}"},"query-input":{"@type":"PropertyValueSpecification","valueRequired":true,"valueName":"search_term_string"}}],"inLanguage":"fr-FR"},{"@type":"Organization","@id":"https:\/\/cpata-cabamc.ca\/fr\/#organization","name":"CABAMC","url":"https:\/\/cpata-cabamc.ca\/fr\/","logo":{"@type":"ImageObject","inLanguage":"fr-FR","@id":"https:\/\/cpata-cabamc.ca\/fr\/#\/schema\/logo\/image\/","url":"https:\/\/cpata-cabamc.ca\/wp-content\/uploads\/2021\/02\/Logo-Light-RGB.svg","contentUrl":"https:\/\/cpata-cabamc.ca\/wp-content\/uploads\/2021\/02\/Logo-Light-RGB.svg","caption":"CABAMC"},"image":{"@id":"https:\/\/cpata-cabamc.ca\/fr\/#\/schema\/logo\/image\/"}}]}},"_links":{"self":[{"href":"https:\/\/cpata-cabamc.ca\/fr\/wp-json\/wp\/v2\/pages\/16618","targetHints":{"allow":["GET"]}}],"collection":[{"href":"https:\/\/cpata-cabamc.ca\/fr\/wp-json\/wp\/v2\/pages"}],"about":[{"href":"https:\/\/cpata-cabamc.ca\/fr\/wp-json\/wp\/v2\/types\/page"}],"author":[{"embeddable":true,"href":"https:\/\/cpata-cabamc.ca\/fr\/wp-json\/wp\/v2\/users\/10"}],"replies":[{"embeddable":true,"href":"https:\/\/cpata-cabamc.ca\/fr\/wp-json\/wp\/v2\/comments?post=16618"}],"version-history":[{"count":0,"href":"https:\/\/cpata-cabamc.ca\/fr\/wp-json\/wp\/v2\/pages\/16618\/revisions"}],"up":[{"embeddable":true,"href":"https:\/\/cpata-cabamc.ca\/fr\/wp-json\/wp\/v2\/pages\/7894"}],"wp:attachment":[{"href":"https:\/\/cpata-cabamc.ca\/fr\/wp-json\/wp\/v2\/media?parent=16618"}],"wp:term":[{"taxonomy":"folder","embeddable":true,"href":"https:\/\/cpata-cabamc.ca\/fr\/wp-json\/wp\/v2\/folder?post=16618"}],"curies":[{"name":"wp","href":"https:\/\/api.w.org\/{rel}","templated":true}]}}