{"id":14022,"date":"2023-03-20T18:32:43","date_gmt":"2023-03-20T18:32:43","guid":{"rendered":"https:\/\/cpatacabamcdev.wpengine.com\/?page_id=14022"},"modified":"2024-05-03T15:34:14","modified_gmt":"2024-05-03T15:34:14","slug":"confirmation-de-lidentite","status":"publish","type":"page","link":"https:\/\/cpata-cabamc.ca\/fr\/a-propos-de-nous\/politiques-du-registraire\/confirmation-de-lidentite\/","title":{"rendered":"Confirmation de l\u2019identit\u00e9"},"content":{"rendered":"\t\t<div data-elementor-type=\"wp-page\" data-elementor-id=\"14022\" class=\"elementor elementor-14022 elementor-14014\" data-elementor-post-type=\"page\">\n\t\t\t\t\t\t<section class=\"elementor-section elementor-top-section elementor-element elementor-element-32e8e11 elementor-section-boxed elementor-section-height-default elementor-section-height-default\" data-id=\"32e8e11\" data-element_type=\"section\" data-e-type=\"section\">\n\t\t\t\t\t\t<div class=\"elementor-container elementor-column-gap-default\">\n\t\t\t\t\t<div class=\"elementor-column elementor-col-100 elementor-top-column elementor-element elementor-element-a910f32\" data-id=\"a910f32\" data-element_type=\"column\" data-e-type=\"column\">\n\t\t\t<div class=\"elementor-widget-wrap elementor-element-populated\">\n\t\t\t\t\t\t<div class=\"elementor-element elementor-element-39c2de8 elementor-widget elementor-widget-text-editor\" data-id=\"39c2de8\" data-element_type=\"widget\" data-e-type=\"widget\" data-widget_type=\"text-editor.default\">\n\t\t\t\t<div class=\"elementor-widget-container\">\n\t\t\t\t\t\t\t\t\t<p><a href=\"https:\/\/cpata-cabamc.ca\/wp-content\/uploads\/2023\/03\/2023-03-07_Registrars-Policy-on-Confirming-Identity_Final-tef.pdf\">T\u00e9l\u00e9charger le PDF<\/a><\/p><table width=\"624\"><tbody><tr><td width=\"159\"><strong>NOM DE LA POLITIQUE<\/strong><\/td><td colspan=\"3\" width=\"465\"><strong>Confirmation de l\u2019identit\u00e9<\/strong><\/td><\/tr><tr><td width=\"159\"><strong>ARTICLES APPLICABLES DE LA LOI, DU R\u00c8GLEMENT ADMINISTRATIF ET DU R\u00c8GLEMENT<\/strong><\/td><td colspan=\"3\" width=\"465\">Alin\u00e9as 9e) et 12e) du R\u00e8glement administratif du Coll\u00e8ge.<a href=\"#footnote1\"><sup>1<\/sup> <\/a><\/td><\/tr><tr><td width=\"159\"><strong>RESPONSABLE<\/strong><\/td><td width=\"156\">Registraire<\/td><td width=\"155\"><strong>\u00a0<\/strong><\/td><td width=\"154\"><strong>\u00a0<\/strong><\/td><\/tr><tr><td width=\"159\"><strong>APPROUV\u00c9 PAR<\/strong><\/td><td width=\"156\"><strong>EN VIGUEUR<\/strong><\/td><td width=\"155\"><strong>EXAMIN\u00c9<\/strong><\/td><td width=\"154\"><strong>R\u00c9VIS\u00c9<\/strong><\/td><\/tr><tr><td width=\"159\"><strong>Registraire<\/strong><\/td><td width=\"156\">Le 20\u00a0mars\u00a02023<\/td><td width=\"155\">\u00a0<\/td><td width=\"154\">\u00a0<\/td><\/tr><\/tbody><\/table><p>Dans le cadre de la pr\u00e9sente politique\u00a0:<\/p><ol type=\"a\"><li>\u00ab\u00a0demandeur(-euse)\u00a0\u00bb d\u00e9signe une personne qui a pr\u00e9sent\u00e9 une demande d\u2019inscription \u00e0 titre d\u2019agent(e) en formation titulaire de permis de cat\u00e9gorie\u00a03.<\/li><\/ol>\t\t\t\t\t\t\t\t<\/div>\n\t\t\t\t<\/div>\n\t\t\t\t<div class=\"elementor-element elementor-element-d080279 elementor-widget elementor-widget-heading\" data-id=\"d080279\" data-element_type=\"widget\" data-e-type=\"widget\" data-widget_type=\"heading.default\">\n\t\t\t\t<div class=\"elementor-widget-container\">\n\t\t\t\t\t<h2 class=\"elementor-heading-title elementor-size-default\">Politique<\/h2>\t\t\t\t<\/div>\n\t\t\t\t<\/div>\n\t\t\t\t<div class=\"elementor-element elementor-element-c23d6f8 elementor-widget elementor-widget-text-editor\" data-id=\"c23d6f8\" data-element_type=\"widget\" data-e-type=\"widget\" data-widget_type=\"text-editor.default\">\n\t\t\t\t<div class=\"elementor-widget-container\">\n\t\t\t\t\t\t\t\t\t<p>Le programme d\u2019inscription du Coll\u00e8ge veille \u00e0 ce que les personnes qui pr\u00e9sentent une demande pour devenir agent(e)s en formation confirment leur identit\u00e9. Cette confirmation sert \u00e0 pr\u00e9venir les fraudes, contribuant ainsi \u00e0 la protection des personnes qui se pr\u00e9valent des services d\u2019un(e) agent(e) de propri\u00e9t\u00e9 intellectuelle (PI).<\/p><p>Pour satisfaire aux exigences d\u2019inscription, le Coll\u00e8ge exige que les personnes qui pr\u00e9sentent une demande fournissent l\u2019un des documents suivants avec leur demande\u00a0:<\/p><ol><li style=\"list-style-type: none;\"><ol><li style=\"list-style-type: none;\"><ol type=\"a\"><li>Une copie \u00e9lectronique d\u2019une (1) photo actuelle de passeport non modifi\u00e9e. La photo doit avoir \u00e9t\u00e9 prise au plus six (6) mois pr\u00e9c\u00e9dant la date de la demande. La signature de la personne pr\u00e9sentant la demande doit \u00eatre appos\u00e9e au verso de la photo, et celle-ci doit \u00eatre certifi\u00e9e par un(e) garant(e).<\/li><li>Une copie \u00e9lectronique d\u2019une (1) pi\u00e8ce d\u2019identit\u00e9 avec photo d\u00e9livr\u00e9e par le gouvernement. Pour \u00eatre accept\u00e9e, la pi\u00e8ce d\u2019identit\u00e9 doit comprendre le nom de la personne pr\u00e9sentant la demande, ainsi que sa date de naissance, sa photo et sa signature. La pi\u00e8ce d\u2019identit\u00e9 avec photo doit \u00eatre valide au moment de la demande. Voir l\u2019annexe A pour des exemples de pi\u00e8ces d\u2019identification valides. La copie doit \u00eatre sign\u00e9e par la personne pr\u00e9sentant la demande en plus d\u2019\u00eatre certifi\u00e9e par un(e) garant(e).<\/li><\/ol><\/li><\/ol><\/li><\/ol><p>Le(la) r\u00e9pondant(e) doit\u00a0:<\/p><ol><li style=\"list-style-type: none;\"><ol type=\"a\"><li>conna\u00eetre le(la) demandeur(-euse) depuis au moins 2\u00a0ans;<\/li><li>\u00eatre disponible si nous avons besoin de communiquer;<\/li><li>avoir au moins 18\u00a0ans.<\/li><\/ol><\/li><\/ol>\t\t\t\t\t\t\t\t<\/div>\n\t\t\t\t<\/div>\n\t\t\t\t<div class=\"elementor-element elementor-element-d28554b elementor-widget elementor-widget-heading\" data-id=\"d28554b\" data-element_type=\"widget\" data-e-type=\"widget\" data-widget_type=\"heading.default\">\n\t\t\t\t<div class=\"elementor-widget-container\">\n\t\t\t\t\t<h2 class=\"elementor-heading-title elementor-size-default\">Proc\u00e9dures<\/h2>\t\t\t\t<\/div>\n\t\t\t\t<\/div>\n\t\t\t\t<div class=\"elementor-element elementor-element-68dbdab elementor-widget elementor-widget-text-editor\" data-id=\"68dbdab\" data-element_type=\"widget\" data-e-type=\"widget\" data-widget_type=\"text-editor.default\">\n\t\t\t\t<div class=\"elementor-widget-container\">\n\t\t\t\t\t\t\t\t\t<ol><li>La personne qui pr\u00e9sente la demande obtient soit la photo de passeport (telle que d\u00e9crite pr\u00e9c\u00e9demment), soit la copie de sa pi\u00e8ce d\u2019identit\u00e9 avec photo \u00e9mise par le gouvernement.<\/li><li>La personne qui pr\u00e9sente la demande appose sa signature au verso de la photo ou de la copie de sa pi\u00e8ce d\u2019identit\u00e9 avec photo \u00e9mise par le gouvernement.<\/li><li>Le(la) garant (e) \u00e9crit clairement \u00ab Je certifie qu\u2019il s\u2019agit d\u2019une repr\u00e9sentation fid\u00e8le de (nom du[de la] demandeur[-euse] \u00bb, avant d\u2019apposer sa signature au verso de la photo ou de la copie de la pi\u00e8ce d\u2019identit\u00e9 avec photo \u00e9mise par le gouvernement.<\/li><li>Le(la) registraire examinera les \u00e9l\u00e9ments de preuves soumis par le(la) demandeur(-euse) afin de s\u2019assurer que les renseignements permettant de confirmer l\u2019identit\u00e9 ont \u00e9t\u00e9 envoy\u00e9s.<\/li><li>La d\u00e9cision du(de la) registraire sera communiqu\u00e9e par \u00e9crit \u00e0 la personne ayant pr\u00e9sent\u00e9 la demande, et des instructions seront fournies pour demander le contr\u00f4le de la d\u00e9cision du(de la) registraire aupr\u00e8s du Comit\u00e9 d\u2019inscription, si le(la) registraire arrive \u00e0 la conclusion que l\u2019exigence de confirmation de l\u2019identit\u00e9 n\u2019est pas satisfaite, pour quelque raison que ce soit.<\/li><\/ol>\t\t\t\t\t\t\t\t<\/div>\n\t\t\t\t<\/div>\n\t\t\t\t<div class=\"elementor-element elementor-element-2e85d4e elementor-widget elementor-widget-heading\" data-id=\"2e85d4e\" data-element_type=\"widget\" data-e-type=\"widget\" data-widget_type=\"heading.default\">\n\t\t\t\t<div class=\"elementor-widget-container\">\n\t\t\t\t\t<h2 class=\"elementor-heading-title elementor-size-default\">R\u00e9f\u00e9rences : <\/h2>\t\t\t\t<\/div>\n\t\t\t\t<\/div>\n\t\t\t\t<div class=\"elementor-element elementor-element-b1e5790 elementor-widget elementor-widget-text-editor\" data-id=\"b1e5790\" data-element_type=\"widget\" data-e-type=\"widget\" data-widget_type=\"text-editor.default\">\n\t\t\t\t<div class=\"elementor-widget-container\">\n\t\t\t\t\t\t\t\t\t<p><a href=\"https:\/\/cpata-cabamc.ca\/wp-content\/uploads\/2021\/06\/By-laws-of-the-College-of-Patent-Agents-and-Trademark-Agents-College.pdf\">R\u00e8glements administratifs du CABAMC<\/a><\/p>\t\t\t\t\t\t\t\t<\/div>\n\t\t\t\t<\/div>\n\t\t\t\t<div class=\"elementor-element elementor-element-0e647cc elementor-widget elementor-widget-heading\" data-id=\"0e647cc\" data-element_type=\"widget\" data-e-type=\"widget\" data-widget_type=\"heading.default\">\n\t\t\t\t<div class=\"elementor-widget-container\">\n\t\t\t\t\t<h2 class=\"elementor-heading-title elementor-size-default\">Annexe A <\/h2>\t\t\t\t<\/div>\n\t\t\t\t<\/div>\n\t\t\t\t<div class=\"elementor-element elementor-element-ef3da4d elementor-widget elementor-widget-text-editor\" data-id=\"ef3da4d\" data-element_type=\"widget\" data-e-type=\"widget\" data-widget_type=\"text-editor.default\">\n\t\t\t\t<div class=\"elementor-widget-container\">\n\t\t\t\t\t\t\t\t\t<p>Les pi\u00e8ces d\u2019identification valides comprennent ce qui suit<a href=\"#footnote2\"><sup>2<\/sup> <\/a>:<\/p><ul><li>Passeport<ul><li>Un passeport international est acceptable s\u2019il comprend le nom, la date de naissance, la photo et la signature de la personne pr\u00e9sentant la demande; il faut aussi y joindre une traduction professionnelle lorsque ce passeport n\u2019est pas en anglais ou en fran\u00e7ais.<\/li><\/ul><\/li><li>Permis de conduire<\/li><li>Permis de conduire Plus<\/li><li>Carte d\u2019identit\u00e9 militaire canadienne<\/li><li>Carte d\u2019identit\u00e9 \u00e9mise par le gouvernement.<\/li><li>Carte d\u2019identit\u00e9 Plus \u00e9mise par le gouvernement.<\/li><li>Carte sant\u00e9<\/li><li>Certificat de citoyennet\u00e9 canadienne<\/li><li>Carte de r\u00e9sidence permanente canadienne<\/li><\/ul>\t\t\t\t\t\t\t\t<\/div>\n\t\t\t\t<\/div>\n\t\t\t\t\t<\/div>\n\t\t<\/div>\n\t\t\t\t\t<\/div>\n\t\t<\/section>\n\t\t\t\t<section class=\"elementor-section elementor-top-section elementor-element elementor-element-abec016 elementor-section-boxed elementor-section-height-default elementor-section-height-default\" data-id=\"abec016\" data-element_type=\"section\" data-e-type=\"section\">\n\t\t\t\t\t\t<div class=\"elementor-container elementor-column-gap-default\">\n\t\t\t\t\t<div class=\"elementor-column elementor-col-100 elementor-top-column elementor-element elementor-element-9aea627\" data-id=\"9aea627\" data-element_type=\"column\" data-e-type=\"column\">\n\t\t\t<div class=\"elementor-widget-wrap elementor-element-populated\">\n\t\t\t\t\t\t<div class=\"elementor-element elementor-element-8f7307d elementor-widget elementor-widget-text-editor\" data-id=\"8f7307d\" data-element_type=\"widget\" data-e-type=\"widget\" id=\"footnote1\" data-widget_type=\"text-editor.default\">\n\t\t\t\t<div class=\"elementor-widget-container\">\n\t\t\t\t\t\t\t\t\t<p>1 \u00ab Il fournit un sp\u00e9cimen de signature, une photographie r\u00e9cente et tout autre renseignement n\u00e9cessaire afin de confirmer son identit\u00e9. \u00bb<\/p>\t\t\t\t\t\t\t\t<\/div>\n\t\t\t\t<\/div>\n\t\t\t\t<div class=\"elementor-element elementor-element-d41fd73 elementor-widget elementor-widget-text-editor\" data-id=\"d41fd73\" data-element_type=\"widget\" data-e-type=\"widget\" id=\"footnote2\" data-widget_type=\"text-editor.default\">\n\t\t\t\t<div class=\"elementor-widget-container\">\n\t\t\t\t\t\t\t\t\t<p>2\u00a0 Ces exemples sont jug\u00e9s valides et acceptables par le gouvernement f\u00e9d\u00e9ral.<\/p>\t\t\t\t\t\t\t\t<\/div>\n\t\t\t\t<\/div>\n\t\t\t\t\t<\/div>\n\t\t<\/div>\n\t\t\t\t\t<\/div>\n\t\t<\/section>\n\t\t\t\t<\/div>\n\t\t","protected":false},"excerpt":{"rendered":"<p>T\u00e9l\u00e9charger le PDF NOM DE LA POLITIQUE Confirmation de l\u2019identit\u00e9 ARTICLES APPLICABLES DE LA LOI,<\/p>\n","protected":false},"author":7,"featured_media":0,"parent":4104,"menu_order":0,"comment_status":"closed","ping_status":"closed","template":"","meta":{"_acf_changed":false,"_monsterinsights_skip_tracking":false,"_monsterinsights_sitenote_active":false,"_monsterinsights_sitenote_note":"","_monsterinsights_sitenote_category":0,"site-sidebar-layout":"no-sidebar","site-content-layout":"page-builder","ast-site-content-layout":"default","site-content-style":"default","site-sidebar-style":"default","ast-global-header-display":"","ast-banner-title-visibility":"","ast-main-header-display":"","ast-hfb-above-header-display":"","ast-hfb-below-header-display":"","ast-hfb-mobile-header-display":"","site-post-title":"disabled","ast-breadcrumbs-content":"","ast-featured-img":"disabled","footer-sml-layout":"","theme-transparent-header-meta":"","adv-header-id-meta":"","stick-header-meta":"","header-above-stick-meta":"","header-main-stick-meta":"","header-below-stick-meta":"","astra-migrate-meta-layouts":"default","ast-page-background-enabled":"default","ast-page-background-meta":{"desktop":{"background-color":"","background-image":"","background-repeat":"repeat","background-position":"center center","background-size":"auto","background-attachment":"scroll","background-type":"","background-media":"","overlay-type":"","overlay-color":"","overlay-opacity":"","overlay-gradient":""},"tablet":{"background-color":"","background-image":"","background-repeat":"repeat","background-position":"center center","background-size":"auto","background-attachment":"scroll","background-type":"","background-media":"","overlay-type":"","overlay-color":"","overlay-opacity":"","overlay-gradient":""},"mobile":{"background-color":"","background-image":"","background-repeat":"repeat","background-position":"center center","background-size":"auto","background-attachment":"scroll","background-type":"","background-media":"","overlay-type":"","overlay-color":"","overlay-opacity":"","overlay-gradient":""}},"ast-content-background-meta":{"desktop":{"background-color":"var(--ast-global-color-5)","background-image":"","background-repeat":"repeat","background-position":"center center","background-size":"auto","background-attachment":"scroll","background-type":"","background-media":"","overlay-type":"","overlay-color":"","overlay-opacity":"","overlay-gradient":""},"tablet":{"background-color":"var(--ast-global-color-5)","background-image":"","background-repeat":"repeat","background-position":"center center","background-size":"auto","background-attachment":"scroll","background-type":"","background-media":"","overlay-type":"","overlay-color":"","overlay-opacity":"","overlay-gradient":""},"mobile":{"background-color":"var(--ast-global-color-5)","background-image":"","background-repeat":"repeat","background-position":"center center","background-size":"auto","background-attachment":"scroll","background-type":"","background-media":"","overlay-type":"","overlay-color":"","overlay-opacity":"","overlay-gradient":""}},"footnotes":""},"folder":[],"class_list":["post-14022","page","type-page","status-publish","hentry"],"acf":[],"yoast_head":"<!-- This site is optimized with the Yoast SEO plugin v27.2 - https:\/\/yoast.com\/product\/yoast-seo-wordpress\/ -->\n<title>Confirmation de l\u2019identit\u00e9 - CABAMC<\/title>\n<meta name=\"robots\" content=\"index, follow, max-snippet:-1, max-image-preview:large, max-video-preview:-1\" \/>\n<link rel=\"canonical\" href=\"https:\/\/cpata-cabamc.ca\/fr\/a-propos-de-nous\/politiques-du-registraire\/confirmation-de-lidentite\/\" \/>\n<meta property=\"og:locale\" content=\"fr_FR\" \/>\n<meta property=\"og:type\" content=\"article\" \/>\n<meta property=\"og:title\" content=\"Confirmation de l\u2019identit\u00e9 - CABAMC\" \/>\n<meta property=\"og:description\" content=\"T\u00e9l\u00e9charger le PDF NOM DE LA POLITIQUE Confirmation de l\u2019identit\u00e9 ARTICLES APPLICABLES DE LA LOI,\" \/>\n<meta property=\"og:url\" content=\"https:\/\/cpata-cabamc.ca\/fr\/a-propos-de-nous\/politiques-du-registraire\/confirmation-de-lidentite\/\" \/>\n<meta property=\"og:site_name\" content=\"CABAMC\" \/>\n<meta property=\"article:modified_time\" content=\"2024-05-03T15:34:14+00:00\" \/>\n<meta name=\"twitter:card\" content=\"summary_large_image\" \/>\n<meta name=\"twitter:label1\" content=\"Dur\u00e9e de lecture estim\u00e9e\" \/>\n\t<meta name=\"twitter:data1\" content=\"4 minutes\" \/>\n<script type=\"application\/ld+json\" class=\"yoast-schema-graph\">{\"@context\":\"https:\/\/schema.org\",\"@graph\":[{\"@type\":\"WebPage\",\"@id\":\"https:\/\/cpata-cabamc.ca\/fr\/a-propos-de-nous\/politiques-du-registraire\/confirmation-de-lidentite\/\",\"url\":\"https:\/\/cpata-cabamc.ca\/fr\/a-propos-de-nous\/politiques-du-registraire\/confirmation-de-lidentite\/\",\"name\":\"Confirmation de l\u2019identit\u00e9 - CABAMC\",\"isPartOf\":{\"@id\":\"https:\/\/cpata-cabamc.ca\/fr\/#website\"},\"datePublished\":\"2023-03-20T18:32:43+00:00\",\"dateModified\":\"2024-05-03T15:34:14+00:00\",\"breadcrumb\":{\"@id\":\"https:\/\/cpata-cabamc.ca\/fr\/a-propos-de-nous\/politiques-du-registraire\/confirmation-de-lidentite\/#breadcrumb\"},\"inLanguage\":\"fr-FR\",\"potentialAction\":[{\"@type\":\"ReadAction\",\"target\":[\"https:\/\/cpata-cabamc.ca\/fr\/a-propos-de-nous\/politiques-du-registraire\/confirmation-de-lidentite\/\"]}]},{\"@type\":\"BreadcrumbList\",\"@id\":\"https:\/\/cpata-cabamc.ca\/fr\/a-propos-de-nous\/politiques-du-registraire\/confirmation-de-lidentite\/#breadcrumb\",\"itemListElement\":[{\"@type\":\"ListItem\",\"position\":1,\"name\":\"Accueil\",\"item\":\"https:\/\/cpata-cabamc.ca\/fr\/\"},{\"@type\":\"ListItem\",\"position\":2,\"name\":\"\u00c0 propos de nous\",\"item\":\"https:\/\/cpata-cabamc.ca\/fr\/about-us\/\"},{\"@type\":\"ListItem\",\"position\":3,\"name\":\"Politiques du registraire\",\"item\":\"https:\/\/cpata-cabamc.ca\/fr\/a-propos-de-nous\/politiques-du-registraire\/\"},{\"@type\":\"ListItem\",\"position\":4,\"name\":\"Confirmation de l\u2019identit\u00e9\"}]},{\"@type\":\"WebSite\",\"@id\":\"https:\/\/cpata-cabamc.ca\/fr\/#website\",\"url\":\"https:\/\/cpata-cabamc.ca\/fr\/\",\"name\":\"CABAMC\",\"description\":\"CABAMC\",\"publisher\":{\"@id\":\"https:\/\/cpata-cabamc.ca\/fr\/#organization\"},\"potentialAction\":[{\"@type\":\"SearchAction\",\"target\":{\"@type\":\"EntryPoint\",\"urlTemplate\":\"https:\/\/cpata-cabamc.ca\/fr\/?s={search_term_string}\"},\"query-input\":{\"@type\":\"PropertyValueSpecification\",\"valueRequired\":true,\"valueName\":\"search_term_string\"}}],\"inLanguage\":\"fr-FR\"},{\"@type\":\"Organization\",\"@id\":\"https:\/\/cpata-cabamc.ca\/fr\/#organization\",\"name\":\"CABAMC\",\"url\":\"https:\/\/cpata-cabamc.ca\/fr\/\",\"logo\":{\"@type\":\"ImageObject\",\"inLanguage\":\"fr-FR\",\"@id\":\"https:\/\/cpata-cabamc.ca\/fr\/#\/schema\/logo\/image\/\",\"url\":\"https:\/\/cpata-cabamc.ca\/wp-content\/uploads\/2021\/02\/Logo-Light-RGB.svg\",\"contentUrl\":\"https:\/\/cpata-cabamc.ca\/wp-content\/uploads\/2021\/02\/Logo-Light-RGB.svg\",\"caption\":\"CABAMC\"},\"image\":{\"@id\":\"https:\/\/cpata-cabamc.ca\/fr\/#\/schema\/logo\/image\/\"}}]}<\/script>\n<!-- \/ Yoast SEO plugin. -->","yoast_head_json":{"title":"Confirmation de l\u2019identit\u00e9 - CABAMC","robots":{"index":"index","follow":"follow","max-snippet":"max-snippet:-1","max-image-preview":"max-image-preview:large","max-video-preview":"max-video-preview:-1"},"canonical":"https:\/\/cpata-cabamc.ca\/fr\/a-propos-de-nous\/politiques-du-registraire\/confirmation-de-lidentite\/","og_locale":"fr_FR","og_type":"article","og_title":"Confirmation de l\u2019identit\u00e9 - CABAMC","og_description":"T\u00e9l\u00e9charger le PDF NOM DE LA POLITIQUE Confirmation de l\u2019identit\u00e9 ARTICLES APPLICABLES DE LA LOI,","og_url":"https:\/\/cpata-cabamc.ca\/fr\/a-propos-de-nous\/politiques-du-registraire\/confirmation-de-lidentite\/","og_site_name":"CABAMC","article_modified_time":"2024-05-03T15:34:14+00:00","twitter_card":"summary_large_image","twitter_misc":{"Dur\u00e9e de lecture estim\u00e9e":"4 minutes"},"schema":{"@context":"https:\/\/schema.org","@graph":[{"@type":"WebPage","@id":"https:\/\/cpata-cabamc.ca\/fr\/a-propos-de-nous\/politiques-du-registraire\/confirmation-de-lidentite\/","url":"https:\/\/cpata-cabamc.ca\/fr\/a-propos-de-nous\/politiques-du-registraire\/confirmation-de-lidentite\/","name":"Confirmation de l\u2019identit\u00e9 - CABAMC","isPartOf":{"@id":"https:\/\/cpata-cabamc.ca\/fr\/#website"},"datePublished":"2023-03-20T18:32:43+00:00","dateModified":"2024-05-03T15:34:14+00:00","breadcrumb":{"@id":"https:\/\/cpata-cabamc.ca\/fr\/a-propos-de-nous\/politiques-du-registraire\/confirmation-de-lidentite\/#breadcrumb"},"inLanguage":"fr-FR","potentialAction":[{"@type":"ReadAction","target":["https:\/\/cpata-cabamc.ca\/fr\/a-propos-de-nous\/politiques-du-registraire\/confirmation-de-lidentite\/"]}]},{"@type":"BreadcrumbList","@id":"https:\/\/cpata-cabamc.ca\/fr\/a-propos-de-nous\/politiques-du-registraire\/confirmation-de-lidentite\/#breadcrumb","itemListElement":[{"@type":"ListItem","position":1,"name":"Accueil","item":"https:\/\/cpata-cabamc.ca\/fr\/"},{"@type":"ListItem","position":2,"name":"\u00c0 propos de nous","item":"https:\/\/cpata-cabamc.ca\/fr\/about-us\/"},{"@type":"ListItem","position":3,"name":"Politiques du registraire","item":"https:\/\/cpata-cabamc.ca\/fr\/a-propos-de-nous\/politiques-du-registraire\/"},{"@type":"ListItem","position":4,"name":"Confirmation de l\u2019identit\u00e9"}]},{"@type":"WebSite","@id":"https:\/\/cpata-cabamc.ca\/fr\/#website","url":"https:\/\/cpata-cabamc.ca\/fr\/","name":"CABAMC","description":"CABAMC","publisher":{"@id":"https:\/\/cpata-cabamc.ca\/fr\/#organization"},"potentialAction":[{"@type":"SearchAction","target":{"@type":"EntryPoint","urlTemplate":"https:\/\/cpata-cabamc.ca\/fr\/?s={search_term_string}"},"query-input":{"@type":"PropertyValueSpecification","valueRequired":true,"valueName":"search_term_string"}}],"inLanguage":"fr-FR"},{"@type":"Organization","@id":"https:\/\/cpata-cabamc.ca\/fr\/#organization","name":"CABAMC","url":"https:\/\/cpata-cabamc.ca\/fr\/","logo":{"@type":"ImageObject","inLanguage":"fr-FR","@id":"https:\/\/cpata-cabamc.ca\/fr\/#\/schema\/logo\/image\/","url":"https:\/\/cpata-cabamc.ca\/wp-content\/uploads\/2021\/02\/Logo-Light-RGB.svg","contentUrl":"https:\/\/cpata-cabamc.ca\/wp-content\/uploads\/2021\/02\/Logo-Light-RGB.svg","caption":"CABAMC"},"image":{"@id":"https:\/\/cpata-cabamc.ca\/fr\/#\/schema\/logo\/image\/"}}]}},"_links":{"self":[{"href":"https:\/\/cpata-cabamc.ca\/fr\/wp-json\/wp\/v2\/pages\/14022","targetHints":{"allow":["GET"]}}],"collection":[{"href":"https:\/\/cpata-cabamc.ca\/fr\/wp-json\/wp\/v2\/pages"}],"about":[{"href":"https:\/\/cpata-cabamc.ca\/fr\/wp-json\/wp\/v2\/types\/page"}],"author":[{"embeddable":true,"href":"https:\/\/cpata-cabamc.ca\/fr\/wp-json\/wp\/v2\/users\/7"}],"replies":[{"embeddable":true,"href":"https:\/\/cpata-cabamc.ca\/fr\/wp-json\/wp\/v2\/comments?post=14022"}],"version-history":[{"count":0,"href":"https:\/\/cpata-cabamc.ca\/fr\/wp-json\/wp\/v2\/pages\/14022\/revisions"}],"up":[{"embeddable":true,"href":"https:\/\/cpata-cabamc.ca\/fr\/wp-json\/wp\/v2\/pages\/4104"}],"wp:attachment":[{"href":"https:\/\/cpata-cabamc.ca\/fr\/wp-json\/wp\/v2\/media?parent=14022"}],"wp:term":[{"taxonomy":"folder","embeddable":true,"href":"https:\/\/cpata-cabamc.ca\/fr\/wp-json\/wp\/v2\/folder?post=14022"}],"curies":[{"name":"wp","href":"https:\/\/api.w.org\/{rel}","templated":true}]}}