{"id":13775,"date":"2023-03-06T15:50:35","date_gmt":"2023-03-06T15:50:35","guid":{"rendered":"https:\/\/cpatacabamcdev.wpengine.com\/?page_id=13775"},"modified":"2023-03-06T15:53:43","modified_gmt":"2023-03-06T15:53:43","slug":"regle-4-qualite-du-service","status":"publish","type":"page","link":"https:\/\/cpata-cabamc.ca\/fr\/votre-profession\/deontologie\/analyses-ethiques-et-recommandations-old\/regle-4-qualite-du-service\/","title":{"rendered":"R\u00e8gle 4 \u2013 Qualit\u00e9 du service"},"content":{"rendered":"\t\t<div data-elementor-type=\"wp-page\" data-elementor-id=\"13775\" class=\"elementor elementor-13775 elementor-13727\" data-elementor-post-type=\"page\">\n\t\t\t\t\t\t<section class=\"elementor-section elementor-top-section elementor-element elementor-element-d5e777a elementor-section-boxed elementor-section-height-default elementor-section-height-default\" data-id=\"d5e777a\" data-element_type=\"section\" data-e-type=\"section\">\n\t\t\t\t\t\t<div class=\"elementor-container elementor-column-gap-default\">\n\t\t\t\t\t<div class=\"elementor-column elementor-col-100 elementor-top-column elementor-element elementor-element-dd723dd\" data-id=\"dd723dd\" data-element_type=\"column\" data-e-type=\"column\">\n\t\t\t<div class=\"elementor-widget-wrap elementor-element-populated\">\n\t\t\t\t\t\t<div class=\"elementor-element elementor-element-7c74705 elementor-widget elementor-widget-text-editor\" data-id=\"7c74705\" data-element_type=\"widget\" data-e-type=\"widget\" data-widget_type=\"text-editor.default\">\n\t\t\t\t<div class=\"elementor-widget-container\">\n\t\t\t\t\t\t\t\t\t<p><span data-contrast=\"auto\">La qualit\u00e9 du service ne se limite pas \u00e0 la prestation d\u2019une aide comp\u00e9tente et opportune \u00e0 la client\u00e8le. \u00c0 titre d\u2019obligation \u00e9thique, la qualit\u00e9 du service rel\u00e8ve \u00e9galement de notions comme la tenue de discussions franches et honn\u00eates avec la client\u00e8le quant au bien-fond\u00e9 de leurs demandes, ou encore le fait de veiller \u00e0 ce que la client\u00e8le comprenne le processus et les co\u00fbts li\u00e9s \u00e0 leurs demandes.\u00a0<\/span><span data-ccp-props=\"{}\">\u00a0<\/span><\/p><p><span data-ccp-props=\"{}\">\u00a0<\/span><span data-contrast=\"auto\">L\u2019analyse suivante s\u2019applique lorsque les titulaires de permis ne sont pas d\u2019accord avec leur client(e), ou lorsqu\u2019ils ont besoin de leur faire part de renseignements susceptibles de leur d\u00e9plaire. L\u2019analyse expose les dispositions pr\u00e9vues au <\/span><a href=\"https:\/\/cpata-cabamc.ca\/fr\/votre-profession\/deontologie\/code-de-deontologie\/\"><span data-contrast=\"none\">Code de d\u00e9ontologie<\/span><\/a><span data-contrast=\"auto\"> (le Code) du Coll\u00e8ge des agents de brevets et des agents de marques de commerce (CABAMC) quant aux obligations \u00e9thiques selon lesquelles les titulaires de permis doivent \u00eatre ouverts et transparents avec leur client\u00e8le, en plus d\u2019en expliquer l\u2019assimilation \u00e0 l\u2019obligation de qualit\u00e9 du service.<\/span><span data-contrast=\"auto\">\u00a0<\/span><span data-ccp-props=\"{}\">\u00a0<\/span><\/p>\t\t\t\t\t\t\t\t<\/div>\n\t\t\t\t<\/div>\n\t\t\t\t<div class=\"elementor-element elementor-element-230ddbc elementor-widget elementor-widget-heading\" data-id=\"230ddbc\" data-element_type=\"widget\" data-e-type=\"widget\" data-widget_type=\"heading.default\">\n\t\t\t\t<div class=\"elementor-widget-container\">\n\t\t\t\t\t<h2 class=\"elementor-heading-title elementor-size-default\">Le sc\u00e9nario <\/h2>\t\t\t\t<\/div>\n\t\t\t\t<\/div>\n\t\t\t\t<div class=\"elementor-element elementor-element-63aad50 elementor-widget elementor-widget-text-editor\" data-id=\"63aad50\" data-element_type=\"widget\" data-e-type=\"widget\" data-widget_type=\"text-editor.default\">\n\t\t\t\t<div class=\"elementor-widget-container\">\n\t\t\t\t\t\t\t\t\t<p><span class=\"TextRun SCXW54611753 BCX0\" lang=\"FR-CA\" xml:lang=\"FR-CA\" data-contrast=\"auto\"><span class=\"NormalTextRun SCXW54611753 BCX0\">Une personne titulaire de permis compte parmi sa client\u00e8le r\u00e9guli\u00e8re un client qu<\/span><span class=\"NormalTextRun SCXW54611753 BCX0\">\u2019<\/span><span class=\"NormalTextRun SCXW54611753 BCX0\">elle a repr\u00e9sent\u00e9 dans le cadre de nombreuses demande<\/span><span class=\"NormalTextRun SCXW54611753 BCX0\">s<\/span><span class=\"NormalTextRun SCXW54611753 BCX0\"> fructueuses<\/span><span class=\"NormalTextRun SCXW54611753 BCX0\">. <\/span><span class=\"NormalTextRun SCXW54611753 BCX0\">Le client communique avec la personne titulaire de permis afin <\/span><span class=\"NormalTextRun SCXW54611753 BCX0\">de solliciter ses services dans le cadre d<\/span><span class=\"NormalTextRun SCXW54611753 BCX0\">\u2019<\/span><span class=\"NormalTextRun SCXW54611753 BCX0\">une nouvelle demande de brevet.<\/span> <span class=\"NormalTextRun SCXW54611753 BCX0\">Toutefois, \u00e0 son avis professionnel, la demande du client n<\/span><span class=\"NormalTextRun SCXW54611753 BCX0\">\u2019<\/span><span class=\"NormalTextRun SCXW54611753 BCX0\">a presque aucune chance de r\u00e9ussite.<\/span><span class=\"NormalTextRun SCXW54611753 BCX0\">\u00a0<\/span><\/span><span class=\"EOP SCXW54611753 BCX0\" data-ccp-props=\"{}\">\u00a0<\/span><\/p>\t\t\t\t\t\t\t\t<\/div>\n\t\t\t\t<\/div>\n\t\t\t\t<div class=\"elementor-element elementor-element-f0d649c elementor-widget elementor-widget-heading\" data-id=\"f0d649c\" data-element_type=\"widget\" data-e-type=\"widget\" data-widget_type=\"heading.default\">\n\t\t\t\t<div class=\"elementor-widget-container\">\n\t\t\t\t\t<h2 class=\"elementor-heading-title elementor-size-default\">Les r\u00e8gles <\/h2>\t\t\t\t<\/div>\n\t\t\t\t<\/div>\n\t\t\t\t<div class=\"elementor-element elementor-element-e221d72 elementor-widget elementor-widget-text-editor\" data-id=\"e221d72\" data-element_type=\"widget\" data-e-type=\"widget\" data-widget_type=\"text-editor.default\">\n\t\t\t\t<div class=\"elementor-widget-container\">\n\t\t\t\t\t\t\t\t\t<p><span class=\"TextRun SCXW252996962 BCX0\" lang=\"EN-CA\" xml:lang=\"EN-CA\" data-contrast=\"auto\"><span class=\"NormalTextRun SCXW252996962 BCX0\"><span class=\"TextRun SCXW64748114 BCX0\" lang=\"FR-CA\" xml:lang=\"FR-CA\" data-contrast=\"auto\"><span class=\"NormalTextRun SCXW64748114 BCX0\">Le principe directeur de la Partie<\/span><span class=\"NormalTextRun SCXW64748114 BCX0\">\u202f<\/span><span class=\"NormalTextRun SCXW64748114 BCX0\">4 du Code pr\u00e9voit ce qui suit<\/span><span class=\"NormalTextRun SCXW64748114 BCX0\">\u202f<\/span><span class=\"NormalTextRun SCXW64748114 BCX0\">:<\/span><\/span> <\/span><\/span><span class=\"EOP SCXW252996962 BCX0\" data-ccp-props=\"{}\">\u00a0<\/span><\/p><p style=\"padding-left: 25px;\"><span class=\"TextRun SCXW201993524 BCX0\" lang=\"FR-CA\" xml:lang=\"FR-CA\" data-contrast=\"auto\"><span class=\"NormalTextRun SCXW201993524 BCX0\">Lorsqu\u2019il conseille un client, l\u2019agent doit \u00eatre honn\u00eate et franc, et il doit donner au client tous les renseignements qu\u2019il poss\u00e8de et qui pourraient avoir une incidence sur les int\u00e9r\u00eats du client dans l\u2019affaire.\u00a0<\/span><\/span><span class=\"EOP SCXW201993524 BCX0\" data-ccp-props=\"{&quot;335559685&quot;:720}\">\u00a0<\/span><\/p><p><span class=\"TextRun SCXW54017257 BCX0\" lang=\"FR-CA\" xml:lang=\"FR-CA\" data-contrast=\"auto\"><span class=\"NormalTextRun SCXW54017257 BCX0\">La r\u00e8gle<\/span><span class=\"NormalTextRun SCXW54017257 BCX0\">\u202f<\/span><span class=\"NormalTextRun SCXW54017257 BCX0\">4(2) pr\u00e9voit ce qui suit<\/span><span class=\"NormalTextRun SCXW54017257 BCX0\">\u202f<\/span><span class=\"NormalTextRun SCXW54017257 BCX0\">:<\/span><\/span><span class=\"EOP SCXW54017257 BCX0\" data-ccp-props=\"{}\">\u00a0<\/span><\/p><p style=\"padding-left: 25px;\"><span class=\"TextRun SCXW71177308 BCX0\" lang=\"FR-CA\" xml:lang=\"FR-CA\" data-contrast=\"auto\"><span class=\"NormalTextRun SCXW71177308 BCX0\">L\u2019avis de l\u2019agent doit \u00eatre sinc\u00e8re et transparent, et il doit clairement refl\u00e9ter ce que l\u2019agent pense en toute honn\u00eatet\u00e9 du bien-fond\u00e9 de l\u2019affaire en cause et des r\u00e9sultats probables.\u00a0<\/span><\/span><span class=\"EOP SCXW71177308 BCX0\" data-ccp-props=\"{&quot;335559685&quot;:720}\">\u00a0<\/span><\/p><p><span class=\"EOP SCXW212776766 BCX0\" data-ccp-props=\"{}\"><span class=\"TextRun SCXW266841998 BCX0\" lang=\"FR-CA\" xml:lang=\"FR-CA\" data-contrast=\"auto\"><span class=\"NormalTextRun SCXW266841998 BCX0\">Le commentaire de la r\u00e8gle<\/span><span class=\"NormalTextRun SCXW266841998 BCX0\">\u202f<\/span><span class=\"NormalTextRun SCXW266841998 BCX0\">4(2) <\/span><span class=\"NormalTextRun SCXW266841998 BCX0\">pr\u00e9voit ce qui suit<\/span><span class=\"NormalTextRun SCXW266841998 BCX0\">\u202f<\/span><span class=\"NormalTextRun SCXW266841998 BCX0\">:<\/span><span class=\"NormalTextRun SCXW266841998 BCX0\">\u00a0<\/span><\/span><span class=\"EOP SCXW266841998 BCX0\" data-ccp-props=\"{}\">\u00a0<\/span> <\/span><\/p><p style=\"padding-left: 25px;\"><span class=\"TextRun SCXW29815475 BCX0\" lang=\"FR-CA\" xml:lang=\"FR-CA\" data-contrast=\"auto\"><span class=\"NormalTextRun SCXW29815475 BCX0\">\u00c0 l<\/span><span class=\"NormalTextRun SCXW29815475 BCX0\">\u2019<\/span><span class=\"NormalTextRun SCXW29815475 BCX0\">occasion, l<\/span><span class=\"NormalTextRun SCXW29815475 BCX0\">\u2019<\/span><span class=\"NormalTextRun SCXW29815475 BCX0\">agent doit \u00eatre ferme avec son client.<\/span> <span class=\"NormalTextRun SCXW29815475 BCX0\">\u00catre ferme, sans \u00eatre impoli, n\u2019est pas une infraction \u00e0 la r\u00e8gle.<\/span> <span class=\"NormalTextRun SCXW29815475 BCX0\">Dans ses communications avec le client, l\u2019agent pourrait \u00eatre en d\u00e9saccord avec le client ou \u00eatre pr\u00e9occup\u00e9 par la position du client au sujet de l\u2019affaire, et il pourrait ainsi donner des conseils qui ne plairont pas au client.<\/span> <span class=\"NormalTextRun SCXW29815475 BCX0\">Une telle situation pourrait l\u00e9gitimement exiger une discussion ferme et anim\u00e9e avec le client. L\u2019agent ne doit pas cacher au client des faits qu\u2019il sait \u00eatre pertinents au mandat.<\/span><\/span><span class=\"EOP SCXW29815475 BCX0\" data-ccp-props=\"{&quot;335559685&quot;:720}\">\u00a0<\/span><\/p><p><span class=\"EOP SCXW38311787 BCX0\" data-ccp-props=\"{}\"><span class=\"TextRun SCXW263402608 BCX0\" lang=\"FR-CA\" xml:lang=\"FR-CA\" data-contrast=\"auto\"><span class=\"NormalTextRun SCXW263402608 BCX0\">La r\u00e8gle<\/span><span class=\"NormalTextRun SCXW263402608 BCX0\">\u202f<\/span><span class=\"NormalTextRun SCXW263402608 BCX0\">4(3) pr\u00e9voit ce qui suit<\/span><span class=\"NormalTextRun SCXW263402608 BCX0\">\u202f<\/span><span class=\"NormalTextRun SCXW263402608 BCX0\">:<\/span><\/span><span class=\"EOP SCXW263402608 BCX0\" data-ccp-props=\"{}\">\u00a0<\/span> <\/span><\/p><p style=\"padding-left: 25px;\"><span class=\"TextRun SCXW136901912 BCX0\" lang=\"FR-CA\" xml:lang=\"FR-CA\" data-contrast=\"auto\"><span class=\"NormalTextRun SCXW136901912 BCX0\">Si l\u2019agent croit que le client a mal compris ou mal interpr\u00e9t\u00e9 sa position ou l\u2019enjeu r\u00e9el, il d\u00e9ploie les efforts raisonnables pour fournir des \u00e9claircissements concernant ses conseils et ses recommandations au client.<\/span><\/span> <span class=\"EOP SCXW136901912 BCX0\" data-ccp-props=\"{&quot;335559685&quot;:720}\">\u00a0<\/span><\/p>\t\t\t\t\t\t\t\t<\/div>\n\t\t\t\t<\/div>\n\t\t\t\t<div class=\"elementor-element elementor-element-67491ce elementor-widget elementor-widget-heading\" data-id=\"67491ce\" data-element_type=\"widget\" data-e-type=\"widget\" data-widget_type=\"heading.default\">\n\t\t\t\t<div class=\"elementor-widget-container\">\n\t\t\t\t\t<h2 class=\"elementor-heading-title elementor-size-default\">Conseil du CABAMC <\/h2>\t\t\t\t<\/div>\n\t\t\t\t<\/div>\n\t\t\t\t<div class=\"elementor-element elementor-element-c96a2c9 elementor-widget elementor-widget-text-editor\" data-id=\"c96a2c9\" data-element_type=\"widget\" data-e-type=\"widget\" data-widget_type=\"text-editor.default\">\n\t\t\t\t<div class=\"elementor-widget-container\">\n\t\t\t\t\t\t\t\t\t<p><span data-contrast=\"auto\">L\u2019honn\u00eatet\u00e9 et la franchise sont au c\u0153ur de la Partie\u202f4 du Code, qui \u00e9tablit les r\u00e8gles quant \u00e0 la qualit\u00e9 du service. Selon les exigences de la r\u00e8gle\u202f4, les titulaires de permis doivent veiller \u00e0 ce que leur client\u00e8le comprenne les conseils prodigu\u00e9s, et la r\u00e8gle\u202f4(3) sous-tend que cette obligation est continue, ce qui en fait une exigence positive selon laquelle les titulaires de permis doivent parler \u00e0 leur client(e) s\u2019il devient \u00e9vident qu\u2019il ou elle ne comprend pas ce dont il est question.\u00a0<\/span><span data-ccp-props=\"{}\">\u00a0<\/span><\/p><p><span data-ccp-props=\"{}\">\u00a0<\/span><span data-contrast=\"auto\">Il n\u2019est pas toujours facile d\u2019avoir une discussion franche. Le(la) client(e) peut refuser d\u2019entendre raison ou ne pas comprendre les nuances et les subtilit\u00e9s du processus, et il arrive aux titulaires de permis de repousser une discussion difficile parce qu\u2019ils craignent qu\u2019elle soit d\u00e9plaisante. Le fait d\u2019apprendre \u00e0 \u00eatre direct et \u00e0 tenir des discussions difficiles est un aspect important de la trousse de comp\u00e9tences des titulaires de permis. Il peut \u00eatre utile d\u2019obtenir des conseils aupr\u00e8s de mentor(e)s, ou aupr\u00e8s d\u2019une personne plus exp\u00e9riment\u00e9e : les titulaires de permis peuvent ainsi s\u2019entra\u00eener \u00e0 aborder le sujet, ou obtenir de l\u2019orientation quant \u00e0 la meilleure fa\u00e7on d\u2019approcher la client\u00e8le.\u00a0<\/span><span data-ccp-props=\"{}\">\u00a0<\/span><\/p><p><span data-ccp-props=\"{}\">\u00a0<\/span><span data-contrast=\"auto\">En fin de compte, chaque titulaire de permis doit d\u00e9cider de la ligne de conduite \u00e0 adopter pour prot\u00e9ger les int\u00e9r\u00eats des client(e)s et respecter ses obligations professionnelles. Chaque cas est unique et il appartient \u00e0 la personne titulaire de permis d\u2019exercer son propre jugement professionnel. Par ailleurs, gr\u00e2ce au formulaire d\u2019enqu\u00eate d\u00e9ontologique, les sp\u00e9cialistes de la conduite professionnelle du CABAMC sont disponibles pour aider les titulaires de permis \u00e0 interpr\u00e9ter le Code dans le cadre du processus d\u2019\u00e9valuation des risques et d\u2019analyse \u00e9thique.<\/span><span data-ccp-props=\"{}\">\u00a0<\/span><\/p><p><span data-contrast=\"auto\">Nous sommes impatient(e)s de recevoir d\u2019autres demandes et de fournir davantage de conseils aux titulaires de permis. Ce processus nous aide \u00e0 cerner les domaines dans lesquels de plus amples renseignements ou analyses pourraient \u00eatre utiles et contribuera \u00e0 \u00e9clairer notre future consultation sur le Code.<\/span><span data-ccp-props=\"{}\">\u00a0<\/span><\/p>\t\t\t\t\t\t\t\t<\/div>\n\t\t\t\t<\/div>\n\t\t\t\t\t<\/div>\n\t\t<\/div>\n\t\t\t\t\t<\/div>\n\t\t<\/section>\n\t\t\t\t<\/div>\n\t\t","protected":false},"excerpt":{"rendered":"<p>La qualit\u00e9 du service ne se limite pas \u00e0 la prestation d\u2019une aide comp\u00e9tente et<\/p>\n","protected":false},"author":7,"featured_media":0,"parent":7202,"menu_order":0,"comment_status":"closed","ping_status":"closed","template":"","meta":{"_acf_changed":false,"_monsterinsights_skip_tracking":false,"_monsterinsights_sitenote_active":false,"_monsterinsights_sitenote_note":"","_monsterinsights_sitenote_category":0,"site-sidebar-layout":"no-sidebar","site-content-layout":"page-builder","ast-site-content-layout":"default","site-content-style":"default","site-sidebar-style":"default","ast-global-header-display":"","ast-banner-title-visibility":"","ast-main-header-display":"","ast-hfb-above-header-display":"","ast-hfb-below-header-display":"","ast-hfb-mobile-header-display":"","site-post-title":"disabled","ast-breadcrumbs-content":"","ast-featured-img":"disabled","footer-sml-layout":"","theme-transparent-header-meta":"default","adv-header-id-meta":"","stick-header-meta":"","header-above-stick-meta":"","header-main-stick-meta":"","header-below-stick-meta":"","astra-migrate-meta-layouts":"default","ast-page-background-enabled":"default","ast-page-background-meta":{"desktop":{"background-color":"","background-image":"","background-repeat":"repeat","background-position":"center center","background-size":"auto","background-attachment":"scroll","background-type":"","background-media":"","overlay-type":"","overlay-color":"","overlay-opacity":"","overlay-gradient":""},"tablet":{"background-color":"","background-image":"","background-repeat":"repeat","background-position":"center center","background-size":"auto","background-attachment":"scroll","background-type":"","background-media":"","overlay-type":"","overlay-color":"","overlay-opacity":"","overlay-gradient":""},"mobile":{"background-color":"","background-image":"","background-repeat":"repeat","background-position":"center center","background-size":"auto","background-attachment":"scroll","background-type":"","background-media":"","overlay-type":"","overlay-color":"","overlay-opacity":"","overlay-gradient":""}},"ast-content-background-meta":{"desktop":{"background-color":"var(--ast-global-color-5)","background-image":"","background-repeat":"repeat","background-position":"center center","background-size":"auto","background-attachment":"scroll","background-type":"","background-media":"","overlay-type":"","overlay-color":"","overlay-opacity":"","overlay-gradient":""},"tablet":{"background-color":"var(--ast-global-color-5)","background-image":"","background-repeat":"repeat","background-position":"center center","background-size":"auto","background-attachment":"scroll","background-type":"","background-media":"","overlay-type":"","overlay-color":"","overlay-opacity":"","overlay-gradient":""},"mobile":{"background-color":"var(--ast-global-color-5)","background-image":"","background-repeat":"repeat","background-position":"center center","background-size":"auto","background-attachment":"scroll","background-type":"","background-media":"","overlay-type":"","overlay-color":"","overlay-opacity":"","overlay-gradient":""}},"footnotes":""},"folder":[],"class_list":["post-13775","page","type-page","status-publish","hentry"],"acf":[],"yoast_head":"<!-- This site is optimized with the Yoast SEO plugin v27.2 - https:\/\/yoast.com\/product\/yoast-seo-wordpress\/ -->\n<title>R\u00e8gle 4 \u2013 Qualit\u00e9 du service - CABAMC<\/title>\n<meta name=\"robots\" content=\"index, follow, max-snippet:-1, max-image-preview:large, max-video-preview:-1\" \/>\n<link rel=\"canonical\" href=\"https:\/\/cpata-cabamc.ca\/fr\/votre-profession\/deontologie\/analyses-ethiques-et-recommandations-old\/regle-4-qualite-du-service\/\" \/>\n<meta property=\"og:locale\" content=\"fr_FR\" \/>\n<meta property=\"og:type\" content=\"article\" \/>\n<meta property=\"og:title\" content=\"R\u00e8gle 4 \u2013 Qualit\u00e9 du service - CABAMC\" \/>\n<meta property=\"og:description\" content=\"La qualit\u00e9 du service ne se limite pas \u00e0 la prestation d\u2019une aide comp\u00e9tente et\" \/>\n<meta property=\"og:url\" content=\"https:\/\/cpata-cabamc.ca\/fr\/votre-profession\/deontologie\/analyses-ethiques-et-recommandations-old\/regle-4-qualite-du-service\/\" \/>\n<meta property=\"og:site_name\" content=\"CABAMC\" \/>\n<meta property=\"article:modified_time\" content=\"2023-03-06T15:53:43+00:00\" \/>\n<meta name=\"twitter:card\" content=\"summary_large_image\" \/>\n<meta name=\"twitter:label1\" content=\"Dur\u00e9e de lecture estim\u00e9e\" \/>\n\t<meta name=\"twitter:data1\" content=\"4 minutes\" \/>\n<script type=\"application\/ld+json\" class=\"yoast-schema-graph\">{\"@context\":\"https:\/\/schema.org\",\"@graph\":[{\"@type\":\"WebPage\",\"@id\":\"https:\/\/cpata-cabamc.ca\/fr\/votre-profession\/deontologie\/analyses-ethiques-et-recommandations-old\/regle-4-qualite-du-service\/\",\"url\":\"https:\/\/cpata-cabamc.ca\/fr\/votre-profession\/deontologie\/analyses-ethiques-et-recommandations-old\/regle-4-qualite-du-service\/\",\"name\":\"R\u00e8gle 4 \u2013 Qualit\u00e9 du service - CABAMC\",\"isPartOf\":{\"@id\":\"https:\/\/cpata-cabamc.ca\/fr\/#website\"},\"datePublished\":\"2023-03-06T15:50:35+00:00\",\"dateModified\":\"2023-03-06T15:53:43+00:00\",\"breadcrumb\":{\"@id\":\"https:\/\/cpata-cabamc.ca\/fr\/votre-profession\/deontologie\/analyses-ethiques-et-recommandations-old\/regle-4-qualite-du-service\/#breadcrumb\"},\"inLanguage\":\"fr-FR\",\"potentialAction\":[{\"@type\":\"ReadAction\",\"target\":[\"https:\/\/cpata-cabamc.ca\/fr\/votre-profession\/deontologie\/analyses-ethiques-et-recommandations-old\/regle-4-qualite-du-service\/\"]}]},{\"@type\":\"BreadcrumbList\",\"@id\":\"https:\/\/cpata-cabamc.ca\/fr\/votre-profession\/deontologie\/analyses-ethiques-et-recommandations-old\/regle-4-qualite-du-service\/#breadcrumb\",\"itemListElement\":[{\"@type\":\"ListItem\",\"position\":1,\"name\":\"Accueil\",\"item\":\"https:\/\/cpata-cabamc.ca\/fr\/\"},{\"@type\":\"ListItem\",\"position\":2,\"name\":\"Votre profession\",\"item\":\"https:\/\/cpata-cabamc.ca\/fr\/your-practice\/\"},{\"@type\":\"ListItem\",\"position\":3,\"name\":\"D\u00e9ontologie\",\"item\":\"https:\/\/cpata-cabamc.ca\/fr\/your-practice\/professional-conduct\/\"},{\"@type\":\"ListItem\",\"position\":4,\"name\":\"Analyses \u00e9thiques et recommandations (OLD)\",\"item\":\"https:\/\/cpata-cabamc.ca\/fr\/?page_id=6974\"},{\"@type\":\"ListItem\",\"position\":5,\"name\":\"R\u00e8gle 4 \u2013 Qualit\u00e9 du service\"}]},{\"@type\":\"WebSite\",\"@id\":\"https:\/\/cpata-cabamc.ca\/fr\/#website\",\"url\":\"https:\/\/cpata-cabamc.ca\/fr\/\",\"name\":\"CABAMC\",\"description\":\"CABAMC\",\"publisher\":{\"@id\":\"https:\/\/cpata-cabamc.ca\/fr\/#organization\"},\"potentialAction\":[{\"@type\":\"SearchAction\",\"target\":{\"@type\":\"EntryPoint\",\"urlTemplate\":\"https:\/\/cpata-cabamc.ca\/fr\/?s={search_term_string}\"},\"query-input\":{\"@type\":\"PropertyValueSpecification\",\"valueRequired\":true,\"valueName\":\"search_term_string\"}}],\"inLanguage\":\"fr-FR\"},{\"@type\":\"Organization\",\"@id\":\"https:\/\/cpata-cabamc.ca\/fr\/#organization\",\"name\":\"CABAMC\",\"url\":\"https:\/\/cpata-cabamc.ca\/fr\/\",\"logo\":{\"@type\":\"ImageObject\",\"inLanguage\":\"fr-FR\",\"@id\":\"https:\/\/cpata-cabamc.ca\/fr\/#\/schema\/logo\/image\/\",\"url\":\"https:\/\/cpata-cabamc.ca\/wp-content\/uploads\/2021\/02\/Logo-Light-RGB.svg\",\"contentUrl\":\"https:\/\/cpata-cabamc.ca\/wp-content\/uploads\/2021\/02\/Logo-Light-RGB.svg\",\"caption\":\"CABAMC\"},\"image\":{\"@id\":\"https:\/\/cpata-cabamc.ca\/fr\/#\/schema\/logo\/image\/\"}}]}<\/script>\n<!-- \/ Yoast SEO plugin. -->","yoast_head_json":{"title":"R\u00e8gle 4 \u2013 Qualit\u00e9 du service - CABAMC","robots":{"index":"index","follow":"follow","max-snippet":"max-snippet:-1","max-image-preview":"max-image-preview:large","max-video-preview":"max-video-preview:-1"},"canonical":"https:\/\/cpata-cabamc.ca\/fr\/votre-profession\/deontologie\/analyses-ethiques-et-recommandations-old\/regle-4-qualite-du-service\/","og_locale":"fr_FR","og_type":"article","og_title":"R\u00e8gle 4 \u2013 Qualit\u00e9 du service - CABAMC","og_description":"La qualit\u00e9 du service ne se limite pas \u00e0 la prestation d\u2019une aide comp\u00e9tente et","og_url":"https:\/\/cpata-cabamc.ca\/fr\/votre-profession\/deontologie\/analyses-ethiques-et-recommandations-old\/regle-4-qualite-du-service\/","og_site_name":"CABAMC","article_modified_time":"2023-03-06T15:53:43+00:00","twitter_card":"summary_large_image","twitter_misc":{"Dur\u00e9e de lecture estim\u00e9e":"4 minutes"},"schema":{"@context":"https:\/\/schema.org","@graph":[{"@type":"WebPage","@id":"https:\/\/cpata-cabamc.ca\/fr\/votre-profession\/deontologie\/analyses-ethiques-et-recommandations-old\/regle-4-qualite-du-service\/","url":"https:\/\/cpata-cabamc.ca\/fr\/votre-profession\/deontologie\/analyses-ethiques-et-recommandations-old\/regle-4-qualite-du-service\/","name":"R\u00e8gle 4 \u2013 Qualit\u00e9 du service - CABAMC","isPartOf":{"@id":"https:\/\/cpata-cabamc.ca\/fr\/#website"},"datePublished":"2023-03-06T15:50:35+00:00","dateModified":"2023-03-06T15:53:43+00:00","breadcrumb":{"@id":"https:\/\/cpata-cabamc.ca\/fr\/votre-profession\/deontologie\/analyses-ethiques-et-recommandations-old\/regle-4-qualite-du-service\/#breadcrumb"},"inLanguage":"fr-FR","potentialAction":[{"@type":"ReadAction","target":["https:\/\/cpata-cabamc.ca\/fr\/votre-profession\/deontologie\/analyses-ethiques-et-recommandations-old\/regle-4-qualite-du-service\/"]}]},{"@type":"BreadcrumbList","@id":"https:\/\/cpata-cabamc.ca\/fr\/votre-profession\/deontologie\/analyses-ethiques-et-recommandations-old\/regle-4-qualite-du-service\/#breadcrumb","itemListElement":[{"@type":"ListItem","position":1,"name":"Accueil","item":"https:\/\/cpata-cabamc.ca\/fr\/"},{"@type":"ListItem","position":2,"name":"Votre profession","item":"https:\/\/cpata-cabamc.ca\/fr\/your-practice\/"},{"@type":"ListItem","position":3,"name":"D\u00e9ontologie","item":"https:\/\/cpata-cabamc.ca\/fr\/your-practice\/professional-conduct\/"},{"@type":"ListItem","position":4,"name":"Analyses \u00e9thiques et recommandations (OLD)","item":"https:\/\/cpata-cabamc.ca\/fr\/?page_id=6974"},{"@type":"ListItem","position":5,"name":"R\u00e8gle 4 \u2013 Qualit\u00e9 du service"}]},{"@type":"WebSite","@id":"https:\/\/cpata-cabamc.ca\/fr\/#website","url":"https:\/\/cpata-cabamc.ca\/fr\/","name":"CABAMC","description":"CABAMC","publisher":{"@id":"https:\/\/cpata-cabamc.ca\/fr\/#organization"},"potentialAction":[{"@type":"SearchAction","target":{"@type":"EntryPoint","urlTemplate":"https:\/\/cpata-cabamc.ca\/fr\/?s={search_term_string}"},"query-input":{"@type":"PropertyValueSpecification","valueRequired":true,"valueName":"search_term_string"}}],"inLanguage":"fr-FR"},{"@type":"Organization","@id":"https:\/\/cpata-cabamc.ca\/fr\/#organization","name":"CABAMC","url":"https:\/\/cpata-cabamc.ca\/fr\/","logo":{"@type":"ImageObject","inLanguage":"fr-FR","@id":"https:\/\/cpata-cabamc.ca\/fr\/#\/schema\/logo\/image\/","url":"https:\/\/cpata-cabamc.ca\/wp-content\/uploads\/2021\/02\/Logo-Light-RGB.svg","contentUrl":"https:\/\/cpata-cabamc.ca\/wp-content\/uploads\/2021\/02\/Logo-Light-RGB.svg","caption":"CABAMC"},"image":{"@id":"https:\/\/cpata-cabamc.ca\/fr\/#\/schema\/logo\/image\/"}}]}},"_links":{"self":[{"href":"https:\/\/cpata-cabamc.ca\/fr\/wp-json\/wp\/v2\/pages\/13775","targetHints":{"allow":["GET"]}}],"collection":[{"href":"https:\/\/cpata-cabamc.ca\/fr\/wp-json\/wp\/v2\/pages"}],"about":[{"href":"https:\/\/cpata-cabamc.ca\/fr\/wp-json\/wp\/v2\/types\/page"}],"author":[{"embeddable":true,"href":"https:\/\/cpata-cabamc.ca\/fr\/wp-json\/wp\/v2\/users\/7"}],"replies":[{"embeddable":true,"href":"https:\/\/cpata-cabamc.ca\/fr\/wp-json\/wp\/v2\/comments?post=13775"}],"version-history":[{"count":0,"href":"https:\/\/cpata-cabamc.ca\/fr\/wp-json\/wp\/v2\/pages\/13775\/revisions"}],"up":[{"embeddable":true,"href":"https:\/\/cpata-cabamc.ca\/fr\/wp-json\/wp\/v2\/pages\/7202"}],"wp:attachment":[{"href":"https:\/\/cpata-cabamc.ca\/fr\/wp-json\/wp\/v2\/media?parent=13775"}],"wp:term":[{"taxonomy":"folder","embeddable":true,"href":"https:\/\/cpata-cabamc.ca\/fr\/wp-json\/wp\/v2\/folder?post=13775"}],"curies":[{"name":"wp","href":"https:\/\/api.w.org\/{rel}","templated":true}]}}