{"id":13692,"date":"2023-02-27T16:02:13","date_gmt":"2023-02-27T16:02:13","guid":{"rendered":"https:\/\/cpatacabamcdev.wpengine.com\/?page_id=13692"},"modified":"2025-04-22T18:48:12","modified_gmt":"2025-04-22T18:48:12","slug":"profils-de-competences","status":"publish","type":"page","link":"https:\/\/cpata-cabamc.ca\/fr\/devenir-un-agent\/profils-de-competences\/","title":{"rendered":"Profils de comp\u00e9tences"},"content":{"rendered":"\t\t<div data-elementor-type=\"wp-page\" data-elementor-id=\"13692\" class=\"elementor elementor-13692 elementor-13690\" data-elementor-post-type=\"page\">\n\t\t\t\t\t\t<section class=\"elementor-section elementor-top-section elementor-element elementor-element-b323984 elementor-section-boxed elementor-section-height-default elementor-section-height-default\" data-id=\"b323984\" data-element_type=\"section\" data-e-type=\"section\">\n\t\t\t\t\t\t<div class=\"elementor-container elementor-column-gap-default\">\n\t\t\t\t\t<div class=\"elementor-column elementor-col-100 elementor-top-column elementor-element elementor-element-447c4b9\" data-id=\"447c4b9\" data-element_type=\"column\" data-e-type=\"column\">\n\t\t\t<div class=\"elementor-widget-wrap elementor-element-populated\">\n\t\t\t\t\t\t<div class=\"elementor-element elementor-element-23620dc elementor-widget elementor-widget-text-editor\" data-id=\"23620dc\" data-element_type=\"widget\" data-e-type=\"widget\" data-widget_type=\"text-editor.default\">\n\t\t\t\t<div class=\"elementor-widget-container\">\n\t\t\t\t\t\t\t\t\t<p><strong>Qu\u2019est-ce qu\u2019un profil de comp\u00e9tences?<\/strong><\/p><p>De mani\u00e8re g\u00e9n\u00e9rale, un profil de comp\u00e9tences d\u00e9crit ce qu\u2019un(e) agent(e) doit \u00eatre capable de faire afin de servir au mieux les int\u00e9r\u00eats de sa client\u00e8le. Les agent(e)s en formation doivent examiner les profils de comp\u00e9tences pour comprendre quelles connaissances et aptitudes ils (elles) devront acqu\u00e9rir au cours de leur formation afin de r\u00e9ussir les examens de comp\u00e9tence et d\u2019exercer leur profession.\u00a0<\/p>\t\t\t\t\t\t\t\t<\/div>\n\t\t\t\t<\/div>\n\t\t\t\t<div class=\"elementor-element elementor-element-3d595ef elementor-widget elementor-widget-text-editor\" data-id=\"3d595ef\" data-element_type=\"widget\" data-e-type=\"widget\" data-widget_type=\"text-editor.default\">\n\t\t\t\t<div class=\"elementor-widget-container\">\n\t\t\t\t\t\t\t\t\t<p><strong>Profils de comp\u00e9tences techniques<\/strong><\/p><p><span class=\"TextRun SCXW136937673 BCX0\" lang=\"FR-CA\" xml:lang=\"FR-CA\" data-contrast=\"none\"><span class=\"NormalTextRun SCXW136937673 BCX0\">Le CABAMC a mis au point de nouveaux profils de comp\u00e9tences techniques<\/span><span class=\"NormalTextRun SCXW136937673 BCX0\">\u202f<\/span><span class=\"NormalTextRun SCXW136937673 BCX0\">: un pour <\/span><span class=\"NormalTextRun ContextualSpellingAndGrammarErrorV2Themed SCXW136937673 BCX0\">les agent<\/span><span class=\"NormalTextRun SCXW136937673 BCX0\">(e)<\/span><span class=\"NormalTextRun SCXW136937673 BCX0\">s de brevets et un pour <\/span><span class=\"NormalTextRun ContextualSpellingAndGrammarErrorV2Themed SCXW136937673 BCX0\">les agent<\/span><span class=\"NormalTextRun SCXW136937673 BCX0\">(e)<\/span><span class=\"NormalTextRun SCXW136937673 BCX0\">s de marques de commerce.<\/span> <span class=\"NormalTextRun SCXW136937673 BCX0\">Les profils de comp\u00e9tences techniques sont des descriptions des connaissances et des comp\u00e9tences dont les agent<\/span><span class=\"NormalTextRun SCXW136937673 BCX0\">(e)<\/span><span class=\"NormalTextRun SCXW136937673 BCX0\">s ont besoin pour fournir des services de PI comp\u00e9tents \u00e0 leurs client<\/span><span class=\"NormalTextRun SCXW136937673 BCX0\">(e)<\/span><span class=\"NormalTextRun SCXW136937673 BCX0\">s<\/span><span class=\"NormalTextRun SCXW136937673 BCX0\">.<\/span> <span class=\"NormalTextRun SCXW136937673 BCX0\">L\u2019\u00e9tablissement d\u2019attentes claires pour <\/span><span class=\"NormalTextRun ContextualSpellingAndGrammarErrorV2Themed SCXW136937673 BCX0\">les praticien<\/span><span class=\"NormalTextRun SCXW136937673 BCX0\">(-<\/span><span class=\"NormalTextRun ContextualSpellingAndGrammarErrorV2Themed SCXW136937673 BCX0\">ne)<\/span><span class=\"NormalTextRun ContextualSpellingAndGrammarErrorV2Themed SCXW136937673 BCX0\">s<\/span><span class=\"NormalTextRun SCXW136937673 BCX0\"> prot\u00e9gera l\u2019int\u00e9r\u00eat du public en garantissant que tous les titulaires de permis <\/span><span class=\"NormalTextRun SCXW136937673 BCX0\">nouveaux et actuels <\/span><span class=\"NormalTextRun SCXW136937673 BCX0\">poss\u00e8dent les comp\u00e9tences requises pour servir au mieux leurs <\/span><span class=\"NormalTextRun SCXW136937673 BCX0\">client<\/span><span class=\"NormalTextRun SCXW136937673 BCX0\">(e)<\/span><span class=\"NormalTextRun SCXW136937673 BCX0\">s<\/span><span class=\"NormalTextRun SCXW136937673 BCX0\"> de mani\u00e8re comp\u00e9tente et \u00e9thique.<\/span> <span class=\"NormalTextRun SCXW136937673 BCX0\">Le Conseil d<\/span><span class=\"NormalTextRun SCXW136937673 BCX0\">\u2019<\/span><span class=\"NormalTextRun SCXW136937673 BCX0\">administration du CABAMC a adopt\u00e9 les nouveaux profils lors de sa r\u00e9union du 2<\/span><span class=\"NormalTextRun SCXW136937673 BCX0\">\u202f<\/span><span class=\"NormalTextRun SCXW136937673 BCX0\">mars<\/span><span class=\"NormalTextRun SCXW136937673 BCX0\">\u202f<\/span><span class=\"NormalTextRun SCXW136937673 BCX0\">2023, <\/span><span class=\"NormalTextRun SCXW136937673 BCX0\">par<\/span><span class=\"NormalTextRun SCXW136937673 BCX0\"> suite de leur approbation par le Comit\u00e9 d<\/span><span class=\"NormalTextRun SCXW136937673 BCX0\">\u2019<\/span><span class=\"NormalTextRun SCXW136937673 BCX0\">inscription <\/span><span class=\"NormalTextRun SCXW136937673 BCX0\">\u00e0 la<\/span><span class=\"NormalTextRun SCXW136937673 BCX0\"> fin<\/span><span class=\"NormalTextRun SCXW136937673 BCX0\">\u202f<\/span><span class=\"NormalTextRun SCXW136937673 BCX0\">de <\/span><span class=\"NormalTextRun SCXW136937673 BCX0\">2022.<\/span><\/span><span class=\"EOP SCXW136937673 BCX0\" data-ccp-props=\"{&quot;201341983&quot;:0,&quot;335559739&quot;:160,&quot;335559740&quot;:259}\">\u00a0<\/span><\/p><p><a href=\"https:\/\/cpata-cabamc.ca\/wp-content\/uploads\/2023\/03\/4.1.2-CPATA-Technical-Competency-Profiles-FR.pdf\"><span class=\"TextRun Underlined SCXW173606492 BCX0\" lang=\"FR-CA\" xml:lang=\"FR-CA\" data-contrast=\"none\"><span class=\"NormalTextRun SCXW173606492 BCX0\">Profils de comp\u00e9tences techniques des agent(e)s de brevets et des agent(e)s de marques de commerce\u00a0<\/span><\/span><\/a><\/p>\t\t\t\t\t\t\t\t<\/div>\n\t\t\t\t<\/div>\n\t\t\t\t<div class=\"elementor-element elementor-element-8d03701 elementor-widget elementor-widget-text-editor\" data-id=\"8d03701\" data-element_type=\"widget\" data-e-type=\"widget\" data-widget_type=\"text-editor.default\">\n\t\t\t\t<div class=\"elementor-widget-container\">\n\t\t\t\t\t\t\t\t\t<p class=\"elementor-heading-title elementor-size-default\"><strong>Profil des fondements professionnels pour compl\u00e9ter les profils de comp\u00e9tences<\/strong><\/p><p>Le CABAMC a \u00e9labor\u00e9 un profil de fondements professionnels dans le but de d\u00e9finir les comp\u00e9tences <em>professionnelles<\/em> (telles que la communication, etc.) qui doivent compl\u00e9ter les connaissances techniques des personnes titulaires de permis pour qu\u2019elles exercent leurs fonctions de mani\u00e8re comp\u00e9tente.<u> <\/u>Le profil de fondements professionnels accompagne les profils de comp\u00e9tences techniques et s\u2019appliquer autant aux agent(e)s de brevets qu\u2019aux agent(e)s de marques de commerce. Le Conseil d\u2019administration du CABAMC a adopt\u00e9 le profil de fondements professionnels lors sa r\u00e9union du 24\u00a0mars\u00a02024 \u00e0 la suite de son approbation par le Comit\u00e9 d\u2019inscription \u00e0 la fin de\u00a02024.<\/p><p class=\"elementor-heading-title elementor-size-default\"><a href=\"https:\/\/cpata-cabamc.ca\/wp-content\/uploads\/2025\/03\/4.1.2-Fondements-professionnels.pdf\" target=\"_blank\" rel=\"noopener\">Profil des fondements professionnels pour compl\u00e9ter les profils de comp\u00e9tences<\/a><\/p>\t\t\t\t\t\t\t\t<\/div>\n\t\t\t\t<\/div>\n\t\t\t\t<div class=\"elementor-element elementor-element-ab5f7ed elementor-widget elementor-widget-text-editor\" data-id=\"ab5f7ed\" data-element_type=\"widget\" data-e-type=\"widget\" data-widget_type=\"text-editor.default\">\n\t\t\t\t<div class=\"elementor-widget-container\">\n\t\t\t\t\t\t\t\t\t<p><strong>Questions<\/strong><\/p><p><em>Si vous avez des questions, veuillez contacter <a href=\"mailto:registration-inscription@cpata-cabamc.ca\" target=\"_blank\" rel=\"noopener\"><span class=\"m_771796115137900063normaltextrun\">registration-<wbr \/>inscription@cpata-cabamc.ca<\/span><\/a><\/em><\/p>\t\t\t\t\t\t\t\t<\/div>\n\t\t\t\t<\/div>\n\t\t\t\t\t<\/div>\n\t\t<\/div>\n\t\t\t\t\t<\/div>\n\t\t<\/section>\n\t\t\t\t<\/div>\n\t\t","protected":false},"excerpt":{"rendered":"<p>Qu\u2019est-ce qu\u2019un profil de comp\u00e9tences? De mani\u00e8re g\u00e9n\u00e9rale, un profil de comp\u00e9tences d\u00e9crit ce qu\u2019un(e)<\/p>\n","protected":false},"author":6,"featured_media":0,"parent":5881,"menu_order":0,"comment_status":"closed","ping_status":"closed","template":"","meta":{"_acf_changed":false,"_monsterinsights_skip_tracking":false,"_monsterinsights_sitenote_active":false,"_monsterinsights_sitenote_note":"","_monsterinsights_sitenote_category":0,"site-sidebar-layout":"no-sidebar","site-content-layout":"page-builder","ast-site-content-layout":"default","site-content-style":"default","site-sidebar-style":"default","ast-global-header-display":"","ast-banner-title-visibility":"","ast-main-header-display":"","ast-hfb-above-header-display":"","ast-hfb-below-header-display":"","ast-hfb-mobile-header-display":"","site-post-title":"disabled","ast-breadcrumbs-content":"","ast-featured-img":"disabled","footer-sml-layout":"","theme-transparent-header-meta":"default","adv-header-id-meta":"","stick-header-meta":"","header-above-stick-meta":"","header-main-stick-meta":"","header-below-stick-meta":"","astra-migrate-meta-layouts":"set","ast-page-background-enabled":"default","ast-page-background-meta":{"desktop":{"background-color":"","background-image":"","background-repeat":"repeat","background-position":"center center","background-size":"auto","background-attachment":"scroll","background-type":"","background-media":"","overlay-type":"","overlay-color":"","overlay-opacity":"","overlay-gradient":""},"tablet":{"background-color":"","background-image":"","background-repeat":"repeat","background-position":"center center","background-size":"auto","background-attachment":"scroll","background-type":"","background-media":"","overlay-type":"","overlay-color":"","overlay-opacity":"","overlay-gradient":""},"mobile":{"background-color":"","background-image":"","background-repeat":"repeat","background-position":"center center","background-size":"auto","background-attachment":"scroll","background-type":"","background-media":"","overlay-type":"","overlay-color":"","overlay-opacity":"","overlay-gradient":""}},"ast-content-background-meta":{"desktop":{"background-color":"var(--ast-global-color-5)","background-image":"","background-repeat":"repeat","background-position":"center center","background-size":"auto","background-attachment":"scroll","background-type":"","background-media":"","overlay-type":"","overlay-color":"","overlay-opacity":"","overlay-gradient":""},"tablet":{"background-color":"var(--ast-global-color-5)","background-image":"","background-repeat":"repeat","background-position":"center center","background-size":"auto","background-attachment":"scroll","background-type":"","background-media":"","overlay-type":"","overlay-color":"","overlay-opacity":"","overlay-gradient":""},"mobile":{"background-color":"var(--ast-global-color-5)","background-image":"","background-repeat":"repeat","background-position":"center center","background-size":"auto","background-attachment":"scroll","background-type":"","background-media":"","overlay-type":"","overlay-color":"","overlay-opacity":"","overlay-gradient":""}},"footnotes":""},"folder":[],"class_list":["post-13692","page","type-page","status-publish","hentry"],"acf":[],"yoast_head":"<!-- This site is optimized with the Yoast SEO plugin v27.2 - https:\/\/yoast.com\/product\/yoast-seo-wordpress\/ -->\n<title>Profils de comp\u00e9tences - CABAMC<\/title>\n<meta name=\"robots\" content=\"index, follow, max-snippet:-1, max-image-preview:large, max-video-preview:-1\" \/>\n<link rel=\"canonical\" href=\"https:\/\/cpata-cabamc.ca\/fr\/devenir-un-agent\/profils-de-competences\/\" \/>\n<meta property=\"og:locale\" content=\"fr_FR\" \/>\n<meta property=\"og:type\" content=\"article\" \/>\n<meta property=\"og:title\" content=\"Profils de comp\u00e9tences - CABAMC\" \/>\n<meta property=\"og:description\" content=\"Qu\u2019est-ce qu\u2019un profil de comp\u00e9tences? De mani\u00e8re g\u00e9n\u00e9rale, un profil de comp\u00e9tences d\u00e9crit ce qu\u2019un(e)\" \/>\n<meta property=\"og:url\" content=\"https:\/\/cpata-cabamc.ca\/fr\/devenir-un-agent\/profils-de-competences\/\" \/>\n<meta property=\"og:site_name\" content=\"CABAMC\" \/>\n<meta property=\"article:modified_time\" content=\"2025-04-22T18:48:12+00:00\" \/>\n<meta name=\"twitter:card\" content=\"summary_large_image\" \/>\n<meta name=\"twitter:label1\" content=\"Dur\u00e9e de lecture estim\u00e9e\" \/>\n\t<meta name=\"twitter:data1\" content=\"2 minutes\" \/>\n<script type=\"application\/ld+json\" class=\"yoast-schema-graph\">{\"@context\":\"https:\/\/schema.org\",\"@graph\":[{\"@type\":\"WebPage\",\"@id\":\"https:\/\/cpata-cabamc.ca\/fr\/devenir-un-agent\/profils-de-competences\/\",\"url\":\"https:\/\/cpata-cabamc.ca\/fr\/devenir-un-agent\/profils-de-competences\/\",\"name\":\"Profils de comp\u00e9tences - CABAMC\",\"isPartOf\":{\"@id\":\"https:\/\/cpata-cabamc.ca\/fr\/#website\"},\"datePublished\":\"2023-02-27T16:02:13+00:00\",\"dateModified\":\"2025-04-22T18:48:12+00:00\",\"breadcrumb\":{\"@id\":\"https:\/\/cpata-cabamc.ca\/fr\/devenir-un-agent\/profils-de-competences\/#breadcrumb\"},\"inLanguage\":\"fr-FR\",\"potentialAction\":[{\"@type\":\"ReadAction\",\"target\":[\"https:\/\/cpata-cabamc.ca\/fr\/devenir-un-agent\/profils-de-competences\/\"]}]},{\"@type\":\"BreadcrumbList\",\"@id\":\"https:\/\/cpata-cabamc.ca\/fr\/devenir-un-agent\/profils-de-competences\/#breadcrumb\",\"itemListElement\":[{\"@type\":\"ListItem\",\"position\":1,\"name\":\"Accueil\",\"item\":\"https:\/\/cpata-cabamc.ca\/fr\/\"},{\"@type\":\"ListItem\",\"position\":2,\"name\":\"Devenir un agent\",\"item\":\"https:\/\/cpata-cabamc.ca\/fr\/become-an-agent\/\"},{\"@type\":\"ListItem\",\"position\":3,\"name\":\"Profils de comp\u00e9tences\"}]},{\"@type\":\"WebSite\",\"@id\":\"https:\/\/cpata-cabamc.ca\/fr\/#website\",\"url\":\"https:\/\/cpata-cabamc.ca\/fr\/\",\"name\":\"CABAMC\",\"description\":\"CABAMC\",\"publisher\":{\"@id\":\"https:\/\/cpata-cabamc.ca\/fr\/#organization\"},\"potentialAction\":[{\"@type\":\"SearchAction\",\"target\":{\"@type\":\"EntryPoint\",\"urlTemplate\":\"https:\/\/cpata-cabamc.ca\/fr\/?s={search_term_string}\"},\"query-input\":{\"@type\":\"PropertyValueSpecification\",\"valueRequired\":true,\"valueName\":\"search_term_string\"}}],\"inLanguage\":\"fr-FR\"},{\"@type\":\"Organization\",\"@id\":\"https:\/\/cpata-cabamc.ca\/fr\/#organization\",\"name\":\"CABAMC\",\"url\":\"https:\/\/cpata-cabamc.ca\/fr\/\",\"logo\":{\"@type\":\"ImageObject\",\"inLanguage\":\"fr-FR\",\"@id\":\"https:\/\/cpata-cabamc.ca\/fr\/#\/schema\/logo\/image\/\",\"url\":\"https:\/\/cpata-cabamc.ca\/wp-content\/uploads\/2021\/02\/Logo-Light-RGB.svg\",\"contentUrl\":\"https:\/\/cpata-cabamc.ca\/wp-content\/uploads\/2021\/02\/Logo-Light-RGB.svg\",\"caption\":\"CABAMC\"},\"image\":{\"@id\":\"https:\/\/cpata-cabamc.ca\/fr\/#\/schema\/logo\/image\/\"}}]}<\/script>\n<!-- \/ Yoast SEO plugin. -->","yoast_head_json":{"title":"Profils de comp\u00e9tences - CABAMC","robots":{"index":"index","follow":"follow","max-snippet":"max-snippet:-1","max-image-preview":"max-image-preview:large","max-video-preview":"max-video-preview:-1"},"canonical":"https:\/\/cpata-cabamc.ca\/fr\/devenir-un-agent\/profils-de-competences\/","og_locale":"fr_FR","og_type":"article","og_title":"Profils de comp\u00e9tences - CABAMC","og_description":"Qu\u2019est-ce qu\u2019un profil de comp\u00e9tences? De mani\u00e8re g\u00e9n\u00e9rale, un profil de comp\u00e9tences d\u00e9crit ce qu\u2019un(e)","og_url":"https:\/\/cpata-cabamc.ca\/fr\/devenir-un-agent\/profils-de-competences\/","og_site_name":"CABAMC","article_modified_time":"2025-04-22T18:48:12+00:00","twitter_card":"summary_large_image","twitter_misc":{"Dur\u00e9e de lecture estim\u00e9e":"2 minutes"},"schema":{"@context":"https:\/\/schema.org","@graph":[{"@type":"WebPage","@id":"https:\/\/cpata-cabamc.ca\/fr\/devenir-un-agent\/profils-de-competences\/","url":"https:\/\/cpata-cabamc.ca\/fr\/devenir-un-agent\/profils-de-competences\/","name":"Profils de comp\u00e9tences - CABAMC","isPartOf":{"@id":"https:\/\/cpata-cabamc.ca\/fr\/#website"},"datePublished":"2023-02-27T16:02:13+00:00","dateModified":"2025-04-22T18:48:12+00:00","breadcrumb":{"@id":"https:\/\/cpata-cabamc.ca\/fr\/devenir-un-agent\/profils-de-competences\/#breadcrumb"},"inLanguage":"fr-FR","potentialAction":[{"@type":"ReadAction","target":["https:\/\/cpata-cabamc.ca\/fr\/devenir-un-agent\/profils-de-competences\/"]}]},{"@type":"BreadcrumbList","@id":"https:\/\/cpata-cabamc.ca\/fr\/devenir-un-agent\/profils-de-competences\/#breadcrumb","itemListElement":[{"@type":"ListItem","position":1,"name":"Accueil","item":"https:\/\/cpata-cabamc.ca\/fr\/"},{"@type":"ListItem","position":2,"name":"Devenir un agent","item":"https:\/\/cpata-cabamc.ca\/fr\/become-an-agent\/"},{"@type":"ListItem","position":3,"name":"Profils de comp\u00e9tences"}]},{"@type":"WebSite","@id":"https:\/\/cpata-cabamc.ca\/fr\/#website","url":"https:\/\/cpata-cabamc.ca\/fr\/","name":"CABAMC","description":"CABAMC","publisher":{"@id":"https:\/\/cpata-cabamc.ca\/fr\/#organization"},"potentialAction":[{"@type":"SearchAction","target":{"@type":"EntryPoint","urlTemplate":"https:\/\/cpata-cabamc.ca\/fr\/?s={search_term_string}"},"query-input":{"@type":"PropertyValueSpecification","valueRequired":true,"valueName":"search_term_string"}}],"inLanguage":"fr-FR"},{"@type":"Organization","@id":"https:\/\/cpata-cabamc.ca\/fr\/#organization","name":"CABAMC","url":"https:\/\/cpata-cabamc.ca\/fr\/","logo":{"@type":"ImageObject","inLanguage":"fr-FR","@id":"https:\/\/cpata-cabamc.ca\/fr\/#\/schema\/logo\/image\/","url":"https:\/\/cpata-cabamc.ca\/wp-content\/uploads\/2021\/02\/Logo-Light-RGB.svg","contentUrl":"https:\/\/cpata-cabamc.ca\/wp-content\/uploads\/2021\/02\/Logo-Light-RGB.svg","caption":"CABAMC"},"image":{"@id":"https:\/\/cpata-cabamc.ca\/fr\/#\/schema\/logo\/image\/"}}]}},"_links":{"self":[{"href":"https:\/\/cpata-cabamc.ca\/fr\/wp-json\/wp\/v2\/pages\/13692","targetHints":{"allow":["GET"]}}],"collection":[{"href":"https:\/\/cpata-cabamc.ca\/fr\/wp-json\/wp\/v2\/pages"}],"about":[{"href":"https:\/\/cpata-cabamc.ca\/fr\/wp-json\/wp\/v2\/types\/page"}],"author":[{"embeddable":true,"href":"https:\/\/cpata-cabamc.ca\/fr\/wp-json\/wp\/v2\/users\/6"}],"replies":[{"embeddable":true,"href":"https:\/\/cpata-cabamc.ca\/fr\/wp-json\/wp\/v2\/comments?post=13692"}],"version-history":[{"count":0,"href":"https:\/\/cpata-cabamc.ca\/fr\/wp-json\/wp\/v2\/pages\/13692\/revisions"}],"up":[{"embeddable":true,"href":"https:\/\/cpata-cabamc.ca\/fr\/wp-json\/wp\/v2\/pages\/5881"}],"wp:attachment":[{"href":"https:\/\/cpata-cabamc.ca\/fr\/wp-json\/wp\/v2\/media?parent=13692"}],"wp:term":[{"taxonomy":"folder","embeddable":true,"href":"https:\/\/cpata-cabamc.ca\/fr\/wp-json\/wp\/v2\/folder?post=13692"}],"curies":[{"name":"wp","href":"https:\/\/api.w.org\/{rel}","templated":true}]}}