{"id":13552,"date":"2023-02-22T14:52:42","date_gmt":"2023-02-22T14:52:42","guid":{"rendered":"https:\/\/cpatacabamcdev.wpengine.com\/?page_id=13552"},"modified":"2023-05-01T18:46:57","modified_gmt":"2023-05-01T18:46:57","slug":"politique-relative-a-linteret-public","status":"publish","type":"page","link":"https:\/\/cpata-cabamc.ca\/fr\/a-propos-de-nous\/consultations-et-appels-aux-observations\/politique-relative-a-linteret-public\/","title":{"rendered":"Politique relative \u00e0 l\u2019int\u00e9r\u00eat public"},"content":{"rendered":"\t\t<div data-elementor-type=\"wp-page\" data-elementor-id=\"13552\" class=\"elementor elementor-13552 elementor-13550\" data-elementor-post-type=\"page\">\n\t\t\t\t\t\t<section class=\"elementor-section elementor-top-section elementor-element elementor-element-b7aaabc elementor-section-boxed elementor-section-height-default elementor-section-height-default\" data-id=\"b7aaabc\" data-element_type=\"section\" data-e-type=\"section\">\n\t\t\t\t\t\t<div class=\"elementor-container elementor-column-gap-default\">\n\t\t\t\t\t<div class=\"elementor-column elementor-col-100 elementor-top-column elementor-element elementor-element-bb5f065\" data-id=\"bb5f065\" data-element_type=\"column\" data-e-type=\"column\">\n\t\t\t<div class=\"elementor-widget-wrap elementor-element-populated\">\n\t\t\t\t\t\t<div class=\"elementor-element elementor-element-b55dad7 elementor-widget elementor-widget-heading\" data-id=\"b55dad7\" data-element_type=\"widget\" data-e-type=\"widget\" data-widget_type=\"heading.default\">\n\t\t\t\t<div class=\"elementor-widget-container\">\n\t\t\t\t\t<h2 class=\"elementor-heading-title elementor-size-default\">Le contexte <\/h2>\t\t\t\t<\/div>\n\t\t\t\t<\/div>\n\t\t\t\t<div class=\"elementor-element elementor-element-4dc73c5 elementor-widget elementor-widget-text-editor\" data-id=\"4dc73c5\" data-element_type=\"widget\" data-e-type=\"widget\" data-widget_type=\"text-editor.default\">\n\t\t\t\t<div class=\"elementor-widget-container\">\n\t\t\t\t\t\t\t\t\t<p><span data-contrast=\"auto\">Le CABAMC a pour mission de r\u00e9gir les agents de brevets et les agents de marques de commerce dans l\u2019\u00ab\u202fint\u00e9r\u00eat du public\u202f\u00bb afin d\u2019am\u00e9liorer la capacit\u00e9 du public d\u2019obtenir les droits conf\u00e9r\u00e9s sous le r\u00e9gime de la Loi sur les brevets et de la Loi sur les marques de commerce (article\u202f6 de la Loi sur le CABAMC). Ce terme n\u2019est pas d\u00e9fini dans la Loi sur le CABAMC.<\/span><span data-ccp-props=\"{&quot;201341983&quot;:0,&quot;335559739&quot;:160,&quot;335559740&quot;:259}\">\u00a0<\/span><\/p><p><span data-contrast=\"auto\">Le CABAMC a cr\u00e9\u00e9 une politique afin de d\u00e9crire la fa\u00e7on dont nous consid\u00e9rons nos responsabilit\u00e9s et ce que nous entendons concr\u00e8tement lorsque nous disons que nous r\u00e9glementons dans l\u2019\u00ab\u202fint\u00e9r\u00eat du public\u202f\u00bb. La port\u00e9e de ce projet de politique est quelque peu unique au Canada, en ce sens qu\u2019elle englobe les efforts du CABAMC pour d\u00e9finir concr\u00e8tement ce terme de fa\u00e7on pratique et selon nos activit\u00e9s, et qu\u2019elle s\u2019efforce d\u2019ancrer nos mesures r\u00e9glementaires \u00e0 ce concept.<\/span><span data-ccp-props=\"{&quot;201341983&quot;:0,&quot;335559739&quot;:160,&quot;335559740&quot;:259}\">\u00a0<\/span><\/p>\t\t\t\t\t\t\t\t<\/div>\n\t\t\t\t<\/div>\n\t\t\t\t<div class=\"elementor-element elementor-element-2452e40 elementor-widget elementor-widget-heading\" data-id=\"2452e40\" data-element_type=\"widget\" data-e-type=\"widget\" data-widget_type=\"heading.default\">\n\t\t\t\t<div class=\"elementor-widget-container\">\n\t\t\t\t\t<h2 class=\"elementor-heading-title elementor-size-default\">La politique <\/h2>\t\t\t\t<\/div>\n\t\t\t\t<\/div>\n\t\t\t\t<div class=\"elementor-element elementor-element-0b86997 elementor-widget elementor-widget-text-editor\" data-id=\"0b86997\" data-element_type=\"widget\" data-e-type=\"widget\" data-widget_type=\"text-editor.default\">\n\t\t\t\t<div class=\"elementor-widget-container\">\n\t\t\t\t\t\t\t\t\t<p><a href=\"https:\/\/cpata-cabamc.ca\/wp-content\/uploads\/2023\/02\/5a.-2022-11-12-Bd.-Pol-No.-9-The-Public-Interest-1.pdf\"><span class=\"TextRun Underlined SCXW72976755 BCX0\" lang=\"FR\" xml:lang=\"FR\" data-contrast=\"auto\"><span class=\"NormalTextRun SCXW72976755 BCX0\">Politique du Conseil n<\/span><\/span><span class=\"TextRun Underlined SCXW72976755 BCX0\" lang=\"FR\" xml:lang=\"FR\" data-contrast=\"auto\"><span class=\"NormalTextRun Superscript SCXW72976755 BCX0\" data-fontsize=\"11\">o<\/span><\/span><span class=\"TextRun Underlined SCXW72976755 BCX0\" lang=\"FR\" xml:lang=\"FR\" data-contrast=\"auto\"><span class=\"NormalTextRun SCXW72976755 BCX0\"> 9 \u2013 Politique relative \u00e0 l\u2019int\u00e9r\u00eat public et processus d\u00e9cisionnel du CABAMC<\/span><\/span><\/a><\/p>\t\t\t\t\t\t\t\t<\/div>\n\t\t\t\t<\/div>\n\t\t\t\t<div class=\"elementor-element elementor-element-440c810 elementor-widget elementor-widget-heading\" data-id=\"440c810\" data-element_type=\"widget\" data-e-type=\"widget\" data-widget_type=\"heading.default\">\n\t\t\t\t<div class=\"elementor-widget-container\">\n\t\t\t\t\t<h2 class=\"elementor-heading-title elementor-size-default\">Comment fournir des commentaires <\/h2>\t\t\t\t<\/div>\n\t\t\t\t<\/div>\n\t\t\t\t<div class=\"elementor-element elementor-element-cae0684 elementor-widget elementor-widget-text-editor\" data-id=\"cae0684\" data-element_type=\"widget\" data-e-type=\"widget\" data-widget_type=\"text-editor.default\">\n\t\t\t\t<div class=\"elementor-widget-container\">\n\t\t\t\t\t\t\t\t\t<p>La date limite pour fournir des commentaires \u00e9tait le 30 avril 2023.<\/p>\t\t\t\t\t\t\t\t<\/div>\n\t\t\t\t<\/div>\n\t\t\t\t\t<\/div>\n\t\t<\/div>\n\t\t\t\t\t<\/div>\n\t\t<\/section>\n\t\t\t\t<\/div>\n\t\t","protected":false},"excerpt":{"rendered":"<p>Le contexte Le CABAMC a pour mission de r\u00e9gir les agents de brevets et les<\/p>\n","protected":false},"author":6,"featured_media":0,"parent":7894,"menu_order":0,"comment_status":"closed","ping_status":"closed","template":"","meta":{"_acf_changed":false,"_monsterinsights_skip_tracking":false,"_monsterinsights_sitenote_active":false,"_monsterinsights_sitenote_note":"","_monsterinsights_sitenote_category":0,"site-sidebar-layout":"no-sidebar","site-content-layout":"page-builder","ast-site-content-layout":"default","site-content-style":"default","site-sidebar-style":"default","ast-global-header-display":"","ast-banner-title-visibility":"","ast-main-header-display":"","ast-hfb-above-header-display":"","ast-hfb-below-header-display":"","ast-hfb-mobile-header-display":"","site-post-title":"disabled","ast-breadcrumbs-content":"","ast-featured-img":"disabled","footer-sml-layout":"","theme-transparent-header-meta":"default","adv-header-id-meta":"","stick-header-meta":"","header-above-stick-meta":"","header-main-stick-meta":"","header-below-stick-meta":"","astra-migrate-meta-layouts":"default","ast-page-background-enabled":"default","ast-page-background-meta":{"desktop":{"background-color":"","background-image":"","background-repeat":"repeat","background-position":"center center","background-size":"auto","background-attachment":"scroll","background-type":"","background-media":"","overlay-type":"","overlay-color":"","overlay-opacity":"","overlay-gradient":""},"tablet":{"background-color":"","background-image":"","background-repeat":"repeat","background-position":"center center","background-size":"auto","background-attachment":"scroll","background-type":"","background-media":"","overlay-type":"","overlay-color":"","overlay-opacity":"","overlay-gradient":""},"mobile":{"background-color":"","background-image":"","background-repeat":"repeat","background-position":"center center","background-size":"auto","background-attachment":"scroll","background-type":"","background-media":"","overlay-type":"","overlay-color":"","overlay-opacity":"","overlay-gradient":""}},"ast-content-background-meta":{"desktop":{"background-color":"var(--ast-global-color-5)","background-image":"","background-repeat":"repeat","background-position":"center center","background-size":"auto","background-attachment":"scroll","background-type":"","background-media":"","overlay-type":"","overlay-color":"","overlay-opacity":"","overlay-gradient":""},"tablet":{"background-color":"var(--ast-global-color-5)","background-image":"","background-repeat":"repeat","background-position":"center center","background-size":"auto","background-attachment":"scroll","background-type":"","background-media":"","overlay-type":"","overlay-color":"","overlay-opacity":"","overlay-gradient":""},"mobile":{"background-color":"var(--ast-global-color-5)","background-image":"","background-repeat":"repeat","background-position":"center center","background-size":"auto","background-attachment":"scroll","background-type":"","background-media":"","overlay-type":"","overlay-color":"","overlay-opacity":"","overlay-gradient":""}},"footnotes":""},"folder":[],"class_list":["post-13552","page","type-page","status-publish","hentry"],"acf":[],"yoast_head":"<!-- This site is optimized with the Yoast SEO plugin v27.2 - https:\/\/yoast.com\/product\/yoast-seo-wordpress\/ -->\n<title>Politique relative \u00e0 l\u2019int\u00e9r\u00eat public - CABAMC<\/title>\n<meta name=\"robots\" content=\"index, follow, max-snippet:-1, max-image-preview:large, max-video-preview:-1\" \/>\n<link rel=\"canonical\" href=\"https:\/\/cpata-cabamc.ca\/fr\/a-propos-de-nous\/consultations-et-appels-aux-observations\/politique-relative-a-linteret-public\/\" \/>\n<meta property=\"og:locale\" content=\"fr_FR\" \/>\n<meta property=\"og:type\" content=\"article\" \/>\n<meta property=\"og:title\" content=\"Politique relative \u00e0 l\u2019int\u00e9r\u00eat public - CABAMC\" \/>\n<meta property=\"og:description\" content=\"Le contexte Le CABAMC a pour mission de r\u00e9gir les agents de brevets et les\" \/>\n<meta property=\"og:url\" content=\"https:\/\/cpata-cabamc.ca\/fr\/a-propos-de-nous\/consultations-et-appels-aux-observations\/politique-relative-a-linteret-public\/\" \/>\n<meta property=\"og:site_name\" content=\"CABAMC\" \/>\n<meta property=\"article:modified_time\" content=\"2023-05-01T18:46:57+00:00\" \/>\n<meta name=\"twitter:card\" content=\"summary_large_image\" \/>\n<meta name=\"twitter:label1\" content=\"Dur\u00e9e de lecture estim\u00e9e\" \/>\n\t<meta name=\"twitter:data1\" content=\"2 minutes\" \/>\n<script type=\"application\/ld+json\" class=\"yoast-schema-graph\">{\"@context\":\"https:\/\/schema.org\",\"@graph\":[{\"@type\":\"WebPage\",\"@id\":\"https:\/\/cpata-cabamc.ca\/fr\/a-propos-de-nous\/consultations-et-appels-aux-observations\/politique-relative-a-linteret-public\/\",\"url\":\"https:\/\/cpata-cabamc.ca\/fr\/a-propos-de-nous\/consultations-et-appels-aux-observations\/politique-relative-a-linteret-public\/\",\"name\":\"Politique relative \u00e0 l\u2019int\u00e9r\u00eat public - CABAMC\",\"isPartOf\":{\"@id\":\"https:\/\/cpata-cabamc.ca\/fr\/#website\"},\"datePublished\":\"2023-02-22T14:52:42+00:00\",\"dateModified\":\"2023-05-01T18:46:57+00:00\",\"breadcrumb\":{\"@id\":\"https:\/\/cpata-cabamc.ca\/fr\/a-propos-de-nous\/consultations-et-appels-aux-observations\/politique-relative-a-linteret-public\/#breadcrumb\"},\"inLanguage\":\"fr-FR\",\"potentialAction\":[{\"@type\":\"ReadAction\",\"target\":[\"https:\/\/cpata-cabamc.ca\/fr\/a-propos-de-nous\/consultations-et-appels-aux-observations\/politique-relative-a-linteret-public\/\"]}]},{\"@type\":\"BreadcrumbList\",\"@id\":\"https:\/\/cpata-cabamc.ca\/fr\/a-propos-de-nous\/consultations-et-appels-aux-observations\/politique-relative-a-linteret-public\/#breadcrumb\",\"itemListElement\":[{\"@type\":\"ListItem\",\"position\":1,\"name\":\"Accueil\",\"item\":\"https:\/\/cpata-cabamc.ca\/fr\/\"},{\"@type\":\"ListItem\",\"position\":2,\"name\":\"\u00c0 propos de nous\",\"item\":\"https:\/\/cpata-cabamc.ca\/fr\/about-us\/\"},{\"@type\":\"ListItem\",\"position\":3,\"name\":\"Consultations et appels \u00e0 commentaires\",\"item\":\"https:\/\/cpata-cabamc.ca\/fr\/a-propos-de-nous\/consultations-et-appels-aux-observations\/\"},{\"@type\":\"ListItem\",\"position\":4,\"name\":\"Politique relative \u00e0 l\u2019int\u00e9r\u00eat public\"}]},{\"@type\":\"WebSite\",\"@id\":\"https:\/\/cpata-cabamc.ca\/fr\/#website\",\"url\":\"https:\/\/cpata-cabamc.ca\/fr\/\",\"name\":\"CABAMC\",\"description\":\"CABAMC\",\"publisher\":{\"@id\":\"https:\/\/cpata-cabamc.ca\/fr\/#organization\"},\"potentialAction\":[{\"@type\":\"SearchAction\",\"target\":{\"@type\":\"EntryPoint\",\"urlTemplate\":\"https:\/\/cpata-cabamc.ca\/fr\/?s={search_term_string}\"},\"query-input\":{\"@type\":\"PropertyValueSpecification\",\"valueRequired\":true,\"valueName\":\"search_term_string\"}}],\"inLanguage\":\"fr-FR\"},{\"@type\":\"Organization\",\"@id\":\"https:\/\/cpata-cabamc.ca\/fr\/#organization\",\"name\":\"CABAMC\",\"url\":\"https:\/\/cpata-cabamc.ca\/fr\/\",\"logo\":{\"@type\":\"ImageObject\",\"inLanguage\":\"fr-FR\",\"@id\":\"https:\/\/cpata-cabamc.ca\/fr\/#\/schema\/logo\/image\/\",\"url\":\"https:\/\/cpata-cabamc.ca\/wp-content\/uploads\/2021\/02\/Logo-Light-RGB.svg\",\"contentUrl\":\"https:\/\/cpata-cabamc.ca\/wp-content\/uploads\/2021\/02\/Logo-Light-RGB.svg\",\"caption\":\"CABAMC\"},\"image\":{\"@id\":\"https:\/\/cpata-cabamc.ca\/fr\/#\/schema\/logo\/image\/\"}}]}<\/script>\n<!-- \/ Yoast SEO plugin. -->","yoast_head_json":{"title":"Politique relative \u00e0 l\u2019int\u00e9r\u00eat public - CABAMC","robots":{"index":"index","follow":"follow","max-snippet":"max-snippet:-1","max-image-preview":"max-image-preview:large","max-video-preview":"max-video-preview:-1"},"canonical":"https:\/\/cpata-cabamc.ca\/fr\/a-propos-de-nous\/consultations-et-appels-aux-observations\/politique-relative-a-linteret-public\/","og_locale":"fr_FR","og_type":"article","og_title":"Politique relative \u00e0 l\u2019int\u00e9r\u00eat public - CABAMC","og_description":"Le contexte Le CABAMC a pour mission de r\u00e9gir les agents de brevets et les","og_url":"https:\/\/cpata-cabamc.ca\/fr\/a-propos-de-nous\/consultations-et-appels-aux-observations\/politique-relative-a-linteret-public\/","og_site_name":"CABAMC","article_modified_time":"2023-05-01T18:46:57+00:00","twitter_card":"summary_large_image","twitter_misc":{"Dur\u00e9e de lecture estim\u00e9e":"2 minutes"},"schema":{"@context":"https:\/\/schema.org","@graph":[{"@type":"WebPage","@id":"https:\/\/cpata-cabamc.ca\/fr\/a-propos-de-nous\/consultations-et-appels-aux-observations\/politique-relative-a-linteret-public\/","url":"https:\/\/cpata-cabamc.ca\/fr\/a-propos-de-nous\/consultations-et-appels-aux-observations\/politique-relative-a-linteret-public\/","name":"Politique relative \u00e0 l\u2019int\u00e9r\u00eat public - CABAMC","isPartOf":{"@id":"https:\/\/cpata-cabamc.ca\/fr\/#website"},"datePublished":"2023-02-22T14:52:42+00:00","dateModified":"2023-05-01T18:46:57+00:00","breadcrumb":{"@id":"https:\/\/cpata-cabamc.ca\/fr\/a-propos-de-nous\/consultations-et-appels-aux-observations\/politique-relative-a-linteret-public\/#breadcrumb"},"inLanguage":"fr-FR","potentialAction":[{"@type":"ReadAction","target":["https:\/\/cpata-cabamc.ca\/fr\/a-propos-de-nous\/consultations-et-appels-aux-observations\/politique-relative-a-linteret-public\/"]}]},{"@type":"BreadcrumbList","@id":"https:\/\/cpata-cabamc.ca\/fr\/a-propos-de-nous\/consultations-et-appels-aux-observations\/politique-relative-a-linteret-public\/#breadcrumb","itemListElement":[{"@type":"ListItem","position":1,"name":"Accueil","item":"https:\/\/cpata-cabamc.ca\/fr\/"},{"@type":"ListItem","position":2,"name":"\u00c0 propos de nous","item":"https:\/\/cpata-cabamc.ca\/fr\/about-us\/"},{"@type":"ListItem","position":3,"name":"Consultations et appels \u00e0 commentaires","item":"https:\/\/cpata-cabamc.ca\/fr\/a-propos-de-nous\/consultations-et-appels-aux-observations\/"},{"@type":"ListItem","position":4,"name":"Politique relative \u00e0 l\u2019int\u00e9r\u00eat public"}]},{"@type":"WebSite","@id":"https:\/\/cpata-cabamc.ca\/fr\/#website","url":"https:\/\/cpata-cabamc.ca\/fr\/","name":"CABAMC","description":"CABAMC","publisher":{"@id":"https:\/\/cpata-cabamc.ca\/fr\/#organization"},"potentialAction":[{"@type":"SearchAction","target":{"@type":"EntryPoint","urlTemplate":"https:\/\/cpata-cabamc.ca\/fr\/?s={search_term_string}"},"query-input":{"@type":"PropertyValueSpecification","valueRequired":true,"valueName":"search_term_string"}}],"inLanguage":"fr-FR"},{"@type":"Organization","@id":"https:\/\/cpata-cabamc.ca\/fr\/#organization","name":"CABAMC","url":"https:\/\/cpata-cabamc.ca\/fr\/","logo":{"@type":"ImageObject","inLanguage":"fr-FR","@id":"https:\/\/cpata-cabamc.ca\/fr\/#\/schema\/logo\/image\/","url":"https:\/\/cpata-cabamc.ca\/wp-content\/uploads\/2021\/02\/Logo-Light-RGB.svg","contentUrl":"https:\/\/cpata-cabamc.ca\/wp-content\/uploads\/2021\/02\/Logo-Light-RGB.svg","caption":"CABAMC"},"image":{"@id":"https:\/\/cpata-cabamc.ca\/fr\/#\/schema\/logo\/image\/"}}]}},"_links":{"self":[{"href":"https:\/\/cpata-cabamc.ca\/fr\/wp-json\/wp\/v2\/pages\/13552","targetHints":{"allow":["GET"]}}],"collection":[{"href":"https:\/\/cpata-cabamc.ca\/fr\/wp-json\/wp\/v2\/pages"}],"about":[{"href":"https:\/\/cpata-cabamc.ca\/fr\/wp-json\/wp\/v2\/types\/page"}],"author":[{"embeddable":true,"href":"https:\/\/cpata-cabamc.ca\/fr\/wp-json\/wp\/v2\/users\/6"}],"replies":[{"embeddable":true,"href":"https:\/\/cpata-cabamc.ca\/fr\/wp-json\/wp\/v2\/comments?post=13552"}],"version-history":[{"count":0,"href":"https:\/\/cpata-cabamc.ca\/fr\/wp-json\/wp\/v2\/pages\/13552\/revisions"}],"up":[{"embeddable":true,"href":"https:\/\/cpata-cabamc.ca\/fr\/wp-json\/wp\/v2\/pages\/7894"}],"wp:attachment":[{"href":"https:\/\/cpata-cabamc.ca\/fr\/wp-json\/wp\/v2\/media?parent=13552"}],"wp:term":[{"taxonomy":"folder","embeddable":true,"href":"https:\/\/cpata-cabamc.ca\/fr\/wp-json\/wp\/v2\/folder?post=13552"}],"curies":[{"name":"wp","href":"https:\/\/api.w.org\/{rel}","templated":true}]}}