{"id":13277,"date":"2023-02-03T18:45:14","date_gmt":"2023-02-03T18:45:14","guid":{"rendered":"https:\/\/cpatacabamcdev.wpengine.com\/?page_id=13277"},"modified":"2025-09-11T14:29:21","modified_gmt":"2025-09-11T14:29:21","slug":"politiques-du-comite-de-discipline-et-du-comite-denquete","status":"publish","type":"page","link":"https:\/\/cpata-cabamc.ca\/fr\/a-propos-de-nous\/reglementation\/politiques-du-comite-de-discipline-et-du-comite-denquete\/","title":{"rendered":"Politiques du Comit\u00e9 de discipline et du Comit\u00e9 d&rsquo;enqu\u00eate"},"content":{"rendered":"\t\t<div data-elementor-type=\"wp-page\" data-elementor-id=\"13277\" class=\"elementor elementor-13277 elementor-13275\" data-elementor-post-type=\"page\">\n\t\t\t\t\t\t<section class=\"elementor-section elementor-top-section elementor-element elementor-element-d220f06 elementor-section-boxed elementor-section-height-default elementor-section-height-default\" data-id=\"d220f06\" data-element_type=\"section\" data-e-type=\"section\">\n\t\t\t\t\t\t<div class=\"elementor-container elementor-column-gap-default\">\n\t\t\t\t\t<div class=\"elementor-column elementor-col-100 elementor-top-column elementor-element elementor-element-7bad5b0\" data-id=\"7bad5b0\" data-element_type=\"column\" data-e-type=\"column\">\n\t\t\t<div class=\"elementor-widget-wrap elementor-element-populated\">\n\t\t\t\t\t\t<div class=\"elementor-element elementor-element-6eb139e elementor-widget elementor-widget-heading\" data-id=\"6eb139e\" data-element_type=\"widget\" data-e-type=\"widget\" data-widget_type=\"heading.default\">\n\t\t\t\t<div class=\"elementor-widget-container\">\n\t\t\t\t\t<h2 class=\"elementor-heading-title elementor-size-default\">Politiques du Comit\u00e9 d'enqu\u00eate<\/h2>\t\t\t\t<\/div>\n\t\t\t\t<\/div>\n\t\t\t\t<div class=\"elementor-element elementor-element-cca0387 elementor-widget elementor-widget-text-editor\" data-id=\"cca0387\" data-element_type=\"widget\" data-e-type=\"widget\" data-widget_type=\"text-editor.default\">\n\t\t\t\t<div class=\"elementor-widget-container\">\n\t\t\t\t\t\t\t\t\t<p><a href=\"https:\/\/cpata-cabamc.ca\/wp-content\/uploads\/2023\/02\/Politique-sur-les-seuils-de-prise-de-decision.pdf\">Politique sur les seuils de prise de d\u00e9cision<\/a><\/p><p><a href=\"https:\/\/cpata-cabamc.ca\/wp-content\/uploads\/2023\/02\/Lignes-directrices-sur-la-conduite-des-enquetes-sur-les-plaintes.pdf\">Politique sur les lignes directrices sur la conduite des enqu\u00eates sur les plaintes<\/a><\/p><p><a href=\"https:\/\/cpata-cabamc.ca\/wp-content\/uploads\/2023\/12\/2023-11-16-Politique-sur-les-Appel-des-decisions-du-de-la-registraire.pdf\" target=\"_blank\" rel=\"noopener\">Politique sur l&rsquo;appel des d\u00e9cisions du (de la) registraire<\/a><\/p><p><a href=\"https:\/\/cpata-cabamc.ca\/wp-content\/uploads\/2023\/12\/2023-11-16-Politique-sur-les-ordonnances-provisoires.pdf\" target=\"_blank\" rel=\"noopener\">Politique sur les ordonnances provisoires<\/a><\/p>\t\t\t\t\t\t\t\t<\/div>\n\t\t\t\t<\/div>\n\t\t\t\t<div class=\"elementor-element elementor-element-86f62a5 elementor-widget elementor-widget-heading\" data-id=\"86f62a5\" data-element_type=\"widget\" data-e-type=\"widget\" data-widget_type=\"heading.default\">\n\t\t\t\t<div class=\"elementor-widget-container\">\n\t\t\t\t\t<h2 class=\"elementor-heading-title elementor-size-default\">Politiques du Comit\u00e9 de discipline<\/h2>\t\t\t\t<\/div>\n\t\t\t\t<\/div>\n\t\t\t\t<div class=\"elementor-element elementor-element-503833d elementor-widget elementor-widget-text-editor\" data-id=\"503833d\" data-element_type=\"widget\" data-e-type=\"widget\" data-widget_type=\"text-editor.default\">\n\t\t\t\t<div class=\"elementor-widget-container\">\n\t\t\t\t\t\t\t\t\t<p><a href=\"https:\/\/cpata-cabamc.ca\/wp-content\/uploads\/2023\/11\/2023-03-02-CD-Trousse-a-outils-sur-les-politiques-et-les-lignes-directrices.pdf\" target=\"_blank\" rel=\"noopener\">Trousse \u00e0 outils sur les politiques et les lignes directrices du Comit\u00e9 de discipline<\/a><\/p>\t\t\t\t\t\t\t\t<\/div>\n\t\t\t\t<\/div>\n\t\t\t\t<div class=\"elementor-element elementor-element-7edd605 elementor-widget elementor-widget-heading\" data-id=\"7edd605\" data-element_type=\"widget\" data-e-type=\"widget\" data-widget_type=\"heading.default\">\n\t\t\t\t<div class=\"elementor-widget-container\">\n\t\t\t\t\t<h2 class=\"elementor-heading-title elementor-size-default\">Politiques pr\u00e9alables aux audiences <\/h2>\t\t\t\t<\/div>\n\t\t\t\t<\/div>\n\t\t\t\t<div class=\"elementor-element elementor-element-16b2ce4 elementor-widget elementor-widget-text-editor\" data-id=\"16b2ce4\" data-element_type=\"widget\" data-e-type=\"widget\" data-widget_type=\"text-editor.default\">\n\t\t\t\t<div class=\"elementor-widget-container\">\n\t\t\t\t\t\t\t\t\t<p><a href=\"https:\/\/cpata-cabamc.ca\/wp-content\/uploads\/2023\/02\/Politique-sur-la-formation-de-groupes.pdf\"><span lang=\"FR-CA\">Politique sur la formation de groupes<\/span><span lang=\"FR-CA\">\u00a0<\/span><\/a><u><\/u><u><\/u><\/p><p><a href=\"https:\/\/cpata-cabamc.ca\/wp-content\/uploads\/2023\/02\/Politique-sur-les-conferences-prealables-aux-audiences.pdf\"><span lang=\"FR-CA\">Politique sur les conf\u00e9rences pr\u00e9alables aux audiences<\/span><span lang=\"FR-CA\">\u00a0<\/span><\/a><u><\/u><u><\/u><\/p><p><a href=\"https:\/\/cpata-cabamc.ca\/wp-content\/uploads\/2023\/02\/Politique-relative-aux-motions-et-aux-questions-preliminaires.pdf\"><span lang=\"FR-CA\">Politique relative aux motions et aux questions pr\u00e9liminaires<\/span><span lang=\"FR-CA\">\u00a0<\/span><\/a><u><\/u><u><\/u><\/p>\t\t\t\t\t\t\t\t<\/div>\n\t\t\t\t<\/div>\n\t\t\t\t\t<\/div>\n\t\t<\/div>\n\t\t\t\t\t<\/div>\n\t\t<\/section>\n\t\t\t\t<section class=\"elementor-section elementor-top-section elementor-element elementor-element-922a4b7 elementor-section-boxed elementor-section-height-default elementor-section-height-default\" data-id=\"922a4b7\" data-element_type=\"section\" data-e-type=\"section\">\n\t\t\t\t\t\t<div class=\"elementor-container elementor-column-gap-default\">\n\t\t\t\t\t<div class=\"elementor-column elementor-col-100 elementor-top-column elementor-element elementor-element-9f291af\" data-id=\"9f291af\" data-element_type=\"column\" data-e-type=\"column\">\n\t\t\t<div class=\"elementor-widget-wrap elementor-element-populated\">\n\t\t\t\t\t\t<div class=\"elementor-element elementor-element-ee87a68 elementor-widget elementor-widget-heading\" data-id=\"ee87a68\" data-element_type=\"widget\" data-e-type=\"widget\" data-widget_type=\"heading.default\">\n\t\t\t\t<div class=\"elementor-widget-container\">\n\t\t\t\t\t<h2 class=\"elementor-heading-title elementor-size-default\">Politiques sur la conduite des proc\u00e9dures <\/h2>\t\t\t\t<\/div>\n\t\t\t\t<\/div>\n\t\t\t\t<div class=\"elementor-element elementor-element-68b7af5 elementor-widget elementor-widget-text-editor\" data-id=\"68b7af5\" data-element_type=\"widget\" data-e-type=\"widget\" data-widget_type=\"text-editor.default\">\n\t\t\t\t<div class=\"elementor-widget-container\">\n\t\t\t\t\t\t\t\t\t<p><a href=\"https:\/\/cpata-cabamc.ca\/wp-content\/uploads\/2023\/02\/Politique-sur-la-conduite-des-procedures-virtuelles.pdf\"><span lang=\"FR-CA\">Politique sur la conduite des proc\u00e9dures virtuelles<\/span><span lang=\"FR-CA\">\u00a0<\/span><\/a><u><\/u><u><\/u><\/p><p><a href=\"https:\/\/cpata-cabamc.ca\/wp-content\/uploads\/2023\/02\/Politique-relative-aux-serments-et-aux-affirmations-solennelles.pdf\"><span lang=\"FR-CA\">Politique relative aux serments et aux affirmations solennelles<\/span><span lang=\"FR-CA\">\u00a0<\/span><\/a><u><\/u><u><\/u><\/p><p><a href=\"https:\/\/cpata-cabamc.ca\/wp-content\/uploads\/2023\/02\/Politique-sur-les-dispositions-relatives-au-consentement.pdf\"><span lang=\"FR-CA\">Politique sur les dispositions relatives au consentement<\/span><span lang=\"FR-CA\">\u00a0<\/span><\/a><u><\/u><u><\/u><\/p><p><a href=\"https:\/\/cpata-cabamc.ca\/wp-content\/uploads\/2025\/09\/2025-06-02-Comite-de-discipline-Politique-sur-les-demandes-daveux.pdf\" target=\"_blank\" rel=\"noopener\">Politique sur les demandes d&rsquo;aveux<\/a><\/p>\t\t\t\t\t\t\t\t<\/div>\n\t\t\t\t<\/div>\n\t\t\t\t\t<\/div>\n\t\t<\/div>\n\t\t\t\t\t<\/div>\n\t\t<\/section>\n\t\t\t\t<\/div>\n\t\t","protected":false},"excerpt":{"rendered":"<p>Politiques du Comit\u00e9 d&rsquo;enqu\u00eate Politique sur les seuils de prise de d\u00e9cision Politique sur les<\/p>\n","protected":false},"author":6,"featured_media":0,"parent":3925,"menu_order":0,"comment_status":"closed","ping_status":"closed","template":"","meta":{"_acf_changed":false,"_monsterinsights_skip_tracking":false,"_monsterinsights_sitenote_active":false,"_monsterinsights_sitenote_note":"","_monsterinsights_sitenote_category":0,"site-sidebar-layout":"no-sidebar","site-content-layout":"page-builder","ast-site-content-layout":"default","site-content-style":"default","site-sidebar-style":"default","ast-global-header-display":"","ast-banner-title-visibility":"","ast-main-header-display":"","ast-hfb-above-header-display":"","ast-hfb-below-header-display":"","ast-hfb-mobile-header-display":"","site-post-title":"disabled","ast-breadcrumbs-content":"","ast-featured-img":"disabled","footer-sml-layout":"","theme-transparent-header-meta":"default","adv-header-id-meta":"","stick-header-meta":"","header-above-stick-meta":"","header-main-stick-meta":"","header-below-stick-meta":"","astra-migrate-meta-layouts":"default","ast-page-background-enabled":"default","ast-page-background-meta":{"desktop":{"background-color":"","background-image":"","background-repeat":"repeat","background-position":"center center","background-size":"auto","background-attachment":"scroll","background-type":"","background-media":"","overlay-type":"","overlay-color":"","overlay-opacity":"","overlay-gradient":""},"tablet":{"background-color":"","background-image":"","background-repeat":"repeat","background-position":"center center","background-size":"auto","background-attachment":"scroll","background-type":"","background-media":"","overlay-type":"","overlay-color":"","overlay-opacity":"","overlay-gradient":""},"mobile":{"background-color":"","background-image":"","background-repeat":"repeat","background-position":"center center","background-size":"auto","background-attachment":"scroll","background-type":"","background-media":"","overlay-type":"","overlay-color":"","overlay-opacity":"","overlay-gradient":""}},"ast-content-background-meta":{"desktop":{"background-color":"var(--ast-global-color-5)","background-image":"","background-repeat":"repeat","background-position":"center center","background-size":"auto","background-attachment":"scroll","background-type":"","background-media":"","overlay-type":"","overlay-color":"","overlay-opacity":"","overlay-gradient":""},"tablet":{"background-color":"var(--ast-global-color-5)","background-image":"","background-repeat":"repeat","background-position":"center center","background-size":"auto","background-attachment":"scroll","background-type":"","background-media":"","overlay-type":"","overlay-color":"","overlay-opacity":"","overlay-gradient":""},"mobile":{"background-color":"var(--ast-global-color-5)","background-image":"","background-repeat":"repeat","background-position":"center center","background-size":"auto","background-attachment":"scroll","background-type":"","background-media":"","overlay-type":"","overlay-color":"","overlay-opacity":"","overlay-gradient":""}},"footnotes":""},"folder":[],"class_list":["post-13277","page","type-page","status-publish","hentry"],"acf":[],"yoast_head":"<!-- This site is optimized with the Yoast SEO plugin v27.2 - https:\/\/yoast.com\/product\/yoast-seo-wordpress\/ -->\n<title>Politiques du Comit\u00e9 de discipline et du Comit\u00e9 d&#039;enqu\u00eate - CABAMC<\/title>\n<meta name=\"robots\" content=\"index, follow, max-snippet:-1, max-image-preview:large, max-video-preview:-1\" \/>\n<link rel=\"canonical\" href=\"https:\/\/cpata-cabamc.ca\/fr\/a-propos-de-nous\/reglementation\/politiques-du-comite-de-discipline-et-du-comite-denquete\/\" \/>\n<meta property=\"og:locale\" content=\"fr_FR\" \/>\n<meta property=\"og:type\" content=\"article\" \/>\n<meta property=\"og:title\" content=\"Politiques du Comit\u00e9 de discipline et du Comit\u00e9 d&#039;enqu\u00eate - CABAMC\" \/>\n<meta property=\"og:description\" content=\"Politiques du Comit\u00e9 d&rsquo;enqu\u00eate Politique sur les seuils de prise de d\u00e9cision Politique sur les\" \/>\n<meta property=\"og:url\" content=\"https:\/\/cpata-cabamc.ca\/fr\/a-propos-de-nous\/reglementation\/politiques-du-comite-de-discipline-et-du-comite-denquete\/\" \/>\n<meta property=\"og:site_name\" content=\"CABAMC\" \/>\n<meta property=\"article:modified_time\" content=\"2025-09-11T14:29:21+00:00\" \/>\n<meta name=\"twitter:card\" content=\"summary_large_image\" \/>\n<meta name=\"twitter:label1\" content=\"Dur\u00e9e de lecture estim\u00e9e\" \/>\n\t<meta name=\"twitter:data1\" content=\"1 minute\" \/>\n<script type=\"application\/ld+json\" class=\"yoast-schema-graph\">{\"@context\":\"https:\/\/schema.org\",\"@graph\":[{\"@type\":\"WebPage\",\"@id\":\"https:\/\/cpata-cabamc.ca\/fr\/a-propos-de-nous\/reglementation\/politiques-du-comite-de-discipline-et-du-comite-denquete\/\",\"url\":\"https:\/\/cpata-cabamc.ca\/fr\/a-propos-de-nous\/reglementation\/politiques-du-comite-de-discipline-et-du-comite-denquete\/\",\"name\":\"Politiques du Comit\u00e9 de discipline et du Comit\u00e9 d'enqu\u00eate - CABAMC\",\"isPartOf\":{\"@id\":\"https:\/\/cpata-cabamc.ca\/fr\/#website\"},\"datePublished\":\"2023-02-03T18:45:14+00:00\",\"dateModified\":\"2025-09-11T14:29:21+00:00\",\"breadcrumb\":{\"@id\":\"https:\/\/cpata-cabamc.ca\/fr\/a-propos-de-nous\/reglementation\/politiques-du-comite-de-discipline-et-du-comite-denquete\/#breadcrumb\"},\"inLanguage\":\"fr-FR\",\"potentialAction\":[{\"@type\":\"ReadAction\",\"target\":[\"https:\/\/cpata-cabamc.ca\/fr\/a-propos-de-nous\/reglementation\/politiques-du-comite-de-discipline-et-du-comite-denquete\/\"]}]},{\"@type\":\"BreadcrumbList\",\"@id\":\"https:\/\/cpata-cabamc.ca\/fr\/a-propos-de-nous\/reglementation\/politiques-du-comite-de-discipline-et-du-comite-denquete\/#breadcrumb\",\"itemListElement\":[{\"@type\":\"ListItem\",\"position\":1,\"name\":\"Accueil\",\"item\":\"https:\/\/cpata-cabamc.ca\/fr\/\"},{\"@type\":\"ListItem\",\"position\":2,\"name\":\"\u00c0 propos de nous\",\"item\":\"https:\/\/cpata-cabamc.ca\/fr\/about-us\/\"},{\"@type\":\"ListItem\",\"position\":3,\"name\":\"R\u00e9glementation\",\"item\":\"https:\/\/cpata-cabamc.ca\/fr\/?page_id=53\"},{\"@type\":\"ListItem\",\"position\":4,\"name\":\"Politiques du Comit\u00e9 de discipline et du Comit\u00e9 d&#8217;enqu\u00eate\"}]},{\"@type\":\"WebSite\",\"@id\":\"https:\/\/cpata-cabamc.ca\/fr\/#website\",\"url\":\"https:\/\/cpata-cabamc.ca\/fr\/\",\"name\":\"CABAMC\",\"description\":\"CABAMC\",\"publisher\":{\"@id\":\"https:\/\/cpata-cabamc.ca\/fr\/#organization\"},\"potentialAction\":[{\"@type\":\"SearchAction\",\"target\":{\"@type\":\"EntryPoint\",\"urlTemplate\":\"https:\/\/cpata-cabamc.ca\/fr\/?s={search_term_string}\"},\"query-input\":{\"@type\":\"PropertyValueSpecification\",\"valueRequired\":true,\"valueName\":\"search_term_string\"}}],\"inLanguage\":\"fr-FR\"},{\"@type\":\"Organization\",\"@id\":\"https:\/\/cpata-cabamc.ca\/fr\/#organization\",\"name\":\"CABAMC\",\"url\":\"https:\/\/cpata-cabamc.ca\/fr\/\",\"logo\":{\"@type\":\"ImageObject\",\"inLanguage\":\"fr-FR\",\"@id\":\"https:\/\/cpata-cabamc.ca\/fr\/#\/schema\/logo\/image\/\",\"url\":\"https:\/\/cpata-cabamc.ca\/wp-content\/uploads\/2021\/02\/Logo-Light-RGB.svg\",\"contentUrl\":\"https:\/\/cpata-cabamc.ca\/wp-content\/uploads\/2021\/02\/Logo-Light-RGB.svg\",\"caption\":\"CABAMC\"},\"image\":{\"@id\":\"https:\/\/cpata-cabamc.ca\/fr\/#\/schema\/logo\/image\/\"}}]}<\/script>\n<!-- \/ Yoast SEO plugin. -->","yoast_head_json":{"title":"Politiques du Comit\u00e9 de discipline et du Comit\u00e9 d'enqu\u00eate - CABAMC","robots":{"index":"index","follow":"follow","max-snippet":"max-snippet:-1","max-image-preview":"max-image-preview:large","max-video-preview":"max-video-preview:-1"},"canonical":"https:\/\/cpata-cabamc.ca\/fr\/a-propos-de-nous\/reglementation\/politiques-du-comite-de-discipline-et-du-comite-denquete\/","og_locale":"fr_FR","og_type":"article","og_title":"Politiques du Comit\u00e9 de discipline et du Comit\u00e9 d'enqu\u00eate - CABAMC","og_description":"Politiques du Comit\u00e9 d&rsquo;enqu\u00eate Politique sur les seuils de prise de d\u00e9cision Politique sur les","og_url":"https:\/\/cpata-cabamc.ca\/fr\/a-propos-de-nous\/reglementation\/politiques-du-comite-de-discipline-et-du-comite-denquete\/","og_site_name":"CABAMC","article_modified_time":"2025-09-11T14:29:21+00:00","twitter_card":"summary_large_image","twitter_misc":{"Dur\u00e9e de lecture estim\u00e9e":"1 minute"},"schema":{"@context":"https:\/\/schema.org","@graph":[{"@type":"WebPage","@id":"https:\/\/cpata-cabamc.ca\/fr\/a-propos-de-nous\/reglementation\/politiques-du-comite-de-discipline-et-du-comite-denquete\/","url":"https:\/\/cpata-cabamc.ca\/fr\/a-propos-de-nous\/reglementation\/politiques-du-comite-de-discipline-et-du-comite-denquete\/","name":"Politiques du Comit\u00e9 de discipline et du Comit\u00e9 d'enqu\u00eate - CABAMC","isPartOf":{"@id":"https:\/\/cpata-cabamc.ca\/fr\/#website"},"datePublished":"2023-02-03T18:45:14+00:00","dateModified":"2025-09-11T14:29:21+00:00","breadcrumb":{"@id":"https:\/\/cpata-cabamc.ca\/fr\/a-propos-de-nous\/reglementation\/politiques-du-comite-de-discipline-et-du-comite-denquete\/#breadcrumb"},"inLanguage":"fr-FR","potentialAction":[{"@type":"ReadAction","target":["https:\/\/cpata-cabamc.ca\/fr\/a-propos-de-nous\/reglementation\/politiques-du-comite-de-discipline-et-du-comite-denquete\/"]}]},{"@type":"BreadcrumbList","@id":"https:\/\/cpata-cabamc.ca\/fr\/a-propos-de-nous\/reglementation\/politiques-du-comite-de-discipline-et-du-comite-denquete\/#breadcrumb","itemListElement":[{"@type":"ListItem","position":1,"name":"Accueil","item":"https:\/\/cpata-cabamc.ca\/fr\/"},{"@type":"ListItem","position":2,"name":"\u00c0 propos de nous","item":"https:\/\/cpata-cabamc.ca\/fr\/about-us\/"},{"@type":"ListItem","position":3,"name":"R\u00e9glementation","item":"https:\/\/cpata-cabamc.ca\/fr\/?page_id=53"},{"@type":"ListItem","position":4,"name":"Politiques du Comit\u00e9 de discipline et du Comit\u00e9 d&#8217;enqu\u00eate"}]},{"@type":"WebSite","@id":"https:\/\/cpata-cabamc.ca\/fr\/#website","url":"https:\/\/cpata-cabamc.ca\/fr\/","name":"CABAMC","description":"CABAMC","publisher":{"@id":"https:\/\/cpata-cabamc.ca\/fr\/#organization"},"potentialAction":[{"@type":"SearchAction","target":{"@type":"EntryPoint","urlTemplate":"https:\/\/cpata-cabamc.ca\/fr\/?s={search_term_string}"},"query-input":{"@type":"PropertyValueSpecification","valueRequired":true,"valueName":"search_term_string"}}],"inLanguage":"fr-FR"},{"@type":"Organization","@id":"https:\/\/cpata-cabamc.ca\/fr\/#organization","name":"CABAMC","url":"https:\/\/cpata-cabamc.ca\/fr\/","logo":{"@type":"ImageObject","inLanguage":"fr-FR","@id":"https:\/\/cpata-cabamc.ca\/fr\/#\/schema\/logo\/image\/","url":"https:\/\/cpata-cabamc.ca\/wp-content\/uploads\/2021\/02\/Logo-Light-RGB.svg","contentUrl":"https:\/\/cpata-cabamc.ca\/wp-content\/uploads\/2021\/02\/Logo-Light-RGB.svg","caption":"CABAMC"},"image":{"@id":"https:\/\/cpata-cabamc.ca\/fr\/#\/schema\/logo\/image\/"}}]}},"_links":{"self":[{"href":"https:\/\/cpata-cabamc.ca\/fr\/wp-json\/wp\/v2\/pages\/13277","targetHints":{"allow":["GET"]}}],"collection":[{"href":"https:\/\/cpata-cabamc.ca\/fr\/wp-json\/wp\/v2\/pages"}],"about":[{"href":"https:\/\/cpata-cabamc.ca\/fr\/wp-json\/wp\/v2\/types\/page"}],"author":[{"embeddable":true,"href":"https:\/\/cpata-cabamc.ca\/fr\/wp-json\/wp\/v2\/users\/6"}],"replies":[{"embeddable":true,"href":"https:\/\/cpata-cabamc.ca\/fr\/wp-json\/wp\/v2\/comments?post=13277"}],"version-history":[{"count":9,"href":"https:\/\/cpata-cabamc.ca\/fr\/wp-json\/wp\/v2\/pages\/13277\/revisions"}],"predecessor-version":[{"id":25730,"href":"https:\/\/cpata-cabamc.ca\/fr\/wp-json\/wp\/v2\/pages\/13277\/revisions\/25730"}],"up":[{"embeddable":true,"href":"https:\/\/cpata-cabamc.ca\/fr\/wp-json\/wp\/v2\/pages\/3925"}],"wp:attachment":[{"href":"https:\/\/cpata-cabamc.ca\/fr\/wp-json\/wp\/v2\/media?parent=13277"}],"wp:term":[{"taxonomy":"folder","embeddable":true,"href":"https:\/\/cpata-cabamc.ca\/fr\/wp-json\/wp\/v2\/folder?post=13277"}],"curies":[{"name":"wp","href":"https:\/\/api.w.org\/{rel}","templated":true}]}}