{"id":12999,"date":"2023-01-27T04:31:19","date_gmt":"2023-01-27T04:31:19","guid":{"rendered":"https:\/\/cpatacabamcdev.wpengine.com\/?page_id=12999"},"modified":"2025-12-10T23:22:33","modified_gmt":"2025-12-10T23:22:33","slug":"politiques-administratives-et-financieres","status":"publish","type":"page","link":"https:\/\/cpata-cabamc.ca\/fr\/a-propos-de-nous\/reglementation\/politiques-administratives-et-financieres\/","title":{"rendered":"Politiques administratives et financi\u00e8res"},"content":{"rendered":"\t\t<div data-elementor-type=\"wp-page\" data-elementor-id=\"12999\" class=\"elementor elementor-12999 elementor-12997\" data-elementor-post-type=\"page\">\n\t\t\t\t\t\t<section class=\"elementor-section elementor-top-section elementor-element elementor-element-8e15dd6 elementor-section-boxed elementor-section-height-default elementor-section-height-default\" data-id=\"8e15dd6\" data-element_type=\"section\" data-e-type=\"section\">\n\t\t\t\t\t\t<div class=\"elementor-container elementor-column-gap-default\">\n\t\t\t\t\t<div class=\"elementor-column elementor-col-100 elementor-top-column elementor-element elementor-element-223c48b\" data-id=\"223c48b\" data-element_type=\"column\" data-e-type=\"column\">\n\t\t\t<div class=\"elementor-widget-wrap elementor-element-populated\">\n\t\t\t\t\t\t<div class=\"elementor-element elementor-element-2d856be elementor-widget elementor-widget-text-editor\" data-id=\"2d856be\" data-element_type=\"widget\" data-e-type=\"widget\" data-widget_type=\"text-editor.default\">\n\t\t\t\t<div class=\"elementor-widget-container\">\n\t\t\t\t\t\t\t\t\t<p><a href=\"https:\/\/cpata-cabamc.ca\/wp-content\/uploads\/2023\/01\/2023-01-31-1-CPATA-Refund-and-Pro-rated-Annual-Fee-Policy.pdf\"><span class=\"TextRun SCXW250856830 BCX0\" lang=\"FR-CA\" xml:lang=\"FR-CA\" data-contrast=\"none\"><span class=\"NormalTextRun SCXW250856830 BCX0\" data-ccp-parastyle=\"Policies table headings\" data-ccp-parastyle-defn=\"{&quot;ObjectId&quot;:&quot;f1d39262-3d5c-47cc-9473-4ff069dceb0b|65&quot;,&quot;ClassId&quot;:1073872969,&quot;Properties&quot;:[469775450,&quot;Policies table headings&quot;,201340122,&quot;2&quot;,134234082,&quot;true&quot;,134233614,&quot;true&quot;,469778129,&quot;Policiestableheadings&quot;,335572020,&quot;1&quot;,134224900,&quot;true&quot;,201342447,&quot;5&quot;,201342448,&quot;1&quot;,469777841,&quot;Century Gothic&quot;,469777842,&quot;&quot;,469777843,&quot;Calibri&quot;,469777844,&quot;Century Gothic&quot;,469769226,&quot;Century Gothic,Calibri&quot;,335551500,&quot;8279889&quot;,268442635,&quot;19&quot;,335551547,&quot;4105&quot;,335559740,&quot;240&quot;,201341983,&quot;0&quot;,335559739,&quot;0&quot;,469778324,&quot;Normal&quot;]}\">Politique financi\u00e8re n<\/span><\/span><span class=\"TextRun SCXW250856830 BCX0\" lang=\"FR-CA\" xml:lang=\"FR-CA\" data-contrast=\"none\"><span class=\"NormalTextRun Superscript SCXW250856830 BCX0\" data-fontsize=\"9.5\" data-ccp-parastyle=\"Policies table headings\">o<\/span><\/span><span class=\"TextRun SCXW250856830 BCX0\" lang=\"FR-CA\" xml:lang=\"FR-CA\" data-contrast=\"none\"><span class=\"NormalTextRun SCXW250856830 BCX0\" data-ccp-parastyle=\"Policies table headings\">\u202f<\/span><span class=\"NormalTextRun SCXW250856830 BCX0\" data-ccp-parastyle=\"Policies table headings\">1\u202f\u2013 Politique sur le paiement et le remboursement des droits annuels calcul\u00e9s au prorata<\/span><\/span><span class=\"EOP SCXW250856830 BCX0\" data-ccp-props=\"{&quot;201341983&quot;:0,&quot;335559739&quot;:0,&quot;335559740&quot;:240}\">\u00a0<\/span><\/a><\/p><p><a href=\"https:\/\/cpata-cabamc.ca\/wp-content\/uploads\/2023\/01\/2023-01-31-2-Payment-Authorization-and-Approval-Policy.pdf\"><span class=\"TextRun SCXW126737247 BCX0\" lang=\"FR\" xml:lang=\"FR\" data-contrast=\"none\"><span class=\"NormalTextRun SCXW126737247 BCX0\" data-ccp-parastyle=\"Policies table headings\" data-ccp-parastyle-defn=\"{&quot;ObjectId&quot;:&quot;d711fb5f-fb9b-45d4-bf15-cc65162e93df|202&quot;,&quot;ClassId&quot;:1073872969,&quot;Properties&quot;:[469775450,&quot;Policies table headings&quot;,201340122,&quot;2&quot;,134234082,&quot;true&quot;,134233614,&quot;true&quot;,469778129,&quot;Policiestableheadings&quot;,335572020,&quot;1&quot;,134224900,&quot;true&quot;,201342447,&quot;5&quot;,201342448,&quot;1&quot;,469777841,&quot;Century Gothic&quot;,469777842,&quot;&quot;,469777843,&quot;Calibri&quot;,469777844,&quot;Century Gothic&quot;,469769226,&quot;Century Gothic,Calibri&quot;,335551500,&quot;8279889&quot;,268442635,&quot;19&quot;,335551547,&quot;4105&quot;,335559740,&quot;240&quot;,201341983,&quot;0&quot;,335559739,&quot;0&quot;,469778324,&quot;Normal&quot;]}\">Politique financi\u00e8re n<\/span><\/span><span class=\"TextRun SCXW126737247 BCX0\" lang=\"FR\" xml:lang=\"FR\" data-contrast=\"none\"><span class=\"NormalTextRun Superscript SCXW126737247 BCX0\" data-fontsize=\"9.5\" data-ccp-parastyle=\"Policies table headings\">o<\/span><\/span><span class=\"TextRun SCXW126737247 BCX0\" lang=\"FR\" xml:lang=\"FR\" data-contrast=\"none\"><span class=\"NormalTextRun SCXW126737247 BCX0\" data-ccp-parastyle=\"Policies table headings\">\u202f2 \u2013 Politique en mati\u00e8re d\u2019autorisation et d\u2019approbation des paiements<\/span><\/span><span class=\"EOP SCXW126737247 BCX0\" data-ccp-props=\"{&quot;201341983&quot;:0,&quot;335559739&quot;:0,&quot;335559740&quot;:240}\">\u00a0<\/span><\/a><\/p><p><a href=\"https:\/\/cpata-cabamc.ca\/wp-content\/uploads\/2021\/06\/Politique-financiere-no-3.pdf\" target=\"_blank\" rel=\"noopener\">Politique financi\u00e8re no 3 &#8211; Politique de voyage et de remboursement<\/a><\/p><p><a href=\"https:\/\/cpata-cabamc.ca\/wp-content\/uploads\/2023\/01\/065040-2022-01-17-4-Bank-Account-and-Credit-Card-Privacy-Policy-FR-MK.pdf\"><span class=\"TextRun SCXW70411479 BCX0\" lang=\"FR\" xml:lang=\"FR\" data-contrast=\"none\"><span class=\"NormalTextRun SCXW70411479 BCX0\" data-ccp-parastyle=\"Policies table headings\" data-ccp-parastyle-defn=\"{&quot;ObjectId&quot;:&quot;f8ee59c3-8b3a-4ec1-b5e6-7f087400e912|220&quot;,&quot;ClassId&quot;:1073872969,&quot;Properties&quot;:[469775450,&quot;Policies table headings&quot;,201340122,&quot;2&quot;,134234082,&quot;true&quot;,134233614,&quot;true&quot;,469778129,&quot;Policiestableheadings&quot;,335572020,&quot;1&quot;,134224900,&quot;true&quot;,201342447,&quot;5&quot;,201342448,&quot;1&quot;,469777841,&quot;Century Gothic&quot;,469777842,&quot;&quot;,469777843,&quot;Calibri&quot;,469777844,&quot;Century Gothic&quot;,469769226,&quot;Century Gothic,Calibri&quot;,335551500,&quot;8279889&quot;,268442635,&quot;19&quot;,335551547,&quot;4105&quot;,335559740,&quot;240&quot;,201341983,&quot;0&quot;,335559739,&quot;0&quot;,469778324,&quot;Normal&quot;]}\">Politique financi\u00e8re n<\/span><\/span><span class=\"TextRun SCXW70411479 BCX0\" lang=\"FR\" xml:lang=\"FR\" data-contrast=\"none\"><span class=\"NormalTextRun Superscript SCXW70411479 BCX0\" data-fontsize=\"9.5\" data-ccp-parastyle=\"Policies table headings\">o<\/span><\/span><span class=\"TextRun SCXW70411479 BCX0\" lang=\"FR\" xml:lang=\"FR\" data-contrast=\"none\"><span class=\"NormalTextRun SCXW70411479 BCX0\" data-ccp-parastyle=\"Policies table headings\">\u202f4 \u2013 Politique de confidentialit\u00e9 portant sur les comptes bancaires et les cartes de cr\u00e9dit<\/span><\/span><span class=\"EOP SCXW70411479 BCX0\" data-ccp-props=\"{&quot;201341983&quot;:0,&quot;335559739&quot;:0,&quot;335559740&quot;:240}\">\u00a0<\/span><\/a><\/p><p><a href=\"https:\/\/cpata-cabamc.ca\/wp-content\/uploads\/2023\/01\/065040-2022-01-17-5-Financial-Records-Retention-Policy-FR-MK.pdf\"><span class=\"TextRun SCXW189688434 BCX0\" lang=\"FR\" xml:lang=\"FR\" data-contrast=\"none\"><span class=\"NormalTextRun SCXW189688434 BCX0\" data-ccp-parastyle=\"Policies table headings\" data-ccp-parastyle-defn=\"{&quot;ObjectId&quot;:&quot;4d73c5f8-850c-4531-8c5e-42fab2eda3ac|247&quot;,&quot;ClassId&quot;:1073872969,&quot;Properties&quot;:[469775450,&quot;Policies table headings&quot;,201340122,&quot;2&quot;,134234082,&quot;true&quot;,134233614,&quot;true&quot;,469778129,&quot;Policiestableheadings&quot;,335572020,&quot;1&quot;,134224900,&quot;true&quot;,201342447,&quot;5&quot;,201342448,&quot;1&quot;,469777841,&quot;Century Gothic&quot;,469777842,&quot;&quot;,469777843,&quot;Calibri&quot;,469777844,&quot;Century Gothic&quot;,469769226,&quot;Century Gothic,Calibri&quot;,335551500,&quot;8279889&quot;,268442635,&quot;19&quot;,335551547,&quot;4105&quot;,335559740,&quot;240&quot;,201341983,&quot;0&quot;,335559739,&quot;0&quot;,469778324,&quot;Normal&quot;]}\">Politique financi\u00e8re n<\/span><\/span><span class=\"TextRun SCXW189688434 BCX0\" lang=\"FR\" xml:lang=\"FR\" data-contrast=\"none\"><span class=\"NormalTextRun Superscript SCXW189688434 BCX0\" data-fontsize=\"9.5\" data-ccp-parastyle=\"Policies table headings\">o<\/span><\/span><span class=\"TextRun SCXW189688434 BCX0\" lang=\"FR\" xml:lang=\"FR\" data-contrast=\"none\"><span class=\"NormalTextRun SCXW189688434 BCX0\" data-ccp-parastyle=\"Policies table headings\">\u202f5 \u2013 Politique sur la conservation des documents financiers<\/span><\/span><span class=\"EOP SCXW189688434 BCX0\" data-ccp-props=\"{&quot;201341983&quot;:0,&quot;335559739&quot;:0,&quot;335559740&quot;:240}\">\u00a0<\/span><\/a><\/p><p><a href=\"https:\/\/cpata-cabamc.ca\/wp-content\/uploads\/2023\/01\/065040-2022-01-17-6-Payroll-Policy-FR-MK.pdf\"><span class=\"TextRun SCXW86485982 BCX0\" lang=\"FR\" xml:lang=\"FR\" data-contrast=\"none\"><span class=\"NormalTextRun SCXW86485982 BCX0\" data-ccp-parastyle=\"Policies table headings\" data-ccp-parastyle-defn=\"{&quot;ObjectId&quot;:&quot;5d6d3b46-dc76-48ab-b6af-b1ffcccc6559|1&quot;,&quot;ClassId&quot;:1073872969,&quot;Properties&quot;:[469775450,&quot;Policies table headings&quot;,201340122,&quot;2&quot;,134234082,&quot;true&quot;,134233614,&quot;true&quot;,469778129,&quot;Policiestableheadings&quot;,335572020,&quot;1&quot;,134224900,&quot;true&quot;,201342447,&quot;5&quot;,201342448,&quot;1&quot;,469777841,&quot;Century Gothic&quot;,469777842,&quot;&quot;,469777843,&quot;Calibri&quot;,469777844,&quot;Century Gothic&quot;,469769226,&quot;Century Gothic,Calibri&quot;,335551500,&quot;8279889&quot;,268442635,&quot;19&quot;,335551547,&quot;4105&quot;,335559740,&quot;240&quot;,201341983,&quot;0&quot;,335559739,&quot;0&quot;,469778324,&quot;Normal&quot;]}\">Politique financi\u00e8re n<\/span><\/span><span class=\"TextRun SCXW86485982 BCX0\" lang=\"FR\" xml:lang=\"FR\" data-contrast=\"none\"><span class=\"NormalTextRun Superscript SCXW86485982 BCX0\" data-fontsize=\"9.5\" data-ccp-parastyle=\"Policies table headings\">o<\/span><\/span><span class=\"TextRun SCXW86485982 BCX0\" lang=\"FR\" xml:lang=\"FR\" data-contrast=\"none\"><span class=\"NormalTextRun SCXW86485982 BCX0\" data-ccp-parastyle=\"Policies table headings\">\u202f6 \u2013 Politique sur la paie et la r\u00e9mun\u00e9ration<\/span><\/span><\/a><\/p><p><a href=\"https:\/\/cpata-cabamc.ca\/wp-content\/uploads\/2023\/01\/065040-2022-01-17-7-Capital-Assets-Policy-FR-MK.pdf\"><span class=\"TextRun SCXW173330663 BCX0\" lang=\"FR\" xml:lang=\"FR\" data-contrast=\"none\"><span class=\"NormalTextRun SCXW173330663 BCX0\" data-ccp-parastyle=\"Policies table headings\" data-ccp-parastyle-defn=\"{&quot;ObjectId&quot;:&quot;29855938-6170-42ad-adcd-d5da6bc5d8e4|55&quot;,&quot;ClassId&quot;:1073872969,&quot;Properties&quot;:[469775450,&quot;Policies table headings&quot;,201340122,&quot;2&quot;,134234082,&quot;true&quot;,134233614,&quot;true&quot;,469778129,&quot;Policiestableheadings&quot;,335572020,&quot;1&quot;,134224900,&quot;true&quot;,201342447,&quot;5&quot;,201342448,&quot;1&quot;,469777841,&quot;Century Gothic&quot;,469777842,&quot;&quot;,469777843,&quot;Calibri&quot;,469777844,&quot;Century Gothic&quot;,469769226,&quot;Century Gothic,Calibri&quot;,335551500,&quot;8279889&quot;,268442635,&quot;19&quot;,335551547,&quot;4105&quot;,335559740,&quot;240&quot;,201341983,&quot;0&quot;,335559739,&quot;0&quot;,469778324,&quot;Normal&quot;]}\">Politique financi\u00e8re n<\/span><\/span><span class=\"TextRun SCXW173330663 BCX0\" lang=\"FR\" xml:lang=\"FR\" data-contrast=\"none\"><span class=\"NormalTextRun Superscript SCXW173330663 BCX0\" data-fontsize=\"9.5\" data-ccp-parastyle=\"Policies table headings\">o<\/span><\/span><span class=\"TextRun SCXW173330663 BCX0\" lang=\"FR\" xml:lang=\"FR\" data-contrast=\"none\"><span class=\"NormalTextRun SCXW173330663 BCX0\" data-ccp-parastyle=\"Policies table headings\">\u202f7 \u2013 Politique sur les immobilisations<\/span><\/span><span class=\"EOP SCXW173330663 BCX0\" data-ccp-props=\"{&quot;201341983&quot;:0,&quot;335559739&quot;:0,&quot;335559740&quot;:240}\">\u00a0<\/span><\/a><\/p><p><a href=\"https:\/\/cpata-cabamc.ca\/wp-content\/uploads\/2021\/06\/2025-12-10-Politique-sur-les-reserves-financieres.pdf\" target=\"_blank\" rel=\"noopener\">Politique financi\u00e8re no 8 &#8211; Politique sur les r\u00e9serves financi\u00e8res<\/a><\/p><p><a href=\"https:\/\/cpata-cabamc.ca\/wp-content\/uploads\/2023\/10\/Politique-dinvestissement.pdf\" target=\"_blank\" rel=\"noopener\">Politique financi\u00e8re no 9 &#8211; Politique d&rsquo;investissement<\/a><\/p>\t\t\t\t\t\t\t\t<\/div>\n\t\t\t\t<\/div>\n\t\t\t\t\t<\/div>\n\t\t<\/div>\n\t\t\t\t\t<\/div>\n\t\t<\/section>\n\t\t\t\t<\/div>\n\t\t","protected":false},"excerpt":{"rendered":"<p>Politique financi\u00e8re no\u202f1\u202f\u2013 Politique sur le paiement et le remboursement des droits annuels calcul\u00e9s au<\/p>\n","protected":false},"author":6,"featured_media":0,"parent":3925,"menu_order":0,"comment_status":"closed","ping_status":"closed","template":"","meta":{"_acf_changed":false,"_monsterinsights_skip_tracking":false,"_monsterinsights_sitenote_active":false,"_monsterinsights_sitenote_note":"","_monsterinsights_sitenote_category":0,"site-sidebar-layout":"no-sidebar","site-content-layout":"page-builder","ast-site-content-layout":"default","site-content-style":"default","site-sidebar-style":"default","ast-global-header-display":"","ast-banner-title-visibility":"","ast-main-header-display":"","ast-hfb-above-header-display":"","ast-hfb-below-header-display":"","ast-hfb-mobile-header-display":"","site-post-title":"disabled","ast-breadcrumbs-content":"","ast-featured-img":"disabled","footer-sml-layout":"","theme-transparent-header-meta":"default","adv-header-id-meta":"","stick-header-meta":"","header-above-stick-meta":"","header-main-stick-meta":"","header-below-stick-meta":"","astra-migrate-meta-layouts":"default","ast-page-background-enabled":"default","ast-page-background-meta":{"desktop":{"background-color":"","background-image":"","background-repeat":"repeat","background-position":"center center","background-size":"auto","background-attachment":"scroll","background-type":"","background-media":"","overlay-type":"","overlay-color":"","overlay-opacity":"","overlay-gradient":""},"tablet":{"background-color":"","background-image":"","background-repeat":"repeat","background-position":"center center","background-size":"auto","background-attachment":"scroll","background-type":"","background-media":"","overlay-type":"","overlay-color":"","overlay-opacity":"","overlay-gradient":""},"mobile":{"background-color":"","background-image":"","background-repeat":"repeat","background-position":"center center","background-size":"auto","background-attachment":"scroll","background-type":"","background-media":"","overlay-type":"","overlay-color":"","overlay-opacity":"","overlay-gradient":""}},"ast-content-background-meta":{"desktop":{"background-color":"var(--ast-global-color-5)","background-image":"","background-repeat":"repeat","background-position":"center center","background-size":"auto","background-attachment":"scroll","background-type":"","background-media":"","overlay-type":"","overlay-color":"","overlay-opacity":"","overlay-gradient":""},"tablet":{"background-color":"var(--ast-global-color-5)","background-image":"","background-repeat":"repeat","background-position":"center center","background-size":"auto","background-attachment":"scroll","background-type":"","background-media":"","overlay-type":"","overlay-color":"","overlay-opacity":"","overlay-gradient":""},"mobile":{"background-color":"var(--ast-global-color-5)","background-image":"","background-repeat":"repeat","background-position":"center center","background-size":"auto","background-attachment":"scroll","background-type":"","background-media":"","overlay-type":"","overlay-color":"","overlay-opacity":"","overlay-gradient":""}},"footnotes":""},"folder":[],"class_list":["post-12999","page","type-page","status-publish","hentry"],"acf":[],"yoast_head":"<!-- This site is optimized with the Yoast SEO plugin v27.2 - https:\/\/yoast.com\/product\/yoast-seo-wordpress\/ -->\n<title>Politiques administratives et financi\u00e8res - CABAMC<\/title>\n<meta name=\"robots\" content=\"index, follow, max-snippet:-1, max-image-preview:large, max-video-preview:-1\" \/>\n<link rel=\"canonical\" href=\"https:\/\/cpata-cabamc.ca\/fr\/a-propos-de-nous\/reglementation\/politiques-administratives-et-financieres\/\" \/>\n<meta property=\"og:locale\" content=\"fr_FR\" \/>\n<meta property=\"og:type\" content=\"article\" \/>\n<meta property=\"og:title\" content=\"Politiques administratives et financi\u00e8res - CABAMC\" \/>\n<meta property=\"og:description\" content=\"Politique financi\u00e8re no\u202f1\u202f\u2013 Politique sur le paiement et le remboursement des droits annuels calcul\u00e9s au\" \/>\n<meta property=\"og:url\" content=\"https:\/\/cpata-cabamc.ca\/fr\/a-propos-de-nous\/reglementation\/politiques-administratives-et-financieres\/\" \/>\n<meta property=\"og:site_name\" content=\"CABAMC\" \/>\n<meta property=\"article:modified_time\" content=\"2025-12-10T23:22:33+00:00\" \/>\n<meta name=\"twitter:card\" content=\"summary_large_image\" \/>\n<meta name=\"twitter:label1\" content=\"Dur\u00e9e de lecture estim\u00e9e\" \/>\n\t<meta name=\"twitter:data1\" content=\"1 minute\" \/>\n<script type=\"application\/ld+json\" class=\"yoast-schema-graph\">{\"@context\":\"https:\/\/schema.org\",\"@graph\":[{\"@type\":\"WebPage\",\"@id\":\"https:\/\/cpata-cabamc.ca\/fr\/a-propos-de-nous\/reglementation\/politiques-administratives-et-financieres\/\",\"url\":\"https:\/\/cpata-cabamc.ca\/fr\/a-propos-de-nous\/reglementation\/politiques-administratives-et-financieres\/\",\"name\":\"Politiques administratives et financi\u00e8res - CABAMC\",\"isPartOf\":{\"@id\":\"https:\/\/cpata-cabamc.ca\/fr\/#website\"},\"datePublished\":\"2023-01-27T04:31:19+00:00\",\"dateModified\":\"2025-12-10T23:22:33+00:00\",\"breadcrumb\":{\"@id\":\"https:\/\/cpata-cabamc.ca\/fr\/a-propos-de-nous\/reglementation\/politiques-administratives-et-financieres\/#breadcrumb\"},\"inLanguage\":\"fr-FR\",\"potentialAction\":[{\"@type\":\"ReadAction\",\"target\":[\"https:\/\/cpata-cabamc.ca\/fr\/a-propos-de-nous\/reglementation\/politiques-administratives-et-financieres\/\"]}]},{\"@type\":\"BreadcrumbList\",\"@id\":\"https:\/\/cpata-cabamc.ca\/fr\/a-propos-de-nous\/reglementation\/politiques-administratives-et-financieres\/#breadcrumb\",\"itemListElement\":[{\"@type\":\"ListItem\",\"position\":1,\"name\":\"Accueil\",\"item\":\"https:\/\/cpata-cabamc.ca\/fr\/\"},{\"@type\":\"ListItem\",\"position\":2,\"name\":\"\u00c0 propos de nous\",\"item\":\"https:\/\/cpata-cabamc.ca\/fr\/about-us\/\"},{\"@type\":\"ListItem\",\"position\":3,\"name\":\"R\u00e9glementation\",\"item\":\"https:\/\/cpata-cabamc.ca\/fr\/?page_id=53\"},{\"@type\":\"ListItem\",\"position\":4,\"name\":\"Politiques administratives et financi\u00e8res\"}]},{\"@type\":\"WebSite\",\"@id\":\"https:\/\/cpata-cabamc.ca\/fr\/#website\",\"url\":\"https:\/\/cpata-cabamc.ca\/fr\/\",\"name\":\"CABAMC\",\"description\":\"CABAMC\",\"publisher\":{\"@id\":\"https:\/\/cpata-cabamc.ca\/fr\/#organization\"},\"potentialAction\":[{\"@type\":\"SearchAction\",\"target\":{\"@type\":\"EntryPoint\",\"urlTemplate\":\"https:\/\/cpata-cabamc.ca\/fr\/?s={search_term_string}\"},\"query-input\":{\"@type\":\"PropertyValueSpecification\",\"valueRequired\":true,\"valueName\":\"search_term_string\"}}],\"inLanguage\":\"fr-FR\"},{\"@type\":\"Organization\",\"@id\":\"https:\/\/cpata-cabamc.ca\/fr\/#organization\",\"name\":\"CABAMC\",\"url\":\"https:\/\/cpata-cabamc.ca\/fr\/\",\"logo\":{\"@type\":\"ImageObject\",\"inLanguage\":\"fr-FR\",\"@id\":\"https:\/\/cpata-cabamc.ca\/fr\/#\/schema\/logo\/image\/\",\"url\":\"https:\/\/cpata-cabamc.ca\/wp-content\/uploads\/2021\/02\/Logo-Light-RGB.svg\",\"contentUrl\":\"https:\/\/cpata-cabamc.ca\/wp-content\/uploads\/2021\/02\/Logo-Light-RGB.svg\",\"caption\":\"CABAMC\"},\"image\":{\"@id\":\"https:\/\/cpata-cabamc.ca\/fr\/#\/schema\/logo\/image\/\"}}]}<\/script>\n<!-- \/ Yoast SEO plugin. -->","yoast_head_json":{"title":"Politiques administratives et financi\u00e8res - CABAMC","robots":{"index":"index","follow":"follow","max-snippet":"max-snippet:-1","max-image-preview":"max-image-preview:large","max-video-preview":"max-video-preview:-1"},"canonical":"https:\/\/cpata-cabamc.ca\/fr\/a-propos-de-nous\/reglementation\/politiques-administratives-et-financieres\/","og_locale":"fr_FR","og_type":"article","og_title":"Politiques administratives et financi\u00e8res - CABAMC","og_description":"Politique financi\u00e8re no\u202f1\u202f\u2013 Politique sur le paiement et le remboursement des droits annuels calcul\u00e9s au","og_url":"https:\/\/cpata-cabamc.ca\/fr\/a-propos-de-nous\/reglementation\/politiques-administratives-et-financieres\/","og_site_name":"CABAMC","article_modified_time":"2025-12-10T23:22:33+00:00","twitter_card":"summary_large_image","twitter_misc":{"Dur\u00e9e de lecture estim\u00e9e":"1 minute"},"schema":{"@context":"https:\/\/schema.org","@graph":[{"@type":"WebPage","@id":"https:\/\/cpata-cabamc.ca\/fr\/a-propos-de-nous\/reglementation\/politiques-administratives-et-financieres\/","url":"https:\/\/cpata-cabamc.ca\/fr\/a-propos-de-nous\/reglementation\/politiques-administratives-et-financieres\/","name":"Politiques administratives et financi\u00e8res - CABAMC","isPartOf":{"@id":"https:\/\/cpata-cabamc.ca\/fr\/#website"},"datePublished":"2023-01-27T04:31:19+00:00","dateModified":"2025-12-10T23:22:33+00:00","breadcrumb":{"@id":"https:\/\/cpata-cabamc.ca\/fr\/a-propos-de-nous\/reglementation\/politiques-administratives-et-financieres\/#breadcrumb"},"inLanguage":"fr-FR","potentialAction":[{"@type":"ReadAction","target":["https:\/\/cpata-cabamc.ca\/fr\/a-propos-de-nous\/reglementation\/politiques-administratives-et-financieres\/"]}]},{"@type":"BreadcrumbList","@id":"https:\/\/cpata-cabamc.ca\/fr\/a-propos-de-nous\/reglementation\/politiques-administratives-et-financieres\/#breadcrumb","itemListElement":[{"@type":"ListItem","position":1,"name":"Accueil","item":"https:\/\/cpata-cabamc.ca\/fr\/"},{"@type":"ListItem","position":2,"name":"\u00c0 propos de nous","item":"https:\/\/cpata-cabamc.ca\/fr\/about-us\/"},{"@type":"ListItem","position":3,"name":"R\u00e9glementation","item":"https:\/\/cpata-cabamc.ca\/fr\/?page_id=53"},{"@type":"ListItem","position":4,"name":"Politiques administratives et financi\u00e8res"}]},{"@type":"WebSite","@id":"https:\/\/cpata-cabamc.ca\/fr\/#website","url":"https:\/\/cpata-cabamc.ca\/fr\/","name":"CABAMC","description":"CABAMC","publisher":{"@id":"https:\/\/cpata-cabamc.ca\/fr\/#organization"},"potentialAction":[{"@type":"SearchAction","target":{"@type":"EntryPoint","urlTemplate":"https:\/\/cpata-cabamc.ca\/fr\/?s={search_term_string}"},"query-input":{"@type":"PropertyValueSpecification","valueRequired":true,"valueName":"search_term_string"}}],"inLanguage":"fr-FR"},{"@type":"Organization","@id":"https:\/\/cpata-cabamc.ca\/fr\/#organization","name":"CABAMC","url":"https:\/\/cpata-cabamc.ca\/fr\/","logo":{"@type":"ImageObject","inLanguage":"fr-FR","@id":"https:\/\/cpata-cabamc.ca\/fr\/#\/schema\/logo\/image\/","url":"https:\/\/cpata-cabamc.ca\/wp-content\/uploads\/2021\/02\/Logo-Light-RGB.svg","contentUrl":"https:\/\/cpata-cabamc.ca\/wp-content\/uploads\/2021\/02\/Logo-Light-RGB.svg","caption":"CABAMC"},"image":{"@id":"https:\/\/cpata-cabamc.ca\/fr\/#\/schema\/logo\/image\/"}}]}},"_links":{"self":[{"href":"https:\/\/cpata-cabamc.ca\/fr\/wp-json\/wp\/v2\/pages\/12999","targetHints":{"allow":["GET"]}}],"collection":[{"href":"https:\/\/cpata-cabamc.ca\/fr\/wp-json\/wp\/v2\/pages"}],"about":[{"href":"https:\/\/cpata-cabamc.ca\/fr\/wp-json\/wp\/v2\/types\/page"}],"author":[{"embeddable":true,"href":"https:\/\/cpata-cabamc.ca\/fr\/wp-json\/wp\/v2\/users\/6"}],"replies":[{"embeddable":true,"href":"https:\/\/cpata-cabamc.ca\/fr\/wp-json\/wp\/v2\/comments?post=12999"}],"version-history":[{"count":0,"href":"https:\/\/cpata-cabamc.ca\/fr\/wp-json\/wp\/v2\/pages\/12999\/revisions"}],"up":[{"embeddable":true,"href":"https:\/\/cpata-cabamc.ca\/fr\/wp-json\/wp\/v2\/pages\/3925"}],"wp:attachment":[{"href":"https:\/\/cpata-cabamc.ca\/fr\/wp-json\/wp\/v2\/media?parent=12999"}],"wp:term":[{"taxonomy":"folder","embeddable":true,"href":"https:\/\/cpata-cabamc.ca\/fr\/wp-json\/wp\/v2\/folder?post=12999"}],"curies":[{"name":"wp","href":"https:\/\/api.w.org\/{rel}","templated":true}]}}