{"id":12902,"date":"2023-01-27T00:55:06","date_gmt":"2023-01-27T00:55:06","guid":{"rendered":"https:\/\/cpatacabamcdev.wpengine.com\/?page_id=12902"},"modified":"2026-04-20T13:27:38","modified_gmt":"2026-04-20T18:27:38","slug":"comite-de-verification-et-des-risques","status":"publish","type":"page","link":"https:\/\/cpata-cabamc.ca\/fr\/a-propos-de-nous\/qui-sommes-nous\/comites\/comite-de-verification-et-des-risques\/","title":{"rendered":"Comit\u00e9 de v\u00e9rification et des risques"},"content":{"rendered":"\t\t<div data-elementor-type=\"wp-page\" data-elementor-id=\"12902\" class=\"elementor elementor-12902 elementor-12867\" data-elementor-post-type=\"page\">\n\t\t\t\t\t\t<section class=\"elementor-section elementor-top-section elementor-element elementor-element-65c855b elementor-section-boxed elementor-section-height-default elementor-section-height-default\" data-id=\"65c855b\" data-element_type=\"section\" data-e-type=\"section\">\n\t\t\t\t\t\t<div class=\"elementor-container elementor-column-gap-default\">\n\t\t\t\t\t<div class=\"elementor-column elementor-col-100 elementor-top-column elementor-element elementor-element-8a72b1d\" data-id=\"8a72b1d\" data-element_type=\"column\" data-e-type=\"column\">\n\t\t\t<div class=\"elementor-widget-wrap elementor-element-populated\">\n\t\t\t\t\t\t<section class=\"elementor-section elementor-inner-section elementor-element elementor-element-e125b44 elementor-section-boxed elementor-section-height-default elementor-section-height-default\" data-id=\"e125b44\" data-element_type=\"section\" data-e-type=\"section\">\n\t\t\t\t\t\t<div class=\"elementor-container elementor-column-gap-default\">\n\t\t\t\t\t<div class=\"elementor-column elementor-col-100 elementor-inner-column elementor-element elementor-element-125301e\" data-id=\"125301e\" data-element_type=\"column\" data-e-type=\"column\">\n\t\t\t<div class=\"elementor-widget-wrap elementor-element-populated\">\n\t\t\t\t\t\t<div class=\"elementor-element elementor-element-75db630 elementor-widget elementor-widget-heading\" data-id=\"75db630\" data-element_type=\"widget\" data-e-type=\"widget\" data-widget_type=\"heading.default\">\n\t\t\t\t<div class=\"elementor-widget-container\">\n\t\t\t\t\t<h4 class=\"elementor-heading-title elementor-size-default\">Comit\u00e9 de v\u00e9rification et des risques\n<\/h4>\t\t\t\t<\/div>\n\t\t\t\t<\/div>\n\t\t\t\t<div class=\"elementor-element elementor-element-ecde611 elementor-widget elementor-widget-text-editor\" data-id=\"ecde611\" data-element_type=\"widget\" data-e-type=\"widget\" data-widget_type=\"text-editor.default\">\n\t\t\t\t<div class=\"elementor-widget-container\">\n\t\t\t\t\t\t\t\t\t<p><span style=\"font-weight: 400;\">Le Comit\u00e9 de v\u00e9rification et des risques aidera le Conseil \u00e0 remplir ses obligations fiduciaires et ses responsabilit\u00e9s de surveillance li\u00e9es \u00e0 la planification financi\u00e8re, au processus de v\u00e9rification, \u00e0 l\u2019\u00e9tablissement de rapports financiers, au syst\u00e8me de contr\u00f4le de l\u2019entreprise et \u00e0 la gestion des risques, et, le cas \u00e9ch\u00e9ant, \u00e0 formuler des recommandations au Conseil aux fins d\u2019approbation.<\/span><\/p><p><a href=\"https:\/\/cpata-cabamc.ca\/wp-content\/uploads\/2021\/06\/2024-12-05-Comite-de-verification-des-risques_Mandat.pdf\" target=\"_blank\" rel=\"noopener\"><span style=\"font-weight: 400;\">Comit\u00e9 de v\u00e9rification et des risques\u00a0: Mandat<\/span><\/a><\/p><p><a href=\"https:\/\/cpata-cabamc.ca\/wp-content\/uploads\/2021\/06\/2025-12-10-Matrice-des-competences-comite-de-verification-et-des-risques.pdf\" target=\"_blank\" rel=\"noopener\"><span style=\"font-weight: 400;\">Comit\u00e9 de v\u00e9rification et des risques\u00a0: Matrice des comp\u00e9tences<\/span><\/a><\/p><h6 style=\"font-style: normal;\">Membres du comit\u00e9<\/h6><ul style=\"font-size: 16px; font-style: normal; font-weight: 400;\"><li style=\"font-size: 16px;\"><span class=\"TextRun SCXW130111303 BCX0\" lang=\"FR-CA\" xml:lang=\"FR-CA\" data-contrast=\"auto\"><span class=\"NormalTextRun SCXW130111303 BCX0\">Bob Plamond<\/span><span class=\"NormalTextRun SCXW130111303 BCX0\">o<\/span><span class=\"NormalTextRun SCXW130111303 BCX0\">n<\/span><span class=\"NormalTextRun SCXW130111303 BCX0\">\u00a0FCPA<\/span>\u00a0<span class=\"NormalTextRun SCXW130111303 BCX0\">\u2013<\/span><span class=\"NormalTextRun SCXW130111303 BCX0\">\u00a0Chair<\/span><span class=\"NormalTextRun SCXW130111303 BCX0\">\/<\/span><span class=\"NormalTextRun SCXW130111303 BCX0\">p<\/span><span class=\"NormalTextRun SCXW130111303 BCX0\">r\u00e9sident<\/span><\/span><\/li><li style=\"font-size: 16px;\"><span class=\"TextRun SCXW265512692 BCX0\" lang=\"FR-CA\" xml:lang=\"FR-CA\" data-contrast=\"auto\"><span class=\"NormalTextRun SCXW265512692 BCX0\" data-ccp-charstyle=\"fontstyle01\" data-ccp-charstyle-defn=\"{&quot;ObjectId&quot;:&quot;e4c020aa-6902-4d76-b243-fe979a031e1d|36&quot;,&quot;ClassId&quot;:1073872969,&quot;Properties&quot;:[469775450,&quot;fontstyle01&quot;,201340122,&quot;1&quot;,134233614,&quot;true&quot;,469778129,&quot;fontstyle01&quot;,335572020,&quot;1&quot;,134224900,&quot;false&quot;,134224901,&quot;false&quot;,201342447,&quot;5&quot;,201342448,&quot;1&quot;,469777841,&quot;Verdana&quot;,469777842,&quot;Arial&quot;,469777843,&quot;Calibri&quot;,469777844,&quot;Verdana&quot;,469769226,&quot;Verdana,Arial,Calibri&quot;,335551500,&quot;15773696&quot;,268442635,&quot;36&quot;,469778324,&quot;Default Paragraph Font&quot;]}\">Iris Almeida-C\u00f4t\u00e9<\/span><\/span><\/li><li><span data-olk-copy-source=\"MessageBody\">Scott Jolliffe<\/span><\/li><li style=\"font-size: 16px;\"><span class=\"TextRun SCXW65269470 BCX0\" lang=\"FR-FR\" xml:lang=\"FR-FR\" data-contrast=\"auto\"><span class=\"NormalTextRun SCXW65269470 BCX0\" data-ccp-charstyle=\"fontstyle01\" data-ccp-charstyle-defn=\"{&quot;ObjectId&quot;:&quot;e4c020aa-6902-4d76-b243-fe979a031e1d|36&quot;,&quot;ClassId&quot;:1073872969,&quot;Properties&quot;:[469775450,&quot;fontstyle01&quot;,201340122,&quot;1&quot;,134233614,&quot;true&quot;,469778129,&quot;fontstyle01&quot;,335572020,&quot;1&quot;,134224900,&quot;false&quot;,134224901,&quot;false&quot;,201342447,&quot;5&quot;,201342448,&quot;1&quot;,469777841,&quot;Verdana&quot;,469777842,&quot;Arial&quot;,469777843,&quot;Calibri&quot;,469777844,&quot;Verdana&quot;,469769226,&quot;Verdana,Arial,Calibri&quot;,335551500,&quot;15773696&quot;,268442635,&quot;36&quot;,469778324,&quot;Default Paragraph Font&quot;]}\">Maureen Rogers<\/span><\/span><\/li><li style=\"font-size: 16px;\"><span class=\"TextRun SCXW80986527 BCX0\" lang=\"EN-CA\" xml:lang=\"EN-CA\" data-contrast=\"auto\">Staff &#8211;<\/span><span class=\"TextRun SCXW80986527 BCX0\" lang=\"EN-CA\" xml:lang=\"EN-CA\" data-contrast=\"auto\"><span class=\"NormalTextRun SCXW80986527 BCX0\">\u00a0Sean Walker\u00a0<\/span><span class=\"NormalTextRun SCXW80986527 BCX0\">CPA, directeur financier<\/span><\/span><span class=\"EOP SCXW80986527 BCX0\" data-ccp-props=\"{&quot;201341983&quot;:1,&quot;335559739&quot;:160,&quot;335559740&quot;:240}\">\u00a0<\/span><\/li><\/ul>\t\t\t\t\t\t\t\t<\/div>\n\t\t\t\t<\/div>\n\t\t\t\t\t<\/div>\n\t\t<\/div>\n\t\t\t\t\t<\/div>\n\t\t<\/section>\n\t\t\t\t<section class=\"elementor-section elementor-inner-section elementor-element elementor-element-0eadb52 elementor-section-boxed elementor-section-height-default elementor-section-height-default\" data-id=\"0eadb52\" data-element_type=\"section\" data-e-type=\"section\">\n\t\t\t\t\t\t<div class=\"elementor-container elementor-column-gap-default\">\n\t\t\t\t\t<div class=\"elementor-column elementor-col-100 elementor-inner-column elementor-element elementor-element-937f98e\" data-id=\"937f98e\" data-element_type=\"column\" data-e-type=\"column\">\n\t\t\t<div class=\"elementor-widget-wrap\">\n\t\t\t\t\t\t\t<\/div>\n\t\t<\/div>\n\t\t\t\t\t<\/div>\n\t\t<\/section>\n\t\t\t\t\t<\/div>\n\t\t<\/div>\n\t\t\t\t\t<\/div>\n\t\t<\/section>\n\t\t\t\t<\/div>\n\t\t","protected":false},"excerpt":{"rendered":"<p>Comit\u00e9 de v\u00e9rification et des risques Le Comit\u00e9 de v\u00e9rification et des risques aidera le<\/p>\n","protected":false},"author":6,"featured_media":0,"parent":16623,"menu_order":0,"comment_status":"closed","ping_status":"closed","template":"","meta":{"_acf_changed":false,"_monsterinsights_skip_tracking":false,"_monsterinsights_sitenote_active":false,"_monsterinsights_sitenote_note":"","_monsterinsights_sitenote_category":0,"site-sidebar-layout":"no-sidebar","site-content-layout":"page-builder","ast-site-content-layout":"default","site-content-style":"default","site-sidebar-style":"default","ast-global-header-display":"","ast-banner-title-visibility":"","ast-main-header-display":"","ast-hfb-above-header-display":"","ast-hfb-below-header-display":"","ast-hfb-mobile-header-display":"","site-post-title":"disabled","ast-breadcrumbs-content":"","ast-featured-img":"disabled","footer-sml-layout":"","theme-transparent-header-meta":"default","adv-header-id-meta":"","stick-header-meta":"","header-above-stick-meta":"","header-main-stick-meta":"","header-below-stick-meta":"","astra-migrate-meta-layouts":"default","ast-page-background-enabled":"default","ast-page-background-meta":{"desktop":{"background-color":"","background-image":"","background-repeat":"repeat","background-position":"center center","background-size":"auto","background-attachment":"scroll","background-type":"","background-media":"","overlay-type":"","overlay-color":"","overlay-opacity":"","overlay-gradient":""},"tablet":{"background-color":"","background-image":"","background-repeat":"repeat","background-position":"center center","background-size":"auto","background-attachment":"scroll","background-type":"","background-media":"","overlay-type":"","overlay-color":"","overlay-opacity":"","overlay-gradient":""},"mobile":{"background-color":"","background-image":"","background-repeat":"repeat","background-position":"center center","background-size":"auto","background-attachment":"scroll","background-type":"","background-media":"","overlay-type":"","overlay-color":"","overlay-opacity":"","overlay-gradient":""}},"ast-content-background-meta":{"desktop":{"background-color":"var(--ast-global-color-5)","background-image":"","background-repeat":"repeat","background-position":"center center","background-size":"auto","background-attachment":"scroll","background-type":"","background-media":"","overlay-type":"","overlay-color":"","overlay-opacity":"","overlay-gradient":""},"tablet":{"background-color":"var(--ast-global-color-5)","background-image":"","background-repeat":"repeat","background-position":"center center","background-size":"auto","background-attachment":"scroll","background-type":"","background-media":"","overlay-type":"","overlay-color":"","overlay-opacity":"","overlay-gradient":""},"mobile":{"background-color":"var(--ast-global-color-5)","background-image":"","background-repeat":"repeat","background-position":"center center","background-size":"auto","background-attachment":"scroll","background-type":"","background-media":"","overlay-type":"","overlay-color":"","overlay-opacity":"","overlay-gradient":""}},"footnotes":""},"folder":[],"class_list":["post-12902","page","type-page","status-publish","hentry"],"acf":[],"yoast_head":"<!-- This site is optimized with the Yoast SEO plugin v27.2 - https:\/\/yoast.com\/product\/yoast-seo-wordpress\/ -->\n<title>Comit\u00e9 de v\u00e9rification et des risques - CABAMC<\/title>\n<meta name=\"robots\" content=\"index, follow, max-snippet:-1, max-image-preview:large, max-video-preview:-1\" \/>\n<link rel=\"canonical\" href=\"https:\/\/cpata-cabamc.ca\/fr\/a-propos-de-nous\/qui-sommes-nous\/comites\/comite-de-verification-et-des-risques\/\" \/>\n<meta property=\"og:locale\" content=\"fr_FR\" \/>\n<meta property=\"og:type\" content=\"article\" \/>\n<meta property=\"og:title\" content=\"Comit\u00e9 de v\u00e9rification et des risques - CABAMC\" \/>\n<meta property=\"og:description\" content=\"Comit\u00e9 de v\u00e9rification et des risques Le Comit\u00e9 de v\u00e9rification et des risques aidera le\" \/>\n<meta property=\"og:url\" content=\"https:\/\/cpata-cabamc.ca\/fr\/a-propos-de-nous\/qui-sommes-nous\/comites\/comite-de-verification-et-des-risques\/\" \/>\n<meta property=\"og:site_name\" content=\"CABAMC\" \/>\n<meta property=\"article:modified_time\" content=\"2026-04-20T18:27:38+00:00\" \/>\n<meta name=\"twitter:card\" content=\"summary_large_image\" \/>\n<meta name=\"twitter:label1\" content=\"Dur\u00e9e de lecture estim\u00e9e\" \/>\n\t<meta name=\"twitter:data1\" content=\"1 minute\" \/>\n<script type=\"application\/ld+json\" class=\"yoast-schema-graph\">{\"@context\":\"https:\/\/schema.org\",\"@graph\":[{\"@type\":\"WebPage\",\"@id\":\"https:\/\/cpata-cabamc.ca\/fr\/a-propos-de-nous\/qui-sommes-nous\/comites\/comite-de-verification-et-des-risques\/\",\"url\":\"https:\/\/cpata-cabamc.ca\/fr\/a-propos-de-nous\/qui-sommes-nous\/comites\/comite-de-verification-et-des-risques\/\",\"name\":\"Comit\u00e9 de v\u00e9rification et des risques - CABAMC\",\"isPartOf\":{\"@id\":\"https:\/\/cpata-cabamc.ca\/fr\/#website\"},\"datePublished\":\"2023-01-27T00:55:06+00:00\",\"dateModified\":\"2026-04-20T18:27:38+00:00\",\"breadcrumb\":{\"@id\":\"https:\/\/cpata-cabamc.ca\/fr\/a-propos-de-nous\/qui-sommes-nous\/comites\/comite-de-verification-et-des-risques\/#breadcrumb\"},\"inLanguage\":\"fr-FR\",\"potentialAction\":[{\"@type\":\"ReadAction\",\"target\":[\"https:\/\/cpata-cabamc.ca\/fr\/a-propos-de-nous\/qui-sommes-nous\/comites\/comite-de-verification-et-des-risques\/\"]}]},{\"@type\":\"BreadcrumbList\",\"@id\":\"https:\/\/cpata-cabamc.ca\/fr\/a-propos-de-nous\/qui-sommes-nous\/comites\/comite-de-verification-et-des-risques\/#breadcrumb\",\"itemListElement\":[{\"@type\":\"ListItem\",\"position\":1,\"name\":\"Accueil\",\"item\":\"https:\/\/cpata-cabamc.ca\/fr\/\"},{\"@type\":\"ListItem\",\"position\":2,\"name\":\"\u00c0 propos de nous\",\"item\":\"https:\/\/cpata-cabamc.ca\/fr\/about-us\/\"},{\"@type\":\"ListItem\",\"position\":3,\"name\":\"Qui sommes-nous\",\"item\":\"https:\/\/cpata-cabamc.ca\/fr\/a-propos-de-nous\/qui-sommes-nous\/\"},{\"@type\":\"ListItem\",\"position\":4,\"name\":\"Comit\u00e9s\",\"item\":\"https:\/\/cpata-cabamc.ca\/fr\/about-us\/who-we-are\/committees\/\"},{\"@type\":\"ListItem\",\"position\":5,\"name\":\"Comit\u00e9 de v\u00e9rification et des risques\"}]},{\"@type\":\"WebSite\",\"@id\":\"https:\/\/cpata-cabamc.ca\/fr\/#website\",\"url\":\"https:\/\/cpata-cabamc.ca\/fr\/\",\"name\":\"CABAMC\",\"description\":\"CABAMC\",\"publisher\":{\"@id\":\"https:\/\/cpata-cabamc.ca\/fr\/#organization\"},\"potentialAction\":[{\"@type\":\"SearchAction\",\"target\":{\"@type\":\"EntryPoint\",\"urlTemplate\":\"https:\/\/cpata-cabamc.ca\/fr\/?s={search_term_string}\"},\"query-input\":{\"@type\":\"PropertyValueSpecification\",\"valueRequired\":true,\"valueName\":\"search_term_string\"}}],\"inLanguage\":\"fr-FR\"},{\"@type\":\"Organization\",\"@id\":\"https:\/\/cpata-cabamc.ca\/fr\/#organization\",\"name\":\"CABAMC\",\"url\":\"https:\/\/cpata-cabamc.ca\/fr\/\",\"logo\":{\"@type\":\"ImageObject\",\"inLanguage\":\"fr-FR\",\"@id\":\"https:\/\/cpata-cabamc.ca\/fr\/#\/schema\/logo\/image\/\",\"url\":\"https:\/\/cpata-cabamc.ca\/wp-content\/uploads\/2021\/02\/Logo-Light-RGB.svg\",\"contentUrl\":\"https:\/\/cpata-cabamc.ca\/wp-content\/uploads\/2021\/02\/Logo-Light-RGB.svg\",\"caption\":\"CABAMC\"},\"image\":{\"@id\":\"https:\/\/cpata-cabamc.ca\/fr\/#\/schema\/logo\/image\/\"}}]}<\/script>\n<!-- \/ Yoast SEO plugin. -->","yoast_head_json":{"title":"Comit\u00e9 de v\u00e9rification et des risques - CABAMC","robots":{"index":"index","follow":"follow","max-snippet":"max-snippet:-1","max-image-preview":"max-image-preview:large","max-video-preview":"max-video-preview:-1"},"canonical":"https:\/\/cpata-cabamc.ca\/fr\/a-propos-de-nous\/qui-sommes-nous\/comites\/comite-de-verification-et-des-risques\/","og_locale":"fr_FR","og_type":"article","og_title":"Comit\u00e9 de v\u00e9rification et des risques - CABAMC","og_description":"Comit\u00e9 de v\u00e9rification et des risques Le Comit\u00e9 de v\u00e9rification et des risques aidera le","og_url":"https:\/\/cpata-cabamc.ca\/fr\/a-propos-de-nous\/qui-sommes-nous\/comites\/comite-de-verification-et-des-risques\/","og_site_name":"CABAMC","article_modified_time":"2026-04-20T18:27:38+00:00","twitter_card":"summary_large_image","twitter_misc":{"Dur\u00e9e de lecture estim\u00e9e":"1 minute"},"schema":{"@context":"https:\/\/schema.org","@graph":[{"@type":"WebPage","@id":"https:\/\/cpata-cabamc.ca\/fr\/a-propos-de-nous\/qui-sommes-nous\/comites\/comite-de-verification-et-des-risques\/","url":"https:\/\/cpata-cabamc.ca\/fr\/a-propos-de-nous\/qui-sommes-nous\/comites\/comite-de-verification-et-des-risques\/","name":"Comit\u00e9 de v\u00e9rification et des risques - CABAMC","isPartOf":{"@id":"https:\/\/cpata-cabamc.ca\/fr\/#website"},"datePublished":"2023-01-27T00:55:06+00:00","dateModified":"2026-04-20T18:27:38+00:00","breadcrumb":{"@id":"https:\/\/cpata-cabamc.ca\/fr\/a-propos-de-nous\/qui-sommes-nous\/comites\/comite-de-verification-et-des-risques\/#breadcrumb"},"inLanguage":"fr-FR","potentialAction":[{"@type":"ReadAction","target":["https:\/\/cpata-cabamc.ca\/fr\/a-propos-de-nous\/qui-sommes-nous\/comites\/comite-de-verification-et-des-risques\/"]}]},{"@type":"BreadcrumbList","@id":"https:\/\/cpata-cabamc.ca\/fr\/a-propos-de-nous\/qui-sommes-nous\/comites\/comite-de-verification-et-des-risques\/#breadcrumb","itemListElement":[{"@type":"ListItem","position":1,"name":"Accueil","item":"https:\/\/cpata-cabamc.ca\/fr\/"},{"@type":"ListItem","position":2,"name":"\u00c0 propos de nous","item":"https:\/\/cpata-cabamc.ca\/fr\/about-us\/"},{"@type":"ListItem","position":3,"name":"Qui sommes-nous","item":"https:\/\/cpata-cabamc.ca\/fr\/a-propos-de-nous\/qui-sommes-nous\/"},{"@type":"ListItem","position":4,"name":"Comit\u00e9s","item":"https:\/\/cpata-cabamc.ca\/fr\/about-us\/who-we-are\/committees\/"},{"@type":"ListItem","position":5,"name":"Comit\u00e9 de v\u00e9rification et des risques"}]},{"@type":"WebSite","@id":"https:\/\/cpata-cabamc.ca\/fr\/#website","url":"https:\/\/cpata-cabamc.ca\/fr\/","name":"CABAMC","description":"CABAMC","publisher":{"@id":"https:\/\/cpata-cabamc.ca\/fr\/#organization"},"potentialAction":[{"@type":"SearchAction","target":{"@type":"EntryPoint","urlTemplate":"https:\/\/cpata-cabamc.ca\/fr\/?s={search_term_string}"},"query-input":{"@type":"PropertyValueSpecification","valueRequired":true,"valueName":"search_term_string"}}],"inLanguage":"fr-FR"},{"@type":"Organization","@id":"https:\/\/cpata-cabamc.ca\/fr\/#organization","name":"CABAMC","url":"https:\/\/cpata-cabamc.ca\/fr\/","logo":{"@type":"ImageObject","inLanguage":"fr-FR","@id":"https:\/\/cpata-cabamc.ca\/fr\/#\/schema\/logo\/image\/","url":"https:\/\/cpata-cabamc.ca\/wp-content\/uploads\/2021\/02\/Logo-Light-RGB.svg","contentUrl":"https:\/\/cpata-cabamc.ca\/wp-content\/uploads\/2021\/02\/Logo-Light-RGB.svg","caption":"CABAMC"},"image":{"@id":"https:\/\/cpata-cabamc.ca\/fr\/#\/schema\/logo\/image\/"}}]}},"_links":{"self":[{"href":"https:\/\/cpata-cabamc.ca\/fr\/wp-json\/wp\/v2\/pages\/12902","targetHints":{"allow":["GET"]}}],"collection":[{"href":"https:\/\/cpata-cabamc.ca\/fr\/wp-json\/wp\/v2\/pages"}],"about":[{"href":"https:\/\/cpata-cabamc.ca\/fr\/wp-json\/wp\/v2\/types\/page"}],"author":[{"embeddable":true,"href":"https:\/\/cpata-cabamc.ca\/fr\/wp-json\/wp\/v2\/users\/6"}],"replies":[{"embeddable":true,"href":"https:\/\/cpata-cabamc.ca\/fr\/wp-json\/wp\/v2\/comments?post=12902"}],"version-history":[{"count":0,"href":"https:\/\/cpata-cabamc.ca\/fr\/wp-json\/wp\/v2\/pages\/12902\/revisions"}],"up":[{"embeddable":true,"href":"https:\/\/cpata-cabamc.ca\/fr\/wp-json\/wp\/v2\/pages\/16623"}],"wp:attachment":[{"href":"https:\/\/cpata-cabamc.ca\/fr\/wp-json\/wp\/v2\/media?parent=12902"}],"wp:term":[{"taxonomy":"folder","embeddable":true,"href":"https:\/\/cpata-cabamc.ca\/fr\/wp-json\/wp\/v2\/folder?post=12902"}],"curies":[{"name":"wp","href":"https:\/\/api.w.org\/{rel}","templated":true}]}}