{"id":12892,"date":"2023-01-27T00:52:50","date_gmt":"2023-01-27T00:52:50","guid":{"rendered":"https:\/\/cpatacabamcdev.wpengine.com\/?page_id=12892"},"modified":"2026-03-20T08:41:38","modified_gmt":"2026-03-20T13:41:38","slug":"comite-dinscription","status":"publish","type":"page","link":"https:\/\/cpata-cabamc.ca\/fr\/a-propos-de-nous\/qui-sommes-nous\/comites\/comite-dinscription\/","title":{"rendered":"Comit\u00e9 d\u2019inscription"},"content":{"rendered":"\t\t<div data-elementor-type=\"wp-page\" data-elementor-id=\"12892\" class=\"elementor elementor-12892 elementor-12857\" data-elementor-post-type=\"page\">\n\t\t\t\t\t\t<section class=\"elementor-section elementor-top-section elementor-element elementor-element-1ebd167 elementor-section-boxed elementor-section-height-default elementor-section-height-default\" data-id=\"1ebd167\" data-element_type=\"section\" data-e-type=\"section\">\n\t\t\t\t\t\t<div class=\"elementor-container elementor-column-gap-default\">\n\t\t\t\t\t<div class=\"elementor-column elementor-col-100 elementor-top-column elementor-element elementor-element-cc2ba45\" data-id=\"cc2ba45\" data-element_type=\"column\" data-e-type=\"column\">\n\t\t\t<div class=\"elementor-widget-wrap elementor-element-populated\">\n\t\t\t\t\t\t<section class=\"elementor-section elementor-inner-section elementor-element elementor-element-8102c0a elementor-section-boxed elementor-section-height-default elementor-section-height-default\" data-id=\"8102c0a\" data-element_type=\"section\" data-e-type=\"section\">\n\t\t\t\t\t\t<div class=\"elementor-container elementor-column-gap-default\">\n\t\t\t\t\t<div class=\"elementor-column elementor-col-100 elementor-inner-column elementor-element elementor-element-a6b3d3d\" data-id=\"a6b3d3d\" data-element_type=\"column\" data-e-type=\"column\">\n\t\t\t<div class=\"elementor-widget-wrap elementor-element-populated\">\n\t\t\t\t\t\t<div class=\"elementor-element elementor-element-49b9d0d elementor-widget elementor-widget-heading\" data-id=\"49b9d0d\" data-element_type=\"widget\" data-e-type=\"widget\" data-widget_type=\"heading.default\">\n\t\t\t\t<div class=\"elementor-widget-container\">\n\t\t\t\t\t<h4 class=\"elementor-heading-title elementor-size-default\">Comit\u00e9 d\u2019inscription<\/h4>\t\t\t\t<\/div>\n\t\t\t\t<\/div>\n\t\t\t\t<div class=\"elementor-element elementor-element-c47d685 elementor-widget elementor-widget-text-editor\" data-id=\"c47d685\" data-element_type=\"widget\" data-e-type=\"widget\" data-widget_type=\"text-editor.default\">\n\t\t\t\t<div class=\"elementor-widget-container\">\n\t\t\t\t\t\t\t\t\t<p><span style=\"font-weight: 400;\">Le comit\u00e9 d\u2019inscription aide le registraire \u00e0 administrer les exigences du Coll\u00e8ge en mati\u00e8re de permis. Le Comit\u00e9\u00a0:<\/span><\/p><ul><li style=\"font-weight: 400;\" aria-level=\"1\"><span style=\"font-weight: 400;\">approuve les normes d\u2019\u00e9valuation des comp\u00e9tences et les notes de passage pour les examens de comp\u00e9tence; et<\/span><\/li><li style=\"font-weight: 400;\" aria-level=\"1\"><span style=\"font-weight: 400;\">\u00e0 la demande des candidats ou des titulaires de permis, examine les d\u00e9cisions rendues par le registraire en vertu des r\u00e8glements administratifs.<\/span><\/li><\/ul><p><span style=\"font-weight: 400;\">Le Comit\u00e9 d\u2019inscription est compos\u00e9 d\u2019un repr\u00e9sentant du Bureau des brevets et du Bureau du registraire des marques de commerce, de titulaires de permis et de membres du public. Lorsqu\u2019il examine une d\u00e9cision rendue par le registraire, le Comit\u00e9 d\u2019inscription peut demander des renseignements suppl\u00e9mentaires, approuver les demandes (avec ou sans conditions) et mener des audiences d\u2019inscription. Les d\u00e9cisions rendues par le Comit\u00e9 d\u2019inscription ne peuvent pas faire l\u2019objet d\u2019un appel aupr\u00e8s du Conseil d\u2019administration.<\/span><\/p><p><a href=\"https:\/\/cpata-cabamc.ca\/wp-content\/uploads\/2021\/06\/2024-12-05-Comite-dinscription_Mandat.pdf\" target=\"_blank\" rel=\"noopener\"><span style=\"font-weight: 400;\">Comit\u00e9 d\u2019inscription\u00a0: Mandat<\/span><\/a><\/p><p><a href=\"https:\/\/cpata-cabamc.ca\/wp-content\/uploads\/2021\/11\/Matrice-des-competences-du-Comite-dinscription-V3.pdf\" target=\"_blank\" rel=\"noopener\"><span style=\"font-weight: 400;\">Comit\u00e9 d\u2019inscription\u00a0: Matrice des comp\u00e9tences<\/span><\/a><\/p><h6>Membres du comit\u00e9<\/h6><ul><li>Mark Pioro &#8211;\u00a0<span lang=\"FR-CA\" xml:lang=\"FR-CA\" data-contrast=\"none\">Chair\/<\/span><span lang=\"FR-CA\" xml:lang=\"FR-CA\" data-contrast=\"auto\">pr\u00e9sident<\/span><\/li><li>Alessandro Colonnier<\/li><li style=\"font-size: 16px;\">Heidi Jensen<\/li><li style=\"font-size: 16px;\">Craig Macmillan<\/li><li style=\"font-size: 16px;\">Hilary Rose<\/li><li>Natalie de Paulsen<\/li><li style=\"font-size: 16px;\"><span lang=\"FR-CA\" xml:lang=\"FR-CA\" data-contrast=\"none\"><span class=\"NormalTextRun SCXW55046383 BCX0\">P<\/span><span class=\"NormalTextRun SCXW55046383 BCX0\">ersonnel<\/span> &#8211; Jen Slabodkin<\/span><\/li><\/ul>\t\t\t\t\t\t\t\t<\/div>\n\t\t\t\t<\/div>\n\t\t\t\t\t<\/div>\n\t\t<\/div>\n\t\t\t\t\t<\/div>\n\t\t<\/section>\n\t\t\t\t<section class=\"elementor-section elementor-inner-section elementor-element elementor-element-a189dfe elementor-section-boxed elementor-section-height-default elementor-section-height-default\" data-id=\"a189dfe\" data-element_type=\"section\" data-e-type=\"section\">\n\t\t\t\t\t\t<div class=\"elementor-container elementor-column-gap-default\">\n\t\t\t\t\t<div class=\"elementor-column elementor-col-100 elementor-inner-column elementor-element elementor-element-5edfca6\" data-id=\"5edfca6\" data-element_type=\"column\" data-e-type=\"column\">\n\t\t\t<div class=\"elementor-widget-wrap elementor-element-populated\">\n\t\t\t\t\t\t<div class=\"elementor-element elementor-element-a6cf3c6 elementor-widget elementor-widget-heading\" data-id=\"a6cf3c6\" data-element_type=\"widget\" data-e-type=\"widget\" data-widget_type=\"heading.default\">\n\t\t\t\t<div class=\"elementor-widget-container\">\n\t\t\t\t\t<h4 class=\"elementor-heading-title elementor-size-default\">D\u00e9cisions<\/h4>\t\t\t\t<\/div>\n\t\t\t\t<\/div>\n\t\t\t\t<div class=\"elementor-element elementor-element-a0498b8 elementor-widget elementor-widget-text-editor\" data-id=\"a0498b8\" data-element_type=\"widget\" data-e-type=\"widget\" data-widget_type=\"text-editor.default\">\n\t\t\t\t<div class=\"elementor-widget-container\">\n\t\t\t\t\t\t\t\t\t<p>Les d\u00e9cisions r\u00e9glementaires sont prises conform\u00e9ment \u00e0 la <span data-olk-copy-source=\"MessageBody\">Politiques et pratiques de gouvernance : Partie 1 : Cadre de gouvernance<\/span>. Les d\u00e9cisions relatives \u00e0 l\u2019inscription et \u00e0 la discipline sont affich\u00e9es sur le site Web du Coll\u00e8ge afin de\u00a0:\u00a0<\/p><ul><li>prot\u00e9ger et promouvoir l\u2019int\u00e9r\u00eat du public en ce qui concerne la prestation de services relatifs aux brevets et aux marques de commerce;<\/li><li>prot\u00e9ger les utilisateurs des services de brevets et de marques de commerce;<\/li><li>s\u2019assurer que les titulaires de permis fournissent des services de brevets et de marques de commerce de fa\u00e7on \u00e9thique et comp\u00e9tente.<\/li><\/ul><p>Les d\u00e9cisions du registraire et des comit\u00e9s de r\u00e9glementation\u00a0:\u00a0<\/p><ul><li>sont ax\u00e9es sur l\u2019int\u00e9r\u00eat public;<\/li><li>sont prises dans les meilleurs d\u00e9lais en suivant les processus adapt\u00e9s au risque pos\u00e9 par la situation et ne visent que les cas o\u00f9 la prise de mesures est n\u00e9cessaire;<\/li><li>sont coh\u00e9rentes;<\/li><li>sont \u00e9quitables et sont per\u00e7ues comme \u00e9tant \u00e9quitables;<\/li><li>sont transparentes et expliquent le processus de prise de d\u00e9cision suivi.<\/li><\/ul>\t\t\t\t\t\t\t\t<\/div>\n\t\t\t\t<\/div>\n\t\t\t\t<div class=\"elementor-element elementor-element-f3d54ac elementor-widget elementor-widget-button\" data-id=\"f3d54ac\" data-element_type=\"widget\" data-e-type=\"widget\" data-widget_type=\"button.default\">\n\t\t\t\t<div class=\"elementor-widget-container\">\n\t\t\t\t\t\t\t\t\t<div class=\"elementor-button-wrapper\">\n\t\t\t\t\t<a class=\"elementor-button elementor-button-link elementor-size-sm\" href=\"https:\/\/cpata-cabamc.ca\/fr\/ressources-publiques\/decisions-du-comite-dinscription\/\">\n\t\t\t\t\t\t<span class=\"elementor-button-content-wrapper\">\n\t\t\t\t\t\t\t\t\t<span class=\"elementor-button-text\">Decisions du Comit\u00e9 d\u2019inscription<\/span>\n\t\t\t\t\t<\/span>\n\t\t\t\t\t<\/a>\n\t\t\t\t<\/div>\n\t\t\t\t\t\t\t\t<\/div>\n\t\t\t\t<\/div>\n\t\t\t\t\t<\/div>\n\t\t<\/div>\n\t\t\t\t\t<\/div>\n\t\t<\/section>\n\t\t\t\t\t<\/div>\n\t\t<\/div>\n\t\t\t\t\t<\/div>\n\t\t<\/section>\n\t\t\t\t<\/div>\n\t\t","protected":false},"excerpt":{"rendered":"<p>Comit\u00e9 d\u2019inscription Le comit\u00e9 d\u2019inscription aide le registraire \u00e0 administrer les exigences du Coll\u00e8ge en<\/p>\n","protected":false},"author":6,"featured_media":0,"parent":16623,"menu_order":0,"comment_status":"closed","ping_status":"closed","template":"","meta":{"_acf_changed":false,"_monsterinsights_skip_tracking":false,"_monsterinsights_sitenote_active":false,"_monsterinsights_sitenote_note":"","_monsterinsights_sitenote_category":0,"site-sidebar-layout":"no-sidebar","site-content-layout":"page-builder","ast-site-content-layout":"default","site-content-style":"default","site-sidebar-style":"default","ast-global-header-display":"","ast-banner-title-visibility":"","ast-main-header-display":"","ast-hfb-above-header-display":"","ast-hfb-below-header-display":"","ast-hfb-mobile-header-display":"","site-post-title":"disabled","ast-breadcrumbs-content":"","ast-featured-img":"disabled","footer-sml-layout":"","theme-transparent-header-meta":"default","adv-header-id-meta":"","stick-header-meta":"","header-above-stick-meta":"","header-main-stick-meta":"","header-below-stick-meta":"","astra-migrate-meta-layouts":"default","ast-page-background-enabled":"default","ast-page-background-meta":{"desktop":{"background-color":"","background-image":"","background-repeat":"repeat","background-position":"center center","background-size":"auto","background-attachment":"scroll","background-type":"","background-media":"","overlay-type":"","overlay-color":"","overlay-opacity":"","overlay-gradient":""},"tablet":{"background-color":"","background-image":"","background-repeat":"repeat","background-position":"center center","background-size":"auto","background-attachment":"scroll","background-type":"","background-media":"","overlay-type":"","overlay-color":"","overlay-opacity":"","overlay-gradient":""},"mobile":{"background-color":"","background-image":"","background-repeat":"repeat","background-position":"center center","background-size":"auto","background-attachment":"scroll","background-type":"","background-media":"","overlay-type":"","overlay-color":"","overlay-opacity":"","overlay-gradient":""}},"ast-content-background-meta":{"desktop":{"background-color":"var(--ast-global-color-5)","background-image":"","background-repeat":"repeat","background-position":"center center","background-size":"auto","background-attachment":"scroll","background-type":"","background-media":"","overlay-type":"","overlay-color":"","overlay-opacity":"","overlay-gradient":""},"tablet":{"background-color":"var(--ast-global-color-5)","background-image":"","background-repeat":"repeat","background-position":"center center","background-size":"auto","background-attachment":"scroll","background-type":"","background-media":"","overlay-type":"","overlay-color":"","overlay-opacity":"","overlay-gradient":""},"mobile":{"background-color":"var(--ast-global-color-5)","background-image":"","background-repeat":"repeat","background-position":"center center","background-size":"auto","background-attachment":"scroll","background-type":"","background-media":"","overlay-type":"","overlay-color":"","overlay-opacity":"","overlay-gradient":""}},"footnotes":""},"folder":[],"class_list":["post-12892","page","type-page","status-publish","hentry"],"acf":[],"yoast_head":"<!-- This site is optimized with the Yoast SEO plugin v27.2 - https:\/\/yoast.com\/product\/yoast-seo-wordpress\/ -->\n<title>Comit\u00e9 d\u2019inscription - CABAMC<\/title>\n<meta name=\"robots\" content=\"index, follow, max-snippet:-1, max-image-preview:large, max-video-preview:-1\" \/>\n<link rel=\"canonical\" href=\"https:\/\/cpata-cabamc.ca\/fr\/a-propos-de-nous\/qui-sommes-nous\/comites\/comite-dinscription\/\" \/>\n<meta property=\"og:locale\" content=\"fr_FR\" \/>\n<meta property=\"og:type\" content=\"article\" \/>\n<meta property=\"og:title\" content=\"Comit\u00e9 d\u2019inscription - CABAMC\" \/>\n<meta property=\"og:description\" content=\"Comit\u00e9 d\u2019inscription Le comit\u00e9 d\u2019inscription aide le registraire \u00e0 administrer les exigences du Coll\u00e8ge en\" \/>\n<meta property=\"og:url\" content=\"https:\/\/cpata-cabamc.ca\/fr\/a-propos-de-nous\/qui-sommes-nous\/comites\/comite-dinscription\/\" \/>\n<meta property=\"og:site_name\" content=\"CABAMC\" \/>\n<meta property=\"article:modified_time\" content=\"2026-03-20T13:41:38+00:00\" \/>\n<meta name=\"twitter:card\" content=\"summary_large_image\" \/>\n<meta name=\"twitter:label1\" content=\"Dur\u00e9e de lecture estim\u00e9e\" \/>\n\t<meta name=\"twitter:data1\" content=\"2 minutes\" \/>\n<script type=\"application\/ld+json\" class=\"yoast-schema-graph\">{\"@context\":\"https:\/\/schema.org\",\"@graph\":[{\"@type\":\"WebPage\",\"@id\":\"https:\/\/cpata-cabamc.ca\/fr\/a-propos-de-nous\/qui-sommes-nous\/comites\/comite-dinscription\/\",\"url\":\"https:\/\/cpata-cabamc.ca\/fr\/a-propos-de-nous\/qui-sommes-nous\/comites\/comite-dinscription\/\",\"name\":\"Comit\u00e9 d\u2019inscription - CABAMC\",\"isPartOf\":{\"@id\":\"https:\/\/cpata-cabamc.ca\/fr\/#website\"},\"datePublished\":\"2023-01-27T00:52:50+00:00\",\"dateModified\":\"2026-03-20T13:41:38+00:00\",\"breadcrumb\":{\"@id\":\"https:\/\/cpata-cabamc.ca\/fr\/a-propos-de-nous\/qui-sommes-nous\/comites\/comite-dinscription\/#breadcrumb\"},\"inLanguage\":\"fr-FR\",\"potentialAction\":[{\"@type\":\"ReadAction\",\"target\":[\"https:\/\/cpata-cabamc.ca\/fr\/a-propos-de-nous\/qui-sommes-nous\/comites\/comite-dinscription\/\"]}]},{\"@type\":\"BreadcrumbList\",\"@id\":\"https:\/\/cpata-cabamc.ca\/fr\/a-propos-de-nous\/qui-sommes-nous\/comites\/comite-dinscription\/#breadcrumb\",\"itemListElement\":[{\"@type\":\"ListItem\",\"position\":1,\"name\":\"Accueil\",\"item\":\"https:\/\/cpata-cabamc.ca\/fr\/\"},{\"@type\":\"ListItem\",\"position\":2,\"name\":\"\u00c0 propos de nous\",\"item\":\"https:\/\/cpata-cabamc.ca\/fr\/about-us\/\"},{\"@type\":\"ListItem\",\"position\":3,\"name\":\"Qui sommes-nous\",\"item\":\"https:\/\/cpata-cabamc.ca\/fr\/a-propos-de-nous\/qui-sommes-nous\/\"},{\"@type\":\"ListItem\",\"position\":4,\"name\":\"Comit\u00e9s\",\"item\":\"https:\/\/cpata-cabamc.ca\/fr\/about-us\/who-we-are\/committees\/\"},{\"@type\":\"ListItem\",\"position\":5,\"name\":\"Comit\u00e9 d\u2019inscription\"}]},{\"@type\":\"WebSite\",\"@id\":\"https:\/\/cpata-cabamc.ca\/fr\/#website\",\"url\":\"https:\/\/cpata-cabamc.ca\/fr\/\",\"name\":\"CABAMC\",\"description\":\"CABAMC\",\"publisher\":{\"@id\":\"https:\/\/cpata-cabamc.ca\/fr\/#organization\"},\"potentialAction\":[{\"@type\":\"SearchAction\",\"target\":{\"@type\":\"EntryPoint\",\"urlTemplate\":\"https:\/\/cpata-cabamc.ca\/fr\/?s={search_term_string}\"},\"query-input\":{\"@type\":\"PropertyValueSpecification\",\"valueRequired\":true,\"valueName\":\"search_term_string\"}}],\"inLanguage\":\"fr-FR\"},{\"@type\":\"Organization\",\"@id\":\"https:\/\/cpata-cabamc.ca\/fr\/#organization\",\"name\":\"CABAMC\",\"url\":\"https:\/\/cpata-cabamc.ca\/fr\/\",\"logo\":{\"@type\":\"ImageObject\",\"inLanguage\":\"fr-FR\",\"@id\":\"https:\/\/cpata-cabamc.ca\/fr\/#\/schema\/logo\/image\/\",\"url\":\"https:\/\/cpata-cabamc.ca\/wp-content\/uploads\/2021\/02\/Logo-Light-RGB.svg\",\"contentUrl\":\"https:\/\/cpata-cabamc.ca\/wp-content\/uploads\/2021\/02\/Logo-Light-RGB.svg\",\"caption\":\"CABAMC\"},\"image\":{\"@id\":\"https:\/\/cpata-cabamc.ca\/fr\/#\/schema\/logo\/image\/\"}}]}<\/script>\n<!-- \/ Yoast SEO plugin. -->","yoast_head_json":{"title":"Comit\u00e9 d\u2019inscription - CABAMC","robots":{"index":"index","follow":"follow","max-snippet":"max-snippet:-1","max-image-preview":"max-image-preview:large","max-video-preview":"max-video-preview:-1"},"canonical":"https:\/\/cpata-cabamc.ca\/fr\/a-propos-de-nous\/qui-sommes-nous\/comites\/comite-dinscription\/","og_locale":"fr_FR","og_type":"article","og_title":"Comit\u00e9 d\u2019inscription - CABAMC","og_description":"Comit\u00e9 d\u2019inscription Le comit\u00e9 d\u2019inscription aide le registraire \u00e0 administrer les exigences du Coll\u00e8ge en","og_url":"https:\/\/cpata-cabamc.ca\/fr\/a-propos-de-nous\/qui-sommes-nous\/comites\/comite-dinscription\/","og_site_name":"CABAMC","article_modified_time":"2026-03-20T13:41:38+00:00","twitter_card":"summary_large_image","twitter_misc":{"Dur\u00e9e de lecture estim\u00e9e":"2 minutes"},"schema":{"@context":"https:\/\/schema.org","@graph":[{"@type":"WebPage","@id":"https:\/\/cpata-cabamc.ca\/fr\/a-propos-de-nous\/qui-sommes-nous\/comites\/comite-dinscription\/","url":"https:\/\/cpata-cabamc.ca\/fr\/a-propos-de-nous\/qui-sommes-nous\/comites\/comite-dinscription\/","name":"Comit\u00e9 d\u2019inscription - CABAMC","isPartOf":{"@id":"https:\/\/cpata-cabamc.ca\/fr\/#website"},"datePublished":"2023-01-27T00:52:50+00:00","dateModified":"2026-03-20T13:41:38+00:00","breadcrumb":{"@id":"https:\/\/cpata-cabamc.ca\/fr\/a-propos-de-nous\/qui-sommes-nous\/comites\/comite-dinscription\/#breadcrumb"},"inLanguage":"fr-FR","potentialAction":[{"@type":"ReadAction","target":["https:\/\/cpata-cabamc.ca\/fr\/a-propos-de-nous\/qui-sommes-nous\/comites\/comite-dinscription\/"]}]},{"@type":"BreadcrumbList","@id":"https:\/\/cpata-cabamc.ca\/fr\/a-propos-de-nous\/qui-sommes-nous\/comites\/comite-dinscription\/#breadcrumb","itemListElement":[{"@type":"ListItem","position":1,"name":"Accueil","item":"https:\/\/cpata-cabamc.ca\/fr\/"},{"@type":"ListItem","position":2,"name":"\u00c0 propos de nous","item":"https:\/\/cpata-cabamc.ca\/fr\/about-us\/"},{"@type":"ListItem","position":3,"name":"Qui sommes-nous","item":"https:\/\/cpata-cabamc.ca\/fr\/a-propos-de-nous\/qui-sommes-nous\/"},{"@type":"ListItem","position":4,"name":"Comit\u00e9s","item":"https:\/\/cpata-cabamc.ca\/fr\/about-us\/who-we-are\/committees\/"},{"@type":"ListItem","position":5,"name":"Comit\u00e9 d\u2019inscription"}]},{"@type":"WebSite","@id":"https:\/\/cpata-cabamc.ca\/fr\/#website","url":"https:\/\/cpata-cabamc.ca\/fr\/","name":"CABAMC","description":"CABAMC","publisher":{"@id":"https:\/\/cpata-cabamc.ca\/fr\/#organization"},"potentialAction":[{"@type":"SearchAction","target":{"@type":"EntryPoint","urlTemplate":"https:\/\/cpata-cabamc.ca\/fr\/?s={search_term_string}"},"query-input":{"@type":"PropertyValueSpecification","valueRequired":true,"valueName":"search_term_string"}}],"inLanguage":"fr-FR"},{"@type":"Organization","@id":"https:\/\/cpata-cabamc.ca\/fr\/#organization","name":"CABAMC","url":"https:\/\/cpata-cabamc.ca\/fr\/","logo":{"@type":"ImageObject","inLanguage":"fr-FR","@id":"https:\/\/cpata-cabamc.ca\/fr\/#\/schema\/logo\/image\/","url":"https:\/\/cpata-cabamc.ca\/wp-content\/uploads\/2021\/02\/Logo-Light-RGB.svg","contentUrl":"https:\/\/cpata-cabamc.ca\/wp-content\/uploads\/2021\/02\/Logo-Light-RGB.svg","caption":"CABAMC"},"image":{"@id":"https:\/\/cpata-cabamc.ca\/fr\/#\/schema\/logo\/image\/"}}]}},"_links":{"self":[{"href":"https:\/\/cpata-cabamc.ca\/fr\/wp-json\/wp\/v2\/pages\/12892","targetHints":{"allow":["GET"]}}],"collection":[{"href":"https:\/\/cpata-cabamc.ca\/fr\/wp-json\/wp\/v2\/pages"}],"about":[{"href":"https:\/\/cpata-cabamc.ca\/fr\/wp-json\/wp\/v2\/types\/page"}],"author":[{"embeddable":true,"href":"https:\/\/cpata-cabamc.ca\/fr\/wp-json\/wp\/v2\/users\/6"}],"replies":[{"embeddable":true,"href":"https:\/\/cpata-cabamc.ca\/fr\/wp-json\/wp\/v2\/comments?post=12892"}],"version-history":[{"count":30,"href":"https:\/\/cpata-cabamc.ca\/fr\/wp-json\/wp\/v2\/pages\/12892\/revisions"}],"predecessor-version":[{"id":27928,"href":"https:\/\/cpata-cabamc.ca\/fr\/wp-json\/wp\/v2\/pages\/12892\/revisions\/27928"}],"up":[{"embeddable":true,"href":"https:\/\/cpata-cabamc.ca\/fr\/wp-json\/wp\/v2\/pages\/16623"}],"wp:attachment":[{"href":"https:\/\/cpata-cabamc.ca\/fr\/wp-json\/wp\/v2\/media?parent=12892"}],"wp:term":[{"taxonomy":"folder","embeddable":true,"href":"https:\/\/cpata-cabamc.ca\/fr\/wp-json\/wp\/v2\/folder?post=12892"}],"curies":[{"name":"wp","href":"https:\/\/api.w.org\/{rel}","templated":true}]}}