{"id":12432,"date":"2023-01-05T20:42:40","date_gmt":"2023-01-05T20:42:40","guid":{"rendered":"https:\/\/cpatacabamcdev.wpengine.com\/?page_id=12432"},"modified":"2023-01-09T15:04:15","modified_gmt":"2023-01-09T15:04:15","slug":"courtoisie-civilite-et-bonne-foi-les-regles-7-et-8-et-la-conduite-des-membres-de-la-profession","status":"publish","type":"page","link":"https:\/\/cpata-cabamc.ca\/fr\/votre-profession\/deontologie\/analyses-ethiques-et-recommandations-old\/courtoisie-civilite-et-bonne-foi-les-regles-7-et-8-et-la-conduite-des-membres-de-la-profession\/","title":{"rendered":"Courtoisie, civilit\u00e9 et bonne foi\u202f: les r\u00e8gles\u202f7 et 8 et la conduite des membres de la profession"},"content":{"rendered":"\t\t<div data-elementor-type=\"wp-page\" data-elementor-id=\"12432\" class=\"elementor elementor-12432 elementor-12404\" data-elementor-post-type=\"page\">\n\t\t\t\t\t\t<section class=\"elementor-section elementor-top-section elementor-element elementor-element-ebfd8d1 elementor-section-boxed elementor-section-height-default elementor-section-height-default\" data-id=\"ebfd8d1\" data-element_type=\"section\" data-e-type=\"section\">\n\t\t\t\t\t\t<div class=\"elementor-container elementor-column-gap-default\">\n\t\t\t\t\t<div class=\"elementor-column elementor-col-100 elementor-top-column elementor-element elementor-element-04b66d1\" data-id=\"04b66d1\" data-element_type=\"column\" data-e-type=\"column\">\n\t\t\t<div class=\"elementor-widget-wrap elementor-element-populated\">\n\t\t\t\t\t\t<div class=\"elementor-element elementor-element-46c99b1 elementor-widget elementor-widget-text-editor\" data-id=\"46c99b1\" data-element_type=\"widget\" data-e-type=\"widget\" data-widget_type=\"text-editor.default\">\n\t\t\t\t<div class=\"elementor-widget-container\">\n\t\t\t\t\t\t\t\t\t<p><span class=\"TextRun SCXW37586402 BCX0\" lang=\"FR-CA\" xml:lang=\"FR-CA\" data-contrast=\"auto\"><span class=\"NormalTextRun SCXW37586402 BCX0\">L\u2019analyse qui suit porte sur les r\u00e8gles du Code de d\u00e9ontologie (le \u00ab\u202fCode\u202f\u00bb) qui \u00e9noncent les obligations d\u00e9ontologiques des titulaires de permis envers le Coll\u00e8ge, l\u2019Office de la propri\u00e9t\u00e9 intellectuelle du Canada (OPIC) et d\u2019autres personnes. Notre sc\u00e9nario, tout en fournissant un exemple utile pour illustrer les obligations d\u00e9ontologiques des titulaires de permis, est vaguement bas\u00e9 sur une <\/span><\/span><a class=\"Hyperlink SCXW37586402 BCX0\" href=\"https:\/\/cpata-cabamc.ca\/fr\/pour-le-public\/preoccupations-concernant-un-agent-de-brevets-ou-de-marques-de-commerce\/\" target=\"_blank\" rel=\"noreferrer noopener\"><span class=\"TextRun Underlined SCXW37586402 BCX0\" lang=\"FR-CA\" xml:lang=\"FR-CA\" data-contrast=\"none\"><span class=\"NormalTextRun SCXW37586402 BCX0\" data-ccp-charstyle=\"Hyperlink\">enqu\u00eate li\u00e9e \u00e0 la conduite des titulaires de permis<\/span><\/span><\/a><span class=\"TextRun SCXW37586402 BCX0\" lang=\"FR-CA\" xml:lang=\"FR-CA\" data-contrast=\"auto\"><span class=\"NormalTextRun SCXW37586402 BCX0\"> qui a \u00e9t\u00e9 r\u00e9solue avec succ\u00e8s. La proc\u00e9dure d\u2019enqu\u00eate li\u00e9e \u00e0 la conduite des agent(e)s est un moyen par lequel le Coll\u00e8ge peut, au besoin, utiliser des m\u00e9canismes de r\u00e9solution rapide des pr\u00e9occupations soulev\u00e9es au sujet des titulaires de permis. Une enqu\u00eate li\u00e9e \u00e0 la conduite d\u2019un(e) agent(e) peut \u00eatre lanc\u00e9e par quiconque, qu\u2019il s\u2019agisse d\u2019un(e) membre du public, d\u2019un(e) autre titulaire de permis ou d\u2019un(e) employ\u00e9(e) de l\u2019OPIC.\u00a0<\/span><\/span><span class=\"EOP SCXW37586402 BCX0\" data-ccp-props=\"{}\">\u00a0<\/span><\/p><p>\u00a0<\/p><p><span class=\"TextRun SCXW14349139 BCX0\" lang=\"FR-CA\" xml:lang=\"FR-CA\" data-contrast=\"auto\"><span class=\"NormalTextRun SCXW14349139 BCX0\">Les personnes titulaires de permis doivent savoir que si elles soumettent une enqu\u00eate li\u00e9e \u00e0 la conduite d\u2019un(e) agent(e) au sujet d\u2019un(e) autre titulaire de permis, elles ont l\u2019obligation \u00e9thique de respecter la R\u00e8gle\u202f8(2)\u202f: \u00ab\u202fToute la correspondance et toutes les remarques adress\u00e9es par un agent \u00e0 un autre agent ou le concernant [\u2026] doivent \u00eatre \u00e9quitables, exactes et courtoises.\u202f\u00bb<\/span><\/span><span class=\"EOP SCXW14349139 BCX0\" data-ccp-props=\"{}\">\u00a0<\/span><\/p>\t\t\t\t\t\t\t\t<\/div>\n\t\t\t\t<\/div>\n\t\t\t\t<div class=\"elementor-element elementor-element-a0155a3 elementor-widget elementor-widget-heading\" data-id=\"a0155a3\" data-element_type=\"widget\" data-e-type=\"widget\" data-widget_type=\"heading.default\">\n\t\t\t\t<div class=\"elementor-widget-container\">\n\t\t\t\t\t<h2 class=\"elementor-heading-title elementor-size-default\">Le sc\u00e9nario <\/h2>\t\t\t\t<\/div>\n\t\t\t\t<\/div>\n\t\t\t\t<div class=\"elementor-element elementor-element-6c884b9 elementor-widget elementor-widget-text-editor\" data-id=\"6c884b9\" data-element_type=\"widget\" data-e-type=\"widget\" data-widget_type=\"text-editor.default\">\n\t\t\t\t<div class=\"elementor-widget-container\">\n\t\t\t\t\t\t\t\t\t<p><span class=\"TextRun SCXW220744660 BCX0\" lang=\"FR-CA\" xml:lang=\"FR-CA\" data-contrast=\"auto\"><span class=\"NormalTextRun SCXW220744660 BCX0\">Une titulaire de permis et un employ\u00e9 du gouvernement ont eu une discussion au cours de laquelle la titulaire de permis a exprim\u00e9 sa frustration \u00e0 l\u2019\u00e9gard d\u2019une politique gouvernementale. Lorsque l\u2019employ\u00e9 du gouvernement a mentionn\u00e9 la politique \u00e0 l\u2019agente, <\/span><span class=\"NormalTextRun SCXW220744660 BCX0\">cette<\/span><span class=\"NormalTextRun SCXW220744660 BCX0\"> derni\u00e8re a fait une remarque en utilisant un langage qui pourrait \u00eatre consid\u00e9r\u00e9 comme inappropri\u00e9, voire non professionnel. L\u2019employ\u00e9 du gouvernement a communiqu\u00e9 avec le Coll\u00e8ge pour solliciter une enqu\u00eate li\u00e9e \u00e0 la conduite de l\u2019agente. Le Coll\u00e8ge, avec le consentement de l\u2019employ\u00e9, a donc joint l\u2019agente pour en discuter.<\/span><\/span><span class=\"EOP SCXW220744660 BCX0\" data-ccp-props=\"{}\">\u00a0<\/span><\/p>\t\t\t\t\t\t\t\t<\/div>\n\t\t\t\t<\/div>\n\t\t\t\t<div class=\"elementor-element elementor-element-7d22905 elementor-widget elementor-widget-heading\" data-id=\"7d22905\" data-element_type=\"widget\" data-e-type=\"widget\" data-widget_type=\"heading.default\">\n\t\t\t\t<div class=\"elementor-widget-container\">\n\t\t\t\t\t<h2 class=\"elementor-heading-title elementor-size-default\">La r\u00e8gle <\/h2>\t\t\t\t<\/div>\n\t\t\t\t<\/div>\n\t\t\t\t<div class=\"elementor-element elementor-element-f347738 elementor-widget elementor-widget-text-editor\" data-id=\"f347738\" data-element_type=\"widget\" data-e-type=\"widget\" data-widget_type=\"text-editor.default\">\n\t\t\t\t<div class=\"elementor-widget-container\">\n\t\t\t\t\t\t\t\t\t<p><span data-contrast=\"auto\">En vertu du Code de d\u00e9ontologie (le \u00ab\u202fCode\u202f\u00bb), tout(e) titulaire de permis doit se conduire de mani\u00e8re professionnelle et \u00e9viter de se conduire de mani\u00e8re \u00e0 discr\u00e9diter la profession (voir les articles\u202f1 et\u202f2 de la R\u00e8gle\u202f7).\u00a0<\/span><span data-ccp-props=\"{}\">\u00a0<\/span><\/p><p><span data-ccp-props=\"{}\">\u00a0<\/span><\/p><p><span data-contrast=\"auto\">En vertu du Code, toute personne titulaire de permis doit se montrer courtoise et polie et agir de bonne foi envers toutes les personnes avec lesquelles elle traite dans l\u2019exercice de ses fonctions (voir le principe directeur de la Partie\u202f7 et le paragraphe\u202f1 de l\u2019article\u202f1 de la R\u00e8gle\u202f8).\u00a0<\/span><span data-ccp-props=\"{}\">\u00a0<\/span><\/p><p><span data-ccp-props=\"{}\">\u00a0<\/span><\/p><p><span data-contrast=\"auto\">Selon le Code, tout(e) titulaire de permis a \u00e9galement l\u2019obligation de \u00ab\u202fcontribuer au maintien des normes de la profession dans ses rapports avec le Coll\u00e8ge et les membres de la profession en g\u00e9n\u00e9ral\u202f\u00bb (principe directeur de la Partie\u202f7).\u00a0<\/span><span data-ccp-props=\"{}\">\u00a0<\/span><\/p>\t\t\t\t\t\t\t\t<\/div>\n\t\t\t\t<\/div>\n\t\t\t\t<div class=\"elementor-element elementor-element-f566e7b elementor-widget elementor-widget-heading\" data-id=\"f566e7b\" data-element_type=\"widget\" data-e-type=\"widget\" data-widget_type=\"heading.default\">\n\t\t\t\t<div class=\"elementor-widget-container\">\n\t\t\t\t\t<h2 class=\"elementor-heading-title elementor-size-default\">Notre recommandation\/r\u00e9solution <\/h2>\t\t\t\t<\/div>\n\t\t\t\t<\/div>\n\t\t\t\t<div class=\"elementor-element elementor-element-805d647 elementor-widget elementor-widget-text-editor\" data-id=\"805d647\" data-element_type=\"widget\" data-e-type=\"widget\" data-widget_type=\"text-editor.default\">\n\t\t\t\t<div class=\"elementor-widget-container\">\n\t\t\t\t\t\t\t\t\t<p><span data-contrast=\"auto\">Lorsque le Coll\u00e8ge a communiqu\u00e9 avec la titulaire de permis, cette derni\u00e8re a expliqu\u00e9 que durant sa conversation avec l\u2019employ\u00e9 du gouvernement, elle exprimait sa frustration \u00e0 l\u2019\u00e9gard de la politique et non du travail de l\u2019employ\u00e9. La titulaire de permis a toutefois admis qu\u2019elle regrettait son choix de mots. Elle a offert d\u2019appeler l\u2019employ\u00e9 du gouvernement pour r\u00e9tablir leur relation.\u00a0<\/span><span data-ccp-props=\"{}\">\u00a0<\/span><\/p><p><span data-ccp-props=\"{}\">\u00a0<\/span><\/p><p><span data-contrast=\"auto\">Le Coll\u00e8ge a transmis ce message \u00e0 l\u2019auteur de la demande (l\u2019employ\u00e9 du gouvernement), qui a d\u00e9clin\u00e9 un appel avec la titulaire de permis et a d\u00e9clar\u00e9 au Coll\u00e8ge qu\u2019il consid\u00e9rait que sa pr\u00e9occupation avait \u00e9t\u00e9 prise en compte de fa\u00e7on satisfaisante. Le Coll\u00e8ge a ensuite avis\u00e9 les deux parties qu\u2019il consid\u00e9rait que le probl\u00e8me \u00e9tait r\u00e9solu.<\/span><span data-ccp-props=\"{}\">\u00a0<\/span><\/p><p><span data-ccp-props=\"{}\">\u00a0<\/span><\/p><p><span data-contrast=\"auto\">En fin de compte, la proc\u00e9dure d\u2019enqu\u00eate li\u00e9e \u00e0 la conduite des agent(e)s, qui est une solution de rechange au processus de traitement des plaintes, permet de recevoir, d\u2019entendre et de traiter les pr\u00e9occupations de mani\u00e8re proportionn\u00e9e et rapide. Cette proc\u00e9dure d\u2019enqu\u00eate offre une autre solution pour traiter les pr\u00e9occupations d\u00e9coulant des protocoles de plainte, si n\u00e9cessaire. La proc\u00e9dure donne \u00e9galement au Coll\u00e8ge l\u2019occasion de communiquer ad\u00e9quatement avec les titulaires de permis au sujet de leurs obligations d\u00e9ontologiques en vertu du Code, dans l\u2019int\u00e9r\u00eat du public. <\/span><span data-ccp-props=\"{}\">\u00a0<\/span><\/p><p><span data-ccp-props=\"{}\">\u00a0<\/span><\/p><p><span data-contrast=\"auto\">Le Code n\u2019exige pas une norme de perfection et reconna\u00eet, comme le fait le Coll\u00e8ge, que les gens font des erreurs. Parfois, une approche de r\u00e9solution des probl\u00e8mes informelle est plus efficace\u202f: elle permet de d\u00e9samorcer une situation; d\u2019aider les deux parties \u00e0 adopter une perspective plus saine et plus globale; de comprendre le mal qui peut \u00eatre caus\u00e9 par des interactions apparemment simples; et d\u2019inciter les parties \u00e0 s\u2019engager \u00e0 d\u00e9finir et \u00e0 d\u00e9nouer leur probl\u00e8me plut\u00f4t que de se voir imposer une solution.<\/span><span data-ccp-props=\"{}\">\u00a0<\/span><\/p><p><span data-ccp-props=\"{}\">\u00a0<\/span><\/p><p><span data-contrast=\"auto\">Nous sommes impatient(e)s de recevoir d\u2019autres demandes et de fournir davantage de conseils aux titulaires de permis. Ce processus nous aide notamment \u00e0 cerner les domaines dans lesquels de plus amples renseignements ou analyses pourraient \u00eatre utiles et il contribuera \u00e0 \u00e9clairer notre consultation sur le Code, qui sera lanc\u00e9e au d\u00e9but de\u202f2023.\u00a0<\/span><span data-ccp-props=\"{}\">\u00a0<\/span><\/p>\t\t\t\t\t\t\t\t<\/div>\n\t\t\t\t<\/div>\n\t\t\t\t\t<\/div>\n\t\t<\/div>\n\t\t\t\t\t<\/div>\n\t\t<\/section>\n\t\t\t\t<\/div>\n\t\t","protected":false},"excerpt":{"rendered":"<p>L\u2019analyse qui suit porte sur les r\u00e8gles du Code de d\u00e9ontologie (le \u00ab\u202fCode\u202f\u00bb) qui \u00e9noncent<\/p>\n","protected":false},"author":7,"featured_media":0,"parent":7202,"menu_order":0,"comment_status":"closed","ping_status":"closed","template":"","meta":{"_acf_changed":false,"_monsterinsights_skip_tracking":false,"_monsterinsights_sitenote_active":false,"_monsterinsights_sitenote_note":"","_monsterinsights_sitenote_category":0,"site-sidebar-layout":"no-sidebar","site-content-layout":"page-builder","ast-site-content-layout":"default","site-content-style":"default","site-sidebar-style":"default","ast-global-header-display":"","ast-banner-title-visibility":"","ast-main-header-display":"","ast-hfb-above-header-display":"","ast-hfb-below-header-display":"","ast-hfb-mobile-header-display":"","site-post-title":"disabled","ast-breadcrumbs-content":"","ast-featured-img":"disabled","footer-sml-layout":"","theme-transparent-header-meta":"default","adv-header-id-meta":"","stick-header-meta":"","header-above-stick-meta":"","header-main-stick-meta":"","header-below-stick-meta":"","astra-migrate-meta-layouts":"default","ast-page-background-enabled":"default","ast-page-background-meta":{"desktop":{"background-color":"","background-image":"","background-repeat":"repeat","background-position":"center center","background-size":"auto","background-attachment":"scroll","background-type":"","background-media":"","overlay-type":"","overlay-color":"","overlay-opacity":"","overlay-gradient":""},"tablet":{"background-color":"","background-image":"","background-repeat":"repeat","background-position":"center center","background-size":"auto","background-attachment":"scroll","background-type":"","background-media":"","overlay-type":"","overlay-color":"","overlay-opacity":"","overlay-gradient":""},"mobile":{"background-color":"","background-image":"","background-repeat":"repeat","background-position":"center center","background-size":"auto","background-attachment":"scroll","background-type":"","background-media":"","overlay-type":"","overlay-color":"","overlay-opacity":"","overlay-gradient":""}},"ast-content-background-meta":{"desktop":{"background-color":"var(--ast-global-color-5)","background-image":"","background-repeat":"repeat","background-position":"center center","background-size":"auto","background-attachment":"scroll","background-type":"","background-media":"","overlay-type":"","overlay-color":"","overlay-opacity":"","overlay-gradient":""},"tablet":{"background-color":"var(--ast-global-color-5)","background-image":"","background-repeat":"repeat","background-position":"center center","background-size":"auto","background-attachment":"scroll","background-type":"","background-media":"","overlay-type":"","overlay-color":"","overlay-opacity":"","overlay-gradient":""},"mobile":{"background-color":"var(--ast-global-color-5)","background-image":"","background-repeat":"repeat","background-position":"center center","background-size":"auto","background-attachment":"scroll","background-type":"","background-media":"","overlay-type":"","overlay-color":"","overlay-opacity":"","overlay-gradient":""}},"footnotes":""},"folder":[],"class_list":["post-12432","page","type-page","status-publish","hentry"],"acf":[],"yoast_head":"<!-- This site is optimized with the Yoast SEO plugin v27.2 - https:\/\/yoast.com\/product\/yoast-seo-wordpress\/ -->\n<title>Courtoisie, civilit\u00e9 et bonne foi\u202f: les r\u00e8gles\u202f7 et 8 et la conduite des membres de la profession - CABAMC<\/title>\n<meta name=\"robots\" content=\"index, follow, max-snippet:-1, max-image-preview:large, max-video-preview:-1\" \/>\n<link rel=\"canonical\" href=\"https:\/\/cpata-cabamc.ca\/fr\/votre-profession\/deontologie\/analyses-ethiques-et-recommandations-old\/courtoisie-civilite-et-bonne-foi-les-regles-7-et-8-et-la-conduite-des-membres-de-la-profession\/\" \/>\n<meta property=\"og:locale\" content=\"fr_FR\" \/>\n<meta property=\"og:type\" content=\"article\" \/>\n<meta property=\"og:title\" content=\"Courtoisie, civilit\u00e9 et bonne foi\u202f: les r\u00e8gles\u202f7 et 8 et la conduite des membres de la profession - CABAMC\" \/>\n<meta property=\"og:description\" content=\"L\u2019analyse qui suit porte sur les r\u00e8gles du Code de d\u00e9ontologie (le \u00ab\u202fCode\u202f\u00bb) qui \u00e9noncent\" \/>\n<meta property=\"og:url\" content=\"https:\/\/cpata-cabamc.ca\/fr\/votre-profession\/deontologie\/analyses-ethiques-et-recommandations-old\/courtoisie-civilite-et-bonne-foi-les-regles-7-et-8-et-la-conduite-des-membres-de-la-profession\/\" \/>\n<meta property=\"og:site_name\" content=\"CABAMC\" \/>\n<meta property=\"article:modified_time\" content=\"2023-01-09T15:04:15+00:00\" \/>\n<meta name=\"twitter:card\" content=\"summary_large_image\" \/>\n<meta name=\"twitter:label1\" content=\"Dur\u00e9e de lecture estim\u00e9e\" \/>\n\t<meta name=\"twitter:data1\" content=\"4 minutes\" \/>\n<script type=\"application\/ld+json\" class=\"yoast-schema-graph\">{\"@context\":\"https:\/\/schema.org\",\"@graph\":[{\"@type\":\"WebPage\",\"@id\":\"https:\/\/cpata-cabamc.ca\/fr\/votre-profession\/deontologie\/analyses-ethiques-et-recommandations-old\/courtoisie-civilite-et-bonne-foi-les-regles-7-et-8-et-la-conduite-des-membres-de-la-profession\/\",\"url\":\"https:\/\/cpata-cabamc.ca\/fr\/votre-profession\/deontologie\/analyses-ethiques-et-recommandations-old\/courtoisie-civilite-et-bonne-foi-les-regles-7-et-8-et-la-conduite-des-membres-de-la-profession\/\",\"name\":\"Courtoisie, civilit\u00e9 et bonne foi\u202f: les r\u00e8gles\u202f7 et 8 et la conduite des membres de la profession - CABAMC\",\"isPartOf\":{\"@id\":\"https:\/\/cpata-cabamc.ca\/fr\/#website\"},\"datePublished\":\"2023-01-05T20:42:40+00:00\",\"dateModified\":\"2023-01-09T15:04:15+00:00\",\"breadcrumb\":{\"@id\":\"https:\/\/cpata-cabamc.ca\/fr\/votre-profession\/deontologie\/analyses-ethiques-et-recommandations-old\/courtoisie-civilite-et-bonne-foi-les-regles-7-et-8-et-la-conduite-des-membres-de-la-profession\/#breadcrumb\"},\"inLanguage\":\"fr-FR\",\"potentialAction\":[{\"@type\":\"ReadAction\",\"target\":[\"https:\/\/cpata-cabamc.ca\/fr\/votre-profession\/deontologie\/analyses-ethiques-et-recommandations-old\/courtoisie-civilite-et-bonne-foi-les-regles-7-et-8-et-la-conduite-des-membres-de-la-profession\/\"]}]},{\"@type\":\"BreadcrumbList\",\"@id\":\"https:\/\/cpata-cabamc.ca\/fr\/votre-profession\/deontologie\/analyses-ethiques-et-recommandations-old\/courtoisie-civilite-et-bonne-foi-les-regles-7-et-8-et-la-conduite-des-membres-de-la-profession\/#breadcrumb\",\"itemListElement\":[{\"@type\":\"ListItem\",\"position\":1,\"name\":\"Accueil\",\"item\":\"https:\/\/cpata-cabamc.ca\/fr\/\"},{\"@type\":\"ListItem\",\"position\":2,\"name\":\"Votre profession\",\"item\":\"https:\/\/cpata-cabamc.ca\/fr\/your-practice\/\"},{\"@type\":\"ListItem\",\"position\":3,\"name\":\"D\u00e9ontologie\",\"item\":\"https:\/\/cpata-cabamc.ca\/fr\/your-practice\/professional-conduct\/\"},{\"@type\":\"ListItem\",\"position\":4,\"name\":\"Analyses \u00e9thiques et recommandations (OLD)\",\"item\":\"https:\/\/cpata-cabamc.ca\/fr\/?page_id=6974\"},{\"@type\":\"ListItem\",\"position\":5,\"name\":\"Courtoisie, civilit\u00e9 et bonne foi\u202f: les r\u00e8gles\u202f7 et 8 et la conduite des membres de la profession\"}]},{\"@type\":\"WebSite\",\"@id\":\"https:\/\/cpata-cabamc.ca\/fr\/#website\",\"url\":\"https:\/\/cpata-cabamc.ca\/fr\/\",\"name\":\"CABAMC\",\"description\":\"CABAMC\",\"publisher\":{\"@id\":\"https:\/\/cpata-cabamc.ca\/fr\/#organization\"},\"potentialAction\":[{\"@type\":\"SearchAction\",\"target\":{\"@type\":\"EntryPoint\",\"urlTemplate\":\"https:\/\/cpata-cabamc.ca\/fr\/?s={search_term_string}\"},\"query-input\":{\"@type\":\"PropertyValueSpecification\",\"valueRequired\":true,\"valueName\":\"search_term_string\"}}],\"inLanguage\":\"fr-FR\"},{\"@type\":\"Organization\",\"@id\":\"https:\/\/cpata-cabamc.ca\/fr\/#organization\",\"name\":\"CABAMC\",\"url\":\"https:\/\/cpata-cabamc.ca\/fr\/\",\"logo\":{\"@type\":\"ImageObject\",\"inLanguage\":\"fr-FR\",\"@id\":\"https:\/\/cpata-cabamc.ca\/fr\/#\/schema\/logo\/image\/\",\"url\":\"https:\/\/cpata-cabamc.ca\/wp-content\/uploads\/2021\/02\/Logo-Light-RGB.svg\",\"contentUrl\":\"https:\/\/cpata-cabamc.ca\/wp-content\/uploads\/2021\/02\/Logo-Light-RGB.svg\",\"caption\":\"CABAMC\"},\"image\":{\"@id\":\"https:\/\/cpata-cabamc.ca\/fr\/#\/schema\/logo\/image\/\"}}]}<\/script>\n<!-- \/ Yoast SEO plugin. -->","yoast_head_json":{"title":"Courtoisie, civilit\u00e9 et bonne foi\u202f: les r\u00e8gles\u202f7 et 8 et la conduite des membres de la profession - CABAMC","robots":{"index":"index","follow":"follow","max-snippet":"max-snippet:-1","max-image-preview":"max-image-preview:large","max-video-preview":"max-video-preview:-1"},"canonical":"https:\/\/cpata-cabamc.ca\/fr\/votre-profession\/deontologie\/analyses-ethiques-et-recommandations-old\/courtoisie-civilite-et-bonne-foi-les-regles-7-et-8-et-la-conduite-des-membres-de-la-profession\/","og_locale":"fr_FR","og_type":"article","og_title":"Courtoisie, civilit\u00e9 et bonne foi\u202f: les r\u00e8gles\u202f7 et 8 et la conduite des membres de la profession - CABAMC","og_description":"L\u2019analyse qui suit porte sur les r\u00e8gles du Code de d\u00e9ontologie (le \u00ab\u202fCode\u202f\u00bb) qui \u00e9noncent","og_url":"https:\/\/cpata-cabamc.ca\/fr\/votre-profession\/deontologie\/analyses-ethiques-et-recommandations-old\/courtoisie-civilite-et-bonne-foi-les-regles-7-et-8-et-la-conduite-des-membres-de-la-profession\/","og_site_name":"CABAMC","article_modified_time":"2023-01-09T15:04:15+00:00","twitter_card":"summary_large_image","twitter_misc":{"Dur\u00e9e de lecture estim\u00e9e":"4 minutes"},"schema":{"@context":"https:\/\/schema.org","@graph":[{"@type":"WebPage","@id":"https:\/\/cpata-cabamc.ca\/fr\/votre-profession\/deontologie\/analyses-ethiques-et-recommandations-old\/courtoisie-civilite-et-bonne-foi-les-regles-7-et-8-et-la-conduite-des-membres-de-la-profession\/","url":"https:\/\/cpata-cabamc.ca\/fr\/votre-profession\/deontologie\/analyses-ethiques-et-recommandations-old\/courtoisie-civilite-et-bonne-foi-les-regles-7-et-8-et-la-conduite-des-membres-de-la-profession\/","name":"Courtoisie, civilit\u00e9 et bonne foi\u202f: les r\u00e8gles\u202f7 et 8 et la conduite des membres de la profession - CABAMC","isPartOf":{"@id":"https:\/\/cpata-cabamc.ca\/fr\/#website"},"datePublished":"2023-01-05T20:42:40+00:00","dateModified":"2023-01-09T15:04:15+00:00","breadcrumb":{"@id":"https:\/\/cpata-cabamc.ca\/fr\/votre-profession\/deontologie\/analyses-ethiques-et-recommandations-old\/courtoisie-civilite-et-bonne-foi-les-regles-7-et-8-et-la-conduite-des-membres-de-la-profession\/#breadcrumb"},"inLanguage":"fr-FR","potentialAction":[{"@type":"ReadAction","target":["https:\/\/cpata-cabamc.ca\/fr\/votre-profession\/deontologie\/analyses-ethiques-et-recommandations-old\/courtoisie-civilite-et-bonne-foi-les-regles-7-et-8-et-la-conduite-des-membres-de-la-profession\/"]}]},{"@type":"BreadcrumbList","@id":"https:\/\/cpata-cabamc.ca\/fr\/votre-profession\/deontologie\/analyses-ethiques-et-recommandations-old\/courtoisie-civilite-et-bonne-foi-les-regles-7-et-8-et-la-conduite-des-membres-de-la-profession\/#breadcrumb","itemListElement":[{"@type":"ListItem","position":1,"name":"Accueil","item":"https:\/\/cpata-cabamc.ca\/fr\/"},{"@type":"ListItem","position":2,"name":"Votre profession","item":"https:\/\/cpata-cabamc.ca\/fr\/your-practice\/"},{"@type":"ListItem","position":3,"name":"D\u00e9ontologie","item":"https:\/\/cpata-cabamc.ca\/fr\/your-practice\/professional-conduct\/"},{"@type":"ListItem","position":4,"name":"Analyses \u00e9thiques et recommandations (OLD)","item":"https:\/\/cpata-cabamc.ca\/fr\/?page_id=6974"},{"@type":"ListItem","position":5,"name":"Courtoisie, civilit\u00e9 et bonne foi\u202f: les r\u00e8gles\u202f7 et 8 et la conduite des membres de la profession"}]},{"@type":"WebSite","@id":"https:\/\/cpata-cabamc.ca\/fr\/#website","url":"https:\/\/cpata-cabamc.ca\/fr\/","name":"CABAMC","description":"CABAMC","publisher":{"@id":"https:\/\/cpata-cabamc.ca\/fr\/#organization"},"potentialAction":[{"@type":"SearchAction","target":{"@type":"EntryPoint","urlTemplate":"https:\/\/cpata-cabamc.ca\/fr\/?s={search_term_string}"},"query-input":{"@type":"PropertyValueSpecification","valueRequired":true,"valueName":"search_term_string"}}],"inLanguage":"fr-FR"},{"@type":"Organization","@id":"https:\/\/cpata-cabamc.ca\/fr\/#organization","name":"CABAMC","url":"https:\/\/cpata-cabamc.ca\/fr\/","logo":{"@type":"ImageObject","inLanguage":"fr-FR","@id":"https:\/\/cpata-cabamc.ca\/fr\/#\/schema\/logo\/image\/","url":"https:\/\/cpata-cabamc.ca\/wp-content\/uploads\/2021\/02\/Logo-Light-RGB.svg","contentUrl":"https:\/\/cpata-cabamc.ca\/wp-content\/uploads\/2021\/02\/Logo-Light-RGB.svg","caption":"CABAMC"},"image":{"@id":"https:\/\/cpata-cabamc.ca\/fr\/#\/schema\/logo\/image\/"}}]}},"_links":{"self":[{"href":"https:\/\/cpata-cabamc.ca\/fr\/wp-json\/wp\/v2\/pages\/12432","targetHints":{"allow":["GET"]}}],"collection":[{"href":"https:\/\/cpata-cabamc.ca\/fr\/wp-json\/wp\/v2\/pages"}],"about":[{"href":"https:\/\/cpata-cabamc.ca\/fr\/wp-json\/wp\/v2\/types\/page"}],"author":[{"embeddable":true,"href":"https:\/\/cpata-cabamc.ca\/fr\/wp-json\/wp\/v2\/users\/7"}],"replies":[{"embeddable":true,"href":"https:\/\/cpata-cabamc.ca\/fr\/wp-json\/wp\/v2\/comments?post=12432"}],"version-history":[{"count":0,"href":"https:\/\/cpata-cabamc.ca\/fr\/wp-json\/wp\/v2\/pages\/12432\/revisions"}],"up":[{"embeddable":true,"href":"https:\/\/cpata-cabamc.ca\/fr\/wp-json\/wp\/v2\/pages\/7202"}],"wp:attachment":[{"href":"https:\/\/cpata-cabamc.ca\/fr\/wp-json\/wp\/v2\/media?parent=12432"}],"wp:term":[{"taxonomy":"folder","embeddable":true,"href":"https:\/\/cpata-cabamc.ca\/fr\/wp-json\/wp\/v2\/folder?post=12432"}],"curies":[{"name":"wp","href":"https:\/\/api.w.org\/{rel}","templated":true}]}}