{"id":10783,"date":"2022-09-04T22:32:46","date_gmt":"2022-09-04T22:32:46","guid":{"rendered":"https:\/\/cpatacabamcdev.wpengine.com\/?page_id=10783"},"modified":"2025-10-15T15:25:55","modified_gmt":"2025-10-15T15:25:55","slug":"protection-des-renseignements-personnels-et-acces-a-linformation","status":"publish","type":"page","link":"https:\/\/cpata-cabamc.ca\/fr\/a-propos-de-nous\/rapports\/protection-des-renseignements-personnels-et-acces-a-linformation\/","title":{"rendered":"Protection des renseignements personnels et acc\u00e8s \u00e0 l\u2019information"},"content":{"rendered":"\t\t<div data-elementor-type=\"wp-page\" data-elementor-id=\"10783\" class=\"elementor elementor-10783 elementor-10776\" data-elementor-post-type=\"page\">\n\t\t\t\t\t\t<section class=\"elementor-section elementor-top-section elementor-element elementor-element-5b94a79 elementor-section-boxed elementor-section-height-default elementor-section-height-default\" data-id=\"5b94a79\" data-element_type=\"section\" data-e-type=\"section\">\n\t\t\t\t\t\t<div class=\"elementor-container elementor-column-gap-default\">\n\t\t\t\t\t<div class=\"elementor-column elementor-col-100 elementor-top-column elementor-element elementor-element-1999013\" data-id=\"1999013\" data-element_type=\"column\" data-e-type=\"column\">\n\t\t\t<div class=\"elementor-widget-wrap elementor-element-populated\">\n\t\t\t\t\t\t<div class=\"elementor-element elementor-element-8de3aac elementor-widget elementor-widget-text-editor\" data-id=\"8de3aac\" data-element_type=\"widget\" data-e-type=\"widget\" data-widget_type=\"text-editor.default\">\n\t\t\t\t<div class=\"elementor-widget-container\">\n\t\t\t\t\t\t\t\t\t<p><span style=\"font-weight: 400;\">En tant qu\u2019organisme de r\u00e9glementation professionnelle ind\u00e9pendant, le CABAMC respecte la confidentialit\u00e9 des renseignements personnels et le droit \u00e0 la vie priv\u00e9e de ses titulaires de permis et des visiteurs de son site\u00a0Web. Le Coll\u00e8ge est juridiquement contraint de prot\u00e9ger vos renseignements personnels conform\u00e9ment \u00e0 la <\/span><i><span style=\"font-weight: 400;\">Loi sur la protection des renseignements personnels<\/span><\/i><span style=\"font-weight: 400;\">, la<\/span><i><span style=\"font-weight: 400;\"> Loi sur le Coll\u00e8ge des agents de brevets et des agents de marques de commerce<\/span><\/i><span style=\"font-weight: 400;\"> (la Loi sur le CABAMC) et d\u2019autres lois applicables.<\/span><\/p>\t\t\t\t\t\t\t\t<\/div>\n\t\t\t\t<\/div>\n\t\t\t\t<div class=\"elementor-element elementor-element-19f0b30 elementor-widget elementor-widget-text-editor\" data-id=\"19f0b30\" data-element_type=\"widget\" data-e-type=\"widget\" data-widget_type=\"text-editor.default\">\n\t\t\t\t<div class=\"elementor-widget-container\">\n\t\t\t\t\t\t\t\t\t<p><a href=\"https:\/\/cpata-cabamc.ca\/fr\/a-propos-de-nous\/confidentialite\/declaration-de-confidentialite-publique\/\"><span style=\"font-weight: 400;\">\u00c9nonc\u00e9 sur la protection des renseignements personnels des visiteurs de notre site\u00a0Web<\/span><\/a><\/p><p><a href=\"https:\/\/cpata-cabamc.ca\/fr\/a-propos-de-nous\/confidentialite\/declaration-de-confidentialite-agent\/\"><span style=\"font-weight: 400;\">\u00c9nonc\u00e9 sur la protection des renseignements personnels des agents<\/span><\/a><\/p>\t\t\t\t\t\t\t\t<\/div>\n\t\t\t\t<\/div>\n\t\t\t\t<div class=\"elementor-element elementor-element-2c158a1 elementor-widget elementor-widget-heading\" data-id=\"2c158a1\" data-element_type=\"widget\" data-e-type=\"widget\" data-widget_type=\"heading.default\">\n\t\t\t\t<div class=\"elementor-widget-container\">\n\t\t\t\t\t<h2 class=\"elementor-heading-title elementor-size-default\">R\u00e9sum\u00e9 de l\u2019\u00e9valuation des facteurs relatifs \u00e0 la vie priv\u00e9e <\/h2>\t\t\t\t<\/div>\n\t\t\t\t<\/div>\n\t\t\t\t<div class=\"elementor-element elementor-element-6e02d54 elementor-widget elementor-widget-text-editor\" data-id=\"6e02d54\" data-element_type=\"widget\" data-e-type=\"widget\" data-widget_type=\"text-editor.default\">\n\t\t\t\t<div class=\"elementor-widget-container\">\n\t\t\t\t\t\t\t\t\t<p><span class=\"TextRun SCXW6328604 BCX0\" lang=\"EN-US\" xml:lang=\"EN-US\" data-contrast=\"auto\"><span class=\"NormalTextRun SCXW6328604 BCX0\">Le CABAMC <\/span><span class=\"NormalTextRun SpellingErrorV2Themed SCXW6328604 BCX0\">m\u00e8ne<\/span><span class=\"NormalTextRun SCXW6328604 BCX0\"> des <\/span><span class=\"NormalTextRun SpellingErrorV2Themed SCXW6328604 BCX0\">\u00e9valuations<\/span><span class=\"NormalTextRun SCXW6328604 BCX0\"> des <\/span><span class=\"NormalTextRun SpellingErrorV2Themed SCXW6328604 BCX0\">facteurs<\/span> <span class=\"NormalTextRun SpellingErrorV2Themed SCXW6328604 BCX0\">relatifs<\/span><span class=\"NormalTextRun SCXW6328604 BCX0\"> \u00e0 la vie <\/span><span class=\"NormalTextRun SpellingErrorV2Themed SCXW6328604 BCX0\">priv\u00e9e<\/span><span class=\"NormalTextRun SCXW6328604 BCX0\"> (EFVP) pour <\/span><span class=\"NormalTextRun SpellingErrorV2Themed SCXW6328604 BCX0\">d\u00e9terminer<\/span><span class=\"NormalTextRun SCXW6328604 BCX0\"> les <\/span><span class=\"NormalTextRun SpellingErrorV2Themed SCXW6328604 BCX0\">risques<\/span> <span class=\"NormalTextRun SpellingErrorV2Themed SCXW6328604 BCX0\">d\u2019atteinte<\/span><span class=\"NormalTextRun SCXW6328604 BCX0\"> \u00e0 la vie <\/span><span class=\"NormalTextRun SpellingErrorV2Themed SCXW6328604 BCX0\">priv\u00e9e<\/span><span class=\"NormalTextRun SCXW6328604 BCX0\"> qui <\/span><span class=\"NormalTextRun SpellingErrorV2Themed SCXW6328604 BCX0\">pourraient<\/span> <span class=\"NormalTextRun SpellingErrorV2Themed SCXW6328604 BCX0\">d\u00e9couler<\/span><span class=\"NormalTextRun SCXW6328604 BCX0\"> de <\/span><span class=\"NormalTextRun SpellingErrorV2Themed SCXW6328604 BCX0\">ses<\/span> <span class=\"NormalTextRun SpellingErrorV2Themed SCXW6328604 BCX0\">programmes<\/span> <span class=\"NormalTextRun SpellingErrorV2Themed SCXW6328604 BCX0\">ou<\/span><span class=\"NormalTextRun SCXW6328604 BCX0\"> services nouveaux <\/span><span class=\"NormalTextRun SpellingErrorV2Themed SCXW6328604 BCX0\">ou<\/span> <span class=\"NormalTextRun SpellingErrorV2Themed SCXW6328604 BCX0\">remani\u00e9s<\/span><span class=\"NormalTextRun SCXW6328604 BCX0\">.<\/span><\/span><span class=\"EOP SCXW6328604 BCX0\" data-ccp-props=\"{&quot;201341983&quot;:0,&quot;335559739&quot;:160,&quot;335559740&quot;:259}\">\u00a0<\/span><\/p><p><a href=\"https:\/\/cpata-cabamc.ca\/wp-content\/uploads\/2023\/12\/Resume-de-levaluation-des-facteurs-relatifs-a-la-vie-privee.pdf\">\u00c9valuation des facteurs relatifs \u00e0 la vie priv\u00e9e concernant l\u2019entr\u00e9e en vigueur du CABAMC<\/a><\/p>\t\t\t\t\t\t\t\t<\/div>\n\t\t\t\t<\/div>\n\t\t\t\t<div class=\"elementor-element elementor-element-8d8110b elementor-widget elementor-widget-heading\" data-id=\"8d8110b\" data-element_type=\"widget\" data-e-type=\"widget\" data-widget_type=\"heading.default\">\n\t\t\t\t<div class=\"elementor-widget-container\">\n\t\t\t\t\t<h2 class=\"elementor-heading-title elementor-size-default\">Loi sur l\u2019acc\u00e8s \u00e0 l\u2019information  <\/h2>\t\t\t\t<\/div>\n\t\t\t\t<\/div>\n\t\t\t\t<div class=\"elementor-element elementor-element-dfb41c5 elementor-widget elementor-widget-text-editor\" data-id=\"dfb41c5\" data-element_type=\"widget\" data-e-type=\"widget\" data-widget_type=\"text-editor.default\">\n\t\t\t\t<div class=\"elementor-widget-container\">\n\t\t\t\t\t\t\t\t\t<p><span class=\"TextRun SCXW69806976 BCX0\" lang=\"FR-CA\" xml:lang=\"FR-CA\" data-contrast=\"none\"><span class=\"NormalTextRun SCXW69806976 BCX0\">La\u202f<\/span><\/span><a class=\"Hyperlink SCXW69806976 BCX0\" href=\"http:\/\/laws-lois.justice.gc.ca\/fra\/lois\/A-1\/\" target=\"_blank\" rel=\"noreferrer noopener\"><span class=\"TextRun Underlined SCXW69806976 BCX0\" lang=\"FR-CA\" xml:lang=\"FR-CA\" data-contrast=\"none\"><span class=\"NormalTextRun SCXW69806976 BCX0\" data-ccp-charstyle=\"Hyperlink\">Loi sur l&rsquo;acc\u00e8s \u00e0 l&rsquo;information<\/span><\/span><\/a><span class=\"TextRun SCXW69806976 BCX0\" lang=\"FR-CA\" xml:lang=\"FR-CA\" data-contrast=\"none\"><span class=\"NormalTextRun SCXW69806976 BCX0\">\u202fdonne un droit d&rsquo;acc\u00e8s aux documents\u202f\u2014 sous toutes les formes\u202f\u2014 sous le contr\u00f4le d&rsquo;organisations gouvernementales et vis\u00e9s par certaines exceptions sp\u00e9cifiques et limit\u00e9es\u202f\u2014 aux citoyens et r\u00e9sidents permanents du Canada, ainsi qu&rsquo;\u00e0 d&rsquo;autres personnes pr\u00e9sentes au Canada. La Loi confirme le principe suivant lequel l&rsquo;information gouvernementale devrait \u00eatre accessible au public, que les exceptions au droit d&rsquo;acc\u00e8s devraient \u00eatre limit\u00e9es et sp\u00e9cifiques, et que les d\u00e9cisions relatives \u00e0 la communication de l&rsquo;information gouvernementale devraient \u00eatre examin\u00e9es ind\u00e9pendamment du gouvernement.<\/span><\/span><span class=\"EOP SCXW69806976 BCX0\" data-ccp-props=\"{&quot;134233117&quot;:false,&quot;134233118&quot;:false,&quot;201341983&quot;:0,&quot;335559738&quot;:0,&quot;335559739&quot;:173,&quot;335559740&quot;:240}\">\u00a0<\/span><\/p>\t\t\t\t\t\t\t\t<\/div>\n\t\t\t\t<\/div>\n\t\t\t\t<div class=\"elementor-element elementor-element-963c6f7 elementor-widget elementor-widget-text-editor\" data-id=\"963c6f7\" data-element_type=\"widget\" data-e-type=\"widget\" data-widget_type=\"text-editor.default\">\n\t\t\t\t<div class=\"elementor-widget-container\">\n\t\t\t\t\t\t\t\t\t<p><strong><span class=\"TextRun SCXW128328213 BCX0\" lang=\"EN-US\" xml:lang=\"EN-US\" data-contrast=\"auto\"><span class=\"NormalTextRun SCXW128328213 BCX0\">Loi sur <\/span><span class=\"NormalTextRun SpellingErrorV2Themed SCXW128328213 BCX0\">l\u2019acc\u00e8s<\/span><span class=\"NormalTextRun SCXW128328213 BCX0\"> \u00e0 <\/span><span class=\"NormalTextRun SpellingErrorV2Themed SCXW128328213 BCX0\">l\u2019information<\/span><span class=\"NormalTextRun SCXW128328213 BCX0\"> &#8211; Rapports <\/span><span class=\"NormalTextRun SpellingErrorV2Themed SCXW128328213 BCX0\">annuels<\/span><\/span><span class=\"EOP SCXW128328213 BCX0\" data-ccp-props=\"{&quot;201341983&quot;:0,&quot;335559739&quot;:160,&quot;335559740&quot;:259}\">\u00a0<\/span><\/strong><\/p><p><a href=\"https:\/\/cpata-cabamc.ca\/wp-content\/uploads\/2025\/10\/Rapport-annuel-2024-2025-sur-la-LAI.pdf\" target=\"_blank\" rel=\"noopener\">Loi sur l&rsquo;acc\u00e8s \u00e0 l&rsquo;information &#8211; Rapport annuel 2024-2025<\/a><\/p><p><a href=\"https:\/\/cpata-cabamc.ca\/wp-content\/uploads\/2024\/10\/Rapport-annuel-2023-2024-sur-la-LAI.pdf\" target=\"_blank\" rel=\"noopener\">Loi sur l&rsquo;acc\u00e8s \u00e0 l&rsquo;information &#8211; Rapport annuel 2023-2024<\/a><\/p><p><a href=\"https:\/\/cpata-cabamc.ca\/wp-content\/uploads\/2023\/10\/Rapport-annuel-2022-2023-sur-la-LAI-du-CABAMC.pdf\" target=\"_blank\" rel=\"noopener\">Loi sur l&rsquo;acc\u00e8s \u00e0 l&rsquo;information &#8211; Rapport annuel 2022-2023<\/a><\/p><p style=\"font-weight: 400;\"><a href=\"https:\/\/cpata-cabamc.ca\/wp-content\/uploads\/2022\/10\/2021-2022-CPATA-ATI-Annual-Report-1-1.pdf\" target=\"_blank\" rel=\"noopener\">Loi sur l\u2019acc\u00e8s \u00e0 l\u2019information &#8211; Rapport annuel 2021-2022<\/a><\/p>\t\t\t\t\t\t\t\t<\/div>\n\t\t\t\t<\/div>\n\t\t\t\t<div class=\"elementor-element elementor-element-7462e6c elementor-widget elementor-widget-heading\" data-id=\"7462e6c\" data-element_type=\"widget\" data-e-type=\"widget\" data-widget_type=\"heading.default\">\n\t\t\t\t<div class=\"elementor-widget-container\">\n\t\t\t\t\t<h2 class=\"elementor-heading-title elementor-size-default\">Loi sur la protection des renseignements personnels <\/h2>\t\t\t\t<\/div>\n\t\t\t\t<\/div>\n\t\t\t\t<div class=\"elementor-element elementor-element-36bba23 elementor-widget elementor-widget-text-editor\" data-id=\"36bba23\" data-element_type=\"widget\" data-e-type=\"widget\" data-widget_type=\"text-editor.default\">\n\t\t\t\t<div class=\"elementor-widget-container\">\n\t\t\t\t\t\t\t\t\t<p><span class=\"TextRun SCXW215948173 BCX0\" lang=\"FR-CA\" xml:lang=\"FR-CA\" data-contrast=\"none\"><span class=\"NormalTextRun SCXW215948173 BCX0\">La<em>\u202f<\/em><\/span><\/span><a class=\"Hyperlink SCXW215948173 BCX0\" href=\"http:\/\/laws-lois.justice.gc.ca\/fra\/lois\/P-21\/\" target=\"_blank\" rel=\"noreferrer noopener\"><span class=\"TextRun Underlined SCXW215948173 BCX0\" lang=\"FR-CA\" xml:lang=\"FR-CA\" data-contrast=\"none\"><span class=\"NormalTextRun SCXW215948173 BCX0\" data-ccp-charstyle=\"Hyperlink\"><em>Loi sur la protection des renseignements personnels<\/em><\/span><\/span><\/a><span class=\"TextRun SCXW215948173 BCX0\" lang=\"FR-CA\" xml:lang=\"FR-CA\" data-contrast=\"none\"><span class=\"NormalTextRun SCXW215948173 BCX0\">\u202fvise \u00e0 prot\u00e9ger la vie priv\u00e9e des gens en rapport avec les renseignements personnels d\u00e9tenus par une organisation gouvernementale \u00e0 leur sujet et \u00e0 donner aux gens le droit d&rsquo;acc\u00e8s \u00e0 l&rsquo;information personnelle les concernant. Cette Loi donne aux gens un droit fondamental de savoir pourquoi l&rsquo;information les concernant est recueillie par le gouvernement, comment elle sera utilis\u00e9e, combien de temps elle sera conserv\u00e9e et qui y aura acc\u00e8s. En outre, en vertu de cette Loi, les gens ont le droit de demander la correction des renseignements personnels, dans le cas o\u00f9 ils pensent qu&rsquo;il y a erreur ou omission.<\/span><\/span><span class=\"EOP SCXW215948173 BCX0\" data-ccp-props=\"{&quot;134233117&quot;:false,&quot;134233118&quot;:false,&quot;201341983&quot;:0,&quot;335559738&quot;:0,&quot;335559739&quot;:173,&quot;335559740&quot;:240}\">\u00a0<\/span><\/p>\t\t\t\t\t\t\t\t<\/div>\n\t\t\t\t<\/div>\n\t\t\t\t<div class=\"elementor-element elementor-element-bbc05c7 elementor-widget elementor-widget-text-editor\" data-id=\"bbc05c7\" data-element_type=\"widget\" data-e-type=\"widget\" data-widget_type=\"text-editor.default\">\n\t\t\t\t<div class=\"elementor-widget-container\">\n\t\t\t\t\t\t\t\t\t<p><strong>Loi sur la protection des renseignements personnels &#8211; Rapports annuels<\/strong><\/p><p><a href=\"https:\/\/cpata-cabamc.ca\/wp-content\/uploads\/2025\/10\/Rapport-annuel-2024-2025-sur-la-LPRP.pdf\" target=\"_blank\" rel=\"noopener\">Loi sur la protection des renseignements personnels &#8211; Rapport annuel 2024-2025<\/a><\/p><p><a href=\"https:\/\/cpata-cabamc.ca\/wp-content\/uploads\/2024\/10\/Rapport-annuel-2023-2024-sur-la-LPRP.pdf\" target=\"_blank\" rel=\"noopener\">Loi sur la protection des renseignements personnels &#8211; Rapport annuel 2023-2024<\/a><\/p><p><a href=\"https:\/\/cpata-cabamc.ca\/wp-content\/uploads\/2023\/10\/Rapport-annuel-2022-2023-sur-la-LPRP-du-CABAMC.pdf\" target=\"_blank\" rel=\"noopener\">Loi sur la protection des renseignements personnels &#8211; Rapport annuel 2022-2023<\/a><\/p><p><a href=\"https:\/\/cpata-cabamc.ca\/wp-content\/uploads\/2022\/10\/2021-2022-CPATA-Privacy-Annual-Report-1.pdf\" target=\"_blank\" rel=\"noopener\">Loi sur la protection des renseignements personnels &#8211; Rapport annuel 2021-2022<\/a><\/p>\t\t\t\t\t\t\t\t<\/div>\n\t\t\t\t<\/div>\n\t\t\t\t\t<\/div>\n\t\t<\/div>\n\t\t\t\t\t<\/div>\n\t\t<\/section>\n\t\t\t\t<\/div>\n\t\t","protected":false},"excerpt":{"rendered":"<p>En tant qu\u2019organisme de r\u00e9glementation professionnelle ind\u00e9pendant, le CABAMC respecte la confidentialit\u00e9 des renseignements personnels<\/p>\n","protected":false},"author":6,"featured_media":0,"parent":3478,"menu_order":0,"comment_status":"closed","ping_status":"closed","template":"","meta":{"_acf_changed":false,"_monsterinsights_skip_tracking":false,"_monsterinsights_sitenote_active":false,"_monsterinsights_sitenote_note":"","_monsterinsights_sitenote_category":0,"site-sidebar-layout":"no-sidebar","site-content-layout":"page-builder","ast-site-content-layout":"default","site-content-style":"default","site-sidebar-style":"default","ast-global-header-display":"","ast-banner-title-visibility":"","ast-main-header-display":"","ast-hfb-above-header-display":"","ast-hfb-below-header-display":"","ast-hfb-mobile-header-display":"","site-post-title":"disabled","ast-breadcrumbs-content":"","ast-featured-img":"disabled","footer-sml-layout":"","theme-transparent-header-meta":"","adv-header-id-meta":"","stick-header-meta":"","header-above-stick-meta":"","header-main-stick-meta":"","header-below-stick-meta":"","astra-migrate-meta-layouts":"default","ast-page-background-enabled":"default","ast-page-background-meta":{"desktop":{"background-color":"","background-image":"","background-repeat":"repeat","background-position":"center center","background-size":"auto","background-attachment":"scroll","background-type":"","background-media":"","overlay-type":"","overlay-color":"","overlay-opacity":"","overlay-gradient":""},"tablet":{"background-color":"","background-image":"","background-repeat":"repeat","background-position":"center center","background-size":"auto","background-attachment":"scroll","background-type":"","background-media":"","overlay-type":"","overlay-color":"","overlay-opacity":"","overlay-gradient":""},"mobile":{"background-color":"","background-image":"","background-repeat":"repeat","background-position":"center center","background-size":"auto","background-attachment":"scroll","background-type":"","background-media":"","overlay-type":"","overlay-color":"","overlay-opacity":"","overlay-gradient":""}},"ast-content-background-meta":{"desktop":{"background-color":"var(--ast-global-color-5)","background-image":"","background-repeat":"repeat","background-position":"center center","background-size":"auto","background-attachment":"scroll","background-type":"","background-media":"","overlay-type":"","overlay-color":"","overlay-opacity":"","overlay-gradient":""},"tablet":{"background-color":"var(--ast-global-color-5)","background-image":"","background-repeat":"repeat","background-position":"center center","background-size":"auto","background-attachment":"scroll","background-type":"","background-media":"","overlay-type":"","overlay-color":"","overlay-opacity":"","overlay-gradient":""},"mobile":{"background-color":"var(--ast-global-color-5)","background-image":"","background-repeat":"repeat","background-position":"center center","background-size":"auto","background-attachment":"scroll","background-type":"","background-media":"","overlay-type":"","overlay-color":"","overlay-opacity":"","overlay-gradient":""}},"footnotes":""},"folder":[],"class_list":["post-10783","page","type-page","status-publish","hentry"],"acf":[],"yoast_head":"<!-- This site is optimized with the Yoast SEO plugin v27.2 - https:\/\/yoast.com\/product\/yoast-seo-wordpress\/ -->\n<title>Protection des renseignements personnels et acc\u00e8s \u00e0 l\u2019information - CABAMC<\/title>\n<meta name=\"robots\" content=\"index, follow, max-snippet:-1, max-image-preview:large, max-video-preview:-1\" \/>\n<link rel=\"canonical\" href=\"https:\/\/cpata-cabamc.ca\/fr\/a-propos-de-nous\/rapports\/protection-des-renseignements-personnels-et-acces-a-linformation\/\" \/>\n<meta property=\"og:locale\" content=\"fr_FR\" \/>\n<meta property=\"og:type\" content=\"article\" \/>\n<meta property=\"og:title\" content=\"Protection des renseignements personnels et acc\u00e8s \u00e0 l\u2019information - CABAMC\" \/>\n<meta property=\"og:description\" content=\"En tant qu\u2019organisme de r\u00e9glementation professionnelle ind\u00e9pendant, le CABAMC respecte la confidentialit\u00e9 des renseignements personnels\" \/>\n<meta property=\"og:url\" content=\"https:\/\/cpata-cabamc.ca\/fr\/a-propos-de-nous\/rapports\/protection-des-renseignements-personnels-et-acces-a-linformation\/\" \/>\n<meta property=\"og:site_name\" content=\"CABAMC\" \/>\n<meta property=\"article:modified_time\" content=\"2025-10-15T15:25:55+00:00\" \/>\n<meta name=\"twitter:card\" content=\"summary_large_image\" \/>\n<meta name=\"twitter:label1\" content=\"Dur\u00e9e de lecture estim\u00e9e\" \/>\n\t<meta name=\"twitter:data1\" content=\"3 minutes\" \/>\n<script type=\"application\/ld+json\" class=\"yoast-schema-graph\">{\"@context\":\"https:\/\/schema.org\",\"@graph\":[{\"@type\":\"WebPage\",\"@id\":\"https:\/\/cpata-cabamc.ca\/fr\/a-propos-de-nous\/rapports\/protection-des-renseignements-personnels-et-acces-a-linformation\/\",\"url\":\"https:\/\/cpata-cabamc.ca\/fr\/a-propos-de-nous\/rapports\/protection-des-renseignements-personnels-et-acces-a-linformation\/\",\"name\":\"Protection des renseignements personnels et acc\u00e8s \u00e0 l\u2019information - CABAMC\",\"isPartOf\":{\"@id\":\"https:\/\/cpata-cabamc.ca\/fr\/#website\"},\"datePublished\":\"2022-09-04T22:32:46+00:00\",\"dateModified\":\"2025-10-15T15:25:55+00:00\",\"breadcrumb\":{\"@id\":\"https:\/\/cpata-cabamc.ca\/fr\/a-propos-de-nous\/rapports\/protection-des-renseignements-personnels-et-acces-a-linformation\/#breadcrumb\"},\"inLanguage\":\"fr-FR\",\"potentialAction\":[{\"@type\":\"ReadAction\",\"target\":[\"https:\/\/cpata-cabamc.ca\/fr\/a-propos-de-nous\/rapports\/protection-des-renseignements-personnels-et-acces-a-linformation\/\"]}]},{\"@type\":\"BreadcrumbList\",\"@id\":\"https:\/\/cpata-cabamc.ca\/fr\/a-propos-de-nous\/rapports\/protection-des-renseignements-personnels-et-acces-a-linformation\/#breadcrumb\",\"itemListElement\":[{\"@type\":\"ListItem\",\"position\":1,\"name\":\"Accueil\",\"item\":\"https:\/\/cpata-cabamc.ca\/fr\/\"},{\"@type\":\"ListItem\",\"position\":2,\"name\":\"\u00c0 propos de nous\",\"item\":\"https:\/\/cpata-cabamc.ca\/fr\/about-us\/\"},{\"@type\":\"ListItem\",\"position\":3,\"name\":\"Rapports\",\"item\":\"https:\/\/cpata-cabamc.ca\/fr\/about-us\/reports\/\"},{\"@type\":\"ListItem\",\"position\":4,\"name\":\"Protection des renseignements personnels et acc\u00e8s \u00e0 l\u2019information\"}]},{\"@type\":\"WebSite\",\"@id\":\"https:\/\/cpata-cabamc.ca\/fr\/#website\",\"url\":\"https:\/\/cpata-cabamc.ca\/fr\/\",\"name\":\"CABAMC\",\"description\":\"CABAMC\",\"publisher\":{\"@id\":\"https:\/\/cpata-cabamc.ca\/fr\/#organization\"},\"potentialAction\":[{\"@type\":\"SearchAction\",\"target\":{\"@type\":\"EntryPoint\",\"urlTemplate\":\"https:\/\/cpata-cabamc.ca\/fr\/?s={search_term_string}\"},\"query-input\":{\"@type\":\"PropertyValueSpecification\",\"valueRequired\":true,\"valueName\":\"search_term_string\"}}],\"inLanguage\":\"fr-FR\"},{\"@type\":\"Organization\",\"@id\":\"https:\/\/cpata-cabamc.ca\/fr\/#organization\",\"name\":\"CABAMC\",\"url\":\"https:\/\/cpata-cabamc.ca\/fr\/\",\"logo\":{\"@type\":\"ImageObject\",\"inLanguage\":\"fr-FR\",\"@id\":\"https:\/\/cpata-cabamc.ca\/fr\/#\/schema\/logo\/image\/\",\"url\":\"https:\/\/cpata-cabamc.ca\/wp-content\/uploads\/2021\/02\/Logo-Light-RGB.svg\",\"contentUrl\":\"https:\/\/cpata-cabamc.ca\/wp-content\/uploads\/2021\/02\/Logo-Light-RGB.svg\",\"caption\":\"CABAMC\"},\"image\":{\"@id\":\"https:\/\/cpata-cabamc.ca\/fr\/#\/schema\/logo\/image\/\"}}]}<\/script>\n<!-- \/ Yoast SEO plugin. -->","yoast_head_json":{"title":"Protection des renseignements personnels et acc\u00e8s \u00e0 l\u2019information - CABAMC","robots":{"index":"index","follow":"follow","max-snippet":"max-snippet:-1","max-image-preview":"max-image-preview:large","max-video-preview":"max-video-preview:-1"},"canonical":"https:\/\/cpata-cabamc.ca\/fr\/a-propos-de-nous\/rapports\/protection-des-renseignements-personnels-et-acces-a-linformation\/","og_locale":"fr_FR","og_type":"article","og_title":"Protection des renseignements personnels et acc\u00e8s \u00e0 l\u2019information - CABAMC","og_description":"En tant qu\u2019organisme de r\u00e9glementation professionnelle ind\u00e9pendant, le CABAMC respecte la confidentialit\u00e9 des renseignements personnels","og_url":"https:\/\/cpata-cabamc.ca\/fr\/a-propos-de-nous\/rapports\/protection-des-renseignements-personnels-et-acces-a-linformation\/","og_site_name":"CABAMC","article_modified_time":"2025-10-15T15:25:55+00:00","twitter_card":"summary_large_image","twitter_misc":{"Dur\u00e9e de lecture estim\u00e9e":"3 minutes"},"schema":{"@context":"https:\/\/schema.org","@graph":[{"@type":"WebPage","@id":"https:\/\/cpata-cabamc.ca\/fr\/a-propos-de-nous\/rapports\/protection-des-renseignements-personnels-et-acces-a-linformation\/","url":"https:\/\/cpata-cabamc.ca\/fr\/a-propos-de-nous\/rapports\/protection-des-renseignements-personnels-et-acces-a-linformation\/","name":"Protection des renseignements personnels et acc\u00e8s \u00e0 l\u2019information - CABAMC","isPartOf":{"@id":"https:\/\/cpata-cabamc.ca\/fr\/#website"},"datePublished":"2022-09-04T22:32:46+00:00","dateModified":"2025-10-15T15:25:55+00:00","breadcrumb":{"@id":"https:\/\/cpata-cabamc.ca\/fr\/a-propos-de-nous\/rapports\/protection-des-renseignements-personnels-et-acces-a-linformation\/#breadcrumb"},"inLanguage":"fr-FR","potentialAction":[{"@type":"ReadAction","target":["https:\/\/cpata-cabamc.ca\/fr\/a-propos-de-nous\/rapports\/protection-des-renseignements-personnels-et-acces-a-linformation\/"]}]},{"@type":"BreadcrumbList","@id":"https:\/\/cpata-cabamc.ca\/fr\/a-propos-de-nous\/rapports\/protection-des-renseignements-personnels-et-acces-a-linformation\/#breadcrumb","itemListElement":[{"@type":"ListItem","position":1,"name":"Accueil","item":"https:\/\/cpata-cabamc.ca\/fr\/"},{"@type":"ListItem","position":2,"name":"\u00c0 propos de nous","item":"https:\/\/cpata-cabamc.ca\/fr\/about-us\/"},{"@type":"ListItem","position":3,"name":"Rapports","item":"https:\/\/cpata-cabamc.ca\/fr\/about-us\/reports\/"},{"@type":"ListItem","position":4,"name":"Protection des renseignements personnels et acc\u00e8s \u00e0 l\u2019information"}]},{"@type":"WebSite","@id":"https:\/\/cpata-cabamc.ca\/fr\/#website","url":"https:\/\/cpata-cabamc.ca\/fr\/","name":"CABAMC","description":"CABAMC","publisher":{"@id":"https:\/\/cpata-cabamc.ca\/fr\/#organization"},"potentialAction":[{"@type":"SearchAction","target":{"@type":"EntryPoint","urlTemplate":"https:\/\/cpata-cabamc.ca\/fr\/?s={search_term_string}"},"query-input":{"@type":"PropertyValueSpecification","valueRequired":true,"valueName":"search_term_string"}}],"inLanguage":"fr-FR"},{"@type":"Organization","@id":"https:\/\/cpata-cabamc.ca\/fr\/#organization","name":"CABAMC","url":"https:\/\/cpata-cabamc.ca\/fr\/","logo":{"@type":"ImageObject","inLanguage":"fr-FR","@id":"https:\/\/cpata-cabamc.ca\/fr\/#\/schema\/logo\/image\/","url":"https:\/\/cpata-cabamc.ca\/wp-content\/uploads\/2021\/02\/Logo-Light-RGB.svg","contentUrl":"https:\/\/cpata-cabamc.ca\/wp-content\/uploads\/2021\/02\/Logo-Light-RGB.svg","caption":"CABAMC"},"image":{"@id":"https:\/\/cpata-cabamc.ca\/fr\/#\/schema\/logo\/image\/"}}]}},"_links":{"self":[{"href":"https:\/\/cpata-cabamc.ca\/fr\/wp-json\/wp\/v2\/pages\/10783","targetHints":{"allow":["GET"]}}],"collection":[{"href":"https:\/\/cpata-cabamc.ca\/fr\/wp-json\/wp\/v2\/pages"}],"about":[{"href":"https:\/\/cpata-cabamc.ca\/fr\/wp-json\/wp\/v2\/types\/page"}],"author":[{"embeddable":true,"href":"https:\/\/cpata-cabamc.ca\/fr\/wp-json\/wp\/v2\/users\/6"}],"replies":[{"embeddable":true,"href":"https:\/\/cpata-cabamc.ca\/fr\/wp-json\/wp\/v2\/comments?post=10783"}],"version-history":[{"count":0,"href":"https:\/\/cpata-cabamc.ca\/fr\/wp-json\/wp\/v2\/pages\/10783\/revisions"}],"up":[{"embeddable":true,"href":"https:\/\/cpata-cabamc.ca\/fr\/wp-json\/wp\/v2\/pages\/3478"}],"wp:attachment":[{"href":"https:\/\/cpata-cabamc.ca\/fr\/wp-json\/wp\/v2\/media?parent=10783"}],"wp:term":[{"taxonomy":"folder","embeddable":true,"href":"https:\/\/cpata-cabamc.ca\/fr\/wp-json\/wp\/v2\/folder?post=10783"}],"curies":[{"name":"wp","href":"https:\/\/api.w.org\/{rel}","templated":true}]}}