{"id":10374,"date":"2022-08-09T17:45:13","date_gmt":"2022-08-09T17:45:13","guid":{"rendered":"https:\/\/cpatacabamcdev.wpengine.com\/?page_id=10374"},"modified":"2024-12-05T17:27:05","modified_gmt":"2024-12-05T17:27:05","slug":"categories-de-permis","status":"publish","type":"page","link":"https:\/\/cpata-cabamc.ca\/fr\/votre-profession\/categories-de-permis\/","title":{"rendered":"Cat\u00e9gories et \u00e9tats de permis\u202f"},"content":{"rendered":"\t\t<div data-elementor-type=\"wp-page\" data-elementor-id=\"10374\" class=\"elementor elementor-10374 elementor-10369\" data-elementor-post-type=\"page\">\n\t\t\t\t\t\t<section class=\"elementor-section elementor-top-section elementor-element elementor-element-2dab293 elementor-section-boxed elementor-section-height-default elementor-section-height-default\" data-id=\"2dab293\" data-element_type=\"section\" data-e-type=\"section\">\n\t\t\t\t\t\t<div class=\"elementor-container elementor-column-gap-default\">\n\t\t\t\t\t<div class=\"elementor-column elementor-col-100 elementor-top-column elementor-element elementor-element-d41ec6f\" data-id=\"d41ec6f\" data-element_type=\"column\" data-e-type=\"column\">\n\t\t\t<div class=\"elementor-widget-wrap elementor-element-populated\">\n\t\t\t\t\t\t<div class=\"elementor-element elementor-element-9660021 elementor-widget elementor-widget-heading\" data-id=\"9660021\" data-element_type=\"widget\" data-e-type=\"widget\" data-widget_type=\"heading.default\">\n\t\t\t\t<div class=\"elementor-widget-container\">\n\t\t\t\t\t<h2 class=\"elementor-heading-title elementor-size-default\">Cat\u00e9gorie de permis\u202f <\/h2>\t\t\t\t<\/div>\n\t\t\t\t<\/div>\n\t\t\t\t<div class=\"elementor-element elementor-element-71c2fc4 elementor-widget elementor-widget-text-editor\" data-id=\"71c2fc4\" data-element_type=\"widget\" data-e-type=\"widget\" data-widget_type=\"text-editor.default\">\n\t\t\t\t<div class=\"elementor-widget-container\">\n\t\t\t\t\t\t\t\t\t<p><span style=\"text-decoration: underline;\"><strong><span class=\"TrackChangeTextInsertion TrackedChange SCXW188664614 BCX0\"><span class=\"TextRun Underlined SCXW188664614 BCX0\" lang=\"FR\" xml:lang=\"FR\" data-contrast=\"none\"><span class=\"NormalTextRun SCXW188664614 BCX0\">Cat\u00e9gories de permis du CABAMC<\/span><\/span><\/span><\/strong><\/span><\/p><p><strong>Permis de cat\u00e9gorie\u00a01\u00a0:<\/strong> permis complet d\u2019une personne titulaire de permis qui peut pr\u00e9senter et poursuivre des demandes aupr\u00e8s de l\u2019Office de la propri\u00e9t\u00e9 intellectuelle du Canada (OPIC).<\/p><p><strong>Permis de cat\u00e9gorie\u00a02\u00a0:<\/strong> permis d\u2019une personne titulaire dont les droits d\u2019exercice sont limit\u00e9s.\u00a0 Contrairement aux titulaires de permis de cat\u00e9gorie\u00a01, elle ne peut pas pr\u00e9senter ni poursuivre de demandes aupr\u00e8s de l\u2019OPIC.<\/p><p><strong>Permis de cat\u00e9gorie\u00a03\u00a0:<\/strong> permis d\u2019un(e) agent(e) qui est en formation sous la supervision d\u2019un(e) titulaire de permis de cat\u00e9gorie\u00a01 ou de cat\u00e9gorie\u00a02 approuv\u00e9(e) ou d\u2019un(e) repr\u00e9sentant(e) de l\u2019OPIC. Ces titulaires de permis ont le droit de compara\u00eetre devant l\u2019OPIC et de communiquer avec lui sous la supervision de leur superviseur(e) de formation approuv\u00e9(e).<\/p><p><strong>Permis inactif de cat\u00e9gorie\u00a04\u00a0:<\/strong> permis d\u2019un(e) agent(e) qui n\u2019est pas actif(-ve) et qui n\u2019exerce pas sa profession, que ce soit de mani\u00e8re temporaire ou permanente. Ces personnes ne sont pas autoris\u00e9es \u00e0 exercer les comp\u00e9tences indiqu\u00e9es dans les <a href=\"https:\/\/cpata-cabamc.ca\/wp-content\/uploads\/2023\/03\/4.1.2-CPATA-Technical-Competency-Profiles-FR.pdf\">profils de comp\u00e9tences techniques des agent(s) de brevets et de marques de commerce<\/a> en tant \u00a0 ou \u00e0 se pr\u00e9senter comme un(e) agent(e) actif(-ve) et en exercice.\u00a0<\/p>\t\t\t\t\t\t\t\t<\/div>\n\t\t\t\t<\/div>\n\t\t\t\t<div class=\"elementor-element elementor-element-8624d5c elementor-widget elementor-widget-heading\" data-id=\"8624d5c\" data-element_type=\"widget\" data-e-type=\"widget\" data-widget_type=\"heading.default\">\n\t\t\t\t<div class=\"elementor-widget-container\">\n\t\t\t\t\t<h2 class=\"elementor-heading-title elementor-size-default\">Exigences en mati\u00e8re d\u2019assurance responsabilit\u00e9 professionnelle par cat\u00e9gorie de permis<\/h2>\t\t\t\t<\/div>\n\t\t\t\t<\/div>\n\t\t\t\t<div class=\"elementor-element elementor-element-6473377 elementor-widget elementor-widget-text-editor\" data-id=\"6473377\" data-element_type=\"widget\" data-e-type=\"widget\" data-widget_type=\"text-editor.default\">\n\t\t\t\t<div class=\"elementor-widget-container\">\n\t\t\t\t\t\t\t\t\t<p><strong>Permis de cat\u00e9gorie\u00a01\u00a0: <\/strong>L\u2019assurance est obligatoire, sauf si la personne titulaire de permis en est exempt\u00e9e parce qu\u2019elle ne fournit pas de services au public (par exemple, parce qu\u2019elle est une praticienne exer\u00e7ant au sein d\u2019une entreprise).\u00a0<\/p><p><strong>Permis de cat\u00e9gorie\u00a02\u00a0: <\/strong>L\u2019assurance est obligatoire, sauf si la personne titulaire de permis en est exempt\u00e9e parce qu\u2019elle ne fournit pas de services au public (par exemple, parce qu\u2019elle est une praticienne exer\u00e7ant au sein d\u2019une entreprise).\u00a0<\/p><p><strong>Permis de cat\u00e9gorie\u00a03\u00a0:<\/strong> L\u2019assurance est obligatoire, sauf si la personne titulaire de permis en est exempt\u00e9e parce qu\u2019elle ne fournit pas de services au public.<\/p><p><strong>Permis de cat\u00e9gorie\u00a04\u00a0:<\/strong> L\u2019assurance n\u2019est <strong>pas<\/strong> obligatoire.<\/p><p><strong>Les personnes titulaires de permis qui ne fournissent pas de services au public, comme les praticien(ne)s qui exercent au sein d\u2019une entreprise, sont exempt\u00e9es<\/strong>\u00a0des exigences en mati\u00e8re d\u2019assurance responsabilit\u00e9 professionnelle, quelle que soit la cat\u00e9gorie de leur permis (1, 2 ou 3). Les personnes titulaires de permis peuvent \u00eatre \u00a0<\/p>\t\t\t\t\t\t\t\t<\/div>\n\t\t\t\t<\/div>\n\t\t\t\t<div class=\"elementor-element elementor-element-539204f elementor-widget elementor-widget-button\" data-id=\"539204f\" data-element_type=\"widget\" data-e-type=\"widget\" data-widget_type=\"button.default\">\n\t\t\t\t<div class=\"elementor-widget-container\">\n\t\t\t\t\t\t\t\t\t<div class=\"elementor-button-wrapper\">\n\t\t\t\t\t<a class=\"elementor-button elementor-button-link elementor-size-sm\" href=\"https:\/\/cpata-cabamc.ca\/fr\/votre-profession\/exigences-en-matiere-dassurance\/formulaire-de-renseignements-relatifs-aux-assurances\/\" target=\"_blank\">\n\t\t\t\t\t\t<span class=\"elementor-button-content-wrapper\">\n\t\t\t\t\t\t\t\t\t<span class=\"elementor-button-text\">En savoir plus sur les exigences en mati\u00e8re d\u2019assurance <\/span>\n\t\t\t\t\t<\/span>\n\t\t\t\t\t<\/a>\n\t\t\t\t<\/div>\n\t\t\t\t\t\t\t\t<\/div>\n\t\t\t\t<\/div>\n\t\t\t\t\t<\/div>\n\t\t<\/div>\n\t\t\t\t\t<\/div>\n\t\t<\/section>\n\t\t\t\t<section class=\"elementor-section elementor-top-section elementor-element elementor-element-f3888cb elementor-section-boxed elementor-section-height-default elementor-section-height-default\" data-id=\"f3888cb\" data-element_type=\"section\" data-e-type=\"section\">\n\t\t\t\t\t\t<div class=\"elementor-container elementor-column-gap-default\">\n\t\t\t\t\t<div class=\"elementor-column elementor-col-100 elementor-top-column elementor-element elementor-element-c6f085a\" data-id=\"c6f085a\" data-element_type=\"column\" data-e-type=\"column\">\n\t\t\t<div class=\"elementor-widget-wrap\">\n\t\t\t\t\t\t\t<\/div>\n\t\t<\/div>\n\t\t\t\t\t<\/div>\n\t\t<\/section>\n\t\t\t\t<section class=\"elementor-section elementor-top-section elementor-element elementor-element-718bb1a elementor-section-boxed elementor-section-height-default elementor-section-height-default\" data-id=\"718bb1a\" data-element_type=\"section\" data-e-type=\"section\">\n\t\t\t\t\t\t<div class=\"elementor-container elementor-column-gap-default\">\n\t\t\t\t\t<div class=\"elementor-column elementor-col-100 elementor-top-column elementor-element elementor-element-e8af607\" data-id=\"e8af607\" data-element_type=\"column\" data-e-type=\"column\">\n\t\t\t<div class=\"elementor-widget-wrap elementor-element-populated\">\n\t\t\t\t\t\t<div class=\"elementor-element elementor-element-025d572 elementor-widget elementor-widget-heading\" data-id=\"025d572\" data-element_type=\"widget\" data-e-type=\"widget\" data-widget_type=\"heading.default\">\n\t\t\t\t<div class=\"elementor-widget-container\">\n\t\t\t\t\t<h2 class=\"elementor-heading-title elementor-size-default\">\u00c9tat du permis\u202f <\/h2>\t\t\t\t<\/div>\n\t\t\t\t<\/div>\n\t\t\t\t<div class=\"elementor-element elementor-element-b9dfffc elementor-widget elementor-widget-text-editor\" data-id=\"b9dfffc\" data-element_type=\"widget\" data-e-type=\"widget\" data-widget_type=\"text-editor.default\">\n\t\t\t\t<div class=\"elementor-widget-container\">\n\t\t\t\t\t\t\t\t\t<p><span class=\"TrackChangeTextInsertion TrackedChange SCXW135760255 BCX0\"><span class=\"TextRun SCXW135760255 BCX0\" lang=\"EN-US\" xml:lang=\"EN-US\" data-contrast=\"none\"><span class=\"NormalTextRun SpellingErrorV2Themed SCXW135760255 BCX0\">L\u2019\u00e9tat<\/span><span class=\"NormalTextRun SCXW135760255 BCX0\"> du <\/span><span class=\"NormalTextRun SpellingErrorV2Themed SCXW135760255 BCX0\">permis<\/span><span class=\"NormalTextRun SCXW135760255 BCX0\"> d\u2019un(e) agent(e) <\/span><span class=\"NormalTextRun SpellingErrorV2Themed SCXW135760255 BCX0\">est<\/span><span class=\"NormalTextRun SCXW135760255 BCX0\"> le <\/span><span class=\"NormalTextRun ContextualSpellingAndGrammarErrorV2Themed SCXW135760255 BCX0\">type<\/span><span class=\"NormalTextRun SCXW135760255 BCX0\"> de son <\/span><span class=\"NormalTextRun SpellingErrorV2Themed SCXW135760255 BCX0\">permis<\/span> <span class=\"NormalTextRun SpellingErrorV2Themed SCXW135760255 BCX0\">actuel<\/span><span class=\"NormalTextRun SCXW135760255 BCX0\">.\u202f <\/span><\/span><\/span><span class=\"EOP TrackedChange SCXW135760255 BCX0\" data-ccp-props=\"{&quot;201341983&quot;:0,&quot;335551550&quot;:0,&quot;335551620&quot;:0,&quot;335559739&quot;:160,&quot;335559740&quot;:259}\">\u00a0<\/span><\/p><ul style=\"font-weight: 400;\"><li data-leveltext=\"\uf0b7\" data-font=\"Symbol\" data-listid=\"16\" data-list-defn-props=\"{&quot;335552541&quot;:1,&quot;335559683&quot;:0,&quot;335559684&quot;:-2,&quot;335559685&quot;:720,&quot;335559991&quot;:360,&quot;469769226&quot;:&quot;Symbol&quot;,&quot;469769242&quot;:[8226],&quot;469777803&quot;:&quot;left&quot;,&quot;469777804&quot;:&quot;\uf0b7&quot;,&quot;469777815&quot;:&quot;multilevel&quot;}\" aria-setsize=\"-1\" data-aria-posinset=\"3\" data-aria-level=\"1\"><b><span data-contrast=\"none\">Permis actif\u202f<\/span><\/b><span data-contrast=\"none\">: permis d\u2019un(e) agent(e) autoris\u00e9(e) \u00e0 exercer sa profession.\u202f\u202f <\/span><span data-ccp-props=\"{&quot;201341983&quot;:0,&quot;335551550&quot;:0,&quot;335551620&quot;:0,&quot;335559739&quot;:160,&quot;335559740&quot;:259}\">\u00a0<\/span><\/li><li data-leveltext=\"\uf0b7\" data-font=\"Symbol\" data-listid=\"16\" data-list-defn-props=\"{&quot;335552541&quot;:1,&quot;335559683&quot;:0,&quot;335559684&quot;:-2,&quot;335559685&quot;:720,&quot;335559991&quot;:360,&quot;469769226&quot;:&quot;Symbol&quot;,&quot;469769242&quot;:[8226],&quot;469777803&quot;:&quot;left&quot;,&quot;469777804&quot;:&quot;\uf0b7&quot;,&quot;469777815&quot;:&quot;multilevel&quot;}\" aria-setsize=\"-1\" data-aria-posinset=\"4\" data-aria-level=\"1\"><b><span data-contrast=\"none\">Permis suspendu\u202f: <\/span><\/b><span data-contrast=\"none\">permis d\u2019un(e) agent(e) qui n\u2019est pas autoris\u00e9(e) \u00e0 exercer sa profession. Il existe de nombreuses raisons pour lesquelles un permis peut \u00eatre suspendu. La raison la plus courante est le non-paiement des droits de renouvellement, mais les permis peuvent \u00eatre suspendus pour d&rsquo;autres raisosn administratives ou pour des mesures disciplinaires d&rsquo;incomp\u00e9tence ou de faute professionnelle. Vous pouvez v\u00e9rifier le motif de suspension du permis d\u2019un(e) agent(e) en consultant son profil sur notre registre public. Les permis suspendus (administratifs) peuvent \u00eatre r\u00e9tablis dans un d\u00e9lai d\u00e9termin\u00e9.\u202f <\/span><span data-ccp-props=\"{&quot;201341983&quot;:0,&quot;335551550&quot;:0,&quot;335551620&quot;:0,&quot;335559739&quot;:160,&quot;335559740&quot;:259}\">\u00a0<\/span><\/li><li data-leveltext=\"\uf0b7\" data-font=\"Symbol\" data-listid=\"16\" data-list-defn-props=\"{&quot;335552541&quot;:1,&quot;335559683&quot;:0,&quot;335559684&quot;:-2,&quot;335559685&quot;:720,&quot;335559991&quot;:360,&quot;469769226&quot;:&quot;Symbol&quot;,&quot;469769242&quot;:[8226],&quot;469777803&quot;:&quot;left&quot;,&quot;469777804&quot;:&quot;\uf0b7&quot;,&quot;469777815&quot;:&quot;multilevel&quot;}\" aria-setsize=\"-1\" data-aria-posinset=\"5\" data-aria-level=\"1\"><b><span data-contrast=\"none\">Permis r\u00e9voqu\u00e9\u202f: <\/span><\/b><span data-contrast=\"none\">permis qui a \u00e9t\u00e9 retir\u00e9 \u00e0 un(e) agent(e) de l\u2019agent(e). Il existe de nombreuses raisons pour lesquelles un permis peut \u00eatre r\u00e9voqu\u00e9. La raison la plus courante est que le permis a \u00e9t\u00e9 suspendu pendant au moins 5\u202fans, mais les permis peuvent \u00eatre r\u00e9voqu\u00e9s pour des probl\u00e8mes de conduite li\u00e9s \u00e0 la comp\u00e9tence ou \u00e0 un comportement inacceptable qui nuit au public. Vous pouvez v\u00e9rifier pourquoi le permis d\u2019un(e) agent(e) est r\u00e9voqu\u00e9 en consultant son profil sur notre registre public.\u202f <\/span><span data-ccp-props=\"{&quot;201341983&quot;:0,&quot;335551550&quot;:0,&quot;335551620&quot;:0,&quot;335559739&quot;:160,&quot;335559740&quot;:259}\">\u00a0<\/span><\/li><li data-leveltext=\"\uf0b7\" data-font=\"Symbol\" data-listid=\"16\" data-list-defn-props=\"{&quot;335552541&quot;:1,&quot;335559683&quot;:0,&quot;335559684&quot;:-2,&quot;335559685&quot;:720,&quot;335559991&quot;:360,&quot;469769226&quot;:&quot;Symbol&quot;,&quot;469769242&quot;:[8226],&quot;469777803&quot;:&quot;left&quot;,&quot;469777804&quot;:&quot;\uf0b7&quot;,&quot;469777815&quot;:&quot;multilevel&quot;}\" aria-setsize=\"-1\" data-aria-posinset=\"5\" data-aria-level=\"1\"><b><span data-contrast=\"none\">Permis abandonn\u00e9\u202f: <\/span><\/b><span data-contrast=\"none\">permis d\u2019un(e) agent(e) qui a volontairement inform\u00e9 le CABAMC qu\u2019il\/elle ne souhaite plus exercer la profession. Les raisons courantes de cet \u00e9tat sont la retraite, le fait de quitter la profession ou le d\u00e9part du Canada. \u202f<\/span><span data-ccp-props=\"{&quot;201341983&quot;:0,&quot;335551550&quot;:0,&quot;335551620&quot;:0,&quot;335559739&quot;:160,&quot;335559740&quot;:259}\">\u00a0<\/span><\/li><\/ul>\t\t\t\t\t\t\t\t<\/div>\n\t\t\t\t<\/div>\n\t\t\t\t\t<\/div>\n\t\t<\/div>\n\t\t\t\t\t<\/div>\n\t\t<\/section>\n\t\t\t\t<\/div>\n\t\t","protected":false},"excerpt":{"rendered":"<p>Cat\u00e9gorie de permis\u202f Cat\u00e9gories de permis du CABAMC Permis de cat\u00e9gorie\u00a01\u00a0: permis complet d\u2019une personne<\/p>\n","protected":false},"author":6,"featured_media":0,"parent":5885,"menu_order":0,"comment_status":"closed","ping_status":"closed","template":"","meta":{"_acf_changed":false,"_monsterinsights_skip_tracking":false,"_monsterinsights_sitenote_active":false,"_monsterinsights_sitenote_note":"","_monsterinsights_sitenote_category":0,"site-sidebar-layout":"no-sidebar","site-content-layout":"page-builder","ast-site-content-layout":"default","site-content-style":"default","site-sidebar-style":"default","ast-global-header-display":"","ast-banner-title-visibility":"","ast-main-header-display":"","ast-hfb-above-header-display":"","ast-hfb-below-header-display":"","ast-hfb-mobile-header-display":"","site-post-title":"disabled","ast-breadcrumbs-content":"","ast-featured-img":"disabled","footer-sml-layout":"","theme-transparent-header-meta":"default","adv-header-id-meta":"","stick-header-meta":"","header-above-stick-meta":"","header-main-stick-meta":"","header-below-stick-meta":"","astra-migrate-meta-layouts":"default","ast-page-background-enabled":"default","ast-page-background-meta":{"desktop":{"background-color":"","background-image":"","background-repeat":"repeat","background-position":"center center","background-size":"auto","background-attachment":"scroll","background-type":"","background-media":"","overlay-type":"","overlay-color":"","overlay-opacity":"","overlay-gradient":""},"tablet":{"background-color":"","background-image":"","background-repeat":"repeat","background-position":"center center","background-size":"auto","background-attachment":"scroll","background-type":"","background-media":"","overlay-type":"","overlay-color":"","overlay-opacity":"","overlay-gradient":""},"mobile":{"background-color":"","background-image":"","background-repeat":"repeat","background-position":"center center","background-size":"auto","background-attachment":"scroll","background-type":"","background-media":"","overlay-type":"","overlay-color":"","overlay-opacity":"","overlay-gradient":""}},"ast-content-background-meta":{"desktop":{"background-color":"var(--ast-global-color-5)","background-image":"","background-repeat":"repeat","background-position":"center center","background-size":"auto","background-attachment":"scroll","background-type":"","background-media":"","overlay-type":"","overlay-color":"","overlay-opacity":"","overlay-gradient":""},"tablet":{"background-color":"var(--ast-global-color-5)","background-image":"","background-repeat":"repeat","background-position":"center center","background-size":"auto","background-attachment":"scroll","background-type":"","background-media":"","overlay-type":"","overlay-color":"","overlay-opacity":"","overlay-gradient":""},"mobile":{"background-color":"var(--ast-global-color-5)","background-image":"","background-repeat":"repeat","background-position":"center center","background-size":"auto","background-attachment":"scroll","background-type":"","background-media":"","overlay-type":"","overlay-color":"","overlay-opacity":"","overlay-gradient":""}},"footnotes":""},"folder":[],"class_list":["post-10374","page","type-page","status-publish","hentry"],"acf":[],"yoast_head":"<!-- This site is optimized with the Yoast SEO plugin v27.2 - https:\/\/yoast.com\/product\/yoast-seo-wordpress\/ -->\n<title>Cat\u00e9gories et \u00e9tats de permis\u202f - CABAMC<\/title>\n<meta name=\"robots\" content=\"index, follow, max-snippet:-1, max-image-preview:large, max-video-preview:-1\" \/>\n<link rel=\"canonical\" href=\"https:\/\/cpata-cabamc.ca\/fr\/votre-profession\/categories-de-permis\/\" \/>\n<meta property=\"og:locale\" content=\"fr_FR\" \/>\n<meta property=\"og:type\" content=\"article\" \/>\n<meta property=\"og:title\" content=\"Cat\u00e9gories et \u00e9tats de permis\u202f - CABAMC\" \/>\n<meta property=\"og:description\" content=\"Cat\u00e9gorie de permis\u202f Cat\u00e9gories de permis du CABAMC Permis de cat\u00e9gorie\u00a01\u00a0: permis complet d\u2019une personne\" \/>\n<meta property=\"og:url\" content=\"https:\/\/cpata-cabamc.ca\/fr\/votre-profession\/categories-de-permis\/\" \/>\n<meta property=\"og:site_name\" content=\"CABAMC\" \/>\n<meta property=\"article:modified_time\" content=\"2024-12-05T17:27:05+00:00\" \/>\n<meta name=\"twitter:card\" content=\"summary_large_image\" \/>\n<meta name=\"twitter:label1\" content=\"Dur\u00e9e de lecture estim\u00e9e\" \/>\n\t<meta name=\"twitter:data1\" content=\"4 minutes\" \/>\n<script type=\"application\/ld+json\" class=\"yoast-schema-graph\">{\"@context\":\"https:\/\/schema.org\",\"@graph\":[{\"@type\":\"WebPage\",\"@id\":\"https:\/\/cpata-cabamc.ca\/fr\/votre-profession\/categories-de-permis\/\",\"url\":\"https:\/\/cpata-cabamc.ca\/fr\/votre-profession\/categories-de-permis\/\",\"name\":\"Cat\u00e9gories et \u00e9tats de permis\u202f - CABAMC\",\"isPartOf\":{\"@id\":\"https:\/\/cpata-cabamc.ca\/fr\/#website\"},\"datePublished\":\"2022-08-09T17:45:13+00:00\",\"dateModified\":\"2024-12-05T17:27:05+00:00\",\"breadcrumb\":{\"@id\":\"https:\/\/cpata-cabamc.ca\/fr\/votre-profession\/categories-de-permis\/#breadcrumb\"},\"inLanguage\":\"fr-FR\",\"potentialAction\":[{\"@type\":\"ReadAction\",\"target\":[\"https:\/\/cpata-cabamc.ca\/fr\/votre-profession\/categories-de-permis\/\"]}]},{\"@type\":\"BreadcrumbList\",\"@id\":\"https:\/\/cpata-cabamc.ca\/fr\/votre-profession\/categories-de-permis\/#breadcrumb\",\"itemListElement\":[{\"@type\":\"ListItem\",\"position\":1,\"name\":\"Accueil\",\"item\":\"https:\/\/cpata-cabamc.ca\/fr\/\"},{\"@type\":\"ListItem\",\"position\":2,\"name\":\"Votre profession\",\"item\":\"https:\/\/cpata-cabamc.ca\/fr\/your-practice\/\"},{\"@type\":\"ListItem\",\"position\":3,\"name\":\"Cat\u00e9gories et \u00e9tats de permis\u202f\"}]},{\"@type\":\"WebSite\",\"@id\":\"https:\/\/cpata-cabamc.ca\/fr\/#website\",\"url\":\"https:\/\/cpata-cabamc.ca\/fr\/\",\"name\":\"CABAMC\",\"description\":\"CABAMC\",\"publisher\":{\"@id\":\"https:\/\/cpata-cabamc.ca\/fr\/#organization\"},\"potentialAction\":[{\"@type\":\"SearchAction\",\"target\":{\"@type\":\"EntryPoint\",\"urlTemplate\":\"https:\/\/cpata-cabamc.ca\/fr\/?s={search_term_string}\"},\"query-input\":{\"@type\":\"PropertyValueSpecification\",\"valueRequired\":true,\"valueName\":\"search_term_string\"}}],\"inLanguage\":\"fr-FR\"},{\"@type\":\"Organization\",\"@id\":\"https:\/\/cpata-cabamc.ca\/fr\/#organization\",\"name\":\"CABAMC\",\"url\":\"https:\/\/cpata-cabamc.ca\/fr\/\",\"logo\":{\"@type\":\"ImageObject\",\"inLanguage\":\"fr-FR\",\"@id\":\"https:\/\/cpata-cabamc.ca\/fr\/#\/schema\/logo\/image\/\",\"url\":\"https:\/\/cpata-cabamc.ca\/wp-content\/uploads\/2021\/02\/Logo-Light-RGB.svg\",\"contentUrl\":\"https:\/\/cpata-cabamc.ca\/wp-content\/uploads\/2021\/02\/Logo-Light-RGB.svg\",\"caption\":\"CABAMC\"},\"image\":{\"@id\":\"https:\/\/cpata-cabamc.ca\/fr\/#\/schema\/logo\/image\/\"}}]}<\/script>\n<!-- \/ Yoast SEO plugin. -->","yoast_head_json":{"title":"Cat\u00e9gories et \u00e9tats de permis\u202f - CABAMC","robots":{"index":"index","follow":"follow","max-snippet":"max-snippet:-1","max-image-preview":"max-image-preview:large","max-video-preview":"max-video-preview:-1"},"canonical":"https:\/\/cpata-cabamc.ca\/fr\/votre-profession\/categories-de-permis\/","og_locale":"fr_FR","og_type":"article","og_title":"Cat\u00e9gories et \u00e9tats de permis\u202f - CABAMC","og_description":"Cat\u00e9gorie de permis\u202f Cat\u00e9gories de permis du CABAMC Permis de cat\u00e9gorie\u00a01\u00a0: permis complet d\u2019une personne","og_url":"https:\/\/cpata-cabamc.ca\/fr\/votre-profession\/categories-de-permis\/","og_site_name":"CABAMC","article_modified_time":"2024-12-05T17:27:05+00:00","twitter_card":"summary_large_image","twitter_misc":{"Dur\u00e9e de lecture estim\u00e9e":"4 minutes"},"schema":{"@context":"https:\/\/schema.org","@graph":[{"@type":"WebPage","@id":"https:\/\/cpata-cabamc.ca\/fr\/votre-profession\/categories-de-permis\/","url":"https:\/\/cpata-cabamc.ca\/fr\/votre-profession\/categories-de-permis\/","name":"Cat\u00e9gories et \u00e9tats de permis\u202f - CABAMC","isPartOf":{"@id":"https:\/\/cpata-cabamc.ca\/fr\/#website"},"datePublished":"2022-08-09T17:45:13+00:00","dateModified":"2024-12-05T17:27:05+00:00","breadcrumb":{"@id":"https:\/\/cpata-cabamc.ca\/fr\/votre-profession\/categories-de-permis\/#breadcrumb"},"inLanguage":"fr-FR","potentialAction":[{"@type":"ReadAction","target":["https:\/\/cpata-cabamc.ca\/fr\/votre-profession\/categories-de-permis\/"]}]},{"@type":"BreadcrumbList","@id":"https:\/\/cpata-cabamc.ca\/fr\/votre-profession\/categories-de-permis\/#breadcrumb","itemListElement":[{"@type":"ListItem","position":1,"name":"Accueil","item":"https:\/\/cpata-cabamc.ca\/fr\/"},{"@type":"ListItem","position":2,"name":"Votre profession","item":"https:\/\/cpata-cabamc.ca\/fr\/your-practice\/"},{"@type":"ListItem","position":3,"name":"Cat\u00e9gories et \u00e9tats de permis\u202f"}]},{"@type":"WebSite","@id":"https:\/\/cpata-cabamc.ca\/fr\/#website","url":"https:\/\/cpata-cabamc.ca\/fr\/","name":"CABAMC","description":"CABAMC","publisher":{"@id":"https:\/\/cpata-cabamc.ca\/fr\/#organization"},"potentialAction":[{"@type":"SearchAction","target":{"@type":"EntryPoint","urlTemplate":"https:\/\/cpata-cabamc.ca\/fr\/?s={search_term_string}"},"query-input":{"@type":"PropertyValueSpecification","valueRequired":true,"valueName":"search_term_string"}}],"inLanguage":"fr-FR"},{"@type":"Organization","@id":"https:\/\/cpata-cabamc.ca\/fr\/#organization","name":"CABAMC","url":"https:\/\/cpata-cabamc.ca\/fr\/","logo":{"@type":"ImageObject","inLanguage":"fr-FR","@id":"https:\/\/cpata-cabamc.ca\/fr\/#\/schema\/logo\/image\/","url":"https:\/\/cpata-cabamc.ca\/wp-content\/uploads\/2021\/02\/Logo-Light-RGB.svg","contentUrl":"https:\/\/cpata-cabamc.ca\/wp-content\/uploads\/2021\/02\/Logo-Light-RGB.svg","caption":"CABAMC"},"image":{"@id":"https:\/\/cpata-cabamc.ca\/fr\/#\/schema\/logo\/image\/"}}]}},"_links":{"self":[{"href":"https:\/\/cpata-cabamc.ca\/fr\/wp-json\/wp\/v2\/pages\/10374","targetHints":{"allow":["GET"]}}],"collection":[{"href":"https:\/\/cpata-cabamc.ca\/fr\/wp-json\/wp\/v2\/pages"}],"about":[{"href":"https:\/\/cpata-cabamc.ca\/fr\/wp-json\/wp\/v2\/types\/page"}],"author":[{"embeddable":true,"href":"https:\/\/cpata-cabamc.ca\/fr\/wp-json\/wp\/v2\/users\/6"}],"replies":[{"embeddable":true,"href":"https:\/\/cpata-cabamc.ca\/fr\/wp-json\/wp\/v2\/comments?post=10374"}],"version-history":[{"count":0,"href":"https:\/\/cpata-cabamc.ca\/fr\/wp-json\/wp\/v2\/pages\/10374\/revisions"}],"up":[{"embeddable":true,"href":"https:\/\/cpata-cabamc.ca\/fr\/wp-json\/wp\/v2\/pages\/5885"}],"wp:attachment":[{"href":"https:\/\/cpata-cabamc.ca\/fr\/wp-json\/wp\/v2\/media?parent=10374"}],"wp:term":[{"taxonomy":"folder","embeddable":true,"href":"https:\/\/cpata-cabamc.ca\/fr\/wp-json\/wp\/v2\/folder?post=10374"}],"curies":[{"name":"wp","href":"https:\/\/api.w.org\/{rel}","templated":true}]}}