{"id":10178,"date":"2022-07-27T14:59:10","date_gmt":"2022-07-27T14:59:10","guid":{"rendered":"https:\/\/cpatacabamcdev.wpengine.com\/?page_id=10178"},"modified":"2024-05-03T15:33:02","modified_gmt":"2024-05-03T15:33:02","slug":"apres-la-fin-de-la-formation","status":"publish","type":"page","link":"https:\/\/cpata-cabamc.ca\/fr\/devenir-un-agent\/apres-la-fin-de-la-formation\/","title":{"rendered":"Apr\u00e8s la fin de la formation et les examens"},"content":{"rendered":"\t\t<div data-elementor-type=\"wp-page\" data-elementor-id=\"10178\" class=\"elementor elementor-10178 elementor-10172\" data-elementor-post-type=\"page\">\n\t\t\t\t\t\t<section class=\"elementor-section elementor-top-section elementor-element elementor-element-100e4fd elementor-section-boxed elementor-section-height-default elementor-section-height-default\" data-id=\"100e4fd\" data-element_type=\"section\" data-e-type=\"section\">\n\t\t\t\t\t\t<div class=\"elementor-container elementor-column-gap-default\">\n\t\t\t\t\t<div class=\"elementor-column elementor-col-100 elementor-top-column elementor-element elementor-element-3702f1b\" data-id=\"3702f1b\" data-element_type=\"column\" data-e-type=\"column\">\n\t\t\t<div class=\"elementor-widget-wrap elementor-element-populated\">\n\t\t\t\t\t\t<div class=\"elementor-element elementor-element-0ac9ec5 elementor-widget elementor-widget-text-editor\" data-id=\"0ac9ec5\" data-element_type=\"widget\" data-e-type=\"widget\" data-widget_type=\"text-editor.default\">\n\t\t\t\t<div class=\"elementor-widget-container\">\n\t\t\t\t\t\t\t\t\t<p><span data-contrast=\"auto\">Un certain nombre d\u2019agent(e)s qui terminent leur p\u00e9riode de formation de 24\u00a0mois ne r\u00e9ussiront pas tout de suite les examens de comp\u00e9tence, soit \u00e0 cause du calendrier des examens, soit \u00e0 cause d\u2019une tentative infructueuse. <\/span><span data-ccp-props=\"{\">\u00a0<\/span><\/p><p><span data-contrast=\"auto\">\u00a0<\/span><span data-contrast=\"auto\">Il est rappel\u00e9 aux personnes qui se trouvent dans cette situation qu\u2019elles ne peuvent pas\u00a0:<\/span><span data-ccp-props=\"{\">\u00a0<\/span><\/p><ul><li data-leveltext=\"-\" data-font=\"\" data-listid=\"8\" data-list-defn-props=\"{\" aria-setsize=\"-1\" data-aria-posinset=\"1\" data-aria-level=\"1\"><span data-contrast=\"auto\">exercer sans la supervision requise;<\/span><span data-ccp-props=\"{\">\u00a0<\/span><\/li><li data-leveltext=\"-\" data-font=\"\" data-listid=\"8\" data-list-defn-props=\"{\" aria-setsize=\"-1\" data-aria-posinset=\"2\" data-aria-level=\"1\"><span data-contrast=\"auto\">repr\u00e9senter une personne dans la pr\u00e9sentation ou la poursuite d\u2019une demande d\u2019enregistrement d\u2019un brevet ou d\u2019une marque de commerce, ou dans d\u2019autres affaires devant l\u2019OPIC sans la supervision requise.<\/span><span data-ccp-props=\"{\">\u00a0<\/span><\/li><\/ul><p><span data-contrast=\"auto\">En vertu d\u2019une <\/span><a href=\"https:\/\/cpata-cabamc.ca\/fr\/a-propos-de-nous\/politiques-de-reglementation\/maintien-de-linscription-a-la-fin-de-la-periode-de-formation\/\"><span data-contrast=\"none\">nouvelle politique du registraire<\/span><\/a><span data-contrast=\"auto\">, les agent(e)s en formation dans cette situation disposent d\u00e9sormais des trois options suivantes\u00a0:<\/span><span data-ccp-props=\"{\">\u00a0<\/span><\/p><ol><li data-leveltext=\"%1.\" data-font=\"Poppins\" data-listid=\"9\" data-list-defn-props=\"{\" aria-setsize=\"-1\" data-aria-posinset=\"1\" data-aria-level=\"1\"><b><span data-contrast=\"auto\">Fournir une confirmation de la supervision continue<\/span><\/b><span data-contrast=\"auto\"> pour maintenir l\u2019inscription \u00e0 titre de titulaire de permis de cat\u00e9gorie\u00a03 jusqu\u2019\u00e0 ce qu\u2019ils ou elles r\u00e9ussissent les examens de comp\u00e9tence et pr\u00e9sentent une demande de permis de cat\u00e9gorie\u00a01. <\/span><span data-ccp-props=\"{\">\u00a0<\/span><\/li><li data-leveltext=\"%1.\" data-font=\"Poppins\" data-listid=\"9\" data-list-defn-props=\"{\" aria-setsize=\"-1\" data-aria-posinset=\"1\" data-aria-level=\"1\"><b><span data-contrast=\"auto\">Signer un accord de non-pratique <\/span><\/b><span data-contrast=\"auto\">dont l\u2019agent(e) en formation peut demander ult\u00e9rieurement la r\u00e9siliation s\u2019il ou elle obtient un autre poste de formation supervis\u00e9e approuv\u00e9. <\/span><span data-ccp-props=\"{\">\u00a0<\/span><\/li><li data-leveltext=\"%1.\" data-font=\"Poppins\" data-listid=\"9\" data-list-defn-props=\"{\" aria-setsize=\"-1\" data-aria-posinset=\"1\" data-aria-level=\"1\"><a href=\"https:\/\/cpata-cabamc.ca\/wp-content\/uploads\/2022\/04\/Formulaire-de-demande-de-renonciation-au-permis-Request-to-Surrender.pdf\"><b><span data-contrast=\"auto\">Abandonner <\/span><\/b><b><span data-contrast=\"none\">volontairement leur permis<\/span><\/b><\/a><span data-contrast=\"none\">;<\/span><span data-contrast=\"auto\"> si l\u2019agent(e) en formation obtient un autre poste de formation supervis\u00e9e approuv\u00e9 \u00e0 l\u2019avenir, l\u2019agent(e) en question pourra alors demander un permis de cat\u00e9gorie\u00a03 et la reconnaissance de son exp\u00e9rience professionnelle. <\/span><span data-ccp-props=\"{\">\u00a0<\/span><\/li><\/ol><p><span data-contrast=\"auto\">Les instructions relatives \u00e0 ces trois options seront communiqu\u00e9es lors du prochain processus de renouvellement de la cat\u00e9gorie\u00a03. <\/span><span data-ccp-props=\"{\">\u00a0<\/span><\/p><p><span data-contrast=\"auto\">\u00a0<\/span><span data-contrast=\"auto\">Le CABAMC a adopt\u00e9 cette politique comme un moyen d\u2019\u00e9quilibrer la protection continue du public avec l\u2019\u00e9quit\u00e9 pour les agent(e)s en formation qui participent au processus d\u2019\u00e9tablissement des comp\u00e9tences.<\/span><span data-ccp-props=\"{\">\u00a0<\/span><\/p><p><span data-contrast=\"auto\">Si vous avez des questions ou des commentaires, veuillez envoyer un courriel \u00e0 l\u2019adresse <\/span><span data-contrast=\"none\"><a href=\"mailto:registration-inscription@cpata-cabamc.ca\">registration-inscription@cpata-cabamc.ca<\/a>.<\/span><span data-ccp-props=\"{\">\u00a0<\/span><\/p>\t\t\t\t\t\t\t\t<\/div>\n\t\t\t\t<\/div>\n\t\t\t\t\t<\/div>\n\t\t<\/div>\n\t\t\t\t\t<\/div>\n\t\t<\/section>\n\t\t\t\t<\/div>\n\t\t","protected":false},"excerpt":{"rendered":"<p>Un certain nombre d\u2019agent(e)s qui terminent leur p\u00e9riode de formation de 24\u00a0mois ne r\u00e9ussiront pas<\/p>\n","protected":false},"author":6,"featured_media":0,"parent":5881,"menu_order":0,"comment_status":"closed","ping_status":"closed","template":"","meta":{"_acf_changed":false,"_monsterinsights_skip_tracking":false,"_monsterinsights_sitenote_active":false,"_monsterinsights_sitenote_note":"","_monsterinsights_sitenote_category":0,"site-sidebar-layout":"no-sidebar","site-content-layout":"page-builder","ast-site-content-layout":"default","site-content-style":"default","site-sidebar-style":"default","ast-global-header-display":"","ast-banner-title-visibility":"","ast-main-header-display":"","ast-hfb-above-header-display":"","ast-hfb-below-header-display":"","ast-hfb-mobile-header-display":"","site-post-title":"disabled","ast-breadcrumbs-content":"","ast-featured-img":"disabled","footer-sml-layout":"","theme-transparent-header-meta":"default","adv-header-id-meta":"","stick-header-meta":"","header-above-stick-meta":"","header-main-stick-meta":"","header-below-stick-meta":"","astra-migrate-meta-layouts":"set","ast-page-background-enabled":"default","ast-page-background-meta":{"desktop":{"background-color":"","background-image":"","background-repeat":"repeat","background-position":"center center","background-size":"auto","background-attachment":"scroll","background-type":"","background-media":"","overlay-type":"","overlay-color":"","overlay-opacity":"","overlay-gradient":""},"tablet":{"background-color":"","background-image":"","background-repeat":"repeat","background-position":"center center","background-size":"auto","background-attachment":"scroll","background-type":"","background-media":"","overlay-type":"","overlay-color":"","overlay-opacity":"","overlay-gradient":""},"mobile":{"background-color":"","background-image":"","background-repeat":"repeat","background-position":"center center","background-size":"auto","background-attachment":"scroll","background-type":"","background-media":"","overlay-type":"","overlay-color":"","overlay-opacity":"","overlay-gradient":""}},"ast-content-background-meta":{"desktop":{"background-color":"var(--ast-global-color-5)","background-image":"","background-repeat":"repeat","background-position":"center center","background-size":"auto","background-attachment":"scroll","background-type":"","background-media":"","overlay-type":"","overlay-color":"","overlay-opacity":"","overlay-gradient":""},"tablet":{"background-color":"var(--ast-global-color-5)","background-image":"","background-repeat":"repeat","background-position":"center center","background-size":"auto","background-attachment":"scroll","background-type":"","background-media":"","overlay-type":"","overlay-color":"","overlay-opacity":"","overlay-gradient":""},"mobile":{"background-color":"var(--ast-global-color-5)","background-image":"","background-repeat":"repeat","background-position":"center center","background-size":"auto","background-attachment":"scroll","background-type":"","background-media":"","overlay-type":"","overlay-color":"","overlay-opacity":"","overlay-gradient":""}},"footnotes":""},"folder":[],"class_list":["post-10178","page","type-page","status-publish","hentry"],"acf":[],"yoast_head":"<!-- This site is optimized with the Yoast SEO plugin v27.2 - https:\/\/yoast.com\/product\/yoast-seo-wordpress\/ -->\n<title>Apr\u00e8s la fin de la formation et les examens - CABAMC<\/title>\n<meta name=\"robots\" content=\"index, follow, max-snippet:-1, max-image-preview:large, max-video-preview:-1\" \/>\n<link rel=\"canonical\" href=\"https:\/\/cpata-cabamc.ca\/fr\/devenir-un-agent\/apres-la-fin-de-la-formation\/\" \/>\n<meta property=\"og:locale\" content=\"fr_FR\" \/>\n<meta property=\"og:type\" content=\"article\" \/>\n<meta property=\"og:title\" content=\"Apr\u00e8s la fin de la formation et les examens - CABAMC\" \/>\n<meta property=\"og:description\" content=\"Un certain nombre d\u2019agent(e)s qui terminent leur p\u00e9riode de formation de 24\u00a0mois ne r\u00e9ussiront pas\" \/>\n<meta property=\"og:url\" content=\"https:\/\/cpata-cabamc.ca\/fr\/devenir-un-agent\/apres-la-fin-de-la-formation\/\" \/>\n<meta property=\"og:site_name\" content=\"CABAMC\" \/>\n<meta property=\"article:modified_time\" content=\"2024-05-03T15:33:02+00:00\" \/>\n<meta name=\"twitter:card\" content=\"summary_large_image\" \/>\n<meta name=\"twitter:label1\" content=\"Dur\u00e9e de lecture estim\u00e9e\" \/>\n\t<meta name=\"twitter:data1\" content=\"2 minutes\" \/>\n<script type=\"application\/ld+json\" class=\"yoast-schema-graph\">{\"@context\":\"https:\/\/schema.org\",\"@graph\":[{\"@type\":\"WebPage\",\"@id\":\"https:\/\/cpata-cabamc.ca\/fr\/devenir-un-agent\/apres-la-fin-de-la-formation\/\",\"url\":\"https:\/\/cpata-cabamc.ca\/fr\/devenir-un-agent\/apres-la-fin-de-la-formation\/\",\"name\":\"Apr\u00e8s la fin de la formation et les examens - CABAMC\",\"isPartOf\":{\"@id\":\"https:\/\/cpata-cabamc.ca\/fr\/#website\"},\"datePublished\":\"2022-07-27T14:59:10+00:00\",\"dateModified\":\"2024-05-03T15:33:02+00:00\",\"breadcrumb\":{\"@id\":\"https:\/\/cpata-cabamc.ca\/fr\/devenir-un-agent\/apres-la-fin-de-la-formation\/#breadcrumb\"},\"inLanguage\":\"fr-FR\",\"potentialAction\":[{\"@type\":\"ReadAction\",\"target\":[\"https:\/\/cpata-cabamc.ca\/fr\/devenir-un-agent\/apres-la-fin-de-la-formation\/\"]}]},{\"@type\":\"BreadcrumbList\",\"@id\":\"https:\/\/cpata-cabamc.ca\/fr\/devenir-un-agent\/apres-la-fin-de-la-formation\/#breadcrumb\",\"itemListElement\":[{\"@type\":\"ListItem\",\"position\":1,\"name\":\"Accueil\",\"item\":\"https:\/\/cpata-cabamc.ca\/fr\/\"},{\"@type\":\"ListItem\",\"position\":2,\"name\":\"Devenir un agent\",\"item\":\"https:\/\/cpata-cabamc.ca\/fr\/become-an-agent\/\"},{\"@type\":\"ListItem\",\"position\":3,\"name\":\"Apr\u00e8s la fin de la formation et les examens\"}]},{\"@type\":\"WebSite\",\"@id\":\"https:\/\/cpata-cabamc.ca\/fr\/#website\",\"url\":\"https:\/\/cpata-cabamc.ca\/fr\/\",\"name\":\"CABAMC\",\"description\":\"CABAMC\",\"publisher\":{\"@id\":\"https:\/\/cpata-cabamc.ca\/fr\/#organization\"},\"potentialAction\":[{\"@type\":\"SearchAction\",\"target\":{\"@type\":\"EntryPoint\",\"urlTemplate\":\"https:\/\/cpata-cabamc.ca\/fr\/?s={search_term_string}\"},\"query-input\":{\"@type\":\"PropertyValueSpecification\",\"valueRequired\":true,\"valueName\":\"search_term_string\"}}],\"inLanguage\":\"fr-FR\"},{\"@type\":\"Organization\",\"@id\":\"https:\/\/cpata-cabamc.ca\/fr\/#organization\",\"name\":\"CABAMC\",\"url\":\"https:\/\/cpata-cabamc.ca\/fr\/\",\"logo\":{\"@type\":\"ImageObject\",\"inLanguage\":\"fr-FR\",\"@id\":\"https:\/\/cpata-cabamc.ca\/fr\/#\/schema\/logo\/image\/\",\"url\":\"https:\/\/cpata-cabamc.ca\/wp-content\/uploads\/2021\/02\/Logo-Light-RGB.svg\",\"contentUrl\":\"https:\/\/cpata-cabamc.ca\/wp-content\/uploads\/2021\/02\/Logo-Light-RGB.svg\",\"caption\":\"CABAMC\"},\"image\":{\"@id\":\"https:\/\/cpata-cabamc.ca\/fr\/#\/schema\/logo\/image\/\"}}]}<\/script>\n<!-- \/ Yoast SEO plugin. -->","yoast_head_json":{"title":"Apr\u00e8s la fin de la formation et les examens - CABAMC","robots":{"index":"index","follow":"follow","max-snippet":"max-snippet:-1","max-image-preview":"max-image-preview:large","max-video-preview":"max-video-preview:-1"},"canonical":"https:\/\/cpata-cabamc.ca\/fr\/devenir-un-agent\/apres-la-fin-de-la-formation\/","og_locale":"fr_FR","og_type":"article","og_title":"Apr\u00e8s la fin de la formation et les examens - CABAMC","og_description":"Un certain nombre d\u2019agent(e)s qui terminent leur p\u00e9riode de formation de 24\u00a0mois ne r\u00e9ussiront pas","og_url":"https:\/\/cpata-cabamc.ca\/fr\/devenir-un-agent\/apres-la-fin-de-la-formation\/","og_site_name":"CABAMC","article_modified_time":"2024-05-03T15:33:02+00:00","twitter_card":"summary_large_image","twitter_misc":{"Dur\u00e9e de lecture estim\u00e9e":"2 minutes"},"schema":{"@context":"https:\/\/schema.org","@graph":[{"@type":"WebPage","@id":"https:\/\/cpata-cabamc.ca\/fr\/devenir-un-agent\/apres-la-fin-de-la-formation\/","url":"https:\/\/cpata-cabamc.ca\/fr\/devenir-un-agent\/apres-la-fin-de-la-formation\/","name":"Apr\u00e8s la fin de la formation et les examens - CABAMC","isPartOf":{"@id":"https:\/\/cpata-cabamc.ca\/fr\/#website"},"datePublished":"2022-07-27T14:59:10+00:00","dateModified":"2024-05-03T15:33:02+00:00","breadcrumb":{"@id":"https:\/\/cpata-cabamc.ca\/fr\/devenir-un-agent\/apres-la-fin-de-la-formation\/#breadcrumb"},"inLanguage":"fr-FR","potentialAction":[{"@type":"ReadAction","target":["https:\/\/cpata-cabamc.ca\/fr\/devenir-un-agent\/apres-la-fin-de-la-formation\/"]}]},{"@type":"BreadcrumbList","@id":"https:\/\/cpata-cabamc.ca\/fr\/devenir-un-agent\/apres-la-fin-de-la-formation\/#breadcrumb","itemListElement":[{"@type":"ListItem","position":1,"name":"Accueil","item":"https:\/\/cpata-cabamc.ca\/fr\/"},{"@type":"ListItem","position":2,"name":"Devenir un agent","item":"https:\/\/cpata-cabamc.ca\/fr\/become-an-agent\/"},{"@type":"ListItem","position":3,"name":"Apr\u00e8s la fin de la formation et les examens"}]},{"@type":"WebSite","@id":"https:\/\/cpata-cabamc.ca\/fr\/#website","url":"https:\/\/cpata-cabamc.ca\/fr\/","name":"CABAMC","description":"CABAMC","publisher":{"@id":"https:\/\/cpata-cabamc.ca\/fr\/#organization"},"potentialAction":[{"@type":"SearchAction","target":{"@type":"EntryPoint","urlTemplate":"https:\/\/cpata-cabamc.ca\/fr\/?s={search_term_string}"},"query-input":{"@type":"PropertyValueSpecification","valueRequired":true,"valueName":"search_term_string"}}],"inLanguage":"fr-FR"},{"@type":"Organization","@id":"https:\/\/cpata-cabamc.ca\/fr\/#organization","name":"CABAMC","url":"https:\/\/cpata-cabamc.ca\/fr\/","logo":{"@type":"ImageObject","inLanguage":"fr-FR","@id":"https:\/\/cpata-cabamc.ca\/fr\/#\/schema\/logo\/image\/","url":"https:\/\/cpata-cabamc.ca\/wp-content\/uploads\/2021\/02\/Logo-Light-RGB.svg","contentUrl":"https:\/\/cpata-cabamc.ca\/wp-content\/uploads\/2021\/02\/Logo-Light-RGB.svg","caption":"CABAMC"},"image":{"@id":"https:\/\/cpata-cabamc.ca\/fr\/#\/schema\/logo\/image\/"}}]}},"_links":{"self":[{"href":"https:\/\/cpata-cabamc.ca\/fr\/wp-json\/wp\/v2\/pages\/10178","targetHints":{"allow":["GET"]}}],"collection":[{"href":"https:\/\/cpata-cabamc.ca\/fr\/wp-json\/wp\/v2\/pages"}],"about":[{"href":"https:\/\/cpata-cabamc.ca\/fr\/wp-json\/wp\/v2\/types\/page"}],"author":[{"embeddable":true,"href":"https:\/\/cpata-cabamc.ca\/fr\/wp-json\/wp\/v2\/users\/6"}],"replies":[{"embeddable":true,"href":"https:\/\/cpata-cabamc.ca\/fr\/wp-json\/wp\/v2\/comments?post=10178"}],"version-history":[{"count":0,"href":"https:\/\/cpata-cabamc.ca\/fr\/wp-json\/wp\/v2\/pages\/10178\/revisions"}],"up":[{"embeddable":true,"href":"https:\/\/cpata-cabamc.ca\/fr\/wp-json\/wp\/v2\/pages\/5881"}],"wp:attachment":[{"href":"https:\/\/cpata-cabamc.ca\/fr\/wp-json\/wp\/v2\/media?parent=10178"}],"wp:term":[{"taxonomy":"folder","embeddable":true,"href":"https:\/\/cpata-cabamc.ca\/fr\/wp-json\/wp\/v2\/folder?post=10178"}],"curies":[{"name":"wp","href":"https:\/\/api.w.org\/{rel}","templated":true}]}}