{"id":17439,"date":"2024-01-29T18:42:33","date_gmt":"2024-01-29T18:42:33","guid":{"rendered":"https:\/\/cpata-cabamc.ca\/?page_id=17439"},"modified":"2024-02-13T17:21:46","modified_gmt":"2024-02-13T17:21:46","slug":"public-register","status":"publish","type":"page","link":"https:\/\/cpata-cabamc.ca\/en\/public-register\/","title":{"rendered":"Public Register"},"content":{"rendered":"\t\t<div data-elementor-type=\"wp-page\" data-elementor-id=\"17439\" class=\"elementor elementor-17439\" data-elementor-post-type=\"page\">\n\t\t\t\t\t\t<section class=\"elementor-section elementor-top-section elementor-element elementor-element-4e43780 elementor-section-boxed elementor-section-height-default elementor-section-height-default\" data-id=\"4e43780\" data-element_type=\"section\" data-e-type=\"section\">\n\t\t\t\t\t\t<div class=\"elementor-container elementor-column-gap-default\">\n\t\t\t\t\t<div class=\"elementor-column elementor-col-100 elementor-top-column elementor-element elementor-element-b3fd5cc\" data-id=\"b3fd5cc\" data-element_type=\"column\" data-e-type=\"column\">\n\t\t\t<div class=\"elementor-widget-wrap elementor-element-populated\">\n\t\t\t\t\t\t<div class=\"elementor-element elementor-element-7551b23 elementor-widget elementor-widget-heading\" data-id=\"7551b23\" data-element_type=\"widget\" data-e-type=\"widget\" data-widget_type=\"heading.default\">\n\t\t\t\t<div class=\"elementor-widget-container\">\n\t\t\t\t\t<h2 class=\"elementor-heading-title elementor-size-default\">Public Register<\/h2>\t\t\t\t<\/div>\n\t\t\t\t<\/div>\n\t\t\t\t<div class=\"elementor-element elementor-element-e226269 elementor-widget elementor-widget-text-editor\" data-id=\"e226269\" data-element_type=\"widget\" data-e-type=\"widget\" data-widget_type=\"text-editor.default\">\n\t\t\t\t<div class=\"elementor-widget-container\">\n\t\t\t\t\t\t\t\t\t<p>CPATA has migrated to an improved system.<br \/><a href=\"https:\/\/registre-public-register.cpata-cabamc.ca\/?language=en_CA\">Public Register<\/a>.<br \/>For any questions, please <a href=\"https:\/\/cpata-cabamc.ca\/en\/communicate-with-us\/contact-us\/\" target=\"_blank\" rel=\"noopener\">contact us<\/a>.<\/p><p>Le CABAMC a transitionn\u00e9 vers un syst\u00e8me am\u00e9lior\u00e9.<br \/><a href=\"https:\/\/registre-public-register.cpata-cabamc.ca\/?language=fr_FR\" target=\"_blank\" rel=\"noopener\">Registre public<\/a><br \/>Pour des questions, veuillez <a href=\"https:\/\/cpata-cabamc.ca\/fr\/communiquez-avec-nous\/contactez-le-cabamc\/\">nous contacter<\/a>.<\/p>\t\t\t\t\t\t\t\t<\/div>\n\t\t\t\t<\/div>\n\t\t\t\t\t<\/div>\n\t\t<\/div>\n\t\t\t\t\t<\/div>\n\t\t<\/section>\n\t\t\t\t<\/div>\n\t\t","protected":false},"excerpt":{"rendered":"<p>Public Register CPATA has migrated to an improved system.Public Register.For any questions, please contact us.<\/p>\n","protected":false},"author":10,"featured_media":0,"parent":0,"menu_order":0,"comment_status":"closed","ping_status":"closed","template":"elementor_header_footer","meta":{"_acf_changed":false,"_monsterinsights_skip_tracking":false,"_monsterinsights_sitenote_active":false,"_monsterinsights_sitenote_note":"","_monsterinsights_sitenote_category":0,"site-sidebar-layout":"no-sidebar","site-content-layout":"page-builder","ast-site-content-layout":"default","site-content-style":"default","site-sidebar-style":"default","ast-global-header-display":"","ast-banner-title-visibility":"","ast-main-header-display":"","ast-hfb-above-header-display":"","ast-hfb-below-header-display":"","ast-hfb-mobile-header-display":"","site-post-title":"disabled","ast-breadcrumbs-content":"","ast-featured-img":"disabled","footer-sml-layout":"","theme-transparent-header-meta":"default","adv-header-id-meta":"","stick-header-meta":"","header-above-stick-meta":"","header-main-stick-meta":"","header-below-stick-meta":"","astra-migrate-meta-layouts":"set","ast-page-background-enabled":"default","ast-page-background-meta":{"desktop":{"background-color":"","background-image":"","background-repeat":"repeat","background-position":"center center","background-size":"auto","background-attachment":"scroll","background-type":"","background-media":"","overlay-type":"","overlay-color":"","overlay-opacity":"","overlay-gradient":""},"tablet":{"background-color":"","background-image":"","background-repeat":"repeat","background-position":"center center","background-size":"auto","background-attachment":"scroll","background-type":"","background-media":"","overlay-type":"","overlay-color":"","overlay-opacity":"","overlay-gradient":""},"mobile":{"background-color":"","background-image":"","background-repeat":"repeat","background-position":"center center","background-size":"auto","background-attachment":"scroll","background-type":"","background-media":"","overlay-type":"","overlay-color":"","overlay-opacity":"","overlay-gradient":""}},"ast-content-background-meta":{"desktop":{"background-color":"var(--ast-global-color-5)","background-image":"","background-repeat":"repeat","background-position":"center center","background-size":"auto","background-attachment":"scroll","background-type":"","background-media":"","overlay-type":"","overlay-color":"","overlay-opacity":"","overlay-gradient":""},"tablet":{"background-color":"var(--ast-global-color-5)","background-image":"","background-repeat":"repeat","background-position":"center center","background-size":"auto","background-attachment":"scroll","background-type":"","background-media":"","overlay-type":"","overlay-color":"","overlay-opacity":"","overlay-gradient":""},"mobile":{"background-color":"var(--ast-global-color-5)","background-image":"","background-repeat":"repeat","background-position":"center center","background-size":"auto","background-attachment":"scroll","background-type":"","background-media":"","overlay-type":"","overlay-color":"","overlay-opacity":"","overlay-gradient":""}},"footnotes":""},"folder":[],"class_list":["post-17439","page","type-page","status-publish","hentry"],"acf":[],"yoast_head":"<!-- This site is optimized with the Yoast SEO plugin v27.2 - https:\/\/yoast.com\/product\/yoast-seo-wordpress\/ -->\n<title>Public Register - CPATA<\/title>\n<meta name=\"robots\" content=\"index, follow, max-snippet:-1, max-image-preview:large, max-video-preview:-1\" \/>\n<link rel=\"canonical\" href=\"https:\/\/cpata-cabamc.ca\/en\/public-register\/\" \/>\n<meta property=\"og:locale\" content=\"en_US\" \/>\n<meta property=\"og:type\" content=\"article\" \/>\n<meta property=\"og:title\" content=\"Public Register - CPATA\" \/>\n<meta property=\"og:description\" content=\"Public Register CPATA has migrated to an improved system.Public Register.For any questions, please contact us.\" \/>\n<meta property=\"og:url\" content=\"https:\/\/cpata-cabamc.ca\/en\/public-register\/\" \/>\n<meta property=\"og:site_name\" content=\"CPATA\" \/>\n<meta property=\"article:modified_time\" content=\"2024-02-13T17:21:46+00:00\" \/>\n<meta name=\"twitter:card\" content=\"summary_large_image\" \/>\n<meta name=\"twitter:label1\" content=\"Est. reading time\" \/>\n\t<meta name=\"twitter:data1\" content=\"1 minute\" \/>\n<script type=\"application\/ld+json\" class=\"yoast-schema-graph\">{\"@context\":\"https:\/\/schema.org\",\"@graph\":[{\"@type\":\"WebPage\",\"@id\":\"https:\/\/cpata-cabamc.ca\/en\/public-register\/\",\"url\":\"https:\/\/cpata-cabamc.ca\/en\/public-register\/\",\"name\":\"Public Register - CPATA\",\"isPartOf\":{\"@id\":\"https:\/\/cpata-cabamc.ca\/en\/#website\"},\"datePublished\":\"2024-01-29T18:42:33+00:00\",\"dateModified\":\"2024-02-13T17:21:46+00:00\",\"breadcrumb\":{\"@id\":\"https:\/\/cpata-cabamc.ca\/en\/public-register\/#breadcrumb\"},\"inLanguage\":\"en-US\",\"potentialAction\":[{\"@type\":\"ReadAction\",\"target\":[\"https:\/\/cpata-cabamc.ca\/en\/public-register\/\"]}]},{\"@type\":\"BreadcrumbList\",\"@id\":\"https:\/\/cpata-cabamc.ca\/en\/public-register\/#breadcrumb\",\"itemListElement\":[{\"@type\":\"ListItem\",\"position\":1,\"name\":\"Home\",\"item\":\"https:\/\/cpata-cabamc.ca\/en\/\"},{\"@type\":\"ListItem\",\"position\":2,\"name\":\"Public Register\"}]},{\"@type\":\"WebSite\",\"@id\":\"https:\/\/cpata-cabamc.ca\/en\/#website\",\"url\":\"https:\/\/cpata-cabamc.ca\/en\/\",\"name\":\"CPATA\",\"description\":\"CPATA\",\"publisher\":{\"@id\":\"https:\/\/cpata-cabamc.ca\/en\/#organization\"},\"potentialAction\":[{\"@type\":\"SearchAction\",\"target\":{\"@type\":\"EntryPoint\",\"urlTemplate\":\"https:\/\/cpata-cabamc.ca\/en\/?s={search_term_string}\"},\"query-input\":{\"@type\":\"PropertyValueSpecification\",\"valueRequired\":true,\"valueName\":\"search_term_string\"}}],\"inLanguage\":\"en-US\"},{\"@type\":\"Organization\",\"@id\":\"https:\/\/cpata-cabamc.ca\/en\/#organization\",\"name\":\"CPATA\",\"url\":\"https:\/\/cpata-cabamc.ca\/en\/\",\"logo\":{\"@type\":\"ImageObject\",\"inLanguage\":\"en-US\",\"@id\":\"https:\/\/cpata-cabamc.ca\/en\/#\/schema\/logo\/image\/\",\"url\":\"https:\/\/cpata-cabamc.ca\/wp-content\/uploads\/2021\/02\/Logo-Light-RGB.svg\",\"contentUrl\":\"https:\/\/cpata-cabamc.ca\/wp-content\/uploads\/2021\/02\/Logo-Light-RGB.svg\",\"width\":561,\"height\":112,\"caption\":\"CPATA\"},\"image\":{\"@id\":\"https:\/\/cpata-cabamc.ca\/en\/#\/schema\/logo\/image\/\"}}]}<\/script>\n<!-- \/ Yoast SEO plugin. -->","yoast_head_json":{"title":"Public Register - CPATA","robots":{"index":"index","follow":"follow","max-snippet":"max-snippet:-1","max-image-preview":"max-image-preview:large","max-video-preview":"max-video-preview:-1"},"canonical":"https:\/\/cpata-cabamc.ca\/en\/public-register\/","og_locale":"en_US","og_type":"article","og_title":"Public Register - CPATA","og_description":"Public Register CPATA has migrated to an improved system.Public Register.For any questions, please contact us.","og_url":"https:\/\/cpata-cabamc.ca\/en\/public-register\/","og_site_name":"CPATA","article_modified_time":"2024-02-13T17:21:46+00:00","twitter_card":"summary_large_image","twitter_misc":{"Est. reading time":"1 minute"},"schema":{"@context":"https:\/\/schema.org","@graph":[{"@type":"WebPage","@id":"https:\/\/cpata-cabamc.ca\/en\/public-register\/","url":"https:\/\/cpata-cabamc.ca\/en\/public-register\/","name":"Public Register - CPATA","isPartOf":{"@id":"https:\/\/cpata-cabamc.ca\/en\/#website"},"datePublished":"2024-01-29T18:42:33+00:00","dateModified":"2024-02-13T17:21:46+00:00","breadcrumb":{"@id":"https:\/\/cpata-cabamc.ca\/en\/public-register\/#breadcrumb"},"inLanguage":"en-US","potentialAction":[{"@type":"ReadAction","target":["https:\/\/cpata-cabamc.ca\/en\/public-register\/"]}]},{"@type":"BreadcrumbList","@id":"https:\/\/cpata-cabamc.ca\/en\/public-register\/#breadcrumb","itemListElement":[{"@type":"ListItem","position":1,"name":"Home","item":"https:\/\/cpata-cabamc.ca\/en\/"},{"@type":"ListItem","position":2,"name":"Public Register"}]},{"@type":"WebSite","@id":"https:\/\/cpata-cabamc.ca\/en\/#website","url":"https:\/\/cpata-cabamc.ca\/en\/","name":"CPATA","description":"CPATA","publisher":{"@id":"https:\/\/cpata-cabamc.ca\/en\/#organization"},"potentialAction":[{"@type":"SearchAction","target":{"@type":"EntryPoint","urlTemplate":"https:\/\/cpata-cabamc.ca\/en\/?s={search_term_string}"},"query-input":{"@type":"PropertyValueSpecification","valueRequired":true,"valueName":"search_term_string"}}],"inLanguage":"en-US"},{"@type":"Organization","@id":"https:\/\/cpata-cabamc.ca\/en\/#organization","name":"CPATA","url":"https:\/\/cpata-cabamc.ca\/en\/","logo":{"@type":"ImageObject","inLanguage":"en-US","@id":"https:\/\/cpata-cabamc.ca\/en\/#\/schema\/logo\/image\/","url":"https:\/\/cpata-cabamc.ca\/wp-content\/uploads\/2021\/02\/Logo-Light-RGB.svg","contentUrl":"https:\/\/cpata-cabamc.ca\/wp-content\/uploads\/2021\/02\/Logo-Light-RGB.svg","width":561,"height":112,"caption":"CPATA"},"image":{"@id":"https:\/\/cpata-cabamc.ca\/en\/#\/schema\/logo\/image\/"}}]}},"_links":{"self":[{"href":"https:\/\/cpata-cabamc.ca\/en\/wp-json\/wp\/v2\/pages\/17439","targetHints":{"allow":["GET"]}}],"collection":[{"href":"https:\/\/cpata-cabamc.ca\/en\/wp-json\/wp\/v2\/pages"}],"about":[{"href":"https:\/\/cpata-cabamc.ca\/en\/wp-json\/wp\/v2\/types\/page"}],"author":[{"embeddable":true,"href":"https:\/\/cpata-cabamc.ca\/en\/wp-json\/wp\/v2\/users\/10"}],"replies":[{"embeddable":true,"href":"https:\/\/cpata-cabamc.ca\/en\/wp-json\/wp\/v2\/comments?post=17439"}],"version-history":[{"count":16,"href":"https:\/\/cpata-cabamc.ca\/en\/wp-json\/wp\/v2\/pages\/17439\/revisions"}],"predecessor-version":[{"id":17901,"href":"https:\/\/cpata-cabamc.ca\/en\/wp-json\/wp\/v2\/pages\/17439\/revisions\/17901"}],"wp:attachment":[{"href":"https:\/\/cpata-cabamc.ca\/en\/wp-json\/wp\/v2\/media?parent=17439"}],"wp:term":[{"taxonomy":"folder","embeddable":true,"href":"https:\/\/cpata-cabamc.ca\/en\/wp-json\/wp\/v2\/folder?post=17439"}],"curies":[{"name":"wp","href":"https:\/\/api.w.org\/{rel}","templated":true}]}}